{"id":15893,"date":"2018-11-29T12:24:25","date_gmt":"2018-11-29T12:24:25","guid":{"rendered":"https:\/\/fullcertificate.com\/aviso-legal-2\/"},"modified":"2019-11-15T13:08:29","modified_gmt":"2019-11-15T13:08:29","slug":"rechtliche-hinweise","status":"publish","type":"page","link":"https:\/\/www.fullcertificate.com\/de\/rechtliche-hinweise\/","title":{"rendered":"Aviso legal"},"content":{"rendered":"<h1>RECHTLICHER HINWEIS &#8211; BEDINGUNGEN<\/h1>\n<p><strong>I.- GEGENSTAND DES SERVICE<\/strong><\/p>\n<p>ZERTIFIZIERTE WARNHINWEISE es ist ein <span style=\"color: #3366ff;\">ELEKTRONISCHER VERTRAUENSDIENSTLEISTER<\/span>. Ihr Webportal <a href=\"http:\/\/fullcertificate.com\/\">fullcertificate.com<\/a> ist ein Online-Portal f\u00fcr elektronische Zertifizierungsdienste, dessen Hauptzweck und Hauptzweck es ist, ein breites Spektrum an zertifizierten Diensten anzubieten, z. B. rechtlich g\u00fcltige Kommunikation zwischen BENUTZERN und \/ oder UNTERNEHMEN \u00fcber <em>Burofax Online, eMail-Zertifikat, zertifizierte SMS und Fax Zertifikat.<\/em><\/p>\n<p>Neben anderen elektronischen Zertifizierungsdiensten wie: E-Government-Zertifikat, Zertifiziertes elektronisches W\u00e4hlen, Zertifizierte Videoaufzeichnung,\u00a0<em>Zertifikate f\u00fcr Online-Vertr\u00e4ge,<\/em> <em>Zertifizierte Anrufe, Zertifizierte Online-Signatur, Zertifizierte Vertr\u00e4ge, SEPA, Zertifizierte Rechnungen, Zertifizierte Dokumente, Zertifizierte Ideen, Online-Wiederherstellung von Zertifikaten usw.<\/em><\/p>\n<p><strong>II.- IDENTIFIZIERUNG<\/strong><\/p>\n<p>ZERTIFIZIERTE WARNUNGEN ist ein Dienst, der von DIGITAL CHANNELS SL, nachstehend ZERTIFIZIERTE WARNUNGEN, mit der Steuernummer ES87336178 und Adresse Boix y Morer, 6. Planta 9. 28003. Madrid, mit Telefonnummer: +34 91 005 26 59 vertreten wird .<\/p>\n<p><strong>III.- REGISTRIERTE BENUTZER UND FIRMEN IM PORTAL<\/strong><\/p>\n<p>Alle NUTZER des Portals sind verpflichtet, ihre personenbezogenen Daten und im Fall von Unternehmen die Daten der GESELLSCHAFT und der Person, die sie vertritt, zu registrieren. Diese Daten m\u00fcssen absolut zuverl\u00e4ssig eingegeben werden. Die elektronische Post und das Mobiltelefon sind grundlegende Daten f\u00fcr die Erbringung des Dienstes und f\u00fcr den Zugang und den korrekten Betrieb der Plattform unerl\u00e4sslich.<\/p>\n<p>Die Registrierung ist kostenlos. Bei einer Registrierung \u00fcber pers\u00f6nliche Konten wie Google Mail oder Facebook ist dies ein schneller Zugriff. Innerhalb des Systems muss DER BENUTZER die E-Mail-Adresse \u00fcberpr\u00fcfen, die das System an Ihre E-Mail sendet. Sp\u00e4ter im n\u00e4chsten Eintrag des Portals m\u00fcssen Sie alle Ihre Daten korrekt ausf\u00fcllen. Es ist wichtig und wichtig, dass Sie sich registrieren, indem Sie echte und wahrheitsgem\u00e4\u00dfe Daten angeben, da diese Teil der Registrierung und der ausgestellten Zertifikate sind.<\/p>\n<p>DER NUTZER ist f\u00fcr die Inhalte und deren Kommunikation allein verantwortlich. Die Nutzung des Portals muss korrekt, wahrheitsgem\u00e4\u00df, gewissenhaft und rechtm\u00e4\u00dfig sein und verpflichtet sich insbesondere, Folgendes zu unterlassen:<\/p>\n<p>&nbsp;<\/p>\n<ul>\n<li>Verwenden Sie die Dienste zu Zwecken, die den geltenden Gesetzen und Bestimmungen nicht entsprechen<\/li>\n<li>Um auf Daten von anderen Benutzern zuzugreifen oder zu versuchen<\/li>\n<li>Erfassen oder Aufzeichnen von Kontaktinformationen des Portals, um auf beliebige Weise Werbe- oder Handelsinformationen zu senden sowie um diese Daten zu kommerzialisieren.<\/li>\n<li>Um Computerviren in das System einzuf\u00fchren oder Aktionen auszuf\u00fchren, die die bereitgestellten Dienste besch\u00e4digen, stornieren oder blockieren k\u00f6nnten<\/li>\n<li>Ohne Genehmigung zu kopieren oder gegen geistige oder gewerbliche Schutzrechte zu versto\u00dfen. Um die Inhalte und Bilder des Portals zu kopieren und \/ oder zu ver\u00f6ffentlichen<\/li>\n<li>Die Identit\u00e4t anderer Benutzer oder FIRMEN oder Organisationen zu ersetzen<\/li>\n<\/ul>\n<p>&nbsp;<\/p>\n<p>DER BENUTZER kennt und ist f\u00fcr die m\u00f6glichen Auswirkungen des Sendens und der Kommunikation verantwortlich, wobei dieselben personenbezogenen Daten durch die LOPD gesch\u00fctzt werden. In diesen F\u00e4llen befreit DER BENUTZER jegliche Verantwortung und m\u00f6gliche rechtliche Auswirkungen, die ZERTIFIZIERTE WARNHINWEISE beeinflussen k\u00f6nnten.<\/p>\n<p>Mit dem Versand von Burofaxes hat CERTIFIED WARNINGS Versandformulare mit &#8220;speziellen Auswahloptionen&#8221; erstellt, die bei der Kommunikation mit personenbezogenen Daten immer aktiviert werden m\u00fcssen. Diese Aktivierungsoptionen lauten wie folgt: &#8220;Spezieller Schutzumschlag von Daten &#8220;und&#8221; Inhaltsbest\u00e4tigung ohne pers\u00f6nliche Daten &#8220;. Die Lieferzeiten sind in den verschiedenen Formen von Burofax Service angegeben und k\u00f6nnen je nach Logistikunternehmen, mit dem Sie arbeiten, variieren. Sie sind immer unverbindliche Lieferzeiten, an Werktagen von Montag bis Freitag, ohne Feiertage und Wochenenden zu z\u00e4hlen. Die Lieferungen von Burofaxes erfolgen zu den von den Kurierunternehmen angegebenen Arbeitszeiten. Es ist nicht zul\u00e4ssig, bestimmte Lieferzeiten festzulegen, wenn Sie bevorzugte Lieferzeiten als unverbindlichen Sonderwunsch vorschlagen k\u00f6nnen.<\/p>\n<p>Falls samstags ein Lieferservice besteht, wird dies im System selbst angegeben.<\/p>\n<p>Bei der fortgeschrittenen Datenverarbeitung mit Integration \u00fcber WEB SERVICES oder \u00e4hnliche Prozesse mit externen Datenbanken von Kunden oder Benutzern ist die GESELLSCHAFT allein f\u00fcr die Daten, deren Kommunikation, deren Qualit\u00e4t und Zuverl\u00e4ssigkeit verantwortlich.<\/p>\n<p>Die Registrierung von Zertifizierungsmitteilungen im Portal setzt die vollst\u00e4ndige, umfassende und ausdr\u00fcckliche Genehmigung f\u00fcr den Empfang von Serviceanrufen sowie elektronische Informationen und \/ oder Werbemitteilungen des Dienstes wie eMails, SMS und Fax voraus. Die Parteien erkl\u00e4ren sich ebenfalls damit einverstanden, ZERTIFIZIERTE WARNHINWEISE zu genehmigen und in F\u00e4llen, in denen ein Register von Unternehmen und \/ oder Organisationen vorhanden ist, auf die in ihrem Kunden- und Referenzbereich verwiesen werden kann.<\/p>\n<p><strong>IV.- HAFTUNGSAUSSCHLUSS<\/strong><\/p>\n<p>ZERTIFIZIERTE WARNHINWEISE gem\u00e4\u00df geltender Gesetzgebung und da TRUST ELECTRONIC SERVICE PROVIDER seinen Online-Zertifizierungsdienst f\u00fcr elektronische Dienste entwickelt hat, haften sie in keinem Fall f\u00fcr die m\u00f6glichen rechtlichen Auswirkungen, die zu Freigaben, Vertr\u00e4gen und Diensten f\u00fchren k\u00f6nnen, die von THE USER verwendet werden durch das Portal.<\/p>\n<p>Ebenso bietet das Portal CERTIFIED WARNINGS Online-Services mit 24-Stunden-Verf\u00fcgbarkeit, die nicht garantiert werden k\u00f6nnen. Die Dienste und das Portal k\u00f6nnen aus verschiedenen Gr\u00fcnden zeitlich und zeitlich begrenzt oder aus wichtigen Gr\u00fcnden insgesamt unterbrochen werden. Zu diesem Zweck und gegebenenfalls wird es auf der Zugangsseite zum System angezeigt und \/ oder auf andere Weise mitgeteilt. Bei den Diensten des Typs &#8220;Burofax Online&#8221; sind die im Portal angegebenen Lieferzeiten unverbindliche Angaben.<\/p>\n<p>ZERTIFIZIERTE WARNHINWEISE \u00fcbernehmen keine Verantwortung f\u00fcr den Fall, dass bei der Lieferung der physischen Dokumentation Fehler auftreten, wenn diese Lieferung mit anderen Mitteln als mit elektronischen Mitteln \u00fcberpr\u00fcft werden muss. ZERTIFIZIERTE HINWEISE werden bei Vorf\u00e4llen jeglicher Art gegebenenfalls alle Kontaktdaten des f\u00fcr diesen Zweck bestimmten Logistikunternehmens zur Verf\u00fcgung gestellt. Sie wird in den Burofaxes, deren Empf\u00e4nger und \/ oder andere Personen zu Hause (siehe Zustelloptionen) nicht anwesend sind, negativ verifizieren, sich weigern, die Dokumentation aus irgendeinem Grund abzuholen, oder sie an eine andere Adresse senden. Fahren Sie auf \u00e4hnliche Weise fort, wenn die im System registrierte Adresse falsch ist oder wenn der Benutzer die Dokumentation abholt, die von ihm angegebenen Daten jedoch nicht eindeutig, ausreichend und \/ oder genau sind. Ebenso und je nach Fall beh\u00e4lt sich CERTIFIED WARNINGS die M\u00f6glichkeit vor, die Sendung zu stornieren, indem die Kosten der Lieferung und die darauf folgende Gutschrift auf dem Konto des Kunden erstattet werden.<\/p>\n<p>Die Parteien sind sich einig, dass im Falle eines Fehlers, der auf ZERTIFIZIERTE WARNHINWEISE zur\u00fcckzuf\u00fchren ist, die Kosten des Dienstes auf den innerhalb des Systems verf\u00fcgbaren Saldo zur\u00fcckerstattet werden. Im Falle von dringenden Burofaxes des Typs &#8220;gleicher Tag&#8221; oder &#8220;n\u00e4chster Tag&#8221; hat der Kurierdienst Anspruch auf Erstattung des Preisunterschieds zwischen den beiden Typen von Dienstleistungen. Dar\u00fcber hinaus haben Sie das Recht, die Stornierung der erbrachten Dienstleistung zu verlangen, und die Erstattung enth\u00e4lt den Betrag des Guthabens in den Kontostand des Kunden. Au\u00dferdem wird davon ausgegangen, dass das ausgestellte Zertifikat auch storniert wurde, wenn es ausgestellt wurde .<\/p>\n<p>CERTIFIED WARNINGS und THE USER stimmen in jedem Fall darin \u00fcberein, dass der H\u00f6chstbetrag, f\u00fcr den CERTIFIED WARNINGS angenommen werden kann, falls m\u00f6gliche rechtliche Auswirkungen auf einen USER-Anspruch bestehen, auf den wirtschaftlichen Wert der erbrachten Dienstleistung begrenzt ist.<\/p>\n<p><strong>V.- SCHUTZ VON PERS\u00d6NLICHEN DATEN UND GARANTIE DER VERTRAULICHKEIT VON IHNEN<\/strong><\/p>\n<p>In \u00dcbereinstimmung mit den Bestimmungen des Organgesetzes 15\/1999 vom 13. Dezember, dem Schutz personenbezogener Daten sowie der Allgemeinen Datenschutzverordnung (RGPD) &#8211; Verordnung (EU) 2016\/679 des Europ\u00e4ischen Parlaments und des Rates &#8211; die die geltenden Bestimmungen ersetzen wird und am 25. Mai 2018 in Kraft treten wird. Der NUTZER kann jederzeit das Recht auf Zugang, Berichtigung, L\u00f6schung und Widerspruch aus\u00fcben und CERTIFIED WARNINGS mit einem der ihm zur Verf\u00fcgung gestellten Mittel mitteilen. Anordnung und Gew\u00e4hrung der in den geltenden Bestimmungen angegebenen maximalen Zeit, um mit der genannten Berichtigung, L\u00f6schung oder Aufl\u00f6sung fortzufahren. ZERTIFIZIERTE HINWEISE garantieren die Vertraulichkeit der personenbezogenen Daten des BENUTZERS.<\/p>\n<p><strong>\u00a0VI.- ANNAHME DER INFORMATIONEN, DIENSTE UND BEDINGUNGEN DES ZERTIFIZIERTEN WARNPORTS<\/strong><\/p>\n<p>Dem NUTZER ist bekannt, dass die Informationen und diese rechtlichen Hinweise, die in dem Portal ZERTIFIZIERTE WARNUNGEN in Bezug auf seine Dienstleistungen und allgemeinen Vertragsbedingungen enthalten sind, ohne Einschr\u00e4nkungen in vollem Umfang akzeptiert werden. Der Benutzer erteilt seine Zustimmung und Zustimmung zu CERTIFIED WARNINGS in dem Moment, in dem der Benutzer seine Registrierung abschlie\u00dft.<\/p>\n<p>ZERTIFIZIERTE WARNUNGEN beh\u00e4lt sich das Recht vor, &#8220;den Zugriff abzubrechen oder abzubrechen&#8221;, &#8220;den Dienst zuzulassen oder zu verweigern&#8221; und die Funktionalit\u00e4t des Portals einzuschr\u00e4nken oder zu erweitern. Der Saldo Ihrer Eink\u00e4ufe abz\u00fcglich Ihres Verbrauchs ist immer auf dem USER-Konto verf\u00fcgbar. Dieses Guthaben kann nur im Falle einer Sperrung des Zugangs oder einer Dienstverweigerung zur\u00fcckgegeben werden.<\/p>\n<p>Jeder Benutzer kann die K\u00fcndigung des Dienstes CERTIFIED WARNINGS beantragen, was bedeutet, dass seine pers\u00f6nlichen und \/ oder Firmendaten, ausgestellten Zertifikate, Rechnungen und sonstigen Daten oder Systemdokumente gesperrt und storniert werden. Der Benutzer kann das Portal nicht erneut aufrufen. Die ausgestellten Zertifikate werden durch ZERTIFIZIERTE WARNHINWEISE w\u00e4hrend des aktuellen Zeitraums jederzeit gesetzlich gesch\u00fctzt. Falls zum Zeitpunkt der Auszahlung ein verf\u00fcgbares Guthaben vorhanden ist, wird das Guthaben storniert, der Kunde verliert das Recht auf eine sp\u00e4tere Nutzung und kann ab dem Zeitpunkt des R\u00fccktrittsantrags zuk\u00fcnftig nicht mehr beansprucht werden. Um den Widerruf den ZERTIFIZIERTEN WARNUNGEN mitzuteilen, muss dies vom BENUTZER in zuverl\u00e4ssiger und zertifizierter Form schriftlich an ZERTIFIZIERTE WARNUNGEN erfolgen.<\/p>\n<p><strong>VIII. VERANTWORTUNG IN BEZUG AUF PERS\u00d6NLICHE DATEN, INFORMATIONEN ZU DEN BEDINGUNGEN UND MODALIT\u00c4TEN DER AUS\u00dcBUNG DES RECHTSRICHTES.<\/strong><\/p>\n<p>Gem\u00e4\u00df den Bestimmungen des Organgesetzes 15\/99 vom 13. Dezember, Schutz personenbezogener Daten (LOPD), kann der NUTZER Informationen \u00fcber seine personenbezogenen Daten anfordern, die in den Dateien enthalten sind, deren ZERTIFIZIERTE WARNHINWEISE auf schriftlichen Antrag und anschlie\u00dfende physische \u00dcberpr\u00fcfung am Sitz des Unternehmens verantwortlich sein.<\/p>\n<p>ZERTIFIZIERTE HINWEISE sind f\u00fcr die Datei, die pers\u00f6nliche Daten ihrer BENUTZER enth\u00e4lt, und deren Vertraulichkeit gem\u00e4\u00df der LOPD und der LSSI verantwortlich.<\/p>\n<p><strong>IX.- KAUF VON BALANCE UND PREISEN<\/strong><\/p>\n<p>Der Kauf eines Balance-Packs in der Landesw\u00e4hrung ist derjenige, den jeder BENUTZER zu jedem Zeitpunkt w\u00fcnscht oder ben\u00f6tigt. Der BENUTZER kauft den Restbetrag, um ihn gegen die allgemeinen Dienstleistungen von ZERTIFIZIERTEN WARNUNGEN einzutauschen. Das System stellt die Rechnung f\u00fcr jeden Einkauf in Echtzeit einschlie\u00dflich der Mehrwertsteuer aus. DER BENUTZER zahlt keine monatlichen Geb\u00fchren und sein Geld steht w\u00e4hrend der Laufzeit seines Kontos f\u00fcr den aktuellen und zuk\u00fcnftigen Verbrauch zur Verf\u00fcgung. Es gibt fortgeschrittene Dienste durch die Zahlung periodischer Geb\u00fchren und Geb\u00fchren, die von jedem Kunden und jedem Dienst individuell behandelt werden. Die Informationen zu Ihrem Kontostand, zu Ihren K\u00e4ufen und zu Ihrem Verbrauch finden Sie in &#8220;Mein Konto \/ Mein Kontostand&#8221;.<\/p>\n<p>Der verf\u00fcgbare Restbetrag ist ohne Mehrwertsteuer und kann jederzeit in ZERTIFIZIERTE WARNUNGEN umgewandelt werden. Der Kauf des Restbetrags wird nicht erstattet. Die Verf\u00fcgbarkeit des Guthabens ist bei elektronischen Eink\u00e4ufen wie dem virtuellen POS sofort m\u00f6glich. Der Kauf des Guthabens per Bank\u00fcberweisung ist zwischen 2 und 4 Werktagen ab dem Tag verf\u00fcgbar, der auf die Ausstellung der entsprechenden Bank\u00fcberweisung durch den NUTZER folgt. ZERTIFIZIERTE HINWEISE senden die vollst\u00e4ndigen Spezifikationen f\u00fcr die Durchf\u00fchrung der Bank\u00fcberweisung per E-Mail an die vom THE CLIENT registrierte E-Mail.<\/p>\n<p>ZERTIFIZIERTE HINWEISE wenden die aktuellen Tarife jederzeit auf alle seine Produkte an, wie in den spezifischen Angeboten oder der vom BENUTZER ausgew\u00e4hlten Serviceart angegeben. Die auf der Website angegebenen Preise sind Richtpreise. Die Services k\u00f6nnen unterschiedliche Konfigurations- und Preisoptionen haben. Die Dienste k\u00f6nnen von mehreren Faktoren abh\u00e4ngen, wie der Anzahl der Seiten, der Anzahl der Dokumente und deren Gewicht, den Lieferzeiten, der Art der Dienstleistung, dem geografischen Gebiet, den Ebenen der einzelnen Dienste usw. Der Kunde kennt die endg\u00fcltigen Kosten jedes ausgew\u00e4hlten Dienstes, bevor er die Sendung ausf\u00fchrt, die vom System angezeigt wird, sobald die verschiedenen Optionen ausgew\u00e4hlt und die gew\u00fcnschte Dokumentation geladen wurden. Nachdem eine Sendung oder Dienstleistung ausgef\u00fchrt wurde, erhalten ZERTIFIZIERTE HINWEISE automatisch eine Spesenabrechnung.<\/p>\n<p>ZERTIFIZIERTE HINWEISE Die \u00c4nderung der Tarife, die im Portal ver\u00f6ffentlicht und in ihrem internen Teil aufgef\u00fchrt werden, beh\u00e4lt sich einseitig vor, die \u00c4nderung der Tarife zu jedem Zeitpunkt und f\u00fcr jedes Land vorzunehmen. Die Rechnungen f\u00fcr den Kauf jedes Balance Packs werden in Echtzeit ausgestellt und k\u00f6nnen von jedem BENUTZER in seinem pers\u00f6nlichen Bereich &#8220;Mein Konto \/ Rechnungen&#8221; heruntergeladen werden. DER BENUTZER kann eine Verbrauchsnotiz f\u00fcr jeden Dienst in demselben Downloadbereich der ausgestellten Zertifikate herunterladen. Das standardisierte Zahlungssystem erfolgt per Kreditkarte.<\/p>\n<p><strong>X.- Elektronischer Vertrauensdienstleister (Drittanbieter)<\/strong><\/p>\n<p>ZERTIFIZIERTE WARNHINWEISE durch DIGITAL CHANNELS SL fungiert als TRUST ELECTRONIC SERVICE PROVIDER im Einklang mit dem Gesetz \u00fcber Dienste der Informationsgesellschaft und des elektronischen Gesch\u00e4ftsverkehrs und allgemein in seinen Artikeln und insbesondere durch Artikel 25 des Gesetz 34\/2002 vom 11. Juli und Verordnung der Europ\u00e4ischen Union Nr. 910\/2014 des Europ\u00e4ischen Parlaments und des Rates vom 23. Juli 2014.<\/p>\n<p>Wir empfehlen Ihnen, das Gesetz \u00fcber die Dienste der Informationsgesellschaft und des elektronischen Gesch\u00e4ftsverkehrs in seiner Gesamtheit und die nachfolgenden \u00c4nderungen zur F\u00f6rderung der Informationsgesellschaft und der elektronischen Kommunikation sowie das Gesetz 56\/2007 heranzuziehen. Sowie das elektronische Signaturgesetz vom 19. Dezember 2003.<\/p>\n<p><strong>XI.- VERTRAULICHKEIT<\/strong><\/p>\n<p>ZERTIFIZIERTE HINWEISE garantiert die Vertraulichkeit der in den Abonnementformularen versendeten pers\u00f6nlichen Daten der BENUTZER. Diese Daten werden nur f\u00fcr die Verwaltung, Verwaltung, Bereitstellung, Erweiterung und Verbesserung der an die NUTZER bereitgestellten Dienste einschlie\u00dflich der Versendung von Aktualisierungen der Dienste, der Versendung von Informationen und der \u00d6ffentlichkeitsarbeit in Bezug auf die elektronischen Zertifizierungsdienste oder andere verwendet kommerzielle Kommunikation<\/p>\n<p><strong>XII.- ALLGEMEINES<\/strong><\/p>\n<p>Falls eine Diskrepanz zwischen den Optionen der einzelnen Dienste und den \u00f6ffentlichen Informationen des Portals besteht, haben die Bestimmungen der Bedingungen der einzelnen Dienste im internen Bereich des Portals Vorrang. Die Werbeaktionen haben die G\u00fcltigkeit, die im System programmiert sind, das hei\u00dft, wenn ein Aktionsgutschein nicht im System aktiv ist, gilt dies als nicht g\u00fcltig und hat keinen Wert.<\/p>\n<p><strong>XII.- GERICHTSSTAND<\/strong><\/p>\n<p>Die m\u00f6glichen Beziehungen zwischen ZERTIFIZIERTEN WARNUNGEN, BENUTZERN und UNTERNEHMEN unterliegen den geltenden Vorschriften, den anwendbaren Gesetzen und der zust\u00e4ndigen Gerichtsbarkeit.<\/p>\n<p>In den F\u00e4llen, in denen die geltenden Bestimmungen die M\u00f6glichkeit f\u00fcr die Parteien vorsehen, sich einer bestimmten Gerichtsbarkeit zu unterwerfen, verzichten beide Parteien ausdr\u00fccklich auf eine ihnen entsprechende Rechtsprechung und unterwerfen sich einer gerichtlichen Ebene, um ihre Konflikte in erster Linie einem Schiedsverfahren in der Stadt beizulegen. von Madrid und sp\u00e4ter vor den Gerichten und Tribunalen der Stadt Madrid<\/p>\n<p><em>\u00a9 Copyright ZERTIFIZIERTE WARNHINWEISE. Alle Rechte vorbehalten<\/em><\/p>\n","protected":false},"excerpt":{"rendered":"<p>RECHTLICHER HINWEIS &#8211; BEDINGUNGEN I.- GEGENSTAND DES SERVICE ZERTIFIZIERTE WARNHINWEISE es ist ein ELEKTRONISCHER VERTRAUENSDIENSTLEISTER. Ihr Webportal fullcertificate.com ist ein Online-Portal f\u00fcr elektronische Zertifizierungsdienste, dessen Hauptzweck und Hauptzweck es ist, ein breites Spektrum an zertifizierten Diensten anzubieten, z. B. rechtlich g\u00fcltige Kommunikation zwischen BENUTZERN und \/ oder UNTERNEHMEN \u00fcber Burofax Online, eMail-Zertifikat, zertifizierte SMS und [&hellip;]<\/p>\n","protected":false},"author":2,"featured_media":0,"parent":0,"menu_order":0,"comment_status":"closed","ping_status":"open","template":"","meta":{"_bbp_topic_count":0,"_bbp_reply_count":0,"_bbp_total_topic_count":0,"_bbp_total_reply_count":0,"_bbp_voice_count":0,"_bbp_anonymous_reply_count":0,"_bbp_topic_count_hidden":0,"_bbp_reply_count_hidden":0,"_bbp_forum_subforum_count":0},"_links":{"self":[{"href":"https:\/\/www.fullcertificate.com\/de\/wp-json\/wp\/v2\/pages\/15893"}],"collection":[{"href":"https:\/\/www.fullcertificate.com\/de\/wp-json\/wp\/v2\/pages"}],"about":[{"href":"https:\/\/www.fullcertificate.com\/de\/wp-json\/wp\/v2\/types\/page"}],"author":[{"embeddable":true,"href":"https:\/\/www.fullcertificate.com\/de\/wp-json\/wp\/v2\/users\/2"}],"replies":[{"embeddable":true,"href":"https:\/\/www.fullcertificate.com\/de\/wp-json\/wp\/v2\/comments?post=15893"}],"version-history":[{"count":5,"href":"https:\/\/www.fullcertificate.com\/de\/wp-json\/wp\/v2\/pages\/15893\/revisions"}],"predecessor-version":[{"id":24363,"href":"https:\/\/www.fullcertificate.com\/de\/wp-json\/wp\/v2\/pages\/15893\/revisions\/24363"}],"wp:attachment":[{"href":"https:\/\/www.fullcertificate.com\/de\/wp-json\/wp\/v2\/media?parent=15893"}],"curies":[{"name":"wp","href":"https:\/\/api.w.org\/{rel}","templated":true}]}}