{"id":15924,"date":"2018-11-29T12:37:22","date_gmt":"2018-11-29T12:37:22","guid":{"rendered":"https:\/\/fullcertificate.com\/burofax-online-certificado-rgpd\/"},"modified":"2022-04-12T14:36:13","modified_gmt":"2022-04-12T14:36:13","slug":"einschreibebrief-mit-zertifizierten-inhalten-gdpr-empfindliche-daten","status":"publish","type":"page","link":"https:\/\/www.fullcertificate.com\/de\/einschreibebrief-mit-zertifizierten-inhalten-gdpr-empfindliche-daten\/","title":{"rendered":"Burofax Online Certificado RGPD"},"content":{"rendered":"[mk_page_section bg_image=&#8220;https:\/\/fullcertificate.com\/wp-content\/uploads\/2018\/11\/banner-burofax-online-certificado-LOPD-avisos-certificados-1.jpg&#8220; bg_position=&#8220;center top&#8220; bg_repeat=&#8220;no-repeat&#8220; bg_stretch=&#8220;true&#8220; min_height=&#8220;350&#8243; padding_top=&#8220;20&#8243; padding_bottom=&#8220;0&#8243; first_page=&#8220;true&#8220; last_page=&#8220;true&#8220; sidebar=&#8220;sidebar-1&#8243;][vc_column][mk_fancy_title tag_name=&#8220;h1&#8243; color=&#8220;#000000&#8243; size=&#8220;40&#8243; font_weight=&#8220;normal&#8220; font_style=&#8220;normal&#8220; txt_transform=&#8220;none&#8220; margin_top=&#8220;60&#8243; margin_bottom=&#8220;0&#8243; font_family=&#8220;none&#8220;]Einschreibebrief mit Zertifizierten Inhalten<br \/>\n<strong>GDPR Empfindliche Daten<\/strong>[\/mk_fancy_title][mk_fancy_title color=&#8220;#000000&#8243; size=&#8220;25&#8243; font_weight=&#8220;300&#8243; font_style=&#8220;normal&#8220; txt_transform=&#8220;none&#8220; margin_bottom=&#8220;0&#8243; font_family=&#8220;none&#8220;]Maximale Sicherheit bei h\u00f6chster elektronischer Zertifizierung.[\/mk_fancy_title][mk_button dimension=&#8220;flat&#8220; size=&#8220;medium&#8220; url=&#8220;https:\/\/fullcertificate.com\/de\/kontaktieren-sie-uns\/&#8220; button_custom_width=&#8220;250&#8243; bg_color=&#8220;#0062b0&#8243; btn_hover_bg=&#8220;#252525&#8243;]JETZT KONTAKTIEREN[\/mk_button][\/vc_column][\/mk_page_section][mk_page_section padding_top=&#8220;50&#8243; padding_bottom=&#8220;50&#8243; first_page=&#8220;false&#8220; last_page=&#8220;false&#8220; sidebar=&#8220;sidebar-1&#8243;][vc_column width=&#8220;3\/4&#8243;][mk_fancy_title color=&#8220;#0062af&#8220; size=&#8220;30&#8243; font_weight=&#8220;normal&#8220; font_style=&#8220;normal&#8220; txt_transform=&#8220;none&#8220; margin_bottom=&#8220;0&#8243; font_family=&#8220;none&#8220;]Einschreibebrief Online RGPD-Zertifikat High Level <span style=\"color: #f2006e; font-size: 15pt;\">(Demn\u00e4chst)<\/span>[\/mk_fancy_title][mk_divider style=&#8220;thin_solid&#8220; thickness=&#8220;4&#8243; margin_top=&#8220;0&#8243;][mk_fancy_title color=&#8220;#000000&#8243; size=&#8220;17&#8243; font_weight=&#8220;bold&#8220; font_style=&#8220;normal&#8220; txt_transform=&#8220;uppercase&#8220; margin_bottom=&#8220;0&#8243; font_family=&#8220;none&#8220;]MAXIMALE SICHERHEIT BEI DER EINREICHUNG EMPFINDLICHER DATEN[\/mk_fancy_title][mk_fancy_title color=&#8220;#f2006e&#8220; size=&#8220;20&#8243; font_weight=&#8220;normal&#8220; font_style=&#8220;normal&#8220; txt_transform=&#8220;none&#8220; margin_bottom=&#8220;30&#8243; font_family=&#8220;none&#8220;]Versenden von Dokumenten mit sensiblen Daten gem\u00e4\u00df RGPD und High Security Level.[\/mk_fancy_title][vc_row_inner padding=&#8220;0&#8243;][vc_column_inner width=&#8220;1\/3&#8243;][mk_icon_box icon_color=&#8220;#ffffff&#8220; icon_circle_color=&#8220;#ffffff&#8220; box_blur=&#8220;false&#8220;]<img loading=\"lazy\" class=\" wp-image-9033 aligncenter\" src=\"https:\/\/fullcertificate.com\/wp-content\/uploads\/2018\/11\/ic-eidas-rgpd-avisos-certificados-1.png\" alt=\"\" width=\"171\" height=\"171\" srcset=\"https:\/\/www.fullcertificate.com\/wp-content\/uploads\/2018\/11\/ic-eidas-rgpd-avisos-certificados-1.png 250w, https:\/\/www.fullcertificate.com\/wp-content\/uploads\/2018\/11\/ic-eidas-rgpd-avisos-certificados-1-150x150.png 150w\" sizes=\"(max-width: 171px) 100vw, 171px\" \/><\/p>\n<p style=\"text-align: center;\"><span style=\"color: #0062af;\"><strong>EINSCHREIBEBRIEF RGPD \/ eIDAS<\/strong><\/span><br \/>\nPostzustellung<br \/>\nLieferung zertifizierung<br \/>\nInhaltszertifizierung<br \/>\nNotarielle Zeugnis<br \/>\nZus\u00e4tzliche Sicherheitsverpackung<\/p>\n[\/mk_icon_box][mk_image src=&#8220;https:\/\/fullcertificate.com\/wp-content\/uploads\/2019\/04\/candado-eidas-eu-full-certificate.png&#8220; image_width=&#8220;100&#8243; align=&#8220;center&#8220; crop=&#8220;false&#8220;][\/vc_column_inner][vc_column_inner width=&#8220;2\/3&#8243;][mk_fancy_title tag_name=&#8220;h4&#8243; color=&#8220;#000000&#8243; font_weight=&#8220;normal&#8220; font_style=&#8220;normal&#8220; txt_transform=&#8220;none&#8220; margin_bottom=&#8220;0&#8243; font_family=&#8220;none&#8220;]Die RGPD ist die Verordnung zum Schutz nat\u00fcrlicher Personen bei der Verarbeitung personenbezogener Daten und dem freien Verkehr dieser Daten. Die derzeitige RGPD ersetzt die LOPD, obwohl dies weiterhin Auswirkungen darauf haben wird, was der Verordnung nicht widerspricht.<\/p>\n<p>&nbsp;<\/p>\n<p>Notices Certificates hat ein System von zertifizierter Kommunikation mit hohem Sicherheitsniveau geschaffen, das es unseren Kunden erm\u00f6glicht, sichere und genaue Notizen oder Benachrichtigungen mit Daten zu senden, die durch das RGPD mit dem h\u00f6chsten Level gesch\u00fctzt werden.<\/p>\n<p>&nbsp;<\/p>\n<p>Das hei\u00dft, mit Daten zu folgenden Themen kommuniziert: Ideologie, Gewerkschaftszugeh\u00f6rigkeit, Religion, Weltanschauung, Rasse, Gesundheit oder Sexualleben, Polizei und Gewalt gegen Frauen<\/p>\n<p>&nbsp;<\/p>\n<p>Wenn Sie mittlere und h\u00f6here Daten (RGPD) senden m\u00f6chten, m\u00fcssen Sie diesen Dienst ausw\u00e4hlen. Dar\u00fcber hinaus wird Ihre Sendung zus\u00e4tzlich zum Messaging-Umschlag in einem speziellen Datenschutzumschlag an den Empf\u00e4nger zugestellt, damit Ihre pers\u00f6nlichen Daten besser gesch\u00fctzt sind. Sie k\u00f6nnen die Eigenschaften des Umschlags sehen, indem Sie auf die Einstellung dieses Dienstes klicken. Nach Angaben der Europ\u00e4ischen Kommission sind &#8222;personenbezogene Daten&#8220; alle Informationen, die sich auf eine Person beziehen, unabh\u00e4ngig davon, ob sie sich auf ihr privates, berufliches oder \u00f6ffentliches Leben beziehen. &#8222;Dies k\u00f6nnen Daten sein, die sich auf einen Namen, eine Adresse, ein Foto, eine E-Mail-Adresse oder eine Bankverbindung beziehen , Ver\u00f6ffentlichungen in sozialen Netzwerken, medizinische Informationen oder die IP-Adresse eines Computers&#8220;<\/p>\n<p>&nbsp;<\/p>\n<p>Zertifizierte Mitteilungen als vertrauensw\u00fcrdiger Dritter werden Ihre Mitteilungen elektronisch mit rechtsg\u00fcltiger G\u00fcltigkeit bescheinigen und zus\u00e4tzlich ein entsprechendes Zeugnis ablegen.[\/mk_fancy_title][mk_blockquote font_family=&#8220;none&#8220; align=&#8220;left&#8220;]Sparen Sie zwischen <strong>60% und 80%<\/strong> gegen\u00fcber dem Einschreibebrief von Correos[\/mk_blockquote][mk_fancy_title tag_name=&#8220;h4&#8243; color=&#8220;#000000&#8243; font_weight=&#8220;normal&#8220; font_style=&#8220;normal&#8220; txt_transform=&#8220;none&#8220; font_family=&#8220;none&#8220;]<span style=\"color: #0062af;\"><a style=\"color: #0062af;\" href=\"https:\/\/fullcertificate.com\/de\/tarife-preise\/\">Siehe Preise<\/a><\/span>[\/mk_fancy_title][\/vc_column_inner][\/vc_row_inner][\/vc_column][vc_column border_color=&#8220;#ffffff&#8220; width=&#8220;1\/4&#8243;][mk_image src=&#8220;https:\/\/fullcertificate.com\/wp-content\/uploads\/2018\/12\/european-trusted-third-party-full-certificate.png&#8220; image_width=&#8220;180&#8243; align=&#8220;center&#8220; margin_bottom=&#8220;35&#8243; crop=&#8220;false&#8220;][vc_row_inner padding=&#8220;0&#8243;][vc_column_inner css=&#8220;.vc_custom_1574079154551{border-top-width: 1px !important;border-right-width: 1px !important;border-bottom-width: 1px !important;border-left-width: 1px !important;border-left-color: #f2006e !important;border-left-style: solid !important;border-right-color: #f2006e !important;border-right-style: solid !important;border-top-color: #f2006e !important;border-top-style: solid !important;border-bottom-color: #f2006e !important;border-bottom-style: solid !important;}&#8220;][mk_fancy_title color=&#8220;#000000&#8243; size=&#8220;20&#8243; font_weight=&#8220;bold&#8220; font_style=&#8220;normal&#8220; txt_transform=&#8220;uppercase&#8220; margin_top=&#8220;20&#8243; margin_bottom=&#8220;0&#8243; font_family=&#8220;none&#8220; align=&#8220;center&#8220;]\n<p style=\"text-align: center;\">KOSTENLOS REGISTRIEREN<\/p>\n[\/mk_fancy_title][mk_fancy_title color=&#8220;#000000&#8243; size=&#8220;16&#8243; font_weight=&#8220;normal&#8220; font_style=&#8220;normal&#8220; txt_transform=&#8220;none&#8220; margin_bottom=&#8220;0&#8243; font_family=&#8220;none&#8220; align=&#8220;center&#8220;]\n<p style=\"text-align: center;\">Testen Sie unsere zertifizierten Services mit voller Rechtsg\u00fcltigkeit.<\/p>\n<p>&nbsp;<\/p>\n<p style=\"text-align: center;\"><strong><span style=\"color: #0062b0;\">Keine Geb\u00fchren, keine Vertr\u00e4ge.<\/span><br \/>\n<\/strong>Ihr Guthaben verf\u00e4llt nie.<\/p>\n[\/mk_fancy_title][mk_button dimension=&#8220;flat&#8220; corner_style=&#8220;rounded&#8220; size=&#8220;medium&#8220; url=&#8220;https:\/\/cloud.fullcertificate.com\/register&#8220; target=&#8220;_blank&#8220; align=&#8220;center&#8220; button_custom_width=&#8220;160&#8243; bg_color=&#8220;#f2006e&#8220; btn_hover_bg=&#8220;#252525&#8243; btn_hover_txt_color=&#8220;#ffffff&#8220;]HIER KLICKEN[\/mk_button][\/vc_column_inner][vc_column_inner][\/vc_column_inner][\/vc_row_inner][vc_row_inner padding=&#8220;0&#8243;][vc_column_inner][vc_empty_space height=&#8220;35px&#8220;][\/vc_column_inner][\/vc_row_inner][vc_empty_space height=&#8220;20px&#8220;][vc_row_inner padding=&#8220;0&#8243;][vc_column_inner][mk_icon_box2 icon_type=&#8220;image&#8220; title_size=&#8220;0&#8243; title_top_padding=&#8220;0&#8243; title_bottom_padding=&#8220;0&#8243;]<a href=\"https:\/\/fullcertificate.com\/de\/smartmoney\/\"><img loading=\"lazy\" class=\"wp-image-6433 size-medium aligncenter\" src=\"https:\/\/fullcertificate.com\/wp-content\/uploads\/2018\/10\/logo-smartmoney-1.png\" alt=\"\" width=\"180\" height=\"31\" \/><\/a><a href=\"https:\/\/fullcertificate.com\/de\/smartmoney\/\"><img loading=\"lazy\" class=\"wp-image-6439 size-medium aligncenter\" src=\"https:\/\/fullcertificate.com\/wp-content\/uploads\/2018\/10\/grafico-smart-money-3-1.png\" alt=\"\" width=\"170\" height=\"300\" \/><\/a><\/p>\n<p style=\"text-align: center;\"><strong><span style=\"color: #0062b0;\"><a style=\"color: #0062b0;\" href=\"https:\/\/fullcertificate.com\/de\/smartmoney\/\">SMART MONEY<\/a><br \/>\n<\/span><\/strong><span style=\"color: #000000; text-decoration: none;\"> Intelligente Vertr\u00e4ge<\/span><br \/>\n<span style=\"color: #000000; text-decoration: none;\"> Intelligente Zahlungen<\/span><br \/>\n<span style=\"color: #000000; text-decoration: none;\"> Smart Recovery <\/span><br \/>\n<span style=\"color: #000000; text-decoration: none;\"> Instrumententafel <\/span><\/p>\n[\/mk_icon_box2][vc_empty_space height=&#8220;0px&#8220;][mk_icon_box2 icon_type=&#8220;image&#8220; title_size=&#8220;0&#8243; title_top_padding=&#8220;0&#8243; title_bottom_padding=&#8220;0&#8243;]<a href=\"https:\/\/fullcertificate.com\/de\/smartone2one\/\"><img loading=\"lazy\" class=\"wp-image-6433 size-medium aligncenter\" src=\"https:\/\/fullcertificate.com\/wp-content\/uploads\/2018\/10\/logo-smart-one2one-2-1.png\" alt=\"\" width=\"226\" height=\"31\" \/><\/a><a href=\"https:\/\/fullcertificate.com\/de\/smartone2one\/\"><img loading=\"lazy\" class=\"wp-image-6439 size-medium aligncenter\" src=\"https:\/\/fullcertificate.com\/wp-content\/uploads\/2018\/10\/grafico-smart-one2one-1.png\" alt=\"\" width=\"170\" height=\"300\" \/><\/a><\/p>\n<p style=\"text-align: center;\"><strong><span style=\"color: #0062b0;\"><a style=\"color: #0062b0;\" href=\"https:\/\/fullcertificate.com\/de\/smartone2one\/\">SMART ONE2ONE<\/a><br \/>\n<\/span><\/strong><span style=\"color: #000000; text-decoration: none;\">Benutzerdefinierte Benachrichtigungen<\/span><br \/>\n<span style=\"color: #000000; text-decoration: none;\">Hoher Ausf\u00fchrungsumfang<\/span><br \/>\n<span style=\"color: #000000; text-decoration: none;\">Multichannel-Zertifizierung<\/span><br \/>\n<span style=\"color: #000000; text-decoration: none;\">Hohe Verf\u00fcgbarkeit<\/span><\/p>\n[\/mk_icon_box2][\/vc_column_inner][\/vc_row_inner][vc_empty_space height=&#8220;20px&#8220;][vc_row_inner el_class=&#8220;ocultar&#8220;][vc_column_inner css=&#8220;.vc_custom_1540979094932{border-top-width: 1px !important;border-right-width: 1px !important;border-bottom-width: 1px !important;border-left-width: 1px !important;padding-top: 20px !important;padding-bottom: 20px !important;background-color: #ffffff !important;border-left-color: #1e73be !important;border-left-style: solid !important;border-right-color: #1e73be !important;border-right-style: solid !important;border-top-color: #1e73be !important;border-top-style: solid !important;border-bottom-color: #1e73be !important;border-bottom-style: solid !important;}&#8220;][mk_fancy_title color=&#8220;#000000&#8243; size=&#8220;20&#8243; font_weight=&#8220;bold&#8220; font_style=&#8220;normal&#8220; txt_transform=&#8220;uppercase&#8220; margin_bottom=&#8220;0&#8243; font_family=&#8220;none&#8220; align=&#8220;center&#8220;]\n<p style=\"text-align: center;\">Kontaktinformationen<\/p>\n[\/mk_fancy_title][mk_fancy_title color=&#8220;#1e73be&#8220; font_weight=&#8220;normal&#8220; font_style=&#8220;normal&#8220; txt_transform=&#8220;none&#8220; margin_bottom=&#8220;18&#8243; font_family=&#8220;none&#8220; align=&#8220;center&#8220;]\n<p style=\"text-align: center;\"><strong>Telefon:<\/strong> (0034) 91 005 26 59<br \/>\n<strong>Adresse:<\/strong> C \/ Boix y Morer 6, 9. Stock 28003 Madrid, Spanien<\/p>\n[\/mk_fancy_title][mk_button dimension=&#8220;flat&#8220; corner_style=&#8220;rounded&#8220; size=&#8220;medium&#8220; url=&#8220;https:\/\/fullcertificate.com\/de\/kontaktieren-sie-uns\/&#8220; align=&#8220;center&#8220; button_custom_width=&#8220;160&#8243; bg_color=&#8220;#0062b0&#8243; btn_hover_bg=&#8220;#252525&#8243;]KONTAKTIEREN SIE UNS[\/mk_button][\/vc_column_inner][\/vc_row_inner][\/vc_column][\/mk_page_section][mk_page_section full_width=&#8220;true&#8220; first_page=&#8220;false&#8220; last_page=&#8220;false&#8220; sidebar=&#8220;sidebar-1&#8243;][vc_column][mk_divider style=&#8220;thin_solid&#8220; thickness=&#8220;4&#8243; margin_top=&#8220;10&#8243; margin_bottom=&#8220;40&#8243;][vc_row_inner padding=&#8220;0&#8243;][vc_column_inner width=&#8220;1\/4&#8243;][\/vc_column_inner][vc_column_inner width=&#8220;1\/2&#8243;][mk_fancy_title tag_name=&#8220;h4&#8243; color=&#8220;#393836&#8243; size=&#8220;30&#8243; font_weight=&#8220;normal&#8220; font_style=&#8220;normal&#8220; txt_transform=&#8220;uppercase&#8220; margin_bottom=&#8220;18&#8243; font_family=&#8220;none&#8220; align=&#8220;center&#8220;]\n<p style=\"text-align: center;\">MIT DER GARANTIE F\u00dcR<\/p>\n[\/mk_fancy_title][mk_image src=&#8220;https:\/\/fullcertificate.com\/wp-content\/uploads\/2022\/04\/footer-nuevo-WE-VOTE.jpg&#8220; image_width=&#8220;1500&#8243; image_height=&#8220;216&#8243; link=&#8220;http:\/\/fullcertificate.com\/&#8220; target=&#8220;_blank&#8220; align=&#8220;center&#8220; el_class=&#8220;imagen-footer-centro&#8220; crop=&#8220;false&#8220;][\/vc_column_inner][vc_column_inner width=&#8220;1\/4&#8243;][\/vc_column_inner][\/vc_row_inner][\/vc_column][\/mk_page_section]\n","protected":false},"excerpt":{"rendered":"<p>[mk_page_section bg_image=&#8220;https:\/\/fullcertificate.com\/wp-content\/uploads\/2018\/11\/banner-burofax-online-certificado-LOPD-avisos-certificados-1.jpg&#8220; bg_position=&#8220;center top&#8220; bg_repeat=&#8220;no-repeat&#8220; bg_stretch=&#8220;true&#8220; min_height=&#8220;350&#8243; padding_top=&#8220;20&#8243; padding_bottom=&#8220;0&#8243; first_page=&#8220;true&#8220; last_page=&#8220;true&#8220; sidebar=&#8220;sidebar-1&#8243;][vc_column][mk_fancy_title tag_name=&#8220;h1&#8243; color=&#8220;#000000&#8243; size=&#8220;40&#8243; font_weight=&#8220;normal&#8220; font_style=&#8220;normal&#8220; txt_transform=&#8220;none&#8220; margin_top=&#8220;60&#8243; margin_bottom=&#8220;0&#8243; font_family=&#8220;none&#8220;]Einschreibebrief mit Zertifizierten Inhalten GDPR Empfindliche Daten[\/mk_fancy_title][mk_fancy_title color=&#8220;#000000&#8243; size=&#8220;25&#8243; font_weight=&#8220;300&#8243; font_style=&#8220;normal&#8220; txt_transform=&#8220;none&#8220; margin_bottom=&#8220;0&#8243; font_family=&#8220;none&#8220;]Maximale Sicherheit bei h\u00f6chster elektronischer Zertifizierung.[\/mk_fancy_title][mk_button dimension=&#8220;flat&#8220; size=&#8220;medium&#8220; url=&#8220;https:\/\/fullcertificate.com\/de\/kontaktieren-sie-uns\/&#8220; button_custom_width=&#8220;250&#8243; bg_color=&#8220;#0062b0&#8243; btn_hover_bg=&#8220;#252525&#8243;]JETZT KONTAKTIEREN[\/mk_button][\/vc_column][\/mk_page_section][mk_page_section padding_top=&#8220;50&#8243; padding_bottom=&#8220;50&#8243; first_page=&#8220;false&#8220; last_page=&#8220;false&#8220; sidebar=&#8220;sidebar-1&#8243;][vc_column width=&#8220;3\/4&#8243;][mk_fancy_title color=&#8220;#0062af&#8220; size=&#8220;30&#8243; font_weight=&#8220;normal&#8220; [&hellip;]<\/p>\n","protected":false},"author":2,"featured_media":0,"parent":0,"menu_order":0,"comment_status":"closed","ping_status":"closed","template":"","meta":{"_bbp_topic_count":0,"_bbp_reply_count":0,"_bbp_total_topic_count":0,"_bbp_total_reply_count":0,"_bbp_voice_count":0,"_bbp_anonymous_reply_count":0,"_bbp_topic_count_hidden":0,"_bbp_reply_count_hidden":0,"_bbp_forum_subforum_count":0},"_links":{"self":[{"href":"https:\/\/www.fullcertificate.com\/de\/wp-json\/wp\/v2\/pages\/15924"}],"collection":[{"href":"https:\/\/www.fullcertificate.com\/de\/wp-json\/wp\/v2\/pages"}],"about":[{"href":"https:\/\/www.fullcertificate.com\/de\/wp-json\/wp\/v2\/types\/page"}],"author":[{"embeddable":true,"href":"https:\/\/www.fullcertificate.com\/de\/wp-json\/wp\/v2\/users\/2"}],"replies":[{"embeddable":true,"href":"https:\/\/www.fullcertificate.com\/de\/wp-json\/wp\/v2\/comments?post=15924"}],"version-history":[{"count":15,"href":"https:\/\/www.fullcertificate.com\/de\/wp-json\/wp\/v2\/pages\/15924\/revisions"}],"predecessor-version":[{"id":27623,"href":"https:\/\/www.fullcertificate.com\/de\/wp-json\/wp\/v2\/pages\/15924\/revisions\/27623"}],"wp:attachment":[{"href":"https:\/\/www.fullcertificate.com\/de\/wp-json\/wp\/v2\/media?parent=15924"}],"curies":[{"name":"wp","href":"https:\/\/api.w.org\/{rel}","templated":true}]}}