{"id":15928,"date":"2018-11-29T12:39:23","date_gmt":"2018-11-29T12:39:23","guid":{"rendered":"https:\/\/fullcertificate.com\/burofax-online-mismo-dia\/"},"modified":"2022-04-12T14:34:55","modified_gmt":"2022-04-12T14:34:55","slug":"einschreibebrief-mit-zertifizierten-inhalten-gleicher-tag","status":"publish","type":"page","link":"https:\/\/www.fullcertificate.com\/de\/einschreibebrief-mit-zertifizierten-inhalten-gleicher-tag\/","title":{"rendered":"Burofax Online Mismo D\u00eda"},"content":{"rendered":"[mk_page_section bg_image=&#8220;https:\/\/fullcertificate.com\/wp-content\/uploads\/2017\/03\/burofax-online-certificado-mismo-dia-urgente-1.jpg&#8220; bg_position=&#8220;center top&#8220; bg_repeat=&#8220;no-repeat&#8220; bg_stretch=&#8220;true&#8220; min_height=&#8220;350&#8243; padding_top=&#8220;20&#8243; padding_bottom=&#8220;0&#8243; first_page=&#8220;true&#8220; last_page=&#8220;true&#8220; sidebar=&#8220;sidebar-1&#8243;][vc_column][mk_fancy_title tag_name=&#8220;h1&#8243; color=&#8220;#000000&#8243; size=&#8220;40&#8243; font_weight=&#8220;normal&#8220; font_style=&#8220;normal&#8220; txt_transform=&#8220;none&#8220; margin_top=&#8220;60&#8243; margin_bottom=&#8220;0&#8243; font_family=&#8220;none&#8220;]Einschreibebrief mit Zertifizierten Inhalten<br \/>\n<strong>Gleicher Tag<\/strong>[\/mk_fancy_title][mk_fancy_title color=&#8220;#000000&#8243; size=&#8220;25&#8243; font_weight=&#8220;300&#8243; font_style=&#8220;normal&#8220; txt_transform=&#8220;none&#8220; margin_bottom=&#8220;0&#8243; font_family=&#8220;none&#8220;]Einschreibebrief Online-Zertifikat am Tag ausgestellt und erhalten.<br \/>\nLieferung zu Hause, Unterschrift, Empfangsbest\u00e4tigung und Inhaltsbest\u00e4tigung.[\/mk_fancy_title][mk_button dimension=&#8220;flat&#8220; size=&#8220;medium&#8220; url=&#8220;https:\/\/cloud.fullcertificate.com\/register&#8220; target=&#8220;_blank&#8220; button_custom_width=&#8220;250&#8243; bg_color=&#8220;#0062b0&#8243; btn_hover_bg=&#8220;#252525&#8243;]JETZT VERTRAGEN[\/mk_button][\/vc_column][\/mk_page_section][mk_page_section padding_top=&#8220;50&#8243; padding_bottom=&#8220;0&#8243; first_page=&#8220;false&#8220; last_page=&#8220;false&#8220; sidebar=&#8220;sidebar-1&#8243;][vc_column width=&#8220;3\/4&#8243;][mk_fancy_title color=&#8220;#0062af&#8220; size=&#8220;30&#8243; font_weight=&#8220;normal&#8220; font_style=&#8220;normal&#8220; txt_transform=&#8220;none&#8220; margin_bottom=&#8220;0&#8243; font_family=&#8220;none&#8220;]Einschreibebrief Online-Zertifikat am selben Tag <span style=\"color: #f2006e; font-size: 15pt;\">(Demn\u00e4chst)<\/span>[\/mk_fancy_title][mk_divider style=&#8220;thin_solid&#8220; thickness=&#8220;4&#8243; margin_top=&#8220;0&#8243;][mk_fancy_title color=&#8220;#000000&#8243; size=&#8220;17&#8243; font_weight=&#8220;bold&#8220; font_style=&#8220;normal&#8220; txt_transform=&#8220;uppercase&#8220; margin_bottom=&#8220;0&#8243; font_family=&#8220;none&#8220;]Einschreibebrief Online-Zertifikat. Empfangsbest\u00e4tigung. Inhaltsbest\u00e4tigung Notarielle Zeugnis[\/mk_fancy_title][mk_fancy_title color=&#8220;#f2006e&#8220; size=&#8220;20&#8243; font_weight=&#8220;normal&#8220; font_style=&#8220;normal&#8220; txt_transform=&#8220;none&#8220; margin_bottom=&#8220;30&#8243; font_family=&#8220;none&#8220;]\n<p id=\"fancy-title-58d1432c11ffc\" class=\"mk-shortcode mk-fancy-title fancy-title-align-left simple-style \">Versand und erster Versuch, das Burofax Online-Zertifikat am selben Tag seiner Ausstellung auszuliefern. Eine effektive, praktische, kosteng\u00fcnstige und schnelle L\u00f6sung, die die volle Rechtsg\u00fcltigkeit und Sicherheit in Ihrer gesamten Kommunikation garantiert.<\/p>\n[\/mk_fancy_title][vc_row_inner padding=&#8220;0&#8243;][vc_column_inner width=&#8220;1\/3&#8243;][mk_fancy_title color=&#8220;#393836&#8243; font_style=&#8220;inhert&#8220; margin_bottom=&#8220;18&#8243; font_family=&#8220;none&#8220;]<img class=\" wp-image-8813 aligncenter\" src=\"https:\/\/fullcertificate.com\/wp-content\/uploads\/2018\/11\/icono-burofax-mismo-dia-2-1-300x300.png\" alt=\"\" width=\"216\" srcset=\"https:\/\/www.fullcertificate.com\/wp-content\/uploads\/2018\/11\/icono-burofax-mismo-dia-2-1-300x300.png 300w, https:\/\/www.fullcertificate.com\/wp-content\/uploads\/2018\/11\/icono-burofax-mismo-dia-2-1-150x150.png 150w, https:\/\/www.fullcertificate.com\/wp-content\/uploads\/2018\/11\/icono-burofax-mismo-dia-2-1.png 500w\" sizes=\"(max-width: 300px) 100vw, 300px\" \/><\/p>\n<p style=\"text-align: center;\"><span style=\"color: #0062af;\"><strong>EINSCHREIBEBRIEF GLEICHER TAG<\/strong><\/span><br \/>\nPostzustellung<br \/>\nLieferung zertifizierung<br \/>\nInhaltszertifizierung<br \/>\nNotarielle Zeugnis<br \/>\nLieferung am selben Tag<\/p>\n[\/mk_fancy_title][mk_image src=&#8220;https:\/\/fullcertificate.com\/wp-content\/uploads\/2019\/04\/candado-eidas-eu-full-certificate.png&#8220; image_width=&#8220;100&#8243; align=&#8220;center&#8220; crop=&#8220;false&#8220;][\/vc_column_inner][vc_column_inner width=&#8220;2\/3&#8243;][mk_fancy_title tag_name=&#8220;h4&#8243; color=&#8220;#000000&#8243; font_weight=&#8220;normal&#8220; font_style=&#8220;normal&#8220; txt_transform=&#8220;none&#8220; margin_bottom=&#8220;0&#8243; font_family=&#8220;none&#8220;]\n<p style=\"text-align: left;\">Damit der erste Zustellversuch noch am selben Tag der Versendung des Burofax erfolgen kann, muss er aufgrund der Anforderungen der Logistik- und Kurierdienste vor 12.00 Uhr aus Zertifizierten Hinweisen ausgestellt werden. Wenn er nach dieser Zeit gesendet wird, wird der erste Zustellversuch wahrscheinlich am n\u00e4chsten Tag ausgef\u00fchrt.<\/p>\n<p>&nbsp;<\/p>\n<p style=\"text-align: left;\">Bitte beachten Sie, dass dieser Service nur in der Hauptstadt Madrid und angrenzenden Gebieten bis zu 50 km verf\u00fcgbar ist.<\/p>\n<p>&nbsp;<\/p>\n<p style=\"text-align: left;\">Mit unserem <strong>Einschreibebrief Online-Zertifikatservice<\/strong> \u00fcber das Internet k\u00f6nnen Sie Ihre bevorstehenden Anspr\u00fcche und die personalisierte Zustellung entsprechend dem Empf\u00e4nger melden: <span style=\"color: #0062af;\"><a style=\"color: #0062af;\" href=\"https:\/\/fullcertificate.com\/de\/einschreibebrief-mit-zertifizierten-inhalten-natuerliche-person\/\">K\u00f6rperliche Person,<\/a> <a style=\"color: #0062af;\" href=\"https:\/\/fullcertificate.com\/de\/einschreibebrief-mit-zertifizierten-inhalten-rechtliche-person\/\">Juristische Person <\/a>oder <a style=\"color: #0062af;\" href=\"https:\/\/fullcertificate.com\/de\/einschreibebrief-mit-zertifizierten-inhalten-oeffentliche-organisation\/\">\u00f6ffentliche Organisation<\/a>.<\/span><\/p>\n<p>&nbsp;<\/p>\n<p style=\"text-align: left;\">Das Versenden eines Online-Tages von Einschreibebrief Same Same ist ideal f\u00fcr die Abwicklung von Anspr\u00fcchen dringlicher Art, so dass die Benachrichtigung am selben Tag beim Empf\u00e4nger eingeht. All dies geschieht von Ihrem Computer aus und mit den gleichen Eigenschaften wie der traditionelle Einschreibebrief, der als Beweismittel verwendet werden kann.<\/p>\n[\/mk_fancy_title][mk_fancy_title tag_name=&#8220;h4&#8243; color=&#8220;#000000&#8243; font_weight=&#8220;normal&#8220; font_style=&#8220;normal&#8220; txt_transform=&#8220;none&#8220; margin_bottom=&#8220;0&#8243; font_family=&#8220;none&#8220;]\n<p style=\"text-align: left;\">Das Versenden eines <strong>Einschreibebrief Online<\/strong> ist ein einfacher, schneller und wirtschaftlicher Prozess mit voller Rechtsg\u00fcltigkeit f\u00fcr Anw\u00e4lte, Einzelpersonen und Unternehmen.<\/p>\n<p>&nbsp;<\/p>\n<p style=\"text-align: left;\">Um ein <strong>Einschreibebrief Online-Zertifikat<\/strong> durchzuf\u00fchren, gehen Sie wie folgt vor:<\/p>\n<p>&nbsp;<\/p>\n<ul>\n<li style=\"text-align: left;\">Aus dem Kundenbereich der zertifizierten Benachrichtigungen k\u00f6nnen Sie Ihr Burofax Online senden. Unser System aktiviert elektronisch einen Auslieferungsauftrag an die Kurierfirma.<\/li>\n<li style=\"text-align: left;\">Der Kurierdienst liefert das Dokument an die Adresse mit den von Ihnen angegebenen Anweisungen.<\/li>\n<li style=\"text-align: left;\">Wir werden maximal drei Zustellversuche durchf\u00fchren. Beim dritten Versuch rufen wir den Empf\u00e4nger unter der von Ihnen angegebenen Telefonnummer an, um einen Tag und eine Uhrzeit zu vereinbaren, und streben nach maximaler Effizienz im Zustellprozess.<\/li>\n<li style=\"text-align: left;\">Die Lieferung erfolgt pers\u00f6nlich an den Empf\u00e4nger, der die Empfangsbest\u00e4tigung unterschreibt sowie die Inhaltsbest\u00e4tigung und elektronisch wird die Lieferung best\u00e4tigt. Falls nicht geliefert werden kann, wird dies negativ best\u00e4tigt und die Ursache wird angezeigt.<\/li>\n<li style=\"text-align: left;\">Dar\u00fcber hinaus k\u00f6nnen Sie den Dienst durch eine Notariatsregistrierung mit dem Notarzeugnis erweitern. Maximale Zertifizierung verf\u00fcgbar.<\/li>\n<\/ul>\n[\/mk_fancy_title][mk_blockquote font_family=&#8220;none&#8220; align=&#8220;left&#8220;]Sparen Sie <strong>60 % &#8211; 80 %<\/strong> gegen\u00fcber der Einschreibebrief von post[\/mk_blockquote][mk_fancy_title tag_name=&#8220;h4&#8243; color=&#8220;#000000&#8243; font_weight=&#8220;normal&#8220; font_style=&#8220;normal&#8220; txt_transform=&#8220;none&#8220; font_family=&#8220;none&#8220;]<a href=\"https:\/\/fullcertificate.com\/de\/tarife-preise\/\">ALLE PREISE ANZEIGEN<\/a>[\/mk_fancy_title][\/vc_column_inner][\/vc_row_inner][mk_fancy_title tag_name=&#8220;h4&#8243; color=&#8220;#000000&#8243; font_weight=&#8220;normal&#8220; font_style=&#8220;normal&#8220; txt_transform=&#8220;none&#8220; font_family=&#8220;none&#8220;]\n<p style=\"text-align: left;\">Sie k\u00f6nnen zu jeder Tageszeit auf diesen zertifizierten Zustelldienst zugreifen, das gew\u00fcnschte Dokument senden und haben jeweils Zugriff auf die entsprechende Empfangsbest\u00e4tigung.<\/p>\n<p>&nbsp;<\/p>\n<p style=\"text-align: left;\">Sie m\u00fcssen lediglich unsere Zertifizierte Benachrichtigungsplattform von Ihrem Computer aus eingeben, um den Vorgang abzuschlie\u00dfen. Sie k\u00f6nnen dieses Dokument wiederum herunterladen, indem Sie den Bereich &#8222;Kundenzugang&#8220; auf unserer Seite &#8222;Zertifizierte Hinweise&#8220; aufrufen. Der gesamte Prozess wird vom ersten bis zum letzten Schritt \u00fcberwacht, sodass alle Bewegungen mit maximaler Effizienz erfasst werden.<\/p>\n<p>&nbsp;<\/p>\n<p style=\"text-align: left;\">Die Zahl der zertifizierten Mitteilungen als vertrauensw\u00fcrdiger Dritter garantiert die volle Rechtsg\u00fcltigkeit Ihrer Sendungen. Schnell, sparsam, umweltfreundlich und bequem von Ihrem Computer aus, Zeit und Arbeit sparen. Mit all unseren Produkten bieten wir auch den Notarial-Zeugnis-Service an.<\/p>\n[\/mk_fancy_title][\/vc_column][vc_column border_color=&#8220;#ffffff&#8220; width=&#8220;1\/4&#8243;][mk_image src=&#8220;https:\/\/fullcertificate.com\/wp-content\/uploads\/2018\/12\/european-trusted-third-party-full-certificate.png&#8220; image_width=&#8220;180&#8243; align=&#8220;center&#8220; margin_bottom=&#8220;35&#8243; crop=&#8220;false&#8220;][vc_row_inner padding=&#8220;0&#8243;][vc_column_inner css=&#8220;.vc_custom_1574078780303{border-top-width: 1px !important;border-right-width: 1px !important;border-bottom-width: 1px !important;border-left-width: 1px !important;border-left-color: #f2006e !important;border-left-style: solid !important;border-right-color: #f2006e !important;border-right-style: solid !important;border-top-color: #f2006e !important;border-top-style: solid !important;border-bottom-color: #f2006e !important;border-bottom-style: solid !important;}&#8220;][mk_fancy_title color=&#8220;#000000&#8243; size=&#8220;20&#8243; font_weight=&#8220;bold&#8220; font_style=&#8220;normal&#8220; txt_transform=&#8220;uppercase&#8220; margin_top=&#8220;20&#8243; margin_bottom=&#8220;0&#8243; font_family=&#8220;none&#8220; align=&#8220;center&#8220;]\n<p style=\"text-align: center;\">KOSTENLOS REGISTRIEREN<\/p>\n[\/mk_fancy_title][mk_fancy_title color=&#8220;#000000&#8243; size=&#8220;16&#8243; font_weight=&#8220;normal&#8220; font_style=&#8220;normal&#8220; txt_transform=&#8220;none&#8220; margin_bottom=&#8220;0&#8243; font_family=&#8220;none&#8220; align=&#8220;center&#8220;]\n<p style=\"text-align: center;\">Testen Sie unsere zertifizierten Services mit voller Rechtsg\u00fcltigkeit.<\/p>\n<p>&nbsp;<\/p>\n<p style=\"text-align: center;\"><strong><span style=\"color: #0062b0;\">Keine Geb\u00fchren, keine Vertr\u00e4ge.<\/span><br \/>\n<\/strong>Ihr Guthaben verf\u00e4llt nie.<\/p>\n[\/mk_fancy_title][mk_button dimension=&#8220;flat&#8220; corner_style=&#8220;rounded&#8220; size=&#8220;medium&#8220; url=&#8220;https:\/\/cloud.fullcertificate.com\/register&#8220; target=&#8220;_blank&#8220; align=&#8220;center&#8220; button_custom_width=&#8220;160&#8243; bg_color=&#8220;#f2006e&#8220; btn_hover_bg=&#8220;#252525&#8243; btn_hover_txt_color=&#8220;#ffffff&#8220;]HIER KLICKEN[\/mk_button][\/vc_column_inner][\/vc_row_inner][vc_row_inner padding=&#8220;0&#8243; el_class=&#8220;ocultar&#8220;][vc_column_inner][vc_empty_space][mk_image src=&#8220;https:\/\/fullcertificate.com\/wp-content\/uploads\/2018\/03\/Burofax_Mismo_dia_New-1.jpg&#8220; image_width=&#8220;220&#8243; link=&#8220;https:\/\/cloud.avisoscertificados.com\/comprar_pack.aspx?p=burofax-16&#8243; align=&#8220;center&#8220; margin_bottom=&#8220;0&#8243; crop=&#8220;false&#8220;][vc_empty_space][\/vc_column_inner][\/vc_row_inner][vc_row_inner padding=&#8220;0&#8243;][vc_column_inner][vc_empty_space height=&#8220;20px&#8220;][\/vc_column_inner][\/vc_row_inner][vc_row_inner padding=&#8220;0&#8243;][vc_column_inner][mk_icon_box2 icon_type=&#8220;image&#8220; title_size=&#8220;0&#8243; title_top_padding=&#8220;0&#8243; title_bottom_padding=&#8220;0&#8243;]<a href=\"https:\/\/fullcertificate.com\/de\/smartmoney\/\"><img loading=\"lazy\" class=\"wp-image-6433 size-medium aligncenter\" src=\"https:\/\/fullcertificate.com\/wp-content\/uploads\/2018\/10\/logo-smartmoney-1.png\" alt=\"\" width=\"180\" height=\"31\" \/><\/a><a href=\"https:\/\/fullcertificate.com\/de\/smartmoney\/\"><img loading=\"lazy\" class=\"wp-image-6439 size-medium aligncenter\" src=\"https:\/\/fullcertificate.com\/wp-content\/uploads\/2018\/10\/grafico-smart-money-3-1.png\" alt=\"\" width=\"170\" height=\"300\" \/><\/a><\/p>\n<p style=\"text-align: center;\"><strong><span style=\"color: #0062b0;\"><a style=\"color: #0062b0;\" href=\"https:\/\/fullcertificate.com\/de\/smartmoney\/\">SMART MONEY<\/a><br \/>\n<\/span><\/strong><span style=\"color: #000000; text-decoration: none;\"> Intelligente Vertr\u00e4ge<\/span><br \/>\n<span style=\"color: #000000; text-decoration: none;\"> Intelligente Zahlungen<\/span><br \/>\n<span style=\"color: #000000; text-decoration: none;\"> Smart Recovery <\/span><br \/>\n<span style=\"color: #000000; text-decoration: none;\"> Instrumententafel <\/span><\/p>\n[\/mk_icon_box2][vc_empty_space height=&#8220;0px&#8220;][mk_icon_box2 icon_type=&#8220;image&#8220; title_size=&#8220;0&#8243; title_top_padding=&#8220;0&#8243; title_bottom_padding=&#8220;0&#8243;]<a href=\"https:\/\/fullcertificate.com\/de\/smartone2one\/\"><img loading=\"lazy\" class=\"wp-image-6433 size-medium aligncenter\" src=\"https:\/\/fullcertificate.com\/wp-content\/uploads\/2018\/10\/logo-smart-one2one-2-1.png\" alt=\"\" width=\"226\" height=\"31\" \/><\/a><a href=\"https:\/\/fullcertificate.com\/de\/smartone2one\/\"><img loading=\"lazy\" class=\"wp-image-6439 size-medium aligncenter\" src=\"https:\/\/fullcertificate.com\/wp-content\/uploads\/2018\/10\/grafico-smart-one2one-1.png\" alt=\"\" width=\"170\" height=\"300\" \/><\/a><\/p>\n<p style=\"text-align: center;\"><strong><span style=\"color: #0062b0;\"><a style=\"color: #0062b0;\" href=\"https:\/\/fullcertificate.com\/de\/smartone2one\/\">SMART ONE2ONE<\/a><br \/>\n<\/span><\/strong><span style=\"color: #000000; text-decoration: none;\">Benutzerdefinierte Benachrichtigungen<\/span><br \/>\n<span style=\"color: #000000; text-decoration: none;\">Hoher Ausf\u00fchrungsumfang<\/span><br \/>\n<span style=\"color: #000000; text-decoration: none;\">Multichannel-Zertifizierung<\/span><br \/>\n<span style=\"color: #000000; text-decoration: none;\">Hohe Verf\u00fcgbarkeit<\/span><\/p>\n[\/mk_icon_box2][\/vc_column_inner][\/vc_row_inner][vc_empty_space height=&#8220;20px&#8220;][vc_row_inner padding=&#8220;0&#8243; el_class=&#8220;ocultar&#8220;][vc_column_inner css=&#8220;.vc_custom_1540979094932{border-top-width: 1px !important;border-right-width: 1px !important;border-bottom-width: 1px !important;border-left-width: 1px !important;padding-top: 20px !important;padding-bottom: 20px !important;background-color: #ffffff !important;border-left-color: #1e73be !important;border-left-style: solid !important;border-right-color: #1e73be !important;border-right-style: solid !important;border-top-color: #1e73be !important;border-top-style: solid !important;border-bottom-color: #1e73be !important;border-bottom-style: solid !important;}&#8220;][mk_fancy_title color=&#8220;#000000&#8243; size=&#8220;20&#8243; font_weight=&#8220;bold&#8220; font_style=&#8220;normal&#8220; txt_transform=&#8220;uppercase&#8220; margin_bottom=&#8220;0&#8243; font_family=&#8220;none&#8220; align=&#8220;center&#8220;]\n<p style=\"text-align: center;\">Kontaktinformationen<\/p>\n[\/mk_fancy_title][mk_fancy_title color=&#8220;#1e73be&#8220; font_weight=&#8220;normal&#8220; font_style=&#8220;normal&#8220; txt_transform=&#8220;none&#8220; margin_bottom=&#8220;10&#8243; font_family=&#8220;none&#8220; align=&#8220;center&#8220;]\n<p style=\"text-align: center;\"><strong>Telefon:<\/strong> (0034) 91 005 26 59<br \/>\n<strong>Adresse:<\/strong> C \/ Boix y Morer 6, 9. Stock 28003 Madrid, Spanien<\/p>\n[\/mk_fancy_title][mk_button dimension=&#8220;flat&#8220; corner_style=&#8220;rounded&#8220; size=&#8220;medium&#8220; url=&#8220;https:\/\/fullcertificate.com\/de\/kontaktieren-sie-uns\/&#8220; align=&#8220;center&#8220; button_custom_width=&#8220;160&#8243; bg_color=&#8220;#0062b0&#8243; btn_hover_bg=&#8220;#252525&#8243;]KONTAKTIEREN SIE UNS[\/mk_button][\/vc_column_inner][\/vc_row_inner][\/vc_column][\/mk_page_section][mk_page_section full_width=&#8220;true&#8220; first_page=&#8220;false&#8220; last_page=&#8220;false&#8220; sidebar=&#8220;sidebar-1&#8243;][vc_column][mk_divider style=&#8220;thin_solid&#8220; thickness=&#8220;4&#8243; margin_top=&#8220;10&#8243; margin_bottom=&#8220;40&#8243;][vc_row_inner padding=&#8220;0&#8243;][vc_column_inner width=&#8220;1\/4&#8243;][\/vc_column_inner][vc_column_inner width=&#8220;1\/2&#8243;][mk_fancy_title tag_name=&#8220;h4&#8243; color=&#8220;#393836&#8243; size=&#8220;30&#8243; font_weight=&#8220;normal&#8220; font_style=&#8220;normal&#8220; txt_transform=&#8220;uppercase&#8220; margin_bottom=&#8220;18&#8243; font_family=&#8220;none&#8220; align=&#8220;center&#8220;]\n<p style=\"text-align: center;\">MIT DER GARANTIE F\u00dcR<\/p>\n[\/mk_fancy_title][mk_image src=&#8220;https:\/\/fullcertificate.com\/wp-content\/uploads\/2022\/04\/footer-nuevo-WE-VOTE.jpg&#8220; image_width=&#8220;1500&#8243; image_height=&#8220;216&#8243; link=&#8220;http:\/\/fullcertificate.com\/&#8220; target=&#8220;_blank&#8220; align=&#8220;center&#8220; el_class=&#8220;imagen-footer-centro&#8220; crop=&#8220;false&#8220;][\/vc_column_inner][vc_column_inner width=&#8220;1\/4&#8243;][\/vc_column_inner][\/vc_row_inner][\/vc_column][\/mk_page_section]\n","protected":false},"excerpt":{"rendered":"<p>[mk_page_section bg_image=&#8220;https:\/\/fullcertificate.com\/wp-content\/uploads\/2017\/03\/burofax-online-certificado-mismo-dia-urgente-1.jpg&#8220; bg_position=&#8220;center top&#8220; bg_repeat=&#8220;no-repeat&#8220; bg_stretch=&#8220;true&#8220; min_height=&#8220;350&#8243; padding_top=&#8220;20&#8243; padding_bottom=&#8220;0&#8243; first_page=&#8220;true&#8220; last_page=&#8220;true&#8220; sidebar=&#8220;sidebar-1&#8243;][vc_column][mk_fancy_title tag_name=&#8220;h1&#8243; color=&#8220;#000000&#8243; size=&#8220;40&#8243; font_weight=&#8220;normal&#8220; font_style=&#8220;normal&#8220; txt_transform=&#8220;none&#8220; margin_top=&#8220;60&#8243; margin_bottom=&#8220;0&#8243; font_family=&#8220;none&#8220;]Einschreibebrief mit Zertifizierten Inhalten Gleicher Tag[\/mk_fancy_title][mk_fancy_title color=&#8220;#000000&#8243; size=&#8220;25&#8243; font_weight=&#8220;300&#8243; font_style=&#8220;normal&#8220; txt_transform=&#8220;none&#8220; margin_bottom=&#8220;0&#8243; font_family=&#8220;none&#8220;]Einschreibebrief Online-Zertifikat am Tag ausgestellt und erhalten. Lieferung zu Hause, Unterschrift, Empfangsbest\u00e4tigung und Inhaltsbest\u00e4tigung.[\/mk_fancy_title][mk_button dimension=&#8220;flat&#8220; size=&#8220;medium&#8220; url=&#8220;https:\/\/cloud.fullcertificate.com\/register&#8220; target=&#8220;_blank&#8220; button_custom_width=&#8220;250&#8243; bg_color=&#8220;#0062b0&#8243; btn_hover_bg=&#8220;#252525&#8243;]JETZT VERTRAGEN[\/mk_button][\/vc_column][\/mk_page_section][mk_page_section padding_top=&#8220;50&#8243; [&hellip;]<\/p>\n","protected":false},"author":2,"featured_media":0,"parent":0,"menu_order":0,"comment_status":"closed","ping_status":"closed","template":"","meta":{"_bbp_topic_count":0,"_bbp_reply_count":0,"_bbp_total_topic_count":0,"_bbp_total_reply_count":0,"_bbp_voice_count":0,"_bbp_anonymous_reply_count":0,"_bbp_topic_count_hidden":0,"_bbp_reply_count_hidden":0,"_bbp_forum_subforum_count":0},"_links":{"self":[{"href":"https:\/\/www.fullcertificate.com\/de\/wp-json\/wp\/v2\/pages\/15928"}],"collection":[{"href":"https:\/\/www.fullcertificate.com\/de\/wp-json\/wp\/v2\/pages"}],"about":[{"href":"https:\/\/www.fullcertificate.com\/de\/wp-json\/wp\/v2\/types\/page"}],"author":[{"embeddable":true,"href":"https:\/\/www.fullcertificate.com\/de\/wp-json\/wp\/v2\/users\/2"}],"replies":[{"embeddable":true,"href":"https:\/\/www.fullcertificate.com\/de\/wp-json\/wp\/v2\/comments?post=15928"}],"version-history":[{"count":16,"href":"https:\/\/www.fullcertificate.com\/de\/wp-json\/wp\/v2\/pages\/15928\/revisions"}],"predecessor-version":[{"id":27621,"href":"https:\/\/www.fullcertificate.com\/de\/wp-json\/wp\/v2\/pages\/15928\/revisions\/27621"}],"wp:attachment":[{"href":"https:\/\/www.fullcertificate.com\/de\/wp-json\/wp\/v2\/media?parent=15928"}],"curies":[{"name":"wp","href":"https:\/\/api.w.org\/{rel}","templated":true}]}}