{"id":15973,"date":"2018-11-29T12:56:14","date_gmt":"2018-11-29T12:56:14","guid":{"rendered":"https:\/\/fullcertificate.com\/faxes-certificados\/"},"modified":"2022-04-13T04:39:52","modified_gmt":"2022-04-13T04:39:52","slug":"faxe-bescheinigungen-gueltigkeit-gesetzlich","status":"publish","type":"page","link":"https:\/\/www.fullcertificate.com\/de\/faxe-bescheinigungen-gueltigkeit-gesetzlich\/","title":{"rendered":"faxes certificados"},"content":{"rendered":"[mk_page_section bg_image=&#8220;https:\/\/fullcertificate.com\/wp-content\/uploads\/2016\/06\/fax-1.jpg&#8220; bg_position=&#8220;center top&#8220; bg_repeat=&#8220;no-repeat&#8220; bg_stretch=&#8220;true&#8220; min_height=&#8220;350&#8243; padding_top=&#8220;20&#8243; padding_bottom=&#8220;0&#8243; first_page=&#8220;true&#8220; last_page=&#8220;true&#8220; sidebar=&#8220;sidebar-1&#8243;][vc_column][mk_fancy_title color=&#8220;#000000&#8243; size=&#8220;40&#8243; font_weight=&#8220;normal&#8220; font_style=&#8220;normal&#8220; txt_transform=&#8220;none&#8220; margin_top=&#8220;60&#8243; margin_bottom=&#8220;0&#8243; font_family=&#8220;none&#8220;]Zertifizierte Faxe[\/mk_fancy_title][mk_fancy_title color=&#8220;#000000&#8243; size=&#8220;25&#8243; font_weight=&#8220;300&#8243; font_style=&#8220;normal&#8220; txt_transform=&#8220;none&#8220; margin_bottom=&#8220;0&#8243; font_family=&#8220;none&#8220;]Faxe mit gesetzlicher G\u00fcltigkeit und Inhaltszertifizierung[\/mk_fancy_title][mk_button dimension=&#8220;flat&#8220; size=&#8220;medium&#8220; url=&#8220;https:\/\/cloud.fullcertificate.com\/register&#8220; target=&#8220;_blank&#8220; button_custom_width=&#8220;250&#8243; bg_color=&#8220;#0062b0&#8243; btn_hover_bg=&#8220;#252525&#8243;]JETZT VERTRAGEN[\/mk_button][\/vc_column][\/mk_page_section][mk_page_section padding_top=&#8220;50&#8243; padding_bottom=&#8220;0&#8243; first_page=&#8220;false&#8220; last_page=&#8220;false&#8220; sidebar=&#8220;sidebar-1&#8243;][vc_column width=&#8220;3\/4&#8243;][mk_fancy_title color=&#8220;#0062af&#8220; size=&#8220;30&#8243; font_weight=&#8220;normal&#8220; font_style=&#8220;normal&#8220; txt_transform=&#8220;none&#8220; margin_bottom=&#8220;0&#8243; font_family=&#8220;none&#8220;]Zertifizierte Faxe[\/mk_fancy_title][mk_divider style=&#8220;thin_solid&#8220; thickness=&#8220;4&#8243; margin_top=&#8220;0&#8243;][mk_fancy_title color=&#8220;#000000&#8243; size=&#8220;17&#8243; font_weight=&#8220;bold&#8220; font_style=&#8220;normal&#8220; txt_transform=&#8220;uppercase&#8220; margin_bottom=&#8220;0&#8243; font_family=&#8220;none&#8220;]Zertifiziertes Fax: Ein wichtiger Kanal mit viel Geschichte und Wert[\/mk_fancy_title][mk_fancy_title color=&#8220;#f2006e&#8220; size=&#8220;20&#8243; font_weight=&#8220;normal&#8220; font_style=&#8220;normal&#8220; txt_transform=&#8220;none&#8220; margin_bottom=&#8220;30&#8243; font_family=&#8220;none&#8220;]Der alte traditionelle Faxdienst ist nach wie vor ein hervorragendes Kommunikationsmittel f\u00fcr rechtlich g\u00fcltige Mitteilungen an Unternehmen, Institutionen und Fachb\u00fcros.[\/mk_fancy_title][vc_row_inner padding=&#8220;0&#8243;][vc_column_inner width=&#8220;1\/3&#8243;][mk_icon_box text_size=&#8220;0&#8243; box_blur=&#8220;false&#8220;]<span style=\"color: #0062af;\"><img class=\"wp-image-8789 aligncenter\" src=\"https:\/\/fullcertificate.com\/wp-content\/uploads\/2018\/11\/icono-fax-certificado-2-1-1.png\" alt=\"\" width=\"216\" \/><\/span><\/p>\n<p style=\"text-align: center;\"><span style=\"color: #0062af;\"><strong>FAX-ZERTIFIKAT<\/strong><\/span><br \/>\nLieferung zertifizierung<br \/>\nInhaltszertifizierung<br \/>\nNotarielle Zeugnis<\/p>\n[\/mk_icon_box][mk_image src=&#8220;https:\/\/fullcertificate.com\/wp-content\/uploads\/2019\/04\/candado-eidas-eu-full-certificate.png&#8220; image_width=&#8220;100&#8243; align=&#8220;center&#8220; crop=&#8220;false&#8220;][\/vc_column_inner][vc_column_inner width=&#8220;2\/3&#8243;][mk_fancy_title tag_name=&#8220;h4&#8243; color=&#8220;#000000&#8243; font_weight=&#8220;normal&#8220; font_style=&#8220;normal&#8220; txt_transform=&#8220;none&#8220; font_family=&#8220;none&#8220;]\n<p>In den klassischen Kommunikationssystemen <span style=\"color: #0062af;\"> zeichnet sich das Fax <strong> durch seine Bedeutung und Geschichte aus. <\/strong> <\/span> Jetzt erfinden wir es mit einer neuen und wichtigen <span style=\"color: #0062af;\"> einfachen, wirtschaftlichen und bequemen Anwendung <\/span>: das <strong> Faxzertifikat<\/strong>.<\/p>\n<p>Da die <strong> <span style=\"color: #000000;\"> Festnetznummern f\u00fcr Telefon und Fax <\/span><\/strong> <span style=\"color: #0062af;\"> einem Datensatz zugewiesen sind <\/span>, entweder von Einzelpersonen, Freiberuflern oder Unternehmen, <span style=\"color: #0062af;\"> Benachrichtigungen \u00fcber diesen Kanal sind von gro\u00dfem Interesse <\/span>, solange sie <span style=\"color: #0062af;\"> zertifiziert <\/span> als Nachweis mit <span style=\"color: #0062af;\"> Rechtsg\u00fcltigkeit <\/span> in einer Testversion.<\/p>\n<p>Jetzt k\u00f6nnen Sie <strong> <span style=\"color: #000000;\"> ein Dokument im PDF-Format an ein Fax <\/span> <\/strong> an <span style=\"color: #0062af;\"> auf nationaler Ebene senden Europ\u00e4isch <\/span>. Wir werden <strong> drei Zustellversuche <\/strong> durchf\u00fchren, und sobald das Fax erkannt wird, senden unsere Server <span style=\"color: #0062af;\"> <span style=\"color: #000000;\"> zum Empf\u00e4ngerfax <\/span> Senden der Dokumentation <\/span>. <span style=\"color: #0062af;\"> Dieser Vorgang kann einige Minuten bis zu mehreren Tagen dauern. <\/span><\/p>\n<p>Es gibt mehrere Zertifizierungsstufen, von denen eine \u00fcbrig bleibt <span style=\"color: #0062af;\">vollst\u00e4ndige Aufzeichnung der durchgef\u00fchrten und \u00fcbertragenen Mitteilungen<\/span>:<\/p>\n<ul>\n<li><strong>Zertifiziertes Fax <\/strong> mit <span style=\"color: #0062af;\"> Lieferschein<\/span><\/li>\n<li><strong>Zertifiziertes Fax <\/strong> mit <span style=\"color: #0062af;\"> Inhaltszertifizierung<\/span><\/li>\n<li><strong>Zertifiziertes Fax <\/strong> mit <span style=\"color: #0062af;\"> Notarial Zeugnis<\/span><\/li>\n<\/ul>\n<p>Der <strong> Zertifizierte Faxservice <\/strong> bringt <span style=\"color: #0062af;\"> volle G\u00fcltigkeit <\/span> zu Ihren wichtigen Benachrichtigungen und Mitteilungen in kurzer Zeit und mit Versandkosten sehr erschwinglich<\/p>\n<p>Mit <strong> Zertifizierten Faxen<\/strong> k\u00f6nnen Sie <span style=\"color: #0062af;\">Benachrichtigungen<\/span> und Dokumente <span style=\"color: #0062af;\"> von Ihrem eigenen Computer aus senden,<\/span> in <strong><span style=\"color: #000000;\">PDF-Format<\/span><\/strong> mit totalem <span style=\"color: #0062af;\"> Komfort <\/span> und in beliebiger Form Tageszeit<\/p>\n<p>Mit <strong> Zertifizierte Benachrichtigungen &lt;\/ strong&gt; m\u00f6chten wir Ihnen die bundesweit gr\u00f6\u00dfte Zertifizierungsplattform bieten, damit unsere Kunden \u00fcber alle m\u00f6glichen Kan\u00e4le einer zertifizierten Kommunikation mit voller Rechtsg\u00fcltigkeit verf\u00fcgen und somit ihre Benachrichtigungsm\u00f6glichkeiten erh\u00f6hen.<\/strong><\/p>\n[\/mk_fancy_title][mk_fancy_title tag_name=&#8220;h4&#8243; color=&#8220;#000000&#8243; font_weight=&#8220;normal&#8220; font_style=&#8220;normal&#8220; txt_transform=&#8220;none&#8220; font_family=&#8220;none&#8220;]\n<p>Senden Sie ein <strong> Zertifiziertes Fax <\/strong> \u00fcber unsere <strong> Zertifizierte Benachrichtigung <\/strong> -Plattform von Ihrem eigenen Computer aus. Wenn das Ziel erreicht ist und der Zertifizierungsprozess ausgef\u00fchrt wird, senden wir Ihnen das Zertifikat in einer E-Mail an das Zertifikat ausgestellt, den Sie in Ihrem Kundenbereich unter <strong> Meine zertifizierten Benachrichtigungen &lt;\/ strong&gt; herunterladen k\u00f6nnen.<\/strong><\/p>\n<p>Die Zahl der <strong>Zertifizierten Benachrichtigungen<\/strong> als <strong> Dritter Europ\u00e4ischer Trust <\/strong> garantiert, dass Ihre <span style=\"color: #0062af;\"> &#8211; Sendungen die volle rechtliche G\u00fcltigkeit haben. Schnell, sparsam, umweltfreundlich und bequem <\/span>, von Ihrem Computer aus, wodurch Sie Zeit und viele Arbeitsstunden in professionellen B\u00fcros sparen.<\/p>\n<p>Mit allen unseren Produkten bieten wir auf Anfrage auch den <span style=\"color: #0062af;\"> &#8211; Service <\/span> <strong> Notarielle Zeugnis <\/strong> : Ein Notar registriert das elektronische Faxzertifikat in seinem Protokoll.<\/p>\n[\/mk_fancy_title][mk_blockquote font_family=&#8220;none&#8220; align=&#8220;left&#8220;]Sparen Sie <strong>mehr als 80%<\/strong> gegen\u00fcber dem klassischen Post Office Burofax[\/mk_blockquote][mk_fancy_title tag_name=&#8220;h4&#8243; color=&#8220;#000000&#8243; font_weight=&#8220;normal&#8220; font_style=&#8220;normal&#8220; txt_transform=&#8220;none&#8220; font_family=&#8220;none&#8220;]\n<p class=\"mk-shortcode mk-fancy-title fancy-title-align-left simple-style \"><span style=\"color: #0062af;\"><a style=\"color: #0062af;\" href=\"https:\/\/fullcertificate.com\/de\/tarife-preise\/\">WISSEN SIE UNSERE PREISE<\/a><\/span><\/p>\n[\/mk_fancy_title][\/vc_column_inner][\/vc_row_inner][mk_fancy_title color=&#8220;#000000&#8243; size=&#8220;30&#8243; font_weight=&#8220;normal&#8220; font_style=&#8220;normal&#8220; txt_transform=&#8220;uppercase&#8220; margin_top=&#8220;20&#8243; margin_bottom=&#8220;0&#8243; font_family=&#8220;none&#8220;]\n<p>PROZESS ZUR AUSF\u00dcHRUNG EINES ZERTIFIZIERTEN FAXES<\/p>\n[\/mk_fancy_title][mk_divider style=&#8220;thin_solid&#8220; thickness=&#8220;4&#8243; margin_top=&#8220;0&#8243;][mk_fancy_title tag_name=&#8220;h1&#8243; color=&#8220;#0062af&#8220; size=&#8220;25&#8243; font_weight=&#8220;bold&#8220; font_style=&#8220;normal&#8220; txt_transform=&#8220;uppercase&#8220; margin_top=&#8220;20&#8243; margin_bottom=&#8220;0&#8243; font_family=&#8220;none&#8220;]Zertifiziertes Fax[\/mk_fancy_title][mk_fancy_title color=&#8220;#f2006e&#8220; size=&#8220;20&#8243; font_weight=&#8220;normal&#8220; font_style=&#8220;normal&#8220; txt_transform=&#8220;none&#8220; font_family=&#8220;none&#8220;]\n<p id=\"fancy-title-574eeb5ea34db\" class=\"mk-shortcode mk-fancy-title fancy-title-align-left mk-animate-element top-to-bottom simple-style mk-in-viewport\">Burofax Fax-Zertifikat mit voller Rechtsg\u00fcltigkeit bei allen Sendungen.<\/p>\n[\/mk_fancy_title][vc_row_inner padding=&#8220;0&#8243;][vc_column_inner width=&#8220;1\/6&#8243;][mk_image src=&#8220;https:\/\/fullcertificate.com\/wp-content\/uploads\/2016\/05\/email_certificados-1.png&#8220; image_width=&#8220;82&#8243; image_height=&#8220;92&#8243; align=&#8220;center&#8220; margin_bottom=&#8220;0&#8243; crop=&#8220;false&#8220;][mk_image src=&#8220;https:\/\/fullcertificate.com\/wp-content\/uploads\/2016\/05\/Captura-de-pantalla-2016-05-27-a-las-09.20.23-1.png&#8220; image_width=&#8220;53&#8243; image_height=&#8220;48&#8243; align=&#8220;center&#8220; margin_bottom=&#8220;0&#8243; crop=&#8220;false&#8220;][mk_fancy_title color=&#8220;#404040&#8243; size=&#8220;11&#8243; font_weight=&#8220;bold&#8220; font_style=&#8220;inhert&#8220; txt_transform=&#8220;none&#8220; margin_bottom=&#8220;0&#8243; font_family=&#8220;none&#8220; align=&#8220;center&#8220;]\n<p style=\"text-align: center;\">Erstellen Sie Ihr Fax, indem Sie das Dokument hochladen, das Sie senden m\u00f6chten<\/p>\n[\/mk_fancy_title][\/vc_column_inner][vc_column_inner width=&#8220;1\/6&#8243;][mk_image src=&#8220;https:\/\/fullcertificate.com\/wp-content\/uploads\/2016\/05\/recepcion-del-destinatario-1.png&#8220; image_width=&#8220;82&#8243; image_height=&#8220;92&#8243; align=&#8220;center&#8220; margin_bottom=&#8220;0&#8243; crop=&#8220;false&#8220;][mk_image src=&#8220;https:\/\/fullcertificate.com\/wp-content\/uploads\/2016\/05\/Captura-de-pantalla-2016-05-27-a-las-09.20.23-1.png&#8220; image_width=&#8220;53&#8243; image_height=&#8220;48&#8243; align=&#8220;center&#8220; margin_bottom=&#8220;0&#8243; crop=&#8220;false&#8220;][mk_fancy_title color=&#8220;#404040&#8243; size=&#8220;11&#8243; font_weight=&#8220;bold&#8220; font_style=&#8220;inhert&#8220; txt_transform=&#8220;none&#8220; margin_bottom=&#8220;0&#8243; font_family=&#8220;none&#8220; align=&#8220;center&#8220;]\n<p style=\"text-align: center;\">Das Fax erreicht seinen Empf\u00e4nger<\/p>\n[\/mk_fancy_title][\/vc_column_inner][vc_column_inner width=&#8220;1\/6&#8243;][mk_image src=&#8220;https:\/\/fullcertificate.com\/wp-content\/uploads\/2016\/05\/sms_certificados_03-1.png&#8220; image_width=&#8220;82&#8243; image_height=&#8220;92&#8243; align=&#8220;center&#8220; margin_bottom=&#8220;0&#8243; crop=&#8220;false&#8220;][mk_image src=&#8220;https:\/\/fullcertificate.com\/wp-content\/uploads\/2016\/05\/Captura-de-pantalla-2016-05-27-a-las-09.20.23-1.png&#8220; image_width=&#8220;53&#8243; image_height=&#8220;48&#8243; align=&#8220;center&#8220; margin_bottom=&#8220;0&#8243; crop=&#8220;false&#8220;][mk_fancy_title color=&#8220;#404040&#8243; size=&#8220;11&#8243; font_weight=&#8220;bold&#8220; font_style=&#8220;inhert&#8220; txt_transform=&#8220;none&#8220; margin_bottom=&#8220;0&#8243; font_family=&#8220;none&#8220; align=&#8220;center&#8220;]\n<p style=\"text-align: center;\">Empfangsbest\u00e4tigung<\/p>\n[\/mk_fancy_title][\/vc_column_inner][vc_column_inner width=&#8220;1\/6&#8243;][\/vc_column_inner][vc_column_inner width=&#8220;1\/6&#8243;][\/vc_column_inner][vc_column_inner width=&#8220;1\/6&#8243;][\/vc_column_inner][\/vc_row_inner][mk_fancy_title tag_name=&#8220;h4&#8243; color=&#8220;#000000&#8243; font_weight=&#8220;normal&#8220; font_style=&#8220;normal&#8220; txt_transform=&#8220;none&#8220; font_family=&#8220;none&#8220;]Das erste Fax wird gesendet. Durch den Erhalt wird ein Zertifikat generiert. Danach wird ein Zertifikat zur Annahme des Faxes mit g\u00fcltiger G\u00fcltigkeit erstellt, falls diese Annahme erfolgt.[\/mk_fancy_title][\/vc_column][vc_column border_color=&#8220;#ffffff&#8220; width=&#8220;1\/4&#8243;][vc_row_inner padding=&#8220;0&#8243;][vc_column_inner][mk_image src=&#8220;https:\/\/fullcertificate.com\/wp-content\/uploads\/2018\/12\/european-trusted-third-party-full-certificate.png&#8220; image_width=&#8220;180&#8243; align=&#8220;center&#8220; margin_bottom=&#8220;35&#8243; crop=&#8220;false&#8220;][\/vc_column_inner][\/vc_row_inner][vc_row_inner padding=&#8220;0&#8243;][vc_column_inner css=&#8220;.vc_custom_1574082108670{border-top-width: 1px !important;border-right-width: 1px !important;border-bottom-width: 1px !important;border-left-width: 1px !important;border-left-color: #f2006e !important;border-left-style: solid !important;border-right-color: #f2006e !important;border-right-style: solid !important;border-top-color: #f2006e !important;border-top-style: solid !important;border-bottom-color: #f2006e !important;border-bottom-style: solid !important;}&#8220;][mk_fancy_title color=&#8220;#000000&#8243; size=&#8220;20&#8243; font_weight=&#8220;bold&#8220; font_style=&#8220;normal&#8220; txt_transform=&#8220;uppercase&#8220; margin_top=&#8220;20&#8243; margin_bottom=&#8220;0&#8243; font_family=&#8220;none&#8220; align=&#8220;center&#8220;]\n<p style=\"text-align: center;\">KOSTENLOS REGISTRIEREN<\/p>\n[\/mk_fancy_title][mk_fancy_title color=&#8220;#000000&#8243; size=&#8220;16&#8243; font_weight=&#8220;normal&#8220; font_style=&#8220;normal&#8220; txt_transform=&#8220;none&#8220; margin_bottom=&#8220;0&#8243; font_family=&#8220;none&#8220; align=&#8220;center&#8220;]\n<p style=\"text-align: center;\">Testen Sie unsere zertifizierten Services mit voller Rechtsg\u00fcltigkeit.<\/p>\n<p>&nbsp;<\/p>\n<p style=\"text-align: center;\"><strong><span style=\"color: #0062b0;\">Keine Geb\u00fchren, keine Vertr\u00e4ge.<\/span><br \/>\n<\/strong>Ihr Guthaben verf\u00e4llt nie.<\/p>\n[\/mk_fancy_title][mk_button dimension=&#8220;flat&#8220; corner_style=&#8220;rounded&#8220; size=&#8220;medium&#8220; url=&#8220;https:\/\/cloud.fullcertificate.com\/register&#8220; target=&#8220;_blank&#8220; align=&#8220;center&#8220; button_custom_width=&#8220;160&#8243; bg_color=&#8220;#f2006e&#8220; btn_hover_bg=&#8220;#252525&#8243; btn_hover_txt_color=&#8220;#ffffff&#8220;]HIER KLICKEN[\/mk_button][\/vc_column_inner][\/vc_row_inner][vc_row_inner padding=&#8220;0&#8243; el_class=&#8220;ocultar&#8220;][vc_column_inner][vc_empty_space][\/vc_column_inner][\/vc_row_inner][vc_row_inner padding=&#8220;0&#8243;][vc_column_inner][vc_empty_space height=&#8220;20px&#8220;][mk_icon_box2 icon_type=&#8220;image&#8220; title_size=&#8220;0&#8243; title_top_padding=&#8220;0&#8243; title_bottom_padding=&#8220;0&#8243;]<a href=\"https:\/\/fullcertificate.com\/de\/smartmoney\/\"><img loading=\"lazy\" class=\"wp-image-6433 size-medium aligncenter\" src=\"https:\/\/fullcertificate.com\/wp-content\/uploads\/2018\/10\/logo-smartmoney-1.png\" alt=\"\" width=\"180\" height=\"31\" \/><\/a><a href=\"https:\/\/fullcertificate.com\/de\/smartmoney\/\"><img loading=\"lazy\" class=\"wp-image-6439 size-medium aligncenter\" src=\"https:\/\/fullcertificate.com\/wp-content\/uploads\/2018\/10\/grafico-smart-money-3-1.png\" alt=\"\" width=\"170\" height=\"300\" \/><\/a><\/p>\n<p style=\"text-align: center;\"><strong><span style=\"color: #0062b0;\"><a style=\"color: #0062b0;\" href=\"https:\/\/fullcertificate.com\/de\/smartmoney\/\">SMART MONEY<\/a><br \/>\n<\/span><\/strong><span style=\"color: #000000; text-decoration: none;\"> Intelligente Vertr\u00e4ge<\/span><br \/>\n<span style=\"color: #000000; text-decoration: none;\"> Intelligente Zahlungen<\/span><br \/>\n<span style=\"color: #000000; text-decoration: none;\"> Smart Recovery <\/span><br \/>\n<span style=\"color: #000000; text-decoration: none;\"> Instrumententafel <\/span><\/p>\n[\/mk_icon_box2][mk_icon_box2 icon_type=&#8220;image&#8220; title_size=&#8220;0&#8243; title_top_padding=&#8220;0&#8243; title_bottom_padding=&#8220;0&#8243;]<a href=\"https:\/\/fullcertificate.com\/de\/smartone2one\/\"><img loading=\"lazy\" class=\"wp-image-6433 size-medium aligncenter\" src=\"https:\/\/fullcertificate.com\/wp-content\/uploads\/2018\/10\/logo-smart-one2one-2-1.png\" alt=\"\" width=\"226\" height=\"31\" \/><\/a><a href=\"https:\/\/fullcertificate.com\/de\/smartone2one\/\"><img loading=\"lazy\" class=\"wp-image-6439 size-medium aligncenter\" src=\"https:\/\/fullcertificate.com\/wp-content\/uploads\/2018\/10\/grafico-smart-one2one-1.png\" alt=\"\" width=\"170\" height=\"300\" \/><\/a><\/p>\n<p style=\"text-align: center;\"><strong><span style=\"color: #0062b0;\"><a style=\"color: #0062b0;\" href=\"https:\/\/fullcertificate.com\/de\/smartone2one\/\">SMART ONE2ONE<\/a><br \/>\n<\/span><\/strong><span style=\"color: #000000; text-decoration: none;\">Benutzerdefinierte Benachrichtigungen<\/span><br \/>\n<span style=\"color: #000000; text-decoration: none;\">Hoher Ausf\u00fchrungsumfang<\/span><br \/>\n<span style=\"color: #000000; text-decoration: none;\">Multichannel-Zertifizierung<\/span><br \/>\n<span style=\"color: #000000; text-decoration: none;\">Hohe Verf\u00fcgbarkeit<\/span><\/p>\n[\/mk_icon_box2][\/vc_column_inner][\/vc_row_inner][vc_empty_space height=&#8220;20px&#8220;][vc_row_inner el_class=&#8220;ocultar&#8220;][vc_column_inner css=&#8220;.vc_custom_1540979094932{border-top-width: 1px !important;border-right-width: 1px !important;border-bottom-width: 1px !important;border-left-width: 1px !important;padding-top: 20px !important;padding-bottom: 20px !important;background-color: #ffffff !important;border-left-color: #1e73be !important;border-left-style: solid !important;border-right-color: #1e73be !important;border-right-style: solid !important;border-top-color: #1e73be !important;border-top-style: solid !important;border-bottom-color: #1e73be !important;border-bottom-style: solid !important;}&#8220;][mk_fancy_title color=&#8220;#000000&#8243; size=&#8220;20&#8243; font_weight=&#8220;bold&#8220; font_style=&#8220;normal&#8220; txt_transform=&#8220;uppercase&#8220; margin_bottom=&#8220;0&#8243; font_family=&#8220;none&#8220; align=&#8220;center&#8220;]\n<p style=\"text-align: center;\">Kontaktinformationen<\/p>\n[\/mk_fancy_title][mk_fancy_title color=&#8220;#1e73be&#8220; font_weight=&#8220;normal&#8220; font_style=&#8220;normal&#8220; txt_transform=&#8220;none&#8220; margin_bottom=&#8220;10&#8243; font_family=&#8220;none&#8220; align=&#8220;center&#8220;]\n<p style=\"text-align: center;\"><strong>Telefon:<\/strong> (0034) 91 005 26 59<br \/>\n<strong>Adresse:<\/strong> C \/ Boix y Morer 6, 9. Stock 28003 Madrid, Spanien<\/p>\n[\/mk_fancy_title][mk_button dimension=&#8220;flat&#8220; corner_style=&#8220;rounded&#8220; size=&#8220;medium&#8220; url=&#8220;https:\/\/fullcertificate.com\/de\/kontaktieren-sie-uns\/&#8220; align=&#8220;center&#8220; button_custom_width=&#8220;160&#8243; bg_color=&#8220;#0062b0&#8243; btn_hover_bg=&#8220;#252525&#8243;]KONTAKTIEREN SIE UNS[\/mk_button][\/vc_column_inner][\/vc_row_inner][\/vc_column][\/mk_page_section][mk_page_section full_width=&#8220;true&#8220; first_page=&#8220;false&#8220; last_page=&#8220;false&#8220; sidebar=&#8220;sidebar-1&#8243;][vc_column][mk_divider style=&#8220;thin_solid&#8220; thickness=&#8220;4&#8243; margin_top=&#8220;10&#8243; margin_bottom=&#8220;40&#8243;][vc_row_inner padding=&#8220;0&#8243;][vc_column_inner width=&#8220;1\/4&#8243;][\/vc_column_inner][vc_column_inner width=&#8220;1\/2&#8243;][mk_fancy_title tag_name=&#8220;h4&#8243; color=&#8220;#393836&#8243; size=&#8220;30&#8243; font_weight=&#8220;normal&#8220; font_style=&#8220;normal&#8220; txt_transform=&#8220;uppercase&#8220; margin_bottom=&#8220;18&#8243; font_family=&#8220;none&#8220; align=&#8220;center&#8220;]\n<p style=\"text-align: center;\">MIT DER GARANTIE VON<\/p>\n[\/mk_fancy_title][mk_image src=&#8220;https:\/\/fullcertificate.com\/wp-content\/uploads\/2022\/04\/footer-nuevo-WE-VOTE.jpg&#8220; image_width=&#8220;1500&#8243; image_height=&#8220;216&#8243; link=&#8220;http:\/\/fullcertificate.com\/&#8220; target=&#8220;_blank&#8220; align=&#8220;center&#8220; el_class=&#8220;imagen-footer-centro&#8220; crop=&#8220;false&#8220;][\/vc_column_inner][vc_column_inner width=&#8220;1\/4&#8243;][\/vc_column_inner][\/vc_row_inner][\/vc_column][\/mk_page_section]\n","protected":false},"excerpt":{"rendered":"<p>[mk_page_section bg_image=&#8220;https:\/\/fullcertificate.com\/wp-content\/uploads\/2016\/06\/fax-1.jpg&#8220; bg_position=&#8220;center top&#8220; bg_repeat=&#8220;no-repeat&#8220; bg_stretch=&#8220;true&#8220; min_height=&#8220;350&#8243; padding_top=&#8220;20&#8243; padding_bottom=&#8220;0&#8243; first_page=&#8220;true&#8220; last_page=&#8220;true&#8220; sidebar=&#8220;sidebar-1&#8243;][vc_column][mk_fancy_title color=&#8220;#000000&#8243; size=&#8220;40&#8243; font_weight=&#8220;normal&#8220; font_style=&#8220;normal&#8220; txt_transform=&#8220;none&#8220; margin_top=&#8220;60&#8243; margin_bottom=&#8220;0&#8243; font_family=&#8220;none&#8220;]Zertifizierte Faxe[\/mk_fancy_title][mk_fancy_title color=&#8220;#000000&#8243; size=&#8220;25&#8243; font_weight=&#8220;300&#8243; font_style=&#8220;normal&#8220; txt_transform=&#8220;none&#8220; margin_bottom=&#8220;0&#8243; font_family=&#8220;none&#8220;]Faxe mit gesetzlicher G\u00fcltigkeit und Inhaltszertifizierung[\/mk_fancy_title][mk_button dimension=&#8220;flat&#8220; size=&#8220;medium&#8220; url=&#8220;https:\/\/cloud.fullcertificate.com\/register&#8220; target=&#8220;_blank&#8220; button_custom_width=&#8220;250&#8243; bg_color=&#8220;#0062b0&#8243; btn_hover_bg=&#8220;#252525&#8243;]JETZT VERTRAGEN[\/mk_button][\/vc_column][\/mk_page_section][mk_page_section padding_top=&#8220;50&#8243; padding_bottom=&#8220;0&#8243; first_page=&#8220;false&#8220; last_page=&#8220;false&#8220; sidebar=&#8220;sidebar-1&#8243;][vc_column width=&#8220;3\/4&#8243;][mk_fancy_title color=&#8220;#0062af&#8220; size=&#8220;30&#8243; font_weight=&#8220;normal&#8220; font_style=&#8220;normal&#8220; txt_transform=&#8220;none&#8220; margin_bottom=&#8220;0&#8243; font_family=&#8220;none&#8220;]Zertifizierte Faxe[\/mk_fancy_title][mk_divider [&hellip;]<\/p>\n","protected":false},"author":2,"featured_media":0,"parent":0,"menu_order":0,"comment_status":"closed","ping_status":"closed","template":"","meta":{"_bbp_topic_count":0,"_bbp_reply_count":0,"_bbp_total_topic_count":0,"_bbp_total_reply_count":0,"_bbp_voice_count":0,"_bbp_anonymous_reply_count":0,"_bbp_topic_count_hidden":0,"_bbp_reply_count_hidden":0,"_bbp_forum_subforum_count":0},"_links":{"self":[{"href":"https:\/\/www.fullcertificate.com\/de\/wp-json\/wp\/v2\/pages\/15973"}],"collection":[{"href":"https:\/\/www.fullcertificate.com\/de\/wp-json\/wp\/v2\/pages"}],"about":[{"href":"https:\/\/www.fullcertificate.com\/de\/wp-json\/wp\/v2\/types\/page"}],"author":[{"embeddable":true,"href":"https:\/\/www.fullcertificate.com\/de\/wp-json\/wp\/v2\/users\/2"}],"replies":[{"embeddable":true,"href":"https:\/\/www.fullcertificate.com\/de\/wp-json\/wp\/v2\/comments?post=15973"}],"version-history":[{"count":10,"href":"https:\/\/www.fullcertificate.com\/de\/wp-json\/wp\/v2\/pages\/15973\/revisions"}],"predecessor-version":[{"id":27725,"href":"https:\/\/www.fullcertificate.com\/de\/wp-json\/wp\/v2\/pages\/15973\/revisions\/27725"}],"wp:attachment":[{"href":"https:\/\/www.fullcertificate.com\/de\/wp-json\/wp\/v2\/media?parent=15973"}],"curies":[{"name":"wp","href":"https:\/\/api.w.org\/{rel}","templated":true}]}}