{"id":15981,"date":"2018-11-29T12:58:25","date_gmt":"2018-11-29T12:58:25","guid":{"rendered":"https:\/\/fullcertificate.com\/firma-digital-de-acuerdos-y-consentimientos-medicos\/"},"modified":"2022-04-13T04:42:43","modified_gmt":"2022-04-13T04:42:43","slug":"unterschrift-vereinbarungen-vereinbarungen-vereinbarungen-medizinische","status":"publish","type":"page","link":"https:\/\/www.fullcertificate.com\/de\/unterschrift-vereinbarungen-vereinbarungen-vereinbarungen-medizinische\/","title":{"rendered":"Firma digital de Acuerdos y Consentimientos M\u00e9dicos"},"content":{"rendered":"[mk_page_section bg_image=&#8220;https:\/\/fullcertificate.com\/wp-content\/uploads\/2018\/11\/banner-consentimiento-medico-avisos-certificados-1.jpg&#8220; bg_position=&#8220;center top&#8220; bg_repeat=&#8220;no-repeat&#8220; bg_stretch=&#8220;true&#8220; min_height=&#8220;350&#8243; padding_top=&#8220;20&#8243; padding_bottom=&#8220;0&#8243; first_page=&#8220;true&#8220; last_page=&#8220;true&#8220; sidebar=&#8220;sidebar-1&#8243;][vc_column][mk_fancy_title color=&#8220;#000000&#8243; size=&#8220;30&#8243; font_weight=&#8220;normal&#8220; font_style=&#8220;normal&#8220; txt_transform=&#8220;none&#8220; margin_top=&#8220;60&#8243; margin_bottom=&#8220;0&#8243; font_family=&#8220;none&#8220;]Unterzeichnung von Vertr\u00e4gen und medizinischen Einwilligungen[\/mk_fancy_title][mk_fancy_title tag_name=&#8220;h1&#8243; color=&#8220;#000000&#8243; size=&#8220;25&#8243; font_weight=&#8220;300&#8243; font_style=&#8220;normal&#8220; txt_transform=&#8220;none&#8220; margin_bottom=&#8220;0&#8243; font_family=&#8220;none&#8220;]Elektronische Signatur mit Tablets und Mobiltelefonen mit gesetzlicher G\u00fcltigkeit[\/mk_fancy_title][mk_button dimension=&#8220;flat&#8220; size=&#8220;medium&#8220; url=&#8220;https:\/\/cloud.fullcertificate.com\/register&#8220; target=&#8220;_blank&#8220; button_custom_width=&#8220;250&#8243; bg_color=&#8220;#0062b0&#8243; btn_hover_bg=&#8220;#252525&#8243;]JETZT VERTRAGEN[\/mk_button][\/vc_column][\/mk_page_section][mk_page_section padding_top=&#8220;50&#8243; padding_bottom=&#8220;50&#8243; first_page=&#8220;false&#8220; last_page=&#8220;false&#8220; sidebar=&#8220;sidebar-1&#8243;][vc_column width=&#8220;3\/4&#8243;][mk_fancy_title color=&#8220;#0062af&#8220; size=&#8220;30&#8243; font_weight=&#8220;normal&#8220; font_style=&#8220;normal&#8220; txt_transform=&#8220;none&#8220; margin_bottom=&#8220;0&#8243; font_family=&#8220;none&#8220;]Unterzeichnung von Vertr\u00e4gen und medizinischen Einwilligungen[\/mk_fancy_title][mk_divider style=&#8220;thin_solid&#8220; thickness=&#8220;4&#8243; margin_top=&#8220;0&#8243;][mk_fancy_title color=&#8220;#000000&#8243; size=&#8220;17&#8243; font_weight=&#8220;bold&#8220; font_style=&#8220;normal&#8220; txt_transform=&#8220;uppercase&#8220; margin_bottom=&#8220;0&#8243; font_family=&#8220;none&#8220;]Vereinbarungen, Annahme der Lieferung, \u00e4rztliche Zustimmung usw.[\/mk_fancy_title][mk_fancy_title color=&#8220;#f2006e&#8220; size=&#8220;20&#8243; font_weight=&#8220;normal&#8220; font_style=&#8220;normal&#8220; txt_transform=&#8220;none&#8220; margin_bottom=&#8220;30&#8243; font_family=&#8220;none&#8220;]Digitale Unterschrift von Vertr\u00e4gen und medizinischen Einwilligungen mit voller Rechtsg\u00fcltigkeit. Autogramm und \/ oder Fingerabdruck der digitalen Signatur oder Fernabfrage per SMS oder E-Mail-Zertifikat.[\/mk_fancy_title][vc_row_inner padding=&#8220;0&#8243;][vc_column_inner width=&#8220;1\/3&#8243;][mk_icon_box text_size=&#8220;0&#8243; icon_color=&#8220;#ffffff&#8220; icon_circle_color=&#8220;#ffffff&#8220; box_blur=&#8220;false&#8220;]<img class=\"wp-image-8885 aligncenter\" src=\"https:\/\/fullcertificate.com\/wp-content\/uploads\/2018\/11\/icono-contratos-certificados-2-2-300x300.png\" alt=\"\" width=\"216\" srcset=\"https:\/\/www.fullcertificate.com\/wp-content\/uploads\/2018\/11\/icono-contratos-certificados-2-2-300x300.png 300w, https:\/\/www.fullcertificate.com\/wp-content\/uploads\/2018\/11\/icono-contratos-certificados-2-2-150x150.png 150w, https:\/\/www.fullcertificate.com\/wp-content\/uploads\/2018\/11\/icono-contratos-certificados-2-2.png 500w\" sizes=\"(max-width: 300px) 100vw, 300px\" \/><\/p>\n<p style=\"text-align: center;\"><strong>VEREINBARUNGEN UND ZUSTIMMUNG<br \/>\n<\/strong>Elektronische Unterschrift<br \/>\nTablets und Handys<br \/>\nZertifizierte Unterschrift<br \/>\nRechtsg\u00fcltigkeit<\/p>\n[\/mk_icon_box][mk_image src=&#8220;https:\/\/fullcertificate.com\/wp-content\/uploads\/2019\/04\/candado-eidas-eu-full-certificate.png&#8220; image_width=&#8220;100&#8243; align=&#8220;center&#8220; crop=&#8220;false&#8220;][\/vc_column_inner][vc_column_inner width=&#8220;2\/3&#8243;][mk_fancy_title color=&#8220;#000000&#8243; font_weight=&#8220;normal&#8220; font_style=&#8220;normal&#8220; txt_transform=&#8220;none&#8220; margin_bottom=&#8220;0&#8243; font_family=&#8220;none&#8220;]Dieser Service entwickelt und integriert die <span style=\"color: #0062af;\">elektronischen Signaturl\u00f6sungen<\/span> von <strong>Zertifizierten Hinweisen<\/strong> aller Arten von <strong> Vereinbarungen, Annahmen und Einverst\u00e4ndniserkl\u00e4rungen<\/strong> mit <span style=\"color: #0062af;\"> Rechtsg\u00fcltigkeit.<\/span><\/p>\n<p>&nbsp;<\/p>\n<p>Der Prozess wird mithilfe von <strong>Apps<\/strong>, die von <strong>Zertifizierten Hinweisen<\/strong> oder durch Integrationen <strong>WS API-Rest<\/strong> beigesteuert werden, durchgef\u00fchrt. Der Kunde visualisiert in der <span style=\"color: #0062af;\">mobiles Ger\u00e4t<\/span> das Dokument, das Budget, den Vertrag und \/ oder die Vereinbarung, mit seinen eingegebenen pers\u00f6nlichen Daten zu unterschreiben oder auszuf\u00fcllen. Das System stellt \u00fcber <span style=\"color: #0062af;\">Web Services (API) eine Verbindung zur Cloud<\/span> der zertifizierten Benachrichtigungen her und sendet eine <span style=\"color: #0062af;\">elektronische Kopie<\/span> des Vertrages ggf. per eMail oder SMS an den Auftraggeber.<\/p>\n<p>&nbsp;<\/p>\n<p style=\"color: #0062af;\">UNTERZEICHNUNG VON ABKOMMEN UND ABNAHMEN<\/p>\n<p>&nbsp;<\/p>\n<p><span style=\"color: #000000;\">Sie k\u00f6nnen<\/span> <span style=\"color: #0062af;\">elektronische Signatur <span style=\"color: #000000;\"> <strong>Vereinbarungen<\/strong><\/span> zur Verf\u00fcgung stellen Dienstleistungen, Budgets, Mandate mit Honoraranerkennung<\/span> usw. Ebenso k\u00f6nnen Sie im Abschnitt <strong>Annahme<\/strong> die Lieferungen von Produkten und \/ oder Dienstleistungen verwalten.<\/p>\n<p>&nbsp;<\/p>\n<p style=\"color: #0062af;\">UNTERZEICHNUNG DES MEDIZINISCHEN ZUSTANDS<\/p>\n<p>&nbsp;<\/p>\n<p>Die elektronische Signatur von <strong>Informed Medical Consent<\/strong> ist ein wertvoller Service f\u00fcr den Gesundheitsbereich. <span style=\"color: #f2006e;\"><strong>Es reicht nicht aus,<\/strong> als Nachweis einer Signatur auf einem Softwareger\u00e4t <\/span>und <strong>ist notwendig<\/strong> <span style=\"color: #0062af;\">der Signaturprozess wird elektronisch<\/span> von einem <strong>Vertrauensw\u00fcrdigen Dritten<\/strong> zertifiziert, der <span style=\"color: #0062af;\">Sicherheit bietet legal mit zuverl\u00e4ssigem Nachweis<\/span> w\u00e4hrend des gesamten Prozesses. Dar\u00fcber hinaus ist die <strong>Medizinische Einwilligung<\/strong> Teil der <strong>rechten<\/strong> der <span style=\"color: #0062af;\"> <span style=\"color: #000000;\"><strong>Patient<\/strong><\/span>, um angemessene Informationen \u00fcber einen medizinischen Eingriff und seine Auswirkungen zu erhalten <span style=\"color: #000000;\">um frei entscheiden zu k\u00f6nnen, ob er sich bei ihm einschaltet oder nicht<\/span><br \/>\nDurch das Einholen der Einwilligungserkl\u00e4rung durch die elektronische Signatur kann <span style=\"color: #0062af;\"> das Papier in der Krankenakte gel\u00f6scht und im digitalen Format aufbewahrt werden. <\/span> Die elektronische Signatur bietet Vorteile aus Sicht der Wirtschaftlichkeit, Sicherheit und Effizienz bei der Verwaltung der Patienteneinwilligungserkl\u00e4rung.<\/span><\/p>\n<p>&nbsp;<\/p>\n<p>Unter den <strong>Hauptvorteilen<\/strong> heben wir folgende hervor:<\/p>\n<p>&nbsp;<\/p>\n<ul>\n<li><span style=\"color: #0062af;\">Konkurrenzf\u00e4hige Preise<\/span><\/li>\n<li><span style=\"color: #0062af;\">Gro\u00dfe Einsparungen bei den Betriebskosten<\/span><\/li>\n<li><span style=\"color: #0062af;\">Mehrkanalsignatur: <\/span><span style=\"color: #000000;\">alle<\/span> Kommunikationskan\u00e4le<\/li>\n<li><span style=\"color: #0062af;\">Multi-Ger\u00e4t<\/span> Melden Sie sich in Tablets, Smartphone oder PC an<\/li>\n<li><span style=\"color: #0062af;\">Exzellenz <\/span>in seinen <span style=\"color: #0062af;\">internen Vorg\u00e4ngen<\/span><\/li>\n<li><span style=\"color: #0062af;\">Totale Sicherheit<\/span><\/li>\n<li>Vollst\u00e4ndige <span style=\"color: #0062af;\">G\u00fcltigkeit<\/span> auf europ\u00e4ischer Ebene<\/li>\n<li><span style=\"color: #00adef;\"><span style=\"color: #0062af;\">Wichtige Einsparungen<\/span><\/span> von Zeit und Geld<\/li>\n<li>Vollst\u00e4ndige <span style=\"color: #0062af;\">G\u00fcltigkeit<\/span> gem\u00e4\u00df den europ\u00e4ischen Vorschriften<\/li>\n<li><span style=\"color: #0062af;\">Greifen Sie auf<\/span> in Echtzeit <span style=\"color: #0062af;\">24 Stunden zu<\/span><\/li>\n<li><span style=\"color: #00adef;\"><span style=\"color: #0062af;\">Automatisierung<\/span><\/span> von <span style=\"color: #0062af;\">Gesch\u00e4ftsprozessen<\/span> mit elektronischer Zertifizierung durch Rest API oder Web Services<\/li>\n<li>5 Jahre <span style=\"color: #0062af;\">custody<\/span> per Gesetz erweiterbar nach Bedarf<\/li>\n<\/ul>\n[\/mk_fancy_title][\/vc_column_inner][\/vc_row_inner][mk_fancy_title tag_name=&#8220;h4&#8243; color=&#8220;#000000&#8243; font_weight=&#8220;normal&#8220; font_style=&#8220;normal&#8220; txt_transform=&#8220;none&#8220; font_family=&#8220;none&#8220;]\n<p style=\"text-align: justify;\">Wir bieten einen <span style=\"color: #0062af;\"> <strong>pers\u00f6nlichen und ma\u00dfgeschneiderten Service<\/strong> <span style=\"color: #000000;\">f\u00fcr Ihre gesch\u00e4ftlichen Anforderungen<\/span>. <span style=\"color: #000000;\">Mit den elektronischen Signaturdiensten<\/span> k\u00f6nnen Sie Ihre <strong>Vereinbarungen, Abnahmen und medizinischen Einwilligungen<\/strong>, die Sie in ben\u00f6tigen, beschleunigen <span style=\"color: #0062af;\">einfach und schnell<\/span> <span style=\"color: #000000;\"> mit einer <span style=\"color: #0062af;\"> sehr wichtigen Kostenersparnis<\/span>.<\/span><\/span><\/p>\n<p>&nbsp;<\/p>\n<p>F\u00fcr <span style=\"color: #0062af;\">Klinik-Netzwerke mit mehreren Standorten<\/span> wie <strong>Franchise-Unternehmen<\/strong> <span style=\"color: #0062af;\"> <span style=\"color: #000000;\"> <strong>oder Healthcare Corporations<\/strong><\/span><\/span> <span style=\"color: #000000;\">wir erstellen Services mit hohem Mehrwert<\/span> mit umfassender Verwaltung Ihrer digitale Dienste.[\/mk_fancy_title][mk_image src=&#8220;https:\/\/fullcertificate.com\/wp-content\/uploads\/2017\/10\/pasos-firma-electronica-1.png&#8220; image_width=&#8220;912&#8243; margin_bottom=&#8220;40&#8243; el_class=&#8220;imagen-medio&#8220; crop=&#8220;false&#8220;][mk_fancy_title color=&#8220;#000000&#8243; font_weight=&#8220;normal&#8220; font_style=&#8220;normal&#8220; txt_transform=&#8220;none&#8220; margin_bottom=&#8220;0&#8243; font_family=&#8220;none&#8220;]<a href=\"https:\/\/fullcertificate.com\/de\/kontaktieren-sie-uns\/\"><strong><span style=\"color: #0062af;\">Kontaktieren Sie uns<\/span><\/strong><\/a> und ein spezialisierter Berater wird Sie pers\u00f6nlich unterst\u00fctzen.[\/mk_fancy_title][\/vc_column][vc_column border_color=&#8220;#ffffff&#8220; width=&#8220;1\/4&#8243;][mk_image src=&#8220;https:\/\/fullcertificate.com\/wp-content\/uploads\/2018\/12\/european-trusted-third-party-full-certificate.png&#8220; image_width=&#8220;180&#8243; align=&#8220;center&#8220; margin_bottom=&#8220;35&#8243; crop=&#8220;false&#8220;][vc_row_inner padding=&#8220;0&#8243;][vc_column_inner css=&#8220;.vc_custom_1574089163948{margin-bottom: 32px !important;border-top-width: 1px !important;border-right-width: 1px !important;border-bottom-width: 1px !important;border-left-width: 1px !important;border-left-color: #f2006e !important;border-left-style: solid !important;border-right-color: #f2006e !important;border-right-style: solid !important;border-top-color: #f2006e !important;border-top-style: solid !important;border-bottom-color: #f2006e !important;border-bottom-style: solid !important;}&#8220;][mk_fancy_title color=&#8220;#000000&#8243; size=&#8220;20&#8243; font_weight=&#8220;bold&#8220; font_style=&#8220;normal&#8220; txt_transform=&#8220;uppercase&#8220; margin_top=&#8220;20&#8243; margin_bottom=&#8220;0&#8243; font_family=&#8220;none&#8220; align=&#8220;center&#8220;]\n<p style=\"text-align: center;\">KOSTENLOS REGISTRIEREN<\/p>\n[\/mk_fancy_title][mk_fancy_title color=&#8220;#000000&#8243; size=&#8220;16&#8243; font_weight=&#8220;normal&#8220; font_style=&#8220;normal&#8220; txt_transform=&#8220;none&#8220; margin_bottom=&#8220;0&#8243; font_family=&#8220;none&#8220; align=&#8220;center&#8220;]\n<p style=\"text-align: center;\">Testen Sie unsere zertifizierten Services mit voller Rechtsg\u00fcltigkeit.<\/p>\n<p>&nbsp;<\/p>\n<p style=\"text-align: center;\"><strong><span style=\"color: #0062b0;\">Keine Geb\u00fchren, keine Vertr\u00e4ge.<\/span><br \/>\n<\/strong>Ihr Guthaben verf\u00e4llt nie.<\/p>\n[\/mk_fancy_title][mk_button dimension=&#8220;flat&#8220; corner_style=&#8220;rounded&#8220; size=&#8220;medium&#8220; url=&#8220;https:\/\/cloud.fullcertificate.com\/register&#8220; target=&#8220;_blank&#8220; align=&#8220;center&#8220; button_custom_width=&#8220;160&#8243; bg_color=&#8220;#f2006e&#8220; btn_hover_bg=&#8220;#252525&#8243; btn_hover_txt_color=&#8220;#ffffff&#8220;]HIER KLICKEN[\/mk_button][\/vc_column_inner][\/vc_row_inner][vc_empty_space height=&#8220;0px&#8220;][mk_icon_box2 icon_type=&#8220;image&#8220; title_size=&#8220;0&#8243; title_top_padding=&#8220;0&#8243; title_bottom_padding=&#8220;0&#8243;]<a href=\"https:\/\/fullcertificate.com\/de\/smartmoney\/\"><img loading=\"lazy\" class=\"wp-image-6433 size-medium aligncenter\" src=\"https:\/\/fullcertificate.com\/wp-content\/uploads\/2018\/10\/logo-smartmoney-1.png\" alt=\"\" width=\"180\" height=\"31\" \/><\/a><a href=\"https:\/\/fullcertificate.com\/de\/smartmoney\/\"><img loading=\"lazy\" class=\"wp-image-6439 size-medium aligncenter\" src=\"https:\/\/fullcertificate.com\/wp-content\/uploads\/2018\/10\/grafico-smart-money-3-1.png\" alt=\"\" width=\"170\" height=\"300\" \/><\/a><\/p>\n<p style=\"text-align: center;\"><strong><span style=\"color: #0062b0;\"><a style=\"color: #0062b0;\" href=\"https:\/\/fullcertificate.com\/de\/smartmoney\/\">SMART MONEY<\/a><br \/>\n<\/span><\/strong><span style=\"color: #000000; text-decoration: none;\">Intelligente Vertr\u00e4ge<\/span><br \/>\n<span style=\"color: #000000; text-decoration: none;\">Intelligente Zahlungen<\/span><br \/>\n<span style=\"color: #000000; text-decoration: none;\">Smart Recovery<\/span><br \/>\n<span style=\"color: #000000; text-decoration: none;\">Dashboard<\/span><\/p>\n[\/mk_icon_box2][vc_row_inner padding=&#8220;0&#8243;][vc_column_inner][mk_icon_box2 icon_type=&#8220;image&#8220; title_size=&#8220;0&#8243; title_top_padding=&#8220;0&#8243; title_bottom_padding=&#8220;0&#8243;]<a href=\"https:\/\/fullcertificate.com\/de\/smart-contracts\/\"><img loading=\"lazy\" class=\"aligncenter wp-image-6393 size-full\" src=\"https:\/\/fullcertificate.com\/wp-content\/uploads\/2018\/10\/logo-smartcontracts-2-1.png\" alt=\"\" width=\"210\" height=\"29\" \/><\/a><a href=\"https:\/\/fullcertificate.com\/de\/smart-contracts\/\"><img loading=\"lazy\" class=\"wp-image-6387 size-medium aligncenter\" src=\"https:\/\/fullcertificate.com\/wp-content\/uploads\/2018\/10\/grafico-smart-contracts-1.png\" alt=\"\" width=\"170\" height=\"297\" \/><\/a><\/p>\n<p style=\"text-align: center;\"><a href=\"https:\/\/fullcertificate.com\/de\/smart-contracts\/\"><strong><span style=\"color: #0062b0;\">SMART-CONTRACTS<\/span><\/strong><\/a><br \/>\n<span style=\"color: #000000; text-decoration: none;\">Intelligente Vertr\u00e4ge<\/span><br \/>\n<span style=\"color: #000000; text-decoration: none;\">Automatisierte Prozesse<\/span><br \/>\n<span style=\"color: #000000; text-decoration: none;\">Rechtsg\u00fcltigkeit<\/span><\/p>\n[\/mk_icon_box2][\/vc_column_inner][\/vc_row_inner][vc_row_inner padding=&#8220;0&#8243;][vc_column_inner][vc_empty_space height=&#8220;20px&#8220;][\/vc_column_inner][\/vc_row_inner][vc_row_inner padding=&#8220;0&#8243; el_class=&#8220;ocultar&#8220;][vc_column_inner css=&#8220;.vc_custom_1540979094932{border-top-width: 1px !important;border-right-width: 1px !important;border-bottom-width: 1px !important;border-left-width: 1px !important;padding-top: 20px !important;padding-bottom: 20px !important;background-color: #ffffff !important;border-left-color: #1e73be !important;border-left-style: solid !important;border-right-color: #1e73be !important;border-right-style: solid !important;border-top-color: #1e73be !important;border-top-style: solid !important;border-bottom-color: #1e73be !important;border-bottom-style: solid !important;}&#8220;][mk_fancy_title color=&#8220;#000000&#8243; size=&#8220;20&#8243; font_weight=&#8220;bold&#8220; font_style=&#8220;normal&#8220; txt_transform=&#8220;uppercase&#8220; margin_bottom=&#8220;0&#8243; font_family=&#8220;none&#8220; align=&#8220;center&#8220;]\n<p style=\"text-align: center;\">Kontaktinformationen<\/p>\n[\/mk_fancy_title][mk_fancy_title color=&#8220;#1e73be&#8220; font_weight=&#8220;normal&#8220; font_style=&#8220;normal&#8220; txt_transform=&#8220;none&#8220; margin_bottom=&#8220;10&#8243; font_family=&#8220;none&#8220; align=&#8220;center&#8220;]\n<p style=\"text-align: center;\"><strong>Telefon:<\/strong> (0034) 91 005 26 59<br \/>\n<strong>Adresse:<\/strong> C \/ Boix y Morer 6, 9. Stock 28003 Madrid, Spanien<\/p>\n[\/mk_fancy_title][mk_button dimension=&#8220;flat&#8220; corner_style=&#8220;rounded&#8220; size=&#8220;medium&#8220; url=&#8220;https:\/\/fullcertificate.com\/de\/kontaktieren-sie-uns\/&#8220; align=&#8220;center&#8220; button_custom_width=&#8220;160&#8243; bg_color=&#8220;#0062b0&#8243; btn_hover_bg=&#8220;#252525&#8243;]KONTAKTIEREN SIE UNS[\/mk_button][\/vc_column_inner][\/vc_row_inner][\/vc_column][\/mk_page_section][mk_page_section full_width=&#8220;true&#8220; first_page=&#8220;false&#8220; last_page=&#8220;false&#8220; sidebar=&#8220;sidebar-1&#8243;][vc_column][mk_divider style=&#8220;thin_solid&#8220; thickness=&#8220;4&#8243; margin_top=&#8220;10&#8243; margin_bottom=&#8220;40&#8243;][vc_row_inner padding=&#8220;0&#8243;][vc_column_inner width=&#8220;1\/4&#8243;][\/vc_column_inner][vc_column_inner width=&#8220;1\/2&#8243;][mk_fancy_title tag_name=&#8220;h4&#8243; color=&#8220;#393836&#8243; size=&#8220;30&#8243; font_weight=&#8220;normal&#8220; font_style=&#8220;normal&#8220; txt_transform=&#8220;uppercase&#8220; margin_bottom=&#8220;18&#8243; font_family=&#8220;none&#8220; align=&#8220;center&#8220;]\n<p style=\"text-align: center;\">MIT DER GARANTIE VON<\/p>\n[\/mk_fancy_title][mk_image src=&#8220;https:\/\/fullcertificate.com\/wp-content\/uploads\/2022\/04\/footer-nuevo-WE-VOTE.jpg&#8220; image_width=&#8220;1500&#8243; image_height=&#8220;216&#8243; link=&#8220;http:\/\/fullcertificate.com\/&#8220; target=&#8220;_blank&#8220; align=&#8220;center&#8220; el_class=&#8220;imagen-footer-centro&#8220; crop=&#8220;false&#8220;][\/vc_column_inner][vc_column_inner width=&#8220;1\/4&#8243;][\/vc_column_inner][\/vc_row_inner][\/vc_column][\/mk_page_section]\n","protected":false},"excerpt":{"rendered":"<p>[mk_page_section bg_image=&#8220;https:\/\/fullcertificate.com\/wp-content\/uploads\/2018\/11\/banner-consentimiento-medico-avisos-certificados-1.jpg&#8220; bg_position=&#8220;center top&#8220; bg_repeat=&#8220;no-repeat&#8220; bg_stretch=&#8220;true&#8220; min_height=&#8220;350&#8243; padding_top=&#8220;20&#8243; padding_bottom=&#8220;0&#8243; first_page=&#8220;true&#8220; last_page=&#8220;true&#8220; sidebar=&#8220;sidebar-1&#8243;][vc_column][mk_fancy_title color=&#8220;#000000&#8243; size=&#8220;30&#8243; font_weight=&#8220;normal&#8220; font_style=&#8220;normal&#8220; txt_transform=&#8220;none&#8220; margin_top=&#8220;60&#8243; margin_bottom=&#8220;0&#8243; font_family=&#8220;none&#8220;]Unterzeichnung von Vertr\u00e4gen und medizinischen Einwilligungen[\/mk_fancy_title][mk_fancy_title tag_name=&#8220;h1&#8243; color=&#8220;#000000&#8243; size=&#8220;25&#8243; font_weight=&#8220;300&#8243; font_style=&#8220;normal&#8220; txt_transform=&#8220;none&#8220; margin_bottom=&#8220;0&#8243; font_family=&#8220;none&#8220;]Elektronische Signatur mit Tablets und Mobiltelefonen mit gesetzlicher G\u00fcltigkeit[\/mk_fancy_title][mk_button dimension=&#8220;flat&#8220; size=&#8220;medium&#8220; url=&#8220;https:\/\/cloud.fullcertificate.com\/register&#8220; target=&#8220;_blank&#8220; button_custom_width=&#8220;250&#8243; bg_color=&#8220;#0062b0&#8243; btn_hover_bg=&#8220;#252525&#8243;]JETZT VERTRAGEN[\/mk_button][\/vc_column][\/mk_page_section][mk_page_section padding_top=&#8220;50&#8243; padding_bottom=&#8220;50&#8243; first_page=&#8220;false&#8220; last_page=&#8220;false&#8220; sidebar=&#8220;sidebar-1&#8243;][vc_column width=&#8220;3\/4&#8243;][mk_fancy_title [&hellip;]<\/p>\n","protected":false},"author":2,"featured_media":0,"parent":0,"menu_order":0,"comment_status":"closed","ping_status":"closed","template":"","meta":{"_bbp_topic_count":0,"_bbp_reply_count":0,"_bbp_total_topic_count":0,"_bbp_total_reply_count":0,"_bbp_voice_count":0,"_bbp_anonymous_reply_count":0,"_bbp_topic_count_hidden":0,"_bbp_reply_count_hidden":0,"_bbp_forum_subforum_count":0},"_links":{"self":[{"href":"https:\/\/www.fullcertificate.com\/de\/wp-json\/wp\/v2\/pages\/15981"}],"collection":[{"href":"https:\/\/www.fullcertificate.com\/de\/wp-json\/wp\/v2\/pages"}],"about":[{"href":"https:\/\/www.fullcertificate.com\/de\/wp-json\/wp\/v2\/types\/page"}],"author":[{"embeddable":true,"href":"https:\/\/www.fullcertificate.com\/de\/wp-json\/wp\/v2\/users\/2"}],"replies":[{"embeddable":true,"href":"https:\/\/www.fullcertificate.com\/de\/wp-json\/wp\/v2\/comments?post=15981"}],"version-history":[{"count":16,"href":"https:\/\/www.fullcertificate.com\/de\/wp-json\/wp\/v2\/pages\/15981\/revisions"}],"predecessor-version":[{"id":27730,"href":"https:\/\/www.fullcertificate.com\/de\/wp-json\/wp\/v2\/pages\/15981\/revisions\/27730"}],"wp:attachment":[{"href":"https:\/\/www.fullcertificate.com\/de\/wp-json\/wp\/v2\/media?parent=15981"}],"curies":[{"name":"wp","href":"https:\/\/api.w.org\/{rel}","templated":true}]}}