{"id":16037,"date":"2018-11-29T13:18:03","date_gmt":"2018-11-29T13:18:03","guid":{"rendered":"https:\/\/fullcertificate.com\/juntas-de-gobierno-certificadas\/"},"modified":"2022-04-13T05:09:44","modified_gmt":"2022-04-13T05:09:44","slug":"dichtungszertifiziert","status":"publish","type":"page","link":"https:\/\/www.fullcertificate.com\/de\/dichtungszertifiziert\/","title":{"rendered":"Juntas de Gobierno Certificadas"},"content":{"rendered":"[mk_page_section bg_image=&#8220;https:\/\/fullcertificate.com\/wp-content\/uploads\/2018\/11\/banner-juntas-gobierno-certificadas-avisos-certificados-1.jpg&#8220; bg_position=&#8220;center top&#8220; bg_repeat=&#8220;no-repeat&#8220; bg_stretch=&#8220;true&#8220; min_height=&#8220;350&#8243; padding_top=&#8220;20&#8243; padding_bottom=&#8220;0&#8243; first_page=&#8220;true&#8220; last_page=&#8220;true&#8220; sidebar=&#8220;sidebar-1&#8243;][vc_column][mk_fancy_title tag_name=&#8220;h1&#8243; color=&#8220;#000000&#8243; size=&#8220;40&#8243; font_weight=&#8220;normal&#8220; font_style=&#8220;normal&#8220; txt_transform=&#8220;none&#8220; margin_top=&#8220;60&#8243; margin_bottom=&#8220;0&#8243; font_family=&#8220;none&#8220;]eVoto in Regierungs\u00e4mtern[\/mk_fancy_title][mk_fancy_title tag_name=&#8220;h1&#8243; color=&#8220;#000000&#8243; size=&#8220;25&#8243; font_weight=&#8220;300&#8243; font_style=&#8220;normal&#8220; txt_transform=&#8220;none&#8220; margin_bottom=&#8220;0&#8243; font_family=&#8220;none&#8220;]Remote- und pers\u00f6nliche Entscheidungsfindung[\/mk_fancy_title][mk_button dimension=&#8220;flat&#8220; size=&#8220;medium&#8220; url=&#8220;https:\/\/www.wevote.eu\/en&#8220; target=&#8220;_blank&#8220; button_custom_width=&#8220;250&#8243; bg_color=&#8220;#0062b0&#8243; btn_hover_bg=&#8220;#252525&#8243;]BESUCHE WWW.WEVOTE.EU[\/mk_button][\/vc_column][\/mk_page_section][mk_page_section padding_top=&#8220;50&#8243; padding_bottom=&#8220;0&#8243; first_page=&#8220;false&#8220; last_page=&#8220;false&#8220; sidebar=&#8220;sidebar-1&#8243;][vc_column width=&#8220;3\/4&#8243;][mk_fancy_title color=&#8220;#0062af&#8220; size=&#8220;30&#8243; font_weight=&#8220;normal&#8220; font_style=&#8220;normal&#8220; txt_transform=&#8220;none&#8220; margin_bottom=&#8220;0&#8243; font_family=&#8220;none&#8220;]Stimmen Sie in pers\u00f6nlichen und Ferngespr\u00e4chen ab[\/mk_fancy_title][mk_divider style=&#8220;thin_solid&#8220; thickness=&#8220;4&#8243; margin_top=&#8220;0&#8243;][mk_fancy_title color=&#8220;#f2006e&#8220; size=&#8220;20&#8243; font_weight=&#8220;normal&#8220; font_style=&#8220;normal&#8220; txt_transform=&#8220;none&#8220; margin_bottom=&#8220;30&#8243; font_family=&#8220;none&#8220;]IDEAL F\u00dcR UNTERNEHMEN, VEREINIGUNGEN UND INSTITUTIONEN IM ALLGEMEINEN.[\/mk_fancy_title][vc_row_inner padding=&#8220;0&#8243;][vc_column_inner width=&#8220;1\/3&#8243;][mk_icon_box2 icon_type=&#8220;image&#8220; icon_size=&#8220;inherit&#8220; title_size=&#8220;0&#8243; title_top_padding=&#8220;0&#8243; title_bottom_padding=&#8220;0&#8243;]<img loading=\"lazy\" class=\"wp-image-6433 size-medium aligncenter\" src=\"https:\/\/fullcertificate.com\/wp-content\/uploads\/2018\/10\/logo-wevote-2-1.png\" alt=\"\" width=\"130\" height=\"31\" \/><img class=\"wp-image-6439 size-medium aligncenter\" src=\"https:\/\/fullcertificate.com\/wp-content\/uploads\/2018\/10\/grafico-smart-wevote-1.png\" alt=\"\" width=\"216\" \/><\/p>\n<p style=\"text-align: center;\"><strong><span style=\"color: #0062af;\">REGIERUNGSBOARDS<\/span><br \/>\n<\/strong><span style=\"color: #000000; text-decoration: none;\">eVoto Regierungsbeh\u00f6rden<br \/>\nZertifizierte Pr\u00fcfung<br \/>\nZertifiziertes Zertifikat<br \/>\nHohe Verf\u00fcgbarkeit<br \/>\nRechtsg\u00fcltigkeit<\/span><\/p>\n[\/mk_icon_box2][mk_image src=&#8220;https:\/\/fullcertificate.com\/wp-content\/uploads\/2019\/04\/candado-eidas-eu-full-certificate.png&#8220; image_width=&#8220;100&#8243; align=&#8220;center&#8220; margin_bottom=&#8220;5&#8243; crop=&#8220;false&#8220;][\/vc_column_inner][vc_column_inner width=&#8220;2\/3&#8243;][mk_fancy_title tag_name=&#8220;h4&#8243; color=&#8220;#000000&#8243; font_weight=&#8220;normal&#8220; font_style=&#8220;normal&#8220; txt_transform=&#8220;none&#8220; font_family=&#8220;none&#8220;]<strong>Die elektronische Abstimmung<\/strong> ist eine <span style=\"color: #0062af;\"> hervorragende Hilfe bei der Wahl von Kandidaten f\u00fcr die Leitungsgremien<\/span> der verschiedenen Unternehmen, Verb\u00e4nde und Institutionen, da dies erlaubt und <span style=\"color: #0062af;\">rationalisiert die Teilnahme<\/span> <strong>an Managemententscheidungen<\/strong>.<\/p>\n<p>&nbsp;<\/p>\n<p>Die Direktoren k\u00f6nnen sich <span style=\"color: #0062af;\"> pers\u00f6nlich und aus der Ferne treffen<\/span>, um die verschiedenen Punkte des Protokolls zu besprechen und abzustimmen, ohne physisch in den Besprechungsraum gehen zu m\u00fcssen.<\/p>\n<p>&nbsp;<\/p>\n<p>Zu diesem Zweck haben wir ein <strong>Remote-Voting-System<\/strong> erstellt, mit dem <span style=\"color: #0062af;\">der Eintrag jedes Punktes der zu besprechenden Tagesordnung nacheinander verwaltet und angezeigt werden kann und Abstimmung<\/span> durch elektronische Abstimmung.[\/mk_fancy_title][vc_separator][mk_image src=&#8220;https:\/\/fullcertificate.com\/wp-content\/uploads\/2019\/10\/electoral-processes-popular-consultations-wevote-full-certificate-aleman.jpg&#8220; image_width=&#8220;600&#8243; image_height=&#8220;500&#8243; align=&#8220;center&#8220; margin_bottom=&#8220;20&#8243; el_class=&#8220;imagen-medio&#8220; crop=&#8220;false&#8220;][mk_fancy_title tag_name=&#8220;h4&#8243; color=&#8220;#393836&#8243; font_weight=&#8220;normal&#8220; font_style=&#8220;normal&#8220; txt_transform=&#8220;none&#8220; margin_bottom=&#8220;18&#8243; font_family=&#8220;none&#8220;]Die verschiedenen zu behandelnden Punkte k\u00f6nnen mit umfangreichen Informationen versehen sein. Das virtuelle Meeting erm\u00f6glicht <span style=\"color: #0062af;\"> die Aufzeichnung des Meetings, die Entscheidungsfindung und die durchgef\u00fchrten Abstimmungen.<\/span><\/p>\n<p>&nbsp;<\/p>\n<p>WeVote, Zertifizierte Hinweise, stellt ein <strong>Endg\u00fcltiges elektronisches Zertifikat<\/strong> aus, wobei der Hash aller Stimmen mit der \u00dcberpr\u00fcfung der Ergebnisse jedes Punkts, der per E-Mail an jeden Teilnehmer gesendet wird, einbezogen wird. Dieser von <span style=\"color: #0062af;\">DRITT DES VERTRAUENS<\/span> ausgef\u00fchrte Vorgang gew\u00e4hrleistet eine <strong>volle rechtliche G\u00fcltigkeit<\/strong>[\/mk_fancy_title][mk_image src=&#8220;https:\/\/fullcertificate.com\/wp-content\/uploads\/2019\/10\/DEUTSCH-graphic-5-electronic-vote-wevote-full-certificate.jpg&#8220; image_width=&#8220;520&#8243; image_height=&#8220;200&#8243; align=&#8220;center&#8220; margin_bottom=&#8220;15&#8243; el_class=&#8220;imagen-medio&#8220; crop=&#8220;false&#8220;][mk_image src=&#8220;https:\/\/fullcertificate.com\/wp-content\/uploads\/2019\/10\/DEUTSCH-graphic-5-cartel-terceros-en-confianza-full-certificate.jpg&#8220; image_width=&#8220;520&#8243; image_height=&#8220;200&#8243; align=&#8220;center&#8220; margin_bottom=&#8220;25&#8243; el_class=&#8220;imagen-medio&#8220; crop=&#8220;false&#8220;][mk_fancy_title color=&#8220;#393836&#8243; font_weight=&#8220;normal&#8220; font_style=&#8220;normal&#8220; txt_transform=&#8220;none&#8220; margin_bottom=&#8220;18&#8243; font_family=&#8220;none&#8220;]F\u00fcr weitere Informationen <a href=\"https:\/\/fullcertificate.com\/de\/kontaktieren-sie-uns\/\">KONTAKTIEREN SIE UNS<\/a> und ein Berater wird Sie pers\u00f6nlich unterst\u00fctzen.[\/mk_fancy_title][\/vc_column_inner][\/vc_row_inner][\/vc_column][vc_column border_color=&#8220;#ffffff&#8220; width=&#8220;1\/4&#8243;][mk_image src=&#8220;https:\/\/fullcertificate.com\/wp-content\/uploads\/2018\/12\/european-trusted-third-party-full-certificate.png&#8220; image_width=&#8220;180&#8243; align=&#8220;center&#8220; margin_bottom=&#8220;35&#8243; crop=&#8220;false&#8220;][vc_empty_space height=&#8220;0px&#8220;][vc_row_inner padding=&#8220;0&#8243;][vc_column_inner css=&#8220;.vc_custom_1574094405567{border-top-width: 1px !important;border-right-width: 1px !important;border-bottom-width: 1px !important;border-left-width: 1px !important;border-left-color: #f2006e !important;border-left-style: solid !important;border-right-color: #f2006e !important;border-right-style: solid !important;border-top-color: #f2006e !important;border-top-style: solid !important;border-bottom-color: #f2006e !important;border-bottom-style: solid !important;}&#8220;][mk_fancy_title color=&#8220;#000000&#8243; size=&#8220;20&#8243; font_weight=&#8220;bold&#8220; font_style=&#8220;normal&#8220; txt_transform=&#8220;uppercase&#8220; margin_top=&#8220;20&#8243; margin_bottom=&#8220;0&#8243; font_family=&#8220;none&#8220; align=&#8220;center&#8220;]\n<p style=\"text-align: center;\">KOSTENLOS REGISTRIEREN<\/p>\n[\/mk_fancy_title][mk_fancy_title color=&#8220;#000000&#8243; size=&#8220;16&#8243; font_weight=&#8220;normal&#8220; font_style=&#8220;normal&#8220; txt_transform=&#8220;none&#8220; margin_bottom=&#8220;0&#8243; font_family=&#8220;none&#8220; align=&#8220;center&#8220;]\n<p style=\"text-align: center;\">Testen Sie unsere zertifizierten Dienstleistungen mit voller Rechtsg\u00fcltigkeit.<\/p>\n<p>&nbsp;<\/p>\n<p style=\"text-align: center;\"><strong><span style=\"color: #0062b0;\">Keine Geb\u00fchren, keine Vertr\u00e4ge.<\/span><br \/>\n<\/strong>Ihr Guthaben verf\u00e4llt nie.<\/p>\n[\/mk_fancy_title][mk_button dimension=&#8220;flat&#8220; corner_style=&#8220;rounded&#8220; size=&#8220;medium&#8220; url=&#8220;https:\/\/cloud.fullcertificate.com\/register&#8220; target=&#8220;_blank&#8220; align=&#8220;center&#8220; button_custom_width=&#8220;160&#8243; bg_color=&#8220;#f2006e&#8220; btn_hover_bg=&#8220;#252525&#8243; btn_hover_txt_color=&#8220;#ffffff&#8220;]HIER KLICKEN[\/mk_button][\/vc_column_inner][\/vc_row_inner][vc_row_inner padding=&#8220;0&#8243;][vc_column_inner][vc_empty_space height=&#8220;20px&#8220;][\/vc_column_inner][\/vc_row_inner][vc_row_inner padding=&#8220;0&#8243;][vc_column_inner][vc_empty_space height=&#8220;0px&#8220;][mk_icon_box2 icon_type=&#8220;image&#8220; title_size=&#8220;0&#8243; title_top_padding=&#8220;0&#8243; title_bottom_padding=&#8220;0&#8243;]<a href=\"https:\/\/fullcertificate.com\/de\/smartmoney\/\"><img loading=\"lazy\" class=\"wp-image-6433 size-medium aligncenter\" src=\"https:\/\/fullcertificate.com\/wp-content\/uploads\/2018\/10\/logo-smartmoney-1.png\" alt=\"\" width=\"180\" height=\"31\" \/><\/a><a href=\"https:\/\/fullcertificate.com\/de\/smartmoney\/\"><img loading=\"lazy\" class=\"wp-image-6439 size-medium aligncenter\" src=\"https:\/\/fullcertificate.com\/wp-content\/uploads\/2018\/10\/grafico-smart-money-3-1.png\" alt=\"\" width=\"170\" height=\"300\" \/><\/a><\/p>\n<p style=\"text-align: center;\"><strong><span style=\"color: #0062b0;\"><a style=\"color: #0062b0;\" href=\"https:\/\/fullcertificate.com\/de\/smartmoney\/\">SMART MONEY<\/a><br \/>\n<\/span><\/strong><span style=\"color: #000000; text-decoration: none;\">Intelligente Vertr\u00e4ge<br \/>\nIntelligente Zahlungen<br \/>\nSmart Recovery<br \/>\nDashboard<br \/>\n<\/span><\/p>\n[\/mk_icon_box2][vc_empty_space height=&#8220;20px&#8220;][mk_icon_box2 icon_type=&#8220;image&#8220; title_size=&#8220;0&#8243; title_top_padding=&#8220;0&#8243; title_bottom_padding=&#8220;0&#8243;]<a href=\"https:\/\/fullcertificate.com\/de\/automatisierung-cloud-inhouse\/\"><img loading=\"lazy\" class=\"wp-image-6433 size-medium aligncenter\" src=\"https:\/\/fullcertificate.com\/wp-content\/uploads\/2018\/10\/logo-smart-automation-2-1.png\" alt=\"\" width=\"265\" height=\"31\" \/><\/a><a href=\"https:\/\/fullcertificate.com\/de\/automatisierung-cloud-inhouse\/\"><img loading=\"lazy\" class=\"wp-image-6439 size-medium aligncenter\" src=\"https:\/\/fullcertificate.com\/wp-content\/uploads\/2018\/10\/grafico-smart-automation-1.png\" alt=\"\" width=\"170\" height=\"300\" \/><\/a><\/p>\n<p style=\"text-align: center;\"><strong><span style=\"color: #0062b0;\"><a style=\"color: #0062b0;\" href=\"https:\/\/fullcertificate.com\/de\/automatisierung-cloud-inhouse\/\">SMART AUTOMATION<\/a><br \/>\n<\/span><\/strong><span style=\"color: #000000; text-decoration: none;\">WS API-REST<br \/>\nIT-Entwicklung<br \/>\nErweiterte Authentifizierung<br \/>\nPortale und Formulare. klug<br \/>\n<\/span><\/p>\n[\/mk_icon_box2][\/vc_column_inner][\/vc_row_inner][vc_empty_space height=&#8220;20px&#8220;][vc_row_inner padding=&#8220;0&#8243; el_class=&#8220;ocultar&#8220;][vc_column_inner css=&#8220;.vc_custom_1540979094932{border-top-width: 1px !important;border-right-width: 1px !important;border-bottom-width: 1px !important;border-left-width: 1px !important;padding-top: 20px !important;padding-bottom: 20px !important;background-color: #ffffff !important;border-left-color: #1e73be !important;border-left-style: solid !important;border-right-color: #1e73be !important;border-right-style: solid !important;border-top-color: #1e73be !important;border-top-style: solid !important;border-bottom-color: #1e73be !important;border-bottom-style: solid !important;}&#8220;][mk_fancy_title color=&#8220;#000000&#8243; size=&#8220;20&#8243; font_weight=&#8220;bold&#8220; font_style=&#8220;normal&#8220; txt_transform=&#8220;uppercase&#8220; margin_bottom=&#8220;0&#8243; font_family=&#8220;none&#8220; align=&#8220;center&#8220;]\n<p style=\"text-align: center;\">Kontaktinformationen<\/p>\n[\/mk_fancy_title][mk_fancy_title color=&#8220;#1e73be&#8220; font_weight=&#8220;normal&#8220; font_style=&#8220;normal&#8220; txt_transform=&#8220;none&#8220; margin_bottom=&#8220;10&#8243; font_family=&#8220;none&#8220; align=&#8220;center&#8220;]\n<p style=\"text-align: center;\"><strong>Telefon:<\/strong> (0034) 91 005 26 59<br \/>\n<strong>Adresse:<\/strong> C \/ Boix y Morer 6, 9. Stock 28003 Madrid, Spanien<\/p>\n[\/mk_fancy_title][mk_button dimension=&#8220;flat&#8220; corner_style=&#8220;rounded&#8220; size=&#8220;medium&#8220; url=&#8220;https:\/\/fullcertificate.com\/de\/kontaktieren-sie-uns\/&#8220; align=&#8220;center&#8220; button_custom_width=&#8220;160&#8243; bg_color=&#8220;#0062b0&#8243; btn_hover_bg=&#8220;#252525&#8243;]KONTAKTIEREN SIE UNS[\/mk_button][\/vc_column_inner][\/vc_row_inner][\/vc_column][\/mk_page_section][mk_page_section full_width=&#8220;true&#8220; first_page=&#8220;false&#8220; last_page=&#8220;false&#8220; sidebar=&#8220;sidebar-1&#8243;][vc_column][mk_divider style=&#8220;thin_solid&#8220; thickness=&#8220;4&#8243; margin_top=&#8220;10&#8243; margin_bottom=&#8220;40&#8243;][vc_row_inner padding=&#8220;0&#8243;][vc_column_inner width=&#8220;1\/4&#8243;][\/vc_column_inner][vc_column_inner width=&#8220;1\/2&#8243;][mk_fancy_title tag_name=&#8220;h4&#8243; color=&#8220;#393836&#8243; size=&#8220;30&#8243; font_weight=&#8220;normal&#8220; font_style=&#8220;normal&#8220; txt_transform=&#8220;uppercase&#8220; margin_bottom=&#8220;18&#8243; font_family=&#8220;none&#8220; align=&#8220;center&#8220;]\n<p style=\"text-align: center;\">MIT DER GARANTIE VON<\/p>\n[\/mk_fancy_title][mk_image src=&#8220;https:\/\/fullcertificate.com\/wp-content\/uploads\/2022\/04\/footer-nuevo-WE-VOTE.jpg&#8220; image_width=&#8220;1500&#8243; image_height=&#8220;216&#8243; link=&#8220;http:\/\/fullcertificate.com\/&#8220; target=&#8220;_blank&#8220; align=&#8220;center&#8220; el_class=&#8220;imagen-footer-centro&#8220; crop=&#8220;false&#8220;][\/vc_column_inner][vc_column_inner width=&#8220;1\/4&#8243;][\/vc_column_inner][\/vc_row_inner][\/vc_column][\/mk_page_section]\n","protected":false},"excerpt":{"rendered":"<p>[mk_page_section bg_image=&#8220;https:\/\/fullcertificate.com\/wp-content\/uploads\/2018\/11\/banner-juntas-gobierno-certificadas-avisos-certificados-1.jpg&#8220; bg_position=&#8220;center top&#8220; bg_repeat=&#8220;no-repeat&#8220; bg_stretch=&#8220;true&#8220; min_height=&#8220;350&#8243; padding_top=&#8220;20&#8243; padding_bottom=&#8220;0&#8243; first_page=&#8220;true&#8220; last_page=&#8220;true&#8220; sidebar=&#8220;sidebar-1&#8243;][vc_column][mk_fancy_title tag_name=&#8220;h1&#8243; color=&#8220;#000000&#8243; size=&#8220;40&#8243; font_weight=&#8220;normal&#8220; font_style=&#8220;normal&#8220; txt_transform=&#8220;none&#8220; margin_top=&#8220;60&#8243; margin_bottom=&#8220;0&#8243; font_family=&#8220;none&#8220;]eVoto in Regierungs\u00e4mtern[\/mk_fancy_title][mk_fancy_title tag_name=&#8220;h1&#8243; color=&#8220;#000000&#8243; size=&#8220;25&#8243; font_weight=&#8220;300&#8243; font_style=&#8220;normal&#8220; txt_transform=&#8220;none&#8220; margin_bottom=&#8220;0&#8243; font_family=&#8220;none&#8220;]Remote- und pers\u00f6nliche Entscheidungsfindung[\/mk_fancy_title][mk_button dimension=&#8220;flat&#8220; size=&#8220;medium&#8220; url=&#8220;https:\/\/www.wevote.eu\/en&#8220; target=&#8220;_blank&#8220; button_custom_width=&#8220;250&#8243; bg_color=&#8220;#0062b0&#8243; btn_hover_bg=&#8220;#252525&#8243;]BESUCHE WWW.WEVOTE.EU[\/mk_button][\/vc_column][\/mk_page_section][mk_page_section padding_top=&#8220;50&#8243; padding_bottom=&#8220;0&#8243; first_page=&#8220;false&#8220; last_page=&#8220;false&#8220; sidebar=&#8220;sidebar-1&#8243;][vc_column width=&#8220;3\/4&#8243;][mk_fancy_title color=&#8220;#0062af&#8220; size=&#8220;30&#8243; font_weight=&#8220;normal&#8220; font_style=&#8220;normal&#8220; txt_transform=&#8220;none&#8220; margin_bottom=&#8220;0&#8243; font_family=&#8220;none&#8220;]Stimmen [&hellip;]<\/p>\n","protected":false},"author":2,"featured_media":0,"parent":0,"menu_order":0,"comment_status":"closed","ping_status":"closed","template":"","meta":{"_bbp_topic_count":0,"_bbp_reply_count":0,"_bbp_total_topic_count":0,"_bbp_total_reply_count":0,"_bbp_voice_count":0,"_bbp_anonymous_reply_count":0,"_bbp_topic_count_hidden":0,"_bbp_reply_count_hidden":0,"_bbp_forum_subforum_count":0},"_links":{"self":[{"href":"https:\/\/www.fullcertificate.com\/de\/wp-json\/wp\/v2\/pages\/16037"}],"collection":[{"href":"https:\/\/www.fullcertificate.com\/de\/wp-json\/wp\/v2\/pages"}],"about":[{"href":"https:\/\/www.fullcertificate.com\/de\/wp-json\/wp\/v2\/types\/page"}],"author":[{"embeddable":true,"href":"https:\/\/www.fullcertificate.com\/de\/wp-json\/wp\/v2\/users\/2"}],"replies":[{"embeddable":true,"href":"https:\/\/www.fullcertificate.com\/de\/wp-json\/wp\/v2\/comments?post=16037"}],"version-history":[{"count":12,"href":"https:\/\/www.fullcertificate.com\/de\/wp-json\/wp\/v2\/pages\/16037\/revisions"}],"predecessor-version":[{"id":27741,"href":"https:\/\/www.fullcertificate.com\/de\/wp-json\/wp\/v2\/pages\/16037\/revisions\/27741"}],"wp:attachment":[{"href":"https:\/\/www.fullcertificate.com\/de\/wp-json\/wp\/v2\/media?parent=16037"}],"curies":[{"name":"wp","href":"https:\/\/api.w.org\/{rel}","templated":true}]}}