{"id":16064,"date":"2018-11-29T14:18:35","date_gmt":"2018-11-29T14:18:35","guid":{"rendered":"https:\/\/fullcertificate.com\/politica-de-cookies\/"},"modified":"2019-10-16T11:21:21","modified_gmt":"2019-10-16T11:21:21","slug":"cookie-richtlinie","status":"publish","type":"page","link":"https:\/\/www.fullcertificate.com\/de\/cookie-richtlinie\/","title":{"rendered":"Pol\u00edtica de cookies"},"content":{"rendered":"<h1>Cookie-Richtlinie<\/h1>\n<p>Ein <em>Cookie<\/em> ist eine kleine Textdatei, die in Ihrem Browser gespeichert wird, wenn Sie nahezu alle Webseiten besuchen. Es ist n\u00fctzlich, dass das Web sich an Ihren Besuch erinnern kann, wenn Sie die Seite erneut aufrufen. <em>Cookies<\/em> speichern in der Regel Informationen technischer Art, pers\u00f6nliche Vorlieben, Personalisierung des Inhalts, Nutzungsstatistiken, Links zu sozialen Netzwerken, Zugriff auf Benutzerkonten usw. Der Zweck des <em>Cookies<\/em> besteht darin, den Inhalt des Webs an Ihr Profil und Ihre Bed\u00fcrfnisse anzupassen. Ohne <em>Cookies<\/em> w\u00fcrden die von einer Seite angebotenen Dienste erheblich reduziert. Wenn Sie weitere Informationen dazu ben\u00f6tigen, was <em>Cookies<\/em> sind, was sie speichern, wie Sie sie entfernen, deaktivieren, usw. <a href=\"http:\/\/blog.marketingmulticanal.com\/mas-informacion-sobre-las-cookies\/\">Bitte gehen Sie zu diesem Link.<\/a><\/p>\n<h3>AUF DIESER WEBSITE VERWENDETE COOKIES<\/h3>\n<p>Gem\u00e4\u00df den Richtlinien der spanischen Agentur f\u00fcr Datenschutz setzen wir die Verwendung der <em>Cookies<\/em> dieser Website fort, um Sie so genau wie m\u00f6glich zu informieren.<br \/>\nDiese Website verwendet die folgenden <strong>eigene Kekse<\/strong>:<\/p>\n<ul>\n<li style=\"list-style-type: none;\">\n<ul>\n<li>Sitzungs-Cookies, um sicherzustellen, dass Benutzer, die Kommentare im Blog verfassen, menschliche und keine automatisierten Anwendungen sind Auf diese Weise wird <em>Spam<\/em> bek\u00e4mpft.<\/li>\n<\/ul>\n<\/li>\n<\/ul>\n<p>Diese Website verwendet die folgenden <strong>Cookies von Drittanbietern<\/strong>:<\/p>\n<ul>\n<li style=\"list-style-type: none;\">\n<ul>\n<li>Google Analytics: Speichert <em>Cookies<\/em>, um Statistiken zum Datenverkehr und zum Besuchervolumen dieser Website zu erstellen. Durch die Nutzung dieser Website stimmen Sie der Verarbeitung von Informationen \u00fcber Sie durch Google zu. Die Aus\u00fcbung eines Rechts in diesem Sinne muss daher durch direkte Kommunikation mit Google erfolgen.<\/li>\n<\/ul>\n<\/li>\n<\/ul>\n<ul>\n<li style=\"list-style-type: none;\">\n<ul>\n<li>Soziale Netzwerke: Jedes soziale Netzwerk verwendet eigene <em>Cookies<\/em>, sodass Sie auf Schaltfl\u00e4chen wie <em>Ich mag<\/em> oder <em>Share<\/em> klicken k\u00f6nnen.<\/li>\n<\/ul>\n<\/li>\n<\/ul>\n<h3>DEAKTIVIERUNG ODER AUSSTELLUNG VON COOKIES<\/h3>\n<p>Sie k\u00f6nnen jederzeit von Ihrem Recht Gebrauch machen, Cookies von dieser Website zu deaktivieren oder zu l\u00f6schen. Diese Aktionen werden je nach verwendetem Browser unterschiedlich ausgef\u00fchrt. <a href=\"http:\/\/blog.marketingmulticanal.com\/mas-informacion-sobre-las-cookies\/#navegadores\">Hier finden Sie eine Kurzanleitung f\u00fcr die beliebtesten Browser.<\/a><\/p>\n<h2>ZUS\u00c4TZLICHE HINWEISE<\/h2>\n<ul>\n<li style=\"list-style-type: none;\">\n<ul>\n<li>Weder diese Website noch ihre gesetzlichen Vertreter sind f\u00fcr den Inhalt oder die Richtigkeit der in den Cookies von <em>Cookies<\/em> genannten Datenschutzrichtlinien verantwortlich.<\/li>\n<\/ul>\n<\/li>\n<\/ul>\n<ul>\n<li style=\"list-style-type: none;\">\n<ul>\n<li>Web-Browser sind die Werkzeuge, die f\u00fcr das Speichern der <em>Cookies<\/em> verantwortlich sind. Von diesem Ort aus m\u00fcssen Sie Ihr Recht aus\u00fcben, um sie zu l\u00f6schen oder zu deaktivieren. Weder diese Website noch ihre gesetzlichen Vertreter k\u00f6nnen die korrekte oder falsche Handhabung von <em>Cookies<\/em> durch die oben genannten Browser garantieren.<\/li>\n<\/ul>\n<\/li>\n<\/ul>\n<ul>\n<li style=\"list-style-type: none;\">\n<ul>\n<li>In einigen F\u00e4llen ist es erforderlich, <em>Cookies<\/em> zu installieren, damit der Browser nicht die Entscheidung vergisst, sie nicht zu akzeptieren.<\/li>\n<\/ul>\n<\/li>\n<\/ul>\n<ul>\n<li style=\"list-style-type: none;\">\n<ul>\n<li>Im Falle von <em>Cookies<\/em> von Google Analytics speichert dieses Unternehmen die <em>Cookies<\/em> auf Servern in den USA und verpflichtet sich, sie nicht an Dritte weiterzugeben, au\u00dfer in F\u00e4llen, in denen das ist f\u00fcr das Funktionieren des Systems erforderlich oder wenn das Gesetz dazu verpflichtet ist. Laut Google speichert Ihre IP-Adresse nicht. Google Inc. ist ein Unternehmen, das die Safe-Harbor-Vereinbarung einh\u00e4lt und garantiert, dass alle \u00fcbermittelten Daten gem\u00e4\u00df den europ\u00e4ischen Bestimmungen mit einem Schutzniveau behandelt werden. Sie k\u00f6nnen hierzu ausf\u00fchrliche Informationen einsehen <a href=\"http:\/\/safeharbor.export.gov\/companyinfo.aspx?id=16626\" target=\"_blank\" rel=\"noopener\">auf diesen Link<\/a>. Wenn Sie Informationen \u00fcber die Verwendung von Cookies bei Google w\u00fcnschen <a href=\"https:\/\/developers.google.com\/analytics\/devguides\/collection\/analyticsjs\/cookie-usage?hl=es&amp;csw=1\" target=\"_blank\" rel=\"noopener\">wir h\u00e4ngen diesen anderen Link an.<\/a><\/li>\n<\/ul>\n<\/li>\n<\/ul>\n<ul>\n<li>Z\u00f6gern Sie nicht, uns bei Fragen oder Fragen zu dieser <em>Cookies<\/em> -Richtlinie \u00fcber den Kontaktbereich zu kontaktieren.<\/li>\n<\/ul>\n","protected":false},"excerpt":{"rendered":"<p>Cookie-Richtlinie Ein Cookie ist eine kleine Textdatei, die in Ihrem Browser gespeichert wird, wenn Sie nahezu alle Webseiten besuchen. Es ist n\u00fctzlich, dass das Web sich an Ihren Besuch erinnern kann, wenn Sie die Seite erneut aufrufen. Cookies speichern in der Regel Informationen technischer Art, pers\u00f6nliche Vorlieben, Personalisierung des Inhalts, Nutzungsstatistiken, Links zu sozialen Netzwerken, [&hellip;]<\/p>\n","protected":false},"author":2,"featured_media":0,"parent":0,"menu_order":0,"comment_status":"closed","ping_status":"open","template":"","meta":{"_bbp_topic_count":0,"_bbp_reply_count":0,"_bbp_total_topic_count":0,"_bbp_total_reply_count":0,"_bbp_voice_count":0,"_bbp_anonymous_reply_count":0,"_bbp_topic_count_hidden":0,"_bbp_reply_count_hidden":0,"_bbp_forum_subforum_count":0},"_links":{"self":[{"href":"https:\/\/www.fullcertificate.com\/de\/wp-json\/wp\/v2\/pages\/16064"}],"collection":[{"href":"https:\/\/www.fullcertificate.com\/de\/wp-json\/wp\/v2\/pages"}],"about":[{"href":"https:\/\/www.fullcertificate.com\/de\/wp-json\/wp\/v2\/types\/page"}],"author":[{"embeddable":true,"href":"https:\/\/www.fullcertificate.com\/de\/wp-json\/wp\/v2\/users\/2"}],"replies":[{"embeddable":true,"href":"https:\/\/www.fullcertificate.com\/de\/wp-json\/wp\/v2\/comments?post=16064"}],"version-history":[{"count":2,"href":"https:\/\/www.fullcertificate.com\/de\/wp-json\/wp\/v2\/pages\/16064\/revisions"}],"predecessor-version":[{"id":17190,"href":"https:\/\/www.fullcertificate.com\/de\/wp-json\/wp\/v2\/pages\/16064\/revisions\/17190"}],"wp:attachment":[{"href":"https:\/\/www.fullcertificate.com\/de\/wp-json\/wp\/v2\/media?parent=16064"}],"curies":[{"name":"wp","href":"https:\/\/api.w.org\/{rel}","templated":true}]}}