{"id":16065,"date":"2018-11-29T14:19:22","date_gmt":"2018-11-29T14:19:22","guid":{"rendered":"https:\/\/fullcertificate.com\/politica-de-privacidad\/"},"modified":"2020-03-30T11:38:05","modified_gmt":"2020-03-30T11:38:05","slug":"datenschutzerklaerung","status":"publish","type":"page","link":"https:\/\/www.fullcertificate.com\/de\/datenschutzerklaerung\/","title":{"rendered":"Pol\u00edtica de privacidad"},"content":{"rendered":"[vc_row][vc_column][vc_column_text disable_pattern=&#8220;true&#8220; align=&#8220;left&#8220; margin_bottom=&#8220;0&#8243;]\n<div style=\"margin: 0 5%;\">\n<h1>Datenschutzerkl\u00e4rung<\/h1>\n<p>In Full Certificate arbeiten wir daran, die Vertraulichkeit der von unseren Kunden und Nutzern zur Verf\u00fcgung gestellten pers\u00f6nlichen Daten in \u00dcbereinstimmung mit der Verordnung (EU) 2016\/679 zu garantieren.<\/p>\n<h3>GRUNDLEGENDE INFORMATIONEN ZUM DATENSCHUTZ<\/h3>\n<p>Der Nutzer kann gem\u00e4\u00df der Verordnung (EU) 2016\/679 des Europ\u00e4ischen Parlaments und des Rates vom 27. April 2016 zum Schutz nat\u00fcrlicher Personen bei der Verarbeitung personenbezogener Daten und zum freien Datenverkehr die erteilte Einwilligung widerrufen und sein Recht auf Zugang, Berichtigung, L\u00f6schung, L\u00f6schung, Widerspruch, Einschr\u00e4nkung der Verarbeitung und \u00dcbertragbarkeit unter den in den Rechtsvorschriften zum Datenschutz festgelegten Bedingungen aus\u00fcben, indem er eine formelle Mitteilung an die E-Mail-Adresse: rgpd@fullcerate sendet. com, und geben Sie Ihren ausdr\u00fccklichen Wunsch an, das Abonnement zu k\u00fcndigen, indem Sie an den Verantwortlichen f\u00fcr die Datenverarbeitung, Full Certificate, S.L. Calle Boix y Morer, 6-9\u00aa planta \u00c1tico 28003 Madrid, schreiben.<\/p>\n<h3>ZWECK DER BEHANDLUNG<\/h3>\n<p>Full Certificate wird Ihre pers\u00f6nlichen Daten \u00fcber die Formulare im Web und dessen System und mit dem folgenden Zweck erfassen<\/p>\n<p>1. die Benutzer und Kunden zu identifizieren<br \/>\n2. die Unternehmen und Personen zu identifizieren, an die sie ihre Mitteilungen und Vertr\u00e4ge richten<br \/>\n3. Die Entwicklung der elektronischen Vertrauensdienste, die ihm eigen sind, da es sich um zertifizierte elektronische Benachrichtigungen, elektronische Vertr\u00e4ge usw. handelt.<br \/>\n4. Versendung der ausgestellten elektronischen Zertifikate<br \/>\n5. Senden von kommerziellen und betrieblichen Informationen<br \/>\n6. Jede Kommunikationsaktivit\u00e4t, die Teil des Unternehmenszwecks ist<\/p>\n<h3>VERANTWORTLICH F\u00dcR DIE VERARBEITUNG<\/h3>\n<p>Die pers\u00f6nlichen Daten, die direkt von der interessierten Partei gesammelt werden k\u00f6nnen, werden vertraulich behandelt und in die entsprechende Verarbeitungsaktivit\u00e4t im Besitz von Full Certificate, S.L. aufgenommen.<\/p>\n<h3>RECHTE \u00dcBER PERS\u00d6NLICHE DATEN<\/h3>\n<p>Kunden und Benutzer k\u00f6nnen die folgenden Rechte \u00fcber ihre pers\u00f6nlichen Daten aus\u00fcben:<\/p>\n<p>&#8211; Recht auf Zugang<br \/>\n&#8211; Recht auf Berichtigung<br \/>\n&#8211; Portabilit\u00e4tsgesetz<br \/>\n&#8211; Recht auf Einspruch gegen die Verarbeitung<br \/>\n&#8211; Recht auf Widerruf der Zustimmung<br \/>\n&#8211; Recht auf Beschr\u00e4nkung der Behandlung<\/p>\n<h3>SPEICHERUNG VON DATEN<\/h3>\n<p>Das Vollzertifikat bewahrt per Gesetz die ausgestellten elektronischen Zertifikate f\u00fcr mindestens f\u00fcnf Jahre auf, ebenso wie die von den Benutzern zu diesem Zweck zur Verf\u00fcgung gestellten pers\u00f6nlichen Daten.<\/p>\n<p>Das hei\u00dft, sie werden f\u00fcr die Zeit aufbewahrt, die notwendig ist, um den Zweck zu erf\u00fcllen, f\u00fcr den sie gesammelt werden, und um die m\u00f6glichen Verantwortlichkeiten zu bestimmen, die sich aus dem Zweck ergeben k\u00f6nnen.<\/p>\n<h3>KOMMUNIKATION VON DATEN<\/h3>\n<p>Im Allgemeinen werden pers\u00f6nliche Daten nicht an Dritte weitergegeben, es sei denn, es besteht eine gesetzliche Verpflichtung dazu. Jede Person hat das Recht, die Best\u00e4tigung der Verarbeitung ihrer Daten durch Full Certificate, S.L. zu erhalten.<\/p>\n<h3>SICHERHEIT<\/h3>\n<p>FULL CERTIFICATE hat technische und organisatorische Sicherheitsma\u00dfnahmen in \u00dcbereinstimmung mit den Bed\u00fcrfnissen seiner digitalen Dienste entwickelt.<\/p>\n<p>Es garantiert auch die Sicherheit Ihrer pers\u00f6nlichen Daten.<\/p>\n<h3>COOKIES<\/h3>\n<p>Diese Website verwendet Cookies. Sie k\u00f6nnen die Verwendung von Cookies verhindern, indem Sie diese in Ihrem Internetbrowser deaktivieren.<\/p>\n<h3>LEGITIMATION<\/h3>\n<p>Die Verarbeitung Ihrer Daten erfolgt zur Erf\u00fcllung der gesetzlichen Verpflichtungen seitens Full Certificate, S.L., zur Erf\u00fcllung der ausgef\u00fchrten Arbeiten, sowie wenn der Zweck der Verarbeitung Ihre Zustimmung erfordert, die durch eine eindeutige positive Handlung erteilt werden muss.<\/p>\n<h3>\u00c4NDERUNGEN AN DER DATENSCHUTZRICHTLINIE<\/h3>\n<p>FULL CERTIFICATE beh\u00e4lt sich das Recht vor, dieses Dokument entsprechend seiner Entwicklung und Kriterien im Laufe der Zeit zu \u00e4ndern, einschlie\u00dflich regulatorischer und rechtlicher \u00c4nderungen.<\/p>\n<h3>GESETZGEBUNG UND RECHTSPRECHUNG<\/h3>\n<p>Alle Streitigkeiten und\/oder Anspr\u00fcche, die sich aus der Datenschutzrichtlinie ergeben, fallen in den Rahmen der spanischen Gesetzgebung und werden der Gerichtsbarkeit der Gerichte und Tribunale von Madrid vorgelegt.<\/p>\n<\/div>\n[\/vc_column_text][\/vc_column][\/vc_row]\n","protected":false},"excerpt":{"rendered":"<p>[vc_row][vc_column][vc_column_text disable_pattern=&#8220;true&#8220; align=&#8220;left&#8220; margin_bottom=&#8220;0&#8243;] Datenschutzerkl\u00e4rung In Full Certificate arbeiten wir daran, die Vertraulichkeit der von unseren Kunden und Nutzern zur Verf\u00fcgung gestellten pers\u00f6nlichen Daten in \u00dcbereinstimmung mit der Verordnung (EU) 2016\/679 zu garantieren. GRUNDLEGENDE INFORMATIONEN ZUM DATENSCHUTZ Der Nutzer kann gem\u00e4\u00df der Verordnung (EU) 2016\/679 des Europ\u00e4ischen Parlaments und des Rates vom 27. April 2016 [&hellip;]<\/p>\n","protected":false},"author":2,"featured_media":0,"parent":0,"menu_order":0,"comment_status":"closed","ping_status":"open","template":"","meta":{"_bbp_topic_count":0,"_bbp_reply_count":0,"_bbp_total_topic_count":0,"_bbp_total_reply_count":0,"_bbp_voice_count":0,"_bbp_anonymous_reply_count":0,"_bbp_topic_count_hidden":0,"_bbp_reply_count_hidden":0,"_bbp_forum_subforum_count":0},"_links":{"self":[{"href":"https:\/\/www.fullcertificate.com\/de\/wp-json\/wp\/v2\/pages\/16065"}],"collection":[{"href":"https:\/\/www.fullcertificate.com\/de\/wp-json\/wp\/v2\/pages"}],"about":[{"href":"https:\/\/www.fullcertificate.com\/de\/wp-json\/wp\/v2\/types\/page"}],"author":[{"embeddable":true,"href":"https:\/\/www.fullcertificate.com\/de\/wp-json\/wp\/v2\/users\/2"}],"replies":[{"embeddable":true,"href":"https:\/\/www.fullcertificate.com\/de\/wp-json\/wp\/v2\/comments?post=16065"}],"version-history":[{"count":7,"href":"https:\/\/www.fullcertificate.com\/de\/wp-json\/wp\/v2\/pages\/16065\/revisions"}],"predecessor-version":[{"id":25268,"href":"https:\/\/www.fullcertificate.com\/de\/wp-json\/wp\/v2\/pages\/16065\/revisions\/25268"}],"wp:attachment":[{"href":"https:\/\/www.fullcertificate.com\/de\/wp-json\/wp\/v2\/media?parent=16065"}],"curies":[{"name":"wp","href":"https:\/\/api.w.org\/{rel}","templated":true}]}}