{"id":16073,"date":"2018-11-29T14:25:05","date_gmt":"2018-11-29T14:25:05","guid":{"rendered":"https:\/\/fullcertificate.com\/recibo-domiciliado-sepa\/"},"modified":"2022-04-13T04:44:15","modified_gmt":"2022-04-13T04:44:15","slug":"receipt-domiciled-sepa","status":"publish","type":"page","link":"https:\/\/www.fullcertificate.com\/de\/receipt-domiciled-sepa\/","title":{"rendered":"Recibo domiciliado SEPA"},"content":{"rendered":"[mk_page_section bg_image=&#8220;https:\/\/fullcertificate.com\/wp-content\/uploads\/2016\/09\/recibo-domiciliado-sepa-1.jpg&#8220; bg_position=&#8220;center top&#8220; bg_repeat=&#8220;no-repeat&#8220; bg_stretch=&#8220;true&#8220; min_height=&#8220;350&#8243; padding_top=&#8220;20&#8243; padding_bottom=&#8220;0&#8243; first_page=&#8220;true&#8220; last_page=&#8220;true&#8220; sidebar=&#8220;sidebar-1&#8243;][vc_column][mk_fancy_title tag_name=&#8220;h1&#8243; color=&#8220;#000000&#8243; size=&#8220;40&#8243; font_weight=&#8220;normal&#8220; font_style=&#8220;normal&#8220; txt_transform=&#8220;none&#8220; margin_top=&#8220;60&#8243; margin_bottom=&#8220;0&#8243; font_family=&#8220;none&#8220;]SEPA-Direktzugang[\/mk_fancy_title][mk_fancy_title tag_name=&#8220;h1&#8243; color=&#8220;#000000&#8243; size=&#8220;25&#8243; font_weight=&#8220;300&#8243; font_style=&#8220;normal&#8220; txt_transform=&#8220;none&#8220; margin_bottom=&#8220;0&#8243; font_family=&#8220;none&#8220;]Domizilieren Sie Ihre Quittungen und Rechnungen<br \/>\nmit elektronischer Vereinbarung zur Abholung in C\/C.[\/mk_fancy_title][mk_button dimension=&#8220;flat&#8220; size=&#8220;medium&#8220; url=&#8220;https:\/\/fullcertificate.com\/de\/kontaktieren-sie-uns\/&#8220; button_custom_width=&#8220;250&#8243; bg_color=&#8220;#0062b0&#8243; btn_hover_bg=&#8220;#252525&#8243;]JETZT KONTAKTIEREN[\/mk_button][\/vc_column][\/mk_page_section][mk_page_section padding_top=&#8220;50&#8243; padding_bottom=&#8220;50&#8243; first_page=&#8220;false&#8220; last_page=&#8220;false&#8220; sidebar=&#8220;sidebar-1&#8243;][vc_column width=&#8220;3\/4&#8243;][mk_fancy_title color=&#8220;#0062af&#8220; size=&#8220;30&#8243; font_weight=&#8220;normal&#8220; font_style=&#8220;normal&#8220; txt_transform=&#8220;none&#8220; margin_bottom=&#8220;0&#8243; font_family=&#8220;none&#8220;]SEPA-Direktzugang[\/mk_fancy_title][mk_divider style=&#8220;thin_solid&#8220; thickness=&#8220;4&#8243; margin_top=&#8220;0&#8243;][mk_fancy_title color=&#8220;#000000&#8243; size=&#8220;16.2&#8243; font_weight=&#8220;bold&#8220; font_style=&#8220;normal&#8220; txt_transform=&#8220;uppercase&#8220; margin_bottom=&#8220;30&#8243; font_family=&#8220;none&#8220;]WIR ERLEICHERN IHRE KOLLEKTIONEN VON EINEM EUROP\u00c4ISCHEN FINANZIELLE MIT MAXIMALER AGILIT\u00c4T UND SICHERHEIT.[\/mk_fancy_title][vc_row_inner padding=&#8220;0&#8243;][vc_column_inner width=&#8220;1\/3&#8243;][mk_icon_box2 icon_type=&#8220;image&#8220; icon_size=&#8220;inherit&#8220; title_size=&#8220;0&#8243; title_top_padding=&#8220;0&#8243; title_bottom_padding=&#8220;0&#8243;]<img class=\"wp-image-6439 size-medium aligncenter\" src=\"https:\/\/fullcertificate.com\/wp-content\/uploads\/2018\/11\/icono-sepa-avisos-certificados-1.png\" alt=\"\" width=\"216\" \/><\/p>\n<p style=\"text-align: center;\"><strong><span style=\"color: #0062b0;\">S\u20acPA<\/span><\/strong><span style=\"color: #000000; text-decoration: none;\"><br \/>\nLastschrift<br \/>\nIntelligente Vertr\u00e4ge<br \/>\nIntelligente Zahlungen<br \/>\nSmart Recovery<br \/>\nDashboard<br \/>\n<\/span><\/p>\n[\/mk_icon_box2][\/vc_column_inner][vc_column_inner width=&#8220;2\/3&#8243;][mk_fancy_title tag_name=&#8220;h4&#8243; color=&#8220;#000000&#8243; font_weight=&#8220;normal&#8220; font_style=&#8220;normal&#8220; txt_transform=&#8220;none&#8220; margin_bottom=&#8220;0&#8243; font_family=&#8220;none&#8220;]<strong>\u00bfWAS IST SEPA?<\/strong><\/p>\n<p>&nbsp;<\/p>\n<p>Die einheitliche Zone der Zahlungen in Euro (bekannt unter dem Akronym SEPA, <em>einheitlicher Euro-Zahlungsraum<\/em>) ist eine Initiative der Europ\u00e4ischen Union (EU) zur Harmonisierung der Zahlungen in der Eurozone.<\/p>\n<p>&nbsp;<\/p>\n<p>Deine <span style=\"color: #0062af;\">Ziel ist es, europ\u00e4ische Zahlungen so einfach und billig zu gestalten wie nationale Zahlungen<\/span> durch die Schaffung eines Binnenmarktes f\u00fcr auf Euro lautende Zahlungen.<\/p>\n<p>&nbsp;<\/p>\n<p>Mit dem Service von <strong>SEPI DOMICILED RECEIPT<\/strong> k\u00f6nnen Sie einen Lastschriftauftrag erteilen, mit dem <span style=\"color: #0062af;\"> der Schuldner dem Gl\u00e4ubiger folgende Zustimmung erteilt:<\/span><\/p>\n<p>&nbsp;<\/p>\n<ul>\n<li><span style=\"color: #0062af;\">Starten Sie die Inkasso<\/span>, indem Sie das vom Schuldner angegebene Konto belasten<\/li>\n<li><span style=\"color: #0062af;\">\u00dcberweisen Sie Ihrem Konto die Lastschriften<\/span>, die zur Einl\u00f6sung durch die Bank des Gl\u00e4ubigers eingereicht werden.<\/li>\n<\/ul>\n[\/mk_fancy_title][mk_fancy_title tag_name=&#8220;h4&#8243; color=&#8220;#000000&#8243; font_weight=&#8220;normal&#8220; font_style=&#8220;normal&#8220; txt_transform=&#8220;none&#8220; margin_bottom=&#8220;0&#8243; font_family=&#8220;none&#8220;]<strong>PROZESS:<\/strong><\/p>\n<p>&nbsp;<\/p>\n<ol>\n<li><span style=\"color: #3366ff;\"><span style=\"color: #0062af;\">F\u00fcgen Sie Kunden hinzu:<\/span><\/span> Laden Sie Kunden, die regelm\u00e4\u00dfig in Rechnung gestellt werden, zum Ausf\u00fcllen eines einfachen einmaligen Lastschriftformulars ein.<\/li>\n<li><span style=\"color: #3366ff;\"><span style=\"color: #0062af;\">Zahlungen planen:<\/span><\/span> Erstellen Sie eine Zahlung f\u00fcr den Kunden. W\u00e4hlen Sie das Datum und den Betrag der Zahlung aus. Sie k\u00f6nnen f\u00fcr jeden Kunden eine einzelne Zahlung oder mehrere Zahlungen erstellen.<\/li>\n<li><span style=\"color: #3366ff;\"><span style=\"color: #0062af;\">Cobra in Raten:<\/span><\/span> Zahlungen werden automatisch an den von Ihnen festgelegten Terminen in Rechnung gestellt und der Kunde erh\u00e4lt eine vorherige Benachrichtigung.<\/li>\n<\/ol>\n<p>&nbsp;<\/p>\n<p>Mit dem <strong>SEPA-Domizil beleg<\/strong> werden die <span style=\"color: #0062af;\">Unterschiede zwischen nationalen und grenz\u00fcberschreitenden<\/span> Zahlungen beseitigt, die sich auf folgende Vorg\u00e4nge beziehen: Lastschriften, \u00dcberweisungen und Kartenzahlungen.<\/p>\n<p>&nbsp;<\/p>\n<p>Dieser Service ist <span style=\"color: #0062af;\">sehr n\u00fctzlich, um Kunden per Lastschrift zu belasten, und erfordert eine vorherige<\/span> ausdr\u00fcckliche Genehmigung Ihrer Bank, um die Betr\u00e4ge Ihrem Konto in Rechnung zu stellen.[\/mk_fancy_title][mk_fancy_title tag_name=&#8220;h4&#8243; color=&#8220;#000000&#8243; font_weight=&#8220;normal&#8220; font_style=&#8220;normal&#8220; txt_transform=&#8220;none&#8220; margin_bottom=&#8220;0&#8243; font_family=&#8220;none&#8220;]Die Angabe von <strong>Full Certificate<\/strong> als Trust Third garantiert, dass Ihre Sendungen <strong>uneingeschr\u00e4nkt rechtsg\u00fcltig<\/strong> sind. Schnell, sparsam, umweltfreundlich und bequem von Ihrem Computer aus, spart Zeit und Arbeit. Wir bieten mit allen unseren Produkten auch den Notarpfandservice auf Anfrage an.[\/mk_fancy_title][mk_fancy_title tag_name=&#8220;h4&#8243; color=&#8220;#0062af&#8220; font_weight=&#8220;normal&#8220; font_style=&#8220;normal&#8220; txt_transform=&#8220;none&#8220; font_family=&#8220;none&#8220;]\n<p class=\"mk-shortcode mk-fancy-title fancy-title-align-left simple-style \"><span style=\"color: #0062af;\"><a style=\"color: #0062af;\" href=\"https:\/\/fullcertificate.com\/de\/tarife-preise\/\">ALLE PREISE ANZEIGEN<\/a><\/span><\/p>\n[\/mk_fancy_title][\/vc_column_inner][\/vc_row_inner][\/vc_column][vc_column border_color=&#8220;#ffffff&#8220; width=&#8220;1\/4&#8243;][mk_image src=&#8220;https:\/\/fullcertificate.com\/wp-content\/uploads\/2018\/12\/european-trusted-third-party-full-certificate.png&#8220; image_width=&#8220;180&#8243; align=&#8220;center&#8220; margin_bottom=&#8220;35&#8243; crop=&#8220;false&#8220;][vc_row_inner padding=&#8220;0&#8243;][vc_column_inner css=&#8220;.vc_custom_1574090344152{margin-bottom: 32px !important;border-top-width: 1px !important;border-right-width: 1px !important;border-bottom-width: 1px !important;border-left-width: 1px !important;border-left-color: #f2006e !important;border-left-style: solid !important;border-right-color: #f2006e !important;border-right-style: solid !important;border-top-color: #f2006e !important;border-top-style: solid !important;border-bottom-color: #f2006e !important;border-bottom-style: solid !important;}&#8220;][mk_fancy_title color=&#8220;#000000&#8243; size=&#8220;20&#8243; font_weight=&#8220;bold&#8220; font_style=&#8220;normal&#8220; txt_transform=&#8220;uppercase&#8220; margin_top=&#8220;20&#8243; margin_bottom=&#8220;0&#8243; font_family=&#8220;none&#8220; align=&#8220;center&#8220;]\n<p style=\"text-align: center;\">KOSTENLOS REGISTRIEREN<\/p>\n[\/mk_fancy_title][mk_fancy_title color=&#8220;#000000&#8243; size=&#8220;16&#8243; font_weight=&#8220;normal&#8220; font_style=&#8220;normal&#8220; txt_transform=&#8220;none&#8220; margin_bottom=&#8220;0&#8243; font_family=&#8220;none&#8220; align=&#8220;center&#8220;]\n<p style=\"text-align: center;\">Testen Sie unsere zertifizierten Services mit voller Rechtsg\u00fcltigkeit.<\/p>\n<p>&nbsp;<\/p>\n<p style=\"text-align: center;\"><strong><span style=\"color: #0062b0;\">Keine Geb\u00fchren, keine Vertr\u00e4ge.<\/span><br \/>\n<\/strong>Ihr Guthaben verf\u00e4llt nie.<\/p>\n[\/mk_fancy_title][mk_button dimension=&#8220;flat&#8220; corner_style=&#8220;rounded&#8220; size=&#8220;medium&#8220; url=&#8220;https:\/\/cloud.fullcertificate.com\/register&#8220; target=&#8220;_blank&#8220; align=&#8220;center&#8220; button_custom_width=&#8220;160&#8243; bg_color=&#8220;#f2006e&#8220; btn_hover_bg=&#8220;#252525&#8243; btn_hover_txt_color=&#8220;#ffffff&#8220;]HIER KLICKEN[\/mk_button][\/vc_column_inner][\/vc_row_inner][vc_empty_space height=&#8220;0px&#8220;][mk_icon_box2 icon_type=&#8220;image&#8220; title_size=&#8220;0&#8243; title_top_padding=&#8220;0&#8243; title_bottom_padding=&#8220;0&#8243;]<a href=\"https:\/\/fullcertificate.com\/de\/smartmoney\/\"><img loading=\"lazy\" class=\"wp-image-6433 size-medium aligncenter\" src=\"https:\/\/fullcertificate.com\/wp-content\/uploads\/2018\/10\/logo-smartmoney-1.png\" alt=\"\" width=\"180\" height=\"31\" \/><\/a><a href=\"https:\/\/fullcertificate.com\/de\/smartmoney\/\"><img loading=\"lazy\" class=\"wp-image-6439 size-medium aligncenter\" src=\"https:\/\/fullcertificate.com\/wp-content\/uploads\/2018\/10\/grafico-smart-money-3-1.png\" alt=\"\" width=\"170\" height=\"300\" \/><\/a><\/p>\n<p style=\"text-align: center;\"><strong><span style=\"color: #0062b0;\"><a style=\"color: #0062b0;\" href=\"https:\/\/fullcertificate.com\/de\/smartmoney\/\">SMART MONEY<\/a><br \/>\n<\/span><\/strong><span style=\"color: #000000; text-decoration: none;\">Intelligente Vertr\u00e4ge<br \/>\nIntelligente Zahlungen<br \/>\nSmart Recovery<br \/>\nDashboard<br \/>\n<\/span><\/p>\n[\/mk_icon_box2][vc_row_inner padding=&#8220;0&#8243;][vc_column_inner][mk_icon_box2 icon_type=&#8220;image&#8220; title_size=&#8220;0&#8243; title_top_padding=&#8220;0&#8243; title_bottom_padding=&#8220;0&#8243;]<a href=\"https:\/\/fullcertificate.com\/de\/smart-contracts\/\"><img loading=\"lazy\" class=\"aligncenter wp-image-6393 size-full\" src=\"https:\/\/fullcertificate.com\/wp-content\/uploads\/2018\/10\/logo-smartcontracts-2-1.png\" alt=\"\" width=\"210\" height=\"29\" \/><\/a><a href=\"https:\/\/fullcertificate.com\/de\/smart-contracts\/\"><img loading=\"lazy\" class=\"wp-image-6387 size-medium aligncenter\" src=\"https:\/\/fullcertificate.com\/wp-content\/uploads\/2018\/10\/grafico-smart-contracts-1.png\" alt=\"\" width=\"170\" height=\"297\" \/><\/a><\/p>\n<p style=\"text-align: center;\"><a href=\"https:\/\/fullcertificate.com\/de\/smart-contracts\/\"><strong><span style=\"color: #0062b0;\">SMART CONTRACTS<\/span><\/strong><br \/>\n<\/a><span style=\"color: #000000; text-decoration: none;\">Intelligente Vertr\u00e4ge<\/span><br \/>\n<span style=\"color: #000000; text-decoration: none;\">Automatisierte Prozesse<\/span><br \/>\n<span style=\"color: #000000; text-decoration: none;\">Rechtsg\u00fcltigkeit<\/span><\/p>\n[\/mk_icon_box2][\/vc_column_inner][\/vc_row_inner][vc_row_inner padding=&#8220;0&#8243;][vc_column_inner][vc_empty_space height=&#8220;20px&#8220;][\/vc_column_inner][\/vc_row_inner][vc_row_inner el_class=&#8220;ocultar&#8220;][vc_column_inner css=&#8220;.vc_custom_1540979094932{border-top-width: 1px !important;border-right-width: 1px !important;border-bottom-width: 1px !important;border-left-width: 1px !important;padding-top: 20px !important;padding-bottom: 20px !important;background-color: #ffffff !important;border-left-color: #1e73be !important;border-left-style: solid !important;border-right-color: #1e73be !important;border-right-style: solid !important;border-top-color: #1e73be !important;border-top-style: solid !important;border-bottom-color: #1e73be !important;border-bottom-style: solid !important;}&#8220;][mk_fancy_title color=&#8220;#000000&#8243; size=&#8220;20&#8243; font_weight=&#8220;bold&#8220; font_style=&#8220;normal&#8220; txt_transform=&#8220;uppercase&#8220; margin_bottom=&#8220;0&#8243; font_family=&#8220;none&#8220; align=&#8220;center&#8220;]\n<p style=\"text-align: center;\">Kontaktinformationen<\/p>\n[\/mk_fancy_title][mk_fancy_title color=&#8220;#1e73be&#8220; font_weight=&#8220;normal&#8220; font_style=&#8220;normal&#8220; txt_transform=&#8220;none&#8220; margin_bottom=&#8220;10&#8243; font_family=&#8220;none&#8220; align=&#8220;center&#8220;]\n<p style=\"text-align: center;\"><strong>Telefon:<\/strong> (0034) 91 005 26 59<br \/>\n<strong>Adresse:<\/strong> C \/ Boix y Morer 6, 9. Stock 28003 Madrid, Spanien<\/p>\n[\/mk_fancy_title][mk_button dimension=&#8220;flat&#8220; corner_style=&#8220;rounded&#8220; size=&#8220;medium&#8220; url=&#8220;https:\/\/fullcertificate.com\/de\/kontaktieren-sie-uns\/&#8220; align=&#8220;center&#8220; button_custom_width=&#8220;160&#8243; bg_color=&#8220;#0062b0&#8243; btn_hover_bg=&#8220;#252525&#8243;]KONTAKTIEREN SIE UNS[\/mk_button][\/vc_column_inner][\/vc_row_inner][\/vc_column][\/mk_page_section][mk_page_section full_width=&#8220;true&#8220; first_page=&#8220;false&#8220; last_page=&#8220;false&#8220; sidebar=&#8220;sidebar-1&#8243;][vc_column][mk_divider style=&#8220;thin_solid&#8220; thickness=&#8220;4&#8243; margin_top=&#8220;10&#8243; margin_bottom=&#8220;40&#8243;][vc_row_inner padding=&#8220;0&#8243;][vc_column_inner width=&#8220;1\/4&#8243;][\/vc_column_inner][vc_column_inner width=&#8220;1\/2&#8243;][mk_fancy_title tag_name=&#8220;h4&#8243; color=&#8220;#393836&#8243; size=&#8220;30&#8243; font_weight=&#8220;normal&#8220; font_style=&#8220;normal&#8220; txt_transform=&#8220;uppercase&#8220; margin_bottom=&#8220;18&#8243; font_family=&#8220;none&#8220; align=&#8220;center&#8220;]\n<p style=\"text-align: center;\">MIT DER GARANTIE VON<\/p>\n[\/mk_fancy_title][mk_image src=&#8220;https:\/\/fullcertificate.com\/wp-content\/uploads\/2022\/04\/footer-nuevo-WE-VOTE.jpg&#8220; image_width=&#8220;1500&#8243; image_height=&#8220;216&#8243; link=&#8220;http:\/\/fullcertificate.com\/&#8220; target=&#8220;_blank&#8220; align=&#8220;center&#8220; el_class=&#8220;imagen-footer-centro&#8220; crop=&#8220;false&#8220;][\/vc_column_inner][vc_column_inner width=&#8220;1\/4&#8243;][\/vc_column_inner][\/vc_row_inner][\/vc_column][\/mk_page_section]\n","protected":false},"excerpt":{"rendered":"<p>[mk_page_section bg_image=&#8220;https:\/\/fullcertificate.com\/wp-content\/uploads\/2016\/09\/recibo-domiciliado-sepa-1.jpg&#8220; bg_position=&#8220;center top&#8220; bg_repeat=&#8220;no-repeat&#8220; bg_stretch=&#8220;true&#8220; min_height=&#8220;350&#8243; padding_top=&#8220;20&#8243; padding_bottom=&#8220;0&#8243; first_page=&#8220;true&#8220; last_page=&#8220;true&#8220; sidebar=&#8220;sidebar-1&#8243;][vc_column][mk_fancy_title tag_name=&#8220;h1&#8243; color=&#8220;#000000&#8243; size=&#8220;40&#8243; font_weight=&#8220;normal&#8220; font_style=&#8220;normal&#8220; txt_transform=&#8220;none&#8220; margin_top=&#8220;60&#8243; margin_bottom=&#8220;0&#8243; font_family=&#8220;none&#8220;]SEPA-Direktzugang[\/mk_fancy_title][mk_fancy_title tag_name=&#8220;h1&#8243; color=&#8220;#000000&#8243; size=&#8220;25&#8243; font_weight=&#8220;300&#8243; font_style=&#8220;normal&#8220; txt_transform=&#8220;none&#8220; margin_bottom=&#8220;0&#8243; font_family=&#8220;none&#8220;]Domizilieren Sie Ihre Quittungen und Rechnungen mit elektronischer Vereinbarung zur Abholung in C\/C.[\/mk_fancy_title][mk_button dimension=&#8220;flat&#8220; size=&#8220;medium&#8220; url=&#8220;https:\/\/fullcertificate.com\/de\/kontaktieren-sie-uns\/&#8220; button_custom_width=&#8220;250&#8243; bg_color=&#8220;#0062b0&#8243; btn_hover_bg=&#8220;#252525&#8243;]JETZT KONTAKTIEREN[\/mk_button][\/vc_column][\/mk_page_section][mk_page_section padding_top=&#8220;50&#8243; padding_bottom=&#8220;50&#8243; first_page=&#8220;false&#8220; last_page=&#8220;false&#8220; sidebar=&#8220;sidebar-1&#8243;][vc_column width=&#8220;3\/4&#8243;][mk_fancy_title color=&#8220;#0062af&#8220; [&hellip;]<\/p>\n","protected":false},"author":2,"featured_media":0,"parent":0,"menu_order":0,"comment_status":"closed","ping_status":"closed","template":"","meta":{"_bbp_topic_count":0,"_bbp_reply_count":0,"_bbp_total_topic_count":0,"_bbp_total_reply_count":0,"_bbp_voice_count":0,"_bbp_anonymous_reply_count":0,"_bbp_topic_count_hidden":0,"_bbp_reply_count_hidden":0,"_bbp_forum_subforum_count":0},"_links":{"self":[{"href":"https:\/\/www.fullcertificate.com\/de\/wp-json\/wp\/v2\/pages\/16073"}],"collection":[{"href":"https:\/\/www.fullcertificate.com\/de\/wp-json\/wp\/v2\/pages"}],"about":[{"href":"https:\/\/www.fullcertificate.com\/de\/wp-json\/wp\/v2\/types\/page"}],"author":[{"embeddable":true,"href":"https:\/\/www.fullcertificate.com\/de\/wp-json\/wp\/v2\/users\/2"}],"replies":[{"embeddable":true,"href":"https:\/\/www.fullcertificate.com\/de\/wp-json\/wp\/v2\/comments?post=16073"}],"version-history":[{"count":14,"href":"https:\/\/www.fullcertificate.com\/de\/wp-json\/wp\/v2\/pages\/16073\/revisions"}],"predecessor-version":[{"id":27734,"href":"https:\/\/www.fullcertificate.com\/de\/wp-json\/wp\/v2\/pages\/16073\/revisions\/27734"}],"wp:attachment":[{"href":"https:\/\/www.fullcertificate.com\/de\/wp-json\/wp\/v2\/media?parent=16073"}],"curies":[{"name":"wp","href":"https:\/\/api.w.org\/{rel}","templated":true}]}}