{"id":16077,"date":"2018-11-29T14:27:34","date_gmt":"2018-11-29T14:27:34","guid":{"rendered":"https:\/\/fullcertificate.com\/recobro-online-certificado\/"},"modified":"2022-04-13T05:30:37","modified_gmt":"2022-04-13T05:30:37","slug":"recobro-online-zertifikat","status":"publish","type":"page","link":"https:\/\/www.fullcertificate.com\/de\/recobro-online-zertifikat\/","title":{"rendered":"Recobro Online Certificado"},"content":{"rendered":"[mk_page_section bg_image=&#8221;https:\/\/fullcertificate.com\/wp-content\/uploads\/2018\/11\/banner-smart-recovery-2-1.jpg&#8221; bg_position=&#8221;center top&#8221; bg_repeat=&#8221;no-repeat&#8221; bg_stretch=&#8221;true&#8221; min_height=&#8221;350&#8243; padding_top=&#8221;20&#8243; padding_bottom=&#8221;0&#8243; first_page=&#8221;true&#8221; last_page=&#8221;true&#8221; sidebar=&#8221;sidebar-1&#8243;][vc_column][mk_fancy_title tag_name=&#8221;h1&#8243; color=&#8221;#ffffff&#8221; size=&#8221;40&#8243; font_weight=&#8221;normal&#8221; font_style=&#8221;normal&#8221; txt_transform=&#8221;none&#8221; margin_top=&#8221;60&#8243; margin_bottom=&#8221;0&#8243; font_family=&#8221;none&#8221;]Smart Recovery &#8211; Smart wiederhergestellt[\/mk_fancy_title][mk_fancy_title tag_name=&#8221;h1&#8243; color=&#8221;#ffffff&#8221; size=&#8221;25&#8243; font_weight=&#8221;300&#8243; font_style=&#8221;normal&#8221; txt_transform=&#8221;none&#8221; margin_bottom=&#8221;0&#8243; font_family=&#8221;none&#8221;]Automatisierung des zertifizierten Wiederherstellungszyklus[\/mk_fancy_title][mk_button dimension=&#8221;flat&#8221; size=&#8221;medium&#8221; url=&#8221;https:\/\/fullcertificate.com\/de\/kontaktieren-sie-uns\/&#8221; button_custom_width=&#8221;250&#8243; bg_color=&#8221;#f2b42a&#8221; btn_hover_bg=&#8221;#dd821f&#8221;]JETZT KONTAKTIEREN[\/mk_button][\/vc_column][\/mk_page_section][mk_page_section padding_top=&#8221;50&#8243; padding_bottom=&#8221;50&#8243; first_page=&#8221;false&#8221; last_page=&#8221;false&#8221; sidebar=&#8221;sidebar-1&#8243;][vc_column width=&#8221;3\/4&#8243;][mk_fancy_title tag_name=&#8221;h1&#8243; color=&#8221;#0062af&#8221; size=&#8221;30&#8243; font_weight=&#8221;normal&#8221; font_style=&#8221;normal&#8221; txt_transform=&#8221;none&#8221; margin_bottom=&#8221;0&#8243; font_family=&#8221;none&#8221;]SmartRecovery &#8211; Zertifizierte Wiederherstellung[\/mk_fancy_title][mk_divider style=&#8221;thin_solid&#8221; thickness=&#8221;4&#8243; margin_top=&#8221;0&#8243;][mk_fancy_title color=&#8221;#000000&#8243; size=&#8221;17&#8243; font_weight=&#8221;bold&#8221; font_style=&#8221;normal&#8221; txt_transform=&#8221;uppercase&#8221; margin_bottom=&#8221;0&#8243; font_family=&#8221;none&#8221;]Automatisierte Online-Wiederherstellungsdienste und -zertifikat mit Vorabentscheidung mit Rechtsg\u00fcltigkeit.[\/mk_fancy_title][vc_empty_space height=&#8221;30px&#8221;][vc_row_inner padding=&#8221;0&#8243;][vc_column_inner width=&#8221;1\/3&#8243;][mk_image src=&#8221;https:\/\/fullcertificate.com\/wp-content\/uploads\/2018\/11\/logo-smartrecovery-1-e1541889017293-1.png&#8221; image_width=&#8221;240&#8243; align=&#8221;center&#8221; margin_bottom=&#8221;-35&#8243; crop=&#8221;false&#8221;][mk_icon_box2 icon_type=&#8221;image&#8221; icon_size=&#8221;inherit&#8221; title_size=&#8221;0&#8243; title_top_padding=&#8221;0&#8243; title_bottom_padding=&#8221;30&#8243;]<img class=\"wp-image-6483 aligncenter\" src=\"https:\/\/fullcertificate.com\/wp-content\/uploads\/2018\/10\/grafico-smart-recovery-1.png\" alt=\"\" width=\"216\" \/><\/p>\n<p style=\"text-align: center;\"><strong><span style=\"color: #0062b0;\">SMART RECOVERY<\/span><\/strong><a href=\"https:\/\/www.avisoscertificados.com\/contactenos\/\"><br \/>\n<\/a><span style=\"color: #000000; text-decoration: none;\">Smart Recovery<br \/>\nAutomatisierung von Zyklen<br \/>\nElektronische Zahlungsvereinbarung<br \/>\nIn Raten verschobene Sammlungen<br \/>\nVollst\u00e4ndige und zertifizierte Datei<br \/>\nZahlungen auf Rechnung<br \/>\n<\/span><\/p>\n[\/mk_icon_box2][mk_image src=&#8221;https:\/\/fullcertificate.com\/wp-content\/uploads\/2018\/11\/SELLO-CERTIFICADO-1.png&#8221; image_width=&#8221;660&#8243; image_height=&#8221;405&#8243; align=&#8221;center&#8221; crop=&#8221;false&#8221;][\/vc_column_inner][vc_column_inner width=&#8221;2\/3&#8243;][mk_fancy_title tag_name=&#8221;h4&#8243; color=&#8221;#000000&#8243; font_weight=&#8221;normal&#8221; font_style=&#8221;normal&#8221; txt_transform=&#8221;none&#8221; margin_bottom=&#8221;10&#8243; font_family=&#8221;none&#8221;]<span style=\"color: #333333;\"><strong>Smart Recovery<\/strong><\/span> es <span style=\"color: #0062af;\"> handelt sich um elektronische Dienstleistungen mit hohem Mehrwert<\/span> die erm\u00f6glichen, Zyklen von starten <span style=\"color: #333333;\"><strong>Online-Wiederherstellung<\/strong><\/span>, <span style=\"color: #0062af;\">100% ma\u00dfgeschneidert<\/span>, nach den Bed\u00fcrfnissen jedes Kunden.<\/p>\n<p>&nbsp;<\/p>\n<p>Neben ihren <span style=\"color: #0062af;\">Mehrkanal-Ladefunktionen<\/span> innerhalb von 30 &#8211; 60 Tagen ab dem Zeitpunkt, an dem der Standardwert eintritt, liefert er als wichtigen zus\u00e4tzlichen Wert die Tatsache, dass der Standardwert <span style=\"color: #0062af;\">Kommunikationen sind zertifiziert<\/span> durch\u00a0<strong>Elektronische Schuldnachrichten<\/strong> <span style=\"color: #0062af;\">Beweismittel vor einer m\u00f6glichen Pr\u00fcfung der Mengenforderung.<\/span><\/p>\n<p>&nbsp;<\/p>\n<p><span style=\"color: #0062af;\">Alle Handlungen des Schuldners werden aufgezeichnet<\/span> durch elektronische Zertifizierung durch <span style=\"color: #333333;\"><strong>Smart Recovery und Zertifizierte Hinweise<\/strong><\/span>, <strong>Vertrauensw\u00fcrdiger Dritter<\/strong> <span style=\"color: #0062af;\">Generierung einer zertifizierten Datei des gesamten Prozesses<\/span> mit <strong>Rechtsg\u00fcltigkeit.<\/strong><\/p>\n<p>&nbsp;<\/p>\n<h5><span style=\"color: #0062af;\">Es gibt zwei Arten von Diensten:<\/span><\/h5>\n<p>&nbsp;<\/p>\n<p><strong>Recovery Services Automation WS:<\/strong> <span style=\"color: #0062af;\">F\u00fcr Kunden mit dem h\u00f6chsten Volumen an Wiederherstellungsaufzeichnungen.<\/span> Implementierung durch Bedarfsanalyse, IT-Programmierung und Integration von Web-Services &#8211; WS API REST<\/p>\n<p>&nbsp;<\/p>\n<p><strong>Cloud-Wiederherstellungsdienste:<\/strong> f\u00fcr Unternehmen, Verb\u00e4nde und Institutionen: <span style=\"color: #0062af;\"> Aktivierung in der Cloud und Automatisierung von Wiederherstellungsaufzeichnungen<\/span> \u00fcber unsere Onlinedienste.[\/mk_fancy_title][mk_image src=&#8221;https:\/\/fullcertificate.com\/wp-content\/uploads\/2019\/10\/DEUTSCH-grap-2-smartm-full-certificate.jpg&#8221; image_width=&#8221;500&#8243; align=&#8221;center&#8221; margin_bottom=&#8221;30&#8243; el_class=&#8221;imagen-medio&#8221; crop=&#8221;false&#8221;][mk_fancy_title tag_name=&#8221;h4&#8243; color=&#8221;#000000&#8243; font_weight=&#8221;normal&#8221; font_style=&#8221;normal&#8221; txt_transform=&#8221;none&#8221; font_family=&#8221;none&#8221;]<strong><span style=\"color: #333333;\">Smart Recovery<\/span><\/strong> dies bringt Unternehmen, Verb\u00e4nden, Institutionen, Rath\u00e4usern usw. gro\u00dfe Vorteile. Da es zu wichtigen <span style=\"color: #0062af;\"> Zeiteinsparungen, Prozesserfolgen und niedrigen Wiederherstellungskosten beitr\u00e4gt.<\/span> Es ist ohne Zweifel ideal f\u00fcr massive Prozesse mit Hunderten oder Millionen von Datens\u00e4tzen.<\/p>\n<p>&nbsp;<\/p>\n<p><strong>Aber das Wichtigste ist, dass Sie es anpassen k\u00f6nnen<\/strong> <span style=\"color: #0062af;\">den gesamten Erholungszyklus.<\/span> Aus dem Format der <span style=\"color: #0062af;\">benachrichtigungen<\/span>, die Kommunikationskan\u00e4le: &#8220;<span style=\"color: #0062af;\">eMail-Zertifikate, SMS-Zertifikate, Faxzertifikate, zertifizierte Anrufe<\/span>, etc&#8221; bis zur elektronischen Erhebungsmethode<\/p>\n<p>&nbsp;<\/p>\n<p>Dar\u00fcber hinaus erm\u00f6glicht es Ihnen auch eine vollst\u00e4ndige und umfassende <span style=\"color: #0062af;\">halbautomatische oder manuelle Verwaltung<\/span> des Erholungszyklus. Ihr Team k\u00f6nnte folgende Aktionen ausf\u00fchren: <span style=\"color: #0062af;\">Stoppen Sie einen Zyklus<\/span>, ein erstellen\u00a0<span style=\"color: #0062af;\">direkte Vereinbarung mit dem Schuldner, Anzahlungen, best\u00e4tigte Anrufe, Neuberechnung von Zinsen und Provisionen<\/span>, usw.[\/mk_fancy_title][mk_image src=&#8221;https:\/\/fullcertificate.com\/wp-content\/uploads\/2019\/10\/DEUTSCH-grap-1-smartm-full-certificate.jpg&#8221; image_width=&#8221;1000&#8243; align=&#8221;center&#8221; margin_bottom=&#8221;30&#8243; el_class=&#8221;imagen-medio&#8221; crop=&#8221;false&#8221;][mk_image src=&#8221;https:\/\/fullcertificate.com\/wp-content\/uploads\/2019\/10\/DEUTSCH-grap-1-smartrec-full-certificate.jpg&#8221; image_width=&#8221;450&#8243; image_height=&#8221;405&#8243; align=&#8221;center&#8221; margin_bottom=&#8221;30&#8243; el_class=&#8221;imagen-medio&#8221; crop=&#8221;false&#8221;][mk_fancy_title tag_name=&#8221;h4&#8243; color=&#8221;#000000&#8243; font_weight=&#8221;normal&#8221; font_style=&#8221;normal&#8221; txt_transform=&#8221;none&#8221; margin_bottom=&#8221;0&#8243; font_family=&#8221;none&#8221;]\n<h3>DER PROZESS<\/h3>\n<h3><span style=\"color: #0062af;\">Zertifiziertes elektronisches Wiederherstellungssystem<\/span><\/h3>\n<p>&nbsp;<\/p>\n<ol>\n<li>Aktivierung von <span style=\"color: #0062af;\">intelligenten Variablen<\/span> und Prozesszyklen<\/li>\n<li>Empfang von <span style=\"color: #0062af;\">Daten und Dokumenten<\/span><\/li>\n<li>Beginn des Erholungszyklus mit zertifizierter elektronischer Kommunikation an den Schuldner<\/li>\n<li>Elektronische Unterschrift der <span style=\"color: #0062af;\">Zertifizierte Zahlungsvereinbarung<\/span> mit m\u00f6glicher Abgrenzung in Zeitbruchteilen<\/li>\n<li><span style=\"color: #0062af;\">Eintreibung der Forderungen<\/span> mit der M\u00f6glichkeit von <span style=\"color: #0062af;\">Anzahlungen auf Rechnung<\/span>, abh\u00e4ngig von den Verhandlungen mit dem Schuldner<\/li>\n<li><span style=\"color: #0062af;\">Zertifizierte Pre-Trial-Datei mit voller Rechtsg\u00fcltigkeit.<\/span><\/li>\n<\/ol>\n[\/mk_fancy_title][mk_fancy_title tag_name=&#8221;h4&#8243; color=&#8221;#000000&#8243; font_weight=&#8221;normal&#8221; font_style=&#8221;normal&#8221; txt_transform=&#8221;none&#8221; font_family=&#8221;none&#8221;]<strong>Smart Recovery<\/strong>\u00a0und <strong>Intelligentes Geld<\/strong> sie sind dienstleistungen\u00a0<strong>Zertifizierte Hinweise<\/strong>,\u00a0<strong><span style=\"color: #0062af;\">Dritter europ\u00e4ischer Trust<\/span><\/strong>, garantiert, dass Ihre Kommunikation und Vereinbarungen haben <span style=\"color: #0062af;\">volle rechtliche G\u00fcltigkeit<\/span>.<\/p>\n<p>&nbsp;<\/p>\n<p>Wir haben <span style=\"color: #0062af;\">erweiterte elektronische Dienste<\/span> entwickelt, die <strong>gro\u00dfe Vorteile<\/strong> f\u00fcr Organisationen und ihre Kunden bieten.<\/p>\n<p>&nbsp;<\/p>\n<p>Wenn Sie <strong>Kontakt mit uns aufnehmen m\u00f6chten<\/strong>, wird ein spezialisierter Berater Sie pers\u00f6nlich unterst\u00fctzen. Bitte <a href=\"https:\/\/fullcertificate.com\/de\/kontaktieren-sie-uns\/\">hier klicken.<\/a>[\/mk_fancy_title][mk_image src=&#8221;https:\/\/fullcertificate.com\/wp-content\/uploads\/2019\/10\/DEUTSCH-graphic-5-cartel-terceros-en-confianza-full-certificate.jpg&#8221; image_width=&#8221;700&#8243; align=&#8221;center&#8221; margin_bottom=&#8221;30&#8243; el_class=&#8221;imagen-medio&#8221; crop=&#8221;false&#8221;][mk_blockquote font_family=&#8221;none&#8221; align=&#8221;left&#8221;]<strong>Erfahren Sie mehr \u00fcber unsere L\u00f6sungen.<\/strong> Kontaktieren Sie uns, und wir werden die beste L\u00f6sung f\u00fcr Ihre Anforderungen vorschlagen.[\/mk_blockquote][vc_column_text][\/vc_column_text][vc_column_text][\/vc_column_text][\/vc_column_inner][\/vc_row_inner][mk_fancy_title color=&#8221;#0062af&#8221; size=&#8221;25&#8243; font_weight=&#8221;normal&#8221; font_style=&#8221;normal&#8221; txt_transform=&#8221;none&#8221; margin_top=&#8221;50&#8243; margin_bottom=&#8221;5&#8243; font_family=&#8221;none&#8221;]Der Service besteht aus folgenden Kernpunkten:[\/mk_fancy_title][mk_divider style=&#8221;thin_solid&#8221; thickness=&#8221;4&#8243; margin_top=&#8221;0&#8243; margin_bottom=&#8221;30&#8243;][vc_row_inner padding=&#8221;0&#8243;][vc_column_inner width=&#8221;1\/3&#8243;][mk_fancy_title tag_name=&#8221;h4&#8243; color=&#8221;#000000&#8243; font_weight=&#8221;normal&#8221; font_style=&#8221;normal&#8221; txt_transform=&#8221;none&#8221; margin_bottom=&#8221;0&#8243; font_family=&#8221;none&#8221;]<span style=\"color: #0062af;\"><strong>AUTOMATISIERUNG<\/strong> <\/span>Programmatic des Wiederherstellungsprozesses.[\/mk_fancy_title][\/vc_column_inner][vc_column_inner width=&#8221;2\/3&#8243;][vc_text_separator title=&#8221;AUTOMATISIERUNG&#8221; title_align=&#8221;separator_align_left&#8221; style=&#8221;double&#8221; el_width=&#8221;80&#8243;][mk_image src=&#8221;https:\/\/fullcertificate.com\/wp-content\/uploads\/2016\/09\/settings-gears-1.png&#8221; image_width=&#8221;64&#8243; image_height=&#8221;64&#8243; align=&#8221;center&#8221; crop=&#8221;false&#8221;][\/vc_column_inner][vc_column_inner][\/vc_column_inner][\/vc_row_inner][vc_empty_space height=&#8221;20px&#8221;][vc_row_inner padding=&#8221;0&#8243;][vc_column_inner width=&#8221;1\/3&#8243;][mk_fancy_title tag_name=&#8221;h4&#8243; color=&#8221;#000000&#8243; font_weight=&#8221;normal&#8221; font_style=&#8221;normal&#8221; txt_transform=&#8221;none&#8221; margin_bottom=&#8221;0&#8243; font_family=&#8221;none&#8221;]Best\u00e4tigung einer <strong>NUR VORJUDIELLEN DATEI<\/strong> aller Ma\u00dfnahmen des Schuldners <span style=\"color: #0062af;\">mit voller Rechtsg\u00fcltigkei<\/span>[\/mk_fancy_title][\/vc_column_inner][vc_column_inner width=&#8221;2\/3&#8243;][vc_text_separator title=&#8221;EINZIGARTIGE AUFNAHME&#8221; title_align=&#8221;separator_align_left&#8221; style=&#8221;double&#8221; el_width=&#8221;80&#8243;][mk_image src=&#8221;https:\/\/fullcertificate.com\/wp-content\/uploads\/2016\/09\/folder-1.png&#8221; image_width=&#8221;64&#8243; image_height=&#8221;64&#8243; align=&#8221;center&#8221; crop=&#8221;false&#8221;][\/vc_column_inner][\/vc_row_inner][vc_empty_space height=&#8221;20px&#8221;][vc_row_inner padding=&#8221;0&#8243;][vc_column_inner width=&#8221;1\/3&#8243;][mk_fancy_title tag_name=&#8221;h4&#8243; color=&#8221;#000000&#8243; font_weight=&#8221;normal&#8221; font_style=&#8221;normal&#8221; txt_transform=&#8221;none&#8221; margin_bottom=&#8221;0&#8243; font_family=&#8221;none&#8221;]<strong>Kampagnen von<\/strong> <span style=\"color: #0062af;\"><strong>ZERTIFIZIERTE MULTICHANNEL-KOMMUNIKATION<\/strong><\/span> diese Hilfe <span style=\"color: #0062af;\">verwalten Sie Millionen von Datens\u00e4tzen<\/span>.[\/mk_fancy_title][\/vc_column_inner][vc_column_inner width=&#8221;2\/3&#8243;][vc_text_separator title=&#8221;ZERTIFIZIERTE MULTICHANNEL-KOMMUNIKATION&#8221; title_align=&#8221;separator_align_left&#8221; style=&#8221;double&#8221; el_width=&#8221;80&#8243;][mk_image src=&#8221;https:\/\/fullcertificate.com\/wp-content\/uploads\/2016\/09\/comunicacion-1.png&#8221; image_width=&#8221;368&#8243; image_height=&#8221;64&#8243; align=&#8221;center&#8221; crop=&#8221;false&#8221;][\/vc_column_inner][\/vc_row_inner][vc_empty_space height=&#8221;20px&#8221;][vc_row_inner padding=&#8221;0&#8243;][vc_column_inner width=&#8221;1\/3&#8243;][mk_fancy_title tag_name=&#8221;h4&#8243; color=&#8221;#000000&#8243; font_weight=&#8221;normal&#8221; font_style=&#8221;normal&#8221; txt_transform=&#8221;none&#8221; margin_bottom=&#8221;0&#8243; font_family=&#8221;none&#8221;]<strong>SCHULDENKOLLEKTION<\/strong> mittels eines Online-Sammelzertifikats <span style=\"color: #005bb9;\"> per Kreditkarte, SEPA und \u00dcberweisung.<\/span>[\/mk_fancy_title][\/vc_column_inner][vc_column_inner width=&#8221;2\/3&#8243;][vc_text_separator title=&#8221;SCHULDENKOLLEKTION&#8221; title_align=&#8221;separator_align_left&#8221; style=&#8221;double&#8221; el_width=&#8221;80&#8243;][mk_image src=&#8221;https:\/\/fullcertificate.com\/wp-content\/uploads\/2016\/09\/banco-1.png&#8221; image_width=&#8221;368&#8243; image_height=&#8221;64&#8243; align=&#8221;center&#8221; crop=&#8221;false&#8221;][\/vc_column_inner][\/vc_row_inner][vc_empty_space height=&#8221;20px&#8221;][vc_row_inner padding=&#8221;0&#8243;][vc_column_inner width=&#8221;1\/3&#8243;][mk_fancy_title tag_name=&#8221;h4&#8243; color=&#8221;#000000&#8243; font_weight=&#8221;normal&#8221; font_style=&#8221;normal&#8221; txt_transform=&#8221;none&#8221; font_family=&#8221;none&#8221;]Aktivierung von <strong>SCORING PREDICTIVE SYSTEMS<\/strong> in Verbindung mit <span style=\"color: #0062af;\">erfolgreiche Sammlung<\/span>. Optionaler Service.[\/mk_fancy_title][\/vc_column_inner][vc_column_inner width=&#8221;2\/3&#8243;][vc_text_separator title=&#8221;PREDICTIVE SYSTEMS SCORING&#8221; title_align=&#8221;separator_align_left&#8221; style=&#8221;double&#8221; el_width=&#8221;80&#8243;][mk_image src=&#8221;https:\/\/fullcertificate.com\/wp-content\/uploads\/2016\/09\/codigos1-1.png&#8221; image_width=&#8221;368&#8243; image_height=&#8221;64&#8243; align=&#8221;center&#8221; margin_bottom=&#8221;30&#8243; crop=&#8221;false&#8221;][\/vc_column_inner][\/vc_row_inner][mk_fancy_title tag_name=&#8221;h4&#8243; color=&#8221;#000000&#8243; size=&#8221;16&#8243; font_weight=&#8221;normal&#8221; font_style=&#8221;normal&#8221; txt_transform=&#8221;none&#8221; margin_bottom=&#8221;0&#8243; font_family=&#8221;none&#8221;]Wenn Sie mehr Informationen w\u00fcnschen <a href=\"https:\/\/fullcertificate.com\/de\/kontaktieren-sie-uns\/\">kontaktieren sie uns <\/a> und ein Berater wird Sie pers\u00f6nlich unterst\u00fctzen.[\/mk_fancy_title][mk_divider style=&#8221;thin_solid&#8221; thickness=&#8221;4&#8243; margin_top=&#8221;0&#8243;][\/vc_column][vc_column border_color=&#8221;#ffffff&#8221; width=&#8221;1\/4&#8243;][mk_image src=&#8221;https:\/\/fullcertificate.com\/wp-content\/uploads\/2018\/12\/european-trusted-third-party-full-certificate.png&#8221; image_width=&#8221;180&#8243; align=&#8221;center&#8221; margin_bottom=&#8221;20&#8243; crop=&#8221;false&#8221;][vc_empty_space height=&#8221;0px&#8221;][mk_icon_box2 icon_type=&#8221;image&#8221; title_size=&#8221;0&#8243; title_top_padding=&#8221;0&#8243; title_bottom_padding=&#8221;0&#8243;]<a href=\"https:\/\/fullcertificate.com\/de\/automatisierung-cloud-inhouse\/\"><img loading=\"lazy\" class=\"wp-image-6433 size-medium aligncenter\" src=\"https:\/\/fullcertificate.com\/wp-content\/uploads\/2018\/10\/logo-smart-automation-2-1.png\" alt=\"\" width=\"265\" height=\"31\" \/><\/a><a href=\"https:\/\/fullcertificate.com\/de\/automatisierung-cloud-inhouse\/\"><img loading=\"lazy\" class=\"wp-image-6439 size-medium aligncenter\" src=\"https:\/\/fullcertificate.com\/wp-content\/uploads\/2018\/10\/grafico-smart-automation-1.png\" alt=\"\" width=\"170\" height=\"300\" \/><\/a><\/p>\n<p style=\"text-align: center;\"><strong><span style=\"color: #0062b0;\"><a style=\"color: #0062b0;\" href=\"https:\/\/fullcertificate.com\/de\/automatisierung-cloud-inhouse\/\">SMART AUTOMATION<\/a><br \/>\n<\/span><\/strong><span style=\"color: #000000; text-decoration: none;\">WS API-REST<br \/>\nIT-Entwicklung<br \/>\nErweiterte Authentifizierung<br \/>\nPortale und Formulare. klug<br \/>\n<\/span><\/p>\n[\/mk_icon_box2][vc_empty_space height=&#8221;20px&#8221;][vc_row_inner padding=&#8221;0&#8243; el_class=&#8221;ocultar&#8221;][vc_column_inner css=&#8221;.vc_custom_1540979094932{border-top-width: 1px !important;border-right-width: 1px !important;border-bottom-width: 1px !important;border-left-width: 1px !important;padding-top: 20px !important;padding-bottom: 20px !important;background-color: #ffffff !important;border-left-color: #1e73be !important;border-left-style: solid !important;border-right-color: #1e73be !important;border-right-style: solid !important;border-top-color: #1e73be !important;border-top-style: solid !important;border-bottom-color: #1e73be !important;border-bottom-style: solid !important;}&#8221;][mk_fancy_title color=&#8221;#000000&#8243; size=&#8221;20&#8243; font_weight=&#8221;bold&#8221; font_style=&#8221;normal&#8221; txt_transform=&#8221;uppercase&#8221; margin_bottom=&#8221;0&#8243; font_family=&#8221;none&#8221; align=&#8221;center&#8221;]\n<p style=\"text-align: center;\">Kontaktinformationen<\/p>\n[\/mk_fancy_title][mk_fancy_title color=&#8221;#1e73be&#8221; font_weight=&#8221;normal&#8221; font_style=&#8221;normal&#8221; txt_transform=&#8221;none&#8221; margin_bottom=&#8221;10&#8243; font_family=&#8221;none&#8221; align=&#8221;center&#8221;]\n<p style=\"text-align: center;\"><strong>Telefon:<\/strong> (0034) 91 005 26 59<br \/>\n<strong>Adresse:<\/strong> C\/Boix y Morer 6, 9. Stock 28003 Madrid, Spanien<\/p>\n[\/mk_fancy_title][mk_button dimension=&#8221;flat&#8221; corner_style=&#8221;rounded&#8221; size=&#8221;medium&#8221; url=&#8221;https:\/\/fullcertificate.com\/de\/kontaktieren-sie-uns\/&#8221; align=&#8221;center&#8221; button_custom_width=&#8221;160&#8243; bg_color=&#8221;#0062b0&#8243; btn_hover_bg=&#8221;#252525&#8243;]KONTAKTIEREN SIE UNS[\/mk_button][\/vc_column_inner][\/vc_row_inner][\/vc_column][\/mk_page_section][mk_page_section full_width=&#8221;true&#8221; first_page=&#8221;false&#8221; last_page=&#8221;false&#8221; sidebar=&#8221;sidebar-1&#8243;][vc_column][mk_divider style=&#8221;thin_solid&#8221; thickness=&#8221;4&#8243; margin_top=&#8221;10&#8243; margin_bottom=&#8221;40&#8243;][vc_row_inner padding=&#8221;0&#8243;][vc_column_inner width=&#8221;1\/4&#8243;][\/vc_column_inner][vc_column_inner width=&#8221;1\/2&#8243;][mk_fancy_title tag_name=&#8221;h4&#8243; color=&#8221;#393836&#8243; size=&#8221;30&#8243; font_weight=&#8221;normal&#8221; font_style=&#8221;normal&#8221; txt_transform=&#8221;uppercase&#8221; margin_bottom=&#8221;18&#8243; font_family=&#8221;none&#8221; align=&#8221;center&#8221;]\n<p style=\"text-align: center;\">MIT DER GARANTIE VON<\/p>\n[\/mk_fancy_title][mk_image src=&#8221;https:\/\/fullcertificate.com\/wp-content\/uploads\/2022\/04\/footer-nuevo-WE-VOTE.jpg&#8221; image_width=&#8221;1500&#8243; image_height=&#8221;216&#8243; link=&#8221;http:\/\/fullcertificate.com\/&#8221; target=&#8221;_blank&#8221; align=&#8221;center&#8221; el_class=&#8221;imagen-footer-centro&#8221; crop=&#8221;false&#8221;][\/vc_column_inner][vc_column_inner width=&#8221;1\/4&#8243;][\/vc_column_inner][\/vc_row_inner][\/vc_column][\/mk_page_section][vc_row padding=&#8221;0&#8243;][\/vc_row]\n","protected":false},"excerpt":{"rendered":"<p>[mk_page_section bg_image=&#8221;https:\/\/fullcertificate.com\/wp-content\/uploads\/2018\/11\/banner-smart-recovery-2-1.jpg&#8221; bg_position=&#8221;center top&#8221; bg_repeat=&#8221;no-repeat&#8221; bg_stretch=&#8221;true&#8221; min_height=&#8221;350&#8243; padding_top=&#8221;20&#8243; padding_bottom=&#8221;0&#8243; first_page=&#8221;true&#8221; last_page=&#8221;true&#8221; sidebar=&#8221;sidebar-1&#8243;][vc_column][mk_fancy_title tag_name=&#8221;h1&#8243; color=&#8221;#ffffff&#8221; size=&#8221;40&#8243; font_weight=&#8221;normal&#8221; font_style=&#8221;normal&#8221; txt_transform=&#8221;none&#8221; margin_top=&#8221;60&#8243; margin_bottom=&#8221;0&#8243; font_family=&#8221;none&#8221;]Smart Recovery &#8211; Smart wiederhergestellt[\/mk_fancy_title][mk_fancy_title tag_name=&#8221;h1&#8243; color=&#8221;#ffffff&#8221; size=&#8221;25&#8243; font_weight=&#8221;300&#8243; font_style=&#8221;normal&#8221; txt_transform=&#8221;none&#8221; margin_bottom=&#8221;0&#8243; font_family=&#8221;none&#8221;]Automatisierung des zertifizierten Wiederherstellungszyklus[\/mk_fancy_title][mk_button dimension=&#8221;flat&#8221; size=&#8221;medium&#8221; url=&#8221;https:\/\/fullcertificate.com\/de\/kontaktieren-sie-uns\/&#8221; button_custom_width=&#8221;250&#8243; bg_color=&#8221;#f2b42a&#8221; btn_hover_bg=&#8221;#dd821f&#8221;]JETZT KONTAKTIEREN[\/mk_button][\/vc_column][\/mk_page_section][mk_page_section padding_top=&#8221;50&#8243; padding_bottom=&#8221;50&#8243; first_page=&#8221;false&#8221; last_page=&#8221;false&#8221; sidebar=&#8221;sidebar-1&#8243;][vc_column width=&#8221;3\/4&#8243;][mk_fancy_title tag_name=&#8221;h1&#8243; color=&#8221;#0062af&#8221; size=&#8221;30&#8243; font_weight=&#8221;normal&#8221; font_style=&#8221;normal&#8221; txt_transform=&#8221;none&#8221; [&hellip;]<\/p>\n","protected":false},"author":2,"featured_media":0,"parent":0,"menu_order":0,"comment_status":"closed","ping_status":"closed","template":"","meta":{"_bbp_topic_count":0,"_bbp_reply_count":0,"_bbp_total_topic_count":0,"_bbp_total_reply_count":0,"_bbp_voice_count":0,"_bbp_anonymous_reply_count":0,"_bbp_topic_count_hidden":0,"_bbp_reply_count_hidden":0,"_bbp_forum_subforum_count":0},"_links":{"self":[{"href":"https:\/\/www.fullcertificate.com\/de\/wp-json\/wp\/v2\/pages\/16077"}],"collection":[{"href":"https:\/\/www.fullcertificate.com\/de\/wp-json\/wp\/v2\/pages"}],"about":[{"href":"https:\/\/www.fullcertificate.com\/de\/wp-json\/wp\/v2\/types\/page"}],"author":[{"embeddable":true,"href":"https:\/\/www.fullcertificate.com\/de\/wp-json\/wp\/v2\/users\/2"}],"replies":[{"embeddable":true,"href":"https:\/\/www.fullcertificate.com\/de\/wp-json\/wp\/v2\/comments?post=16077"}],"version-history":[{"count":13,"href":"https:\/\/www.fullcertificate.com\/de\/wp-json\/wp\/v2\/pages\/16077\/revisions"}],"predecessor-version":[{"id":27771,"href":"https:\/\/www.fullcertificate.com\/de\/wp-json\/wp\/v2\/pages\/16077\/revisions\/27771"}],"wp:attachment":[{"href":"https:\/\/www.fullcertificate.com\/de\/wp-json\/wp\/v2\/media?parent=16077"}],"curies":[{"name":"wp","href":"https:\/\/api.w.org\/{rel}","templated":true}]}}