{"id":16100,"date":"2018-11-29T14:35:38","date_gmt":"2018-11-29T14:35:38","guid":{"rendered":"https:\/\/fullcertificate.com\/smartcommunities\/"},"modified":"2022-04-13T05:15:06","modified_gmt":"2022-04-13T05:15:06","slug":"smartcommunities","status":"publish","type":"page","link":"https:\/\/www.fullcertificate.com\/de\/smartcommunities\/","title":{"rendered":"smartcommunities"},"content":{"rendered":"[mk_page_section bg_image=&#8220;https:\/\/fullcertificate.com\/wp-content\/uploads\/2018\/11\/banner-smartcommunities-avisos-certificados-3-1.jpg&#8220; bg_position=&#8220;center top&#8220; bg_repeat=&#8220;no-repeat&#8220; bg_stretch=&#8220;true&#8220; min_height=&#8220;350&#8243; padding_top=&#8220;20&#8243; padding_bottom=&#8220;0&#8243; first_page=&#8220;true&#8220; last_page=&#8220;true&#8220; sidebar=&#8220;sidebar-1&#8243;][vc_column][mk_fancy_title tag_name=&#8220;h1&#8243; color=&#8220;#000000&#8243; size=&#8220;40&#8243; font_weight=&#8220;normal&#8220; font_style=&#8220;normal&#8220; txt_transform=&#8220;none&#8220; margin_top=&#8220;60&#8243; margin_bottom=&#8220;0&#8243; font_family=&#8220;none&#8220;]Smart Communities &#8211; Gemeinschaften[\/mk_fancy_title][mk_fancy_title tag_name=&#8220;h1&#8243; color=&#8220;#000000&#8243; size=&#8220;25&#8243; font_weight=&#8220;300&#8243; font_style=&#8220;normal&#8220; txt_transform=&#8220;none&#8220; margin_bottom=&#8220;0&#8243; font_family=&#8220;none&#8220;]Intelligente propriet\u00e4re Gemeinschaften[\/mk_fancy_title][mk_button dimension=&#8220;flat&#8220; size=&#8220;medium&#8220; url=&#8220;https:\/\/fullcertificate.com\/de\/kontaktieren-sie-uns\/&#8220; button_custom_width=&#8220;250&#8243; margin_bottom=&#8220;20&#8243; bg_color=&#8220;#0062b0&#8243; btn_hover_bg=&#8220;#252525&#8243;]JETZT KONTAKTIEREN[\/mk_button][\/vc_column][\/mk_page_section][mk_page_section padding_top=&#8220;50&#8243; padding_bottom=&#8220;0&#8243; first_page=&#8220;false&#8220; last_page=&#8220;false&#8220; sidebar=&#8220;sidebar-1&#8243;][vc_column width=&#8220;3\/4&#8243;][mk_fancy_title tag_name=&#8220;h1&#8243; color=&#8220;#0062af&#8220; size=&#8220;40&#8243; font_weight=&#8220;normal&#8220; font_style=&#8220;normal&#8220; txt_transform=&#8220;none&#8220; margin_bottom=&#8220;0&#8243; font_family=&#8220;none&#8220;]Intelligente Eigent\u00fcmergemeinschaften[\/mk_fancy_title][mk_divider style=&#8220;thin_solid&#8220; thickness=&#8220;4&#8243; margin_top=&#8220;0&#8243;][mk_fancy_title color=&#8220;#000000&#8243; size=&#8220;17&#8243; font_weight=&#8220;bold&#8220; font_style=&#8220;normal&#8220; txt_transform=&#8220;uppercase&#8220; font_family=&#8220;none&#8220;]Portal der Eigent\u00fcmer. Elektronische Gemeindeverwaltung, elektronische Abstimmung, rechtlich g\u00fcltige Benachrichtigungen, Inkasso und automatisierte Beitreibung von Geb\u00fchren[\/mk_fancy_title][vc_row_inner padding=&#8220;0&#8243;][vc_column_inner width=&#8220;1\/3&#8243;][mk_icon_box2 icon_type=&#8220;image&#8220; icon_size=&#8220;inherit&#8220; title_size=&#8220;0&#8243; title_top_padding=&#8220;0&#8243; title_bottom_padding=&#8220;0&#8243;]<img class=\"wp-image-6433 size-medium aligncenter\" src=\"https:\/\/fullcertificate.com\/wp-content\/uploads\/2018\/11\/logo-smartcommunities-500px-1.png\" alt=\"\" width=\"300\" \/><img loading=\"lazy\" class=\"wp-image-6439 aligncenter\" src=\"https:\/\/fullcertificate.com\/wp-content\/uploads\/2018\/10\/grafico-smart-communities-1.png\" alt=\"\" width=\"243\" height=\"243\" \/><\/p>\n<p style=\"text-align: center;\"><strong><span style=\"color: #0062b0;\">SMART COMMUNITIES<br \/>\n<\/span><\/strong><span style=\"color: #000000; text-decoration: none;\">Eigent\u00fcmerportal<br \/>\nAbstimmung und elektronische Regierung<br \/>\nErhebung von Geb\u00fchren<br \/>\nFreundliche Erholung<br \/>\nBenachrichtigungen<br \/>\nDigitales Archiv<br \/>\nAnschlagbrett<\/span><\/p>\n[\/mk_icon_box2][\/vc_column_inner][vc_column_inner width=&#8220;2\/3&#8243;][mk_fancy_title tag_name=&#8220;h4&#8243; color=&#8220;#000000&#8243; font_weight=&#8220;normal&#8220; font_style=&#8220;normal&#8220; txt_transform=&#8220;none&#8220; font_family=&#8220;none&#8220;]<strong>Smart Communities<\/strong> wird den Eigent\u00fcmergemeinschaften die Aktivierung von Prozessen erm\u00f6glichen <span style=\"color: #0062af;\">Elektronische Verwaltung, Fernabstimmung per Telematik, Benachrichtigungen und erweiterte Aktionen f\u00fcr Sammlungen und automatisierte Wiederherstellungen.<\/span><\/p>\n<p>&nbsp;<\/p>\n<p>Daf\u00fcr,\u00a0<strong>Zertifizierte Hinweise,<\/strong> Aktivieren Sie das benutzerdefinierte Portal von <strong><span style=\"color: #0062af;\">Besitzer<\/span><\/strong> <span style=\"color: #0062af;\"><span style=\"color: #000000;\">wo Sie fortschrittliche Kommunikations-, Verwaltungs- und Zertifizierungstools f\u00fcr Ihre Community haben.<\/span><\/span><\/p>\n<p>&nbsp;<\/p>\n<p><strong>Smart Communities<\/strong> bietet <span style=\"color: #0062af;\">drei Hauptziele<\/span> f\u00fcr die fortschrittlichsten Eigent\u00fcmergemeinschaften:<\/p>\n<p>&nbsp;<\/p>\n<ol>\n<li><strong><span style=\"color: #0062af;\">GESAMT-TRANSPARENZ<\/span><\/strong><\/li>\n<li><strong><span style=\"color: #0062af;\">ZUGANG ZU DEN WICHTIGSTEN INFORMATIONEN<\/span><\/strong><\/li>\n<li><strong><span style=\"color: #0062af;\">LEGAL G\u00dcLTIGKEIT<\/span><\/strong><\/li>\n<\/ol>\n<p>&nbsp;<\/p>\n<p><strong>EIGENT\u00dcMERDATENBANK &#8222;BEST\u00c4TIGT &amp; ZERTIFIZIERT&#8220;<\/strong><\/p>\n<p>&nbsp;<\/p>\n<p>Durch <strong>Smart Communities<\/strong> Sie k\u00f6nnen eine <span style=\"color: #0062af;\">zertifizierte und authentifizierte Datenbank der Nachbarn<\/span> erstellen, aus denen Ihre Community besteht.Die <span style=\"color: #0062af;\">Checklisten &amp; Authentifizierung<\/span> elektronisch ist <span style=\"color: #0062af;\">die digitale eID der Community<\/span>. Neben der Beschleunigung des Zugangs der Community zu neuen Formaten und elektronischen Prozessen k\u00f6nnen Sie sich auf europ\u00e4ischer Ebene \u00fcber wichtige Themen wie den <strong>RGPD<\/strong> <span style=\"color: #0062af;\">informieren<\/span>, die <span style=\"color: #0062af;\">Berechtigungen f\u00fcr die elektronische Kommunikation<\/span> und die M\u00f6glichkeiten der <span style=\"color: #0062af;\">elektronischen Signatur<\/span> von alle Mitglieder Ihrer Gemeinschaft<\/p>\n<p>&nbsp;<\/p>\n<p><strong>REGIERUNG UND ELEKTRONISCHE W\u00c4HLUNG<\/strong><\/p>\n<p>&nbsp;<\/p>\n<p>Jetzt k\u00f6nnen Sie die Prozesse von aktivieren und anpassen <span style=\"color: #0062af;\"><span style=\"color: #000000;\"><strong>Elektronische Abstimmung<\/strong> <\/span>Entfernung und Gesicht <\/span>f\u00fcr Ihre Gemeinschaft, die Beteiligung Ihrer Nachbarn deutlich zu erh\u00f6hen. Sie k\u00f6nnen Ihre <span style=\"color: #0062af;\">General and Extraordinary Assemblys<\/span> von <span style=\"color: #0062af;\">zertifizierte postalische oder elektronische Kommunikation<\/span> zusammenbringen, wodurch Sie Tausende sparen von Betriebsstunden.<\/p>\n<p>&nbsp;<\/p>\n<p>Sie haben au\u00dferdem <strong>Zertifizierte Regierungsbeh\u00f6rden<\/strong> <span style=\"color: #0062af;\">pers\u00f6nlich und in einiger Entfernung<\/span> ein Protokoll, so dass das Protokoll der Verwaltungsr\u00e4te zertifiziert ist und f\u00fcr die zust\u00e4ndigen Beh\u00f6rden verf\u00fcgbar ist Gemeinschaft mit v\u00f6lliger Transparenz und in Rekordzeit.<\/p>\n<p>&nbsp;<\/p>\n<p>Alles, <span style=\"color: #0062af;\">von jedem Mobiltelefon oder PC<\/span>, vertraulich und mit <span style=\"color: #0062af;\">voller Rechtsg\u00fcltigkeit<\/span> .<\/p>\n<p>&nbsp;<\/p>\n<p><strong>SMART GELD F\u00dcR IHRE GEMEINSCHAFT<\/strong><\/p>\n<p>&nbsp;<\/p>\n<p>Ein weiterer gro\u00dfer Fortschritt ist die automatisierte elektronische Erstellung der <span style=\"color: #0062af;\">ausgabe von Quittungen und Erhebung periodischer Raten <span style=\"color: #000000;\">durch POS und \/ oder Lastschriften<\/span><\/span>. Und im Falle des Bestehens einer seiner Tranchen die Aktivierung der <span style=\"color: #0062af;\">Online Recovery zertifiziert vorurteilsfrei<\/span>\u00a0Was l\u00f6st es und beschleunigt die Beitreibung von Schulden <span style=\"color: #0062af;\">zertifizierte elektronische Aufzeichnungen<\/span> In dieser Hinsicht zu einem reduzierten Preis und vor allem zu einer sehr wichtigen Zeitersparnis bereit f\u00fcr den Rechtsanspruch.<\/p>\n<p>&nbsp;<\/p>\n<p><strong>EIGENT\u00dcMER PORTAL TOOLS<\/strong><\/p>\n<p>&nbsp;<\/p>\n<p>In unseren Portalen gibt es eine Vielzahl von Tools f\u00fcr Communities. Unter ihnen hervorheben wir: <span style=\"color: #0062af;\">Schwarzes Brett, Dokumentationsarchiv, Protokolldatei, Archiv der Taten und Befugnisse, Budgets, detaillierte Konten, Vertr\u00e4ge, Montage, usw.<\/span><\/p>\n<p>&nbsp;<\/p>\n<p><strong>Wenn Sie mit uns in Kontakt treten m\u00f6chten,<\/strong>\u00a0bitte, <a href=\"https:\/\/fullcertificate.com\/de\/kontaktieren-sie-uns\/\">hier klicken<\/a><strong>.<\/strong>[\/mk_fancy_title][\/vc_column_inner][\/vc_row_inner][vc_empty_space height=&#8220;20px&#8220;][\/vc_column][vc_column border_color=&#8220;#ffffff&#8220; width=&#8220;1\/4&#8243;][mk_image src=&#8220;https:\/\/fullcertificate.com\/wp-content\/uploads\/2018\/12\/european-trusted-third-party-full-certificate.png&#8220; image_width=&#8220;180&#8243; align=&#8220;center&#8220; margin_bottom=&#8220;0&#8243; crop=&#8220;false&#8220;][vc_empty_space height=&#8220;30px&#8220;][vc_row_inner padding=&#8220;0&#8243;][vc_column_inner css=&#8220;.vc_custom_1574096537020{border-top-width: 1px !important;border-right-width: 1px !important;border-bottom-width: 1px !important;border-left-width: 1px !important;border-left-color: #f2006e !important;border-left-style: solid !important;border-right-color: #f2006e !important;border-right-style: solid !important;border-top-color: #f2006e !important;border-top-style: solid !important;border-bottom-color: #f2006e !important;border-bottom-style: solid !important;}&#8220;][mk_fancy_title color=&#8220;#000000&#8243; size=&#8220;20&#8243; font_weight=&#8220;bold&#8220; font_style=&#8220;normal&#8220; txt_transform=&#8220;uppercase&#8220; margin_top=&#8220;20&#8243; margin_bottom=&#8220;0&#8243; font_family=&#8220;none&#8220; align=&#8220;center&#8220;]\n<p style=\"text-align: center;\">KOSTENLOS REGISTRIEREN<\/p>\n[\/mk_fancy_title][mk_fancy_title color=&#8220;#000000&#8243; size=&#8220;16&#8243; font_weight=&#8220;normal&#8220; font_style=&#8220;normal&#8220; txt_transform=&#8220;none&#8220; margin_bottom=&#8220;0&#8243; font_family=&#8220;none&#8220; align=&#8220;center&#8220;]\n<p style=\"text-align: center;\">Testen Sie unsere zertifizierten Dienstleistungen mit voller Rechtsg\u00fcltigkeit.<\/p>\n<p>&nbsp;<\/p>\n<p style=\"text-align: center;\"><strong><span style=\"color: #0062b0;\">Keine Geb\u00fchren, keine Vertr\u00e4ge.<\/span><br \/>\n<\/strong>Ihr Guthaben verf\u00e4llt nie.<\/p>\n[\/mk_fancy_title][mk_button dimension=&#8220;flat&#8220; corner_style=&#8220;rounded&#8220; size=&#8220;medium&#8220; url=&#8220;https:\/\/cloud.fullcertificate.com\/register&#8220; target=&#8220;_blank&#8220; align=&#8220;center&#8220; button_custom_width=&#8220;160&#8243; bg_color=&#8220;#f2006e&#8220; btn_hover_bg=&#8220;#252525&#8243; btn_hover_txt_color=&#8220;#ffffff&#8220;]HIER KLICKEN[\/mk_button][\/vc_column_inner][\/vc_row_inner][vc_row_inner padding=&#8220;0&#8243;][vc_column_inner][vc_empty_space height=&#8220;35px&#8220;][\/vc_column_inner][\/vc_row_inner][vc_row_inner padding=&#8220;0&#8243;][vc_column_inner][vc_empty_space height=&#8220;0px&#8220;][mk_icon_box2 icon_type=&#8220;image&#8220; title_size=&#8220;0&#8243; title_top_padding=&#8220;0&#8243; title_bottom_padding=&#8220;0&#8243;]<a href=\"https:\/\/fullcertificate.com\/de\/smartmoney\/\"><img loading=\"lazy\" class=\"wp-image-6433 size-medium aligncenter\" src=\"https:\/\/fullcertificate.com\/wp-content\/uploads\/2018\/10\/logo-smartmoney-1.png\" alt=\"\" width=\"180\" height=\"31\" \/><\/a><a href=\"https:\/\/fullcertificate.com\/de\/smartmoney\/\"><img loading=\"lazy\" class=\"wp-image-6439 size-medium aligncenter\" src=\"https:\/\/fullcertificate.com\/wp-content\/uploads\/2018\/10\/grafico-smart-money-3-1.png\" alt=\"\" width=\"170\" height=\"300\" \/><\/a><\/p>\n<p style=\"text-align: center;\"><strong><span style=\"color: #0062b0;\"><a style=\"color: #0062b0;\" href=\"https:\/\/fullcertificate.com\/de\/smartmoney\/\">SMART MONEY<\/a><br \/>\n<\/span><\/strong><span style=\"color: #000000; text-decoration: none;\">Intelligente Vertr\u00e4ge<br \/>\nIntelligente Zahlungen<br \/>\nSmart Recovery<br \/>\nDashboard<br \/>\n<\/span><\/p>\n[\/mk_icon_box2][vc_empty_space height=&#8220;10px&#8220;][mk_icon_box2 icon_type=&#8220;image&#8220; title_size=&#8220;0&#8243; title_top_padding=&#8220;0&#8243; title_bottom_padding=&#8220;0&#8243;]<a href=\"https:\/\/fullcertificate.com\/de\/smartone2one\/\"><img loading=\"lazy\" class=\"wp-image-6433 size-medium aligncenter\" src=\"https:\/\/fullcertificate.com\/wp-content\/uploads\/2018\/10\/logo-smart-one2one-2-1.png\" alt=\"\" width=\"226\" height=\"31\" \/><\/a><a href=\"https:\/\/fullcertificate.com\/de\/smartone2one\/\"><img loading=\"lazy\" class=\"wp-image-6439 size-medium aligncenter\" src=\"https:\/\/fullcertificate.com\/wp-content\/uploads\/2018\/10\/grafico-smart-one2one-1.png\" alt=\"\" width=\"170\" height=\"300\" \/><\/a><\/p>\n<p style=\"text-align: center;\"><strong><span style=\"color: #0062b0;\"><a style=\"color: #0062b0;\" href=\"https:\/\/fullcertificate.com\/de\/smartone2one\/\">SMART ONE2ONE<\/a><br \/>\n<\/span><\/strong><span style=\"color: #000000; text-decoration: none;\">Benutzerdefinierte Benachrichtigungen<br \/>\nHoher Ausf\u00fchrungsumfang<br \/>\nMultichannel-Zertifizierung<br \/>\nHohe Verf\u00fcgbarkeit<\/span><\/p>\n[\/mk_icon_box2][\/vc_column_inner][\/vc_row_inner][vc_empty_space height=&#8220;20px&#8220;][vc_row_inner padding=&#8220;0&#8243; el_class=&#8220;ocultar&#8220;][vc_column_inner css=&#8220;.vc_custom_1540979094932{border-top-width: 1px !important;border-right-width: 1px !important;border-bottom-width: 1px !important;border-left-width: 1px !important;padding-top: 20px !important;padding-bottom: 20px !important;background-color: #ffffff !important;border-left-color: #1e73be !important;border-left-style: solid !important;border-right-color: #1e73be !important;border-right-style: solid !important;border-top-color: #1e73be !important;border-top-style: solid !important;border-bottom-color: #1e73be !important;border-bottom-style: solid !important;}&#8220;][mk_fancy_title color=&#8220;#000000&#8243; size=&#8220;20&#8243; font_weight=&#8220;bold&#8220; font_style=&#8220;normal&#8220; txt_transform=&#8220;uppercase&#8220; margin_bottom=&#8220;0&#8243; font_family=&#8220;none&#8220; align=&#8220;center&#8220;]\n<p style=\"text-align: center;\">Kontaktinformationen<\/p>\n[\/mk_fancy_title][mk_fancy_title color=&#8220;#1e73be&#8220; font_weight=&#8220;normal&#8220; font_style=&#8220;normal&#8220; txt_transform=&#8220;none&#8220; margin_bottom=&#8220;10&#8243; font_family=&#8220;none&#8220; align=&#8220;center&#8220;]\n<p style=\"text-align: center;\"><strong>Telefon:<\/strong> (0034) 91 005 26 59<br \/>\n<strong>Adresse:<\/strong> C\/ Boix y Morer 6, 9. Stock 28003 Madrid, Spanien<\/p>\n[\/mk_fancy_title][mk_button dimension=&#8220;flat&#8220; corner_style=&#8220;rounded&#8220; size=&#8220;medium&#8220; url=&#8220;https:\/\/fullcertificate.com\/de\/kontaktieren-sie-uns\/&#8220; align=&#8220;center&#8220; button_custom_width=&#8220;160&#8243; bg_color=&#8220;#0062b0&#8243; btn_hover_bg=&#8220;#252525&#8243;]KONTAKTIEREN SIE UNS[\/mk_button][\/vc_column_inner][\/vc_row_inner][\/vc_column][\/mk_page_section][mk_page_section full_width=&#8220;true&#8220; first_page=&#8220;false&#8220; last_page=&#8220;false&#8220; sidebar=&#8220;sidebar-1&#8243;][vc_column][mk_divider style=&#8220;thin_solid&#8220; thickness=&#8220;4&#8243; margin_top=&#8220;10&#8243; margin_bottom=&#8220;40&#8243;][vc_row_inner padding=&#8220;0&#8243;][vc_column_inner width=&#8220;1\/4&#8243;][\/vc_column_inner][vc_column_inner width=&#8220;1\/2&#8243;][mk_fancy_title tag_name=&#8220;h4&#8243; color=&#8220;#393836&#8243; size=&#8220;30&#8243; font_weight=&#8220;normal&#8220; font_style=&#8220;normal&#8220; txt_transform=&#8220;uppercase&#8220; margin_bottom=&#8220;18&#8243; font_family=&#8220;none&#8220; align=&#8220;center&#8220;]\n<p style=\"text-align: center;\">MIT DER GARANTIE VON<\/p>\n[\/mk_fancy_title][mk_image src=&#8220;https:\/\/fullcertificate.com\/wp-content\/uploads\/2022\/04\/footer-nuevo-WE-VOTE.jpg&#8220; image_width=&#8220;1500&#8243; image_height=&#8220;216&#8243; link=&#8220;http:\/\/fullcertificate.com\/&#8220; target=&#8220;_blank&#8220; align=&#8220;center&#8220; el_class=&#8220;imagen-footer-centro&#8220; crop=&#8220;false&#8220;][\/vc_column_inner][vc_column_inner width=&#8220;1\/4&#8243;][\/vc_column_inner][\/vc_row_inner][\/vc_column][\/mk_page_section]\n","protected":false},"excerpt":{"rendered":"<p>[mk_page_section bg_image=&#8220;https:\/\/fullcertificate.com\/wp-content\/uploads\/2018\/11\/banner-smartcommunities-avisos-certificados-3-1.jpg&#8220; bg_position=&#8220;center top&#8220; bg_repeat=&#8220;no-repeat&#8220; bg_stretch=&#8220;true&#8220; min_height=&#8220;350&#8243; padding_top=&#8220;20&#8243; padding_bottom=&#8220;0&#8243; first_page=&#8220;true&#8220; last_page=&#8220;true&#8220; sidebar=&#8220;sidebar-1&#8243;][vc_column][mk_fancy_title tag_name=&#8220;h1&#8243; color=&#8220;#000000&#8243; size=&#8220;40&#8243; font_weight=&#8220;normal&#8220; font_style=&#8220;normal&#8220; txt_transform=&#8220;none&#8220; margin_top=&#8220;60&#8243; margin_bottom=&#8220;0&#8243; font_family=&#8220;none&#8220;]Smart Communities &#8211; Gemeinschaften[\/mk_fancy_title][mk_fancy_title tag_name=&#8220;h1&#8243; color=&#8220;#000000&#8243; size=&#8220;25&#8243; font_weight=&#8220;300&#8243; font_style=&#8220;normal&#8220; txt_transform=&#8220;none&#8220; margin_bottom=&#8220;0&#8243; font_family=&#8220;none&#8220;]Intelligente propriet\u00e4re Gemeinschaften[\/mk_fancy_title][mk_button dimension=&#8220;flat&#8220; size=&#8220;medium&#8220; url=&#8220;https:\/\/fullcertificate.com\/de\/kontaktieren-sie-uns\/&#8220; button_custom_width=&#8220;250&#8243; margin_bottom=&#8220;20&#8243; bg_color=&#8220;#0062b0&#8243; btn_hover_bg=&#8220;#252525&#8243;]JETZT KONTAKTIEREN[\/mk_button][\/vc_column][\/mk_page_section][mk_page_section padding_top=&#8220;50&#8243; padding_bottom=&#8220;0&#8243; first_page=&#8220;false&#8220; last_page=&#8220;false&#8220; sidebar=&#8220;sidebar-1&#8243;][vc_column width=&#8220;3\/4&#8243;][mk_fancy_title tag_name=&#8220;h1&#8243; color=&#8220;#0062af&#8220; size=&#8220;40&#8243; font_weight=&#8220;normal&#8220; font_style=&#8220;normal&#8220; txt_transform=&#8220;none&#8220; margin_bottom=&#8220;0&#8243; [&hellip;]<\/p>\n","protected":false},"author":2,"featured_media":0,"parent":0,"menu_order":0,"comment_status":"closed","ping_status":"closed","template":"","meta":{"_bbp_topic_count":0,"_bbp_reply_count":0,"_bbp_total_topic_count":0,"_bbp_total_reply_count":0,"_bbp_voice_count":0,"_bbp_anonymous_reply_count":0,"_bbp_topic_count_hidden":0,"_bbp_reply_count_hidden":0,"_bbp_forum_subforum_count":0},"_links":{"self":[{"href":"https:\/\/www.fullcertificate.com\/de\/wp-json\/wp\/v2\/pages\/16100"}],"collection":[{"href":"https:\/\/www.fullcertificate.com\/de\/wp-json\/wp\/v2\/pages"}],"about":[{"href":"https:\/\/www.fullcertificate.com\/de\/wp-json\/wp\/v2\/types\/page"}],"author":[{"embeddable":true,"href":"https:\/\/www.fullcertificate.com\/de\/wp-json\/wp\/v2\/users\/2"}],"replies":[{"embeddable":true,"href":"https:\/\/www.fullcertificate.com\/de\/wp-json\/wp\/v2\/comments?post=16100"}],"version-history":[{"count":13,"href":"https:\/\/www.fullcertificate.com\/de\/wp-json\/wp\/v2\/pages\/16100\/revisions"}],"predecessor-version":[{"id":27749,"href":"https:\/\/www.fullcertificate.com\/de\/wp-json\/wp\/v2\/pages\/16100\/revisions\/27749"}],"wp:attachment":[{"href":"https:\/\/www.fullcertificate.com\/de\/wp-json\/wp\/v2\/media?parent=16100"}],"curies":[{"name":"wp","href":"https:\/\/api.w.org\/{rel}","templated":true}]}}