{"id":16102,"date":"2018-11-29T14:36:05","date_gmt":"2018-11-29T14:36:05","guid":{"rendered":"https:\/\/fullcertificate.com\/smartcontracts\/"},"modified":"2022-04-13T05:33:47","modified_gmt":"2022-04-13T05:33:47","slug":"smart-contracts","status":"publish","type":"page","link":"https:\/\/www.fullcertificate.com\/de\/smart-contracts\/","title":{"rendered":"Smart Contracts"},"content":{"rendered":"[mk_page_section bg_image=&#8220;https:\/\/fullcertificate.com\/wp-content\/uploads\/2018\/11\/banner-smartcontracts-1.jpg&#8220; bg_position=&#8220;center top&#8220; bg_repeat=&#8220;no-repeat&#8220; bg_stretch=&#8220;true&#8220; min_height=&#8220;350&#8243; padding_top=&#8220;20&#8243; padding_bottom=&#8220;0&#8243; first_page=&#8220;true&#8220; last_page=&#8220;true&#8220; sidebar=&#8220;sidebar-1&#8243;][vc_column][mk_fancy_title tag_name=&#8220;h1&#8243; color=&#8220;#ffffff&#8220; size=&#8220;40&#8243; font_weight=&#8220;normal&#8220; font_style=&#8220;normal&#8220; txt_transform=&#8220;none&#8220; margin_top=&#8220;60&#8243; margin_bottom=&#8220;0&#8243; font_family=&#8220;none&#8220;]Intelligente Vertr\u00e4ge[\/mk_fancy_title][mk_fancy_title tag_name=&#8220;h1&#8243; color=&#8220;#ffffff&#8220; size=&#8220;25&#8243; font_weight=&#8220;300&#8243; font_style=&#8220;normal&#8220; txt_transform=&#8220;none&#8220; margin_bottom=&#8220;0&#8243; font_family=&#8220;none&#8220;]Intelligente elektronische Vertr\u00e4ge[\/mk_fancy_title][mk_button dimension=&#8220;flat&#8220; size=&#8220;medium&#8220; url=&#8220;https:\/\/fullcertificate.com\/de\/kontaktieren-sie-uns\/&#8220; button_custom_width=&#8220;250&#8243; bg_color=&#8220;#e5ac00&#8243; btn_hover_bg=&#8220;#252525&#8243;]JETZT KONTAKTIEREN[\/mk_button][\/vc_column][\/mk_page_section][mk_page_section padding_top=&#8220;50&#8243; padding_bottom=&#8220;0&#8243; first_page=&#8220;false&#8220; last_page=&#8220;false&#8220; sidebar=&#8220;sidebar-1&#8243;][vc_column width=&#8220;3\/4&#8243;][mk_fancy_title color=&#8220;#0062af&#8220; size=&#8220;30&#8243; font_weight=&#8220;normal&#8220; font_style=&#8220;normal&#8220; txt_transform=&#8220;none&#8220; margin_bottom=&#8220;0&#8243; font_family=&#8220;none&#8220;]Intelligente Vertr\u00e4ge[\/mk_fancy_title][mk_divider style=&#8220;thin_solid&#8220; thickness=&#8220;4&#8243; margin_top=&#8220;0&#8243;][mk_fancy_title color=&#8220;#000000&#8243; size=&#8220;17&#8243; font_weight=&#8220;normal&#8220; font_style=&#8220;normal&#8220; txt_transform=&#8220;uppercase&#8220; margin_bottom=&#8220;30&#8243; font_family=&#8220;none&#8220;]<strong><span style=\"color: #333333;\">INTELLIGENTE ELEKTRONISCHE VERTR\u00c4GE DASS DIE GESAMTE ABRECHNUNG, SAMMLUNG UND WIEDERHERSTELLUNG DURCH ZERTIFIZIERTE PROZESSE MIT RECHTLICHER G\u00dcLTIGKEIT ABLAUFEN UND AUSF\u00dcHREN<\/span><\/strong>[\/mk_fancy_title][vc_row_inner padding=&#8220;0&#8243;][vc_column_inner width=&#8220;1\/3&#8243;][mk_icon_box2 icon_type=&#8220;image&#8220; icon_size=&#8220;inherit&#8220; title_size=&#8220;0&#8243; title_top_padding=&#8220;0&#8243; title_bottom_padding=&#8220;0&#8243;]<img loading=\"lazy\" class=\"aligncenter wp-image-6393 size-full\" src=\"https:\/\/fullcertificate.com\/wp-content\/uploads\/2018\/11\/smartcontracts-1.jpg\" alt=\"\" width=\"240\" height=\"29\" \/><img class=\"wp-image-6387 size-medium aligncenter\" src=\"https:\/\/fullcertificate.com\/wp-content\/uploads\/2018\/10\/grafico-smart-contracts-2-1.png\" alt=\"\" width=\"216\" \/><\/p>\n<p style=\"text-align: center;\"><a href=\"https:\/\/www.avisoscertificados.com\/contactenos\/\"><strong><span style=\"color: #0062b0;\">SMART CONTRACTS<\/span><\/strong><br \/>\n<\/a><span style=\"color: #000000; text-decoration: none;\">Intelligente Vertr\u00e4ge<\/span><br \/>\n<span style=\"color: #000000; text-decoration: none;\">Online-Signaturvertr\u00e4ge<\/span><br \/>\n<span style=\"color: #000000; text-decoration: none;\">Automatisierte Prozesse<\/span><br \/>\n<span style=\"color: #000000; text-decoration: none;\">Automatisierte Abrechnung<\/span><br \/>\n<span style=\"color: #000000; text-decoration: none;\">Automatisiertes Laden<\/span><br \/>\n<span style=\"color: #000000; text-decoration: none;\">Vorurteilsfreudige Genesung<\/span><br \/>\n<span style=\"color: #000000; text-decoration: none;\">Rechtsg\u00fcltigkeit<\/span><\/p>\n[\/mk_icon_box2][\/vc_column_inner][vc_column_inner width=&#8220;2\/3&#8243;][mk_fancy_title tag_name=&#8220;h4&#8243; color=&#8220;#000000&#8243; font_weight=&#8220;normal&#8220; font_style=&#8220;normal&#8220; txt_transform=&#8220;none&#8220; margin_bottom=&#8220;0&#8243; font_family=&#8220;none&#8220;]<strong>Smart Contracts<\/strong> sind <span style=\"color: #0062af;\">L\u00f6sungen der n\u00e4chsten Generation<\/span> f\u00fcr Unternehmen und Institutionen durch <span style=\"color: #0062af;\"> automatisierte Vertragsausstellungsdienste und Belege<\/span>, mit denen Sie in Echtzeit visuell und mit vollst\u00e4ndiger Kontrolle kontrollieren k\u00f6nnen, <span style=\"color: #0062af;\"> Einstellungsprozesse &amp; amp; Zugeh\u00f6rigkeit <\/span> und mit <strong>Smart Money<\/strong> <span style=\"color: #0062af;\">Abrechnung, Sammlungen &amp; amp; Vorurteilszahlungen und freundliche R\u00fcckforderung.<\/span><\/p>\n<p>&nbsp;<\/p>\n<p><span style=\"color: #0062af;\">Unsere Services<\/span> k\u00f6nnen <span style=\"color: #0062af;\"> Integrale sein,<\/span> den gesamten Zyklus global verwalten oder <span style=\"color: #0062af;\"> partiell<\/span> entsprechend den Bed\u00fcrfnissen des Kunden. Der Prozess <span style=\"color: #333333;\"> <strong>Smart Money<\/strong><\/span> <span style=\"color: #0062af;\">beginnt mit intelligenten Vertr\u00e4gen<\/span>.[\/mk_fancy_title][mk_fancy_title tag_name=&#8220;h4&#8243; color=&#8220;#000000&#8243; font_weight=&#8220;normal&#8220; font_style=&#8220;normal&#8220; txt_transform=&#8220;none&#8220; font_family=&#8220;none&#8220;]Die <span style=\"color: #333333;\"> <strong>Intelligente Vertr\u00e4ge<\/strong> <span style=\"color: #000000;\">sind<\/span><\/span> <span style=\"color: #0062af;\">automatisierte elektronische Vertr\u00e4ge<\/span>, die entsprechend den Bed\u00fcrfnissen jedes Kunden implementiert werden. Sie k\u00f6nnen <span style=\"color: #0062af;\">aus Webformularen<\/span>, aus <span style=\"color: #0062af;\"> intraNets oder extraNets<\/span> aus <span style=\"color: #0062af;\"> interne Systeme wie ERPs, CRMs usw.<\/span>. Sie erm\u00f6glichen die Verwaltung von einem bis zu Millionen von <span style=\"color: #0062af;\"> Einstellungsprozessen<\/span>.<\/p>\n<p>&nbsp;<\/p>\n<p>Der Vertrag ist ein <span style=\"color: #333333;\"><strong>Zertifizierter elektronischer Vertrag<\/strong><\/span> der alle Informationen \u00fcber Daten, Variablen und Dokumente enth\u00e4lt, die f\u00fcr die Formalisierung des Vertrags und der Programmatik erforderlich sind von automatisierten Prozessen. Mit <span style=\"color: #0062af;\"> wird ein eMail- oder SMS-Zertifikat <span style=\"color: #000000;\"> an den potenziellen Kunden f\u00fcr<\/span><\/span> <span style=\"color: #333333;\"> <strong>Online-Signatur<\/strong><\/span>.[\/mk_fancy_title][mk_image src=&#8220;https:\/\/fullcertificate.com\/wp-content\/uploads\/2019\/10\/deutsch-graphic-1-smart-contracts-full-certificate.jpg&#8220; image_width=&#8220;1000&#8243; align=&#8220;center&#8220; margin_bottom=&#8220;20&#8243; el_class=&#8220;imagen-medio&#8220; crop=&#8220;false&#8220;][mk_fancy_title tag_name=&#8220;h4&#8243; color=&#8220;#000000&#8243; font_weight=&#8220;normal&#8220; font_style=&#8220;normal&#8220; txt_transform=&#8220;none&#8220; margin_bottom=&#8220;0&#8243; font_family=&#8220;none&#8220;]<span style=\"color: #0062af;\">Die Signatur<\/span> kann in wenigen <span style=\"color: #0062af;\">Minuten,<\/span> auf sehr komfortable Weise und <span style=\"color: #0062af;\"> mit der Gesamtzahl erfolgen Rechtsg\u00fcltigkeit. <\/span> Der <span style=\"color: #0062af;\">Client erh\u00e4lt<\/span> <span style=\"color: #0062af;\">Kopie<\/span> des von unterzeichneten und beglaubigten Vertrags <span style=\"color: #333333;\"> <strong>Zertifizierte Hinweise<\/strong><\/span> in Ihrer E-Mail.<\/p>\n<p>&nbsp;<\/p>\n<p>Diese Vertr\u00e4ge sind intelligent, da sie die Schl\u00fcsselvariablen von <span style=\"color: #0062af;\">der Abrechnungs-, Erfassungs- und Wiederherstellungsprozesse ausf\u00fchren. <\/span> <strong><span style=\"color: #333333;\">Intelligente Vertr\u00e4ge<\/span><\/strong> werden automatisch ausgef\u00fchrt:<\/p>\n<p>&nbsp;<\/p>\n<ol>\n<li>Die Farbe wird gesendet <strong><span style=\"color: #333333;\">Intelligenter Vertrag<\/span><\/strong> an die <span style=\"color: #0062af;\"> elektronische Signatur<\/span><\/li>\n<li><span style=\"color: #0062af;\">Das System registriert die Vertragsvariablen<\/span><\/li>\n<li><span style=\"color: #0062af;\">Es wird elektronisch mit vollst\u00e4ndiger Rechtssicherheit unterzeichnet<\/span><\/li>\n<li><span style=\"color: #0062af;\">Startet<\/span> die Prozesse von <span style=\"color: #0062af;\"> Abrechnung, Sammlung und Wiederherstellung<\/span><\/li>\n<li>Als zus\u00e4tzlicher Dienst wird es im <span style=\"color: #0062af;\">Blockchain-Netzwerk repliziert.<\/span><\/li>\n<\/ol>\n<p>&nbsp;<\/p>\n<p><span style=\"color: #333333;\"><strong>Intelligentes Geld<\/strong><\/span> zertifiziert den gesamten Prozess in seinen entscheidenden Momenten und bietet als <span style=\"color: #333333;\"> <strong>Dritter europ\u00e4ischer Trust<\/strong><\/span> das Maximum <span style=\"color: #0062af;\">G\u00fcltigkeit und Rechtssicherheit f\u00fcr den Prozess.<\/span>[\/mk_fancy_title][mk_fancy_title tag_name=&#8220;h4&#8243; color=&#8220;#000000&#8243; font_weight=&#8220;normal&#8220; font_style=&#8220;normal&#8220; txt_transform=&#8220;none&#8220; margin_bottom=&#8220;0&#8243; font_family=&#8220;none&#8220;]<strong><span style=\"color: #333333;\">Intelligentes Geld<\/span>\u00a0<\/strong>&amp;<strong> Zertifizierte Hinweise,\u00a0<\/strong>Wenn <strong><span style=\"color: #333333;\">Trusted Third European<\/span> <\/strong> garantiert, dass <span style=\"color: #0062af;\">Ihre Mitteilungen und Vereinbarungen g\u00fcltig sind legal<\/span><\/p>\n<p>&nbsp;<\/p>\n<p>Wir haben <strong>fortgeschrittene elektronische Dienste<\/strong> entwickelt, die <span style=\"color: #0062af;\">gro\u00dfe Vorteile<\/span> <span style=\"color: #0062af;\"> f\u00fcr Organisationen und deren Kunden bieten<\/span>.<\/p>\n<p>&nbsp;<\/p>\n<p><strong><span style=\"color: #333333;\">Wenn Sie mit uns in Kontakt treten m\u00f6chten<\/span><\/strong>, wird Ihnen ein spezialisierter Berater pers\u00f6nlich helfen. Bitte\u00a0 <a href=\"https:\/\/fullcertificate.com\/de\/kontaktieren-sie-uns\/\">hier klicken.<\/a>[\/mk_fancy_title][\/vc_column_inner][\/vc_row_inner][vc_empty_space height=&#8220;0px&#8220;][\/vc_column][vc_column border_color=&#8220;#ffffff&#8220; width=&#8220;1\/4&#8243;][mk_image src=&#8220;https:\/\/fullcertificate.com\/wp-content\/uploads\/2018\/12\/european-trusted-third-party-full-certificate.png&#8220; image_width=&#8220;180&#8243; align=&#8220;center&#8220; margin_bottom=&#8220;35&#8243; crop=&#8220;false&#8220;][vc_empty_space height=&#8220;0px&#8220;][mk_icon_box2 icon_type=&#8220;image&#8220; title_size=&#8220;0&#8243; title_top_padding=&#8220;0&#8243; title_bottom_padding=&#8220;0&#8243;]<a href=\"https:\/\/fullcertificate.com\/de\/smartmoney\/\"><img loading=\"lazy\" class=\"wp-image-6433 size-medium aligncenter\" src=\"https:\/\/fullcertificate.com\/wp-content\/uploads\/2018\/10\/logo-smartmoney-1.png\" alt=\"\" width=\"180\" height=\"31\" \/><\/a><a href=\"https:\/\/fullcertificate.com\/de\/smartmoney\/\"><img loading=\"lazy\" class=\"wp-image-6439 size-medium aligncenter\" src=\"https:\/\/fullcertificate.com\/wp-content\/uploads\/2018\/10\/grafico-smart-money-3-1.png\" alt=\"\" width=\"170\" height=\"300\" \/><\/a><\/p>\n<p style=\"text-align: center;\"><strong><span style=\"color: #0062b0;\"><a style=\"color: #0062b0;\" href=\"https:\/\/fullcertificate.com\/de\/smartmoney\/\">SMART MONEY<\/a><br \/>\n<\/span><\/strong><span style=\"color: #000000; text-decoration: none;\">intelligente Vertr\u00e4ge<\/span><br \/>\n<span style=\"color: #000000; text-decoration: none;\">intelligente Zahlungen<\/span><br \/>\n<span style=\"color: #000000; text-decoration: none;\">Smart Recovery<\/span><br \/>\n<span style=\"color: #000000; text-decoration: none;\">Dashboard<\/span><\/p>\n[\/mk_icon_box2][vc_empty_space height=&#8220;20px&#8220;][vc_row_inner padding=&#8220;0&#8243; el_class=&#8220;ocultar&#8220;][vc_column_inner css=&#8220;.vc_custom_1540979094932{border-top-width: 1px !important;border-right-width: 1px !important;border-bottom-width: 1px !important;border-left-width: 1px !important;padding-top: 20px !important;padding-bottom: 20px !important;background-color: #ffffff !important;border-left-color: #1e73be !important;border-left-style: solid !important;border-right-color: #1e73be !important;border-right-style: solid !important;border-top-color: #1e73be !important;border-top-style: solid !important;border-bottom-color: #1e73be !important;border-bottom-style: solid !important;}&#8220;][mk_fancy_title color=&#8220;#000000&#8243; size=&#8220;20&#8243; font_weight=&#8220;bold&#8220; font_style=&#8220;normal&#8220; txt_transform=&#8220;uppercase&#8220; margin_bottom=&#8220;0&#8243; font_family=&#8220;none&#8220; align=&#8220;center&#8220;]\n<p style=\"text-align: center;\">Kontaktinformationen<\/p>\n[\/mk_fancy_title][mk_fancy_title color=&#8220;#1e73be&#8220; font_weight=&#8220;normal&#8220; font_style=&#8220;normal&#8220; txt_transform=&#8220;none&#8220; margin_bottom=&#8220;10&#8243; font_family=&#8220;none&#8220; align=&#8220;center&#8220;]\n<p style=\"text-align: center;\"><strong>Telefon:<\/strong> (0034) 91 005 26 59<br \/>\n<strong>Adresse:<\/strong> C \/ Boix y Morer 6, 9. Stock 28003 Madrid, Spanien<\/p>\n[\/mk_fancy_title][mk_button dimension=&#8220;flat&#8220; corner_style=&#8220;rounded&#8220; size=&#8220;medium&#8220; url=&#8220;https:\/\/fullcertificate.com\/de\/kontaktieren-sie-uns\/&#8220; align=&#8220;center&#8220; button_custom_width=&#8220;160&#8243; bg_color=&#8220;#0062b0&#8243; btn_hover_bg=&#8220;#252525&#8243;]KONTAKTIEREN SIE UNS[\/mk_button][\/vc_column_inner][\/vc_row_inner][\/vc_column][\/mk_page_section][mk_page_section full_width=&#8220;true&#8220; first_page=&#8220;false&#8220; last_page=&#8220;false&#8220; sidebar=&#8220;sidebar-1&#8243;][vc_column][mk_divider style=&#8220;thin_solid&#8220; thickness=&#8220;4&#8243; margin_top=&#8220;10&#8243; margin_bottom=&#8220;40&#8243;][vc_row_inner padding=&#8220;0&#8243;][vc_column_inner width=&#8220;1\/4&#8243;][\/vc_column_inner][vc_column_inner width=&#8220;1\/2&#8243;][mk_fancy_title tag_name=&#8220;h4&#8243; color=&#8220;#393836&#8243; size=&#8220;30&#8243; font_weight=&#8220;normal&#8220; font_style=&#8220;normal&#8220; txt_transform=&#8220;uppercase&#8220; margin_bottom=&#8220;18&#8243; font_family=&#8220;none&#8220; align=&#8220;center&#8220;]\n<p style=\"text-align: center;\">MIT DER GARANTIE VON<\/p>\n[\/mk_fancy_title][mk_image src=&#8220;https:\/\/fullcertificate.com\/wp-content\/uploads\/2022\/04\/footer-nuevo-WE-VOTE.jpg&#8220; image_width=&#8220;1500&#8243; image_height=&#8220;216&#8243; link=&#8220;http:\/\/fullcertificate.com\/&#8220; target=&#8220;_blank&#8220; align=&#8220;center&#8220; el_class=&#8220;imagen-footer-centro&#8220; crop=&#8220;false&#8220;][\/vc_column_inner][vc_column_inner width=&#8220;1\/4&#8243;][\/vc_column_inner][\/vc_row_inner][\/vc_column][\/mk_page_section][vc_row padding=&#8220;0&#8243;][\/vc_row]\n","protected":false},"excerpt":{"rendered":"<p>[mk_page_section bg_image=&#8220;https:\/\/fullcertificate.com\/wp-content\/uploads\/2018\/11\/banner-smartcontracts-1.jpg&#8220; bg_position=&#8220;center top&#8220; bg_repeat=&#8220;no-repeat&#8220; bg_stretch=&#8220;true&#8220; min_height=&#8220;350&#8243; padding_top=&#8220;20&#8243; padding_bottom=&#8220;0&#8243; first_page=&#8220;true&#8220; last_page=&#8220;true&#8220; sidebar=&#8220;sidebar-1&#8243;][vc_column][mk_fancy_title tag_name=&#8220;h1&#8243; color=&#8220;#ffffff&#8220; size=&#8220;40&#8243; font_weight=&#8220;normal&#8220; font_style=&#8220;normal&#8220; txt_transform=&#8220;none&#8220; margin_top=&#8220;60&#8243; margin_bottom=&#8220;0&#8243; font_family=&#8220;none&#8220;]Intelligente Vertr\u00e4ge[\/mk_fancy_title][mk_fancy_title tag_name=&#8220;h1&#8243; color=&#8220;#ffffff&#8220; size=&#8220;25&#8243; font_weight=&#8220;300&#8243; font_style=&#8220;normal&#8220; txt_transform=&#8220;none&#8220; margin_bottom=&#8220;0&#8243; font_family=&#8220;none&#8220;]Intelligente elektronische Vertr\u00e4ge[\/mk_fancy_title][mk_button dimension=&#8220;flat&#8220; size=&#8220;medium&#8220; url=&#8220;https:\/\/fullcertificate.com\/de\/kontaktieren-sie-uns\/&#8220; button_custom_width=&#8220;250&#8243; bg_color=&#8220;#e5ac00&#8243; btn_hover_bg=&#8220;#252525&#8243;]JETZT KONTAKTIEREN[\/mk_button][\/vc_column][\/mk_page_section][mk_page_section padding_top=&#8220;50&#8243; padding_bottom=&#8220;0&#8243; first_page=&#8220;false&#8220; last_page=&#8220;false&#8220; sidebar=&#8220;sidebar-1&#8243;][vc_column width=&#8220;3\/4&#8243;][mk_fancy_title color=&#8220;#0062af&#8220; size=&#8220;30&#8243; font_weight=&#8220;normal&#8220; font_style=&#8220;normal&#8220; txt_transform=&#8220;none&#8220; margin_bottom=&#8220;0&#8243; font_family=&#8220;none&#8220;]Intelligente Vertr\u00e4ge[\/mk_fancy_title][mk_divider style=&#8220;thin_solid&#8220; thickness=&#8220;4&#8243; [&hellip;]<\/p>\n","protected":false},"author":2,"featured_media":0,"parent":0,"menu_order":0,"comment_status":"closed","ping_status":"closed","template":"","meta":{"_bbp_topic_count":0,"_bbp_reply_count":0,"_bbp_total_topic_count":0,"_bbp_total_reply_count":0,"_bbp_voice_count":0,"_bbp_anonymous_reply_count":0,"_bbp_topic_count_hidden":0,"_bbp_reply_count_hidden":0,"_bbp_forum_subforum_count":0},"_links":{"self":[{"href":"https:\/\/www.fullcertificate.com\/de\/wp-json\/wp\/v2\/pages\/16102"}],"collection":[{"href":"https:\/\/www.fullcertificate.com\/de\/wp-json\/wp\/v2\/pages"}],"about":[{"href":"https:\/\/www.fullcertificate.com\/de\/wp-json\/wp\/v2\/types\/page"}],"author":[{"embeddable":true,"href":"https:\/\/www.fullcertificate.com\/de\/wp-json\/wp\/v2\/users\/2"}],"replies":[{"embeddable":true,"href":"https:\/\/www.fullcertificate.com\/de\/wp-json\/wp\/v2\/comments?post=16102"}],"version-history":[{"count":21,"href":"https:\/\/www.fullcertificate.com\/de\/wp-json\/wp\/v2\/pages\/16102\/revisions"}],"predecessor-version":[{"id":27778,"href":"https:\/\/www.fullcertificate.com\/de\/wp-json\/wp\/v2\/pages\/16102\/revisions\/27778"}],"wp:attachment":[{"href":"https:\/\/www.fullcertificate.com\/de\/wp-json\/wp\/v2\/media?parent=16102"}],"curies":[{"name":"wp","href":"https:\/\/api.w.org\/{rel}","templated":true}]}}