{"id":16106,"date":"2018-11-29T14:48:50","date_gmt":"2018-11-29T14:48:50","guid":{"rendered":"https:\/\/fullcertificate.com\/smartone2one\/"},"modified":"2022-04-13T05:15:04","modified_gmt":"2022-04-13T05:15:04","slug":"smartone2one","status":"publish","type":"page","link":"https:\/\/www.fullcertificate.com\/de\/smartone2one\/","title":{"rendered":"smartone2one"},"content":{"rendered":"[mk_page_section bg_image=&#8220;https:\/\/fullcertificate.com\/wp-content\/uploads\/2018\/11\/banner-smartone2one-avisos-certificados-2-1.jpg&#8220; bg_position=&#8220;center top&#8220; bg_repeat=&#8220;no-repeat&#8220; bg_stretch=&#8220;true&#8220; min_height=&#8220;350&#8243; padding_top=&#8220;20&#8243; padding_bottom=&#8220;0&#8243; first_page=&#8220;true&#8220; last_page=&#8220;true&#8220; sidebar=&#8220;sidebar-1&#8243;][vc_column][mk_fancy_title tag_name=&#8220;h1&#8243; color=&#8220;#000000&#8243; size=&#8220;40&#8243; font_weight=&#8220;normal&#8220; font_style=&#8220;normal&#8220; txt_transform=&#8220;none&#8220; margin_top=&#8220;60&#8243; margin_bottom=&#8220;0&#8243; font_family=&#8220;none&#8220;]Smart One2One[\/mk_fancy_title][mk_fancy_title tag_name=&#8220;h1&#8243; color=&#8220;#000000&#8243; size=&#8220;25&#8243; font_weight=&#8220;300&#8243; font_style=&#8220;normal&#8220; txt_transform=&#8220;none&#8220; margin_bottom=&#8220;0&#8243; font_family=&#8220;none&#8220;]Kundenspezifische automatisierte Prozesse[\/mk_fancy_title][mk_button dimension=&#8220;flat&#8220; size=&#8220;medium&#8220; url=&#8220;https:\/\/fullcertificate.com\/de\/kontaktieren-sie-uns\/&#8220; button_custom_width=&#8220;250&#8243; bg_color=&#8220;#0062b0&#8243; btn_hover_bg=&#8220;#252525&#8243;]JETZT KONTAKTIEREN[\/mk_button][\/vc_column][\/mk_page_section][mk_page_section padding_top=&#8220;50&#8243; padding_bottom=&#8220;50&#8243; first_page=&#8220;false&#8220; last_page=&#8220;false&#8220; sidebar=&#8220;sidebar-1&#8243;][vc_column width=&#8220;3\/4&#8243;][mk_fancy_title color=&#8220;#0062af&#8220; size=&#8220;30&#8243; font_weight=&#8220;normal&#8220; font_style=&#8220;normal&#8220; txt_transform=&#8220;none&#8220; margin_bottom=&#8220;0&#8243; font_family=&#8220;none&#8220;]Benutzerdefinierte Benachrichtigungen, hohes Ausf\u00fchrungsvolumen und hohe Verf\u00fcgbarkeit mit Multichannel-Zertifizierung[\/mk_fancy_title][mk_divider style=&#8220;thin_solid&#8220; thickness=&#8220;4&#8243; margin_top=&#8220;0&#8243;][mk_fancy_title color=&#8220;#000000&#8243; size=&#8220;17&#8243; font_weight=&#8220;bold&#8220; font_style=&#8220;normal&#8220; txt_transform=&#8220;uppercase&#8220; margin_bottom=&#8220;30&#8243; font_family=&#8220;none&#8220;]<strong>Mit Smart One2One passen wir uns Ihrem Unternehmen an, h\u00f6ren auf Ihre speziellen Anforderungen und automatisieren den gesamten Benachrichtigungsprozess individuell.<\/strong>[\/mk_fancy_title][vc_row_inner padding=&#8220;0&#8243;][vc_column_inner width=&#8220;1\/3&#8243;][mk_icon_box2 icon_type=&#8220;image&#8220; icon_size=&#8220;inherit&#8220; title_size=&#8220;0&#8243; title_top_padding=&#8220;0&#8243; title_bottom_padding=&#8220;0&#8243;]<img class=\"wp-image-6433 size-medium aligncenter\" src=\"https:\/\/fullcertificate.com\/wp-content\/uploads\/2018\/10\/logo-smart-one2one-2-1.png\" alt=\"\" width=\"240\" \/><img class=\"wp-image-6439 size-medium aligncenter\" src=\"https:\/\/fullcertificate.com\/wp-content\/uploads\/2018\/10\/grafico-smart-one2one-1.png\" alt=\"\" width=\"216\" \/><\/p>\n<p style=\"text-align: center;\"><strong><span style=\"color: #0062b0;\">SMART ONE2ONE<br \/>\n<\/span><\/strong><span style=\"color: #000000; text-decoration: none;\">Benutzerdefinierte Benachrichtigungen<br \/>\nHoher Ausf\u00fchrungsumfang<br \/>\nMultichannel-Zertifizierung<br \/>\nHohe Verf\u00fcgbarkeit<\/span><\/p>\n[\/mk_icon_box2][\/vc_column_inner][vc_column_inner width=&#8220;2\/3&#8243;][mk_fancy_title tag_name=&#8220;h4&#8243; color=&#8220;#000000&#8243; font_weight=&#8220;normal&#8220; font_style=&#8220;normal&#8220; txt_transform=&#8220;none&#8220; margin_bottom=&#8220;0&#8243; font_family=&#8220;none&#8220;]Nehmen wir an, Sie m\u00fcssen ein <span style=\"color: #0062af;\">an Tausende Empf\u00e4nger senden<\/span>. Es gibt kein Problem, wir haben die beste Technologie, um Ihre Kommunikation bei jedem Empf\u00e4nger zu erreichen und auch <span style=\"color: #0062af;\">best\u00e4tigen jedes Schrittes, den der Empf\u00e4nger gibt, sobald seine Aussage in das Terminal gelangt.<\/span><\/p>\n<p>&nbsp;<\/p>\n<p>Nun, lassen Sie uns sagen, was Sie wollen, ist f\u00fcr eine <span style=\"color: #0062af;\">personalisierte Kommunikation f\u00fcr jeden Empf\u00e4nger mit Tausenden von Empf\u00e4ngern.<\/span> Das gleiche gibt es kein Problem. Danke an <strong>Smartone2one<\/strong> <span style=\"color: #0062af;\">Wir automatisieren den gesamten Prozess<\/span> zu senden <span style=\"color: #0062af;\">personalisierte Benachrichtigungen oder jede Art von Aktion, die einen hohen Ausf\u00fchrungsumfang erfordert.<\/span> Mit diesem Service haben wir auch erreicht <span style=\"color: #0062af;\">Multi-Channel-Zertifizierung<\/span>, Das hei\u00dft, jede Benachrichtigung, die jeder der tausend Empf\u00e4nger in mehr als einem Terminal erh\u00e4lt, wird mit zertifiziert <span style=\"color: #0062af;\">volle rechtliche G\u00fcltigkeit.<\/span><\/p>\n<p>&nbsp;<\/p>\n<p><strong>Smart One2One<\/strong>, von <strong>Zertifizierte Hinweise<\/strong>,\u00a0hilft Ihnen bei der Automatisierung aller <span style=\"color: #0062af;\">Benachrichtigungsprozesse f\u00fcr Ihr Unternehmen auf eine personalisierte Weise<\/span>:\u00a0<strong>Online-Vertragsunterschrift, Zertifizierungen von Hausrechnungen und alle Arten von zertifizierter Kommunikation\u00a0<span style=\"color: #0062af;\">mit g\u00fcltiger G\u00fcltigkeit.<\/span><\/strong><\/p>\n<p>&nbsp;<\/p>\n<p>Gedanke f\u00fcr die <span style=\"color: #0062af;\">verwaltung gro\u00dfer Kundenmengen<\/span>, wir haben eine <span style=\"color: #0062af;\">Vollst\u00e4ndige Integration von Systemen und Prozessautomatisierung<\/span> das wird dir erlauben <span style=\"color: #0062af;\">Erreichen Sie jeden Ihrer Empf\u00e4nger individuell und mit Multichannel-Zertifizierung.<\/span><\/p>\n<p>&nbsp;<\/p>\n<p>Unser IDC, Internet Data Center, verf\u00fcgt \u00fcber <span style=\"color: #0062af;\">42 redundante Hochleistungsserver<\/span>, die Finanz- und Handelsunternehmen mit gro\u00dfen Prozessanforderungen bedienen.<\/p>\n<p>&nbsp;<\/p>\n<ul>\n<li><strong>42 Server<\/strong><\/li>\n<li><strong>Notfallwiederherstellung und vollst\u00e4ndige Sicherungen.<\/strong><\/li>\n<li><strong>Verwahrung<\/strong> mindestens 5 Jahre<\/li>\n<li>Stufen mit <strong>99,99% Ansehen&lt;\/ Strong&gt;<\/strong><\/li>\n<li>Geschwindigkeit <strong>Volles Internet:<\/strong> 120 MB \/ sg<\/li>\n<li><strong>Maximale Sicherheit<\/strong> physisch und logisch<\/li>\n<li><strong>Skalierbarkeit<\/strong> gesamt und inkrementell<\/li>\n<li><strong>Goldene Sonne<\/strong> in elektronischen Nachrichtendiensten<\/li>\n<li><strong>Kommunikationen<\/strong><\/li>\n<li><strong>Spezialisiertes Team<\/strong><\/li>\n<li><strong>Mehrere Integrationen:<\/strong> ERPs, CRMs usw.<\/li>\n<\/ul>\n<p>&nbsp;<\/p>\n<p><strong>Mehrwertdienste.<\/strong><\/p>\n<p>&nbsp;<\/p>\n<ul>\n<li><span style=\"color: #0062af;\">Web-Services<\/span><\/li>\n<li><span style=\"color: #0062af;\">Gesamtanpassung<\/span><\/li>\n<li><span style=\"color: #0062af;\">Marketing-Automatisierung.<\/span><\/li>\n<\/ul>\n<p>&nbsp;<\/p>\n<p>Automatische Aktualisierung der Cloud-Einstellungen In diesem Zeitraum werden <span style=\"color: #0062af;\"> Zertifizierungen im Hinblick auf die G\u00fcltigkeitsdauer der gesetzlichen Bestimmungen<\/span>, <strong>Zertifizierte Hinweise<\/strong> kann Dienstleistungen anbieten <strong>Hohe Verf\u00fcgbarkeit und hohes Ausf\u00fchrungsvolumen<\/strong> sie verschwenden also keine Zeit damit, personalisierte Mitteilungen manuell zu senden.<\/p>\n<p>&nbsp;<\/p>\n<p>Todo, desde su comodidad y sin esperas: empleamos <span style=\"color: #0062af;\">todos los canales digitales de comunicaci\u00f3n<\/span> para que sus notificaciones lleguen al destinatario con el mayor nivel de \u00e9xito a trav\u00e9s de <strong>burofaxes, emails, SMS, etc. (Multicanalidad).<\/strong><\/p>\n<p>&nbsp;<\/p>\n<p>Si lo desea, con nuestro env\u00edo <strong>Multidispositivo,<\/strong> el cliente recibir\u00e1 el contrato en su Smartphone, tableta o PC y podr\u00e1 firmar digitalmente con la opci\u00f3n que le resulte m\u00e1s c\u00f3moda.<\/p>\n<p>&nbsp;<\/p>\n<p>Dienstleistungen, die <strong>Zertifizierte Hinweise<\/strong> bietet das Niveau von zu erreichen <span style=\"color: #0062af;\">Exzellenz in seinen internen Abl\u00e4ufen<\/span>, mit einer erheblichen Zeitersparnis, <span style=\"color: #0062af;\">hervorragende St\u00fcckkosten f\u00fcr jeden Prozess, absolute Sicherheit bei digitalen Signaturprozessen und volle Rechtsg\u00fcltigkeit auf europ\u00e4ischer Ebene.<\/span><\/p>\n<p>&nbsp;<\/p>\n<p>Auch:<\/p>\n<p>&nbsp;<\/p>\n<ul>\n<li><strong>Zugang<\/strong> in Echtzeit <strong>24 Stunden<\/strong><\/li>\n<li><strong>Automatisierung<\/strong> von <strong>Gesch\u00e4ftsprozessen<\/strong> mit elektronischer Zertifizierung<\/li>\n<li>F\u00fcnf Jahre <strong>Sorgerecht<\/strong> per Gesetz erweiterbar nach Bedarf<\/li>\n<li><strong>Notarielle Zeugnis<\/strong><\/li>\n<li><strong>Wichtige Einsparungen<\/strong> von Zeit und Geld.<\/li>\n<\/ul>\n[\/mk_fancy_title][mk_fancy_title tag_name=&#8220;h4&#8243; color=&#8220;#000000&#8243; font_weight=&#8220;normal&#8220; font_style=&#8220;normal&#8220; txt_transform=&#8220;none&#8220; font_family=&#8220;none&#8220;]Als\u00a0<strong>Dritter europ\u00e4ischer Trust,<\/strong>\u00a0wir garantieren,\u00a0<span style=\"color: #0062af;\">absolute Rechtsg\u00fcltigkeit<\/span> in ihren\u00a0<span style=\"color: #0062af;\">Benachrichtigungen, Vertr\u00e4ge und Anrufe<\/span>. Sie haben einen schnellen und g\u00fcnstigen Service, bei dem Sie Zeit und Geld sparen. <span style=\"color: #0062af;\">Dar\u00fcber hinaus werden Ihre Zertifikate 5 Jahre lang aufbewahrt.<\/span><\/p>\n<p>&nbsp;<\/p>\n<p><strong>Zertifizierte Hinweise<\/strong>\u00a0entwickelt Technologie und Dienstleistungen durch Schaffen\u00a0<span style=\"color: #0062af;\">eine der gr\u00f6\u00dften Plattformen<\/span>,\u00a0auf nationaler und europ\u00e4ischer Ebene,\u00a0<span style=\"color: #0062af;\">elektronische zertifizierung<\/span>. Sie k\u00f6nnen Ihre Benachrichtigungen, wichtige Ank\u00fcndigungen und Vertr\u00e4ge mit vollst\u00e4ndiger Kontrolle ausgeben und so Zeit und Geld sparen.[\/mk_fancy_title][\/vc_column_inner][\/vc_row_inner][vc_row_inner padding=&#8220;0&#8243;][\/vc_row_inner][\/vc_column][vc_column border_color=&#8220;#ffffff&#8220; width=&#8220;1\/4&#8243;][mk_image src=&#8220;https:\/\/fullcertificate.com\/wp-content\/uploads\/2018\/12\/european-trusted-third-party-full-certificate.png&#8220; image_width=&#8220;180&#8243; align=&#8220;center&#8220; margin_bottom=&#8220;35&#8243; crop=&#8220;false&#8220;][vc_empty_space height=&#8220;0px&#8220;][vc_row_inner padding=&#8220;0&#8243;][vc_column_inner css=&#8220;.vc_custom_1574097087451{border-top-width: 1px !important;border-right-width: 1px !important;border-bottom-width: 1px !important;border-left-width: 1px !important;border-left-color: #f2006e !important;border-left-style: solid !important;border-right-color: #f2006e !important;border-right-style: solid !important;border-top-color: #f2006e !important;border-top-style: solid !important;border-bottom-color: #f2006e !important;border-bottom-style: solid !important;}&#8220;][mk_fancy_title color=&#8220;#000000&#8243; size=&#8220;20&#8243; font_weight=&#8220;bold&#8220; font_style=&#8220;normal&#8220; txt_transform=&#8220;uppercase&#8220; margin_top=&#8220;20&#8243; margin_bottom=&#8220;0&#8243; font_family=&#8220;none&#8220; align=&#8220;center&#8220;]\n<p style=\"text-align: center;\">KOSTENLOS REGISTRIEREN<\/p>\n[\/mk_fancy_title][mk_fancy_title color=&#8220;#000000&#8243; size=&#8220;16&#8243; font_weight=&#8220;normal&#8220; font_style=&#8220;normal&#8220; txt_transform=&#8220;none&#8220; margin_bottom=&#8220;0&#8243; font_family=&#8220;none&#8220; align=&#8220;center&#8220;]\n<p style=\"text-align: center;\">Testen Sie unsere zertifizierten Dienstleistungen mit voller Rechtsg\u00fcltigkeit.<\/p>\n<p>&nbsp;<\/p>\n<p style=\"text-align: center;\"><strong><span style=\"color: #0062b0;\">Keine Geb\u00fchren, keine Vertr\u00e4ge.<\/span><br \/>\n<\/strong>Ihr Guthaben verf\u00e4llt nie.<\/p>\n[\/mk_fancy_title][mk_button dimension=&#8220;flat&#8220; corner_style=&#8220;rounded&#8220; size=&#8220;medium&#8220; url=&#8220;https:\/\/cloud.fullcertificate.com\/register&#8220; target=&#8220;_blank&#8220; align=&#8220;center&#8220; button_custom_width=&#8220;160&#8243; bg_color=&#8220;#f2006e&#8220; btn_hover_bg=&#8220;#252525&#8243; btn_hover_txt_color=&#8220;#ffffff&#8220;]HIER KLICKEN[\/mk_button][\/vc_column_inner][\/vc_row_inner][vc_row_inner padding=&#8220;0&#8243;][vc_column_inner][vc_empty_space height=&#8220;20px&#8220;][mk_icon_box2 icon_type=&#8220;image&#8220; icon_size=&#8220;inherit&#8220; title_size=&#8220;0&#8243; title_top_padding=&#8220;0&#8243; title_bottom_padding=&#8220;0&#8243;]<a href=\"https:\/\/fullcertificate.com\/de\/smartmoney\/\"><img loading=\"lazy\" class=\"wp-image-6433 size-medium aligncenter\" src=\"https:\/\/fullcertificate.com\/wp-content\/uploads\/2018\/10\/logo-smartmoney-1.png\" alt=\"\" width=\"180\" height=\"31\" \/><\/a><a href=\"https:\/\/fullcertificate.com\/de\/smartmoney\/\"><img loading=\"lazy\" class=\"wp-image-6439 size-medium aligncenter\" src=\"https:\/\/fullcertificate.com\/wp-content\/uploads\/2018\/10\/grafico-smart-money-3-1.png\" alt=\"\" width=\"170\" height=\"300\" \/><\/a><\/p>\n<p style=\"text-align: center;\"><strong><span style=\"color: #0062b0;\"><a style=\"color: #0062b0;\" href=\"https:\/\/fullcertificate.com\/de\/smartmoney\/\">SMART MONEY<\/a><br \/>\n<\/span><\/strong><span style=\"color: #000000; text-decoration: none;\">Intelligente Vertr\u00e4ge<br \/>\nIntelligente Zahlungen<br \/>\nSmart Recovery<br \/>\nDashboard<br \/>\n<\/span><\/p>\n[\/mk_icon_box2][mk_icon_box2 icon_type=&#8220;image&#8220; icon_size=&#8220;inherit&#8220; title_size=&#8220;0&#8243; title_top_padding=&#8220;0&#8243; title_bottom_padding=&#8220;0&#8243;]<a href=\"https:\/\/fullcertificate.com\/de\/automatisierung-cloud-inhouse\/\"><img loading=\"lazy\" class=\"wp-image-6433 size-medium aligncenter\" src=\"https:\/\/fullcertificate.com\/wp-content\/uploads\/2018\/10\/logo-smart-automation-2-1.png\" alt=\"\" width=\"265\" height=\"31\" \/><\/a><a href=\"https:\/\/fullcertificate.com\/de\/automatisierung-cloud-inhouse\/\"><img loading=\"lazy\" class=\"wp-image-6439 size-medium aligncenter\" src=\"https:\/\/fullcertificate.com\/wp-content\/uploads\/2018\/10\/grafico-smart-automation-1.png\" alt=\"\" width=\"170\" height=\"300\" \/><\/a><\/p>\n<p style=\"text-align: center;\"><strong><span style=\"color: #0062b0;\"><a style=\"color: #0062b0;\" href=\"https:\/\/fullcertificate.com\/de\/automatisierung-cloud-inhouse\/\">SMART AUTOMATION<\/a><br \/>\n<\/span><\/strong><span style=\"color: #000000; text-decoration: none;\">WS API-REST<br \/>\nIT-Entwicklung<br \/>\nErweiterte Authentifizierung<br \/>\nPortale und Formulare. klug<br \/>\n<\/span><\/p>\n[\/mk_icon_box2][\/vc_column_inner][\/vc_row_inner][vc_empty_space height=&#8220;20px&#8220;][vc_row_inner padding=&#8220;0&#8243; el_class=&#8220;ocultar&#8220;][vc_column_inner css=&#8220;.vc_custom_1540979094932{border-top-width: 1px !important;border-right-width: 1px !important;border-bottom-width: 1px !important;border-left-width: 1px !important;padding-top: 20px !important;padding-bottom: 20px !important;background-color: #ffffff !important;border-left-color: #1e73be !important;border-left-style: solid !important;border-right-color: #1e73be !important;border-right-style: solid !important;border-top-color: #1e73be !important;border-top-style: solid !important;border-bottom-color: #1e73be !important;border-bottom-style: solid !important;}&#8220;][mk_fancy_title color=&#8220;#000000&#8243; size=&#8220;20&#8243; font_weight=&#8220;bold&#8220; font_style=&#8220;normal&#8220; txt_transform=&#8220;uppercase&#8220; margin_bottom=&#8220;0&#8243; font_family=&#8220;none&#8220; align=&#8220;center&#8220;]\n<p style=\"text-align: center;\">Kontaktinformationen<\/p>\n[\/mk_fancy_title][mk_fancy_title color=&#8220;#1e73be&#8220; font_weight=&#8220;normal&#8220; font_style=&#8220;normal&#8220; txt_transform=&#8220;none&#8220; margin_bottom=&#8220;10&#8243; font_family=&#8220;none&#8220; align=&#8220;center&#8220;]\n<p style=\"text-align: center;\"><strong>Telefon:<\/strong> (0034) 91 005 26 59<br \/>\n<strong>Adresse:<\/strong> C\/ Boix y Morer 6, 9. Stock 28003 Madrid, Spanien<\/p>\n[\/mk_fancy_title][mk_button dimension=&#8220;flat&#8220; corner_style=&#8220;rounded&#8220; size=&#8220;medium&#8220; url=&#8220;https:\/\/fullcertificate.com\/de\/kontaktieren-sie-uns\/&#8220; align=&#8220;center&#8220; button_custom_width=&#8220;160&#8243; bg_color=&#8220;#0062b0&#8243; btn_hover_bg=&#8220;#252525&#8243;]KONTAKTIEREN SIE UNS[\/mk_button][\/vc_column_inner][\/vc_row_inner][\/vc_column][\/mk_page_section][mk_page_section full_width=&#8220;true&#8220; first_page=&#8220;false&#8220; last_page=&#8220;false&#8220; sidebar=&#8220;sidebar-1&#8243;][vc_column][mk_divider style=&#8220;thin_solid&#8220; thickness=&#8220;4&#8243; margin_top=&#8220;10&#8243; margin_bottom=&#8220;40&#8243;][vc_row_inner padding=&#8220;0&#8243;][vc_column_inner width=&#8220;1\/4&#8243;][\/vc_column_inner][vc_column_inner width=&#8220;1\/2&#8243;][mk_fancy_title tag_name=&#8220;h4&#8243; color=&#8220;#393836&#8243; size=&#8220;30&#8243; font_weight=&#8220;normal&#8220; font_style=&#8220;normal&#8220; txt_transform=&#8220;uppercase&#8220; margin_bottom=&#8220;18&#8243; font_family=&#8220;none&#8220; align=&#8220;center&#8220;]\n<p style=\"text-align: center;\">MIT DER GARANTIE VON<\/p>\n[\/mk_fancy_title][mk_image src=&#8220;https:\/\/fullcertificate.com\/wp-content\/uploads\/2022\/04\/footer-nuevo-WE-VOTE.jpg&#8220; image_width=&#8220;1500&#8243; image_height=&#8220;216&#8243; link=&#8220;http:\/\/fullcertificate.com\/&#8220; target=&#8220;_blank&#8220; align=&#8220;center&#8220; el_class=&#8220;imagen-footer-centro&#8220; crop=&#8220;false&#8220;][\/vc_column_inner][vc_column_inner width=&#8220;1\/4&#8243;][\/vc_column_inner][\/vc_row_inner][\/vc_column][\/mk_page_section]\n","protected":false},"excerpt":{"rendered":"<p>[mk_page_section bg_image=&#8220;https:\/\/fullcertificate.com\/wp-content\/uploads\/2018\/11\/banner-smartone2one-avisos-certificados-2-1.jpg&#8220; bg_position=&#8220;center top&#8220; bg_repeat=&#8220;no-repeat&#8220; bg_stretch=&#8220;true&#8220; min_height=&#8220;350&#8243; padding_top=&#8220;20&#8243; padding_bottom=&#8220;0&#8243; first_page=&#8220;true&#8220; last_page=&#8220;true&#8220; sidebar=&#8220;sidebar-1&#8243;][vc_column][mk_fancy_title tag_name=&#8220;h1&#8243; color=&#8220;#000000&#8243; size=&#8220;40&#8243; font_weight=&#8220;normal&#8220; font_style=&#8220;normal&#8220; txt_transform=&#8220;none&#8220; margin_top=&#8220;60&#8243; margin_bottom=&#8220;0&#8243; font_family=&#8220;none&#8220;]Smart One2One[\/mk_fancy_title][mk_fancy_title tag_name=&#8220;h1&#8243; color=&#8220;#000000&#8243; size=&#8220;25&#8243; font_weight=&#8220;300&#8243; font_style=&#8220;normal&#8220; txt_transform=&#8220;none&#8220; margin_bottom=&#8220;0&#8243; font_family=&#8220;none&#8220;]Kundenspezifische automatisierte Prozesse[\/mk_fancy_title][mk_button dimension=&#8220;flat&#8220; size=&#8220;medium&#8220; url=&#8220;https:\/\/fullcertificate.com\/de\/kontaktieren-sie-uns\/&#8220; button_custom_width=&#8220;250&#8243; bg_color=&#8220;#0062b0&#8243; btn_hover_bg=&#8220;#252525&#8243;]JETZT KONTAKTIEREN[\/mk_button][\/vc_column][\/mk_page_section][mk_page_section padding_top=&#8220;50&#8243; padding_bottom=&#8220;50&#8243; first_page=&#8220;false&#8220; last_page=&#8220;false&#8220; sidebar=&#8220;sidebar-1&#8243;][vc_column width=&#8220;3\/4&#8243;][mk_fancy_title color=&#8220;#0062af&#8220; size=&#8220;30&#8243; font_weight=&#8220;normal&#8220; font_style=&#8220;normal&#8220; txt_transform=&#8220;none&#8220; margin_bottom=&#8220;0&#8243; font_family=&#8220;none&#8220;]Benutzerdefinierte Benachrichtigungen, hohes Ausf\u00fchrungsvolumen [&hellip;]<\/p>\n","protected":false},"author":2,"featured_media":0,"parent":0,"menu_order":0,"comment_status":"closed","ping_status":"closed","template":"","meta":{"_bbp_topic_count":0,"_bbp_reply_count":0,"_bbp_total_topic_count":0,"_bbp_total_reply_count":0,"_bbp_voice_count":0,"_bbp_anonymous_reply_count":0,"_bbp_topic_count_hidden":0,"_bbp_reply_count_hidden":0,"_bbp_forum_subforum_count":0},"_links":{"self":[{"href":"https:\/\/www.fullcertificate.com\/de\/wp-json\/wp\/v2\/pages\/16106"}],"collection":[{"href":"https:\/\/www.fullcertificate.com\/de\/wp-json\/wp\/v2\/pages"}],"about":[{"href":"https:\/\/www.fullcertificate.com\/de\/wp-json\/wp\/v2\/types\/page"}],"author":[{"embeddable":true,"href":"https:\/\/www.fullcertificate.com\/de\/wp-json\/wp\/v2\/users\/2"}],"replies":[{"embeddable":true,"href":"https:\/\/www.fullcertificate.com\/de\/wp-json\/wp\/v2\/comments?post=16106"}],"version-history":[{"count":11,"href":"https:\/\/www.fullcertificate.com\/de\/wp-json\/wp\/v2\/pages\/16106\/revisions"}],"predecessor-version":[{"id":27748,"href":"https:\/\/www.fullcertificate.com\/de\/wp-json\/wp\/v2\/pages\/16106\/revisions\/27748"}],"wp:attachment":[{"href":"https:\/\/www.fullcertificate.com\/de\/wp-json\/wp\/v2\/media?parent=16106"}],"curies":[{"name":"wp","href":"https:\/\/api.w.org\/{rel}","templated":true}]}}