{"id":16107,"date":"2018-11-29T14:49:34","date_gmt":"2018-11-29T14:49:34","guid":{"rendered":"https:\/\/fullcertificate.com\/smartrenting\/"},"modified":"2022-04-13T05:32:54","modified_gmt":"2022-04-13T05:32:54","slug":"smart-renting","status":"publish","type":"page","link":"https:\/\/www.fullcertificate.com\/de\/smart-renting\/","title":{"rendered":"smartrenting"},"content":{"rendered":"[mk_page_section bg_image=&#8220;https:\/\/fullcertificate.com\/wp-content\/uploads\/2018\/11\/banner-smartrenting-avisos-certificados-2-1.jpg&#8220; bg_position=&#8220;center top&#8220; bg_repeat=&#8220;no-repeat&#8220; bg_stretch=&#8220;true&#8220; min_height=&#8220;350&#8243; padding_top=&#8220;20&#8243; padding_bottom=&#8220;0&#8243; first_page=&#8220;true&#8220; last_page=&#8220;true&#8220; sidebar=&#8220;sidebar-1&#8243;][vc_column][mk_fancy_title tag_name=&#8220;h1&#8243; color=&#8220;#ffffff&#8220; size=&#8220;40&#8243; font_weight=&#8220;normal&#8220; font_style=&#8220;normal&#8220; txt_transform=&#8220;none&#8220; margin_top=&#8220;60&#8243; margin_bottom=&#8220;0&#8243; font_family=&#8220;none&#8220;]Smart Renting Rent und Smart Renting[\/mk_fancy_title][mk_fancy_title tag_name=&#8220;h1&#8243; color=&#8220;#ffffff&#8220; size=&#8220;25&#8243; font_weight=&#8220;300&#8243; font_style=&#8220;normal&#8220; txt_transform=&#8220;none&#8220; margin_bottom=&#8220;0&#8243; font_family=&#8220;none&#8220;]Intelligenter Cashflow f\u00fcr Vermietung und Vermietung[\/mk_fancy_title][mk_button dimension=&#8220;flat&#8220; size=&#8220;medium&#8220; url=&#8220;https:\/\/fullcertificate.com\/de\/kontaktieren-sie-uns\/&#8220; button_custom_width=&#8220;250&#8243; bg_color=&#8220;#0062b0&#8243; btn_hover_bg=&#8220;#252525&#8243;]JETZT KONTAKTIEREN[\/mk_button][\/vc_column][\/mk_page_section][mk_page_section padding_top=&#8220;50&#8243; padding_bottom=&#8220;50&#8243; first_page=&#8220;false&#8220; last_page=&#8220;false&#8220; sidebar=&#8220;sidebar-1&#8243;][vc_column width=&#8220;3\/4&#8243;][mk_fancy_title color=&#8220;#0062af&#8220; size=&#8220;30&#8243; font_weight=&#8220;normal&#8220; font_style=&#8220;normal&#8220; txt_transform=&#8220;none&#8220; margin_bottom=&#8220;0&#8243; font_family=&#8220;none&#8220;]Smart Renting &#8211; Mieten und Smart Renting[\/mk_fancy_title][mk_divider style=&#8220;thin_solid&#8220; thickness=&#8220;4&#8243; margin_top=&#8220;0&#8243;][mk_fancy_title color=&#8220;#000000&#8243; size=&#8220;17&#8243; font_weight=&#8220;bold&#8220; font_style=&#8220;normal&#8220; txt_transform=&#8220;uppercase&#8220; margin_bottom=&#8220;30&#8243; font_family=&#8220;none&#8220;]AUTOMATISIERUNG VON MIET- UND MIETVERTR\u00c4GEN.[\/mk_fancy_title][vc_row_inner padding=&#8220;0&#8243;][vc_column_inner width=&#8220;1\/3&#8243;][mk_icon_box2 icon_type=&#8220;image&#8220; icon_size=&#8220;inherit&#8220; title_size=&#8220;0&#8243; title_top_padding=&#8220;0&#8243; title_bottom_padding=&#8220;0&#8243;]<img class=\"wp-image-6433 size-medium aligncenter\" src=\"https:\/\/fullcertificate.com\/wp-content\/uploads\/2018\/11\/logo-smartrenting-2-1.png\" alt=\"\" width=\"240\" \/><img class=\"wp-image-6439 size-medium aligncenter\" src=\"https:\/\/fullcertificate.com\/wp-content\/uploads\/2018\/11\/grafico-smart-renting-1.png\" alt=\"\" width=\"216\" \/><\/p>\n<p style=\"text-align: center;\"><strong><span style=\"color: #0062b0;\">SMART RENTING<br \/>\n<\/span><\/strong><span style=\"color: #000000; text-decoration: none;\">Intelligente Vermietung<br \/>\nAutomatisiertes Mieten<br \/>\nErhebung von Geb\u00fchren<br \/>\nInkasso<br \/>\nElektronische Zertifizierung<br \/>\nRechtsg\u00fcltigkeit<\/span><\/p>\n[\/mk_icon_box2][\/vc_column_inner][vc_column_inner width=&#8220;2\/3&#8243;][mk_fancy_title tag_name=&#8220;h4&#8243; color=&#8220;#000000&#8243; font_weight=&#8220;normal&#8220; font_style=&#8220;normal&#8220; txt_transform=&#8220;none&#8220; font_family=&#8220;none&#8220;]<strong>Smart Renting<\/strong> erm\u00f6glicht die <span style=\"color: #0062af;\">elektronische und automatisierte Verwaltung<\/span> aller Arten von <span style=\"color: #0062af;\">Vertr\u00e4gen zur Vermietung von Immobilien, Produkten im Allgemeinen und Finanzvertr\u00e4gen der Vermietung.<\/span><\/p>\n<p>&nbsp;<\/p>\n<p>Der Prozess beginnt mit <strong>Intelligente Vertr\u00e4ge<\/strong> o\u00a0<strong>Intelligente Vertr\u00e4ge<\/strong> der zu erbringenden Dienstleistung. Ein intelligenter Vertrag wird an <span style=\"color: #0062af;\">elektronische Signatur<\/span> vom Empf\u00e4nger gesendet und <span style=\"color: #0062af;\">f\u00fchrt die finanziellen und rechtlichen Variablen des Vertrags aus.<\/span><\/p>\n<p>&nbsp;<\/p>\n<p>Die <span style=\"color: #0062af;\">Mitteilungen, Vereinbarungen und Aktionen von Sammlungen und Einziehungen<\/span> Sie sind in zertifiziert <strong>Zertifizierte Hinweise<\/strong>, <span style=\"color: #0062af;\">Vertrauensw\u00fcrdiger Dritter<\/span>, erzeugen <span style=\"color: #0062af;\">Rechtsg\u00fcltigkeit f\u00fcr elektronische Fakten<\/span> gemacht.<\/p>\n<p>&nbsp;<\/p>\n<p>Die Vertr\u00e4ge sind <strong>Zertifizierte Online-Vertr\u00e4ge<\/strong> k\u00f6nnen auf Mobiltelefonen, PCs oder Tablets <span style=\"color: #0062af;\">unterschrieben werden ganz Europa durch SEPA. Alle Prozesse von<\/span> <strong>Smart Payments<\/strong> und <strong>Smart Recovery<\/strong>, dh die Automatisierung von Inkasso und Wiederherstellungen, werden auf diese Weise ausgef\u00fchrt.<\/p>\n<p>&nbsp;<\/p>\n<p>Im Standardfall sind die <strong>Wiederherstellungszyklen<\/strong> aktiviert. <span style=\"color: #0062af;\">zertifizierte Multichannel-Kommunikation<\/span> mit <span style=\"color: #0062af;\">Fraktionierung oder nicht der Standardzahlung<\/span>. Verbleibende <span style=\"color: #0062af;\">freundliche einstweilige Verf\u00fcgung<\/span> bereit f\u00fcr Anspr\u00fcche durch Schiedsverfahren oder Gerichtsverfahren.<\/p>\n<p>&nbsp;<\/p>\n<p>Mit <strong>Smart Renting<\/strong> k\u00f6nnen Sie <span style=\"color: #0062af;\">alle Arten von finanziellen Variablen und das Management<\/span> definieren, die mit den Vertragsbedingungen des Vertrages verkn\u00fcpft sind. Unter diesen Variablen heben wir hervor:<\/p>\n<p>&nbsp;<\/p>\n<ul>\n<li><span style=\"color: #000000;\">Monatliche Geb\u00fchren<\/span><\/li>\n<li><span style=\"color: #000000;\">Zahlungszeiten<\/span><\/li>\n<li><span style=\"color: #000000;\">Verzugszinsen<\/span><\/li>\n<li><span style=\"color: #000000;\">R\u00fccksendekosten<\/span><\/li>\n<li><span style=\"color: #000000;\">Strafen<\/span><\/li>\n<li><span style=\"color: #000000;\">Zahlungsmittel<\/span><\/li>\n<li><span style=\"color: #000000;\">usw.<\/span><\/li>\n<\/ul>\n<p>&nbsp;<\/p>\n<p>Die elektronischen Sammelkan\u00e4le k\u00f6nnen sein:<\/p>\n<p>&nbsp;<\/p>\n<ul>\n<li><span style=\"color: #000000;\">TPV online<\/span><\/li>\n<li><span style=\"color: #000000;\">Direkter elektronischer Beleg<\/span><\/li>\n<li><span style=\"color: #000000;\">Elektronische \u00dcberweisung<\/span><\/li>\n<li><span style=\"color: #000000;\">usw.<\/span><\/li>\n<\/ul>\n<p>&nbsp;<\/p>\n<p>Zu den Serviceoptionen geh\u00f6ren folgende:<\/p>\n<p>&nbsp;<\/p>\n<p><strong>WS-Automatisierungswiederherstellungsdienste:<\/strong> <span style=\"color: #0062af;\">F\u00fcr Kunden mit dem gr\u00f6\u00dften Volumen an Wiederherstellungsdatens\u00e4tzen<\/span>. Implementierung durch Bedarfsanalyse, IT-Programmierung und Integration von <span style=\"color: #0062af;\">Webservices &#8211; WS API REST.<\/span><\/p>\n<p>&nbsp;<\/p>\n<p><strong>Cloud-Wiederherstellungsdienste<\/strong> f\u00fcr Unternehmen, Verb\u00e4nde und Institutionen: <span style=\"color: #0062af;\"> Aktivierung in der Cloud und Automatisierung von Wiederherstellungsaufzeichnungen<\/span> durch unsere Online-Dienste<\/p>\n<p>&nbsp;<\/p>\n<p><span style=\"color: #0062af;\">Zu den gro\u00dfen Vorteilen dieser digitalen Projekte geh\u00f6ren folgende:<\/span><\/p>\n<p>&nbsp;<\/p>\n<ul>\n<li>Erhebliche finanzielle Kosteneinsparungen<\/li>\n<li>Einsparungen von Tausenden von Arbeitsstunden<\/li>\n<li>Zertifizierte elektronische Kommunikation<\/li>\n<li>Prozess automatisiert, halbautomatisch und manuell<\/li>\n<li>Inkasso und automatisierte Zahlungen mit Anzahlungen<\/li>\n<li>Kontrolle und Zertifizierung durch Tercero de Confianza<\/li>\n<li>Rechtsg\u00fcltigkeit<\/li>\n<\/ul>\n<p>&nbsp;<\/p>\n<p><strong>Smart Renting<\/strong> <span style=\"color: #0062af;\">bietet eine erhebliche<\/span> Reduzierung der <span style=\"color: #0062af;\">Zeit in der Clientverwaltung und den Prozessen<\/span> und meistens Wichtig ist, dass wir Prozesse mit <strong>hohem Erfolg bei Ihrer Inkasso, Zahlungs- und Wiederherstellungsstrategie generieren.<\/strong><\/p>\n<p>&nbsp;<\/p>\n<p>Dieser Service ist perfekt in integriert <strong>Verleihfirmen, Vermietung, Socimis, Verb\u00e4nde usw.<\/strong><\/p>\n<p>&nbsp;<\/p>\n<p>Wir empfehlen Ihnen unsere Produkte kennenzulernen <strong>Smart Communities<\/strong> das erlaubt dir <span style=\"color: #0062af;\">Automatisieren Sie ihre Community-Governance-Prozesse, sammeln Sie Geb\u00fchren und stellen Sie Zahlungsr\u00fcckst\u00e4nde ein<\/span> <strong>Nachbargemeinden<\/strong>.<\/p>\n<p>&nbsp;<\/p>\n<p>Die Figur von\u00a0<strong>Zertifizierte Hinweise<\/strong>\u00a0<span style=\"color: #0062af;\">als elektronischer Dienstleister des Vertrauens<\/span>\u00a0garantiert, dass Ihr\u00a0<span style=\"color: #0062af;\">Mitteilungen, Vertr\u00e4ge und Vereinbarungen haben volle rechtliche G\u00fcltigkeit.<\/span> Ein schneller, wirtschaftlicher und n\u00fctzlicher Service, den Sie von Ihrem B\u00fcro aus erledigen k\u00f6nnen. Das spart Zeit und Arbeit. Mit all unseren Produkten bieten wir auch die M\u00f6glichkeit, unsere Dienstleistungen anzufragen\u00a0<strong>Notarielle Zeugnis<\/strong>.[\/mk_fancy_title][\/vc_column_inner][\/vc_row_inner][vc_row_inner padding=&#8220;0&#8243;][\/vc_row_inner][\/vc_column][vc_column border_color=&#8220;#ffffff&#8220; width=&#8220;1\/4&#8243;][mk_image src=&#8220;https:\/\/fullcertificate.com\/wp-content\/uploads\/2018\/12\/european-trusted-third-party-full-certificate.png&#8220; image_width=&#8220;180&#8243; align=&#8220;center&#8220; margin_bottom=&#8220;20&#8243; crop=&#8220;false&#8220;][vc_empty_space height=&#8220;0px&#8220;][vc_row_inner padding=&#8220;0&#8243;][vc_column_inner css=&#8220;.vc_custom_1574096176859{border-top-width: 1px !important;border-right-width: 1px !important;border-bottom-width: 1px !important;border-left-width: 1px !important;border-left-color: #f2006e !important;border-left-style: solid !important;border-right-color: #f2006e !important;border-right-style: solid !important;border-top-color: #f2006e !important;border-top-style: solid !important;border-bottom-color: #f2006e !important;border-bottom-style: solid !important;}&#8220;][mk_fancy_title color=&#8220;#000000&#8243; size=&#8220;20&#8243; font_weight=&#8220;bold&#8220; font_style=&#8220;normal&#8220; txt_transform=&#8220;uppercase&#8220; margin_top=&#8220;20&#8243; margin_bottom=&#8220;0&#8243; font_family=&#8220;none&#8220; align=&#8220;center&#8220;]\n<p style=\"text-align: center;\">KOSTENLOS REGISTRIEREN<\/p>\n[\/mk_fancy_title][mk_fancy_title color=&#8220;#000000&#8243; size=&#8220;16&#8243; font_weight=&#8220;normal&#8220; font_style=&#8220;normal&#8220; txt_transform=&#8220;none&#8220; margin_bottom=&#8220;0&#8243; font_family=&#8220;none&#8220; align=&#8220;center&#8220;]\n<p style=\"text-align: center;\">Testen Sie unsere zertifizierten Dienstleistungen mit voller Rechtsg\u00fcltigkeit.<\/p>\n<p>&nbsp;<\/p>\n<p style=\"text-align: center;\"><strong><span style=\"color: #0062b0;\">Keine Geb\u00fchren, keine Vertr\u00e4ge.<\/span><br \/>\n<\/strong>Ihr Guthaben verf\u00e4llt nie.<\/p>\n[\/mk_fancy_title][mk_button dimension=&#8220;flat&#8220; corner_style=&#8220;rounded&#8220; size=&#8220;medium&#8220; url=&#8220;https:\/\/cloud.fullcertificate.com\/register&#8220; target=&#8220;_blank&#8220; align=&#8220;center&#8220; button_custom_width=&#8220;160&#8243; bg_color=&#8220;#f2006e&#8220; btn_hover_bg=&#8220;#252525&#8243; btn_hover_txt_color=&#8220;#ffffff&#8220;]HIER KLICKEN[\/mk_button][\/vc_column_inner][\/vc_row_inner][vc_row_inner padding=&#8220;0&#8243;][vc_column_inner][vc_empty_space height=&#8220;20px&#8220;][mk_icon_box2 icon_type=&#8220;image&#8220; icon_size=&#8220;inherit&#8220; title_size=&#8220;0&#8243; title_top_padding=&#8220;0&#8243; title_bottom_padding=&#8220;0&#8243;]<a href=\"https:\/\/fullcertificate.com\/de\/smartmoney\/\"><img loading=\"lazy\" class=\"wp-image-6433 size-medium aligncenter\" src=\"https:\/\/fullcertificate.com\/wp-content\/uploads\/2018\/10\/logo-smartmoney-1.png\" alt=\"\" width=\"180\" height=\"31\" \/><\/a><a href=\"https:\/\/fullcertificate.com\/de\/smartmoney\/\"><img loading=\"lazy\" class=\"wp-image-6439 size-medium aligncenter\" src=\"https:\/\/fullcertificate.com\/wp-content\/uploads\/2018\/10\/grafico-smart-money-3-1.png\" alt=\"\" width=\"170\" height=\"300\" \/><\/a><\/p>\n<p style=\"text-align: center;\"><strong><span style=\"color: #0062b0;\"><a style=\"color: #0062b0;\" href=\"https:\/\/fullcertificate.com\/de\/smartmoney\/\">SMART MONEY<\/a><br \/>\n<\/span><\/strong><span style=\"color: #000000; text-decoration: none;\">Intelligente Vertr\u00e4ge<br \/>\nIntelligente Zahlungen<br \/>\nSmart Recovery<br \/>\nDashboard<br \/>\n<\/span><\/p>\n[\/mk_icon_box2][mk_icon_box2 icon_type=&#8220;image&#8220; icon_size=&#8220;inherit&#8220; title_size=&#8220;0&#8243; title_top_padding=&#8220;0&#8243; title_bottom_padding=&#8220;0&#8243;]<a href=\"https:\/\/fullcertificate.com\/de\/automatisierung-cloud-inhouse\/\"><img loading=\"lazy\" class=\"wp-image-6433 size-medium aligncenter\" src=\"https:\/\/fullcertificate.com\/wp-content\/uploads\/2018\/10\/logo-smart-automation-2-1.png\" alt=\"\" width=\"265\" height=\"31\" \/><\/a><a href=\"https:\/\/fullcertificate.com\/de\/automatisierung-cloud-inhouse\/\"><img loading=\"lazy\" class=\"wp-image-6439 size-medium aligncenter\" src=\"https:\/\/fullcertificate.com\/wp-content\/uploads\/2018\/10\/grafico-smart-automation-1.png\" alt=\"\" width=\"170\" height=\"300\" \/><\/a><\/p>\n<p style=\"text-align: center;\"><strong><span style=\"color: #0062b0;\"><a style=\"color: #0062b0;\" href=\"https:\/\/fullcertificate.com\/de\/automatisierung-cloud-inhouse\/\">SMART AUTOMATION<\/a><br \/>\n<\/span><\/strong><span style=\"color: #000000; text-decoration: none;\">WS API-REST<br \/>\nIT-Entwicklung<br \/>\nErweiterte Authentifizierung<br \/>\nPortale und Formulare. klug<br \/>\n<\/span><\/p>\n[\/mk_icon_box2][\/vc_column_inner][\/vc_row_inner][vc_empty_space height=&#8220;20px&#8220;][vc_row_inner padding=&#8220;0&#8243; el_class=&#8220;ocultar&#8220;][vc_column_inner css=&#8220;.vc_custom_1540979094932{border-top-width: 1px !important;border-right-width: 1px !important;border-bottom-width: 1px !important;border-left-width: 1px !important;padding-top: 20px !important;padding-bottom: 20px !important;background-color: #ffffff !important;border-left-color: #1e73be !important;border-left-style: solid !important;border-right-color: #1e73be !important;border-right-style: solid !important;border-top-color: #1e73be !important;border-top-style: solid !important;border-bottom-color: #1e73be !important;border-bottom-style: solid !important;}&#8220;][mk_fancy_title color=&#8220;#000000&#8243; size=&#8220;20&#8243; font_weight=&#8220;bold&#8220; font_style=&#8220;normal&#8220; txt_transform=&#8220;uppercase&#8220; margin_bottom=&#8220;0&#8243; font_family=&#8220;none&#8220; align=&#8220;center&#8220;]\n<p style=\"text-align: center;\">Kontaktinformationen<\/p>\n[\/mk_fancy_title][mk_fancy_title color=&#8220;#1e73be&#8220; font_weight=&#8220;normal&#8220; font_style=&#8220;normal&#8220; txt_transform=&#8220;none&#8220; margin_bottom=&#8220;10&#8243; font_family=&#8220;none&#8220; align=&#8220;center&#8220;]\n<p style=\"text-align: center;\"><strong>Telefon:<\/strong> (0034) 91 005 26 59<br \/>\n<strong>Adresse:<\/strong> C\/ Boix y Morer 6, 9. Stock 28003 Madrid, Spanien<\/p>\n[\/mk_fancy_title][mk_button dimension=&#8220;flat&#8220; corner_style=&#8220;rounded&#8220; size=&#8220;medium&#8220; url=&#8220;https:\/\/fullcertificate.com\/de\/kontaktieren-sie-uns\/&#8220; align=&#8220;center&#8220; button_custom_width=&#8220;160&#8243; bg_color=&#8220;#0062b0&#8243; btn_hover_bg=&#8220;#252525&#8243;]KONTAKTIEREN SIE UNS[\/mk_button][\/vc_column_inner][\/vc_row_inner][\/vc_column][\/mk_page_section][mk_page_section full_width=&#8220;true&#8220; first_page=&#8220;false&#8220; last_page=&#8220;false&#8220; sidebar=&#8220;sidebar-1&#8243;][vc_column][mk_divider style=&#8220;thin_solid&#8220; thickness=&#8220;4&#8243; margin_top=&#8220;10&#8243; margin_bottom=&#8220;40&#8243;][vc_row_inner padding=&#8220;0&#8243;][vc_column_inner width=&#8220;1\/4&#8243;][\/vc_column_inner][vc_column_inner width=&#8220;1\/2&#8243;][mk_fancy_title tag_name=&#8220;h4&#8243; color=&#8220;#393836&#8243; size=&#8220;30&#8243; font_weight=&#8220;normal&#8220; font_style=&#8220;normal&#8220; txt_transform=&#8220;uppercase&#8220; margin_bottom=&#8220;18&#8243; font_family=&#8220;none&#8220; align=&#8220;center&#8220;]\n<p style=\"text-align: center;\">MIT DER GARANTIE VON<\/p>\n[\/mk_fancy_title][mk_image src=&#8220;https:\/\/fullcertificate.com\/wp-content\/uploads\/2022\/04\/footer-nuevo-WE-VOTE.jpg&#8220; image_width=&#8220;1500&#8243; image_height=&#8220;216&#8243; link=&#8220;http:\/\/fullcertificate.com\/&#8220; target=&#8220;_blank&#8220; align=&#8220;center&#8220; el_class=&#8220;imagen-footer-centro&#8220; crop=&#8220;false&#8220;][\/vc_column_inner][vc_column_inner width=&#8220;1\/4&#8243;][\/vc_column_inner][\/vc_row_inner][\/vc_column][\/mk_page_section]\n","protected":false},"excerpt":{"rendered":"<p>[mk_page_section bg_image=&#8220;https:\/\/fullcertificate.com\/wp-content\/uploads\/2018\/11\/banner-smartrenting-avisos-certificados-2-1.jpg&#8220; bg_position=&#8220;center top&#8220; bg_repeat=&#8220;no-repeat&#8220; bg_stretch=&#8220;true&#8220; min_height=&#8220;350&#8243; padding_top=&#8220;20&#8243; padding_bottom=&#8220;0&#8243; first_page=&#8220;true&#8220; last_page=&#8220;true&#8220; sidebar=&#8220;sidebar-1&#8243;][vc_column][mk_fancy_title tag_name=&#8220;h1&#8243; color=&#8220;#ffffff&#8220; size=&#8220;40&#8243; font_weight=&#8220;normal&#8220; font_style=&#8220;normal&#8220; txt_transform=&#8220;none&#8220; margin_top=&#8220;60&#8243; margin_bottom=&#8220;0&#8243; font_family=&#8220;none&#8220;]Smart Renting Rent und Smart Renting[\/mk_fancy_title][mk_fancy_title tag_name=&#8220;h1&#8243; color=&#8220;#ffffff&#8220; size=&#8220;25&#8243; font_weight=&#8220;300&#8243; font_style=&#8220;normal&#8220; txt_transform=&#8220;none&#8220; margin_bottom=&#8220;0&#8243; font_family=&#8220;none&#8220;]Intelligenter Cashflow f\u00fcr Vermietung und Vermietung[\/mk_fancy_title][mk_button dimension=&#8220;flat&#8220; size=&#8220;medium&#8220; url=&#8220;https:\/\/fullcertificate.com\/de\/kontaktieren-sie-uns\/&#8220; button_custom_width=&#8220;250&#8243; bg_color=&#8220;#0062b0&#8243; btn_hover_bg=&#8220;#252525&#8243;]JETZT KONTAKTIEREN[\/mk_button][\/vc_column][\/mk_page_section][mk_page_section padding_top=&#8220;50&#8243; padding_bottom=&#8220;50&#8243; first_page=&#8220;false&#8220; last_page=&#8220;false&#8220; sidebar=&#8220;sidebar-1&#8243;][vc_column width=&#8220;3\/4&#8243;][mk_fancy_title color=&#8220;#0062af&#8220; size=&#8220;30&#8243; font_weight=&#8220;normal&#8220; [&hellip;]<\/p>\n","protected":false},"author":2,"featured_media":0,"parent":0,"menu_order":0,"comment_status":"closed","ping_status":"closed","template":"","meta":{"_bbp_topic_count":0,"_bbp_reply_count":0,"_bbp_total_topic_count":0,"_bbp_total_reply_count":0,"_bbp_voice_count":0,"_bbp_anonymous_reply_count":0,"_bbp_topic_count_hidden":0,"_bbp_reply_count_hidden":0,"_bbp_forum_subforum_count":0},"_links":{"self":[{"href":"https:\/\/www.fullcertificate.com\/de\/wp-json\/wp\/v2\/pages\/16107"}],"collection":[{"href":"https:\/\/www.fullcertificate.com\/de\/wp-json\/wp\/v2\/pages"}],"about":[{"href":"https:\/\/www.fullcertificate.com\/de\/wp-json\/wp\/v2\/types\/page"}],"author":[{"embeddable":true,"href":"https:\/\/www.fullcertificate.com\/de\/wp-json\/wp\/v2\/users\/2"}],"replies":[{"embeddable":true,"href":"https:\/\/www.fullcertificate.com\/de\/wp-json\/wp\/v2\/comments?post=16107"}],"version-history":[{"count":10,"href":"https:\/\/www.fullcertificate.com\/de\/wp-json\/wp\/v2\/pages\/16107\/revisions"}],"predecessor-version":[{"id":27775,"href":"https:\/\/www.fullcertificate.com\/de\/wp-json\/wp\/v2\/pages\/16107\/revisions\/27775"}],"wp:attachment":[{"href":"https:\/\/www.fullcertificate.com\/de\/wp-json\/wp\/v2\/media?parent=16107"}],"curies":[{"name":"wp","href":"https:\/\/api.w.org\/{rel}","templated":true}]}}