{"id":16114,"date":"2018-11-29T14:59:56","date_gmt":"2018-11-29T14:59:56","guid":{"rendered":"https:\/\/fullcertificate.com\/tarifas-precios-burofax\/"},"modified":"2025-06-12T13:33:59","modified_gmt":"2025-06-12T13:33:59","slug":"tarife-preise","status":"publish","type":"page","link":"https:\/\/www.fullcertificate.com\/de\/tarife-preise\/","title":{"rendered":"Tarifas Precios Burofax"},"content":{"rendered":"[mk_page_section padding_top=&#8220;0&#8243; first_page=&#8220;false&#8220; last_page=&#8220;false&#8220; sidebar=&#8220;sidebar-1&#8243;][vc_column][vc_empty_space height=&#8220;20px&#8220;][mk_fancy_title color=&#8220;#0062af&#8220; size=&#8220;32&#8243; font_weight=&#8220;bold&#8220; font_style=&#8220;normal&#8220; txt_transform=&#8220;uppercase&#8220; margin_top=&#8220;-40&#8243; margin_bottom=&#8220;0&#8243; font_family=&#8220;none&#8220; align=&#8220;center&#8220;]\n<p style=\"text-align: center;\"><b>SERVICE GEB\u00dcHREN<\/b><\/p>\n[\/mk_fancy_title][vc_empty_space height=&#8220;50px&#8220;][mk_fancy_title tag_name=&#8220;h1&#8243; color=&#8220;#0062af&#8220; size=&#8220;25&#8243; font_weight=&#8220;normal&#8220; font_style=&#8220;normal&#8220; txt_transform=&#8220;none&#8220; margin_bottom=&#8220;0&#8243; font_family=&#8220;none&#8220; align=&#8220;center&#8220;]\n<p style=\"text-align: center;\">Wir haben drei Serviceebenen<\/p>\n[\/mk_fancy_title][vc_row_inner padding=&#8220;0&#8243;][vc_column_inner width=&#8220;1\/3&#8243;][vc_column_text align=&#8220;center&#8220;]<span style=\"color: #f2006e;\"><b>DIENSTLEISTUNGEN IN DER WOLKE UNTER NACHFRAGE<\/b><\/span><\/p>\n<p>Online-Zertifizierungsdienste durch Kauf von Guthaben Keine Geb\u00fchren, keine Vertr\u00e4ge, Ihr Guthaben l\u00e4uft nicht ab und kann nicht erstattet werden. Service f\u00fcr den Verbrauch.[\/vc_column_text][mk_button dimension=&#8220;flat&#8220; size=&#8220;medium&#8220; url=&#8220;#servicios&#8220; align=&#8220;center&#8220; bg_color=&#8220;#0062b0&#8243; btn_hover_bg=&#8220;#252525&#8243;]Siehe Preise[\/mk_button][vc_empty_space height=&#8220;30px&#8220;][\/vc_column_inner][vc_column_inner width=&#8220;1\/3&#8243;][vc_column_text align=&#8220;center&#8220;]\n<p style=\"text-align: center;\"><span style=\"color: #f2006e;\"><b>BONUS-JAHRESPLANE<\/b><\/span><\/p>\n<p>Cloud &#8211; Dienste f\u00fcr j\u00e4hrliche Bonusvertr\u00e4ge<br \/>\nAutomatische Ausgleichsgeb\u00fchren nach<br \/>\nIhren W\u00fcnschen Ideal f\u00fcr Stammkunden[\/vc_column_text][mk_button dimension=&#8220;flat&#8220; size=&#8220;medium&#8220; url=&#8220;https:\/\/fullcertificate.com\/de\/kontaktieren-sie-uns\/&#8220; target=&#8220;_blank&#8220; align=&#8220;center&#8220; bg_color=&#8220;#0062b0&#8243; btn_hover_bg=&#8220;#252525&#8243;]Sprechen Sie uns an[\/mk_button][vc_empty_space height=&#8220;30px&#8220;][\/vc_column_inner][vc_column_inner width=&#8220;1\/3&#8243;][vc_column_text align=&#8220;center&#8220;]\n<p style=\"text-align: center;\"><span style=\"color: #f2006e;\"><b>IT &amp; SMART-AUTOMATION-PROJEKTE<\/b><\/span><\/p>\n<p>Entwicklungs- und Programmierdienstleistungen IT-WS-API<br \/>\nBeratung und Durchf\u00fchrung von Kern-eBusiness-Projekten.<br \/>\nKundenspezifische Integrationen mit technischer und betrieblicher Unterst\u00fctzung.[\/vc_column_text][mk_button dimension=&#8220;flat&#8220; size=&#8220;medium&#8220; url=&#8220;https:\/\/fullcertificate.com\/de\/kontaktieren-sie-uns\/&#8220; target=&#8220;_blank&#8220; align=&#8220;center&#8220; bg_color=&#8220;#0062b0&#8243; btn_hover_bg=&#8220;#252525&#8243;]Sprechen Sie uns an[\/mk_button][vc_empty_space height=&#8220;30px&#8220;][\/vc_column_inner][\/vc_row_inner][vc_separator border_width=&#8220;2&#8243;][vc_column_text disable_pattern=&#8220;false&#8220;]\n<p id=\"servicios\" style=\"margin-bottom: 0px; font-size: 10px; color: #ffffff;\">l<\/p>\n[\/vc_column_text][vc_empty_space height=&#8220;0px&#8220;][mk_image src=&#8220;https:\/\/fullcertificate.com\/wp-content\/uploads\/2018\/11\/Logo-full-certificate-2.png&#8220; image_width=&#8220;250&#8243; align=&#8220;center&#8220; margin_bottom=&#8220;45&#8243; crop=&#8220;false&#8220;][mk_fancy_title color=&#8220;#0062af&#8220; size=&#8220;30&#8243; font_weight=&#8220;normal&#8220; font_style=&#8220;normal&#8220; txt_transform=&#8220;uppercase&#8220; margin_bottom=&#8220;0&#8243; font_family=&#8220;none&#8220; align=&#8220;center&#8220;]\n<p style=\"text-align: center; font-weight: normal !important;\">MITTEILUNGEN, DIENSTLEISTUNGEN UND VERTR\u00c4GE, DIE G\u00dcLTIG SIND<\/p>\n[\/mk_fancy_title][vc_empty_space height=&#8220;40px&#8220;][vc_column_text align=&#8220;center&#8220; margin_bottom=&#8220;30&#8243; css=&#8220;.vc_custom_1649827065672{margin-bottom: 30px !important;}&#8220;]\n<p style=\"text-align: center;\">Wenn Sie sich registrieren, sehen Sie detaillierter alle Preise. Sie k\u00f6nnen Balance-Produktpakete oder nach Menge mieten<br \/>\n<a href=\"https:\/\/cloud.fullcertificate.com\/register\">Registrieren Sie sich, indem Sie hier klicken<\/a><\/p>\n[\/vc_column_text][vc_column_text disable_pattern=&#8220;false&#8220; css=&#8220;.vc_custom_1749734378167{margin-bottom: 0px !important;}&#8220;]\n<div>\n<div class=\"otw-sc-tabs ui-tabs ui-widget ui-widget-content ui-corner-all\"><ul class=\"ui-tabs-nav ui-helper-reset ui-helper-clearfix ui-widget-header ui-corner-all\"><li class=\"ui-state-default ui-corner-top\"><a href=\"#tabs-1\"><img src=\"https:\/\/www.fullcertificate.com\/wp-content\/uploads\/2025\/06\/icono-email-certificado-2-1.png\" title=\"icon\" alt=\"icon\" \/><\/a><\/li><li class=\"ui-state-default ui-corner-top\"><a href=\"#tabs-2\"><img src=\"https:\/\/www.fullcertificate.com\/wp-content\/uploads\/2025\/06\/icono-sms-certificado-4.png\" title=\"icon\" alt=\"icon\" \/><\/a><\/li><li class=\"ui-state-default ui-corner-top\"><a href=\"#tabs-3\"><img src=\"https:\/\/www.fullcertificate.com\/wp-content\/uploads\/2025\/06\/icono-fax-certificado-2-1.png\" title=\"icon\" alt=\"icon\" \/><\/a><\/li><li class=\"ui-state-default ui-corner-top\"><a href=\"#tabs-4\"><img src=\"https:\/\/www.fullcertificate.com\/wp-content\/uploads\/2025\/06\/icono-llamadas-certificadas-2.png\" title=\"icon\" alt=\"icon\" \/><\/a><\/li><li class=\"ui-state-default ui-corner-top\"><a href=\"#tabs-5\"><img src=\"https:\/\/www.fullcertificate.com\/wp-content\/uploads\/2025\/06\/icono-contratos-certificados-2.png\" title=\"icon\" alt=\"icon\" \/><\/a><\/li><li class=\"ui-state-default ui-corner-top\"><a href=\"#tabs-6\"><img src=\"https:\/\/www.fullcertificate.com\/wp-content\/uploads\/2025\/06\/icono-contenido-web-certificado-2.png\" title=\"icon\" alt=\"icon\" \/><\/a><\/li><li class=\"ui-state-default ui-corner-top\"><a href=\"#tabs-7\"><img src=\"https:\/\/www.fullcertificate.com\/wp-content\/uploads\/2025\/06\/icono-copyright-certificado-2.png\" title=\"icon\" alt=\"icon\" \/><\/a><\/li><li class=\"ui-state-default ui-corner-top\"><a href=\"#tabs-8\"><img src=\"https:\/\/www.fullcertificate.com\/wp-content\/uploads\/2025\/06\/icono-foto-certificada-2.png\" title=\"icon\" alt=\"icon\" \/><\/a><\/li><li class=\"ui-state-default ui-corner-top\"><a href=\"#tabs-9\"><img src=\"https:\/\/www.fullcertificate.com\/wp-content\/uploads\/2025\/06\/grafico-smart-recovery.png\" title=\"icon\" alt=\"icon\" \/><\/a><\/li><li class=\"ui-state-default ui-corner-top\"><a href=\"#tabs-10\"><img src=\"https:\/\/www.fullcertificate.com\/wp-content\/uploads\/2025\/06\/icono-burofax-estandar-2.png\" title=\"icon\" alt=\"icon\" \/><\/a><\/li><\/ul><div id=\"tabs-1\" class=\"ui-tabs-panel ui-widget-content ui-corner-bottom\"><p><\/p><br \/>\n<h2>eMail-Zertifikat<\/h2><br \/>\n<h5>EMAIL ZERTIFIZIERTE<\/h5><br \/>\n<p>Ab 1,16 \u20ac + MwSt.<\/p><br \/>\n<h5>ZERTIFIKAT LESEN, DOWNLOADS UND DOKUMENTATION<\/h5><br \/>\n<p>Ab 1,16 \u20ac + MwSt. f (Opt.)<br \/><br \/>\n<\/p><\/div><div id=\"tabs-2\" class=\"ui-tabs-panel ui-widget-content ui-corner-bottom\"><p><\/p><br \/>\n<h2>SMS-Zertifikat<\/h2><br \/>\n<h5>ZERTIFIZIERTE SMS<\/h5><br \/>\n<p>Ab 1,16 \u20ac + MwSt.<\/p><br \/>\n<h5>ZERTIFIKAT LIEFERUNG UND DOKUMENTE<\/h5><br \/>\n<p>Ab 1,16 \u20ac + MwSt. f (Opt.)<br \/><br \/>\n<\/p><\/div><div id=\"tabs-3\" class=\"ui-tabs-panel ui-widget-content ui-corner-bottom\"><p><\/p><br \/>\n<h2>FAX-Zertifikat<\/h2><br \/>\n<h5>ZERTIFIZIERTES FAX<\/h5><br \/>\n<p>Ab 5,78 \u20ac + MwSt.<\/p><br \/>\n<h5>PREIS PRO WEITERE SEITE<\/h5><br \/>\n<p>Zuz\u00fcglich \u20ac + MwSt.<br \/><br \/>\n<\/p><\/div><div id=\"tabs-4\" class=\"ui-tabs-panel ui-widget-content ui-corner-bottom\"><p><\/p><br \/>\n<h2>Zertifizierte Anrufe<\/h2><br \/>\n<h5>ZERTIFIZIERTE ANRUFE:<\/h5><br \/>\n<p>2,04 \u20ac + MwSt.<\/p><br \/>\n<h5>INKREMENTELLE ZEIT + MINUTE ODER BRUCH<\/h5><br \/>\n<p>Ab 0,28 \u20ac + MwSt.<br \/><br \/>\n<\/p><\/div><div id=\"tabs-5\" class=\"ui-tabs-panel ui-widget-content ui-corner-bottom\"><p><\/p><br \/>\n<h2>Online Vertragsunterzeichnung<\/h2><br \/>\n<h5><\/h5><br \/>\n<p>Wenden Sie sich an einen Berater<\/p><br \/>\n<h6>* Sonderpreise f\u00fcr Gro\u00dfserien und Automatisierung<\/h6><br \/>\n<p><\/p><\/div><div id=\"tabs-6\" class=\"ui-tabs-panel ui-widget-content ui-corner-bottom\"><p><\/p><br \/>\n<h2>Zertifizierte Webseiten<\/h2><br \/>\n<h5>ZERTIFIZIERTE WEBSEITEN<\/h5><br \/>\n<p>Ab 5,78 \u20ac + MwSt.<br \/><br \/>\n<\/p><\/div><div id=\"tabs-7\" class=\"ui-tabs-panel ui-widget-content ui-corner-bottom\"><p><\/p><br \/>\n<h2>Authoring \/ Copyright-Zertifikat<\/h2><br \/>\n<h5>AUTOR \/ ZERTIFIZIERTES COPYRIGHT<\/h5><br \/>\n<p>Ab 11,56 \u20ac + MwSt.<\/p><br \/>\n<h5>GEWICHTSERH\u00d6HUNG + 2,5 MB<\/h5><br \/>\n<p>Zuz\u00fcglich \u20ac + MwSt.<br \/><br \/>\n<\/p><\/div><div id=\"tabs-8\" class=\"ui-tabs-panel ui-widget-content ui-corner-bottom\"><p><\/p><br \/>\n<h2>Fotos & Videos Zertifizierte<\/h2><br \/>\n<h5>FOTOS & VIDEOS ZERTIFIZIERTE<\/h5><br \/>\n<p>Ab 5,78 \u20ac + MwSt.<br \/><br \/>\n<\/p><\/div><div id=\"tabs-9\" class=\"ui-tabs-panel ui-widget-content ui-corner-bottom\"><p><\/p><br \/>\n<h2>Elektronisches Inkasso von Rechnungen und Forderungen<\/h2><br \/>\n<p><b>Zertifizierte elektronische Wiederherstellungsdienste mit Benachrichtigungen mit mehrkanaliger Rechtsg\u00fcltigkeit und vollst\u00e4ndiger oder teilweiser Erfassung durch POS. Generierung einer rechtsg\u00fcltigen Bescheinigungsdatei.<\/b><br \/><br \/>\nStandard-Cycle-Recovery-Service ab 63 \u20ac.<br \/><br \/>\n<\/p><\/div><div id=\"tabs-10\" class=\"ui-tabs-panel ui-widget-content ui-corner-bottom\"><p><\/p><br \/>\n<h2>Einschreibebrief mit Zertifizierten Inhalten (Demn\u00e4chst)<\/h2><br \/>\n<p><b>Mit Quittung und Inhaltsbescheinigung<\/b><br \/><br \/>\n<\/p><\/div><\/div>\n<\/div>\n[\/vc_column_text][mk_button dimension=&#8220;flat&#8220; size=&#8220;medium&#8220; url=&#8220;https:\/\/cloud.fullcertificate.com\/register&#8220; align=&#8220;center&#8220; margin_top=&#8220;20&#8243; bg_color=&#8220;#0062b0&#8243; btn_hover_bg=&#8220;#f2006e&#8220;]Free registration &#8211; purchase[\/mk_button][vc_empty_space height=&#8220;30px&#8220;][vc_separator border_width=&#8220;2&#8243;][vc_empty_space height=&#8220;10px&#8220;][mk_image src=&#8220;https:\/\/fullcertificate.com\/wp-content\/uploads\/2019\/08\/logo-wevote.png&#8220; image_width=&#8220;220&#8243; align=&#8220;center&#8220; margin_bottom=&#8220;45&#8243; crop=&#8220;false&#8220;][mk_fancy_title color=&#8220;#0062af&#8220; size=&#8220;30&#8243; font_weight=&#8220;normal&#8220; font_style=&#8220;normal&#8220; txt_transform=&#8220;uppercase&#8220; margin_bottom=&#8220;0&#8243; font_family=&#8220;none&#8220; align=&#8220;center&#8220;]\n<p style=\"text-align: center; font-weight: normal !important;\">ELEKTRONISCHE ABSTIMMUNGSDIENSTLEISTUNGEN MIT RECHTLICHER G\u00dcLTIGKEIT<\/p>\n[\/mk_fancy_title][vc_empty_space height=&#8220;50px&#8220;][vc_column_text disable_pattern=&#8220;false&#8220; css=&#8220;.vc_custom_1749734727616{margin-bottom: 0px !important;}&#8220;]<div class=\"otw-sc-tabs ui-tabs ui-widget ui-widget-content ui-corner-all\"><ul class=\"ui-tabs-nav ui-helper-reset ui-helper-clearfix ui-widget-header ui-corner-all\"><li class=\"ui-state-default ui-corner-top\"><a href=\"#tabs-1\"><img src=\"https:\/\/www.fullcertificate.com\/wp-content\/uploads\/2025\/06\/vot-asam-tarifas-avisos-certificados.png\" title=\"icon\" alt=\"icon\" \/><\/a><\/li><li class=\"ui-state-default ui-corner-top\"><a href=\"#tabs-2\"><img src=\"https:\/\/www.fullcertificate.com\/wp-content\/uploads\/2025\/06\/gob-corp-tarifas-avisos.png\" title=\"icon\" alt=\"icon\" \/><\/a><\/li><li class=\"ui-state-default ui-corner-top\"><a href=\"#tabs-3\"><img src=\"https:\/\/www.fullcertificate.com\/wp-content\/uploads\/2025\/06\/elec-gen-tarifas-avisos-certificados.png\" title=\"icon\" alt=\"icon\" \/><\/a><\/li><\/ul><div id=\"tabs-1\" class=\"ui-tabs-panel ui-widget-content ui-corner-bottom\"><p><\/p><br \/>\n<h2>weVote<\/h2><br \/>\n<p><b>Elektronische Abstimmung in Baugruppen und Vertretungslisten<\/b><br \/><br \/>\nGeneralversammlungen und Repr\u00e4sentantenwahlen; Firmen, Vereine, Gewerkschaften usw.<\/p><br \/>\n<h3>Abstimmung und best\u00e4tigte Ergebnisse<\/h3><br \/>\n<p><\/p><\/div><div id=\"tabs-2\" class=\"ui-tabs-panel ui-widget-content ui-corner-bottom\"><p><\/p><br \/>\n<h2>weVote<\/h2><br \/>\n<p><b>Unternehmens- und Institutionelle Regierung<\/b><br \/><br \/>\neGovernment durch elektronische Authentifizierungs, eDNI- und eCertificates-Prozesse<\/p><br \/>\n<h3>eAbstimmung, eForum, eForen, eProtokolle ...<\/h3><br \/>\n<p><\/p><\/div><div id=\"tabs-3\" class=\"ui-tabs-panel ui-widget-content ui-corner-bottom\"><p><\/p><br \/>\n<h2>weVote<\/h2><br \/>\n<p><b>Parlamentswahlen und Kommunalverwaltung<\/b><br \/><br \/>\nElektronische Abstimmung f\u00fcr nationale, regionale und lokale Wahlen<\/p><br \/>\n<h3>Fernabstimmung per eMail und pers\u00f6nlich<\/h3><br \/>\n<p><\/p><\/div><\/div>[\/vc_column_text][mk_button dimension=&#8220;flat&#8220; size=&#8220;medium&#8220; url=&#8220;https:\/\/fullcertificate.com\/de\/kontaktieren-sie-uns\/&#8220; align=&#8220;center&#8220; margin_top=&#8220;20&#8243; bg_color=&#8220;#0062b0&#8243; btn_hover_bg=&#8220;#f2006e&#8220;]Wenden sie sich an einen berater[\/mk_button][vc_empty_space height=&#8220;30px&#8220;][vc_separator border_width=&#8220;2&#8243;][vc_empty_space height=&#8220;10px&#8220;][mk_image src=&#8220;https:\/\/www.fullcertificate.com\/wp-content\/uploads\/2025\/06\/logo-smartmoney-2.png&#8220; image_width=&#8220;240&#8243; align=&#8220;center&#8220; margin_bottom=&#8220;45&#8243; crop=&#8220;false&#8220;][mk_fancy_title color=&#8220;#0062af&#8220; size=&#8220;30&#8243; font_weight=&#8220;normal&#8220; font_style=&#8220;normal&#8220; txt_transform=&#8220;uppercase&#8220; margin_bottom=&#8220;0&#8243; font_family=&#8220;none&#8220; align=&#8220;center&#8220;]\n<p style=\"text-align: center; font-weight: normal !important;\">SMART MONEY &#8211; VERTR\u00c4GE, GEB\u00dcHREN &#8211; SMART PAYMENTS AND RECOVERY<\/p>\n[\/mk_fancy_title][vc_empty_space height=&#8220;50px&#8220;][vc_column_text disable_pattern=&#8220;false&#8220; css=&#8220;.vc_custom_1749735228060{margin-bottom: 0px !important;}&#8220;]\n<div>\n<div class=\"otw-sc-tabs ui-tabs ui-widget ui-widget-content ui-corner-all\"><ul class=\"ui-tabs-nav ui-helper-reset ui-helper-clearfix ui-widget-header ui-corner-all\"><li class=\"ui-state-default ui-corner-top\"><a href=\"#tabs-1\"><img src=\"https:\/\/www.fullcertificate.com\/wp-content\/uploads\/2025\/06\/icono-smart-money-tarifas.png\" title=\"icon\" alt=\"icon\" \/><\/a><\/li><li class=\"ui-state-default ui-corner-top\"><a href=\"#tabs-2\"><img src=\"https:\/\/www.fullcertificate.com\/wp-content\/uploads\/2025\/06\/icono-smart-renting-tarifas.png\" title=\"icon\" alt=\"icon\" \/><\/a><\/li><li class=\"ui-state-default ui-corner-top\"><a href=\"#tabs-3\"><img src=\"https:\/\/www.fullcertificate.com\/wp-content\/uploads\/2025\/06\/icono-smart-recovery-tarifas.png\" title=\"icon\" alt=\"icon\" \/><\/a><\/li><li class=\"ui-state-default ui-corner-top\"><a href=\"#tabs-4\"><img src=\"https:\/\/www.fullcertificate.com\/wp-content\/uploads\/2025\/06\/icono-smart-payments-tarifas.png\" title=\"icon\" alt=\"icon\" \/><\/a><\/li><\/ul><div id=\"tabs-1\" class=\"ui-tabs-panel ui-widget-content ui-corner-bottom\"><p><\/p><br \/>\n<h2>Smart Money<\/h2><br \/>\n<p><b>Automatisierte Services durch intelligente Vertr\u00e4ge, Inkasso & Payment und Recovery.<\/b><br \/><br \/>\nSmart Money ist eine hochmoderne L\u00f6sung f\u00fcr Unternehmen, B\u00fcros und Institutionen mit automatisierten Diensten, die es erm\u00f6glicht, die Prozesse der Einstellung und Zugeh\u00f6rigkeit, der Rechnungsstellung, der Einziehung und der Zahlung sowie die einvernehmliche Einziehung zur Vorabentscheidung in Echtzeit visuell zu steuern.<br \/><br \/>\n<\/p><\/div><div id=\"tabs-2\" class=\"ui-tabs-panel ui-widget-content ui-corner-bottom\"><p><\/p><br \/>\n<h2>Smart Renting<\/h2><br \/>\n<p><b>Automatisierung von Miet- und Mietvertr\u00e4gen.<\/b><br \/><br \/>\nSmart Renting erm\u00f6glicht die elektronische und automatisierte Verwaltung aller Arten von Immobilienmietvertr\u00e4gen, allgemeinen Produkten und finanziellen Mietvertr\u00e4gen.<br \/><br \/>\n<\/p><\/div><div id=\"tabs-3\" class=\"ui-tabs-panel ui-widget-content ui-corner-bottom\"><p><\/p><br \/>\n<h2>Smart Recovery<\/h2><br \/>\n<p><b>Automatisierte und zertifizierte Online-Wiederherstellungsdienste mit einer Vorabentscheidungsakte mit Rechtsg\u00fcltigkeit<\/b><br \/><br \/>\nSmart Recovery ist ein elektronischer Dienst mit hohem Mehrwert, mit dem zu 100% angepasste Online-Wiederherstellungszyklen gem\u00e4\u00df den Anforderungen jedes Kunden gestartet werden k\u00f6nnen.<br \/><br \/>\n<\/p><\/div><div id=\"tabs-4\" class=\"ui-tabs-panel ui-widget-content ui-corner-bottom\"><p><\/p><br \/>\n<h2>Smart Payments<\/h2><br \/>\n<p><b>Elektronisches Bezahlen und Zahlungsvorg\u00e4nge mit der M\u00f6glichkeit der Integration in intelligente Vertragsprozesse und der automatisierten Abrechnung und zertifizierten Wiederherstellung.<\/b><br \/><br \/>\nSmart Payments bietet die M\u00f6glichkeit, intelligente Sammlungen und Zahlungen auf einfache, effiziente und schnelle Weise automatisch, massiv oder p\u00fcnktlich durchzuf\u00fchren.<\/p><\/div><\/div>\n<\/div>\n[\/vc_column_text][mk_button dimension=&#8220;flat&#8220; size=&#8220;medium&#8220; url=&#8220;https:\/\/fullcertificate.com\/de\/kontaktieren-sie-uns\/&#8220; align=&#8220;center&#8220; margin_top=&#8220;20&#8243; bg_color=&#8220;#0062b0&#8243; btn_hover_bg=&#8220;#f2006e&#8220;]Wenden Sie sich an einen berater[\/mk_button][\/vc_column][\/mk_page_section]\n","protected":false},"excerpt":{"rendered":"<p>[mk_page_section padding_top=&#8220;0&#8243; first_page=&#8220;false&#8220; last_page=&#8220;false&#8220; sidebar=&#8220;sidebar-1&#8243;][vc_column][vc_empty_space height=&#8220;20px&#8220;][mk_fancy_title color=&#8220;#0062af&#8220; size=&#8220;32&#8243; font_weight=&#8220;bold&#8220; font_style=&#8220;normal&#8220; txt_transform=&#8220;uppercase&#8220; margin_top=&#8220;-40&#8243; margin_bottom=&#8220;0&#8243; font_family=&#8220;none&#8220; align=&#8220;center&#8220;] SERVICE GEB\u00dcHREN [\/mk_fancy_title][vc_empty_space height=&#8220;50px&#8220;][mk_fancy_title tag_name=&#8220;h1&#8243; color=&#8220;#0062af&#8220; size=&#8220;25&#8243; font_weight=&#8220;normal&#8220; font_style=&#8220;normal&#8220; txt_transform=&#8220;none&#8220; margin_bottom=&#8220;0&#8243; font_family=&#8220;none&#8220; align=&#8220;center&#8220;] Wir haben drei Serviceebenen [\/mk_fancy_title][vc_row_inner padding=&#8220;0&#8243;][vc_column_inner width=&#8220;1\/3&#8243;][vc_column_text align=&#8220;center&#8220;]DIENSTLEISTUNGEN IN DER WOLKE UNTER NACHFRAGE Online-Zertifizierungsdienste durch Kauf von Guthaben Keine Geb\u00fchren, keine Vertr\u00e4ge, Ihr Guthaben l\u00e4uft nicht ab [&hellip;]<\/p>\n","protected":false},"author":2,"featured_media":0,"parent":0,"menu_order":0,"comment_status":"closed","ping_status":"open","template":"","meta":{"_bbp_topic_count":0,"_bbp_reply_count":0,"_bbp_total_topic_count":0,"_bbp_total_reply_count":0,"_bbp_voice_count":0,"_bbp_anonymous_reply_count":0,"_bbp_topic_count_hidden":0,"_bbp_reply_count_hidden":0,"_bbp_forum_subforum_count":0},"_links":{"self":[{"href":"https:\/\/www.fullcertificate.com\/de\/wp-json\/wp\/v2\/pages\/16114"}],"collection":[{"href":"https:\/\/www.fullcertificate.com\/de\/wp-json\/wp\/v2\/pages"}],"about":[{"href":"https:\/\/www.fullcertificate.com\/de\/wp-json\/wp\/v2\/types\/page"}],"author":[{"embeddable":true,"href":"https:\/\/www.fullcertificate.com\/de\/wp-json\/wp\/v2\/users\/2"}],"replies":[{"embeddable":true,"href":"https:\/\/www.fullcertificate.com\/de\/wp-json\/wp\/v2\/comments?post=16114"}],"version-history":[{"count":14,"href":"https:\/\/www.fullcertificate.com\/de\/wp-json\/wp\/v2\/pages\/16114\/revisions"}],"predecessor-version":[{"id":30842,"href":"https:\/\/www.fullcertificate.com\/de\/wp-json\/wp\/v2\/pages\/16114\/revisions\/30842"}],"wp:attachment":[{"href":"https:\/\/www.fullcertificate.com\/de\/wp-json\/wp\/v2\/media?parent=16114"}],"curies":[{"name":"wp","href":"https:\/\/api.w.org\/{rel}","templated":true}]}}