{"id":16137,"date":"2018-11-29T15:05:07","date_gmt":"2018-11-29T15:05:07","guid":{"rendered":"https:\/\/fullcertificate.com\/voto-electronico-a-listas-comites-y-cargos\/"},"modified":"2022-04-13T04:48:50","modified_gmt":"2022-04-13T04:48:50","slug":"vote-electronic-lists-committees-charges","status":"publish","type":"page","link":"https:\/\/www.fullcertificate.com\/de\/vote-electronic-lists-committees-charges\/","title":{"rendered":"Voto Electr\u00f3nico a Listas, Comit\u00e9s y Cargos"},"content":{"rendered":"[mk_page_section bg_image=&#8220;https:\/\/fullcertificate.com\/wp-content\/uploads\/2018\/11\/banner-voto-electronico-listas-comites-cargos-avisos-certificados-2-1.jpg&#8220; bg_position=&#8220;center top&#8220; bg_repeat=&#8220;no-repeat&#8220; bg_stretch=&#8220;true&#8220; min_height=&#8220;350&#8243; padding_top=&#8220;20&#8243; padding_bottom=&#8220;0&#8243; first_page=&#8220;true&#8220; last_page=&#8220;true&#8220; sidebar=&#8220;sidebar-1&#8243;][vc_column][mk_fancy_title color=&#8220;#000000&#8243; size=&#8220;40&#8243; font_weight=&#8220;normal&#8220; font_style=&#8220;normal&#8220; txt_transform=&#8220;none&#8220; margin_top=&#8220;60&#8243; margin_bottom=&#8220;0&#8243; font_family=&#8220;none&#8220;]Stimmen Sie online zu den Ausschusslisten ab[\/mk_fancy_title][mk_fancy_title color=&#8220;#000000&#8243; size=&#8220;25&#8243; font_weight=&#8220;300&#8243; font_style=&#8220;normal&#8220; txt_transform=&#8220;none&#8220; margin_bottom=&#8220;0&#8243; font_family=&#8220;none&#8220;]Internet und gemischte Abstimmungen \u00fcber Mobiltelefone, Tablets oder PCs[\/mk_fancy_title][mk_button dimension=&#8220;flat&#8220; size=&#8220;medium&#8220; url=&#8220;https:\/\/www.wevote.eu\/en&#8220; target=&#8220;_blank&#8220; button_custom_width=&#8220;250&#8243; bg_color=&#8220;#0062b0&#8243; btn_hover_bg=&#8220;#252525&#8243;]BESUCHE WWW.WEVOTE.EU[\/mk_button][\/vc_column][\/mk_page_section][mk_page_section padding_top=&#8220;50&#8243; padding_bottom=&#8220;0&#8243; first_page=&#8220;false&#8220; last_page=&#8220;false&#8220; sidebar=&#8220;sidebar-1&#8243;][vc_column width=&#8220;3\/4&#8243;][mk_fancy_title color=&#8220;#0062af&#8220; size=&#8220;30&#8243; font_weight=&#8220;normal&#8220; font_style=&#8220;normal&#8220; txt_transform=&#8220;none&#8220; margin_bottom=&#8220;0&#8243; font_family=&#8220;none&#8220;]Online-Abstimmungen zu Kandidatenlisten[\/mk_fancy_title][mk_divider style=&#8220;thin_solid&#8220; thickness=&#8220;4&#8243; margin_top=&#8220;0&#8243;][mk_fancy_title color=&#8220;#000000&#8243; size=&#8220;17&#8243; font_weight=&#8220;bold&#8220; font_style=&#8220;normal&#8220; txt_transform=&#8220;uppercase&#8220; margin_bottom=&#8220;0&#8243; font_family=&#8220;none&#8220;]ABSTIMMUNGSVERFAHREN, DIE VON DRITTEN DER VERTRAUEN BESCHEINIGT WERDEN[\/mk_fancy_title][mk_fancy_title color=&#8220;#f2006e&#8220; size=&#8220;20&#8243; font_weight=&#8220;normal&#8220; font_style=&#8220;normal&#8220; txt_transform=&#8220;none&#8220; margin_bottom=&#8220;30&#8243; font_family=&#8220;none&#8220;]Grundschulen, Sportkomitees, Gewerkschaftsvertreter, Vertreterlisten usw.[\/mk_fancy_title][vc_row_inner padding=&#8220;0&#8243;][vc_column_inner width=&#8220;1\/4&#8243;][mk_icon_box2 icon_type=&#8220;image&#8220; icon_size=&#8220;inherit&#8220; title_size=&#8220;0&#8243; title_top_padding=&#8220;0&#8243; title_bottom_padding=&#8220;0&#8243;]<img loading=\"lazy\" class=\"wp-image-6433 size-medium aligncenter\" src=\"https:\/\/fullcertificate.com\/wp-content\/uploads\/2018\/10\/logo-wevote-2-1.png\" alt=\"\" width=\"130\" height=\"31\" \/> <img class=\"wp-image-6439 size-medium aligncenter\" src=\"https:\/\/fullcertificate.com\/wp-content\/uploads\/2018\/10\/grafico-smart-wevote-1.png\" alt=\"\" width=\"216\" \/><\/p>\n<p style=\"text-align: center;\"><strong><span style=\"color: #0062b0;\">W\u00c4HLEN SIE ZU DEN LISTEN <\/span><\/strong><span style=\"color: #000000; text-decoration: none;\">eNote an die Prim\u00e4rlisten der Kandidaten<br \/>\nMultichannel-Zertifizierung<br \/>\nZertifikat-Pr\u00fcfbescheinigung<br \/>\nZertifizierte Hochverf\u00fcgbarkeit<br \/>\nTotal Security Rechtsg\u00fcltigkeit<br \/>\n<\/span><\/p>\n[\/mk_icon_box2][mk_image src=&#8220;https:\/\/fullcertificate.com\/wp-content\/uploads\/2018\/10\/movil-wevote-afe-3.png&#8220; image_width=&#8220;191&#8243; image_height=&#8220;213&#8243; align=&#8220;center&#8220; margin_bottom=&#8220;46&#8243; animation=&#8220;fade-in&#8220; crop=&#8220;false&#8220;][mk_image src=&#8220;https:\/\/fullcertificate.com\/wp-content\/uploads\/2019\/04\/candado-eidas-eu-full-certificate.png&#8220; image_width=&#8220;100&#8243; align=&#8220;center&#8220; crop=&#8220;false&#8220;][\/vc_column_inner][vc_column_inner width=&#8220;3\/4&#8243;][mk_fancy_title tag_name=&#8220;h4&#8243; color=&#8220;#000000&#8243; font_weight=&#8220;normal&#8220; font_style=&#8220;normal&#8220; txt_transform=&#8220;none&#8220; margin_bottom=&#8220;5&#8243; font_family=&#8220;none&#8220;]\n<p style=\"text-align: left;\">Eine der gro\u00dfartigsten Anwendungen von <span style=\"color: #0062af;\"><strong>eVoto<\/strong><\/span> oder <strong><span style=\"color: #0062af;\">Remote Electronic Vote <\/span> ist die Wahl von Aussch\u00fcssen und Vertretungsvorw\u00fcrfen<\/strong>. Unser Voting-System wird insbesondere bei Wahlen mit <strong>Kandidatenlisten<\/strong> empfohlen, beispielsweise bei der Bildung von Komitees von <strong>Verb\u00e4nden, Unternehmen, Verb\u00e4nden, Stiftungen, politischen Parteien, Gewerkschaften,<\/strong> usw.<\/p>\n<p>&nbsp;<\/p>\n<p style=\"text-align: left;\">weVote &amp; Zertifizierte Hinweise, <span style=\"color: #0062af;\"><strong>Vertrauensw\u00fcrdiger Dritter<\/strong><\/span>, entwickelt <span style=\"color: #0062af;\"><strong>Elektronische Abstimmung mit g\u00fcltiger G\u00fcltigkeit<\/strong><\/span>. Wir geben f\u00fcr jede Abstimmung ein &#8222;<span style=\"color: #f2006e;\"><strong>Stimmzertifikat<\/strong><\/span>&#8220; aus, das geheim ist und nach Ablauf der Abstimmungsphase von unserem System ausgegeben wird &#8222;<span style=\"color: #f2006e;\"><strong>Bericht \u00fcber zertifizierte Ergebnisse<\/strong><\/span>\u201d.<\/p>\n<p>&nbsp;<\/p>\n<p style=\"text-align: left;\">Dieses Verfahren <span style=\"color: #0062af;\"><strong>Elektronische Entfernungsabstimmung<\/strong><\/span> garantiert eine vollst\u00e4ndige <strong>Unparteilichkeit<\/strong> (Vertrauensw\u00fcrdiger Dritter), <strong>Sicherheit<\/strong> und <strong>Rechtsg\u00fcltigkeit insgesamt<\/strong>. Bei Bedarf auch ein <strong>auditierbares<\/strong> System. Dar\u00fcber hinaus werden die Prozessinformationen von <span style=\"color: #0062af;\"><strong>Electronic Voting<\/strong><\/span> gem\u00e4\u00df dem Gesetz und f\u00fcr mindestens f\u00fcnf Jahre gesch\u00fctzt und gesch\u00fctzt, sodass insgesamt <strong>angezeigt wird Vertraulichkeit<\/strong> gegen\u00fcber seinen Kunden und die Bereitstellung aller erforderlichen Garantien f\u00fcr alle Parteien.<\/p>\n<p>&nbsp;<\/p>\n<p style=\"text-align: left;\">Andererseits bringt es gro\u00dfe Vorteile wie Komfort, Geschwindigkeit und gro\u00dfe Zeit- und Kostenersparnisse.<\/p>\n<p>&nbsp;<\/p>\n<p style=\"text-align: left;\"><strong>Ein idealer Service<\/strong> f\u00fcr die Wahl von Vertretern in:<\/p>\n<p>&nbsp;<\/p>\n<ol style=\"text-align: left;\">\n<li><span style=\"color: #0062af;\">Abstimmung f\u00fcr Assoziationsaussch\u00fcsse<\/span><\/li>\n<li><span style=\"color: #0062af;\">eVote an die Unternehmensaussch\u00fcsse<\/span><\/li>\n<li><span style=\"color: #0062af;\">Abstimmung zu den F\u00f6derationskomitees<\/span><\/li>\n<li><span style=\"color: #0062af;\">eVote an Stiftungsaussch\u00fcsse<\/span><\/li>\n<li><span style=\"color: #0062af;\">eVote an die Aussch\u00fcsse der politischen Parteien<\/span><\/li>\n<li><span style=\"color: #0062af;\">eVote an Gewerkschaftsaussch\u00fcsse<\/span><\/li>\n<li><span style=\"color: #0062af;\">eVote an NGO-Aussch\u00fcsse<\/span><\/li>\n<li><span style=\"color: #0062af;\">eVoto Verwaltungsgremien<\/span><\/li>\n<li><span style=\"color: #0062af;\">eVote an Arbeitnehmervertreter<\/span><\/li>\n<li><span style=\"color: #0062af;\">usw..<\/span><\/li>\n<\/ol>\n<p>&nbsp;<\/p>\n<p style=\"text-align: left;\">Es kann mehrere <span style=\"color: #0062af;\"><strong>eVoto <\/strong><\/span>oder <span style=\"color: #0062af;\"><strong>elektronische Abstimmungsprozesse geben<\/strong><\/span>, auch gemischt, mit Briefwahl und pers\u00f6nlichen Abstimmungen.<\/p>\n[\/mk_fancy_title][vc_separator][mk_image src=&#8220;https:\/\/fullcertificate.com\/wp-content\/uploads\/2019\/10\/DEUTSCH-ing-grap-1-voting-lists-committees-full-certificate.jpg&#8220; image_height=&#8220;800&#8243; align=&#8220;center&#8220; margin_bottom=&#8220;20&#8243; el_class=&#8220;imagen-medio&#8220; crop=&#8220;false&#8220;][mk_image src=&#8220;https:\/\/fullcertificate.com\/wp-content\/uploads\/2019\/10\/DEUTSCH-grafico-1-electronic-vote-wevote.jpg&#8220; image_width=&#8220;450&#8243; align=&#8220;center&#8220; margin_bottom=&#8220;20&#8243; el_class=&#8220;imagen-medio&#8220; crop=&#8220;false&#8220;][vc_separator][mk_fancy_title tag_name=&#8220;h4&#8243; color=&#8220;#000000&#8243; font_weight=&#8220;normal&#8220; font_style=&#8220;normal&#8220; txt_transform=&#8220;none&#8220; font_family=&#8220;none&#8220;]\n<p style=\"text-align: left;\">Der am h\u00e4ufigsten verwendete Prozess von <span style=\"color: #0062af;\"><strong>Elektronische Fernabstimmung<\/strong><\/span> ist wie folgt:<\/p>\n<p>&nbsp;<\/p>\n<ol style=\"text-align: left;\">\n<li>Der Aufruf <span style=\"color: #0062af;\">wird ausgef\u00fchrt<\/span><\/li>\n<li>Sie teilt <span style=\"color: #0062af;\">die Bedingungen des gesamten Prozesses mit<\/span><\/li>\n<li>Die wird erstellt <span style=\"color: #0062af;\">Kandidatenliste<\/span><\/li>\n<li>Die wird erstellt <span style=\"color: #0062af;\">Liste der W\u00e4hler<\/span><\/li>\n<li>Die <span style=\"color: #0062af;\"> &#8211; Abstimmungskan\u00e4le werden erstellt<\/span>\n<ol>\n<li>Stimmen Sie online oder online ab<\/li>\n<li>Postabstimmung<\/li>\n<li>Pers\u00f6nliche Abstimmung<\/li>\n<\/ol>\n<\/li>\n<li><span style=\"color: #0062af;\">Die Abstimmungsperiode beginnt und die Abstimmung wird durchgef\u00fchrt.<\/span>\n<ol>\n<li>Stimmen Sie f\u00fcr <strong>Zertifizierte SMS<\/strong> auf Ihrem Handy ab<\/li>\n<li>Online-Abstimmung per <strong>E-Mail-Zertifikat<\/strong> zur Online-Abstimmung<\/li>\n<li>Postabstimmung.<\/li>\n<\/ol>\n<\/li>\n<li><span style=\"color: #3366ff;\"><span style=\"color: #000000;\">WeVote &amp; Zertifizierte Hinweise Probleme a<\/span> <span style=\"color: #f2006e;\">Elektronische Stimmabgabe<\/span><span style=\"color: #00ccff;\">\u00a0<span style=\"color: #000000;\">f\u00fcr jedes eVoto<\/span> <span style=\"color: #0062af;\">mit elektronischer Aufbewahrung desselben seit mindestens f\u00fcnf Jahren.<\/span><\/span><\/span><\/li>\n<li><span style=\"color: #000000;\">Am Ende der Periode, <span style=\"color: #00ccff;\"><span style=\"color: #0062af;\">eine<\/span> <span style=\"color: #000000;\"><strong>zertifiziertes ergebnis zertifikat <\/strong><\/span><\/span>es Online- oder elektronischen Abstimmungsprozesses wird ausgestellt.<\/span><\/li>\n<li><span style=\"color: #000000;\"><span style=\"color: #00ccff;\"><span style=\"color: #000000;\">Jeder Prozess von<\/span> <span style=\"color: #0062af;\">eVote oder elektronische Abstimmung<\/span><\/span> es kann durch die Satzung jeder Organisation geregelt werden und kann Anpassungen in jedem Fall mit sich bringen.<\/span><\/li>\n<\/ol>\n<p>&nbsp;<\/p>\n<p style=\"text-align: left;\">Wenn Sie an unseren Dienstleistungen im Detail interessiert sind<span style=\"color: #0062af;\"><strong> eVoto<\/strong> <\/span>oder <span style=\"color: #00ccff;\"><span style=\"color: #0062af;\"><strong>elektronisches Fernstimmzertifikat<\/strong><\/span>,<\/span> Bitte <b>KONTAKTIEREN SIE UNS<\/b> und wir werden Ihnen so schnell wie m\u00f6glich helfen.<\/p>\n[\/mk_fancy_title][\/vc_column_inner][\/vc_row_inner][\/vc_column][vc_column border_color=&#8220;#ffffff&#8220; width=&#8220;1\/4&#8243;][mk_image src=&#8220;https:\/\/fullcertificate.com\/wp-content\/uploads\/2018\/12\/european-trusted-third-party-full-certificate.png&#8220; image_width=&#8220;180&#8243; align=&#8220;center&#8220; margin_bottom=&#8220;35&#8243; crop=&#8220;false&#8220;][vc_empty_space height=&#8220;0px&#8220;][vc_row_inner padding=&#8220;0&#8243;][vc_column_inner css=&#8220;.vc_custom_1574092621016{border-top-width: 1px !important;border-right-width: 1px !important;border-bottom-width: 1px !important;border-left-width: 1px !important;border-left-color: #f2006e !important;border-left-style: solid !important;border-right-color: #f2006e !important;border-right-style: solid !important;border-top-color: #f2006e !important;border-top-style: solid !important;border-bottom-color: #f2006e !important;border-bottom-style: solid !important;}&#8220;][mk_fancy_title color=&#8220;#000000&#8243; size=&#8220;20&#8243; font_weight=&#8220;bold&#8220; font_style=&#8220;normal&#8220; txt_transform=&#8220;uppercase&#8220; margin_top=&#8220;20&#8243; margin_bottom=&#8220;0&#8243; font_family=&#8220;none&#8220; align=&#8220;center&#8220;]\n<p style=\"text-align: center;\">KOSTENLOS REGISTRIEREN<\/p>\n[\/mk_fancy_title][mk_fancy_title color=&#8220;#000000&#8243; size=&#8220;16&#8243; font_weight=&#8220;normal&#8220; font_style=&#8220;normal&#8220; txt_transform=&#8220;none&#8220; margin_bottom=&#8220;0&#8243; font_family=&#8220;none&#8220; align=&#8220;center&#8220;]\n<p style=\"text-align: center;\">Testen Sie unsere zertifizierten Services mit voller Rechtsg\u00fcltigkeit.<\/p>\n<p>&nbsp;<\/p>\n<p style=\"text-align: center;\"><strong><span style=\"color: #0062b0;\">Keine Geb\u00fchren, keine Vertr\u00e4ge.<\/span><br \/>\n<\/strong>Ihr Guthaben verf\u00e4llt nie.<\/p>\n[\/mk_fancy_title][mk_button dimension=&#8220;flat&#8220; corner_style=&#8220;rounded&#8220; size=&#8220;medium&#8220; url=&#8220;https:\/\/cloud.fullcertificate.com\/register&#8220; target=&#8220;_blank&#8220; align=&#8220;center&#8220; button_custom_width=&#8220;160&#8243; bg_color=&#8220;#f2006e&#8220; btn_hover_bg=&#8220;#252525&#8243; btn_hover_txt_color=&#8220;#ffffff&#8220;]HIER KLICKEN[\/mk_button][\/vc_column_inner][\/vc_row_inner][vc_row_inner padding=&#8220;0&#8243;][vc_column_inner][vc_empty_space height=&#8220;20px&#8220;][\/vc_column_inner][\/vc_row_inner][vc_row_inner padding=&#8220;0&#8243;][vc_column_inner][vc_empty_space height=&#8220;0px&#8220;][mk_icon_box2 icon_type=&#8220;image&#8220; title_size=&#8220;0&#8243; title_top_padding=&#8220;0&#8243; title_bottom_padding=&#8220;0&#8243;]<a href=\"https:\/\/fullcertificate.com\/de\/smartmoney\/\"><img loading=\"lazy\" class=\"wp-image-6433 size-medium aligncenter\" src=\"https:\/\/fullcertificate.com\/wp-content\/uploads\/2018\/10\/logo-smartmoney-1.png\" alt=\"\" width=\"180\" height=\"31\" \/><\/a><a href=\"https:\/\/fullcertificate.com\/de\/smartmoney\/\"><img loading=\"lazy\" class=\"wp-image-6439 size-medium aligncenter\" src=\"https:\/\/fullcertificate.com\/wp-content\/uploads\/2018\/10\/grafico-smart-money-3-1.png\" alt=\"\" width=\"170\" height=\"300\" \/><\/a><\/p>\n<p style=\"text-align: center;\"><strong><span style=\"color: #0062b0;\"><a style=\"color: #0062b0;\" href=\"https:\/\/fullcertificate.com\/de\/smartmoney\/\">SMART MONEY<\/a> <\/span><\/strong><span style=\"color: #000000; text-decoration: none;\"><br \/>\nIntelligente Vertr\u00e4ge<br \/>\nIntelligente Zahlungen<br \/>\nSmart Recovery<br \/>\nDashboard<br \/>\n<\/span><\/p>\n[\/mk_icon_box2][vc_empty_space height=&#8220;0px&#8220;][mk_icon_box2 icon_type=&#8220;image&#8220; title_size=&#8220;0&#8243; title_top_padding=&#8220;0&#8243; title_bottom_padding=&#8220;0&#8243;]<a href=\"https:\/\/fullcertificate.com\/de\/automatisierung-cloud-inhouse\/\"><img loading=\"lazy\" class=\"wp-image-6433 size-medium aligncenter\" src=\"https:\/\/fullcertificate.com\/wp-content\/uploads\/2018\/10\/logo-smart-automation-2-1.png\" alt=\"\" width=\"265\" height=\"31\" \/><\/a><a href=\"https:\/\/fullcertificate.com\/de\/automatisierung-cloud-inhouse\/\"><img loading=\"lazy\" class=\"wp-image-6439 size-medium aligncenter\" src=\"https:\/\/fullcertificate.com\/wp-content\/uploads\/2018\/10\/grafico-smart-automation-1.png\" alt=\"\" width=\"170\" height=\"300\" \/><\/a><\/p>\n<p style=\"text-align: center;\"><strong><span style=\"color: #0062b0;\"><a style=\"color: #0062b0;\" href=\"https:\/\/fullcertificate.com\/de\/automatisierung-cloud-inhouse\/\">SMART AUTOMATION<\/a><\/span><\/strong><br \/>\n<span style=\"color: #000000; text-decoration: none;\">WS API-REST<br \/>\nIT-Entwicklung<br \/>\nErweiterte Authentifizierung<br \/>\nPortale und Formulare. klug<br \/>\n<\/span><\/p>\n[\/mk_icon_box2][\/vc_column_inner][\/vc_row_inner][vc_empty_space height=&#8220;20px&#8220;][vc_row_inner el_class=&#8220;ocultar&#8220; padding=&#8220;0&#8243;][vc_column_inner css=&#8220;.vc_custom_1540979094932{border-top-width: 1px !important;border-right-width: 1px !important;border-bottom-width: 1px !important;border-left-width: 1px !important;padding-top: 20px !important;padding-bottom: 20px !important;background-color: #ffffff !important;border-left-color: #1e73be !important;border-left-style: solid !important;border-right-color: #1e73be !important;border-right-style: solid !important;border-top-color: #1e73be !important;border-top-style: solid !important;border-bottom-color: #1e73be !important;border-bottom-style: solid !important;}&#8220;][mk_fancy_title color=&#8220;#000000&#8243; size=&#8220;20&#8243; font_weight=&#8220;bold&#8220; font_style=&#8220;normal&#8220; txt_transform=&#8220;uppercase&#8220; margin_bottom=&#8220;0&#8243; font_family=&#8220;none&#8220; align=&#8220;center&#8220;]\n<p style=\"text-align: center;\">Kontaktinformationen<\/p>\n[\/mk_fancy_title][mk_fancy_title color=&#8220;#1e73be&#8220; font_weight=&#8220;normal&#8220; font_style=&#8220;normal&#8220; txt_transform=&#8220;none&#8220; margin_bottom=&#8220;10&#8243; font_family=&#8220;none&#8220; align=&#8220;center&#8220;]\n<p style=\"text-align: center;\"><strong>Telefon:<\/strong> (0034) 91 005 26 59<br \/>\n<strong>Adresse:<\/strong> C \/ Boix y Morer 6, 9. Stock 28003 Madrid, Spanien<\/p>\n[\/mk_fancy_title][mk_button dimension=&#8220;flat&#8220; corner_style=&#8220;rounded&#8220; size=&#8220;medium&#8220; url=&#8220;https:\/\/fullcertificate.com\/de\/kontaktieren-sie-uns\/&#8220; align=&#8220;center&#8220; button_custom_width=&#8220;160&#8243; bg_color=&#8220;#0062b0&#8243; btn_hover_bg=&#8220;#252525&#8243;]KONTAKTIEREN SIE UNS[\/mk_button][\/vc_column_inner][\/vc_row_inner][\/vc_column][\/mk_page_section][mk_page_section full_width=&#8220;true&#8220; first_page=&#8220;false&#8220; last_page=&#8220;false&#8220; sidebar=&#8220;sidebar-1&#8243;][vc_column][mk_divider style=&#8220;thin_solid&#8220; thickness=&#8220;4&#8243; margin_top=&#8220;10&#8243; margin_bottom=&#8220;40&#8243;][vc_row_inner padding=&#8220;0&#8243;][vc_column_inner width=&#8220;1\/4&#8243;][\/vc_column_inner][vc_column_inner width=&#8220;1\/2&#8243;][mk_fancy_title tag_name=&#8220;h4&#8243; color=&#8220;#393836&#8243; size=&#8220;30&#8243; font_weight=&#8220;normal&#8220; font_style=&#8220;normal&#8220; txt_transform=&#8220;uppercase&#8220; margin_bottom=&#8220;18&#8243; font_family=&#8220;none&#8220; align=&#8220;center&#8220;]\n<p style=\"text-align: center;\">MIT DER GARANTIE VON<\/p>\n[\/mk_fancy_title][mk_image src=&#8220;https:\/\/fullcertificate.com\/wp-content\/uploads\/2022\/04\/footer-nuevo-WE-VOTE.jpg&#8220; image_width=&#8220;1500&#8243; image_height=&#8220;216&#8243; link=&#8220;http:\/\/fullcertificate.com\/&#8220; target=&#8220;_blank&#8220; align=&#8220;center&#8220; el_class=&#8220;imagen-footer-centro&#8220; crop=&#8220;false&#8220;][\/vc_column_inner][vc_column_inner width=&#8220;1\/4&#8243;][\/vc_column_inner][\/vc_row_inner][\/vc_column][\/mk_page_section]\n","protected":false},"excerpt":{"rendered":"<p>[mk_page_section bg_image=&#8220;https:\/\/fullcertificate.com\/wp-content\/uploads\/2018\/11\/banner-voto-electronico-listas-comites-cargos-avisos-certificados-2-1.jpg&#8220; bg_position=&#8220;center top&#8220; bg_repeat=&#8220;no-repeat&#8220; bg_stretch=&#8220;true&#8220; min_height=&#8220;350&#8243; padding_top=&#8220;20&#8243; padding_bottom=&#8220;0&#8243; first_page=&#8220;true&#8220; last_page=&#8220;true&#8220; sidebar=&#8220;sidebar-1&#8243;][vc_column][mk_fancy_title color=&#8220;#000000&#8243; size=&#8220;40&#8243; font_weight=&#8220;normal&#8220; font_style=&#8220;normal&#8220; txt_transform=&#8220;none&#8220; margin_top=&#8220;60&#8243; margin_bottom=&#8220;0&#8243; font_family=&#8220;none&#8220;]Stimmen Sie online zu den Ausschusslisten ab[\/mk_fancy_title][mk_fancy_title color=&#8220;#000000&#8243; size=&#8220;25&#8243; font_weight=&#8220;300&#8243; font_style=&#8220;normal&#8220; txt_transform=&#8220;none&#8220; margin_bottom=&#8220;0&#8243; font_family=&#8220;none&#8220;]Internet und gemischte Abstimmungen \u00fcber Mobiltelefone, Tablets oder PCs[\/mk_fancy_title][mk_button dimension=&#8220;flat&#8220; size=&#8220;medium&#8220; url=&#8220;https:\/\/www.wevote.eu\/en&#8220; target=&#8220;_blank&#8220; button_custom_width=&#8220;250&#8243; bg_color=&#8220;#0062b0&#8243; btn_hover_bg=&#8220;#252525&#8243;]BESUCHE WWW.WEVOTE.EU[\/mk_button][\/vc_column][\/mk_page_section][mk_page_section padding_top=&#8220;50&#8243; padding_bottom=&#8220;0&#8243; first_page=&#8220;false&#8220; last_page=&#8220;false&#8220; sidebar=&#8220;sidebar-1&#8243;][vc_column width=&#8220;3\/4&#8243;][mk_fancy_title [&hellip;]<\/p>\n","protected":false},"author":2,"featured_media":0,"parent":0,"menu_order":0,"comment_status":"closed","ping_status":"closed","template":"","meta":{"_bbp_topic_count":0,"_bbp_reply_count":0,"_bbp_total_topic_count":0,"_bbp_total_reply_count":0,"_bbp_voice_count":0,"_bbp_anonymous_reply_count":0,"_bbp_topic_count_hidden":0,"_bbp_reply_count_hidden":0,"_bbp_forum_subforum_count":0},"_links":{"self":[{"href":"https:\/\/www.fullcertificate.com\/de\/wp-json\/wp\/v2\/pages\/16137"}],"collection":[{"href":"https:\/\/www.fullcertificate.com\/de\/wp-json\/wp\/v2\/pages"}],"about":[{"href":"https:\/\/www.fullcertificate.com\/de\/wp-json\/wp\/v2\/types\/page"}],"author":[{"embeddable":true,"href":"https:\/\/www.fullcertificate.com\/de\/wp-json\/wp\/v2\/users\/2"}],"replies":[{"embeddable":true,"href":"https:\/\/www.fullcertificate.com\/de\/wp-json\/wp\/v2\/comments?post=16137"}],"version-history":[{"count":14,"href":"https:\/\/www.fullcertificate.com\/de\/wp-json\/wp\/v2\/pages\/16137\/revisions"}],"predecessor-version":[{"id":27739,"href":"https:\/\/www.fullcertificate.com\/de\/wp-json\/wp\/v2\/pages\/16137\/revisions\/27739"}],"wp:attachment":[{"href":"https:\/\/www.fullcertificate.com\/de\/wp-json\/wp\/v2\/media?parent=16137"}],"curies":[{"name":"wp","href":"https:\/\/api.w.org\/{rel}","templated":true}]}}