{"id":16141,"date":"2018-11-29T15:06:35","date_gmt":"2018-11-29T15:06:35","guid":{"rendered":"https:\/\/fullcertificate.com\/voto-electronico-con-validez-legal-2\/"},"modified":"2022-04-13T04:47:10","modified_gmt":"2022-04-13T04:47:10","slug":"vote-electronic-zertifiziert","status":"publish","type":"page","link":"https:\/\/www.fullcertificate.com\/de\/vote-electronic-zertifiziert\/","title":{"rendered":"Voto Electr\u00f3nico con Validez Legal"},"content":{"rendered":"[mk_page_section bg_image=&#8220;https:\/\/fullcertificate.com\/wp-content\/uploads\/2018\/11\/banner-voto-electronico-validez-legal-avisos-certificados-1.jpg&#8220; bg_position=&#8220;center top&#8220; bg_repeat=&#8220;no-repeat&#8220; bg_stretch=&#8220;true&#8220; min_height=&#8220;350&#8243; padding_top=&#8220;20&#8243; padding_bottom=&#8220;0&#8243; first_page=&#8220;true&#8220; last_page=&#8220;true&#8220; sidebar=&#8220;sidebar-1&#8243;][vc_column][mk_fancy_title tag_name=&#8220;h1&#8243; color=&#8220;#000000&#8243; size=&#8220;40&#8243; font_weight=&#8220;normal&#8220; font_style=&#8220;normal&#8220; txt_transform=&#8220;none&#8220; margin_top=&#8220;60&#8243; margin_bottom=&#8220;0&#8243; font_family=&#8220;none&#8220;]Elektronische Distanzabstimmung[\/mk_fancy_title][mk_fancy_title tag_name=&#8220;h1&#8243; color=&#8220;#000000&#8243; size=&#8220;25&#8243; font_weight=&#8220;300&#8243; font_style=&#8220;normal&#8220; txt_transform=&#8220;none&#8220; margin_bottom=&#8220;0&#8243; font_family=&#8220;none&#8220;]Remote-Online-Abstimmung, elektronische und gemischte Abstimmung.<br \/>\nDurch Mobiltelefone, Tablets und Computer. 100% sicher[\/mk_fancy_title][mk_button dimension=&#8220;flat&#8220; size=&#8220;medium&#8220; url=&#8220;https:\/\/www.wevote.eu\/en&#8220; target=&#8220;_blank&#8220; button_custom_width=&#8220;250&#8243; margin_top=&#8220;5&#8243; bg_color=&#8220;#0062b0&#8243; btn_hover_bg=&#8220;#252525&#8243;]BESUCHE WWW.WEVOTE.EU[\/mk_button][\/vc_column][\/mk_page_section][mk_page_section padding_top=&#8220;50&#8243; padding_bottom=&#8220;50&#8243; first_page=&#8220;false&#8220; last_page=&#8220;false&#8220; sidebar=&#8220;sidebar-1&#8243;][vc_column width=&#8220;3\/4&#8243;][mk_fancy_title color=&#8220;#0062af&#8220; size=&#8220;30&#8243; font_weight=&#8220;normal&#8220; font_style=&#8220;normal&#8220; txt_transform=&#8220;none&#8220; margin_bottom=&#8220;0&#8243; font_family=&#8220;none&#8220;]eVote. Elektronische Abstimmung mit gesetzlicher G\u00fcltigkeit.[\/mk_fancy_title][mk_divider style=&#8220;thin_solid&#8220; thickness=&#8220;4&#8243; margin_top=&#8220;0&#8243;][mk_fancy_title color=&#8220;#333333&#8243; size=&#8220;17&#8243; font_weight=&#8220;bold&#8220; font_style=&#8220;normal&#8220; txt_transform=&#8220;uppercase&#8220; margin_bottom=&#8220;30&#8243; font_family=&#8220;none&#8220;]Sociedades Cotizadas, SA y SL, politische Parteien, Verb\u00e4nde, Stadtr\u00e4te, Gewerkschaften usw. F\u00fchren Sie Ihr Projekt nach Ihren Bed\u00fcrfnissen aus.[\/mk_fancy_title][vc_row_inner padding=&#8220;0&#8243;][vc_column_inner width=&#8220;1\/3&#8243;][mk_icon_box2 icon_type=&#8220;image&#8220; icon_size=&#8220;inherit&#8220; title_size=&#8220;0&#8243; title_top_padding=&#8220;0&#8243; title_bottom_padding=&#8220;0&#8243;]<img loading=\"lazy\" class=\"wp-image-6433 size-medium aligncenter\" src=\"https:\/\/fullcertificate.com\/wp-content\/uploads\/2018\/10\/logo-wevote-2-1.png\" alt=\"\" width=\"130\" height=\"31\" \/><img class=\"wp-image-6439 size-medium aligncenter\" src=\"https:\/\/fullcertificate.com\/wp-content\/uploads\/2018\/10\/grafico-smart-wevote-1.png\" alt=\"\" width=\"216\" \/><\/p>\n<p style=\"text-align: center;\"><strong><span style=\"color: #0062b0;\"><a style=\"color: #0062b0;\" href=\"https:\/\/www.avisoscertificados.com\/contratos-electronicos-certificados\/\">WEVOTE<\/a><br \/>\n<\/span><\/strong><span style=\"color: #000000; text-decoration: none;\">Wahlverfahren<br \/>\nVersammlungen und Regierungsr\u00e4te<br \/>\nAussch\u00fcsse und Vertreterlisten<br \/>\nBeliebte Fragen<br \/>\nReferenden<\/span><\/p>\n[\/mk_icon_box2][mk_image src=&#8220;https:\/\/fullcertificate.com\/wp-content\/uploads\/2018\/10\/movil-wevote-afe-3.png&#8220; image_width=&#8220;210&#8243; image_height=&#8220;225&#8243; align=&#8220;center&#8220; margin_bottom=&#8220;30&#8243; crop=&#8220;false&#8220;][mk_image src=&#8220;https:\/\/fullcertificate.com\/wp-content\/uploads\/2019\/04\/candado-eidas-eu-full-certificate.png&#8220; image_width=&#8220;100&#8243; align=&#8220;center&#8220; crop=&#8220;false&#8220;][\/vc_column_inner][vc_column_inner width=&#8220;2\/3&#8243;][mk_fancy_title tag_name=&#8220;h4&#8243; color=&#8220;#000000&#8243; font_weight=&#8220;normal&#8220; font_style=&#8220;normal&#8220; txt_transform=&#8220;none&#8220; margin_top=&#8220;10&#8243; margin_bottom=&#8220;18&#8243; font_family=&#8220;none&#8220;]<span style=\"color: #f2006e; font-size: 20px;\">DIENSTLEISTUNGEN UND ELEKTRONISCHE ABSTIMMUNGSPROJEKTE<\/span><\/p>\n<p>&nbsp;<\/p>\n<p>Wir entwickeln <strong>Projekte und elektronische Abstimmungsdienste<\/strong>, die die unterschiedlichen Bed\u00fcrfnisse unserer Kunden abdecken. Durch unsere Technologie k\u00f6nnen wir fortschrittliche evoto-L\u00f6sungen f\u00fcr anspruchsvollste Projekte implementieren.<\/p>\n<p>&nbsp;<\/p>\n<p><strong>ONLINE ABSTIMMUNG<\/strong><\/p>\n<p>&nbsp;<\/p>\n<p>Online-Abstimmung mit elektronischen Mitteln. Nachdem der Anruf get\u00e4tigt wurde, wird der Fernabstimmungszeitraum <strong><span style=\"color: #0062af;\">ge\u00f6ffnet, und der W\u00e4hler kann sich von seinem Mobiltelefon, Tablet oder PC aus mit dem elektronischen Abstimmungsportal verbinden, wo er sein Telefon aus\u00fcbt Stimmrecht<\/span><\/strong> in \u00dcbereinstimmung mit den geltenden Vorschriften und Gesetzen zu jeder Zeit.<\/p>\n<p>&nbsp;<\/p>\n<p><strong>Gegenw\u00e4rtige, elektronische oder gemischte Abstimmung<\/strong><\/p>\n<p>&nbsp;<\/p>\n<p>Sie k\u00f6nnen Ihr Stimmrecht sowohl in allgemeinen als auch in au\u00dferordentlichen Versammlungen sowie bei Regierungsversammlungen <span style=\"color: #0062af;\">pers\u00f6nlich oder elektronisch oder gemischt aus\u00fcben<\/span>. Dies ist der Fall bei b\u00f6rsennotierten Unternehmen, Verb\u00e4nden, politischen Parteien, Gewerkschaften, Universit\u00e4ten, Verb\u00e4nden, Vereinen, NGOs, Nachbarschaftsverb\u00e4nden usw.[\/mk_fancy_title][mk_image src=&#8220;https:\/\/fullcertificate.com\/wp-content\/uploads\/2019\/10\/DEUTSCH-grafico-1-electronic-vote-wevote.jpg&#8220; image_width=&#8220;450&#8243; image_height=&#8220;900&#8243; align=&#8220;center&#8220; margin_bottom=&#8220;20&#8243; el_class=&#8220;imagen-medio&#8220; crop=&#8220;false&#8220;][mk_fancy_title tag_name=&#8220;h4&#8243; color=&#8220;#000000&#8243; font_weight=&#8220;normal&#8220; font_style=&#8220;normal&#8220; txt_transform=&#8220;none&#8220; margin_bottom=&#8220;18&#8243; font_family=&#8220;none&#8220;]<span style=\"color: #0062af;\">Der Abstimmungsprozess<\/span> und seine Ergebnisse werden am Ende durch eine genaue Pr\u00fcfung bekannt gemacht. Zertifizierte Mitteilungen werden ein <span style=\"color: #0062af;\"> &#8211; Zertifikat des Ergebnisdatensatzes und \/ oder ein vom Pr\u00e4sidenten und Sekret\u00e4r unterzeichnetes Zertifikat der Schlussakte des Treffens<\/span> ausstellen, das den Statuten und der Gesch\u00e4ftsordnung entspricht die aktuelle Gesetzgebung.[\/mk_fancy_title][vc_text_separator][mk_image src=&#8220;https:\/\/fullcertificate.com\/wp-content\/uploads\/2019\/10\/electoral-processes-popular-consultations-wevote-full-certificate-aleman.jpg&#8220; image_width=&#8220;700&#8243; image_height=&#8220;900&#8243; margin_bottom=&#8220;20&#8243; el_class=&#8220;imagen-medio&#8220; crop=&#8220;false&#8220;][vc_separator][mk_image src=&#8220;https:\/\/fullcertificate.com\/wp-content\/uploads\/2019\/10\/aleman-praphic-3-electronic-vote-wevote-full-certificate.jpg&#8220; image_width=&#8220;700&#8243; image_height=&#8220;900&#8243; margin_bottom=&#8220;20&#8243; el_class=&#8220;imagen-medio&#8220; crop=&#8220;false&#8220;][vc_separator][mk_fancy_title tag_name=&#8220;h4&#8243; color=&#8220;#1e73be&#8220; size=&#8220;16&#8243; font_weight=&#8220;normal&#8220; font_style=&#8220;normal&#8220; txt_transform=&#8220;none&#8220; font_family=&#8220;none&#8220;]ELEKTRONISCHE ABSTIMMUNG BEWERTET WICHTIGE VORTEILE:[\/mk_fancy_title][mk_fancy_title tag_name=&#8220;h4&#8243; color=&#8220;#000000&#8243; font_weight=&#8220;normal&#8220; font_style=&#8220;normal&#8220; txt_transform=&#8220;none&#8220; font_family=&#8220;none&#8220;]\n<ul>\n<li style=\"text-align: left;\"><strong>St\u00e4rkere Beteiligung:<\/strong> Aufgrund der Flexibilit\u00e4t und Bequemlichkeit des Verfahrens erh\u00f6ht die elektronische Fernabstimmung die Wahlbeteiligung erheblich. Daf\u00fcr ist es wichtig, den Anruf mit maximaler Verbreitung und Garantien zu t\u00e4tigen.<\/li>\n<li style=\"text-align: left;\"><strong>Authentizit\u00e4t und Einssein:<\/strong>\u00a0Das System zur elektronischen Identifizierung und Erstellung elektronischer Signaturen gem\u00e4\u00df der Verordnung (EU) Nr. 910\/2014 des Europ\u00e4ischen Parlaments und des Rates, wie beispielsweise <span style=\"color: #0062af;\">elektronisches Identifikations- und Erstellungssystem von elektronischen Signaturen<\/span> basierend auf <span style=\"color: #0062af;\"> qualifizierten Zertifikaten<\/span> gem\u00e4\u00df Gesetz 39\/2015 des Gemeinsamen Verwaltungsverfahrens der \u00f6ffentlichen Verwaltungen, aufgrund seiner Einbeziehung in die Listen vertrauensw\u00fcrdiger Dienste (TSL, wegen seiner Abk\u00fcrzung in Englisch).<\/li>\n<\/ul>\n<p>&nbsp;<\/p>\n<blockquote><p><span style=\"color: #0062af;\">Der Zugriff auf das elektronische Abstimmungssystem kann durch ein qualifiziertes elektronisches Zertifikat einer nat\u00fcrlichen Person oder ein Vertretungszertifikat einer juristischen Person und \/ oder ein elektronisches DNI, das von einer der Zertifizierungsstellen ausgestellt wird, oder durch die Implementierung eindeutiger, mit einem doppelten Faktor verschl\u00fcsselter Schl\u00fcssel erfolgen. der Sicherheit und Validierung gem\u00e4\u00df der abschlie\u00dfenden Checkliste und \/ oder der Authentifizierungsbeh\u00f6rde.<\/span><\/p><\/blockquote>\n<ul>\n<li style=\"text-align: left;\"><strong>\u00dcberpr\u00fcfbar:<\/strong> Unsere elektronischen Abstimmungssysteme sind <span style=\"color: #0062af;\">auditierbar<\/span> was bringt ein <span style=\"color: #0062af;\">vollst\u00e4ndige Transparenz und Sicherheit f\u00fcr den Abstimmungsprozess und seine korrekte Umsetzung.<\/span><\/li>\n<li style=\"text-align: left;\"><strong>Stimmen Sie auf mehreren Ger\u00e4ten ab:<\/strong> Abstimmungen k\u00f6nnen in durchgef\u00fchrt werden <span style=\"color: #0062af;\">Tablets, Mobiltelefone oder Smartphones, Personal Computer,<\/span> Digitale Wahlpunkte f\u00fcr diesen Zweck aktiviert, usw.<\/li>\n<li style=\"text-align: left;\"><b>Vertraulichkeit und Best\u00e4tigung der Abstimmung:<\/b> Die abgegebenen Stimmen sind vertraulich und es ist m\u00f6glich, dass jeder W\u00e4hler seine Stimme erh\u00e4lt <span style=\"color: #0062af;\">Stimmzertifikat verarbeitet per E-Mail oder SMS-Zertifikat.<\/span><\/li>\n<li style=\"text-align: left;\"><strong>Z\u00e4hlgeschwindigkeit:<\/strong> In den meisten F\u00e4llen und abh\u00e4ngig von der Komplexit\u00e4t und dem Umfang der Abstimmung kann die Pr\u00fcfung erfolgen <span style=\"color: #0062af;\">sofort und in Echtzeit.<\/span> Wir verf\u00fcgen \u00fcber Hochleistungsserver, die in sehr kurzer Zeit Millionen von Daten verarbeiten<\/li>\n<li style=\"text-align: left;\"><strong>Elektronische Kontrolle:<\/strong> Es ist total <span style=\"color: #0062af;\">absolut zuverl\u00e4ssig und vertraulich<\/span> erzeugen eines <span style=\"color: #0062af;\">ausf\u00fchrlicher Bericht entsprechend den Erfordernissen jeder Abstimmung.<\/span><\/li>\n<li style=\"text-align: left;\"><strong>Ergebnisdatensatz:<\/strong> Als <strong><span style=\"color: #3366ff;\">Dritter europ\u00e4ischer Trust<\/span><\/strong>, Zertifizierte Benachrichtigungen werden die entsprechenden ausgeben\u00a0<span style=\"color: #0062af;\">Certificate of Results Zertifikat.<\/span><\/li>\n<li style=\"text-align: left;\"><strong>Wichtige Einsparung von Ressourcen und Zeit:<\/strong> Sobald das elektronische Abstimmungssystem implementiert ist, <span style=\"color: #0062af;\">die Kosteneinsparungen und Stunden k\u00f6nnen mehr als 90% betragen<\/span> auf traditionellen Abstimmungsmitteln.<\/li>\n<li style=\"text-align: left;\"><strong>Sorge f\u00fcr die Umwelt:<\/strong> Papierverbrauch, Umladungen und Kraftstoffverbrauch werden praktisch auf Null reduziert. usw. usw.<\/li>\n<li style=\"text-align: left;\"><strong>Elektronische Aufbewahrung:<\/strong> W\u00e4hrend <span style=\"color: #0062af;\">mindestens f\u00fcnf Jahre<\/span> alle Daten des elektronischen Abstimmungsprozesses<span style=\"color: #3366ff;\">\u00a0<span style=\"color: #0062af;\">Sie werden gerettet und bewacht<\/span><\/span><span style=\"color: #0062af;\">.<\/span><\/li>\n<\/ul>\n[\/mk_fancy_title][vc_text_separator][mk_fancy_title tag_name=&#8220;h4&#8243; color=&#8220;#1e73be&#8220; size=&#8220;16&#8243; font_weight=&#8220;normal&#8220; font_style=&#8220;normal&#8220; txt_transform=&#8220;none&#8220; margin_top=&#8220;10&#8243; font_family=&#8220;none&#8220;]\n<p style=\"text-align: center;\">GRUNDLEGENDE ASPEKTE ZU BEACHTEN<br \/>\nSICHERHEIT, VERF\u00dcGBARKEIT UND ZERTIFIZIERUNG<\/p>\n[\/mk_fancy_title][mk_image src=&#8220;https:\/\/fullcertificate.com\/wp-content\/uploads\/2019\/10\/DEUTSCH-graphic-4-electronic-vote-wevote-full-certificate.jpg&#8220; image_width=&#8220;900&#8243; image_height=&#8220;900&#8243; align=&#8220;center&#8220; margin_bottom=&#8220;22&#8243; el_class=&#8220;imagen-medio&#8220; crop=&#8220;true&#8220;][mk_blockquote font_family=&#8220;none&#8220; align=&#8220;left&#8220;]\u00dcber 40 Hochleistungsserver f\u00fcr die kritischsten Wahlprozesse[\/mk_blockquote][mk_image src=&#8220;https:\/\/fullcertificate.com\/wp-content\/uploads\/2019\/10\/DEUTSCH-graphic-6-electronic-vote-wevote-full-certificate.jpg&#8220; image_width=&#8220;760&#8243; image_height=&#8220;760&#8243; align=&#8220;center&#8220; margin_bottom=&#8220;20&#8243; el_class=&#8220;imagen-medio&#8220; crop=&#8220;false&#8220;][mk_fancy_title tag_name=&#8220;h4&#8243; color=&#8220;#000000&#8243; font_weight=&#8220;normal&#8220; font_style=&#8220;normal&#8220; txt_transform=&#8220;none&#8220; margin_top=&#8220;10&#8243; font_family=&#8220;none&#8220;]\n<p style=\"text-align: left;\"><strong>Zertifizierte Hinweise<\/strong>\u00a0ist <span style=\"color: #0062af;\"><strong>Dritter europ\u00e4ischer Trust<\/strong><\/span> und garantiert, dass Ihre Voting-Projekte (Online, Mixed oder Presecial) eine Gesamtzahl haben <span style=\"color: #0062af;\"> Rechtsg\u00fcltigkeit.<\/span> Eine sichere, schnelle, kosteng\u00fcnstige und zuverl\u00e4ssige elektronische Plattform von Ihrem Mobiltelefon, Tablet und Computer aus. Sie sparen Zeit und Arbeit. Dar\u00fcber hinaus k\u00f6nnen die Abstimmungen und best\u00e4tigten Protokolle auf Verlangen notariell hinterlegt werden.<\/p>\n<p>&nbsp;<\/p>\n<p style=\"text-align: left;\">Das hei\u00dft, Sie k\u00f6nnen die entsprechende notarielle Aussage \u00fcber das Abstimmungsergebnis oder die Anwesenheit eines Notars anfordern, der die korrekte Leistung der Versammlung oder des Verwaltungsrats bescheinigt.<\/p>\n[\/mk_fancy_title][vc_column_text align=&#8220;center&#8220; margin_bottom=&#8220;18&#8243;]<img loading=\"lazy\" class=\"alignnone size-full wp-image-5278\" src=\"https:\/\/fullcertificate.com\/wp-content\/uploads\/2019\/10\/DEUTSCH-graphic-5-cartel-terceros-en-confianza-full-certificate.jpg\" alt=\"Tercero de Confianza Europeo\" width=\"1069\" height=\"274\" \/><br \/>\n<img loading=\"lazy\" class=\"alignnone size-full wp-image-5322\" src=\"https:\/\/fullcertificate.com\/wp-content\/uploads\/2019\/10\/DEUTSCH-graphic-5-electronic-vote-wevote-full-certificate.jpg\" alt=\"eVoto Certificado\" width=\"1138\" height=\"277\" \/>[\/vc_column_text][mk_fancy_title tag_name=&#8220;h4&#8243; color=&#8220;#000000&#8243; font_weight=&#8220;normal&#8220; font_style=&#8220;normal&#8220; txt_transform=&#8220;none&#8220; font_family=&#8220;none&#8220;]\n<p style=\"text-align: left;\">Bitte,\u00a0<a href=\"https:\/\/fullcertificate.com\/de\/kontaktieren-sie-uns\/\">KONTAKTIEREN SIE UNS<\/a> und erz\u00e4hlen Sie uns von Ihrem Projekt, um es zu studieren und Ihnen alle notwendigen Optionen und Garantien zu geben.<\/p>\n[\/mk_fancy_title][vc_separator color=&#8220;white&#8220;][\/vc_column_inner][\/vc_row_inner][\/vc_column][vc_column border_color=&#8220;#ffffff&#8220; width=&#8220;1\/4&#8243;][mk_image src=&#8220;https:\/\/fullcertificate.com\/wp-content\/uploads\/2018\/12\/european-trusted-third-party-full-certificate.png&#8220; image_width=&#8220;180&#8243; align=&#8220;center&#8220; margin_bottom=&#8220;35&#8243; crop=&#8220;false&#8220;][vc_empty_space height=&#8220;0px&#8220;][vc_row_inner padding=&#8220;0&#8243;][vc_column_inner css=&#8220;.vc_custom_1574092101527{border-top-width: 1px !important;border-right-width: 1px !important;border-bottom-width: 1px !important;border-left-width: 1px !important;border-left-color: #f2006e !important;border-left-style: solid !important;border-right-color: #f2006e !important;border-right-style: solid !important;border-top-color: #f2006e !important;border-top-style: solid !important;border-bottom-color: #f2006e !important;border-bottom-style: solid !important;}&#8220;][mk_fancy_title color=&#8220;#000000&#8243; size=&#8220;20&#8243; font_weight=&#8220;bold&#8220; font_style=&#8220;normal&#8220; txt_transform=&#8220;uppercase&#8220; margin_top=&#8220;20&#8243; margin_bottom=&#8220;0&#8243; font_family=&#8220;none&#8220; align=&#8220;center&#8220;]\n<p style=\"text-align: center;\">KOSTENLOS REGISTRIEREN<\/p>\n[\/mk_fancy_title][mk_fancy_title color=&#8220;#000000&#8243; size=&#8220;16&#8243; font_weight=&#8220;normal&#8220; font_style=&#8220;normal&#8220; txt_transform=&#8220;none&#8220; margin_bottom=&#8220;0&#8243; font_family=&#8220;none&#8220; align=&#8220;center&#8220;]\n<p style=\"text-align: center;\">Testen Sie unsere zertifizierten Services mit voller Rechtsg\u00fcltigkeit.<\/p>\n<p>&nbsp;<\/p>\n<p style=\"text-align: center;\"><strong><span style=\"color: #0062b0;\">Keine Geb\u00fchren, keine Vertr\u00e4ge.<\/span><br \/>\n<\/strong>Ihr Guthaben verf\u00e4llt nie.<\/p>\n[\/mk_fancy_title][mk_button dimension=&#8220;flat&#8220; corner_style=&#8220;rounded&#8220; size=&#8220;medium&#8220; url=&#8220;https:\/\/cloud.fullcertificate.com\/register&#8220; target=&#8220;_blank&#8220; align=&#8220;center&#8220; button_custom_width=&#8220;160&#8243; bg_color=&#8220;#f2006e&#8220; btn_hover_bg=&#8220;#252525&#8243; btn_hover_txt_color=&#8220;#ffffff&#8220;]HIER KLICKEN[\/mk_button][\/vc_column_inner][\/vc_row_inner][vc_row_inner padding=&#8220;0&#8243;][vc_column_inner][\/vc_column_inner][\/vc_row_inner][vc_row_inner padding=&#8220;0&#8243;][vc_column_inner][vc_empty_space height=&#8220;20px&#8220;][mk_icon_box2 icon_type=&#8220;image&#8220; title_size=&#8220;0&#8243; title_top_padding=&#8220;0&#8243; title_bottom_padding=&#8220;0&#8243;]<a href=\"https:\/\/fullcertificate.com\/de\/smartmoney\/\"><img loading=\"lazy\" class=\"wp-image-6433 size-medium aligncenter\" src=\"https:\/\/fullcertificate.com\/wp-content\/uploads\/2018\/10\/logo-smartmoney-1.png\" alt=\"\" width=\"180\" height=\"31\" \/><\/a><a href=\"https:\/\/fullcertificate.com\/de\/smartmoney\/\"><img loading=\"lazy\" class=\"wp-image-6439 size-medium aligncenter\" src=\"https:\/\/fullcertificate.com\/wp-content\/uploads\/2018\/10\/grafico-smart-money-3-1.png\" alt=\"\" width=\"170\" height=\"300\" \/><\/a><\/p>\n<p style=\"text-align: center;\"><strong><span style=\"color: #0062b0;\"><a style=\"color: #0062b0;\" href=\"https:\/\/fullcertificate.com\/de\/smartmoney\/\">SMART MONEY<\/a><br \/>\n<\/span><\/strong><span style=\"color: #000000; text-decoration: none;\">Intelligente Vertr\u00e4ge<br \/>\nIntelligente Zahlungen<br \/>\nSmart Recovery<br \/>\nDashboard<br \/>\n<\/span><\/p>\n[\/mk_icon_box2][vc_empty_space height=&#8220;0px&#8220;][mk_icon_box2 icon_type=&#8220;image&#8220; title_size=&#8220;0&#8243; title_top_padding=&#8220;0&#8243; title_bottom_padding=&#8220;0&#8243;]<a href=\"https:\/\/fullcertificate.com\/de\/automatisierung-cloud-inhouse\/\"><img loading=\"lazy\" class=\"wp-image-6433 size-medium aligncenter\" src=\"https:\/\/fullcertificate.com\/wp-content\/uploads\/2018\/10\/logo-smart-automation-2-1.png\" alt=\"\" width=\"265\" height=\"31\" \/><\/a><a href=\"https:\/\/fullcertificate.com\/de\/automatisierung-cloud-inhouse\/\"><img loading=\"lazy\" class=\"wp-image-6439 size-medium aligncenter\" src=\"https:\/\/fullcertificate.com\/wp-content\/uploads\/2018\/10\/grafico-smart-automation-1.png\" alt=\"\" width=\"170\" height=\"300\" \/><\/a><\/p>\n<p style=\"text-align: center;\"><strong><span style=\"color: #0062b0;\"><a style=\"color: #0062b0;\" href=\"https:\/\/fullcertificate.com\/de\/automatisierung-cloud-inhouse\/\">SMART AUTOMATION<\/a><br \/>\n<\/span><\/strong><span style=\"color: #000000; text-decoration: none;\">WS API-REST<br \/>\nIT-Entwicklung<br \/>\nErweiterte Authentifizierung<br \/>\nPortale und Formulare. klug<br \/>\n<\/span><\/p>\n[\/mk_icon_box2][\/vc_column_inner][\/vc_row_inner][vc_empty_space height=&#8220;20px&#8220;][vc_row_inner padding=&#8220;0&#8243; el_class=&#8220;ocultar&#8220;][vc_column_inner css=&#8220;.vc_custom_1540979094932{border-top-width: 1px !important;border-right-width: 1px !important;border-bottom-width: 1px !important;border-left-width: 1px !important;padding-top: 20px !important;padding-bottom: 20px !important;background-color: #ffffff !important;border-left-color: #1e73be !important;border-left-style: solid !important;border-right-color: #1e73be !important;border-right-style: solid !important;border-top-color: #1e73be !important;border-top-style: solid !important;border-bottom-color: #1e73be !important;border-bottom-style: solid !important;}&#8220;][mk_fancy_title color=&#8220;#000000&#8243; size=&#8220;20&#8243; font_weight=&#8220;bold&#8220; font_style=&#8220;normal&#8220; txt_transform=&#8220;uppercase&#8220; margin_bottom=&#8220;0&#8243; font_family=&#8220;none&#8220; align=&#8220;center&#8220;]\n<p style=\"text-align: center;\">Kontaktinformationen<\/p>\n[\/mk_fancy_title][mk_fancy_title color=&#8220;#1e73be&#8220; font_weight=&#8220;normal&#8220; font_style=&#8220;normal&#8220; txt_transform=&#8220;none&#8220; margin_bottom=&#8220;10&#8243; font_family=&#8220;none&#8220; align=&#8220;center&#8220;]\n<p style=\"text-align: center;\"><strong>Telefon:<\/strong> (0034) 91 005 26 59<br \/>\n<strong>Adresse:<\/strong> C \/ Boix y Morer 6, 9. Stock 28003 Madrid, Spanien<\/p>\n[\/mk_fancy_title][mk_button dimension=&#8220;flat&#8220; corner_style=&#8220;rounded&#8220; size=&#8220;medium&#8220; url=&#8220;https:\/\/fullcertificate.com\/de\/kontaktieren-sie-uns\/&#8220; align=&#8220;center&#8220; button_custom_width=&#8220;160&#8243; bg_color=&#8220;#0062b0&#8243; btn_hover_bg=&#8220;#252525&#8243;]KONTAKTIEREN SIE UNS[\/mk_button][\/vc_column_inner][\/vc_row_inner][\/vc_column][\/mk_page_section][mk_page_section full_width=&#8220;true&#8220; first_page=&#8220;false&#8220; last_page=&#8220;false&#8220; sidebar=&#8220;sidebar-1&#8243;][vc_column][mk_divider style=&#8220;thin_solid&#8220; thickness=&#8220;4&#8243; margin_top=&#8220;10&#8243; margin_bottom=&#8220;40&#8243;][vc_row_inner padding=&#8220;0&#8243;][vc_column_inner width=&#8220;1\/4&#8243;][\/vc_column_inner][vc_column_inner width=&#8220;1\/2&#8243;][mk_fancy_title tag_name=&#8220;h4&#8243; color=&#8220;#393836&#8243; size=&#8220;30&#8243; font_weight=&#8220;normal&#8220; font_style=&#8220;normal&#8220; txt_transform=&#8220;uppercase&#8220; margin_bottom=&#8220;18&#8243; font_family=&#8220;none&#8220; align=&#8220;center&#8220;]\n<p style=\"text-align: center;\">MIT DER GARANTIE VON<\/p>\n[\/mk_fancy_title][mk_image src=&#8220;https:\/\/fullcertificate.com\/wp-content\/uploads\/2022\/04\/footer-nuevo-WE-VOTE.jpg&#8220; image_width=&#8220;1500&#8243; image_height=&#8220;216&#8243; link=&#8220;http:\/\/fullcertificate.com\/&#8220; target=&#8220;_blank&#8220; align=&#8220;center&#8220; el_class=&#8220;imagen-footer-centro&#8220; crop=&#8220;false&#8220;][\/vc_column_inner][vc_column_inner width=&#8220;1\/4&#8243;][\/vc_column_inner][\/vc_row_inner][\/vc_column][\/mk_page_section]\n","protected":false},"excerpt":{"rendered":"<p>[mk_page_section bg_image=&#8220;https:\/\/fullcertificate.com\/wp-content\/uploads\/2018\/11\/banner-voto-electronico-validez-legal-avisos-certificados-1.jpg&#8220; bg_position=&#8220;center top&#8220; bg_repeat=&#8220;no-repeat&#8220; bg_stretch=&#8220;true&#8220; min_height=&#8220;350&#8243; padding_top=&#8220;20&#8243; padding_bottom=&#8220;0&#8243; first_page=&#8220;true&#8220; last_page=&#8220;true&#8220; sidebar=&#8220;sidebar-1&#8243;][vc_column][mk_fancy_title tag_name=&#8220;h1&#8243; color=&#8220;#000000&#8243; size=&#8220;40&#8243; font_weight=&#8220;normal&#8220; font_style=&#8220;normal&#8220; txt_transform=&#8220;none&#8220; margin_top=&#8220;60&#8243; margin_bottom=&#8220;0&#8243; font_family=&#8220;none&#8220;]Elektronische Distanzabstimmung[\/mk_fancy_title][mk_fancy_title tag_name=&#8220;h1&#8243; color=&#8220;#000000&#8243; size=&#8220;25&#8243; font_weight=&#8220;300&#8243; font_style=&#8220;normal&#8220; txt_transform=&#8220;none&#8220; margin_bottom=&#8220;0&#8243; font_family=&#8220;none&#8220;]Remote-Online-Abstimmung, elektronische und gemischte Abstimmung. Durch Mobiltelefone, Tablets und Computer. 100% sicher[\/mk_fancy_title][mk_button dimension=&#8220;flat&#8220; size=&#8220;medium&#8220; url=&#8220;https:\/\/www.wevote.eu\/en&#8220; target=&#8220;_blank&#8220; button_custom_width=&#8220;250&#8243; margin_top=&#8220;5&#8243; bg_color=&#8220;#0062b0&#8243; btn_hover_bg=&#8220;#252525&#8243;]BESUCHE WWW.WEVOTE.EU[\/mk_button][\/vc_column][\/mk_page_section][mk_page_section padding_top=&#8220;50&#8243; padding_bottom=&#8220;50&#8243; first_page=&#8220;false&#8220; last_page=&#8220;false&#8220; sidebar=&#8220;sidebar-1&#8243;][vc_column [&hellip;]<\/p>\n","protected":false},"author":2,"featured_media":0,"parent":0,"menu_order":0,"comment_status":"closed","ping_status":"closed","template":"","meta":{"_bbp_topic_count":0,"_bbp_reply_count":0,"_bbp_total_topic_count":0,"_bbp_total_reply_count":0,"_bbp_voice_count":0,"_bbp_anonymous_reply_count":0,"_bbp_topic_count_hidden":0,"_bbp_reply_count_hidden":0,"_bbp_forum_subforum_count":0},"_links":{"self":[{"href":"https:\/\/www.fullcertificate.com\/de\/wp-json\/wp\/v2\/pages\/16141"}],"collection":[{"href":"https:\/\/www.fullcertificate.com\/de\/wp-json\/wp\/v2\/pages"}],"about":[{"href":"https:\/\/www.fullcertificate.com\/de\/wp-json\/wp\/v2\/types\/page"}],"author":[{"embeddable":true,"href":"https:\/\/www.fullcertificate.com\/de\/wp-json\/wp\/v2\/users\/2"}],"replies":[{"embeddable":true,"href":"https:\/\/www.fullcertificate.com\/de\/wp-json\/wp\/v2\/comments?post=16141"}],"version-history":[{"count":15,"href":"https:\/\/www.fullcertificate.com\/de\/wp-json\/wp\/v2\/pages\/16141\/revisions"}],"predecessor-version":[{"id":27737,"href":"https:\/\/www.fullcertificate.com\/de\/wp-json\/wp\/v2\/pages\/16141\/revisions\/27737"}],"wp:attachment":[{"href":"https:\/\/www.fullcertificate.com\/de\/wp-json\/wp\/v2\/media?parent=16141"}],"curies":[{"name":"wp","href":"https:\/\/api.w.org\/{rel}","templated":true}]}}