{"id":16730,"date":"2019-03-26T17:33:20","date_gmt":"2019-03-26T17:33:20","guid":{"rendered":"https:\/\/fullcertificate.com\/?page_id=16730"},"modified":"2022-04-13T05:12:55","modified_gmt":"2022-04-13T05:12:55","slug":"konsultationen-populaer-stimmberechtigt-populaer","status":"publish","type":"page","link":"https:\/\/www.fullcertificate.com\/de\/konsultationen-populaer-stimmberechtigt-populaer\/","title":{"rendered":"Consultas Populares y Voto Popular"},"content":{"rendered":"[mk_page_section bg_image=&#8220;https:\/\/fullcertificate.com\/wp-content\/uploads\/2018\/11\/banner-consultas-populares-voto-popular-avisos-certificados-5-1.jpg&#8220; bg_position=&#8220;center top&#8220; bg_repeat=&#8220;no-repeat&#8220; bg_stretch=&#8220;true&#8220; min_height=&#8220;350&#8243; padding_top=&#8220;20&#8243; padding_bottom=&#8220;0&#8243; first_page=&#8220;true&#8220; last_page=&#8220;true&#8220; sidebar=&#8220;sidebar-1&#8243;][vc_column][mk_fancy_title color=&#8220;#000000&#8243; size=&#8220;40&#8243; font_weight=&#8220;normal&#8220; font_style=&#8220;normal&#8220; txt_transform=&#8220;none&#8220; margin_top=&#8220;60&#8243; margin_bottom=&#8220;0&#8243; font_family=&#8220;none&#8220;]Beliebte Konsultationen und Volksabstimmung[\/mk_fancy_title][mk_fancy_title color=&#8220;#000000&#8243; size=&#8220;25&#8243; font_weight=&#8220;300&#8243; font_style=&#8220;normal&#8220; txt_transform=&#8220;none&#8220; margin_bottom=&#8220;0&#8243; font_family=&#8220;none&#8220;]Volksbeteiligung in der Kommunalverwaltung[\/mk_fancy_title][mk_button dimension=&#8220;flat&#8220; size=&#8220;medium&#8220; url=&#8220;https:\/\/www.wevote.eu\/en&#8220; target=&#8220;_blank&#8220; button_custom_width=&#8220;250&#8243; bg_color=&#8220;#0062b0&#8243; btn_hover_bg=&#8220;#252525&#8243;]BESUCHE WWW.WEVOTE.EU[\/mk_button][\/vc_column][\/mk_page_section][mk_page_section padding_top=&#8220;50&#8243; padding_bottom=&#8220;50&#8243; first_page=&#8220;false&#8220; last_page=&#8220;false&#8220; sidebar=&#8220;sidebar-1&#8243;][vc_column width=&#8220;3\/4&#8243;][mk_fancy_title color=&#8220;#0062af&#8220; size=&#8220;30&#8243; font_weight=&#8220;normal&#8220; font_style=&#8220;normal&#8220; txt_transform=&#8220;none&#8220; margin_bottom=&#8220;0&#8243; font_family=&#8220;none&#8220;]Zertifizierte Volkskonsultationen e-Kommunalverwaltung[\/mk_fancy_title][mk_divider style=&#8220;thin_solid&#8220; thickness=&#8220;4&#8243; margin_top=&#8220;0&#8243;][mk_fancy_title color=&#8220;#000000&#8243; size=&#8220;17&#8243; font_weight=&#8220;bold&#8220; font_style=&#8220;normal&#8220; txt_transform=&#8220;uppercase&#8220; margin_bottom=&#8220;0&#8243; font_family=&#8220;none&#8220;]ELEKTRONISCHE ABSTIMMUNG ZUR FOSTER-TEILNAHME[\/mk_fancy_title][mk_fancy_title color=&#8220;#f2006e&#8220; size=&#8220;20&#8243; font_weight=&#8220;normal&#8220; font_style=&#8220;normal&#8220; txt_transform=&#8220;none&#8220; margin_bottom=&#8220;30&#8243; font_family=&#8220;none&#8220;]Gemeinden, Gemeinden, Provinzr\u00e4te, Gemeinden, Verb\u00e4nde usw.[\/mk_fancy_title][vc_row_inner padding=&#8220;0&#8243;][vc_column_inner width=&#8220;1\/4&#8243;][mk_icon_box2 icon_type=&#8220;image&#8220; icon_size=&#8220;inherit&#8220; title_size=&#8220;0&#8243; title_top_padding=&#8220;0&#8243; title_bottom_padding=&#8220;0&#8243;]<img loading=\"lazy\" class=\"wp-image-6433 size-medium aligncenter\" src=\"https:\/\/fullcertificate.com\/wp-content\/uploads\/2018\/10\/logo-wevote-2-1.png\" alt=\"\" width=\"130\" height=\"31\" \/><img class=\"wp-image-6439 size-medium aligncenter\" src=\"https:\/\/fullcertificate.com\/wp-content\/uploads\/2018\/10\/grafico-smart-wevote-1.png\" alt=\"\" width=\"216\" \/><\/p>\n<p style=\"text-align: center;\"><strong><span style=\"color: #0062b0;\">VOLKSABSTIMMUNG<\/span><\/strong><br \/>\nBeliebte Fragen<br \/>\neVote Mobile<br \/>\nZertifizierte Pr\u00fcfung<br \/>\nZertifiziertes Zertifikat<br \/>\nSkalierbarkeit insgesamt<br \/>\nRechtsg\u00fcltigkeit<\/p>\n[\/mk_icon_box2][mk_image src=&#8220;https:\/\/fullcertificate.com\/wp-content\/uploads\/2018\/12\/notary-europe-full-certificate.png&#8220; image_width=&#8220;100&#8243; align=&#8220;center&#8220; margin_bottom=&#8220;5&#8243; crop=&#8220;false&#8220;][\/vc_column_inner][vc_column_inner width=&#8220;3\/4&#8243;][mk_fancy_title tag_name=&#8220;h4&#8243; color=&#8220;#000000&#8243; font_weight=&#8220;normal&#8220; font_style=&#8220;normal&#8220; txt_transform=&#8220;none&#8220; margin_bottom=&#8220;5&#8243; font_family=&#8220;none&#8220;]<span style=\"color: #0062af;\">Die lokale Bev\u00f6lkerung direkt zu fragen<\/span> ist das beste Verfahren f\u00fcr das <span style=\"color: #0062af;\">Verst\u00e4ndnis der Priorit\u00e4ten und Interessen der B\u00fcrger\u00a0<\/span>und damit in der Lage sein, sie auf kommunale Ma\u00dfnahmen anzuwenden.<\/p>\n<p>&nbsp;<\/p>\n<p>Die verschiedenen lokalen Gemeinschaften, Nachbarn, Unternehmen und \/ oder Sozialagenten haben jetzt die F\u00e4higkeit, durch die Implementierung unserer <span style=\"color: #0062af;\">Popular Voting Services<\/span> an Aspekten wie der Aufgabe teilzunehmen von Ma\u00dfnahmen und Budgets, Themen von sozialem Interesse, Management von Priorit\u00e4ten und Ressourcen usw.<\/p>\n<p>&nbsp;<\/p>\n<blockquote><p><span style=\"color: #00b0f0;\"><em>Die Volksbefragungen k\u00f6nnen informativ oder verbindlich sein. Sie erm\u00f6glichen die Bewertung der lokalen Interessen und Bed\u00fcrfnisse, f\u00f6rdern die B\u00fcrgerbeteiligung und sorgen f\u00fcr mehr Transparenz und N\u00e4he zu den Kommunen.<\/em><\/span><\/p><\/blockquote>\n<p>&nbsp;<\/p>\n<p>Unsere beliebten elektronischen Abstimmungsdienste werden wie folgt entwickelt:<\/p>\n<p>&nbsp;<\/p>\n<ul>\n<li><span style=\"color: #0062af;\">Anruf und Fristen<\/span><\/li>\n<li><span style=\"color: #0062af;\">Zugang \u00fcber Link und \/ oder QR<\/span><\/li>\n<li><span style=\"color: #0062af;\">Identifikation \/ Authentifizierung<\/span>\n<ul>\n<li>Lokale Checkliste<\/li>\n<li>ID<\/li>\n<li>Erweiterte pers\u00f6nliche Zertifikate<\/li>\n<\/ul>\n<\/li>\n<li><span style=\"color: #0062af;\">Doppelter Sicherheitsfaktor<\/span><\/li>\n<li><span style=\"color: #0062af;\">Elektronische und gemischte Abstimmung:<\/span>\n<ul>\n<li>Handys<\/li>\n<li>Tabletten<\/li>\n<li>PC&#8217;s<\/li>\n<li>Lokale elektronische Abstimmungspunkte<\/li>\n<li>Lokale Punkte der physischen Abstimmung<\/li>\n<\/ul>\n<\/li>\n<li><span style=\"color: #0062af;\">Best\u00e4tigung und Versand der Stimme an jeden B\u00fcrger<\/span><\/li>\n<li><span style=\"color: #0062af;\">\u00dcberpr\u00fcfung der Ergebnisse<\/span><\/li>\n<li><span style=\"color: #0062af;\">Gesetz \u00fcber zertifizierte und referenzierte Ergebnisse<\/span><\/li>\n<\/ul>\n<p>&nbsp;<\/p>\n<p><strong>VORTEILE DES SERVICE<\/strong><br \/>\nUnter den Vorteilen heben wir die folgenden hervor:<\/p>\n<p>&nbsp;<\/p>\n<ul>\n<li style=\"list-style-type: none;\">\n<ul>\n<li><span style=\"color: #0062af;\">Einfache Implementierung<\/span><\/li>\n<li><span style=\"color: #0062af;\">Totale Sicherheit<\/span><\/li>\n<li><span style=\"color: #0062af;\">Erweiterte Authentifizierung<\/span><\/li>\n<li><span style=\"color: #0062af;\">Einssein<\/span><\/li>\n<li><span style=\"color: #0062af;\">Lokale und mikrolokalisierte Stimmen<\/span><\/li>\n<li><span style=\"color: #0062af;\">Elektronische Aufbewahrung durch Trusted Third<\/span><\/li>\n<li><span style=\"color: #0062af;\">Es ist vollst\u00e4ndig auditierbar<\/span><\/li>\n<li><span style=\"color: #0062af;\">Wichtig um Zeit zu sparen<\/span><\/li>\n<\/ul>\n<p>&nbsp;<\/li>\n<\/ul>\n<p><span style=\"color: #0062af;\">Zertifizierte Hinweise\u00a0<\/span>ist\u00a0<span style=\"color: #0062af;\">Dritter europ\u00e4ischer Trust<\/span> und garantiert die Qualit\u00e4t und den korrekten Ablauf des Volksabstimmungsprozesses mit voller Rechtsg\u00fcltigkeit. Bei all unseren Produkten bieten wir auf Wunsch auch die notarielle Hinterlegung an.<\/p>\n<p>&nbsp;<\/p>\n<p>Bitte, <span style=\"color: #3366ff;\"><a style=\"color: #3366ff;\" href=\"https:\/\/fullcertificate.com\/de\/kontaktieren-sie-uns\/\">KONTAKTIEREN SIE UNS<\/a><\/span> und erz\u00e4hlen Sie uns von Ihrem Projekt, um es zu studieren und Ihnen alle notwendigen Optionen und Garantien zu geben.[\/mk_fancy_title][\/vc_column_inner][\/vc_row_inner][\/vc_column][vc_column border_color=&#8220;#ffffff&#8220; width=&#8220;1\/4&#8243;][mk_image src=&#8220;https:\/\/fullcertificate.com\/wp-content\/uploads\/2018\/12\/european-trusted-third-party-full-certificate.png&#8220; image_width=&#8220;180&#8243; align=&#8220;center&#8220; margin_bottom=&#8220;35&#8243; crop=&#8220;false&#8220;][vc_empty_space height=&#8220;0px&#8220;][vc_row_inner padding=&#8220;0&#8243;][vc_column_inner css=&#8220;.vc_custom_1574094806837{border-top-width: 1px !important;border-right-width: 1px !important;border-bottom-width: 1px !important;border-left-width: 1px !important;border-left-color: #f2006e !important;border-left-style: solid !important;border-right-color: #f2006e !important;border-right-style: solid !important;border-top-color: #f2006e !important;border-top-style: solid !important;border-bottom-color: #f2006e !important;border-bottom-style: solid !important;}&#8220;][mk_fancy_title color=&#8220;#000000&#8243; size=&#8220;20&#8243; font_weight=&#8220;bold&#8220; font_style=&#8220;normal&#8220; txt_transform=&#8220;uppercase&#8220; margin_top=&#8220;20&#8243; margin_bottom=&#8220;0&#8243; font_family=&#8220;none&#8220; align=&#8220;center&#8220;]\n<p style=\"text-align: center;\">KOSTENLOS REGISTRIEREN<\/p>\n[\/mk_fancy_title][mk_fancy_title color=&#8220;#000000&#8243; size=&#8220;16&#8243; font_weight=&#8220;normal&#8220; font_style=&#8220;normal&#8220; txt_transform=&#8220;none&#8220; margin_bottom=&#8220;0&#8243; font_family=&#8220;none&#8220; align=&#8220;center&#8220;]\n<p style=\"text-align: center;\">Testen Sie unsere zertifizierten Dienstleistungen mit voller Rechtsg\u00fcltigkeit.<\/p>\n<p>&nbsp;<\/p>\n<p style=\"text-align: center;\"><strong><span style=\"color: #0062b0;\">Keine Geb\u00fchren, keine Vertr\u00e4ge.<\/span><br \/>\n<\/strong>Ihr Guthaben verf\u00e4llt nie.<\/p>\n[\/mk_fancy_title][mk_button dimension=&#8220;flat&#8220; corner_style=&#8220;rounded&#8220; size=&#8220;medium&#8220; url=&#8220;https:\/\/cloud.fullcertificate.com\/register&#8220; target=&#8220;_blank&#8220; align=&#8220;center&#8220; button_custom_width=&#8220;160&#8243; bg_color=&#8220;#f2006e&#8220; btn_hover_bg=&#8220;#252525&#8243; btn_hover_txt_color=&#8220;#ffffff&#8220;]ANFRAGE ANRUFEN[\/mk_button][\/vc_column_inner][\/vc_row_inner][vc_row_inner padding=&#8220;0&#8243;][vc_column_inner][vc_empty_space height=&#8220;20px&#8220;][\/vc_column_inner][\/vc_row_inner][vc_row_inner padding=&#8220;0&#8243;][vc_column_inner][vc_empty_space height=&#8220;0px&#8220;][mk_icon_box2 icon_type=&#8220;image&#8220; title_size=&#8220;0&#8243; title_top_padding=&#8220;0&#8243; title_bottom_padding=&#8220;0&#8243;]<a href=\"https:\/\/fullcertificate.com\/de\/smartmoney\/\"><img loading=\"lazy\" class=\"wp-image-6433 size-medium aligncenter\" src=\"https:\/\/fullcertificate.com\/wp-content\/uploads\/2018\/10\/logo-smartmoney-1.png\" alt=\"\" width=\"180\" height=\"31\" \/><\/a><a href=\"https:\/\/fullcertificate.com\/de\/smartmoney\/\"><img loading=\"lazy\" class=\"wp-image-6439 size-medium aligncenter\" src=\"https:\/\/fullcertificate.com\/wp-content\/uploads\/2018\/10\/grafico-smart-money-3-1.png\" alt=\"\" width=\"170\" height=\"300\" \/><\/a><\/p>\n<p style=\"text-align: center;\"><strong><span style=\"color: #0062b0;\"><a style=\"color: #0062b0;\" href=\"https:\/\/fullcertificate.com\/de\/smartmoney\/\">SMART MONEY<\/a><br \/>\n<\/span><\/strong><span style=\"color: #000000; text-decoration: none;\">Intelligente Vertr\u00e4ge<br \/>\nIntelligente Zahlungen<br \/>\nSmart Recovery<br \/>\nDashboard<br \/>\n<\/span><\/p>\n[\/mk_icon_box2][vc_empty_space height=&#8220;20px&#8220;][mk_icon_box2 icon_type=&#8220;image&#8220; title_size=&#8220;0&#8243; title_top_padding=&#8220;0&#8243; title_bottom_padding=&#8220;0&#8243;]<a href=\"https:\/\/fullcertificate.com\/de\/automatisierung-cloud-inhouse\/\"><img loading=\"lazy\" class=\"wp-image-6433 size-medium aligncenter\" src=\"https:\/\/fullcertificate.com\/wp-content\/uploads\/2018\/10\/logo-smart-automation-2-1.png\" alt=\"\" width=\"265\" height=\"31\" \/><\/a><a href=\"https:\/\/fullcertificate.com\/de\/automatisierung-cloud-inhouse\/\"><img loading=\"lazy\" class=\"wp-image-6439 size-medium aligncenter\" src=\"https:\/\/fullcertificate.com\/wp-content\/uploads\/2018\/10\/grafico-smart-automation-1.png\" alt=\"\" width=\"170\" height=\"300\" \/><\/a><\/p>\n<p style=\"text-align: center;\"><strong><span style=\"color: #0062b0;\"><a style=\"color: #0062b0;\" href=\"https:\/\/fullcertificate.com\/de\/automatisierung-cloud-inhouse\/\">SMART AUTOMATION<\/a><br \/>\n<\/span><\/strong><span style=\"color: #000000; text-decoration: none;\">WS API-REST<br \/>\nIT-Entwicklung<br \/>\nErweiterte Authentifizierung<br \/>\nPortale und Formulare. klug<br \/>\n<\/span><\/p>\n[\/mk_icon_box2][\/vc_column_inner][\/vc_row_inner][vc_empty_space height=&#8220;20px&#8220;][vc_row_inner el_class=&#8220;ocultar&#8220;][vc_column_inner css=&#8220;.vc_custom_1540979094932{border-top-width: 1px !important;border-right-width: 1px !important;border-bottom-width: 1px !important;border-left-width: 1px !important;padding-top: 20px !important;padding-bottom: 20px !important;background-color: #ffffff !important;border-left-color: #1e73be !important;border-left-style: solid !important;border-right-color: #1e73be !important;border-right-style: solid !important;border-top-color: #1e73be !important;border-top-style: solid !important;border-bottom-color: #1e73be !important;border-bottom-style: solid !important;}&#8220;][mk_fancy_title color=&#8220;#000000&#8243; size=&#8220;20&#8243; font_weight=&#8220;bold&#8220; font_style=&#8220;normal&#8220; txt_transform=&#8220;uppercase&#8220; margin_bottom=&#8220;0&#8243; font_family=&#8220;none&#8220; align=&#8220;center&#8220;]\n<p style=\"text-align: center;\">KONTAKTDATEN<\/p>\n[\/mk_fancy_title][mk_fancy_title color=&#8220;#1e73be&#8220; font_weight=&#8220;normal&#8220; font_style=&#8220;normal&#8220; txt_transform=&#8220;none&#8220; margin_bottom=&#8220;10&#8243; font_family=&#8220;none&#8220; align=&#8220;center&#8220;]\n<p style=\"text-align: center;\"><strong>Telefon:<\/strong>\u00a0(0034) 91 005 26 59<br \/>\n<strong>Adresse:<\/strong> C \/ Boix y Morer 6, 9. Stock 28003 Madrid, Spanien<\/p>\n[\/mk_fancy_title][mk_button dimension=&#8220;flat&#8220; corner_style=&#8220;rounded&#8220; size=&#8220;medium&#8220; url=&#8220;https:\/\/fullcertificate.com\/de\/kontaktieren-sie-uns\/&#8220; align=&#8220;center&#8220; button_custom_width=&#8220;160&#8243; bg_color=&#8220;#0062b0&#8243; btn_hover_bg=&#8220;#252525&#8243;]KONTAKTIEREN SIE UNS[\/mk_button][\/vc_column_inner][\/vc_row_inner][\/vc_column][\/mk_page_section][vc_row padding=&#8220;0&#8243;][vc_column][mk_divider style=&#8220;thin_solid&#8220; thickness=&#8220;4&#8243; margin_top=&#8220;10&#8243; margin_bottom=&#8220;40&#8243;][vc_row_inner padding=&#8220;0&#8243;][vc_column_inner width=&#8220;1\/4&#8243;][\/vc_column_inner][vc_column_inner width=&#8220;1\/2&#8243;][mk_fancy_title tag_name=&#8220;h4&#8243; color=&#8220;#393836&#8243; size=&#8220;30&#8243; font_weight=&#8220;normal&#8220; font_style=&#8220;normal&#8220; txt_transform=&#8220;uppercase&#8220; margin_bottom=&#8220;18&#8243; font_family=&#8220;none&#8220; align=&#8220;center&#8220;]\n<p style=\"text-align: center;\">MIT DER GARANTIE VON<\/p>\n[\/mk_fancy_title][mk_image src=&#8220;https:\/\/fullcertificate.com\/wp-content\/uploads\/2022\/04\/footer-nuevo-WE-VOTE.jpg&#8220; image_width=&#8220;1500&#8243; image_height=&#8220;216&#8243; link=&#8220;http:\/\/fullcertificate.com\/&#8220; target=&#8220;_blank&#8220; align=&#8220;center&#8220; margin_bottom=&#8220;0&#8243; el_class=&#8220;imagen-footer-centro&#8220; crop=&#8220;false&#8220;][\/vc_column_inner][vc_column_inner width=&#8220;1\/4&#8243;][\/vc_column_inner][\/vc_row_inner][\/vc_column][\/vc_row]\n","protected":false},"excerpt":{"rendered":"<p>[mk_page_section bg_image=&#8220;https:\/\/fullcertificate.com\/wp-content\/uploads\/2018\/11\/banner-consultas-populares-voto-popular-avisos-certificados-5-1.jpg&#8220; bg_position=&#8220;center top&#8220; bg_repeat=&#8220;no-repeat&#8220; bg_stretch=&#8220;true&#8220; min_height=&#8220;350&#8243; padding_top=&#8220;20&#8243; padding_bottom=&#8220;0&#8243; first_page=&#8220;true&#8220; last_page=&#8220;true&#8220; sidebar=&#8220;sidebar-1&#8243;][vc_column][mk_fancy_title color=&#8220;#000000&#8243; size=&#8220;40&#8243; font_weight=&#8220;normal&#8220; font_style=&#8220;normal&#8220; txt_transform=&#8220;none&#8220; margin_top=&#8220;60&#8243; margin_bottom=&#8220;0&#8243; font_family=&#8220;none&#8220;]Beliebte Konsultationen und Volksabstimmung[\/mk_fancy_title][mk_fancy_title color=&#8220;#000000&#8243; size=&#8220;25&#8243; font_weight=&#8220;300&#8243; font_style=&#8220;normal&#8220; txt_transform=&#8220;none&#8220; margin_bottom=&#8220;0&#8243; font_family=&#8220;none&#8220;]Volksbeteiligung in der Kommunalverwaltung[\/mk_fancy_title][mk_button dimension=&#8220;flat&#8220; size=&#8220;medium&#8220; url=&#8220;https:\/\/www.wevote.eu\/en&#8220; target=&#8220;_blank&#8220; button_custom_width=&#8220;250&#8243; bg_color=&#8220;#0062b0&#8243; btn_hover_bg=&#8220;#252525&#8243;]BESUCHE WWW.WEVOTE.EU[\/mk_button][\/vc_column][\/mk_page_section][mk_page_section padding_top=&#8220;50&#8243; padding_bottom=&#8220;50&#8243; first_page=&#8220;false&#8220; last_page=&#8220;false&#8220; sidebar=&#8220;sidebar-1&#8243;][vc_column width=&#8220;3\/4&#8243;][mk_fancy_title color=&#8220;#0062af&#8220; size=&#8220;30&#8243; font_weight=&#8220;normal&#8220; font_style=&#8220;normal&#8220; txt_transform=&#8220;none&#8220; margin_bottom=&#8220;0&#8243; font_family=&#8220;none&#8220;]Zertifizierte Volkskonsultationen [&hellip;]<\/p>\n","protected":false},"author":2,"featured_media":0,"parent":0,"menu_order":0,"comment_status":"closed","ping_status":"closed","template":"","meta":{"_bbp_topic_count":0,"_bbp_reply_count":0,"_bbp_total_topic_count":0,"_bbp_total_reply_count":0,"_bbp_voice_count":0,"_bbp_anonymous_reply_count":0,"_bbp_topic_count_hidden":0,"_bbp_reply_count_hidden":0,"_bbp_forum_subforum_count":0},"_links":{"self":[{"href":"https:\/\/www.fullcertificate.com\/de\/wp-json\/wp\/v2\/pages\/16730"}],"collection":[{"href":"https:\/\/www.fullcertificate.com\/de\/wp-json\/wp\/v2\/pages"}],"about":[{"href":"https:\/\/www.fullcertificate.com\/de\/wp-json\/wp\/v2\/types\/page"}],"author":[{"embeddable":true,"href":"https:\/\/www.fullcertificate.com\/de\/wp-json\/wp\/v2\/users\/2"}],"replies":[{"embeddable":true,"href":"https:\/\/www.fullcertificate.com\/de\/wp-json\/wp\/v2\/comments?post=16730"}],"version-history":[{"count":17,"href":"https:\/\/www.fullcertificate.com\/de\/wp-json\/wp\/v2\/pages\/16730\/revisions"}],"predecessor-version":[{"id":27743,"href":"https:\/\/www.fullcertificate.com\/de\/wp-json\/wp\/v2\/pages\/16730\/revisions\/27743"}],"wp:attachment":[{"href":"https:\/\/www.fullcertificate.com\/de\/wp-json\/wp\/v2\/media?parent=16730"}],"curies":[{"name":"wp","href":"https:\/\/api.w.org\/{rel}","templated":true}]}}