{"id":16734,"date":"2019-03-26T17:37:59","date_gmt":"2019-03-26T17:37:59","guid":{"rendered":"https:\/\/fullcertificate.com\/?page_id=16734"},"modified":"2022-04-13T05:27:37","modified_gmt":"2022-04-13T05:27:37","slug":"smartmoney","status":"publish","type":"page","link":"https:\/\/www.fullcertificate.com\/de\/smartmoney\/","title":{"rendered":"SmartMoney"},"content":{"rendered":"[mk_page_section bg_image=&#8220;https:\/\/fullcertificate.com\/wp-content\/uploads\/2018\/11\/proyecto-banner-smartmoney-5-1.jpg&#8220; bg_position=&#8220;center top&#8220; bg_repeat=&#8220;no-repeat&#8220; bg_stretch=&#8220;true&#8220; min_height=&#8220;350&#8243; padding_top=&#8220;20&#8243; padding_bottom=&#8220;0&#8243; first_page=&#8220;true&#8220; last_page=&#8220;true&#8220; sidebar=&#8220;sidebar-1&#8243;][vc_column][mk_fancy_title tag_name=&#8220;h1&#8243; color=&#8220;#ffffff&#8220; size=&#8220;40&#8243; font_weight=&#8220;normal&#8220; font_style=&#8220;normal&#8220; txt_transform=&#8220;none&#8220; margin_top=&#8220;60&#8243; margin_bottom=&#8220;0&#8243; font_family=&#8220;none&#8220;]Smart Money &#8211; Intelligentes Geld[\/mk_fancy_title][mk_fancy_title tag_name=&#8220;h1&#8243; color=&#8220;#ffffff&#8220; size=&#8220;25&#8243; font_weight=&#8220;300&#8243; font_style=&#8220;normal&#8220; txt_transform=&#8220;none&#8220; margin_bottom=&#8220;0&#8243; font_family=&#8220;none&#8220;]Automatisierung von: Vertragsunterzeichnung, Rechnungsstellung, Inkasso und Recovery[\/mk_fancy_title][mk_button dimension=&#8220;flat&#8220; size=&#8220;medium&#8220; url=&#8220;https:\/\/fullcertificate.com\/de\/kontaktieren-sie-uns\/&#8220; button_custom_width=&#8220;250&#8243; bg_color=&#8220;#e5ac00&#8243; btn_hover_bg=&#8220;#252525&#8243;]JETZT KONTAKTIEREN[\/mk_button][\/vc_column][\/mk_page_section][mk_page_section padding_top=&#8220;50&#8243; padding_bottom=&#8220;50&#8243; first_page=&#8220;false&#8220; last_page=&#8220;false&#8220; sidebar=&#8220;sidebar-1&#8243;][vc_column width=&#8220;3\/4&#8243;][mk_fancy_title color=&#8220;#0062af&#8220; size=&#8220;30&#8243; font_weight=&#8220;normal&#8220; font_style=&#8220;normal&#8220; txt_transform=&#8220;none&#8220; margin_bottom=&#8220;0&#8243; font_family=&#8220;none&#8220;]<span style=\"color: #0062af;\">Smart Money &#8211; Intelligentes Geld<\/span>[\/mk_fancy_title][mk_divider style=&#8220;thin_solid&#8220; thickness=&#8220;4&#8243; margin_top=&#8220;0&#8243;][mk_fancy_title color=&#8220;#000000&#8243; size=&#8220;17&#8243; font_weight=&#8220;normal&#8220; font_style=&#8220;normal&#8220; txt_transform=&#8220;uppercase&#8220; margin_bottom=&#8220;30&#8243; font_family=&#8220;none&#8220;]<strong>AUTOMATISIERTE DIENSTLEISTUNGEN DURCH INTELLIGENTE VERTR\u00c4GE, GEB\u00dcHREN, ZAHLUNGEN UND EINZIEHUNGEN<\/strong>[\/mk_fancy_title][vc_row_inner padding=&#8220;0&#8243;][vc_column_inner width=&#8220;1\/3&#8243;][mk_image src=&#8220;https:\/\/fullcertificate.com\/wp-content\/uploads\/2018\/11\/logo-smartmoney-1.png&#8220; image_width=&#8220;240&#8243; image_height=&#8220;170&#8243; align=&#8220;center&#8220; margin_bottom=&#8220;20&#8243; crop=&#8220;false&#8220;][mk_image src=&#8220;https:\/\/fullcertificate.com\/wp-content\/uploads\/2018\/10\/grafico-smart-money-3-1.png&#8220; image_width=&#8220;216&#8243; align=&#8220;center&#8220; crop=&#8220;false&#8220;][mk_icon_box2 icon_type=&#8220;image&#8220; icon_size=&#8220;inherit&#8220; title_size=&#8220;0&#8243; title_top_padding=&#8220;0&#8243; title_bottom_padding=&#8220;0&#8243;]\n<p style=\"text-align: center;\"><strong><span style=\"color: #0062b0;\">SMART MONEY<br \/>\n<\/span><\/strong>Smart Contracts<br \/>\nSmart Billing<br \/>\nSmart Payments<br \/>\n<span style=\"color: #000000; text-decoration: none;\">Smart Recovery<br \/>\nDashboard<br \/>\n<\/span><\/p>\n[\/mk_icon_box2][\/vc_column_inner][vc_column_inner width=&#8220;2\/3&#8243;][mk_fancy_title tag_name=&#8220;h4&#8243; color=&#8220;#000000&#8243; font_weight=&#8220;normal&#8220; font_style=&#8220;normal&#8220; txt_transform=&#8220;none&#8220; font_family=&#8220;none&#8220;]<strong>Smart Money<\/strong> ist <span style=\"color: #0062af;\">eine hochmoderne L\u00f6sung<\/span> f\u00fcr Unternehmen, spezialisierte B\u00fcros und Institutionen mit <span style=\"color: #0062af;\">automatisierten Diensten<\/span>, die es erm\u00f6glicht, die Prozesse der Einstellung und Zugeh\u00f6rigkeit, <span style=\"color: #0062af;\">der Rechnungserstellung, der Einziehung und der Zahlung sowie der einvernehmlichen Einziehung zur Vorabentscheidung in Echtzeit visuell und vollst\u00e4ndig zu steuern.<\/span><\/p>\n<p>&nbsp;<\/p>\n<p><span style=\"color: #0062af;\">Unsere Dienstleistungen<\/span> k\u00f6nnen umfassend sein, den gesamten Zyklus global verwalten oder <span style=\"color: #0062af;\">teilweise<\/span> den Bed\u00fcrfnissen des Kunden entsprechen. Der <strong>Smart Money\u00a0<\/strong><span style=\"color: #0062af;\">Prozess beginnt mit intelligenten<\/span> Vertr\u00e4gen.[\/mk_fancy_title][mk_image src=&#8220;https:\/\/fullcertificate.com\/wp-content\/uploads\/2018\/11\/logo-smartcontracts-e1541887201252-1.png&#8220; image_width=&#8220;238&#8243; image_height=&#8220;55&#8243; margin_bottom=&#8220;20&#8243; crop=&#8220;false&#8220;][mk_fancy_title tag_name=&#8220;h4&#8243; color=&#8220;#000000&#8243; font_weight=&#8220;normal&#8220; font_style=&#8220;normal&#8220; txt_transform=&#8220;none&#8220; font_family=&#8220;none&#8220;]<strong>Smart Contracts<\/strong> sind<span style=\"color: #0062af;\"> automatisierte elektronische Vertr\u00e4ge<\/span>, die gem\u00e4\u00df den Anforderungen jedes Kunden implementiert werden. Sie k\u00f6nnen <span style=\"color: #0062af;\">\u00fcber Webformulare<\/span>, <span style=\"color: #0062af;\">Intra- oder Extra-Netze, interne Systeme wie ERPs, CRMs usw.<\/span> gestartet werden. Sie erm\u00f6glichen die Verwaltung von einem bis zu Millionen von Gesch\u00e4ftsprozessen. <span style=\"color: #0062af;\">Rekrutierung und Zugeh\u00f6rigkeit.<\/span><\/p>\n<p>&nbsp;<\/p>\n<p>&nbsp;<\/p>\n<p>Der Vertrag ist ein <strong>zertifizierter elektronischer Vertrag<\/strong>, der alle Informationen zu Daten, Variablen und Dokumente enth\u00e4lt, die f\u00fcr die Formalisierung des Vertrags und die Programmierung der automatisierten Prozesse erforderlich sind. Mittels<span style=\"color: #0062af;\"> eMail oder SMS-Zertifikat<\/span> wird er an den potenziellen Kunden zur <strong>Online-Signatur gesendet.<\/strong>[\/mk_fancy_title][mk_image src=&#8220;https:\/\/fullcertificate.com\/wp-content\/uploads\/2019\/10\/deutsch-graphic-1-smart-contracts-full-certificate.jpg&#8220; image_width=&#8220;1000&#8243; align=&#8220;center&#8220; margin_bottom=&#8220;20&#8243; el_class=&#8220;imagen-medio&#8220; crop=&#8220;false&#8220;][mk_fancy_title tag_name=&#8220;h4&#8243; color=&#8220;#000000&#8243; font_weight=&#8220;normal&#8220; font_style=&#8220;normal&#8220; txt_transform=&#8220;none&#8220; font_family=&#8220;none&#8220;]<span style=\"color: #0062af;\">Die Unterschrift<\/span> kann in <span style=\"color: #0062af;\">wenigen Minuten<\/span> auf sehr bequeme Weise und mit<span style=\"color: #0062af;\"> voller Rechtsg\u00fcltigkeit erfolgen<\/span>. Der<span style=\"color: #0062af;\"> Kunde erh\u00e4lt eine von<\/span> Full Certificate unterzeichnete und <strong>zertifizierte Kopie<\/strong> des Vertrags per E-Mail.<\/p>\n<p>&nbsp;<\/p>\n<p>Diese Vertr\u00e4ge sind intelligent, weil sie die Schl\u00fcsselvariablen <span style=\"color: #0062af;\">der Abrechnungs-, Inkasso- und Wiederherstellungsprozesse ausf\u00fchren<\/span>. So funktionieren <strong>Smart Contracts<\/strong> automatisch:<\/p>\n<p>&nbsp;<\/p>\n<ol>\n<li>Der <strong>Smart Contract<\/strong> wird zur<span style=\"color: #0062af;\"> elektronischen Signatur<\/span> gesendet<\/li>\n<li><span style=\"color: #0062af;\">Das System zeichnet die Vertragsvariablen auf<\/span><\/li>\n<li><span style=\"color: #0062af;\">Es wird mit absoluter Rechtssicherheit elektronisch signiert.<\/span><\/li>\n<li><span style=\"color: #0062af;\">Starten Sie die Abrechnungs-, Erfassungs- und<\/span> Wiederherstellungsprozesse.<\/li>\n<li>Als zus\u00e4tzlicher Dienst wird es im <span style=\"color: #0062af;\">Blockchain-Netzwerk<\/span> repliziert<\/li>\n<\/ol>\n<p>&nbsp;<\/p>\n<p><strong>Smart Money<\/strong> zertifiziert den gesamten Prozess zu den wichtigsten Zeitpunkten und bietet als <strong>Third European Trust<\/strong> ein H\u00f6chstma\u00df an <span style=\"color: #0062af;\">G\u00fcltigkeit und Rechtssicherheit f\u00fcr den Prozess.<\/span>[\/mk_fancy_title][mk_image src=&#8220;https:\/\/fullcertificate.com\/wp-content\/uploads\/2018\/11\/logo-smart-billing-500px-1-1.png&#8220; image_width=&#8220;195&#8243; margin_bottom=&#8220;20&#8243; crop=&#8220;false&#8220;][mk_fancy_title tag_name=&#8220;h4&#8243; color=&#8220;#000000&#8243; font_weight=&#8220;normal&#8220; font_style=&#8220;normal&#8220; txt_transform=&#8220;none&#8220; font_family=&#8220;none&#8220;]<span style=\"color: #0062af;\">Die Intelligente Rechnungsautomatisierung,<\/span> <strong>Smart Billing<\/strong>, ist ein Prozess, <span style=\"color: #0062af;\">der aus den wichtigsten Vertragsvariablen<\/span> oder durch erweiterte Integrationen \u00fcber <span style=\"color: #0062af;\">Webservices (WS-API)<\/span> ausgef\u00fchrt wird. Dies kann auch halbautomatisch oder manuell erfolgen.<\/p>\n<p>&nbsp;<\/p>\n<p>The invoices are<span style=\"color: #0062af;\"> sent electronically<\/span> to the end customer and are available to you in the <strong>Smart Money<\/strong> customer area, or in the <strong>Customer Portals<\/strong>. Shipments can be by any contact channel, usually by <span style=\"color: #0062af;\">eMail Certified<\/span>, and always carry a receipt control as <span style=\"color: #0062af;\">proof of reliable delivery<\/span>.<\/p>\n<p>&nbsp;<\/p>\n<p>Die Rechnungen <span style=\"color: #0062af;\">werden elektronisch<\/span> an den Endkunden gesendet und stehen Ihnen im Kundenbereich von <strong>Smart Money<\/strong> oder in den <strong>Kundenportalen zur Verf\u00fcgung<\/strong>. Sendungen k\u00f6nnen \u00fcber einen beliebigen Kontaktkanal, in der Regel \u00fcber eine <span style=\"color: #0062af;\">zertifizierte eMail<\/span>, versandt werden und haben immer \u00fcber eine Empfangsbest\u00e4tigung als <span style=\"color: #0062af;\">Nachweis f\u00fcr die zuverl\u00e4ssigen Zustellung.<\/span>[\/mk_fancy_title][mk_image src=&#8220;https:\/\/fullcertificate.com\/wp-content\/uploads\/2018\/11\/logo-smartpayment-500px-1.png&#8220; image_width=&#8220;245&#8243; margin_bottom=&#8220;20&#8243; crop=&#8220;false&#8220;][mk_fancy_title tag_name=&#8220;h4&#8243; color=&#8220;#000000&#8243; font_weight=&#8220;normal&#8220; font_style=&#8220;normal&#8220; txt_transform=&#8220;none&#8220; font_family=&#8220;none&#8220;]<strong>Smart Payments<\/strong> bietet die M\u00f6glichkeit, <span style=\"color: #0062af;\">intelligente Sammlungen und Zahlungen automatisch durchzuf\u00fchren.<\/span><\/p>\n<p>&nbsp;<\/p>\n<p>Ob \u00fcber <strong>POS-Terminals, Lastschriften oder \u00dcberweisungen<\/strong>. Auf der Ebene des SEPA-Bereichs f\u00fchrt das System <span style=\"color: #0062af;\">Massensammelprozesse durch, p\u00fcnktlich oder regelm\u00e4\u00dfig.<\/span><\/p>\n<p>&nbsp;<\/p>\n<p><strong>Smart Money<\/strong> ist ein <span style=\"color: #0062af;\">wesentliches Instrument<\/span> zur Steuerung des gesamten Prozesses. Der Client verf\u00fcgt \u00fcber<span style=\"color: #0062af;\"> eine erweiterte Online-Verwaltungskonsole, in der Sie die programmierten und ausgef\u00fchrten Zahlungen<\/span> sowie ein <strong>Dashboard<\/strong> anzeigen k\u00f6nnen, <span style=\"color: #0062af;\">in dem das Verhalten Ihres<\/span> <strong>Cashflows<\/strong> <span style=\"color: #0062af;\">mithilfe erweiterter Grafiken gruppiert<\/span>.[\/mk_fancy_title][mk_image src=&#8220;https:\/\/fullcertificate.com\/wp-content\/uploads\/2018\/11\/logo-smartrecovery-1-e1541889017293-1.png&#8220; margin_bottom=&#8220;20&#8243; crop=&#8220;false&#8220;][mk_fancy_title tag_name=&#8220;h4&#8243; color=&#8220;#000000&#8243; font_weight=&#8220;normal&#8220; font_style=&#8220;normal&#8220; txt_transform=&#8220;none&#8220; margin_bottom=&#8220;10&#8243; font_family=&#8220;none&#8220;]<strong>Smart Recovery<\/strong> ist die ideale L\u00f6sung, um<span style=\"color: #0062af;\"> schnelle und effektive<\/span> <strong>Online-Recovery-Aktionen<\/strong> <span style=\"color: #0062af;\">mit einer<\/span> zertifizierten elektronischen Schlussakte zur Vorabentscheidung, falls diese nicht bezahlt werden muss.<\/p>\n<p>&nbsp;<\/p>\n<p><span style=\"color: #0062af;\">Die Wiederherstellungszyklen werden<\/span> gem\u00e4\u00df der Typologie des Produkts \/ der Dienstleistung programmiert. Der Prozess ist wie folgt:<\/p>\n<p>&nbsp;<\/p>\n<ol>\n<li><span style=\"color: #0062af;\">Programmierung<\/span> von <span style=\"color: #0062af;\">Wiederherstellungszyklen<\/span><\/li>\n<li>Aktivierung von <span style=\"color: #0062af;\">Finanzvariablen und Prozesskosten<\/span><\/li>\n<li>Aktivierung von<span style=\"color: #0062af;\"> Kontoerfassungssystemen<\/span><\/li>\n<li>Elektronischer <span style=\"color: #0062af;\">Empfang von Daten und Dokumenten<\/span><\/li>\n<li>Oder laden Sie sie in <strong>Smart Money<\/strong> auf.<\/li>\n<li><span style=\"color: #0062af;\">Elektronische Zahlungsvereinbarung<\/span><\/li>\n<li><span style=\"color: #0062af;\">M\u00f6gliche Aufteilung<\/span> der Schulden in <span style=\"color: #0062af;\">Beitreibungsgeb\u00fchren<\/span><\/li>\n<li><span style=\"color: #0062af;\">Online elektronische Sammlung<\/span><\/li>\n<li><span style=\"color: #0062af;\">Aufgeschobene elektronische Zahlungen<\/span> \/ Akontozahlungen<\/li>\n<li><strong>Vorabentscheidungsersuchen mit voller<\/strong> Rechtswirksamkeit<\/li>\n<\/ol>\n[\/mk_fancy_title][mk_image src=&#8220;https:\/\/fullcertificate.com\/wp-content\/uploads\/2019\/10\/DEUTSCH-grap-2-smartm-full-certificate.jpg&#8220; image_width=&#8220;1000&#8243; align=&#8220;center&#8220; margin_bottom=&#8220;50&#8243; el_class=&#8220;imagen-medio&#8220; crop=&#8220;false&#8220;][mk_image src=&#8220;https:\/\/fullcertificate.com\/wp-content\/uploads\/2019\/10\/DEUTSCH-grap-1-smartm-full-certificate.jpg&#8220; image_width=&#8220;1000&#8243; align=&#8220;center&#8220; margin_bottom=&#8220;50&#8243; el_class=&#8220;imagen-medio&#8220; crop=&#8220;false&#8220;][mk_fancy_title tag_name=&#8220;h4&#8243; color=&#8220;#000000&#8243; font_weight=&#8220;normal&#8220; font_style=&#8220;normal&#8220; txt_transform=&#8220;none&#8220; margin_top=&#8220;20&#8243; font_family=&#8220;none&#8220;]Smart Money als <strong>Third European Trust garantiert<\/strong>, dass <span style=\"color: #0062af;\">Ihre Mitteilungen und Vereinbarungen rechtsg\u00fcltig sind.<\/span><\/p>\n<p>&nbsp;<\/p>\n<p><strong>Wir entwickeln fortschrittliche elektronische<\/strong> Dienste, die Unternehmen und ihren Kunden gro\u00dfe Vorteile<a href=\"https:\/\/fullcertificate.com\/de\/kontaktieren-sie-uns\/\"> bieten.<\/a>[\/mk_fancy_title][mk_image src=&#8220;https:\/\/fullcertificate.com\/wp-content\/uploads\/2019\/10\/DEUTSCH-graphic-5-cartel-terceros-en-confianza-full-certificate.jpg&#8220; image_width=&#8220;700&#8243; align=&#8220;center&#8220; margin_bottom=&#8220;20&#8243; el_class=&#8220;imagen-medio&#8220; crop=&#8220;false&#8220;][\/vc_column_inner][\/vc_row_inner][\/vc_column][vc_column border_color=&#8220;#ffffff&#8220; width=&#8220;1\/4&#8243;][mk_image src=&#8220;https:\/\/fullcertificate.com\/wp-content\/uploads\/2018\/12\/european-trusted-third-party-full-certificate.png&#8220; image_width=&#8220;180&#8243; align=&#8220;center&#8220; margin_bottom=&#8220;20&#8243; crop=&#8220;false&#8220;][vc_empty_space height=&#8220;0px&#8220;][mk_icon_box2 icon_type=&#8220;image&#8220; title_size=&#8220;0&#8243; title_top_padding=&#8220;0&#8243; title_bottom_padding=&#8220;0&#8243;]<a href=\"https:\/\/fullcertificate.com\/de\/automatisierung-cloud-inhouse\/\"><img loading=\"lazy\" class=\"wp-image-6433 size-medium aligncenter\" src=\"https:\/\/fullcertificate.com\/wp-content\/uploads\/2018\/10\/logo-smart-automation-2-1.png\" alt=\"\" width=\"265\" height=\"31\" \/><\/a><a href=\"https:\/\/fullcertificate.com\/de\/automatisierung-cloud-inhouse\/\"><img loading=\"lazy\" class=\"wp-image-6439 size-medium aligncenter\" src=\"https:\/\/fullcertificate.com\/wp-content\/uploads\/2018\/10\/grafico-smart-automation-1.png\" alt=\"\" width=\"170\" height=\"300\" \/><\/a><\/p>\n<p style=\"text-align: center;\"><strong><span style=\"color: #0062b0;\"><a style=\"color: #0062b0;\" href=\"https:\/\/fullcertificate.com\/de\/automatisierung-cloud-inhouse\/\">SMART AUTOMATION<\/a><br \/>\n<\/span><\/strong><span style=\"color: #000000; text-decoration: none;\">WS API-REST<br \/>\nIT-Entwicklung<br \/>\nErweiterte Authentifizierung<br \/>\nPortale und Formulare. Smart<br \/>\n<\/span><\/p>\n[\/mk_icon_box2][vc_empty_space height=&#8220;20px&#8220;][vc_row_inner padding=&#8220;0&#8243; el_class=&#8220;ocultar&#8220;][vc_column_inner css=&#8220;.vc_custom_1540979094932{border-top-width: 1px !important;border-right-width: 1px !important;border-bottom-width: 1px !important;border-left-width: 1px !important;padding-top: 20px !important;padding-bottom: 20px !important;background-color: #ffffff !important;border-left-color: #1e73be !important;border-left-style: solid !important;border-right-color: #1e73be !important;border-right-style: solid !important;border-top-color: #1e73be !important;border-top-style: solid !important;border-bottom-color: #1e73be !important;border-bottom-style: solid !important;}&#8220;][mk_fancy_title color=&#8220;#000000&#8243; size=&#8220;20&#8243; font_weight=&#8220;bold&#8220; font_style=&#8220;normal&#8220; txt_transform=&#8220;uppercase&#8220; margin_bottom=&#8220;0&#8243; font_family=&#8220;none&#8220; align=&#8220;center&#8220;]\n<p style=\"text-align: center;\">KONTAKTDATEN<\/p>\n[\/mk_fancy_title][mk_fancy_title color=&#8220;#1e73be&#8220; font_weight=&#8220;normal&#8220; font_style=&#8220;normal&#8220; txt_transform=&#8220;none&#8220; margin_bottom=&#8220;0&#8243; font_family=&#8220;none&#8220; align=&#8220;center&#8220;]\n<p style=\"text-align: center;\"><strong>Telefon:<\/strong>\u00a0(0034) 91 005 26 59<br \/>\n<strong>Addresse: <\/strong>C \/ Boix und Morer 6, Dachboden.<br \/>\n28003 Madrid, Spanien<\/p>\n[\/mk_fancy_title][mk_button dimension=&#8220;flat&#8220; corner_style=&#8220;rounded&#8220; size=&#8220;medium&#8220; url=&#8220;https:\/\/fullcertificate.com\/de\/kontaktieren-sie-uns\/&#8220; align=&#8220;center&#8220; button_custom_width=&#8220;160&#8243; bg_color=&#8220;#0062b0&#8243; btn_hover_bg=&#8220;#252525&#8243;]KONTAKTIEREN SIE UNS [\/mk_button][\/vc_column_inner][\/vc_row_inner][\/vc_column][\/mk_page_section][mk_page_section full_width=&#8220;true&#8220; first_page=&#8220;false&#8220; last_page=&#8220;false&#8220; sidebar=&#8220;sidebar-1&#8243;][vc_column][mk_divider style=&#8220;thin_solid&#8220; thickness=&#8220;4&#8243; margin_top=&#8220;10&#8243; margin_bottom=&#8220;40&#8243;][vc_row_inner padding=&#8220;0&#8243;][vc_column_inner width=&#8220;1\/4&#8243;][\/vc_column_inner][vc_column_inner width=&#8220;1\/2&#8243;][mk_fancy_title tag_name=&#8220;h4&#8243; color=&#8220;#393836&#8243; size=&#8220;30&#8243; font_weight=&#8220;normal&#8220; font_style=&#8220;normal&#8220; txt_transform=&#8220;uppercase&#8220; margin_bottom=&#8220;18&#8243; font_family=&#8220;none&#8220; align=&#8220;center&#8220;]\n<p style=\"text-align: center;\">MIT DER GARANTIE VON<\/p>\n[\/mk_fancy_title][mk_image src=&#8220;https:\/\/fullcertificate.com\/wp-content\/uploads\/2022\/04\/footer-nuevo-WE-VOTE.jpg&#8220; image_width=&#8220;1500&#8243; image_height=&#8220;216&#8243; link=&#8220;http:\/\/fullcertificate.com\/&#8220; target=&#8220;_blank&#8220; align=&#8220;center&#8220; margin_bottom=&#8220;40&#8243; el_class=&#8220;imagen-footer-centro&#8220; crop=&#8220;false&#8220;][\/vc_column_inner][vc_column_inner width=&#8220;1\/4&#8243;][\/vc_column_inner][\/vc_row_inner][\/vc_column][\/mk_page_section][vc_row padding=&#8220;0&#8243;][\/vc_row]\n","protected":false},"excerpt":{"rendered":"<p>[mk_page_section bg_image=&#8220;https:\/\/fullcertificate.com\/wp-content\/uploads\/2018\/11\/proyecto-banner-smartmoney-5-1.jpg&#8220; bg_position=&#8220;center top&#8220; bg_repeat=&#8220;no-repeat&#8220; bg_stretch=&#8220;true&#8220; min_height=&#8220;350&#8243; padding_top=&#8220;20&#8243; padding_bottom=&#8220;0&#8243; first_page=&#8220;true&#8220; last_page=&#8220;true&#8220; sidebar=&#8220;sidebar-1&#8243;][vc_column][mk_fancy_title tag_name=&#8220;h1&#8243; color=&#8220;#ffffff&#8220; size=&#8220;40&#8243; font_weight=&#8220;normal&#8220; font_style=&#8220;normal&#8220; txt_transform=&#8220;none&#8220; margin_top=&#8220;60&#8243; margin_bottom=&#8220;0&#8243; font_family=&#8220;none&#8220;]Smart Money &#8211; Intelligentes Geld[\/mk_fancy_title][mk_fancy_title tag_name=&#8220;h1&#8243; color=&#8220;#ffffff&#8220; size=&#8220;25&#8243; font_weight=&#8220;300&#8243; font_style=&#8220;normal&#8220; txt_transform=&#8220;none&#8220; margin_bottom=&#8220;0&#8243; font_family=&#8220;none&#8220;]Automatisierung von: Vertragsunterzeichnung, Rechnungsstellung, Inkasso und Recovery[\/mk_fancy_title][mk_button dimension=&#8220;flat&#8220; size=&#8220;medium&#8220; url=&#8220;https:\/\/fullcertificate.com\/de\/kontaktieren-sie-uns\/&#8220; button_custom_width=&#8220;250&#8243; bg_color=&#8220;#e5ac00&#8243; btn_hover_bg=&#8220;#252525&#8243;]JETZT KONTAKTIEREN[\/mk_button][\/vc_column][\/mk_page_section][mk_page_section padding_top=&#8220;50&#8243; padding_bottom=&#8220;50&#8243; first_page=&#8220;false&#8220; last_page=&#8220;false&#8220; sidebar=&#8220;sidebar-1&#8243;][vc_column width=&#8220;3\/4&#8243;][mk_fancy_title color=&#8220;#0062af&#8220; size=&#8220;30&#8243; font_weight=&#8220;normal&#8220; [&hellip;]<\/p>\n","protected":false},"author":2,"featured_media":0,"parent":0,"menu_order":0,"comment_status":"closed","ping_status":"closed","template":"","meta":{"_bbp_topic_count":0,"_bbp_reply_count":0,"_bbp_total_topic_count":0,"_bbp_total_reply_count":0,"_bbp_voice_count":0,"_bbp_anonymous_reply_count":0,"_bbp_topic_count_hidden":0,"_bbp_reply_count_hidden":0,"_bbp_forum_subforum_count":0},"_links":{"self":[{"href":"https:\/\/www.fullcertificate.com\/de\/wp-json\/wp\/v2\/pages\/16734"}],"collection":[{"href":"https:\/\/www.fullcertificate.com\/de\/wp-json\/wp\/v2\/pages"}],"about":[{"href":"https:\/\/www.fullcertificate.com\/de\/wp-json\/wp\/v2\/types\/page"}],"author":[{"embeddable":true,"href":"https:\/\/www.fullcertificate.com\/de\/wp-json\/wp\/v2\/users\/2"}],"replies":[{"embeddable":true,"href":"https:\/\/www.fullcertificate.com\/de\/wp-json\/wp\/v2\/comments?post=16734"}],"version-history":[{"count":21,"href":"https:\/\/www.fullcertificate.com\/de\/wp-json\/wp\/v2\/pages\/16734\/revisions"}],"predecessor-version":[{"id":27766,"href":"https:\/\/www.fullcertificate.com\/de\/wp-json\/wp\/v2\/pages\/16734\/revisions\/27766"}],"wp:attachment":[{"href":"https:\/\/www.fullcertificate.com\/de\/wp-json\/wp\/v2\/media?parent=16734"}],"curies":[{"name":"wp","href":"https:\/\/api.w.org\/{rel}","templated":true}]}}