{"id":10018,"date":"2018-11-29T12:24:25","date_gmt":"2018-11-29T12:24:25","guid":{"rendered":"https:\/\/fullcertificate.com\/?page_id=10018"},"modified":"2025-02-19T17:18:08","modified_gmt":"2025-02-19T17:18:08","slug":"aviso-legal","status":"publish","type":"page","link":"https:\/\/www.fullcertificate.com\/es\/aviso-legal\/","title":{"rendered":"Aviso legal"},"content":{"rendered":"[vc_row padding=\u00bb5&#8243;][vc_column][vc_column_text css=\u00bb.vc_custom_1739985378185{margin-bottom: 0px !important;}\u00bb]<strong>Aviso Legal \u2013 T\u00e9rminos y Condiciones<\/strong><\/p>\n<p>I. INFORMACI\u00d3N GENERAL<\/p>\n<p>FULL CERTIFICATE, S.L., responsable del sitio web, en adelante RESPONSABLE, pone a disposici\u00f3n de los usuarios el presente documento, con el que pretende dar cumplimiento a las obligaciones dispuestas en la \u00abLey 34\/2002, de 11 de julio, de Servicios de la Sociedad de la Informaci\u00f3n y de Comercio Electr\u00f3nico (LSSICE)\u00bb, as\u00ed como informar a todos los usuarios del sitio web acerca de cu\u00e1les son las condiciones de uso.<\/p>\n<p>II. DATOS IDENTIFICATIVOS<\/p>\n<p><strong>II.I Datos corporativos:<\/strong><\/p>\n<p>Denominaci\u00f3n social: FULL CERTIFICATE, S.L.<\/p>\n<p>Sede social: Calle Boix y Morer 6, planta 9, Madrid, 28003,<\/p>\n<p>NIF: B87336178<\/p>\n<p>Sitio web: www.fullcertificate.com<\/p>\n<p><strong>II.II Datos registrales:<\/strong><\/p>\n<p>FULL CERTIFICATE fue inscrito en el Registro Mercantil de Madrid, al tomo 33.481, folio 201, hoja M-602717.<\/p>\n<p>III. OBJETO<\/p>\n<p>FULL CERTIFICATE es un proveedor de servicios electr\u00f3nicos de confianza. El portal web www.fullcertificate.com es un Portal Online de Servicios de Certificaci\u00f3n Electr\u00f3nica cuya finalidad b\u00e1sica y principal es ofrecer una amplia gama de servicios certificados, con diferentes opciones de funcionamiento desde los pa\u00edses en los que opera, como son las comunicaciones con validez legal entre USUARIOS y\/o EMPRESAS a trav\u00e9s de Burofax Online, eMail Certificado, SMS Certificado y Fax Certificado. As\u00ed como otros importantes servicios de certificaci\u00f3n electr\u00f3nica como: Voto Electr\u00f3nico, Contratos Certificados, Recuperaci\u00f3n Certificada, Grabaci\u00f3n de V\u00eddeo Certificada, Llamadas Certificadas, Firma Online Certificada, Acuerdos Certificados, SEPA, Facturas Certificadas, Documentos Certificados, Autor\u00eda Certificada (Ideas), etc.<\/p>\n<p>IV. USUARIO(S)<\/p>\n<p>Toda persona que acceda a este sitio web asume el papel de USUARIO, comprometi\u00e9ndose a la estricta observancia y cumplimiento de las Disposiciones aqu\u00ed dispuestas, as\u00ed como de cualquier otra disposici\u00f3n legal que resulte de aplicaci\u00f3n. En consecuencia, el USUARIO debe leer atentamente las presentes condiciones generales.<\/p>\n<p>Asimismo, el USUARIO se compromete a hacer un uso correcto del sitio web de conformidad con la ley, la buena fe, el orden p\u00fablico, los usos del tr\u00e1fico y el presente documento, y responder\u00e1 frente a FULL CERTIFICATE o frente a terceros, de cualesquiera da\u00f1os y perjuicios que pudieran causarse como consecuencia del incumplimiento de esta obligaci\u00f3n.<\/p>\n<p>El uso de los servicios prestados a trav\u00e9s de nuestro portal requiere el registro como Usuario Registrado, en el Formulario de Registro.<\/p>\n<p>El registro en el portal FULL CERTIFICATE implica la autorizaci\u00f3n plena, amplia y expresa para recibir llamadas del servicio, as\u00ed como comunicaciones electr\u00f3nicas de informaci\u00f3n y\/o publicidad del servicio como eMails, SMS y Fax. Asimismo, las partes acuerdan autorizar FULL CERTIFICATE y en el caso de que exista un registro de empresas y\/u organizaciones poder referenciarlas en su \u00e1rea de cliente y testimonios, incluso mediante su logo y referencias escritas.<\/p>\n<p>V. PROPIEDAD INTELECTUAL<\/p>\n<p>El Usuario reconoce y acepta que todos los contenidos mostrados en el sitio web fullcertificate.com; incluyendo, pero no limitativamente los dise\u00f1os, textos, im\u00e1genes, logotipos, iconos, botones, software, nombres comerciales, marcas, o cualesquiera otros signos susceptibles de utilizaci\u00f3n industrial y\/o comercial est\u00e1n sujetos a derechos de propiedad intelectual e industrial, titularidad de FULL CERTIFICATE de acuerdo con la legislaci\u00f3n espa\u00f1ola vigente en la materia.<\/p>\n<p>En ning\u00fan caso se entender\u00e1 que el acceso y navegaci\u00f3n del Usuario por el Sitio Web o la adquisici\u00f3n de los servicios de FULL CERTIFICATE ofrecidos a trav\u00e9s de su portal implica una renuncia, transmisi\u00f3n, licencia o cesi\u00f3n total ni parcial de dichos derechos.<\/p>\n<p>Por ello, el Usuario se compromete a no reproducir, copiar, distribuir, poner a disposici\u00f3n o de cualquier otra forma comunicar p\u00fablicamente, transformar o modificar dichos contenidos y mantendr\u00e1 indemne a FULL CERTIFICATE de cualquier reclamaci\u00f3n derivada del incumplimiento de tales obligaciones.<\/p>\n<p>Las presentes Condiciones Generales de Uso del Sitio Web no confieren a los Usuarios ning\u00fan otro derecho de utilizaci\u00f3n, alteraci\u00f3n, explotaci\u00f3n, reproducci\u00f3n, distribuci\u00f3n o comunicaci\u00f3n p\u00fablica sobre el Sitio Web y\/o sus Contenidos distinto de los aqu\u00ed expresamente previstos. Cualquier otro uso o explotaci\u00f3n de cualesquiera otros derechos estar\u00e1 sujeto a la autorizaci\u00f3n previa y expresa espec\u00edficamente otorgada a tal efecto por FULL CERTIFICATE.<\/p>\n<p>Toda la informaci\u00f3n contenida en las p\u00e1ginas web no podr\u00e1 ser reproducida total o parcialmente, ni podr\u00e1 ser transmitida o registrada por ning\u00fan sistema de recuperaci\u00f3n de informaci\u00f3n, en ninguna forma ni por ning\u00fan medio, sin la autorizaci\u00f3n previa y por escrito de FULL CERTIFICATE.<\/p>\n<p>En consecuencia, el USUARIO de www.fullcertificate.com se compromete a respetar los citados derechos y a evitar cualquier actuaci\u00f3n que pudiera perjudicarles, reserv\u00e1ndose en todo caso la empresa el derecho a ejercitar cuanta acci\u00f3n legal le corresponda en defensa de sus leg\u00edtimos derechos de propiedad intelectual e industrial. Es decir, cualquier uso indebido o no autorizado de los contenidos objeto de protecci\u00f3n intelectual puede ser objeto de reclamaciones civiles y sanciones penales. FULL CERTIFICATE no ser\u00e1 responsable de las posibles infracciones de la propiedad intelectual o industrial que pueda cometer cualquier usuario de este sitio web.<\/p>\n<p>VI. PRIVACIDAD Y PROTECCI\u00d3N DE DATOS PERSONALES<\/p>\n<p>Puedes encontrar m\u00e1s informaci\u00f3n en nuestra secci\u00f3n de Pol\u00edtica de Privacidad.<\/p>\n<p>VII. USO Y RESPONSABILIDADES DEL USUARIO DE LOS SERVICIOS<\/p>\n<p>El Usuario se compromete a:<\/p>\n<p>Hacer un uso adecuado y l\u00edcito del Sitio Web as\u00ed como de los contenidos y servicios, de conformidad con:<\/p>\n<p>(i) la legislaci\u00f3n aplicable en cada momento;<\/p>\n<p>(ii) las Condiciones Generales de Uso del Sitio Web;<\/p>\n<p>(iii) la moral y las buenas costumbres generalmente aceptadas y,<\/p>\n<p>(iv) orden p\u00fablico.<\/p>\n<p>Proporcionar todos los medios y requisitos t\u00e9cnicos que sean necesarios para acceder al Sitio Web.<\/p>\n<p>Facilitar informaci\u00f3n veraz al rellenar los formularios contenidos en el Espacio Web con sus datos personales y mantenerlos actualizados en todo momento de forma que responda, en todo momento, a la situaci\u00f3n real del Usuario. El Usuario ser\u00e1 el \u00fanico responsable de las manifestaciones falsas o inexactas que realice y de los perjuicios que cause a la empresa o a terceros por la informaci\u00f3n que facilite.<\/p>\n<p>Por lo tanto, el Usuario se compromete a utilizar los contenidos y productos de forma diligente, correcta y l\u00edcita y, en particular, tambi\u00e9n deber\u00e1 abstenerse de:<\/p>\n<p>Hacer un uso no autorizado o fraudulento del Sitio Web y\/o de sus contenidos con fines o efectos il\u00edcitos, prohibidos en el presente Aviso Legal, lesivos de los derechos e intereses de terceros, o que de cualquier forma puedan da\u00f1ar, inutilizar, sobrecargar, deteriorar o impedir la normal utilizaci\u00f3n de los servicios o de los documentos, archivos y toda clase de contenidos almacenados en cualquier equipo inform\u00e1tico.<\/p>\n<p>Acceder o intentar acceder a recursos o \u00e1reas restringidas del Espacio Web, sin cumplir con las condiciones requeridas para dicho acceso.<\/p>\n<p>Provocar da\u00f1os en los sistemas f\u00edsicos o l\u00f3gicos del Espacio Web, de sus proveedores o de terceras personas.<\/p>\n<p>Introducir o difundir virus inform\u00e1ticos o cualesquiera otros sistemas f\u00edsicos o l\u00f3gicos que sean susceptibles de causar da\u00f1os en los sistemas f\u00edsicos o l\u00f3gicos de la empresa, de los proveedores o de terceros.<\/p>\n<p>Intentar acceder, utilizar y\/o manipular los datos de la empresa, de terceros proveedores y de otros Usuarios.<\/p>\n<p>Reproducir o copiar, distribuir, permitir el acceso del p\u00fablico a trav\u00e9s de cualquier modalidad de comunicaci\u00f3n p\u00fablica, transformar o modificar los contenidos, a menos que se cuente con la autorizaci\u00f3n del titular de los correspondientes derechos o ello resulte legalmente permitido.<\/p>\n<p>Suprimir, ocultar o manipular las notas sobre derechos de propiedad intelectual o industrial y dem\u00e1s datos identificativos de los derechos de la empresa o de terceros incorporados a los contenidos, as\u00ed como los dispositivos t\u00e9cnicos de protecci\u00f3n o cualesquiera mecanismos de informaci\u00f3n que puedan insertarse en los contenidos.<\/p>\n<p>Obtener e intentar obtener los contenidos empleando para ello medios o procedimientos distintos de los que, en su caso, se hayan puesto a su disposici\u00f3n a este efecto o se hayan indicado expresamente en las p\u00e1ginas web donde se encuentren los contenidos o, en general, de los que se empleen habitualmente en Internet por no entra\u00f1ar un riesgo de da\u00f1o o inutilizaci\u00f3n del espacio web y\/o de los contenidos.<\/p>\n<p>En particular, y a t\u00edtulo meramente indicativo y no exhaustivo, el USUARIO se compromete a no transmitir, difundir o poner a disposici\u00f3n de terceras informaciones, datos, contenidos, mensajes, gr\u00e1ficos, dibujos, archivos de sonido y\/o imagen, fotograf\u00edas, grabaciones, software. A no suplantar la identidad de otros Usuarios o Empresas u organizaciones.<\/p>\n<p>VIII. EXCLUSI\u00d3N DE GARANT\u00cdAS Y RESPONSABILIDAD<\/p>\n<p>FULL CERTIFICATE, de conformidad con la legislaci\u00f3n vigente y como PRESTADOR DE SERVICIOS ELECTR\u00d3NICOS DE CONFIANZA, ha desarrollado su servicio de Certificaci\u00f3n Electr\u00f3nica Online y, en ning\u00fan caso, ser\u00e1 responsable de las posibles repercusiones legales que pudieran derivarse de las comunicaciones, contratos y servicios utilizados por el Usuario a trav\u00e9s del portal.<\/p>\n<p>FULL CERTIFICATE no se hace responsable de problemas t\u00e9cnicos, fallos mec\u00e1nicos o virus en los sistemas inform\u00e1ticos (software y hardware) o en los documentos electr\u00f3nicos y ficheros almacenados en los equipos inform\u00e1ticos producidos durante la conexi\u00f3n a la red de Internet, ya sea a trav\u00e9s de la p\u00e1gina web de FULL CERTIFICATE o de p\u00e1ginas web de terceros.<\/p>\n<p>No obstante, FULL CERTIFICATE declara que ha adoptado todas las medidas necesarias, dentro de sus posibilidades y del estado de la tecnolog\u00eda, para garantizar el funcionamiento de www.fullcertificate.com el cual es 24\/7 no garantizado.<\/p>\n<p>Asimismo, la Empresa no ser\u00e1 responsable de las posibles infracciones de la propiedad intelectual o industrial que pueda cometer cualquier USUARIO de esta p\u00e1gina.<\/p>\n<p>VIII HIPERV\u00cdNCULOS<\/p>\n<p>El USUARIO se compromete a no reproducir de ninguna manera, ni siquiera mediante un hiperv\u00ednculo o hiperv\u00ednculo, el Sitio Web o cualquiera de sus contenidos, salvo autorizaci\u00f3n expresa y por escrito del responsable del tratamiento.<\/p>\n<p>En www.fullcertificate.com, el USUARIO podr\u00e1 encontrar enlaces a otros sitios web mediante diferentes botones, enlaces, banners, etc., que son gestionados por terceros. FULL CERTIFICATE no tiene facultad ni medios humanos ni t\u00e9cnicos para conocer, controlar ni aprobar toda la informaci\u00f3n, contenidos, productos o servicios facilitados por otros sitios web a los que se establezcan enlaces desde fullcertificate.com. En consecuencia, FULL CERTIFICATE no puede asumir responsabilidad alguna por cualquier aspecto relativo a la p\u00e1gina web desde la que se establece un enlace desde fullcertificate.com, en concreto, a t\u00edtulo enunciativo y no taxativo, sobre su funcionamiento, acceso, datos, informaci\u00f3n, archivos, calidad y fiabilidad de sus productos y servicios, sus propios enlaces y\/o cualquiera de sus contenidos, en general. En este sentido, si los Usuarios tuvieran conocimiento efectivo de la ilicitud de actividades desarrolladas a trav\u00e9s de estos sitios web de terceros, deber\u00e1n comunicarlo inmediatamente a FULL CERTIFICATE para que \u00e9sta proceda a deshabilitar el enlace de acceso a los mismos.<\/p>\n<p>El establecimiento de cualquier tipo de enlace por parte de FULL CERTIFICATE a otro sitio web ajeno no implica la existencia de relaci\u00f3n, colaboraci\u00f3n o dependencia alguna entre la citada Entidad y el responsable del sitio web ajeno.<\/p>\n<p>IX COOKIES<\/p>\n<p>Puedes encontrar m\u00e1s informaci\u00f3n en nuestra secci\u00f3n de Pol\u00edtica de Cookies.<\/p>\n<p>X PROTECCI\u00d3N DE DATOS PERSONALES Y CONFIDENCIALIDAD<\/p>\n<p>El Usuario podr\u00e1 obtener m\u00e1s informaci\u00f3n sobre la pol\u00edtica de privacidad de FULL CERTIFICATE visitando la p\u00e1gina asignada a tal efecto, disponible en fullcertificate.com fullcertificate.com.<\/p>\n<p>XI PRESTADOR DE SERVICIOS ELECTR\u00d3NICOS DE CONFIANZA (TERCERO DE CONFIANZA)<\/p>\n<p>FULL CERTIFICATE a trav\u00e9s de FULL CERTIFICATE SL act\u00faa como PRESTADOR DE SERVICIOS ELECTR\u00d3NICOS DE CONFIANZA de conformidad con la Ley de Servicios de la Sociedad de la Informaci\u00f3n y de Comercio Electr\u00f3nico y en general en sus art\u00edculos y m\u00e1s concretamente a trav\u00e9s del art\u00edculo 25 de la \u00abLey 34\/2002, de 11 de julio\u00bb y el Reglamento UE n\u00ba 910\/2014 del Parlamento Europeo y del Consejo, de 23 de julio de 2014.<\/p>\n<p>XII GENERALIDADES<\/p>\n<p>Los encabezamientos de las diferentes cl\u00e1usulas son meramente informativos, y no afectar\u00e1n, matizar\u00e1n o ampliar\u00e1n la interpretaci\u00f3n de las condiciones de uso.<\/p>\n<p>XIII JURISDICCI\u00d3N<\/p>\n<p>Las posibles relaciones entre FULL CERTIFICATE, los Usuarios y las empresas se regir\u00e1n por la normativa vigente, la legislaci\u00f3n aplicable y la jurisdicci\u00f3n competente.<\/p>\n<p>En aquellos casos en los que la legislaci\u00f3n vigente prevea la posibilidad de que las partes se sometan a un fuero determinado, ambas partes renuncian expresamente a cualquier fuero que pudiera corresponderles y se someten a los juzgados y tribunales de la Ciudad de Madrid para resolver sus conflictos, en primera instancia, al arbitraje de la Ciudad de Madrid y posteriormente a los Juzgados y Tribunales de la Ciudad de Madrid.[\/vc_column_text][\/vc_column][\/vc_row][vc_row][vc_column][vc_column_text] [\/vc_column_text][\/vc_column][\/vc_row][vc_row][vc_column][vc_column_text]\n[\/vc_column_text][\/vc_column][\/vc_row][vc_row][vc_column][vc_column_text] [\/vc_column_text][\/vc_column][\/vc_row]\n","protected":false},"excerpt":{"rendered":"<p>[vc_row padding=\u00bb5&#8243;][vc_column][vc_column_text css=\u00bb.vc_custom_1739985378185{margin-bottom: 0px !important;}\u00bb]Aviso Legal \u2013 T\u00e9rminos y Condiciones I. INFORMACI\u00d3N GENERAL FULL CERTIFICATE, S.L., responsable del sitio web, en adelante RESPONSABLE, pone a disposici\u00f3n de los usuarios el presente documento, con el que pretende dar cumplimiento a las obligaciones dispuestas en la \u00abLey 34\/2002, de 11 de julio, de Servicios de la Sociedad [&hellip;]<\/p>\n","protected":false},"author":2,"featured_media":0,"parent":0,"menu_order":0,"comment_status":"closed","ping_status":"open","template":"","meta":{"_bbp_topic_count":0,"_bbp_reply_count":0,"_bbp_total_topic_count":0,"_bbp_total_reply_count":0,"_bbp_voice_count":0,"_bbp_anonymous_reply_count":0,"_bbp_topic_count_hidden":0,"_bbp_reply_count_hidden":0,"_bbp_forum_subforum_count":0},"_links":{"self":[{"href":"https:\/\/www.fullcertificate.com\/es\/wp-json\/wp\/v2\/pages\/10018"}],"collection":[{"href":"https:\/\/www.fullcertificate.com\/es\/wp-json\/wp\/v2\/pages"}],"about":[{"href":"https:\/\/www.fullcertificate.com\/es\/wp-json\/wp\/v2\/types\/page"}],"author":[{"embeddable":true,"href":"https:\/\/www.fullcertificate.com\/es\/wp-json\/wp\/v2\/users\/2"}],"replies":[{"embeddable":true,"href":"https:\/\/www.fullcertificate.com\/es\/wp-json\/wp\/v2\/comments?post=10018"}],"version-history":[{"count":20,"href":"https:\/\/www.fullcertificate.com\/es\/wp-json\/wp\/v2\/pages\/10018\/revisions"}],"predecessor-version":[{"id":30183,"href":"https:\/\/www.fullcertificate.com\/es\/wp-json\/wp\/v2\/pages\/10018\/revisions\/30183"}],"wp:attachment":[{"href":"https:\/\/www.fullcertificate.com\/es\/wp-json\/wp\/v2\/media?parent=10018"}],"curies":[{"name":"wp","href":"https:\/\/api.w.org\/{rel}","templated":true}]}}