{"id":10259,"date":"2018-11-29T14:18:35","date_gmt":"2018-11-29T14:18:35","guid":{"rendered":"https:\/\/fullcertificate.com\/?page_id=10259"},"modified":"2021-12-29T09:19:31","modified_gmt":"2021-12-29T09:19:31","slug":"politica-de-cookies","status":"publish","type":"page","link":"https:\/\/www.fullcertificate.com\/es\/politica-de-cookies\/","title":{"rendered":"Pol\u00edtica de cookies"},"content":{"rendered":"[vc_row][vc_column][vc_column_text disable_pattern=\u00bbtrue\u00bb align=\u00bbleft\u00bb margin_bottom=\u00bb0&#8243;]\n<p><strong>POLITICA DE COOKIES<br \/>FULL CERTIFICATE &#8211; WEB<\/strong><\/p>\n<p><strong>\u00a0<\/strong><\/p>\n<ol>\n<li><strong> INTRODUCCION <\/strong><\/li>\n<\/ol>\n<p><strong>\u00a0<\/strong><\/p>\n<p>El sitio web de FULL CERTIFICATE (<a href=\"http:\/\/fullcertificate.com\">fullcertificate.com<\/a>\u00a0 &amp; <a href=\"http:\/\/www.avisoscertificados.com\">www.avisoscertificados.com<\/a>) usa Cookies para mejorar y optimizar la experiencia del usuario. AVISOS SOLO PARA ESPA\u00d1A<\/p>\n<p>&nbsp;<\/p>\n<h2>II. \u00bfQUE SON LAS COOKIES?<\/h2>\n<h2>\u00a0<\/h2>\n<p>Las cookies son archivos que se descargan en su equipo a trave\u0301s de las pa\u0301ginas web. Estos ficheros se usan para almacenar y recuperar informaci\u00f3n sobre sus h\u00e1bitos de navegaci\u00f3n y se pueden utilizar con diferentes objetivos. Entre otros, permiten a una pa\u0301gina web almacenar y recuperar informacio\u0301n sobre los ha\u0301bitos de navegacio\u0301n, se pueden utilizar para reconocer al usuario y mejorar el servicio ofrecido y para adaptar el contenido de la web a su perfil y necesidades.<\/p>\n<p>&nbsp;<\/p>\n<p><strong>III. TIPO DE COOKIES<\/strong><\/p>\n<p><strong>Segu\u0301n quien sea la entidad que gestione el dominio<\/strong> desde donde se envi\u0301an las cookies y trate los datos que se obtengan se pueden distinguir dos tipos:<\/p>\n<ul>\n<li><u>Cookies propias<\/u>: aque\u0301llas que se envi\u0301an al equipo terminal del usuario desde un equipo o dominio gestionado por el propio editor y desde el que se presta el servicio solicitado por el usuario.<\/li>\n<li><u>Cookies de terceros<\/u>: aque\u0301llas que se envi\u0301an al equipo terminal del usuario desde un equipo o dominio que no es gestionado por el editor, sino por otra entidad que trata los datos obtenidos trave\u0301s de las cookies.<\/li>\n<\/ul>\n<p>Segunda clasificacio\u0301n <strong>segu\u0301n el plazo de tiempo<\/strong> que permanecen almacenadas en el navegador del cliente, pudiendo tratarse de:<\/p>\n<ul>\n<li><u>Cookies de sesio\u0301n:<\/u> disen\u0303adas para recabar y almacenar datos mientras el usuario accede a una pa\u0301gina web. Se suelen emplear para almacenar informacio\u0301n que solo interesa conservar para la prestacio\u0301n del servicio solicitado por el usuario en una sola ocasio\u0301n (p.e. una lista de productos adquiridos).<\/li>\n<li><u>Cookies persistentes:<\/u> los datos siguen almacenados en el terminal y pueden ser accedidos y tratados durante un periodo definido por el responsable de la cookie, y que puede ir de unos minutos a varios an\u0303os.<\/li>\n<\/ul>\n<p>Por u\u0301ltimo, existe otra clasificacio\u0301n <strong>segu\u0301n la finalidad<\/strong> para la que se traten los datos obtenidos:<\/p>\n<ul>\n<li><u>Cookies te\u0301cnicas:<\/u> quellas que permiten al usuario la navegacio\u0301n a trave\u0301s de una pa\u0301gina web,plataforma o aplicacio\u0301n y la utilizacio\u0301n de las diferentes opciones o servicios que en ella existan como, por ejemplo, controlar el tra\u0301fico y la comunicacio\u0301n de datos, identificar la sesio\u0301n, acceder a partes de acceso restringido, recordar los elementos que integran un pedido, realizar el proceso de compra de un pedido, realizar a solicitud de inscripcio\u0301n o participacio\u0301n en un evento, utilizar elementos de seguridad durante la navegacio\u0301n, almacenar contenidos para la difusio\u0301n de vi\u0301deos o sonido o compartir contenidos a trave\u0301s de redes sociales.<\/li>\n<li><u>Cookies de personalizacio\u0301n: <\/u>permiten al usuario acceder al servicio con algunas caracteri\u0301sticas de cara\u0301cter general predefinidas en funcio\u0301n de una serie de criterios en el terminal del usuario como por ejemplo serian el idioma, el tipo de navegador a trave\u0301s del cual accede al servicio, la configuracio\u0301n regional desde donde accede al servicio, etc.<\/li>\n<li><u>Cookies de ana\u0301lisis:<\/u> permiten al responsable de las mismas, el seguimiento y ana\u0301lisis del comportamiento de los usuarios de los sitios web a los que esta\u0301n vinculadas. La informacio\u0301n recogida mediante este tipo de cookies se utiliza en la medicio\u0301n de la actividad de los sitios web, aplicacio\u0301n o plataforma y para la elaboracio\u0301n de perfiles de navegacio\u0301n de los usuarios de dichos sitios, aplicaciones y plataformas, con el fin de introducir mejoras en funcio\u0301n del ana\u0301lisis de los datos de uso que hacen los usuarios del servicio.<\/li>\n<li><u>Cookies publicitarias<\/u>: permiten la gestio\u0301n, de la forma ma\u0301s eficaz posible, de los espacios publicitarios.<\/li>\n<li><u>Cookies de publicidad comportamental:<\/u> almacenan informacio\u0301n del comportamiento de los usuarios obtenida a trave\u0301s de la observacio\u0301n continuada de sus ha\u0301bitos de navegacio\u0301n, lo que permite desarrollar un perfil especi\u0301fico para mostrar publicidad en funcio\u0301n del mismo.<\/li>\n<li><u>Cookies de redes sociales externas:<\/u> se utilizan para que los visitantes puedan interactuar con el contenido de diferentes plataformas sociales (facebook, youtube, twitter, linkedIn, etc..) y que se generen \u00fanicamente para los usuarios de dichas redes sociales. Las condiciones de utilizaci\u00f3n de estas cookies y la informaci\u00f3n recopilada se regula por la pol\u00edtica de privacidad de la plataforma social correspondiente.<\/li>\n<\/ul>\n<ol>\n<li><strong> DESACTIVACION Y ELIMINACION DE LAS COOKIES<\/strong><\/li>\n<\/ol>\n<p>Mediante la configuraci\u00f3n de las opciones del navegador instalado en su equipo, tiene la opci\u00f3n de permitir, bloquear o eliminar las cookies instaladas en su equipo mediante la configuraci\u00f3n de las opciones del navegador que tiene instalado.<\/p>\n<p>Podr\u00e1 cambiar la configuraci\u00f3n de las cookies instaladas en su equipo mediante los siguiente enlaces:<\/p>\n<ul>\n<li>Microsoft Internet Explorer o Microsoft Edge: <a href=\"http:\/\/windows.microsoft.com\/es-es\/windows-vista\/Block-or-allow-cookies\">http:\/\/windows.microsoft.com\/es-es\/windows-vista\/Block-or-allow-cookies<\/a><\/li>\n<li>Mozilla Firefox: <a href=\"http:\/\/support.mozilla.org\/es\/kb\/impedir-que-los-sitios-web-guarden-sus-preferencia\">http:\/\/support.mozilla.org\/es\/kb\/impedir-que-los-sitios-web-guarden-sus-preferencia<\/a><\/li>\n<li>Chrome: <a href=\"https:\/\/support.google.com\/accounts\/answer\/61416?hl=es\">https:\/\/support.google.com\/accounts\/answer\/61416?hl=es<\/a><\/li>\n<li>Safari: <a href=\"http:\/\/safari.helpmax.net\/es\/privacidad-y-seguridad\/como-gestionar-las-cookies\/\">http:\/\/safari.helpmax.net\/es\/privacidad-y-seguridad\/como-gestionar-las-cookies\/<\/a><\/li>\n<li>Opera: <a href=\"http:\/\/help.opera.com\/Linux\/10.60\/es-ES\/cookies.html\">http:\/\/help.opera.com\/Linux\/10.60\/es-ES\/cookies.html<\/a><\/li>\n<\/ul>\n<ol>\n<li><strong> COOKIES UTILIZADAS EN ESTE SITIO WEB<\/strong><\/li>\n<\/ol>\n<p>Siguiendo las directrices de la Agencia Espa\u00f1ola de Protecci\u00f3n de Datos procedemos a detallar el uso de\u00a0<em>cookies<\/em>\u00a0que hace esta web con el fin de informarle con la m\u00e1xima exactitud posible.<\/p>\n<p>&nbsp;<\/p>\n<p>Este sitio web utiliza las siguientes\u00a0<strong>cookies propias<\/strong>:<\/p>\n<p>&nbsp;<\/p>\n<ul>\n<li>Cookies de sesi\u00f3n, para garantizar que los usuarios que escriban comentarios en el blog sean humanos y no aplicaciones automatizadas. De esta forma, se ayuda en los procesos Anti-Spam.<\/li>\n<\/ul>\n<p>&nbsp;<\/p>\n<p>Este sitio web utiliza las siguientes\u00a0<strong>cookies de terceros<\/strong>:<\/p>\n<p>&nbsp;<\/p>\n<ul>\n<li>Google Analytics: Almacena\u00a0<em>cookies<\/em>para poder elaborar estad\u00edsticas sobre el tr\u00e1fico y volumen de visitas de esta web. Al utilizar este sitio web est\u00e1 consintiendo el tratamiento de informaci\u00f3n acerca de usted por Google. Por tanto, el ejercicio de cualquier derecho en este sentido deber\u00e1 hacerlo comunicando directamente con Google.<\/li>\n<li>Redes sociales: Cada red social utiliza sus propias\u00a0<em>cookies<\/em>para que usted pueda pinchar en botones del tipo\u00a0<em>Me gusta<\/em>\u00a0o\u00a0<em>Compartir<\/em>.<\/li>\n<li>Facebook: <a href=\"https:\/\/www.facebook.com\/help\/cookies\/\">https:\/\/www.facebook.com\/help\/cookies\/<\/a><\/li>\n<li>Linkedin: <a href=\"https:\/\/www.linkedin.com\/legal\/cookie-policy?_l=es_ES\">https:\/\/www.linkedin.com\/legal\/cookie-policy?_l=es_ES<\/a><\/li>\n<li>Cookies utilizadas por Twitter: <a href=\"https:\/\/help.twitter.com\/es\/rules-and-policies\/twitter-cookies\">https:\/\/help.twitter.com\/es\/rules-and-policies\/twitter-cookies<\/a><\/li>\n<li>Google +: <a href=\"https:\/\/policies.google.com\/technologies\/cookies?hl=es&amp;gl=es\">https:\/\/policies.google.com\/technologies\/cookies?hl=es&amp;gl=es<\/a><\/li>\n<li>Instagram: https:\/\/help.instagram.com\/1896641480634370?ref=ig<\/li>\n<\/ul>\n<p>&nbsp;<\/p>\n<p>Concretamente, las cookies utilizadas son las siguientes:<\/p>\n<p>&nbsp;<\/p>\n<p>&nbsp;<\/p>\n<p>&nbsp;<\/p>\n<p><strong>Cookies WEB fullcertificate.com<\/strong><\/p>\n<p>&nbsp;<\/p>\n<table>\n<tbody>\n<tr>\n<td width=\"129\">\n<p><strong>Cookie<\/strong><\/p>\n<\/td>\n<td width=\"119\">\n<p><strong>Propietario<\/strong><\/p>\n<\/td>\n<td width=\"105\">\n<p><strong>Caducidad<\/strong><\/p>\n<\/td>\n<td width=\"104\">\n<p><strong>Finalidad<\/strong><\/p>\n<\/td>\n<td width=\"110\">\n<p><strong>Mas informaci\u00f3n<\/strong><\/p>\n<\/td>\n<\/tr>\n<tr>\n<td width=\"129\">\n<p><strong>DSID<\/strong><\/p>\n<\/td>\n<td width=\"119\">\n<p>doubleclick.net<\/p>\n<\/td>\n<td width=\"105\">\n<p>6 d\u00edas.<\/p>\n<p>&nbsp;<\/p>\n<\/td>\n<td width=\"104\">\n<p>&nbsp;<\/p>\n<\/td>\n<td width=\"110\">\n<p>Cookie de DoubleClick, que es utilizado por Google AdSense para grabar y producir informes sobre las acciones del usuario en el sitio web despu\u00e9s de ver o hacer clic en uno de los anunciantes de publicidad con el fin de medir la efectividad de la publicidad y la presentaci\u00f3n de los anuncios dirigidos al usuario.<\/p>\n<p>&nbsp;<\/p>\n<\/td>\n<\/tr>\n<tr>\n<td width=\"129\">\n<p><strong>_fbp<\/strong><\/p>\n<\/td>\n<td width=\"119\">\n<p>fullcertificate.com<\/p>\n<\/td>\n<td width=\"105\">\n<p>2 meses y 28 d\u00edas<\/p>\n<\/td>\n<td width=\"104\">\n<p>&nbsp;<\/p>\n<\/td>\n<td width=\"110\">\n<p>&nbsp;<\/p>\n<\/td>\n<\/tr>\n<tr>\n<td width=\"129\">\n<p><strong>_ga<\/strong><\/p>\n<\/td>\n<td width=\"119\">\n<p>twitter.com<\/p>\n<\/td>\n<td width=\"105\">\n<p>1 a\u00f1o, 5 meses y 25 d\u00edas<\/p>\n<\/td>\n<td width=\"104\">\n<p>&nbsp;<\/p>\n<\/td>\n<td width=\"110\">\n<p>Generar un identificador de usuario \u00fanico, que es el que se utiliza para hacer recuento de cu\u00e1ntas veces visita el sitio un usuario, as\u00ed como la fecha de la primera y la \u00faltima vez que visit\u00f3 la web. Registrar la fecha y hora de acceso a cualquiera de las p\u00e1ginas del Sitio. Comprobar la necesidad de mantener la sesi\u00f3n de un usuario abierta o crear una nueva. Identificar la sesi\u00f3n del usuario, para recoger la ubicaci\u00f3n geogr\u00e1fica aproximada del ordenador que accede al Sitio con efectos estad\u00edsticos.<\/p>\n<\/td>\n<\/tr>\n<tr>\n<td width=\"129\">\n<p><strong>datr<\/strong><\/p>\n<\/td>\n<td width=\"119\">\n<p>facebook.com<\/p>\n<\/td>\n<td width=\"105\">\n<p>1 a\u00f1o, 7 meses, 27 d\u00edas<\/p>\n<\/td>\n<td width=\"104\">\n<p>&nbsp;<\/p>\n<\/td>\n<td width=\"110\">\n<p>Proporciona informaci\u00f3n para prevenci\u00f3n del fraude.<\/p>\n<\/td>\n<\/tr>\n<tr>\n<td width=\"129\">\n<p><strong>fr<\/strong><\/p>\n<\/td>\n<td width=\"119\">\n<p>facebook.com<\/p>\n<\/td>\n<td width=\"105\">\n<p>2 meses, 28 D\u00edas<\/p>\n<\/td>\n<td width=\"104\">\n<p>&nbsp;<\/p>\n<\/td>\n<td width=\"110\">\n<p>Identificador del sitio y cookies t\u00e9cnicas para compartir contenidos usando Facebook.<\/p>\n<p>&nbsp;<\/p>\n<\/td>\n<\/tr>\n<tr>\n<td width=\"129\">\n<p><strong>guest_id\u00a0 <\/strong><\/p>\n<\/td>\n<td width=\"119\">\n<p>twitter.com<\/p>\n<\/td>\n<td width=\"105\">\n<p>\u00a01 A\u00f1o , 1 Mes , 20 Dias<\/p>\n<\/td>\n<td width=\"104\">\n<p>&nbsp;<\/p>\n<\/td>\n<td width=\"110\">\n<p>La cookie de Twitter aparece en las p\u00e1ginas que utilizan el bot\u00f3n de \u201cTweet\u201d y sirve para identificar al usuario con un n\u00famero \u00fanico asociado con Twitter.<\/p>\n<\/td>\n<\/tr>\n<tr>\n<td width=\"129\">\n<p><strong>id<\/strong><\/p>\n<\/td>\n<td width=\"119\">\n<p>doubleclick.net<\/p>\n<\/td>\n<td width=\"105\">\n<p>8 A\u00f1os, 11 Meses, 17 D\u00edas<\/p>\n<\/td>\n<td width=\"104\">\n<p>&nbsp;<\/p>\n<\/td>\n<td width=\"110\">\n<p>&nbsp;<\/p>\n<\/td>\n<\/tr>\n<tr>\n<td width=\"129\">\n<p><strong>muc<\/strong><\/p>\n<\/td>\n<td width=\"119\">\n<p>t.co<\/p>\n<\/td>\n<td width=\"105\">\n<p>1 A\u00f1o, 10 Meses, 8 D\u00edas<\/p>\n<\/td>\n<td width=\"104\">\n<p>&nbsp;<\/p>\n<\/td>\n<td width=\"110\">\n<p>&nbsp;<\/p>\n<\/td>\n<\/tr>\n<tr>\n<td width=\"129\">\n<p><strong>permutive-id<\/strong><\/p>\n<\/td>\n<td width=\"119\">\n<p>doubleclick.net<\/p>\n<\/td>\n<td width=\"105\">\n<p>2 A\u00f1os, 8 Meses , 8 Dias<\/p>\n<p>&nbsp;<\/p>\n<\/td>\n<td width=\"104\">\n<p>&nbsp;<\/p>\n<\/td>\n<td width=\"110\">\n<p>&nbsp;<\/p>\n<\/td>\n<\/tr>\n<tr>\n<td width=\"129\">\n<p><strong>personalization_id<\/strong><\/p>\n<\/td>\n<td width=\"119\">\n<p>twitter.com<\/p>\n<\/td>\n<td width=\"105\">\n<p>1 A\u00f1o , 1 Mes , 20 Dias<\/p>\n<\/td>\n<td width=\"104\">\n<p>&nbsp;<\/p>\n<\/td>\n<td width=\"110\">\n<p>&nbsp;<\/p>\n<\/td>\n<\/tr>\n<tr>\n<td width=\"129\">\n<p><strong>sb<\/strong><\/p>\n<\/td>\n<td width=\"119\">\n<p>facebook.com<\/p>\n<\/td>\n<td width=\"105\">\n<p>1 A\u00f1o , 7 Meses , 27 Dias<\/p>\n<\/td>\n<td width=\"104\">\n<p>&nbsp;<\/p>\n<\/td>\n<td width=\"110\">\n<p>&nbsp;<\/p>\n<\/td>\n<\/tr>\n<tr>\n<td width=\"129\">\n<p><strong>IDE<\/strong><\/p>\n<\/td>\n<td width=\"119\">\n<p>doubleclick.net<\/p>\n<\/td>\n<td width=\"105\">\n<p>2 A\u00f1os<\/p>\n<\/td>\n<td width=\"104\">\n<p>&nbsp;<\/p>\n<\/td>\n<td width=\"110\">\n<p>&nbsp;<\/p>\n<\/td>\n<\/tr>\n<tr>\n<td width=\"129\">\n<p><strong>__Secure-3PSIDCC<\/strong><\/p>\n<\/td>\n<td width=\"119\">\n<p>google.com<\/p>\n<\/td>\n<td width=\"105\">\n<p>1 a\u00f1o<\/p>\n<\/td>\n<td width=\"104\">\n<p>&nbsp;<\/p>\n<\/td>\n<td width=\"110\">\n<p>&nbsp;<\/p>\n<\/td>\n<\/tr>\n<tr>\n<td width=\"129\">\n<p><strong>1P_JAR<\/strong><\/p>\n<\/td>\n<td width=\"119\">\n<p>google.com<\/p>\n<\/td>\n<td width=\"105\">\n<p>1 mes<\/p>\n<\/td>\n<td width=\"104\">\n<p>&nbsp;<\/p>\n<\/td>\n<td width=\"110\">\n<p>Google utiliza esta cookie para personalizar los anuncios seg\u00fan tus intereses.<\/p>\n<\/td>\n<\/tr>\n<tr>\n<td width=\"129\">\n<p><strong>NID<\/strong><\/p>\n<\/td>\n<td width=\"119\">\n<p>google.com<\/p>\n<\/td>\n<td width=\"105\">\n<p>6 Meses, 2 Dias<\/p>\n<\/td>\n<td width=\"104\">\n<p>&nbsp;<\/p>\n<\/td>\n<td width=\"110\">\n<p>La cookie \u00abNID\u00bb se utiliza con estos fines para mostrar anuncios de Google en los servicios de Google a usuarios que no tengan la sesi\u00f3n iniciada<\/p>\n<\/td>\n<\/tr>\n<tr>\n<td width=\"129\">\n<p><strong>SIDCC<\/strong><\/p>\n<\/td>\n<td width=\"119\">\n<p>google.com<\/p>\n<\/td>\n<td width=\"105\">\n<p>1 a\u00f1o<\/p>\n<\/td>\n<td width=\"104\">\n<p>&nbsp;<\/p>\n<\/td>\n<td width=\"110\">\n<p>Esta cookie es utilizada por Google para proveer servicios.<\/p>\n<\/td>\n<\/tr>\n<tr>\n<td width=\"129\">\n<p><strong>SEARCH_SAMESITE<\/strong><\/p>\n<\/td>\n<td width=\"119\">\n<p>google.com<\/p>\n<\/td>\n<td width=\"105\">\n<p>4 Meses , 6 Dias<\/p>\n<\/td>\n<td width=\"104\">\n<p>&nbsp;<\/p>\n<\/td>\n<td width=\"110\">\n<p>&nbsp;<\/p>\n<\/td>\n<\/tr>\n<tr>\n<td width=\"129\">\n<p><strong>__Secure-1PSIDCC\u00a0 <\/strong><\/p>\n<\/td>\n<td width=\"119\">\n<p>google.com<\/p>\n<\/td>\n<td width=\"105\">\n<p>11 Meses , 6 Dias<\/p>\n<\/td>\n<td width=\"104\">\n<p>&nbsp;<\/p>\n<\/td>\n<td width=\"110\">\n<p>&nbsp;<\/p>\n<\/td>\n<\/tr>\n<tr>\n<td width=\"129\">\n<p><strong>APISID<\/strong><\/p>\n<\/td>\n<td width=\"119\">\n<p>google.com<\/p>\n<\/td>\n<td width=\"105\">\n<p>1 A\u00f1o , 11 Meses , 6 Dias<\/p>\n<\/td>\n<td width=\"104\">\n<p>&nbsp;<\/p>\n<\/td>\n<td width=\"110\">\n<p>&nbsp;<\/p>\n<\/td>\n<\/tr>\n<tr>\n<td width=\"129\">\n<p><strong>SAPISID<\/strong><\/p>\n<\/td>\n<td width=\"119\">\n<p>google.com<\/p>\n<\/td>\n<td width=\"105\">\n<p>1 A\u00f1o , 11 Meses , 6 Dias<\/p>\n<\/td>\n<td width=\"104\">\n<p>&nbsp;<\/p>\n<\/td>\n<td width=\"110\">\n<p>&nbsp;<\/p>\n<\/td>\n<\/tr>\n<tr>\n<td width=\"129\">\n<p><strong>__Secure-3PAPISID<\/strong><\/p>\n<\/td>\n<td width=\"119\">\n<p>google.com<\/p>\n<\/td>\n<td width=\"105\">\n<p>1 A\u00f1o , 11 Meses , 6 Dias<\/p>\n<\/td>\n<td width=\"104\">\n<p>&nbsp;<\/p>\n<\/td>\n<td width=\"110\">\n<p>&nbsp;<\/p>\n<\/td>\n<\/tr>\n<tr>\n<td width=\"129\">\n<p><strong>__Secure-3PAPISID<\/strong><\/p>\n<\/td>\n<td width=\"119\">\n<p>google.com<\/p>\n<\/td>\n<td width=\"105\">\n<p>1 A\u00f1o , 11 Meses , 6 Dias<\/p>\n<\/td>\n<td width=\"104\">\n<p>&nbsp;<\/p>\n<\/td>\n<td width=\"110\">\n<p>&nbsp;<\/p>\n<\/td>\n<\/tr>\n<tr>\n<td width=\"129\">\n<p><strong>__Secure-1PAPISID<\/strong><\/p>\n<\/td>\n<td width=\"119\">\n<p>google.com<\/p>\n<\/td>\n<td width=\"105\">\n<p>1 A\u00f1o , 11 Meses , 6 Dias<\/p>\n<\/td>\n<td width=\"104\">\n<p>&nbsp;<\/p>\n<\/td>\n<td width=\"110\">\n<p>&nbsp;<\/p>\n<\/td>\n<\/tr>\n<tr>\n<td width=\"129\">\n<p><strong>__Secure-1PSID<\/strong><\/p>\n<\/td>\n<td width=\"119\">\n<p>google.com<\/p>\n<\/td>\n<td width=\"105\">\n<p>1 A\u00f1o , 11 Meses , 6 Dias<\/p>\n<\/td>\n<td width=\"104\">\n<p>&nbsp;<\/p>\n<\/td>\n<td width=\"110\">\n<p>&nbsp;<\/p>\n<\/td>\n<\/tr>\n<tr>\n<td width=\"129\">\n<p><strong>OTZ<\/strong><\/p>\n<\/td>\n<td width=\"119\">\n<p>google.com<\/p>\n<\/td>\n<td width=\"105\">\n<p>2 Semanas<\/p>\n<\/td>\n<td width=\"104\">\n<p>&nbsp;<\/p>\n<\/td>\n<td width=\"110\">\n<p>Permiten optimizar y personalizar los anuncios mostrados al navegar. Sirve para analizar pautas de tr\u00e1fico a la web, duraci\u00f3n de la sesi\u00f3n del navegador. Est\u00e1 relacionada con el sistema de publicidad personalizada de Google Adwords<\/p>\n<\/td>\n<\/tr>\n<tr>\n<td width=\"129\">\n<p><strong>_GRECAPTCHA<\/strong><\/p>\n<\/td>\n<td width=\"119\">\n<p>www.google.com<\/p>\n<\/td>\n<td width=\"105\">\n<p>3 Meses , 19 Dias<\/p>\n<\/td>\n<td width=\"104\">\n<p>&nbsp;<\/p>\n<\/td>\n<td width=\"110\">\n<p>Google reCAPTCHA establece esta cookie, que protege nuestro sitio contra consultas de spam en formularios de contacto<\/p>\n<\/td>\n<\/tr>\n<\/tbody>\n<\/table>\n<p>&nbsp;<\/p>\n<p>&nbsp;<\/p>\n<p>&nbsp;<\/p>\n<p><strong>Cookies WEB (aplicaci\u00f3n)\u00a0 cloud.fullcertificate.com<\/strong><\/p>\n<p>&nbsp;<\/p>\n<table width=\"567\">\n<tbody>\n<tr>\n<td width=\"129\">\n<p><strong>Cookie<\/strong><\/p>\n<\/td>\n<td width=\"159\">\n<p><strong>Propietario<\/strong><\/p>\n<\/td>\n<td width=\"94\">\n<p><strong>Caducidad<\/strong><\/p>\n<\/td>\n<td width=\"185\">\n<p><strong>Finalidad<\/strong><\/p>\n<\/td>\n<\/tr>\n<tr>\n<td width=\"129\">\n<p><strong>ASP.NET_SessionId<\/strong><\/p>\n<\/td>\n<td width=\"159\">\n<p>cloud.fullcertificate.com<\/p>\n<\/td>\n<td width=\"94\">\n<p>Sesi\u00f3n<\/p>\n<\/td>\n<td width=\"185\">\n<p>Permitir la identificaci\u00f3n del usuario ante el sistema<\/p>\n<\/td>\n<\/tr>\n<tr>\n<td width=\"129\">\n<p><strong>_GRECAPTCHA<\/strong><\/p>\n<\/td>\n<td width=\"159\">\n<p>www.google.com<\/p>\n<\/td>\n<td width=\"94\">\n<p>Sesi\u00f3n<\/p>\n<\/td>\n<td width=\"185\">\n<p>Sistema de seguridad para evitar ataques de intrusi\u00f3n por bots. Usada \u00fanicamente en los formularios de Acceso y Registro<\/p>\n<\/td>\n<\/tr>\n<tr>\n<td width=\"129\">\n<p><strong>.ASPXAUTH<\/strong><\/p>\n<\/td>\n<td width=\"159\">\n<p>cloud.fullcertificate.com<\/p>\n<\/td>\n<td width=\"94\">\n<p>Sesi\u00f3n<\/p>\n<\/td>\n<td width=\"185\">\n<p>Se utiliza para identificar al usuario que ha accedido correctamente al sistema mediante su usuario y clave<\/p>\n<\/td>\n<\/tr>\n<tr>\n<td width=\"129\">\n<p><strong>CultureInfo<\/strong><\/p>\n<\/td>\n<td width=\"159\">\n<p>cloud.fullcertificate.com<\/p>\n<\/td>\n<td width=\"94\">\n<p>Sesi\u00f3n<\/p>\n<\/td>\n<td width=\"185\">\n<p>Se usa para identificar el idioma actual del usuario y poder mostrarle los textos del sistema<\/p>\n<\/td>\n<\/tr>\n<\/tbody>\n<\/table>\n<p>&nbsp;<\/p>\n<p><strong>Cookies WEB (entrega de mensajes)\u00a0 cloud.fullcertificate.com<\/strong><\/p>\n<p><strong>\u00a0<\/strong><\/p>\n<table width=\"567\">\n<tbody>\n<tr>\n<td width=\"129\">\n<p><strong>Cookie<\/strong><\/p>\n<\/td>\n<td width=\"159\">\n<p><strong>Propietario<\/strong><\/p>\n<\/td>\n<td width=\"94\">\n<p><strong>Caducidad<\/strong><\/p>\n<\/td>\n<td width=\"185\">\n<p><strong>Finalidad<\/strong><\/p>\n<\/td>\n<\/tr>\n<tr>\n<td width=\"129\">\n<p><strong>ASP.NET_SessionId<\/strong><\/p>\n<\/td>\n<td width=\"159\">\n<p>cloud.fullcertificate.com<\/p>\n<\/td>\n<td width=\"94\">\n<p>Sesi\u00f3n<\/p>\n<\/td>\n<td width=\"185\">\n<p>Permitir la identificaci\u00f3n del usuario ante el sistema<\/p>\n<\/td>\n<\/tr>\n<tr>\n<td width=\"129\">\n<p><strong>eidas-message<\/strong><\/p>\n<\/td>\n<td width=\"159\">\n<p>cloud.fullcertificate.com<\/p>\n<\/td>\n<td width=\"94\">\n<p>Sesi\u00f3n<\/p>\n<\/td>\n<td width=\"185\">\n<p>Datos de la validaci\u00f3n del destinatario<\/p>\n<\/td>\n<\/tr>\n<tr>\n<td width=\"129\">\n<p><strong>2FA<\/strong><\/p>\n<\/td>\n<td width=\"159\">\n<p>cloud.fullcertificate.com<\/p>\n<\/td>\n<td width=\"94\">\n<p>Sesi\u00f3n<\/p>\n<\/td>\n<td width=\"185\">\n<p>Datos de la validaci\u00f3n de doble factor<\/p>\n<\/td>\n<\/tr>\n<tr>\n<td width=\"129\">\n<p><strong>Qualified<\/strong><\/p>\n<\/td>\n<td width=\"159\">\n<p>cloud.fullcertificate.com<\/p>\n<\/td>\n<td width=\"94\">\n<p>Sesi\u00f3n<\/p>\n<\/td>\n<td width=\"185\">\n<p>Datos de la validaci\u00f3n del certificado electr\u00f3nico del usuario<\/p>\n<\/td>\n<\/tr>\n<\/tbody>\n<\/table>\n<ol>\n<li><strong> NOTAS ADICIONALES<\/strong><\/li>\n<\/ol>\n<ul>\n<li>Ni esta web ni sus representantes legales se hacen responsables ni del contenido ni de la veracidad de las pol\u00edticas de privacidad que puedan tener los terceros mencionados en esta pol\u00edtica de<em>cookies<\/em>.<\/li>\n<\/ul>\n<p>&nbsp;<\/p>\n<ul>\n<li>Los navegadores web son las herramientas encargadas de almacenar las<em>cookies<\/em>\u00a0y desde este lugar debe efectuar su derecho a eliminaci\u00f3n o desactivaci\u00f3n de las mismas. Ni esta web ni sus representantes legales pueden garantizar la correcta o incorrecta manipulaci\u00f3n de las\u00a0<em>cookies<\/em>\u00a0por parte de los mencionados navegadores.<\/li>\n<\/ul>\n<p>&nbsp;<\/p>\n<ul>\n<li>En algunos casos es necesario instalar<em>cookies<\/em>\u00a0para que el navegador no olvide su decisi\u00f3n de no aceptaci\u00f3n de las mismas.<\/li>\n<\/ul>\n<p>&nbsp;<\/p>\n<ul>\n<li>En el caso de las<em>cookies<\/em>\u00a0de Google Analytics, esta empresa almacena las\u00a0<em>cookies<\/em>\u00a0en servidores ubicados en Estados Unidos y se compromete a no compartirla con terceros, excepto en los casos en los que sea necesario para el funcionamiento del sistema o cuando la ley obligue a tal efecto. Seg\u00fan Google no guarda su direcci\u00f3n IP. Google Inc. es una compa\u00f1\u00eda adherida al Acuerdo de Puerto Seguro que garantiza que todos los datos transferidos ser\u00e1n tratados con un nivel de protecci\u00f3n acorde a la normativa europea. Puede consultar informaci\u00f3n detallada a este respecto\u00a0<a href=\"http:\/\/safeharbor.export.gov\/companyinfo.aspx?id=16626\">en este enlace<\/a>. Si desea informaci\u00f3n sobre el uso que Google da a las cookies\u00a0<a href=\"https:\/\/developers.google.com\/analytics\/devguides\/collection\/analyticsjs\/cookie-usage?hl=es&amp;csw=1\">le adjuntamos este otro enlace.<\/a><\/li>\n<\/ul>\n[\/vc_column_text][\/vc_column][\/vc_row]\n","protected":false},"excerpt":{"rendered":"<p>[vc_row][vc_column][vc_column_text disable_pattern=\u00bbtrue\u00bb align=\u00bbleft\u00bb margin_bottom=\u00bb0&#8243;] POLITICA DE COOKIESFULL CERTIFICATE &#8211; WEB \u00a0 INTRODUCCION \u00a0 El sitio web de FULL CERTIFICATE (fullcertificate.com\u00a0 &amp; www.avisoscertificados.com) usa Cookies para mejorar y optimizar la experiencia del usuario. AVISOS SOLO PARA ESPA\u00d1A &nbsp; II. \u00bfQUE SON LAS COOKIES? \u00a0 Las cookies son archivos que se descargan en su equipo a trave\u0301s [&hellip;]<\/p>\n","protected":false},"author":2,"featured_media":0,"parent":0,"menu_order":0,"comment_status":"closed","ping_status":"open","template":"","meta":{"_bbp_topic_count":0,"_bbp_reply_count":0,"_bbp_total_topic_count":0,"_bbp_total_reply_count":0,"_bbp_voice_count":0,"_bbp_anonymous_reply_count":0,"_bbp_topic_count_hidden":0,"_bbp_reply_count_hidden":0,"_bbp_forum_subforum_count":0},"_links":{"self":[{"href":"https:\/\/www.fullcertificate.com\/es\/wp-json\/wp\/v2\/pages\/10259"}],"collection":[{"href":"https:\/\/www.fullcertificate.com\/es\/wp-json\/wp\/v2\/pages"}],"about":[{"href":"https:\/\/www.fullcertificate.com\/es\/wp-json\/wp\/v2\/types\/page"}],"author":[{"embeddable":true,"href":"https:\/\/www.fullcertificate.com\/es\/wp-json\/wp\/v2\/users\/2"}],"replies":[{"embeddable":true,"href":"https:\/\/www.fullcertificate.com\/es\/wp-json\/wp\/v2\/comments?post=10259"}],"version-history":[{"count":3,"href":"https:\/\/www.fullcertificate.com\/es\/wp-json\/wp\/v2\/pages\/10259\/revisions"}],"predecessor-version":[{"id":27098,"href":"https:\/\/www.fullcertificate.com\/es\/wp-json\/wp\/v2\/pages\/10259\/revisions\/27098"}],"wp:attachment":[{"href":"https:\/\/www.fullcertificate.com\/es\/wp-json\/wp\/v2\/media?parent=10259"}],"curies":[{"name":"wp","href":"https:\/\/api.w.org\/{rel}","templated":true}]}}