{"id":10287,"date":"2018-11-29T14:25:05","date_gmt":"2018-11-29T14:25:05","guid":{"rendered":"https:\/\/fullcertificate.com\/?page_id=10287"},"modified":"2021-09-28T13:55:27","modified_gmt":"2021-09-28T13:55:27","slug":"recibo-domiciliado-sepa","status":"publish","type":"page","link":"https:\/\/www.fullcertificate.com\/es\/recibo-domiciliado-sepa\/","title":{"rendered":"Recibo domiciliado SEPA"},"content":{"rendered":"[mk_page_section layout_structure=\u00bbfull\u00bb attachment=\u00bbscroll\u00bb bg_position=\u00bbcenter top\u00bb bg_repeat=\u00bbno-repeat\u00bb bg_stretch=\u00bbtrue\u00bb enable_3d=\u00bbfalse\u00bb speed_factor=\u00bb0.3&#8243; bg_video=\u00bbno\u00bb video_source=\u00bbself\u00bb stream_host_website=\u00bbyoutube\u00bb video_mask=\u00bbfalse\u00bb bg_gradient=\u00bbfalse\u00bb gr_end=\u00bb#1e73be\u00bb video_opacity=\u00bb0.6&#8243; top_shadow=\u00bbfalse\u00bb section_layout=\u00bbfull\u00bb min_height=\u00bb350&#8243; full_width=\u00bbfalse\u00bb full_height=\u00bbfalse\u00bb intro_effect=\u00bbfalse\u00bb padding_top=\u00bb20&#8243; padding_bottom=\u00bb0&#8243; margin_bottom=\u00bb0&#8243; skip_arrow=\u00bbfalse\u00bb skip_arrow_skin=\u00bblight\u00bb first_page=\u00bbtrue\u00bb last_page=\u00bbtrue\u00bb sidebar=\u00bbsidebar-1&#8243; bg_image=\u00bbhttps:\/\/fullcertificate.com\/wp-content\/uploads\/2016\/09\/recibo-domiciliado-sepa-1.jpg\u00bb][vc_column border_color=\u00bb\u00bb visibility=\u00bb\u00bb width=\u00bb1\/1&#8243;][mk_fancy_title tag_name=\u00bbh1&#8243; style=\u00bbfalse\u00bb color=\u00bb#000000&#8243; size=\u00bb40&#8243; font_weight=\u00bbnormal\u00bb font_style=\u00bbnormal\u00bb txt_transform=\u00bbnone\u00bb letter_spacing=\u00bb0&#8243; margin_top=\u00bb60&#8243; margin_bottom=\u00bb0&#8243; font_family=\u00bbnone\u00bb align=\u00bbleft\u00bb]Recibo domiciliado SEPA[\/mk_fancy_title][mk_fancy_title tag_name=\u00bbh1&#8243; style=\u00bbfalse\u00bb color=\u00bb#000000&#8243; size=\u00bb25&#8243; font_weight=\u00bb300&#8243; font_style=\u00bbnormal\u00bb txt_transform=\u00bbnone\u00bb letter_spacing=\u00bb0&#8243; margin_top=\u00bb0&#8243; margin_bottom=\u00bb0&#8243; font_family=\u00bbnone\u00bb align=\u00bbleft\u00bb]Domicilie sus recibos y facturas con acuerdo electr\u00f3nico para cobro en C\/C.[\/mk_fancy_title][mk_button dimension=\u00bbflat\u00bb corner_style=\u00bbpointed\u00bb size=\u00bbmedium\u00bb outline_skin=\u00bbdark\u00bb outline_active_color=\u00bb#ffffff\u00bb outline_hover_color=\u00bb#333333&#8243; bg_color=\u00bb#0062b0&#8243; btn_hover_bg=\u00bb#252525&#8243; text_color=\u00bblight\u00bb icon_anim=\u00bbnone\u00bb url=\u00bbhttps:\/\/fullcertificate.com\/es\/contacto\/\u00bb target=\u00bb_self\u00bb align=\u00bbleft\u00bb fullwidth=\u00bbfalse\u00bb button_custom_width=\u00bb250&#8243; margin_top=\u00bb0&#8243; margin_bottom=\u00bb15&#8243;]CONTACTAR AHORA[\/mk_button][\/vc_column][\/mk_page_section][mk_page_section layout_structure=\u00bbfull\u00bb attachment=\u00bbscroll\u00bb bg_position=\u00bbleft top\u00bb bg_repeat=\u00bbrepeat\u00bb bg_stretch=\u00bbfalse\u00bb enable_3d=\u00bbfalse\u00bb speed_factor=\u00bb0.3&#8243; bg_video=\u00bbno\u00bb video_source=\u00bbself\u00bb stream_host_website=\u00bbyoutube\u00bb video_mask=\u00bbfalse\u00bb bg_gradient=\u00bbfalse\u00bb gr_end=\u00bb#1e73be\u00bb video_opacity=\u00bb0.6&#8243; top_shadow=\u00bbfalse\u00bb section_layout=\u00bbfull\u00bb min_height=\u00bb100&#8243; full_width=\u00bbfalse\u00bb full_height=\u00bbfalse\u00bb intro_effect=\u00bbfalse\u00bb padding_top=\u00bb50&#8243; padding_bottom=\u00bb50&#8243; skip_arrow=\u00bbfalse\u00bb skip_arrow_skin=\u00bblight\u00bb first_page=\u00bbfalse\u00bb last_page=\u00bbfalse\u00bb sidebar=\u00bbsidebar-1&#8243;][vc_column border_color=\u00bb\u00bb visibility=\u00bb\u00bb width=\u00bb3\/4&#8243;][mk_fancy_title tag_name=\u00bbh2&#8243; style=\u00bbfalse\u00bb color=\u00bb#0062af\u00bb size=\u00bb30&#8243; font_weight=\u00bbnormal\u00bb font_style=\u00bbnormal\u00bb txt_transform=\u00bbnone\u00bb letter_spacing=\u00bb0&#8243; margin_top=\u00bb0&#8243; margin_bottom=\u00bb0&#8243; font_family=\u00bbnone\u00bb align=\u00bbleft\u00bb]Recibo domiciliado SEPA[\/mk_fancy_title][mk_divider style=\u00bbthin_solid\u00bb divider_width=\u00bbfull_width\u00bb custom_width=\u00bb10&#8243; align=\u00bbleft\u00bb border_color=\u00bb#d1d1d1&#8243; thickness=\u00bb4&#8243; margin_top=\u00bb0&#8243; margin_bottom=\u00bb20&#8243; el_class=\u00bb\u00bb][mk_fancy_title tag_name=\u00bbh2&#8243; style=\u00bbfalse\u00bb color=\u00bb#000000&#8243; size=\u00bb17&#8243; font_weight=\u00bbbold\u00bb font_style=\u00bbnormal\u00bb txt_transform=\u00bbuppercase\u00bb letter_spacing=\u00bb0&#8243; margin_top=\u00bb0&#8243; margin_bottom=\u00bb30&#8243; font_family=\u00bbnone\u00bb align=\u00bbleft\u00bb]FACILITAMOS SUS COBROS DESDE CUALQUIER ENTIDAD FINANCIERA EUROPEA CON LA M\u00c1XIMA AGILIDAD Y SEGURIDAD.[\/mk_fancy_title][vc_row_inner attached=\u00bbfalse\u00bb padding=\u00bb0&#8243; visibility=\u00bb\u00bb][vc_column_inner el_class=\u00bb\u00bb width=\u00bb1\/3&#8243;][mk_icon_box2 icon_type=\u00bbimage\u00bb icon_size=\u00bbinherit\u00bb icon=\u00bbmk-li-smile\u00bb title_size=\u00bb0&#8243; title_weight=\u00bbinherit\u00bb title_top_padding=\u00bb0&#8243; title_bottom_padding=\u00bb0&#8243; align=\u00bbcenter\u00bb]<img class=\"wp-image-6439 size-medium aligncenter\" src=\"https:\/\/fullcertificate.com\/wp-content\/uploads\/2018\/11\/icono-sepa-avisos-certificados-1.png\" alt=\"\" width=\"216\" \/><\/p>\n<p style=\"text-align: center;\"><strong><span style=\"color: #0062b0;\"><a style=\"color: #0062b0;\" href=\"https:\/\/www.avisoscertificados.com\/contactenos\/\">S\u20acPA<\/a> <\/span><\/strong>Recibo domiciliado Smart Contracts Smart Payments <span style=\"color: #000000; text-decoration: none;\">Smart Recovery Dashboard<\/span><\/p>\n[\/mk_icon_box2][\/vc_column_inner][vc_column_inner el_class=\u00bb\u00bb width=\u00bb2\/3&#8243;][mk_fancy_title tag_name=\u00bbh4&#8243; style=\u00bbfalse\u00bb color=\u00bb#000000&#8243; size=\u00bb14&#8243; font_weight=\u00bbnormal\u00bb font_style=\u00bbnormal\u00bb txt_transform=\u00bbnone\u00bb letter_spacing=\u00bb0&#8243; margin_top=\u00bb0&#8243; margin_bottom=\u00bb20&#8243; font_family=\u00bbnone\u00bb align=\u00bbleft\u00bb]<strong>\u00bfQU\u00c9 ES SEPA?<\/strong> La zona \u00fanica de pagos en euros (conocida bajo el acr\u00f3nimo SEPA,\u00a0<em>Single Euro Payments Area<\/em>) es una iniciativa de la Uni\u00f3n Europea (UE) para armonizar los pagos en la Eurozona. Su <span style=\"color: #0062af;\">objetivo es conseguir que los pagos europeos sean tan sencillos y baratos como los nacionales<\/span> a trav\u00e9s de la creaci\u00f3n de un mercado \u00fanico para pagos denominados en euros. Mediante el servicio de <strong>RECIBO DOMICILIADO SEPA,<\/strong> podr\u00e1 realizar una orden de domiciliaci\u00f3n con la cual <span style=\"color: #0062af;\">el deudor autoriza y consiente al acreedor a:<\/span><\/p>\n<ul>\n<li><span style=\"color: #0062af;\">Iniciar los cobros<\/span> mediante el cargo en la cuenta indicada por el deudor.<\/li>\n<li><span style=\"color: #0062af;\">Cargar en su cuenta los adeudos<\/span> presentados al cobro por la entidad bancaria del acreedor.<\/li>\n<\/ul>\n[\/mk_fancy_title][mk_fancy_title tag_name=\u00bbh4&#8243; style=\u00bbfalse\u00bb color=\u00bb#000000&#8243; size=\u00bb14&#8243; font_weight=\u00bbnormal\u00bb font_style=\u00bbnormal\u00bb txt_transform=\u00bbnone\u00bb letter_spacing=\u00bb0&#8243; margin_top=\u00bb0&#8243; margin_bottom=\u00bb20&#8243; font_family=\u00bbnone\u00bb align=\u00bbleft\u00bb]<strong>PROCESO:<\/strong><\/p>\n<ol>\n<li><span style=\"color: #3366ff;\"><span style=\"color: #0062af;\">Agrega clientes:<\/span>\u00a0<\/span>Invita a los clientes a los que facturas peri\u00f3dicamente a rellenar un sencillo formulario de domiciliaci\u00f3n bancaria, una sola vez.<\/li>\n<li><span style=\"color: #3366ff;\"><span style=\"color: #0062af;\">Programa los pagos:<\/span>\u00a0<\/span>Crea un pago para el cliente. Selecciona la fecha y la cantidad del pago. Puedes crear un pago \u00fanico o varios pagos para cada cliente.<\/li>\n<li><span style=\"color: #3366ff;\"><span style=\"color: #0062af;\">Cobra en plazo:<\/span>\u00a0<\/span>Los pagos se cobran autom\u00e1ticamente en las fechas que hayas establecido y el cliente recibe una notificaci\u00f3n previa.<\/li>\n<\/ol>\n<p>Con el <strong>Recibo Domiciliado SEPA<\/strong> se eliminan las <span style=\"color: #0062af;\">diferencias entre pagos nacionales y transfronterizos<\/span> lo cual refiere a las siguientes operaciones: domiciliaciones, transferencias y pagos con tarjetas. Este servicio es muy <span style=\"color: #0062af;\">beneficioso para el cobro a clientes por medio de recibos domiciliados<\/span> necesitando antes una autorizaci\u00f3n expl\u00edcita para que su entidad bancaria cargue los importes en su cuenta.[\/mk_fancy_title][mk_fancy_title tag_name=\u00bbh4&#8243; style=\u00bbfalse\u00bb color=\u00bb#000000&#8243; size=\u00bb14&#8243; font_weight=\u00bbnormal\u00bb font_style=\u00bbnormal\u00bb txt_transform=\u00bbnone\u00bb letter_spacing=\u00bb0&#8243; margin_top=\u00bb0&#8243; margin_bottom=\u00bb20&#8243; font_family=\u00bbnone\u00bb align=\u00bbleft\u00bb]La figura de <strong>Avisos Certificados<\/strong> como <strong>Tercero de Confianza<\/strong>, le garantiza que sus env\u00edos poseen plena validez legal. R\u00e1pido, econ\u00f3mico, ecol\u00f3gico y c\u00f3modo, desde su ordenador, ahorrando tiempo y trabajo. Adem\u00e1s ofrecemos, con todos nuestros productos, el servicio de dep\u00f3sito notarial bajo demanda.[\/mk_fancy_title][mk_fancy_title tag_name=\u00bbh4&#8243; style=\u00bbfalse\u00bb color=\u00bb#0062af\u00bb size=\u00bb14&#8243; font_weight=\u00bbnormal\u00bb font_style=\u00bbnormal\u00bb txt_transform=\u00bbnone\u00bb letter_spacing=\u00bb0&#8243; margin_top=\u00bb0&#8243; margin_bottom=\u00bb20&#8243; font_family=\u00bbnone\u00bb align=\u00bbleft\u00bb]\n<p class=\"mk-shortcode mk-fancy-title fancy-title-align-left simple-style \"><span style=\"color: #0062af;\"><a style=\"color: #0062af;\" href=\"https:\/\/fullcertificate.com\/es\/tarifas-precios-burofax\/\">VER TODAS LAS TARIFAS<\/a><\/span><\/p>\n<p><span style=\"color: #0062af;\"> <a style=\"color: #0062af;\" href=\"http:\/\/www.avisoscertificados.com\/burofax-online-precios-correos-vs-avisos-certificados\/\">VER COMPARATIVA DE PRECIOS ENTRE CORREOS Y AVISOS CERTIFICADOS<\/a><\/span> [\/mk_fancy_title][\/vc_column_inner][\/vc_row_inner][\/vc_column][vc_column border_color=\u00bb#ffffff\u00bb width=\u00bb1\/4&#8243;][mk_image src=\u00bbhttps:\/\/fullcertificate.com\/wp-content\/uploads\/2021\/09\/sello-certificate-3.png\u00bb image_width=\u00bb180&#8243; image_height=\u00bb350&#8243; crop=\u00bbfalse\u00bb svg=\u00bbfalse\u00bb lightbox=\u00bbfalse\u00bb frame_style=\u00bbsimple\u00bb target=\u00bb_self\u00bb caption_location=\u00bbinside-image\u00bb align=\u00bbcenter\u00bb margin_bottom=\u00bb35&#8243;][vc_row_inner attached=\u00bbfalse\u00bb padding=\u00bb0&#8243; visibility=\u00bb\u00bb][vc_column_inner width=\u00bb1\/1&#8243; css=\u00bb.vc_custom_1617185477065{margin-bottom: 32px !important;border-top-width: 1px !important;border-right-width: 1px !important;border-bottom-width: 1px !important;border-left-width: 1px !important;border-left-color: #f2006e !important;border-left-style: solid !important;border-right-color: #f2006e !important;border-right-style: solid !important;border-top-color: #f2006e !important;border-top-style: solid !important;border-bottom-color: #f2006e !important;border-bottom-style: solid !important;}\u00bb][mk_fancy_title tag_name=\u00bbh2&#8243; style=\u00bbfalse\u00bb color=\u00bb#000000&#8243; size=\u00bb20&#8243; font_weight=\u00bbbold\u00bb font_style=\u00bbnormal\u00bb txt_transform=\u00bbuppercase\u00bb letter_spacing=\u00bb0&#8243; margin_top=\u00bb20&#8243; font_family=\u00bbnone\u00bb align=\u00bbcenter\u00bb margin_bottom=\u00bb0&#8243;]\n<p style=\"text-align: center;\">REG\u00cdSTRESE GRATIS<\/p>\n[\/mk_fancy_title][mk_fancy_title tag_name=\u00bbh2&#8243; style=\u00bbfalse\u00bb color=\u00bb#000000&#8243; size=\u00bb16&#8243; font_weight=\u00bbnormal\u00bb font_style=\u00bbnormal\u00bb txt_transform=\u00bbnone\u00bb letter_spacing=\u00bb0&#8243; margin_top=\u00bb0&#8243; font_family=\u00bbnone\u00bb align=\u00bbcenter\u00bb margin_bottom=\u00bb0&#8243;]\n<p style=\"text-align: center;\">Pruebe nuestros Servicios Certificados con total validez legal.<\/p>\n<p>&nbsp;<\/p>\n<p style=\"text-align: center;\"><strong><span style=\"color: #0062b0;\">Sin cuotas, sin contratos.<\/span> <\/strong>Su saldo nunca caduca.<\/p>\n[\/mk_fancy_title][mk_button dimension=\u00bbflat\u00bb corner_style=\u00bbrounded\u00bb size=\u00bbmedium\u00bb outline_skin=\u00bbdark\u00bb outline_active_color=\u00bb#ffffff\u00bb outline_hover_color=\u00bb#333333&#8243; btn_hover_bg=\u00bb#252525&#8243; text_color=\u00bblight\u00bb icon_anim=\u00bbnone\u00bb url=\u00bbhttps:\/\/cloud.fullcertificate.com\/registro_gratis.aspx\u00bb target=\u00bb_blank\u00bb align=\u00bbcenter\u00bb fullwidth=\u00bbfalse\u00bb button_custom_width=\u00bb160&#8243; margin_top=\u00bb0&#8243; btn_hover_txt_color=\u00bb#ffffff\u00bb bg_color=\u00bb#f2006e\u00bb margin_bottom=\u00bb15&#8243;]HAGA CLICK AQU\u00cd[\/mk_button][\/vc_column_inner][\/vc_row_inner][vc_row_inner attached=\u00bbfalse\u00bb padding=\u00bb0&#8243; visibility=\u00bb\u00bb][vc_column_inner width=\u00bb1\/1&#8243; css=\u00bb.vc_custom_1617185500150{border-top-width: 1px !important;border-right-width: 1px !important;border-bottom-width: 1px !important;border-left-width: 1px !important;border-left-color: #f2006e !important;border-left-style: solid !important;border-right-color: #f2006e !important;border-right-style: solid !important;border-top-color: #f2006e !important;border-top-style: solid !important;border-bottom-color: #f2006e !important;border-bottom-style: solid !important;}\u00bb][mk_fancy_title tag_name=\u00bbh2&#8243; style=\u00bbfalse\u00bb color=\u00bb#000000&#8243; size=\u00bb20&#8243; font_weight=\u00bbbold\u00bb font_style=\u00bbnormal\u00bb txt_transform=\u00bbuppercase\u00bb letter_spacing=\u00bb0&#8243; margin_top=\u00bb20&#8243; margin_bottom=\u00bb0&#8243; font_family=\u00bbnone\u00bb align=\u00bbcenter\u00bb]\n<p style=\"text-align: center;\">LE LLAMAMOS<\/p>\n[\/mk_fancy_title][mk_fancy_title tag_name=\u00bbh2&#8243; style=\u00bbfalse\u00bb color=\u00bb#000000&#8243; size=\u00bb16&#8243; font_weight=\u00bbnormal\u00bb font_style=\u00bbnormal\u00bb txt_transform=\u00bbnone\u00bb letter_spacing=\u00bb0&#8243; margin_top=\u00bb0&#8243; margin_bottom=\u00bb0&#8243; font_family=\u00bbnone\u00bb align=\u00bbcenter\u00bb]\n<p style=\"text-align: center;\">Introduzca sus datos y le llamamos lo antes posible.<\/p>\n[\/mk_fancy_title][vc_raw_js]JTNDc2NyaXB0JTIwdHlwZSUzRCUyN3RleHQlMkZqYXZhc2NyaXB0JTI3JTNFJTBBalF1ZXJ5JTI4ZG9jdW1lbnQlMjkucmVhZHklMjhmdW5jdGlvbiUyOCUyOSUyMCU3QiUwQSUwOSUyNCUyOCUyMi5jbGljazJjYWxsJTIyJTI5LmZhbmN5Ym94JTI4JTdCJTBBJTA5JTA5bWF4V2lkdGglMDklM0ElMjA0MDAlMkMlMEElMDklMDltYXhIZWlnaHQlMDklM0ElMjA2MDAlMkMlMEElMjAlMjAlMjAlMjAlMjAlMjAlMjAlMjAlMjAlMjAlMjAlMjAlMjAlMjAlMjAlMjBtaW5IZWlnaHQlMjAlMjAlMjAlMjAlMjAlMjAlMjAlM0ElMjA4MDAlMkMlMEElMjAlMjAlMjAlMjAlMjAlMjAlMjAlMjAlMjAlMjAlMjAlMjAlMjAlMjAlMjAlMjB3aWR0aCUyMCUyMCUyMCUyMCUyMCUyMCUyMCUyMCUyMCUyMCUyMCUzQSUyMDQwMCUyQyUwQSUyMCUyMCUyMCUyMCUyMCUyMCUyMCUyMCUyMCUyMCUyMCUyMCUyMCUyMCUyMCUyMGhlaWdodCUyMCUyMCUyMCUyMCUyMCUyMCUyMCUyMCUyMCUyMCUzQSUyMDYwMCUyQyUwQSUwOSUwOWZpdFRvVmlldyUwOSUzQSUyMHRydWUlMkMlMEElMDklMDljbG9zZUNsaWNrJTA5JTNBJTIwZmFsc2UlMkMlMEElMDklMDlvcGVuRWZmZWN0JTA5JTNBJTIwJTI3bm9uZSUyNyUyQyUwQSUwOSUwOWNsb3NlRWZmZWN0JTA5JTNBJTIwJTI3bm9uZSUyNyUyQyUwQSUyMCUyMCUyMCUyMCUyMCUyMCUyMCUyMCUyMCUyMCUyMCUyMCUyMCUyMCUyMCUyMGF1dG9DZW50ZXIlMjAlMjAlMjAlMjAlMjAlMjAlM0ElMjB0cnVlJTBBJTA5JTdEJTI5JTNCJTBBJTdEJTI5JTNCJTBBJTNDJTJGc2NyaXB0JTNF[\/vc_raw_js][mk_button dimension=\u00bbflat\u00bb corner_style=\u00bbrounded\u00bb size=\u00bbmedium\u00bb outline_skin=\u00bbdark\u00bb outline_active_color=\u00bb#ffffff\u00bb outline_hover_color=\u00bb#333333&#8243; btn_hover_bg=\u00bb#252525&#8243; text_color=\u00bblight\u00bb icon_anim=\u00bbnone\u00bb url=\u00bbhttps:\/\/www.emailforce.net\/call4leads\/click2call.aspx?id=3&#8243; target=\u00bb_self\u00bb align=\u00bbcenter\u00bb fullwidth=\u00bbfalse\u00bb button_custom_width=\u00bb160&#8243; margin_top=\u00bb0&#8243; el_class=\u00bbclick2call iframe\u00bb bg_color=\u00bb#0062b0&#8243; margin_bottom=\u00bb15&#8243;]SOLICITAR LLAMADA[\/mk_button][\/vc_column_inner][\/vc_row_inner][vc_empty_space height=\u00bb20px\u00bb][mk_icon_box2 icon_type=\u00bbimage\u00bb icon_size=\u00bb16&#8243; icon=\u00bbmk-li-smile\u00bb title_size=\u00bb0&#8243; title_weight=\u00bbinherit\u00bb title_top_padding=\u00bb0&#8243; title_bottom_padding=\u00bb0&#8243; align=\u00bbcenter\u00bb] <a href=\"https:\/\/fullcertificate.com\/es\/contacto\/\"><img loading=\"lazy\" class=\"wp-image-6433 size-medium aligncenter\" src=\"https:\/\/fullcertificate.com\/wp-content\/uploads\/2018\/10\/logo-smartmoney-1.png\" alt=\"\" width=\"180\" height=\"31\" \/><\/a><a href=\"https:\/\/fullcertificate.com\/es\/contacto\/\"><img loading=\"lazy\" class=\"wp-image-6439 size-medium aligncenter\" src=\"https:\/\/fullcertificate.com\/wp-content\/uploads\/2018\/10\/grafico-smart-money-3-1.png\" alt=\"\" width=\"170\" height=\"300\" \/><\/a><\/p>\n<p style=\"text-align: center;\"><strong><span style=\"color: #0062b0;\"><a style=\"color: #0062b0;\" href=\"https:\/\/fullcertificate.com\/es\/contacto\/\">SMART MONEY<\/a> <\/span><\/strong>Smart Contracts Smart Payments <span style=\"color: #000000; text-decoration: none;\">Smart Recovery Dashboard <\/span><\/p>\n[\/mk_icon_box2][vc_row_inner attached=\u00bbfalse\u00bb padding=\u00bb0&#8243; visibility=\u00bb\u00bb][vc_column_inner el_class=\u00bb\u00bb width=\u00bb1\/1&#8243;][mk_icon_box2 icon_type=\u00bbimage\u00bb icon_size=\u00bb16&#8243; icon=\u00bbmk-li-smile\u00bb title_size=\u00bb0&#8243; title_weight=\u00bbinherit\u00bb title_top_padding=\u00bb0&#8243; title_bottom_padding=\u00bb0&#8243; align=\u00bbcenter\u00bb] <a href=\"https:\/\/fullcertificate.com\/es\/contacto\/\"><img loading=\"lazy\" class=\"aligncenter wp-image-6393 size-full\" src=\"https:\/\/fullcertificate.com\/wp-content\/uploads\/2018\/10\/logo-smartcontracts-2-1.png\" alt=\"\" width=\"210\" height=\"29\" \/><\/a><a href=\"https:\/\/fullcertificate.com\/es\/contacto\/\"><img loading=\"lazy\" class=\"wp-image-6387 size-medium aligncenter\" src=\"https:\/\/fullcertificate.com\/wp-content\/uploads\/2018\/10\/grafico-smart-contracts-1.png\" alt=\"\" width=\"170\" height=\"297\" \/><\/a><\/p>\n<p style=\"text-align: center;\"><a href=\"https:\/\/fullcertificate.com\/es\/contacto\/\"><strong><span style=\"color: #0062b0;\">SMART CONTRACTS<\/span><\/strong> <\/a><span style=\"color: #000000; text-decoration: none;\">Contratos inteligentes<\/span> <span style=\"color: #000000; text-decoration: none;\">Procesos automatizados<\/span> <span style=\"color: #000000; text-decoration: none;\">Validez legal<\/span><\/p>\n[\/mk_icon_box2][\/vc_column_inner][\/vc_row_inner][vc_row_inner attached=\u00bbfalse\u00bb padding=\u00bb0&#8243; visibility=\u00bb\u00bb][vc_column_inner el_class=\u00bb\u00bb width=\u00bb1\/1&#8243;][vc_empty_space height=\u00bb20px\u00bb][\/vc_column_inner][\/vc_row_inner][vc_row_inner attached=\u00bbfalse\u00bb padding=\u00bb0&#8243; visibility=\u00bb\u00bb][vc_column_inner width=\u00bb1\/1&#8243; css=\u00bb.vc_custom_1540979094932{border-top-width: 1px !important;border-right-width: 1px !important;border-bottom-width: 1px !important;border-left-width: 1px !important;padding-top: 20px !important;padding-bottom: 20px !important;background-color: #ffffff !important;border-left-color: #1e73be !important;border-left-style: solid !important;border-right-color: #1e73be !important;border-right-style: solid !important;border-top-color: #1e73be !important;border-top-style: solid !important;border-bottom-color: #1e73be !important;border-bottom-style: solid !important;}\u00bb][mk_fancy_title tag_name=\u00bbh2&#8243; style=\u00bbfalse\u00bb color=\u00bb#000000&#8243; size=\u00bb20&#8243; font_weight=\u00bbbold\u00bb font_style=\u00bbnormal\u00bb txt_transform=\u00bbuppercase\u00bb letter_spacing=\u00bb0&#8243; margin_top=\u00bb0&#8243; font_family=\u00bbnone\u00bb align=\u00bbcenter\u00bb margin_bottom=\u00bb0&#8243;]\n<p style=\"text-align: center;\">Datos de contacto<\/p>\n[\/mk_fancy_title][mk_fancy_title tag_name=\u00bbh2&#8243; style=\u00bbfalse\u00bb color=\u00bb#1e73be\u00bb size=\u00bb14&#8243; font_weight=\u00bbnormal\u00bb font_style=\u00bbnormal\u00bb txt_transform=\u00bbnone\u00bb letter_spacing=\u00bb0&#8243; margin_top=\u00bb0&#8243; font_family=\u00bbnone\u00bb align=\u00bbcenter\u00bb margin_bottom=\u00bb18&#8243;]\n<p style=\"text-align: center;\"><strong>Tel\u00e9fono:<\/strong> (0034) 91 005 26 59 <strong>Direcci\u00f3n:<\/strong> C\/ Boix y Morer 6, planta 9. 28003 Madrid, Espa\u00f1a<\/p>\n[\/mk_fancy_title][mk_button dimension=\u00bbflat\u00bb corner_style=\u00bbrounded\u00bb size=\u00bbmedium\u00bb outline_skin=\u00bbdark\u00bb outline_active_color=\u00bb#ffffff\u00bb outline_hover_color=\u00bb#333333&#8243; btn_hover_bg=\u00bb#252525&#8243; text_color=\u00bblight\u00bb icon_anim=\u00bbnone\u00bb url=\u00bbhttps:\/\/fullcertificate.com\/es\/contacto\/\u00bb target=\u00bb_self\u00bb align=\u00bbcenter\u00bb fullwidth=\u00bbfalse\u00bb button_custom_width=\u00bb160&#8243; margin_top=\u00bb0&#8243; bg_color=\u00bb#0062b0&#8243; margin_bottom=\u00bb15&#8243;]CONT\u00c1CTENOS[\/mk_button][\/vc_column_inner][\/vc_row_inner][\/vc_column][\/mk_page_section]\n[mk_page_section layout_structure=\u00bbfull\u00bb attachment=\u00bbscroll\u00bb bg_position=\u00bbleft top\u00bb bg_repeat=\u00bbrepeat\u00bb bg_stretch=\u00bbfalse\u00bb enable_3d=\u00bbfalse\u00bb speed_factor=\u00bb0.3&#8243; bg_video=\u00bbno\u00bb video_source=\u00bbself\u00bb stream_host_website=\u00bbyoutube\u00bb video_mask=\u00bbfalse\u00bb bg_gradient=\u00bbfalse\u00bb gr_end=\u00bb#1e73be\u00bb video_opacity=\u00bb0.6&#8243; top_shadow=\u00bbfalse\u00bb section_layout=\u00bbfull\u00bb min_height=\u00bb100&#8243; full_width=\u00bbtrue\u00bb full_height=\u00bbfalse\u00bb intro_effect=\u00bbfalse\u00bb padding_top=\u00bb10&#8243; padding_bottom=\u00bb10&#8243; margin_bottom=\u00bb0&#8243; skip_arrow=\u00bbfalse\u00bb skip_arrow_skin=\u00bblight\u00bb first_page=\u00bbfalse\u00bb last_page=\u00bbfalse\u00bb sidebar=\u00bbsidebar-1&#8243;][vc_column border_color=\u00bb\u00bb visibility=\u00bb\u00bb width=\u00bb1\/1&#8243;][mk_divider style=\u00bbthin_solid\u00bb divider_width=\u00bbfull_width\u00bb custom_width=\u00bb10&#8243; align=\u00bbcenter\u00bb border_color=\u00bb#0062af\u00bb thickness=\u00bb4&#8243; margin_top=\u00bb10&#8243; margin_bottom=\u00bb40&#8243;][mk_fancy_title tag_name=\u00bbh4&#8243; style=\u00bbfalse\u00bb color=\u00bb#393836&#8243; size=\u00bb30&#8243; font_weight=\u00bbnormal\u00bb font_style=\u00bbnormal\u00bb txt_transform=\u00bbuppercase\u00bb letter_spacing=\u00bb0&#8243; margin_top=\u00bb0&#8243; margin_bottom=\u00bb18&#8243; font_family=\u00bbnone\u00bb align=\u00bbcenter\u00bb]\n<p style=\"text-align: center;\">\u00a0 \u00a0CON LA GARANT\u00cdA DE<\/p>\n[\/mk_fancy_title][mk_image src=\u00bbhttps:\/\/fullcertificate.com\/wp-content\/uploads\/2021\/09\/footer-avisos-25-idiomas-6-interiores.jpg\u00bb image_width=\u00bb800&#8243; image_height=\u00bb350&#8243; crop=\u00bbfalse\u00bb svg=\u00bbfalse\u00bb lightbox=\u00bbfalse\u00bb frame_style=\u00bbsimple\u00bb target=\u00bb_blank\u00bb caption_location=\u00bbinside-image\u00bb align=\u00bbcenter\u00bb margin_bottom=\u00bb10&#8243; link=\u00bbhttp:\/\/fullcertificate.com\/\u00bb][vc_row_inner attached=\u00bbfalse\u00bb padding=\u00bb0&#8243; visibility=\u00bb\u00bb][vc_column_inner el_class=\u00bb\u00bb width=\u00bb1\/4&#8243;][\/vc_column_inner][vc_column_inner el_class=\u00bb\u00bb width=\u00bb1\/2&#8243;][\/vc_column_inner][vc_column_inner el_class=\u00bb\u00bb width=\u00bb1\/4&#8243;][\/vc_column_inner][\/vc_row_inner][\/vc_column][\/mk_page_section]\n","protected":false},"excerpt":{"rendered":"<p>[mk_page_section layout_structure=\u00bbfull\u00bb attachment=\u00bbscroll\u00bb bg_position=\u00bbcenter top\u00bb bg_repeat=\u00bbno-repeat\u00bb bg_stretch=\u00bbtrue\u00bb enable_3d=\u00bbfalse\u00bb speed_factor=\u00bb0.3&#8243; bg_video=\u00bbno\u00bb video_source=\u00bbself\u00bb stream_host_website=\u00bbyoutube\u00bb video_mask=\u00bbfalse\u00bb bg_gradient=\u00bbfalse\u00bb gr_end=\u00bb#1e73be\u00bb video_opacity=\u00bb0.6&#8243; top_shadow=\u00bbfalse\u00bb section_layout=\u00bbfull\u00bb min_height=\u00bb350&#8243; full_width=\u00bbfalse\u00bb full_height=\u00bbfalse\u00bb intro_effect=\u00bbfalse\u00bb padding_top=\u00bb20&#8243; padding_bottom=\u00bb0&#8243; margin_bottom=\u00bb0&#8243; skip_arrow=\u00bbfalse\u00bb skip_arrow_skin=\u00bblight\u00bb first_page=\u00bbtrue\u00bb last_page=\u00bbtrue\u00bb sidebar=\u00bbsidebar-1&#8243; bg_image=\u00bbhttps:\/\/fullcertificate.com\/wp-content\/uploads\/2016\/09\/recibo-domiciliado-sepa-1.jpg\u00bb][vc_column border_color=\u00bb\u00bb visibility=\u00bb\u00bb width=\u00bb1\/1&#8243;][mk_fancy_title tag_name=\u00bbh1&#8243; style=\u00bbfalse\u00bb color=\u00bb#000000&#8243; size=\u00bb40&#8243; font_weight=\u00bbnormal\u00bb font_style=\u00bbnormal\u00bb txt_transform=\u00bbnone\u00bb letter_spacing=\u00bb0&#8243; margin_top=\u00bb60&#8243; margin_bottom=\u00bb0&#8243; font_family=\u00bbnone\u00bb align=\u00bbleft\u00bb]Recibo domiciliado SEPA[\/mk_fancy_title][mk_fancy_title tag_name=\u00bbh1&#8243; style=\u00bbfalse\u00bb color=\u00bb#000000&#8243; size=\u00bb25&#8243; font_weight=\u00bb300&#8243; font_style=\u00bbnormal\u00bb txt_transform=\u00bbnone\u00bb [&hellip;]<\/p>\n","protected":false},"author":2,"featured_media":0,"parent":0,"menu_order":0,"comment_status":"closed","ping_status":"closed","template":"","meta":{"_bbp_topic_count":0,"_bbp_reply_count":0,"_bbp_total_topic_count":0,"_bbp_total_reply_count":0,"_bbp_voice_count":0,"_bbp_anonymous_reply_count":0,"_bbp_topic_count_hidden":0,"_bbp_reply_count_hidden":0,"_bbp_forum_subforum_count":0},"_links":{"self":[{"href":"https:\/\/www.fullcertificate.com\/es\/wp-json\/wp\/v2\/pages\/10287"}],"collection":[{"href":"https:\/\/www.fullcertificate.com\/es\/wp-json\/wp\/v2\/pages"}],"about":[{"href":"https:\/\/www.fullcertificate.com\/es\/wp-json\/wp\/v2\/types\/page"}],"author":[{"embeddable":true,"href":"https:\/\/www.fullcertificate.com\/es\/wp-json\/wp\/v2\/users\/2"}],"replies":[{"embeddable":true,"href":"https:\/\/www.fullcertificate.com\/es\/wp-json\/wp\/v2\/comments?post=10287"}],"version-history":[{"count":9,"href":"https:\/\/www.fullcertificate.com\/es\/wp-json\/wp\/v2\/pages\/10287\/revisions"}],"predecessor-version":[{"id":29240,"href":"https:\/\/www.fullcertificate.com\/es\/wp-json\/wp\/v2\/pages\/10287\/revisions\/29240"}],"wp:attachment":[{"href":"https:\/\/www.fullcertificate.com\/es\/wp-json\/wp\/v2\/media?parent=10287"}],"curies":[{"name":"wp","href":"https:\/\/api.w.org\/{rel}","templated":true}]}}