{"id":26464,"date":"2021-03-31T14:10:09","date_gmt":"2021-03-31T14:10:09","guid":{"rendered":"https:\/\/fullcertificate.com\/?page_id=26464"},"modified":"2023-12-22T15:21:09","modified_gmt":"2023-12-22T15:21:09","slug":"voto-electronico-presencial-asambleas","status":"publish","type":"page","link":"https:\/\/www.fullcertificate.com\/es\/voto-electronico-presencial-asambleas\/","title":{"rendered":"Voto Electr\u00f3nico y Presencial en Asambleas"},"content":{"rendered":"[mk_page_section bg_image=\u00bbhttps:\/\/fullcertificate.com\/wp-content\/uploads\/2018\/11\/banner-voto-electronico-validez-legal-avisos-certificados-1.jpg\u00bb bg_position=\u00bbcenter top\u00bb bg_repeat=\u00bbno-repeat\u00bb bg_stretch=\u00bbtrue\u00bb min_height=\u00bb350&#8243; padding_top=\u00bb20&#8243; padding_bottom=\u00bb0&#8243; first_page=\u00bbtrue\u00bb last_page=\u00bbtrue\u00bb sidebar=\u00bbsidebar-1&#8243;][vc_column][mk_fancy_title tag_name=\u00bbh1&#8243; color=\u00bb#000000&#8243; size=\u00bb40&#8243; font_weight=\u00bbnormal\u00bb font_style=\u00bbnormal\u00bb txt_transform=\u00bbnone\u00bb margin_top=\u00bb60&#8243; margin_bottom=\u00bb0&#8243; font_family=\u00bbnone\u00bb]Voto Electr\u00f3nico en Asambleas[\/mk_fancy_title][mk_fancy_title tag_name=\u00bbh1&#8243; color=\u00bb#000000&#8243; size=\u00bb25&#8243; font_weight=\u00bb300&#8243; font_style=\u00bbnormal\u00bb txt_transform=\u00bbnone\u00bb margin_bottom=\u00bb0&#8243; font_family=\u00bbnone\u00bb]Voto presencial y electr\u00f3nico en Asambleas Generales y Extraordinarias. Resultados Consolidados: Voto en Asambleas y\/o Voto a distancia[\/mk_fancy_title][mk_button dimension=\u00bbflat\u00bb size=\u00bbmedium\u00bb url=\u00bbhttps:\/\/www.wevote.eu\/\u00bb target=\u00bb_blank\u00bb button_custom_width=\u00bb250&#8243; margin_top=\u00bb5&#8243; bg_color=\u00bb#0062b0&#8243; btn_hover_bg=\u00bb#252525&#8243;]VISITA WWW.WEVOTE.EU [\/mk_button][\/vc_column][\/mk_page_section][mk_page_section padding_top=\u00bb50&#8243; padding_bottom=\u00bb0&#8243; first_page=\u00bbfalse\u00bb last_page=\u00bbfalse\u00bb sidebar=\u00bbsidebar-1&#8243;][vc_column width=\u00bb3\/4&#8243;][mk_fancy_title color=\u00bb#0062af\u00bb size=\u00bb30&#8243; font_weight=\u00bbnormal\u00bb font_style=\u00bbnormal\u00bb txt_transform=\u00bbnone\u00bb margin_bottom=\u00bb0&#8243; font_family=\u00bbnone\u00bb]Voto Mixto en Asambleas Generales y Extraodinarias[\/mk_fancy_title][mk_divider style=\u00bbthin_solid\u00bb thickness=\u00bb4&#8243; margin_top=\u00bb0&#8243;][mk_fancy_title color=\u00bb#333333&#8243; size=\u00bb17&#8243; font_weight=\u00bbbold\u00bb font_style=\u00bbnormal\u00bb txt_transform=\u00bbuppercase\u00bb margin_bottom=\u00bb30&#8243; font_family=\u00bbnone\u00bb]Asambleas de Asociaciones, Sociedades Cotizadas, Partidos Pol\u00edticos,\u00a0 Sindicatos, Federaciones, etc.[\/mk_fancy_title][vc_row_inner padding=\u00bb0&#8243;][vc_column_inner width=\u00bb1\/3&#8243;][mk_icon_box2 icon_type=\u00bbimage\u00bb icon_size=\u00bbinherit\u00bb title_size=\u00bb0&#8243; title_top_padding=\u00bb0&#8243; title_bottom_padding=\u00bb0&#8243;] <img class=\"wp-image-6433 size-medium aligncenter\" src=\"https:\/\/fullcertificate.com\/wp-content\/uploads\/2018\/10\/logo-wevote-2-1.png\" alt=\"\" width=\"180\" \/> <img class=\"wp-image-6439 size-medium aligncenter\" src=\"https:\/\/fullcertificate.com\/wp-content\/uploads\/2018\/10\/grafico-smart-wevote-1.png\" alt=\"\" width=\"216\" \/><\/p>\n<p style=\"text-align: center;\"><strong><span style=\"color: #0062b0;\"><a style=\"color: #0062b0;\" href=\"https:\/\/www.avisoscertificados.com\/contratos-electronicos-certificados\/\">WEVOTE<\/a> <\/span><\/strong>Voto Electr\u00f3nico y Tradicional Asambleas Generales y Extraordinarias Juntas de Gobierno 100% Legal y Seguro App, M\u00f3vil o Tradicional Acta Resultados Certificada Voto Certificado<\/p>\n[\/mk_icon_box2][mk_image src=\u00bbhttps:\/\/fullcertificate.com\/wp-content\/uploads\/2018\/10\/movil-wevote-afe-3.png\u00bb image_width=\u00bb210&#8243; image_height=\u00bb225&#8243; align=\u00bbcenter\u00bb margin_bottom=\u00bb30&#8243; crop=\u00bbfalse\u00bb][mk_image src=\u00bbhttps:\/\/fullcertificate.com\/wp-content\/uploads\/2018\/12\/notary-europe-full-certificate.png\u00bb image_width=\u00bb100&#8243; image_height=\u00bb141&#8243; align=\u00bbcenter\u00bb crop=\u00bbfalse\u00bb][\/vc_column_inner][vc_column_inner width=\u00bb2\/3&#8243;][mk_fancy_title tag_name=\u00bbh4&#8243; color=\u00bb#000000&#8243; font_weight=\u00bbnormal\u00bb font_style=\u00bbnormal\u00bb txt_transform=\u00bbnone\u00bb margin_top=\u00bb10&#8243; font_family=\u00bbnone\u00bb] <span style=\"color: #f2006e; font-size: 20px;\">VOTO PRESENCIAL Y ELECTR\u00d3NICO\u00a0EN ASAMBLEAS<\/span> \u00a0 La integraci\u00f3n de los servicios de\u00a0<span style=\"color: #0062af;\">Voto Electr\u00f3nico<\/span> <span style=\"color: #0062af;\">a distancia<\/span>\u00a0y de\u00a0<span style=\"color: #0062af;\">Voto Presencial en Asambleas\u00a0<\/span>\u00a0permite a nuestros clientes desarrollar una soluci\u00f3n \u00fanica de\u00a0<strong>gesti\u00f3n de todo el ciclo de voto<\/strong> para sus organizaciones. \u00a0 Ya hemos comentado como funciona el\u00a0<span style=\"color: #0062af;\"><a style=\"color: #0062af;\" href=\"https:\/\/www.avisoscertificados.com\/voto-electronico-certificado\/\">VOTO ONLINE A DISTANCIA<\/a>\u00a0<\/span>por medios electr\u00f3nicos cuyo resultado final es un Acta Certificada del Resultado de la Votaci\u00f3n Electr\u00f3nica a distancia. Ahora nos centramos en el <strong>VOTO PRESENCIAL<\/strong>, <span style=\"color: #0062af;\">mixto<\/span>, es decir, <span style=\"color: #0062af;\">voto presencial de forma tradicional<\/span> y <span style=\"color: #0062af;\">voto por medios electr\u00f3nicos<\/span> durante la Asamblea. \u00a0 <span style=\"color: #0062af;\">El secretario<\/span> o la persona designada al efecto <span style=\"color: #0062af;\">podr\u00e1 gestionar de forma progresiva los tiempos de la votaci\u00f3n<\/span> de la Asamblea <span style=\"color: #0062af;\">activando la votaci\u00f3n de cada punto y su duraci\u00f3n<\/span> de acuerdo con el Orden del d\u00eda establecido. Para ello dispondr\u00e1 de acceso en tiempo real\u00a0al\u00a0<span style=\"color: #0062af;\">Portal de Voto Electr\u00f3nico<\/span> de <strong>weVote.\u00a0<\/strong> \u00a0 La\u00a0<strong>votaci\u00f3n<\/strong>\u00a0pueden ser realizadas, en todo o en parte, mediante diferentes formas de conteo:<\/p>\n<ul>\n<li>Conteo <strong>electr\u00f3nico<\/strong>. Apps, m\u00f3viles,etc.<\/li>\n<li>Conteo de forma <strong>presencial<\/strong> (tradicional)<\/li>\n<li>Conteo <strong>mixto<\/strong>.<\/li>\n<\/ul>\n<p>En este \u00faltimo caso, <strong>voto mixto<\/strong>,\u00a0<span style=\"color: #0062af;\">la asamblea se divide en dos tramos.<\/span>\u00a0Las personas que disponen de un dispositivo m\u00f3vil y desean votar de forma electr\u00f3nica y las personas que desean votar de forma tradicional mediante conteo manual. \u00a0 <strong>weVote<\/strong> permite <span style=\"color: #000000;\"><strong>l<\/strong><\/span><span style=\"color: #0062af;\"><span style=\"color: #000000;\"><strong>a visualizaci\u00f3n<\/strong><\/span> <strong><span style=\"color: #000000;\">estad\u00edstica<\/span> <\/strong>del proceso de voto de cada punto y el resultado final del mismo <span style=\"color: #000000;\">si fuera necesario<\/span>. Adem\u00e1s de poder presentar <strong><span style=\"color: #000000;\">en pantallas de gran formato<\/span><span style=\"color: #000000;\"> y\/o<\/span><\/strong> en cada dispositivo <strong><span style=\"color: #000000;\">m\u00f3vil<\/span><\/strong>\u00a0<\/span><span style=\"color: #0062af;\">la evoluci\u00f3n del proceso <span style=\"color: #000000;\">a nivel gr\u00e1fico.<\/span><\/span> \u00a0 <span style=\"color: #000000;\"><strong>weVote<\/strong> ha desarrollado <span style=\"color: #0062af;\">tecnolog\u00eda<\/span> que permite el<strong> Voto 100% Seguro y 100% Legal<\/strong> desde tel\u00e9fonos m\u00f3viles a trav\u00e9s de la <span style=\"color: #0062af;\">App de weVote<\/span> o mediante Internet el acceso trav\u00e9s <span style=\"color: #0062af;\">Portales de Socios<\/span> o directamente desde el <span style=\"color: #0062af;\">Portal de weVote.<\/span><\/span> \u00a0 De esta forma su organizaci\u00f3n podr\u00e1 ejercer su derecho al voto, en <span style=\"color: #0062af;\">asambleas generales &amp; extraordinarias<\/span> as\u00ed como en <span style=\"color: #0062af;\">juntas de gobierno,<\/span> de forma<strong>\u00a0<\/strong><span style=\"color: #0062af;\">presencial, electr\u00f3nica o mixta. <\/span>Es el caso de <strong>sociedades cotizadas, asociaciones, partidos pol\u00edticos, sindicatos, universidades, federaciones, clubs, ONG\u00b4s<\/strong>, etc. [\/mk_fancy_title][mk_image src=\u00bbhttps:\/\/fullcertificate.com\/wp-content\/uploads\/2018\/10\/Tipos-de-voto-small-1-3.jpg\u00bb image_size=\u00bbfull\u00bb align=\u00bbcenter\u00bb margin_bottom=\u00bb20&#8243; el_class=\u00bbfoto_entera_wpp\u00bb crop=\u00bbfalse\u00bb][mk_fancy_title tag_name=\u00bbh4&#8243; color=\u00bb#000000&#8243; font_weight=\u00bbnormal\u00bb font_style=\u00bbnormal\u00bb txt_transform=\u00bbnone\u00bb margin_bottom=\u00bb18&#8243; font_family=\u00bbnone\u00bb]<span style=\"color: #0062af;\">weVote <span style=\"color: #000000;\">gener\u00e1 al final de cada proceso las siguientes actas de resultados certificadas:<\/span><\/span><\/p>\n<ul>\n<li><span style=\"color: #000000;\">Acta de Resultados Certificada de\u00a0<span style=\"color: #0062af;\">Voto a distancia<\/span><\/span><\/li>\n<li><span style=\"color: #000000;\">Acta de Resultados Certificada de\u00a0<span style=\"color: #0062af;\">Voto presencial en Asambleas<\/span><\/span><\/li>\n<li><strong>Acta de Resultados Certificada Consolidada<\/strong><\/li>\n<\/ul>\n<p>Las Actas de Resultados Certificadas son emitidas por\u00a0<strong>Avisos certificados<\/strong>,<span style=\"color: #0062af;\"> Tercero de Confianza Europeo<\/span>, mediante <span style=\"color: #0062af;\">Certificado\u00a0Electr\u00f3nico de Resultados Consolidado. <span style=\"color: #000000;\">El cual ser\u00e1<\/span> firmado\/ratificado electr\u00f3nicamente\u00a0<\/span>por el presidente y el secretario, o las personas indicadas de acuerdo con los estatutos y la legislaci\u00f3n vigente.[\/mk_fancy_title][vc_separator][mk_image src=\u00bbhttps:\/\/fullcertificate.com\/wp-content\/uploads\/2018\/10\/eVoto-en-Gobierno-Corporativo-weVote-Avisos-Certificados-1-1.jpg\u00bb image_size=\u00bbfull\u00bb margin_bottom=\u00bb20&#8243; el_class=\u00bbfoto_entera_wpp\u00bb crop=\u00bbfalse\u00bb][vc_separator][mk_fancy_title tag_name=\u00bbh4&#8243; color=\u00bb#000000&#8243; font_weight=\u00bbnormal\u00bb font_style=\u00bbnormal\u00bb txt_transform=\u00bbnone\u00bb margin_top=\u00bb10&#8243; font_family=\u00bbnone\u00bb]\n<p style=\"text-align: left;\"><strong>Avisos Certificados<\/strong>\u00a0es <span style=\"color: #0062af;\"><strong>Tercero de Confianza Europeo <\/strong><\/span>y\u00a0\u00a0le garantiza que sus proyectos de <span style=\"color: #0062af;\">Voto (Online, mixto o presencial<\/span>) tendr\u00e1n\u00a0<strong><span style=\"color: #000000;\">total Validez Legal. <\/span><\/strong>Un plataforma electr\u00f3nica segura, r\u00e1pida y fiable, desde su m\u00f3vil, tablet y ordenador, ahorrando tiempo y trabajo. Adem\u00e1s los votos y actas certificadas pueden disponer de un dep\u00f3sito notarial bajo demanda.<\/p>\n[\/mk_fancy_title][vc_column_text align=\u00bbcenter\u00bb margin_bottom=\u00bb18&#8243;] <img loading=\"lazy\" class=\"alignnone size-full wp-image-5278\" src=\"https:\/\/fullcertificate.com\/wp-content\/uploads\/2018\/10\/TERCERO-DE-CONFIANZA-EUROPEOv2-1.png\" alt=\"Tercero de Confianza Europeo\" width=\"1069\" height=\"274\" \/> <img loading=\"lazy\" class=\"alignnone size-full wp-image-5322\" src=\"https:\/\/fullcertificate.com\/wp-content\/uploads\/2018\/10\/certificamos-todo-el-proceso-1.jpg\" alt=\"eVoto Certificado\" width=\"1138\" height=\"277\" \/> [\/vc_column_text][mk_fancy_title tag_name=\u00bbh4&#8243; color=\u00bb#000000&#8243; font_weight=\u00bbnormal\u00bb font_style=\u00bbnormal\u00bb txt_transform=\u00bbnone\u00bb font_family=\u00bbnone\u00bb]\n<p style=\"text-align: left;\">Por favor,\u00a0<a href=\"https:\/\/fullcertificate.com\/es\/contacto\/\">CONTACTE CON NOSOTROS<\/a> y cu\u00e9ntenos su proyecto para poder estudiarlo y darle todas las opciones y garant\u00edas necesarias.<\/p>\n[\/mk_fancy_title][vc_separator color=\u00bbwhite\u00bb][\/vc_column_inner][\/vc_row_inner][\/vc_column][vc_column border_color=\u00bb#ffffff\u00bb width=\u00bb1\/4&#8243;][mk_image src=\u00bbhttps:\/\/fullcertificate.com\/wp-content\/uploads\/2021\/09\/sello-certificate-3.png\u00bb image_width=\u00bb180&#8243; align=\u00bbcenter\u00bb margin_bottom=\u00bb35&#8243; crop=\u00bbfalse\u00bb][vc_row_inner padding=\u00bb0&#8243;][vc_column_inner css=\u00bb.vc_custom_1617201334350{border-top-width: 1px !important;border-right-width: 1px !important;border-bottom-width: 1px !important;border-left-width: 1px !important;border-left-color: #f2006e !important;border-left-style: solid !important;border-right-color: #f2006e !important;border-right-style: solid !important;border-top-color: #f2006e !important;border-top-style: solid !important;border-bottom-color: #f2006e !important;border-bottom-style: solid !important;}\u00bb][\/vc_column_inner][\/vc_row_inner][vc_empty_space height=\u00bb35px\u00bb][vc_row_inner padding=\u00bb0&#8243;][vc_column_inner css=\u00bb.vc_custom_1617201880388{border-top-width: 1px !important;border-right-width: 1px !important;border-bottom-width: 1px !important;border-left-width: 1px !important;border-left-color: #f2006e !important;border-left-style: solid !important;border-right-color: #f2006e !important;border-right-style: solid !important;border-top-color: #f2006e !important;border-top-style: solid !important;border-bottom-color: #f2006e !important;border-bottom-style: solid !important;}\u00bb][mk_fancy_title color=\u00bb#000000&#8243; size=\u00bb20&#8243; font_weight=\u00bbbold\u00bb font_style=\u00bbnormal\u00bb txt_transform=\u00bbuppercase\u00bb margin_top=\u00bb20&#8243; margin_bottom=\u00bb0&#8243; font_family=\u00bbnone\u00bb align=\u00bbcenter\u00bb]\n<p style=\"text-align: center;\">REG\u00cdSTRESE GRATIS<\/p>\n<p style=\"text-align: center;\">[\/mk_fancy_title][mk_fancy_title color=\u00bb#000000&#8243; size=\u00bb16&#8243; font_weight=\u00bbnormal\u00bb font_style=\u00bbnormal\u00bb txt_transform=\u00bbnone\u00bb margin_bottom=\u00bb0&#8243; font_family=\u00bbnone\u00bb align=\u00bbcenter\u00bb]\n<p style=\"text-align: center;\">Pruebe nuestros Servicios Certificados con total validez legal.<\/p>\n<p style=\"text-align: center;\">\n<p style=\"text-align: center;\"><strong><span style=\"color: #0062b0;\">Sin cuotas, sin contratos.<\/span> <\/strong>Su saldo nunca caduca. [\/mk_fancy_title][mk_button dimension=\u00bbflat\u00bb corner_style=\u00bbrounded\u00bb size=\u00bbmedium\u00bb url=\u00bbhttps:\/\/cloud.fullcertificate.com\/registro_gratis.aspx\u00bb target=\u00bb_blank\u00bb align=\u00bbcenter\u00bb button_custom_width=\u00bb160&#8243; bg_color=\u00bb#f2006e\u00bb btn_hover_bg=\u00bb#252525&#8243; btn_hover_txt_color=\u00bb#ffffff\u00bb]HAGA CLICK AQU\u00cd[\/mk_button][\/vc_column_inner][\/vc_row_inner][vc_row_inner padding=\u00bb0&#8243;][vc_column_inner][\/vc_column_inner][\/vc_row_inner][vc_row_inner padding=\u00bb0&#8243;][vc_column_inner][vc_empty_space height=\u00bb20px\u00bb][mk_icon_box2 icon_type=\u00bbimage\u00bb title_size=\u00bb0&#8243; title_top_padding=\u00bb0&#8243; title_bottom_padding=\u00bb0&#8243;]\n<p><a href=\"https:\/\/fullcertificate.com\/es\/contacto\/\"><img loading=\"lazy\" class=\"wp-image-6433 size-medium aligncenter\" src=\"https:\/\/fullcertificate.com\/wp-content\/uploads\/2018\/10\/logo-smartmoney-1.png\" alt=\"\" width=\"180\" height=\"31\" \/><\/a><a href=\"https:\/\/fullcertificate.com\/es\/contacto\/\"><img loading=\"lazy\" class=\"wp-image-6439 size-medium aligncenter\" src=\"https:\/\/fullcertificate.com\/wp-content\/uploads\/2018\/10\/grafico-smart-money-3-1.png\" alt=\"\" width=\"170\" height=\"300\" \/><\/a><\/p>\n<p style=\"text-align: center;\"><strong><span style=\"color: #0062b0;\"><a style=\"color: #0062b0;\" href=\"https:\/\/fullcertificate.com\/es\/contacto\/\">SMART MONEY<\/a> <\/span><\/strong>Smart Contracts Smart Payments <span style=\"color: #000000; text-decoration: none;\">Smart Recovery Dashboard <\/span><\/p>\n<p style=\"text-align: center;\">[\/mk_icon_box2][vc_empty_space height=\u00bb0px\u00bb][mk_icon_box2 icon_type=\u00bbimage\u00bb title_size=\u00bb0&#8243; title_top_padding=\u00bb0&#8243; title_bottom_padding=\u00bb0&#8243;]\n<p><a href=\"https:\/\/fullcertificate.com\/es\/automatizacion-cloud-inhouse\/\"><img loading=\"lazy\" class=\"wp-image-6433 size-medium aligncenter\" src=\"https:\/\/fullcertificate.com\/wp-content\/uploads\/2018\/10\/logo-smart-automation-2-1.png\" alt=\"\" width=\"265\" height=\"31\" \/><\/a><a href=\"https:\/\/fullcertificate.com\/es\/automatizacion-cloud-inhouse\/\"><img loading=\"lazy\" class=\"wp-image-6439 size-medium aligncenter\" src=\"https:\/\/fullcertificate.com\/wp-content\/uploads\/2018\/10\/grafico-smart-automation-1.png\" alt=\"\" width=\"170\" height=\"300\" \/><\/a><\/p>\n<p style=\"text-align: center;\"><strong><span style=\"color: #0062b0;\"><a style=\"color: #0062b0;\" href=\"https:\/\/fullcertificate.com\/es\/automatizacion-cloud-inhouse\/\">SMART AUTOMATION<\/a> <\/span><\/strong>WS API-REST <span style=\"color: #000000; text-decoration: none;\">Desarrollo IT <\/span><span style=\"color: #000000; text-decoration: none;\">Autenticaci\u00f3n avanzada <\/span><span style=\"color: #000000; text-decoration: none;\">Portales y Forms. inteligentes <\/span><\/p>\n<p style=\"text-align: center;\">[\/mk_icon_box2][\/vc_column_inner][\/vc_row_inner][vc_empty_space height=\u00bb20px\u00bb][vc_row_inner padding=\u00bb0&#8243;][vc_column_inner css=\u00bb.vc_custom_1540979094932{border-top-width: 1px !important;border-right-width: 1px !important;border-bottom-width: 1px !important;border-left-width: 1px !important;padding-top: 20px !important;padding-bottom: 20px !important;background-color: #ffffff !important;border-left-color: #1e73be !important;border-left-style: solid !important;border-right-color: #1e73be !important;border-right-style: solid !important;border-top-color: #1e73be !important;border-top-style: solid !important;border-bottom-color: #1e73be !important;border-bottom-style: solid !important;}\u00bb][mk_fancy_title color=\u00bb#000000&#8243; size=\u00bb20&#8243; font_weight=\u00bbbold\u00bb font_style=\u00bbnormal\u00bb txt_transform=\u00bbuppercase\u00bb margin_bottom=\u00bb0&#8243; font_family=\u00bbnone\u00bb align=\u00bbcenter\u00bb]\n<p style=\"text-align: center;\">Datos de contacto<\/p>\n<p style=\"text-align: center;\">[\/mk_fancy_title][mk_fancy_title color=\u00bb#1e73be\u00bb font_weight=\u00bbnormal\u00bb font_style=\u00bbnormal\u00bb txt_transform=\u00bbnone\u00bb margin_bottom=\u00bb18&#8243; font_family=\u00bbnone\u00bb align=\u00bbcenter\u00bb]\n<p style=\"text-align: center;\"><strong>Tel\u00e9fono:<\/strong> (0034) 91 005 26 59 <strong>Direcci\u00f3n:<\/strong> C\/ Boix y Morer 6, planta 9. 28003 Madrid, Espa\u00f1a [\/mk_fancy_title][mk_button dimension=\u00bbflat\u00bb corner_style=\u00bbrounded\u00bb size=\u00bbmedium\u00bb url=\u00bbhttps:\/\/fullcertificate.com\/es\/contacto\/\u00bb align=\u00bbcenter\u00bb button_custom_width=\u00bb160&#8243; bg_color=\u00bb#0062b0&#8243; btn_hover_bg=\u00bb#252525&#8243;]CONT\u00c1CTENOS[\/mk_button][\/vc_column_inner][\/vc_row_inner][\/vc_column][\/mk_page_section][mk_page_section full_width=\u00bbtrue\u00bb margin_bottom=\u00bb40&#8243; first_page=\u00bbfalse\u00bb last_page=\u00bbfalse\u00bb sidebar=\u00bbsidebar-1&#8243;][vc_column][mk_divider style=\u00bbthin_solid\u00bb thickness=\u00bb4&#8243; margin_top=\u00bb10&#8243; margin_bottom=\u00bb40&#8243;][mk_fancy_title tag_name=\u00bbh4&#8243; color=\u00bb#393836&#8243; size=\u00bb30&#8243; font_weight=\u00bbnormal\u00bb font_style=\u00bbnormal\u00bb txt_transform=\u00bbuppercase\u00bb margin_bottom=\u00bb18&#8243; font_family=\u00bbnone\u00bb align=\u00bbcenter\u00bb]\n<p style=\"text-align: center;\">\u00a0 \u00a0CON LA GARANT\u00cdA DE<\/p>\n<p style=\"text-align: center;\">[\/mk_fancy_title][mk_image src=\u00bbhttps:\/\/fullcertificate.com\/wp-content\/uploads\/2021\/09\/footer-avisos-25-idiomas-7-interiores.jpg\u00bb link=\u00bbhttp:\/\/fullcertificate.com\/\u00bb target=\u00bb_blank\u00bb align=\u00bbcenter\u00bb crop=\u00bbfalse\u00bb][\/vc_column][\/mk_page_section]\n","protected":false},"excerpt":{"rendered":"<p>[mk_page_section bg_image=\u00bbhttps:\/\/fullcertificate.com\/wp-content\/uploads\/2018\/11\/banner-voto-electronico-validez-legal-avisos-certificados-1.jpg\u00bb bg_position=\u00bbcenter top\u00bb bg_repeat=\u00bbno-repeat\u00bb bg_stretch=\u00bbtrue\u00bb min_height=\u00bb350&#8243; padding_top=\u00bb20&#8243; padding_bottom=\u00bb0&#8243; first_page=\u00bbtrue\u00bb last_page=\u00bbtrue\u00bb sidebar=\u00bbsidebar-1&#8243;][vc_column][mk_fancy_title tag_name=\u00bbh1&#8243; color=\u00bb#000000&#8243; size=\u00bb40&#8243; font_weight=\u00bbnormal\u00bb font_style=\u00bbnormal\u00bb txt_transform=\u00bbnone\u00bb margin_top=\u00bb60&#8243; margin_bottom=\u00bb0&#8243; font_family=\u00bbnone\u00bb]Voto Electr\u00f3nico en Asambleas[\/mk_fancy_title][mk_fancy_title tag_name=\u00bbh1&#8243; color=\u00bb#000000&#8243; size=\u00bb25&#8243; font_weight=\u00bb300&#8243; font_style=\u00bbnormal\u00bb txt_transform=\u00bbnone\u00bb margin_bottom=\u00bb0&#8243; font_family=\u00bbnone\u00bb]Voto presencial y electr\u00f3nico en Asambleas Generales y Extraordinarias. Resultados Consolidados: Voto en Asambleas y\/o Voto a distancia[\/mk_fancy_title][mk_button dimension=\u00bbflat\u00bb size=\u00bbmedium\u00bb url=\u00bbhttps:\/\/www.wevote.eu\/\u00bb target=\u00bb_blank\u00bb button_custom_width=\u00bb250&#8243; margin_top=\u00bb5&#8243; [&hellip;]<\/p>\n","protected":false},"author":2,"featured_media":0,"parent":0,"menu_order":0,"comment_status":"closed","ping_status":"closed","template":"","meta":{"_bbp_topic_count":0,"_bbp_reply_count":0,"_bbp_total_topic_count":0,"_bbp_total_reply_count":0,"_bbp_voice_count":0,"_bbp_anonymous_reply_count":0,"_bbp_topic_count_hidden":0,"_bbp_reply_count_hidden":0,"_bbp_forum_subforum_count":0},"_links":{"self":[{"href":"https:\/\/www.fullcertificate.com\/es\/wp-json\/wp\/v2\/pages\/26464"}],"collection":[{"href":"https:\/\/www.fullcertificate.com\/es\/wp-json\/wp\/v2\/pages"}],"about":[{"href":"https:\/\/www.fullcertificate.com\/es\/wp-json\/wp\/v2\/types\/page"}],"author":[{"embeddable":true,"href":"https:\/\/www.fullcertificate.com\/es\/wp-json\/wp\/v2\/users\/2"}],"replies":[{"embeddable":true,"href":"https:\/\/www.fullcertificate.com\/es\/wp-json\/wp\/v2\/comments?post=26464"}],"version-history":[{"count":11,"href":"https:\/\/www.fullcertificate.com\/es\/wp-json\/wp\/v2\/pages\/26464\/revisions"}],"predecessor-version":[{"id":29289,"href":"https:\/\/www.fullcertificate.com\/es\/wp-json\/wp\/v2\/pages\/26464\/revisions\/29289"}],"wp:attachment":[{"href":"https:\/\/www.fullcertificate.com\/es\/wp-json\/wp\/v2\/media?parent=26464"}],"curies":[{"name":"wp","href":"https:\/\/api.w.org\/{rel}","templated":true}]}}