{"id":28642,"date":"2023-12-08T14:51:05","date_gmt":"2023-12-08T14:51:05","guid":{"rendered":"https:\/\/fullcertificate.com\/?page_id=28642"},"modified":"2023-12-08T14:51:05","modified_gmt":"2023-12-08T14:51:05","slug":"llamadas-certificadas-texto-de-voz-es","status":"publish","type":"page","link":"https:\/\/www.fullcertificate.com\/es\/llamadas-certificadas-texto-de-voz-es\/","title":{"rendered":"Llamadas Certificadas Texto de Voz FC"},"content":{"rendered":"[mk_page_section bg_image=&#8221;https:\/\/fullcertificate.com\/wp-content\/uploads\/2017\/03\/llamadas-certificadas-texto-voz-mensaje-1.jpg&#8221; bg_position=&#8221;center top&#8221; bg_repeat=&#8221;no-repeat&#8221; bg_stretch=&#8221;true&#8221; min_height=&#8221;350&#8243; padding_top=&#8221;20&#8243; padding_bottom=&#8221;0&#8243; first_page=&#8221;true&#8221; last_page=&#8221;true&#8221; sidebar=&#8221;sidebar-1&#8243;][vc_column][mk_fancy_title color=&#8221;#000000&#8243; size=&#8221;40&#8243; txt_transform=&#8221;none&#8221; margin_top=&#8221;60&#8243; margin_bottom=&#8221;0&#8243; font_family=&#8221;none&#8221;]Llamadas Certificadas Texto a Mensaje de Voz[\/mk_fancy_title][mk_fancy_title color=&#8221;#000000&#8243; size=&#8221;25&#8243; font_weight=&#8221;300&#8243; txt_transform=&#8221;none&#8221; margin_bottom=&#8221;0&#8243; font_family=&#8221;none&#8221;]Redacte un texto y ser\u00e1 comunicado mediante una llamada de voz[\/mk_fancy_title][mk_button dimension=&#8221;flat&#8221; size=&#8221;medium&#8221; url=&#8221;https:\/\/cloud.fullcertificate.com\/register&#8221; target=&#8221;_blank&#8221; button_custom_width=&#8221;250&#8243; bg_color=&#8221;#0062b0&#8243; btn_hover_bg=&#8221;#252525&#8243;]CONTRATAR AHORA[\/mk_button][\/vc_column][\/mk_page_section][mk_page_section padding_top=&#8221;50&#8243; padding_bottom=&#8221;50&#8243; first_page=&#8221;false&#8221; last_page=&#8221;false&#8221; sidebar=&#8221;sidebar-1&#8243;][vc_column width=&#8221;3\/4&#8243;][mk_fancy_title color=&#8221;#0062af&#8221; size=&#8221;30&#8243; font_style=&#8221;normal&#8221; txt_transform=&#8221;none&#8221; margin_bottom=&#8221;0&#8243; font_family=&#8221;none&#8221;]Llamadas Certificadas Text2Voice[\/mk_fancy_title][mk_divider style=&#8221;thin_solid&#8221; thickness=&#8221;4&#8243; margin_top=&#8221;0&#8243;][mk_fancy_title color=&#8221;#000000&#8243; size=&#8221;17&#8243; font_weight=&#8221;bold&#8221; font_style=&#8221;normal&#8221; txt_transform=&#8221;uppercase&#8221; margin_bottom=&#8221;0&#8243; font_family=&#8221;none&#8221;]De texto a llamada telef\u00f3nica con mensaje de voz con tres intentos de conexi\u00f3n efectiva.[\/mk_fancy_title][mk_fancy_title color=&#8221;#f2006e&#8221; size=&#8221;20&#8243; font_style=&#8221;normal&#8221; txt_transform=&#8221;none&#8221; margin_bottom=&#8221;30&#8243; font_family=&#8221;none&#8221;]Ahora podr\u00e1 redactar y programar un mensaje de texto para ser comunicado por voz indicando el tel\u00e9fono del destinatario con grabaci\u00f3n de la llamada[\/mk_fancy_title][vc_row_inner padding=&#8221;0&#8243;][vc_column_inner width=&#8221;1\/3&#8243;][mk_icon_box text_size=&#8221;0&#8243; icon_color=&#8221;#ffffff&#8221; icon_circle_color=&#8221;#ffffff&#8221; box_blur=&#8221;false&#8221;]<img loading=\"lazy\" class=\"alignnone wp-image-8789 aligncenter\" src=\"https:\/\/fullcertificate.com\/wp-content\/uploads\/2018\/11\/icono-texto-de-voz-certificado-2-1.png\" alt=\"\" width=\"216\" height=\"216\" \/><\/p>\n<p style=\"text-align: center;\"><span style=\"color: #0062af;\"><strong>TEXTO DE VOZ<\/strong><\/span><br \/>\nTres intentos de activaci\u00f3n<br \/>\nGrabaci\u00f3n certificada<br \/>\nCopia al destinatario<br \/>\nTestimonio notarial<br \/>\nCustodia de 5 a\u00f1os<\/p>\n[\/mk_icon_box][mk_image src=&#8221;https:\/\/fullcertificate.com\/wp-content\/uploads\/2018\/12\/notary-europe-full-certificate.png&#8221; image_width=&#8221;100&#8243; align=&#8221;center&#8221; crop=&#8221;false&#8221;][\/vc_column_inner][vc_column_inner width=&#8221;2\/3&#8243;][mk_fancy_title tag_name=&#8221;h4&#8243; color=&#8221;#000000&#8243; font_style=&#8221;normal&#8221; txt_transform=&#8221;none&#8221; margin_bottom=&#8221;0&#8243; font_family=&#8221;none&#8221;]Con <b>Llamadas Certificadas<\/b>\u00a0<strong>de Texto a Voz<\/strong> podr\u00e1 tener la tranquilidad que su destinatario ser\u00e1 llamado telef\u00f3nicamente en varios intentos hasta ser enlazado <span style=\"color: #0062af;\">leyendo electr\u00f3nicamente su mensaje al destinatario.<\/span><\/p>\n<p>&nbsp;<\/p>\n<p>Con <span style=\"color: #0062af;\">un ahorro importante de tiempo<\/span>, dispondr\u00e1 de un registro de sus mensajes y de todas las llamadas que realice nuestro sistema &#8220;<strong>Text2Voice&#8221;\u00a0<\/strong>a los tel\u00e9fonos m\u00f3viles o fijos.[\/mk_fancy_title][mk_fancy_title tag_name=&#8221;h4&#8243; color=&#8221;#000000&#8243; font_style=&#8221;normal&#8221; txt_transform=&#8221;none&#8221; margin_bottom=&#8221;0&#8243; font_family=&#8221;none&#8221;]Escriba un mensaje de texto en nuestra plataforma y este le llegar\u00e1 a su destinatario en forma de <strong>Llamada Certificada Text2Voice.<\/strong>[\/mk_fancy_title][mk_fancy_title tag_name=&#8221;h4&#8243; color=&#8221;#000000&#8243; font_style=&#8221;normal&#8221; txt_transform=&#8221;none&#8221; margin_bottom=&#8221;0&#8243; font_family=&#8221;none&#8221;]Con <b>Llamadas Certificadas<\/b> puede despreocuparse de que quede constancia en determinado mensaje:<span style=\"color: #0062af;\"> reclamaciones de cantidad, notificaciones de todo tipo, comunicados de pareja, mensajes a proveedores de servicios, etc.<\/span>[\/mk_fancy_title][mk_fancy_title tag_name=&#8221;h4&#8243; color=&#8221;#000000&#8243; font_style=&#8221;normal&#8221; txt_transform=&#8221;none&#8221; margin_bottom=&#8221;0&#8243; font_family=&#8221;none&#8221;]La figura de <b>Full Certificate<\/b> como <b>Tercero de Confianza<\/b>, le garantiza que sus<span style=\"color: #0062af;\"> servicios posean plena validez lega<\/span>l. R\u00e1pido, econ\u00f3mico, ecol\u00f3gico y c\u00f3modo desde su ordenador, ahorrando tiempo y trabajo. Adem\u00e1s ofrecemos, con todos nuestros productos, el servicio de <span style=\"color: #0062af;\">Testimonio Notarial b<\/span>ajo demanda.[\/mk_fancy_title][\/vc_column_inner][\/vc_row_inner][mk_fancy_title color=&#8221;#000000&#8243; size=&#8221;25&#8243; font_style=&#8221;normal&#8221; txt_transform=&#8221;uppercase&#8221; margin_top=&#8221;20&#8243; margin_bottom=&#8221;0&#8243; font_family=&#8221;none&#8221;]EL PROCESO DE LLAMADAS CERTIFICADAS TEX2VIOCE[\/mk_fancy_title][mk_divider style=&#8221;thin_solid&#8221; thickness=&#8221;4&#8243; margin_top=&#8221;0&#8243;][mk_fancy_title tag_name=&#8221;h1&#8243; color=&#8221;#0062af&#8221; size=&#8221;20&#8243; font_weight=&#8221;bold&#8221; font_style=&#8221;normal&#8221; txt_transform=&#8221;uppercase&#8221; margin_top=&#8221;20&#8243; margin_bottom=&#8221;0&#8243; font_family=&#8221;none&#8221;]Mensaje de voz[\/mk_fancy_title][mk_fancy_title color=&#8221;#f2006e&#8221; size=&#8221;20&#8243; font_style=&#8221;normal&#8221; txt_transform=&#8221;none&#8221; margin_bottom=&#8221;0&#8243; font_family=&#8221;none&#8221;]\n<p id=\"fancy-title-574ef00b853f6\" class=\"mk-shortcode mk-fancy-title fancy-title-align-left mk-animate-element top-to-bottom simple-style mk-in-viewport\">Grabe un archivo de voz como mensaje.<\/p>\n[\/mk_fancy_title][vc_row_inner padding=&#8221;0&#8243;][vc_column_inner width=&#8221;1\/6&#8243;][mk_image src=&#8221;https:\/\/fullcertificate.com\/wp-content\/uploads\/2016\/05\/doce-1.png&#8221; image_width=&#8221;82&#8243; image_height=&#8221;92&#8243; align=&#8221;center&#8221; margin_bottom=&#8221;0&#8243; crop=&#8221;false&#8221;][mk_image src=&#8221;https:\/\/fullcertificate.com\/wp-content\/uploads\/2016\/05\/Captura-de-pantalla-2016-05-27-a-las-09.20.23-1.png&#8221; image_width=&#8221;53&#8243; image_height=&#8221;48&#8243; align=&#8221;center&#8221; margin_bottom=&#8221;0&#8243; crop=&#8221;false&#8221;][mk_fancy_title color=&#8221;#404040&#8243; size=&#8221;11&#8243; font_weight=&#8221;bold&#8221; txt_transform=&#8221;none&#8221; margin_bottom=&#8221;0&#8243; font_family=&#8221;none&#8221; align=&#8221;center&#8221;]\n<p style=\"text-align: center;\">Seleccione la opci\u00f3n\u00a0de Mensaje de Voz<\/p>\n[\/mk_fancy_title][\/vc_column_inner][vc_column_inner width=&#8221;1\/6&#8243;][mk_image src=&#8221;https:\/\/fullcertificate.com\/wp-content\/uploads\/2016\/05\/tres-1.png&#8221; image_width=&#8221;82&#8243; image_height=&#8221;92&#8243; align=&#8221;center&#8221; margin_bottom=&#8221;0&#8243; crop=&#8221;false&#8221;][mk_image src=&#8221;https:\/\/fullcertificate.com\/wp-content\/uploads\/2016\/05\/Captura-de-pantalla-2016-05-27-a-las-09.20.23-1.png&#8221; image_width=&#8221;53&#8243; image_height=&#8221;48&#8243; align=&#8221;center&#8221; margin_bottom=&#8221;0&#8243; crop=&#8221;false&#8221;][mk_fancy_title color=&#8221;#404040&#8243; size=&#8221;11&#8243; font_weight=&#8221;bold&#8221; txt_transform=&#8221;none&#8221; margin_bottom=&#8221;0&#8243; font_family=&#8221;none&#8221; align=&#8221;center&#8221;]\n<p style=\"text-align: center;\">Introduzca el n\u00famero de tel\u00e9fono desde el que se enviar\u00e1 el mensaje certificado<\/p>\n[\/mk_fancy_title][\/vc_column_inner][vc_column_inner width=&#8221;1\/6&#8243;][mk_image src=&#8221;https:\/\/fullcertificate.com\/wp-content\/uploads\/2016\/05\/cinco-1.png&#8221; image_width=&#8221;82&#8243; image_height=&#8221;92&#8243; align=&#8221;center&#8221; margin_bottom=&#8221;0&#8243; crop=&#8221;false&#8221;][mk_image src=&#8221;https:\/\/fullcertificate.com\/wp-content\/uploads\/2016\/05\/Captura-de-pantalla-2016-05-27-a-las-09.20.23-1.png&#8221; image_width=&#8221;53&#8243; image_height=&#8221;48&#8243; align=&#8221;center&#8221; margin_bottom=&#8221;0&#8243; crop=&#8221;false&#8221;][mk_fancy_title color=&#8221;#404040&#8243; size=&#8221;11&#8243; font_weight=&#8221;bold&#8221; txt_transform=&#8221;none&#8221; margin_bottom=&#8221;0&#8243; font_family=&#8221;none&#8221; align=&#8221;center&#8221;]\n<p style=\"text-align: center;\">Escriba los datos de la persona\/empresa a la que enviar\u00e1 el mensaje<\/p>\n[\/mk_fancy_title][\/vc_column_inner][vc_column_inner width=&#8221;1\/6&#8243;][mk_image src=&#8221;https:\/\/fullcertificate.com\/wp-content\/uploads\/2016\/05\/once-1.png&#8221; image_width=&#8221;82&#8243; image_height=&#8221;92&#8243; align=&#8221;center&#8221; margin_bottom=&#8221;0&#8243; crop=&#8221;false&#8221;][mk_image src=&#8221;https:\/\/fullcertificate.com\/wp-content\/uploads\/2016\/05\/Captura-de-pantalla-2016-05-27-a-las-09.20.23-1.png&#8221; image_width=&#8221;53&#8243; image_height=&#8221;48&#8243; align=&#8221;center&#8221; margin_bottom=&#8221;0&#8243; crop=&#8221;false&#8221;][mk_fancy_title color=&#8221;#404040&#8243; size=&#8221;11&#8243; font_weight=&#8221;bold&#8221; txt_transform=&#8221;none&#8221; margin_bottom=&#8221;0&#8243; font_family=&#8221;none&#8221; align=&#8221;center&#8221;]\n<p style=\"text-align: center;\">El sistema llamar\u00e1 y leer\u00e1 el mensaje al destinatario Grabaci\u00f3n certificada<\/p>\n[\/mk_fancy_title][\/vc_column_inner][vc_column_inner width=&#8221;1\/6&#8243;][\/vc_column_inner][vc_column_inner width=&#8221;1\/6&#8243;][\/vc_column_inner][\/vc_row_inner][mk_fancy_title tag_name=&#8221;h4&#8243; color=&#8221;#000000&#8243; font_style=&#8221;normal&#8221; txt_transform=&#8221;none&#8221; font_family=&#8221;none&#8221;]\n<div>Podr\u00e1 grabar un Mensaje de Voz y el Sistema de Voz de <b>Full Certificate<\/b> lo guardar\u00e1 certific\u00e1ndolo para su posterior uso. El certificado final lo podr\u00e1 abrir con <span style=\"color: #0062af;\">Adobe Reader<\/span> y acceder al archivo de voz en la zona de ficheros adjuntos. Dada la gran variedad de casu\u00edsticas del uso de este servicio y su validez legal, <b>Full Certificate<\/b> se limitar\u00e1 a grabar y certificar la comunicaci\u00f3n verbal sin responsabilidad alguna sobre su uso posterior y sus casu\u00edsticas legales.<\/div>\n[\/mk_fancy_title][\/vc_column][vc_column border_color=&#8221;#ffffff&#8221; width=&#8221;1\/4&#8243;][vc_row_inner padding=&#8221;0&#8243;][vc_column_inner][mk_image src=&#8221;https:\/\/fullcertificate.com\/wp-content\/uploads\/2018\/12\/european-trusted-third-party-full-certificate.png&#8221; image_width=&#8221;180&#8243; align=&#8221;center&#8221; margin_bottom=&#8221;35&#8243; crop=&#8221;false&#8221;][\/vc_column_inner][\/vc_row_inner][vc_row_inner padding=&#8221;0&#8243;][vc_column_inner css=&#8221;.vc_custom_1574181751805{border-top-width: 1px !important;border-right-width: 1px !important;border-bottom-width: 1px !important;border-left-width: 1px !important;border-left-color: #f2006e !important;border-left-style: solid !important;border-right-color: #f2006e !important;border-right-style: solid !important;border-top-color: #f2006e !important;border-top-style: solid !important;border-bottom-color: #f2006e !important;border-bottom-style: solid !important;}&#8221;][mk_fancy_title color=&#8221;#000000&#8243; size=&#8221;20&#8243; font_weight=&#8221;bold&#8221; font_style=&#8221;normal&#8221; txt_transform=&#8221;uppercase&#8221; margin_top=&#8221;20&#8243; margin_bottom=&#8221;0&#8243; font_family=&#8221;none&#8221; align=&#8221;center&#8221;]\n<p style=\"text-align: center;\">REG\u00cdSTRESE GRATIS<\/p>\n[\/mk_fancy_title][mk_fancy_title color=&#8221;#000000&#8243; size=&#8221;16&#8243; font_style=&#8221;normal&#8221; txt_transform=&#8221;none&#8221; margin_bottom=&#8221;0&#8243; font_family=&#8221;none&#8221; align=&#8221;center&#8221;]\n<p style=\"text-align: center;\">Pruebe nuestros Servicios Certificados con total validez legal.<\/p>\n<p>&nbsp;<\/p>\n<p style=\"text-align: center;\"><strong><span style=\"color: #0062b0;\">Sin cuotas, sin contratos.<\/span><br \/>\n<\/strong>Su saldo nunca caduca.<\/p>\n[\/mk_fancy_title][mk_button dimension=&#8221;flat&#8221; corner_style=&#8221;rounded&#8221; size=&#8221;medium&#8221; url=&#8221;https:\/\/cloud.fullcertificate.com\/register&#8221; target=&#8221;_blank&#8221; align=&#8221;center&#8221; button_custom_width=&#8221;160&#8243; bg_color=&#8221;#f2006e&#8221; btn_hover_bg=&#8221;#252525&#8243; btn_hover_txt_color=&#8221;#ffffff&#8221;]HAGA CLICK AQU\u00cd[\/mk_button][\/vc_column_inner][\/vc_row_inner][vc_row_inner padding=&#8221;0&#8243; el_class=&#8221;ocultar&#8221;][vc_column_inner][vc_empty_space][mk_image src=&#8221;https:\/\/fullcertificate.com\/wp-content\/uploads\/2016\/05\/Burofax_Llamadas_Certificadas_N-1.jpg&#8221; image_width=&#8221;220&#8243; link=&#8221;https:\/\/cloud.avisoscertificados.com\/comprar_pack.aspx?p=llamadas-1&#8243; align=&#8221;center&#8221; margin_bottom=&#8221;0&#8243; crop=&#8221;false&#8221;][vc_empty_space][\/vc_column_inner][\/vc_row_inner][vc_row_inner padding=&#8221;0&#8243; el_class=&#8221;ocultar&#8221;][vc_column_inner css=&#8221;.vc_custom_1540977628347{border-top-width: 1px !important;border-right-width: 1px !important;border-bottom-width: 1px !important;border-left-width: 1px !important;background-color: #f4f4f4 !important;border-left-color: #e80000 !important;border-left-style: solid !important;border-right-color: #e80000 !important;border-right-style: solid !important;border-top-color: #e80000 !important;border-top-style: solid !important;border-bottom-color: #e80000 !important;border-bottom-style: solid !important;}&#8221;][mk_fancy_title color=&#8221;#000000&#8243; size=&#8221;16&#8243; font_weight=&#8221;bold&#8221; font_style=&#8221;normal&#8221; txt_transform=&#8221;uppercase&#8221; margin_top=&#8221;20&#8243; margin_bottom=&#8221;0&#8243; font_family=&#8221;none&#8221; align=&#8221;center&#8221;]\n<p style=\"text-align: center;\">TE LLAMAREMOS<\/p>\n[\/mk_fancy_title][mk_fancy_title color=&#8221;#000000&#8243; size=&#8221;16&#8243; font_style=&#8221;normal&#8221; txt_transform=&#8221;none&#8221; margin_bottom=&#8221;0&#8243; font_family=&#8221;none&#8221; align=&#8221;center&#8221;]\n<p style=\"text-align: center;\">Introduce tu informaci\u00f3n y<br \/>\nTe llamamos lo antes posible.[\/mk_fancy_title][vc_raw_js]JTNDc2NyaXB0JTIwdHlwZSUzRCUyN3RleHQlMkZqYXZhc2NyaXB0JTI3JTNFJTBBalF1ZXJ5JTI4ZG9jdW1lbnQlMjkucmVhZHklMjhmdW5jdGlvbiUyOCUyOSUyMCU3QiUwQSUwOSUyNCUyOCUyMi5jbGljazJjYWxsJTIyJTI5LmZhbmN5Ym94JTI4JTdCJTBBJTA5JTA5bWF4V2lkdGglMDklM0ElMjA0MDAlMkMlMEElMDklMDltYXhIZWlnaHQlMDklM0ElMjA2MDAlMkMlMEElMjAlMjAlMjAlMjAlMjAlMjAlMjAlMjAlMjAlMjAlMjAlMjAlMjAlMjAlMjAlMjBtaW5IZWlnaHQlMjAlMjAlMjAlMjAlMjAlMjAlMjAlM0ElMjA4MDAlMkMlMEElMjAlMjAlMjAlMjAlMjAlMjAlMjAlMjAlMjAlMjAlMjAlMjAlMjAlMjAlMjAlMjB3aWR0aCUyMCUyMCUyMCUyMCUyMCUyMCUyMCUyMCUyMCUyMCUyMCUzQSUyMDQwMCUyQyUwQSUyMCUyMCUyMCUyMCUyMCUyMCUyMCUyMCUyMCUyMCUyMCUyMCUyMCUyMCUyMCUyMGhlaWdodCUyMCUyMCUyMCUyMCUyMCUyMCUyMCUyMCUyMCUyMCUzQSUyMDYwMCUyQyUwQSUwOSUwOWZpdFRvVmlldyUwOSUzQSUyMHRydWUlMkMlMEElMDklMDljbG9zZUNsaWNrJTA5JTNBJTIwZmFsc2UlMkMlMEElMDklMDlvcGVuRWZmZWN0JTA5JTNBJTIwJTI3bm9uZSUyNyUyQyUwQSUwOSUwOWNsb3NlRWZmZWN0JTA5JTNBJTIwJTI3bm9uZSUyNyUyQyUwQSUyMCUyMCUyMCUyMCUyMCUyMCUyMCUyMCUyMCUyMCUyMCUyMCUyMCUyMCUyMCUyMGF1dG9DZW50ZXIlMjAlMjAlMjAlMjAlMjAlMjAlM0ElMjB0cnVlJTBBJTA5JTdEJTI5JTNCJTBBJTdEJTI5JTNCJTBBJTNDJTJGc2NyaXB0JTNF[\/vc_raw_js][mk_button dimension=&#8221;flat&#8221; corner_style=&#8221;rounded&#8221; size=&#8221;medium&#8221; url=&#8221;https:\/\/www.emailforce.net\/call4leads\/click2call.aspx?id=3&#8243; align=&#8221;center&#8221; button_custom_width=&#8221;160&#8243; el_class=&#8221;click2call iframe&#8221; bg_color=&#8221;#0062b0&#8243; btn_hover_bg=&#8221;#252525&#8243;]SOLICITE UNA LLAMADA[\/mk_button][\/vc_column_inner][\/vc_row_inner][vc_row_inner padding=&#8221;0&#8243;][vc_column_inner][vc_empty_space height=&#8221;20px&#8221;][mk_icon_box2 icon_type=&#8221;image&#8221; title_size=&#8221;0&#8243; title_top_padding=&#8221;0&#8243; title_bottom_padding=&#8221;0&#8243;]<a href=\"https:\/\/fullcertificate.com\/smartmoney\/\"><img loading=\"lazy\" class=\"wp-image-6433 size-medium aligncenter\" src=\"https:\/\/fullcertificate.com\/wp-content\/uploads\/2018\/10\/logo-smartmoney-1.png\" alt=\"\" width=\"180\" height=\"31\" \/><\/a><a href=\"https:\/\/fullcertificate.com\/smartmoney\/\"><img loading=\"lazy\" class=\"wp-image-6439 size-medium aligncenter\" src=\"https:\/\/fullcertificate.com\/wp-content\/uploads\/2018\/10\/grafico-smart-money-3-1.png\" alt=\"\" width=\"170\" height=\"300\" \/><\/a><\/p>\n<p style=\"text-align: center;\"><strong><span style=\"color: #0062b0;\"><a style=\"color: #0062b0;\" href=\"https:\/\/fullcertificate.com\/smartmoney\/\">SMART MONEY<\/a><br \/>\n<\/span><\/strong>Smart Contracts<br \/>\nSmart Payments<br \/>\n<span style=\"color: #000000; text-decoration: none;\">Smart Recovery<br \/>\nDashboard<br \/>\n<\/span>[\/mk_icon_box2][mk_icon_box2 icon_type=&#8221;image&#8221; title_size=&#8221;0&#8243; title_top_padding=&#8221;0&#8243; title_bottom_padding=&#8221;0&#8243;]<a href=\"https:\/\/fullcertificate.com\/smartone2one\/\"><img loading=\"lazy\" class=\"wp-image-6433 size-medium aligncenter\" src=\"https:\/\/fullcertificate.com\/wp-content\/uploads\/2018\/10\/logo-smart-one2one-2-1.png\" alt=\"\" width=\"226\" height=\"31\" \/><\/a><a href=\"https:\/\/fullcertificate.com\/smartone2one\/\"><img loading=\"lazy\" class=\"wp-image-6439 size-medium aligncenter\" src=\"https:\/\/fullcertificate.com\/wp-content\/uploads\/2018\/10\/grafico-smart-one2one-1.png\" alt=\"\" width=\"170\" height=\"300\" \/><\/a><\/p>\n<p style=\"text-align: center;\"><strong><span style=\"color: #0062b0;\"><a style=\"color: #0062b0;\" href=\"https:\/\/fullcertificate.com\/smartone2one\/\">SMART ONE2ONE<\/a><br \/>\n<\/span><\/strong>Notificaciones Personalizadas<br \/>\n<span style=\"color: #000000;\">Alto volumen de ejecuci\u00f3n<\/span><br \/>\n<span style=\"color: #000000; text-decoration: none;\">Certificaci\u00f3n Multicanal<br \/>\nAlta disponibilidad<\/span><\/p>\n[\/mk_icon_box2][\/vc_column_inner][\/vc_row_inner][vc_empty_space height=&#8221;20px&#8221;][vc_row_inner padding=&#8221;0&#8243; el_class=&#8221;ocultar&#8221;][vc_column_inner css=&#8221;.vc_custom_1540979094932{border-top-width: 1px !important;border-right-width: 1px !important;border-bottom-width: 1px !important;border-left-width: 1px !important;padding-top: 20px !important;padding-bottom: 20px !important;background-color: #ffffff !important;border-left-color: #1e73be !important;border-left-style: solid !important;border-right-color: #1e73be !important;border-right-style: solid !important;border-top-color: #1e73be !important;border-top-style: solid !important;border-bottom-color: #1e73be !important;border-bottom-style: solid !important;}&#8221;][mk_fancy_title color=&#8221;#000000&#8243; size=&#8221;20&#8243; font_weight=&#8221;bold&#8221; font_style=&#8221;normal&#8221; txt_transform=&#8221;uppercase&#8221; margin_bottom=&#8221;0&#8243; font_family=&#8221;none&#8221; align=&#8221;center&#8221;]\n<p style=\"text-align: center;\">Datos de contacto<\/p>\n[\/mk_fancy_title][mk_fancy_title color=&#8221;#1e73be&#8221; font_style=&#8221;normal&#8221; txt_transform=&#8221;none&#8221; margin_bottom=&#8221;18&#8243; font_family=&#8221;none&#8221; align=&#8221;center&#8221;]\n<p style=\"text-align: center;\"><strong>Tel\u00e9fono:<\/strong> EU &#8211; ES: 0034 910 052 659<br \/>\nEU &#8211; IT: 0039 0687165152<br \/>\nLATAM: 0052 55 4162 9666<\/p>\n<p style=\"text-align: center;\"><strong>Direcci\u00f3n:<\/strong> C\/ Boix y Morer 6, planta 9. 28003 Madrid, Espa\u00f1a<\/p>\n[\/mk_fancy_title][mk_button dimension=&#8221;flat&#8221; corner_style=&#8221;rounded&#8221; size=&#8221;medium&#8221; url=&#8221;https:\/\/fullcertificate.com\/contact\/&#8221; align=&#8221;center&#8221; button_custom_width=&#8221;160&#8243; bg_color=&#8221;#0062b0&#8243; btn_hover_bg=&#8221;#252525&#8243;]CONT\u00c1CTENOS[\/mk_button][\/vc_column_inner][\/vc_row_inner][\/vc_column][\/mk_page_section][vc_row][vc_column][\/vc_column][\/vc_row][vc_row][vc_column][mk_divider style=&#8221;thin_solid&#8221; thickness=&#8221;4&#8243; margin_top=&#8221;10&#8243; margin_bottom=&#8221;40&#8243;][\/vc_column][\/vc_row][vc_row][vc_column][vc_row_inner padding=&#8221;0&#8243;][vc_column_inner][mk_fancy_title tag_name=&#8221;h4&#8243; color=&#8221;#393836&#8243; size=&#8221;30&#8243; font_style=&#8221;normal&#8221; txt_transform=&#8221;uppercase&#8221; margin_bottom=&#8221;18&#8243; font_family=&#8221;none&#8221; align=&#8221;center&#8221;]\n<p style=\"text-align: center;\">CON LA GARANT\u00cdA DE<\/p>\n[\/mk_fancy_title][mk_image src=&#8221;https:\/\/fullcertificate.com\/wp-content\/uploads\/2022\/04\/footer-nuevo-WE-VOTE.jpg&#8221; link=&#8221;http:\/\/fullcertificate.com\/&#8221; target=&#8221;_blank&#8221; align=&#8221;center&#8221; margin_bottom=&#8221;40&#8243; el_class=&#8221;imagen-footer-centro&#8221; crop=&#8221;false&#8221;][\/vc_column_inner][\/vc_row_inner][\/vc_column][\/vc_row]\n","protected":false},"excerpt":{"rendered":"<p>[mk_page_section bg_image=&#8221;https:\/\/fullcertificate.com\/wp-content\/uploads\/2017\/03\/llamadas-certificadas-texto-voz-mensaje-1.jpg&#8221; bg_position=&#8221;center top&#8221; bg_repeat=&#8221;no-repeat&#8221; bg_stretch=&#8221;true&#8221; min_height=&#8221;350&#8243; padding_top=&#8221;20&#8243; padding_bottom=&#8221;0&#8243; first_page=&#8221;true&#8221; last_page=&#8221;true&#8221; sidebar=&#8221;sidebar-1&#8243;][vc_column][mk_fancy_title color=&#8221;#000000&#8243; size=&#8221;40&#8243; txt_transform=&#8221;none&#8221; margin_top=&#8221;60&#8243; margin_bottom=&#8221;0&#8243; font_family=&#8221;none&#8221;]Llamadas Certificadas Texto a Mensaje de Voz[\/mk_fancy_title][mk_fancy_title color=&#8221;#000000&#8243; size=&#8221;25&#8243; font_weight=&#8221;300&#8243; txt_transform=&#8221;none&#8221; margin_bottom=&#8221;0&#8243; font_family=&#8221;none&#8221;]Redacte un texto y ser\u00e1 comunicado mediante una llamada de voz[\/mk_fancy_title][mk_button dimension=&#8221;flat&#8221; size=&#8221;medium&#8221; url=&#8221;https:\/\/cloud.fullcertificate.com\/register&#8221; target=&#8221;_blank&#8221; button_custom_width=&#8221;250&#8243; bg_color=&#8221;#0062b0&#8243; btn_hover_bg=&#8221;#252525&#8243;]CONTRATAR AHORA[\/mk_button][\/vc_column][\/mk_page_section][mk_page_section padding_top=&#8221;50&#8243; padding_bottom=&#8221;50&#8243; first_page=&#8221;false&#8221; last_page=&#8221;false&#8221; sidebar=&#8221;sidebar-1&#8243;][vc_column width=&#8221;3\/4&#8243;][mk_fancy_title color=&#8221;#0062af&#8221; [&hellip;]<\/p>\n","protected":false},"author":2,"featured_media":0,"parent":0,"menu_order":0,"comment_status":"closed","ping_status":"closed","template":"","meta":{"_bbp_topic_count":0,"_bbp_reply_count":0,"_bbp_total_topic_count":0,"_bbp_total_reply_count":0,"_bbp_voice_count":0,"_bbp_anonymous_reply_count":0,"_bbp_topic_count_hidden":0,"_bbp_reply_count_hidden":0,"_bbp_forum_subforum_count":0},"_links":{"self":[{"href":"https:\/\/www.fullcertificate.com\/es\/wp-json\/wp\/v2\/pages\/28642"}],"collection":[{"href":"https:\/\/www.fullcertificate.com\/es\/wp-json\/wp\/v2\/pages"}],"about":[{"href":"https:\/\/www.fullcertificate.com\/es\/wp-json\/wp\/v2\/types\/page"}],"author":[{"embeddable":true,"href":"https:\/\/www.fullcertificate.com\/es\/wp-json\/wp\/v2\/users\/2"}],"replies":[{"embeddable":true,"href":"https:\/\/www.fullcertificate.com\/es\/wp-json\/wp\/v2\/comments?post=28642"}],"version-history":[{"count":4,"href":"https:\/\/www.fullcertificate.com\/es\/wp-json\/wp\/v2\/pages\/28642\/revisions"}],"predecessor-version":[{"id":28646,"href":"https:\/\/www.fullcertificate.com\/es\/wp-json\/wp\/v2\/pages\/28642\/revisions\/28646"}],"wp:attachment":[{"href":"https:\/\/www.fullcertificate.com\/es\/wp-json\/wp\/v2\/media?parent=28642"}],"curies":[{"name":"wp","href":"https:\/\/api.w.org\/{rel}","templated":true}]}}