{"id":28718,"date":"2023-12-08T15:33:49","date_gmt":"2023-12-08T15:33:49","guid":{"rendered":"https:\/\/fullcertificate.com\/?page_id=28718"},"modified":"2023-12-08T15:33:49","modified_gmt":"2023-12-08T15:33:49","slug":"contratos-automatizados-desde-formularios-es","status":"publish","type":"page","link":"https:\/\/www.fullcertificate.com\/es\/contratos-automatizados-desde-formularios-es\/","title":{"rendered":"Contratos Online Automatizados desde formularios FC"},"content":{"rendered":"[mk_page_section bg_image=&#8221;https:\/\/fullcertificate.com\/wp-content\/uploads\/2016\/06\/contratos-1.jpg&#8221; bg_position=&#8221;center top&#8221; bg_repeat=&#8221;no-repeat&#8221; bg_stretch=&#8221;true&#8221; min_height=&#8221;350&#8243; padding_top=&#8221;20&#8243; padding_bottom=&#8221;0&#8243; first_page=&#8221;true&#8221; last_page=&#8221;true&#8221; sidebar=&#8221;sidebar-1&#8243;][vc_column][mk_fancy_title tag_name=&#8221;h1&#8243; color=&#8221;#000000&#8243; size=&#8221;40&#8243; font_style=&#8221;normal&#8221; txt_transform=&#8221;none&#8221; margin_top=&#8221;60&#8243; margin_bottom=&#8221;0&#8243; font_family=&#8221;none&#8221;]Contratos automatizados desde formularios webs[\/mk_fancy_title][mk_fancy_title tag_name=&#8221;h1&#8243; color=&#8221;#000000&#8243; size=&#8221;25&#8243; font_weight=&#8221;300&#8243; font_style=&#8221;normal&#8221; txt_transform=&#8221;none&#8221; margin_bottom=&#8221;0&#8243; font_family=&#8221;none&#8221;]Ejecuci\u00f3n de contratos electr\u00f3nicos a trav\u00e9s de webs y portales corporativos[\/mk_fancy_title][mk_button dimension=&#8221;flat&#8221; size=&#8221;medium&#8221; url=&#8221;https:\/\/fullcertificate.com\/contact\/&#8221; target=&#8221;_blank&#8221; button_custom_width=&#8221;250&#8243; margin_bottom=&#8221;20&#8243; bg_color=&#8221;#0062b0&#8243; btn_hover_bg=&#8221;#252525&#8243;]CONTRATAR AHORA[\/mk_button][\/vc_column][\/mk_page_section][mk_page_section padding_top=&#8221;50&#8243; padding_bottom=&#8221;50&#8243; first_page=&#8221;false&#8221; last_page=&#8221;false&#8221; sidebar=&#8221;sidebar-1&#8243;][vc_column width=&#8221;3\/4&#8243;][mk_fancy_title color=&#8221;#0062af&#8221; size=&#8221;30&#8243; font_style=&#8221;normal&#8221; txt_transform=&#8221;none&#8221; margin_bottom=&#8221;0&#8243; font_family=&#8221;none&#8221;]Automatizaci\u00f3n y firma de Contratos Online de formularios[\/mk_fancy_title][mk_divider style=&#8221;thin_solid&#8221; thickness=&#8221;4&#8243; margin_top=&#8221;0&#8243;][mk_fancy_title color=&#8221;#000000&#8243; size=&#8221;17&#8243; font_weight=&#8221;bold&#8221; font_style=&#8221;normal&#8221; txt_transform=&#8221;uppercase&#8221; font_family=&#8221;none&#8221;]<strong>CONTRATOS ONLINE AUTOMATIZADOS DESDE DE PORTALES Y WEB<\/strong>[\/mk_fancy_title][mk_fancy_title color=&#8221;#f2006e&#8221; size=&#8221;20&#8243; font_style=&#8221;normal&#8221; txt_transform=&#8221;none&#8221; margin_bottom=&#8221;30&#8243; font_family=&#8221;none&#8221;]Empresas el\u00e9ctricas, inmobiliarias, de seguros, financieras, despachos profesionales, etc. Automatice sus procesos de contrataci\u00f3n y cobro automatizados desde Webs, Portales, IntraNets o ExtraNets.[\/mk_fancy_title][vc_row_inner padding=&#8221;0&#8243;][vc_column_inner width=&#8221;1\/3&#8243;][mk_icon_box text_size=&#8221;0&#8243; icon_color=&#8221;#ffffff&#8221; icon_circle_color=&#8221;#ffffff&#8221; box_blur=&#8221;false&#8221;]<img loading=\"lazy\" class=\"wp-image-8887 aligncenter\" src=\"https:\/\/fullcertificate.com\/wp-content\/uploads\/2018\/11\/icono-documento-certificado-2-1-300x300.png\" alt=\"\" width=\"192\" height=\"192\" srcset=\"https:\/\/www.fullcertificate.com\/wp-content\/uploads\/2018\/11\/icono-documento-certificado-2-1-300x300.png 300w, https:\/\/www.fullcertificate.com\/wp-content\/uploads\/2018\/11\/icono-documento-certificado-2-1-150x150.png 150w, https:\/\/www.fullcertificate.com\/wp-content\/uploads\/2018\/11\/icono-documento-certificado-2-1.png 500w\" sizes=\"(max-width: 192px) 100vw, 192px\" \/><\/p>\n<p style=\"text-align: center;\"><strong><span style=\"color: #0062b0;\">CONTRATOS\u00a0 DESDE<br \/>\nFORMULARIOS WEBS<\/span><\/strong><br \/>\n<span style=\"color: #000000; text-decoration: none;\">Formularios automatizados<br \/>\n<\/span><span style=\"color: #000000; text-decoration: none;\">Contatos personalizados<br \/>\nContratos inteligentes<br \/>\n<\/span>Firma electr\u00f3nica del contrato<br \/>\n<span style=\"color: #000000; text-decoration: none;\">Certificado electr\u00f3nico de firma<br \/>\nCobro y Recobro Online<br \/>\n<\/span><span style=\"color: #000000; text-decoration: none;\">Testimonio notarial<br \/>\nCustodia durante 5 a\u00f1os<br \/>\n<\/span><span style=\"color: #000000; text-decoration: none;\">Validez legal<\/span><\/p>\n[\/mk_icon_box][mk_image src=&#8221;https:\/\/fullcertificate.com\/wp-content\/uploads\/2018\/12\/notary-europe-full-certificate.png&#8221; image_width=&#8221;100&#8243; align=&#8221;center&#8221; crop=&#8221;false&#8221;][\/vc_column_inner][vc_column_inner width=&#8221;2\/3&#8243;][mk_fancy_title tag_name=&#8221;h4&#8243; color=&#8221;#000000&#8243; font_style=&#8221;normal&#8221; txt_transform=&#8221;none&#8221; font_family=&#8221;none&#8221;]Con <strong>Full Signature &amp;\u00a0Full Certificate, <\/strong><span style=\"color: #0062af;\">Tercero de Confianza Europeo<\/span>,\u00a0 podr\u00e1 realizar t<span style=\"color: #0062af;\">odo tipo de proyectos de automatizaci\u00f3n y firma de contratos online con total validez legal<\/span>. Desde proyectos complejos hasta un solo formulario online que le permita a sus clientes <span style=\"color: #0062af;\">contratar sus servicios desde formularios webs con la creaci\u00f3n de contratos electr\u00f3nicos y firma online<\/span>\u00a0de los mismos.<\/p>\n<p>&nbsp;<\/p>\n<p>&nbsp;<\/p>\n<p>Si adem\u00e1s unimos<span style=\"color: #0062af;\"> <a style=\"color: #0062af;\" href=\"https:\/\/fullcertificate.com\/smartmoney\/\"><strong>Smart Money <\/strong><\/a><\/span>al proceso de firma electr\u00f3nica de contratos <strong>podr\u00e1 cobrar, facturar y recobrar<\/strong>, conforme a las variables inteligentes del contrato emitido, <span style=\"color: #0062af;\">las cuotas, cantidades a cuenta, etc, definidas en su contrato electr\u00f3nico o <strong>Smart Contract.<\/strong><\/span><\/p>\n<p>&nbsp;<\/p>\n<p>&nbsp;<\/p>\n<p>Los <strong>formularios con contrataci\u00f3n online certificada<\/strong> pueden ser completados y <span style=\"color: #0062af;\">ejecutados por sus clientes, por un consultor comercial de su empresa o por su centro de atenci\u00f3n a clientes<\/span> de forma que normaliza el proceso de contrataci\u00f3n y <strong>agiliza ahorrando de cientos a miles de horas hombre.<\/strong>\u00a0Desarrolle estrategias web y online para sus productos y servicios mediante contratos online integrando la\u00a0<span style=\"color: #0062af;\">contrataci\u00f3n, la firma electr\u00f3nica y el cobro de sus servicios o productos de las operaciones de su empresa.<\/span><\/p>\n<p>&nbsp;<\/p>\n<p>&nbsp;<\/p>\n<p>Un <span style=\"color: #0062af;\">servicio r\u00e1pido, econ\u00f3mico y ecol\u00f3gico<\/span>\u00a0a realizar desde sus portales y webs de su empresa. Adem\u00e1s ofrecemos, con todos nuestros productos, el servicio de <strong>Testimonio Notarial<\/strong> bajo demanda.<\/p>\n<p>&nbsp;<\/p>\n<p><span style=\"color: #0062af;\">Conocemos las necesidades del sector<\/span>\u00a0y, por ello,\u00a0<span style=\"color: #0062af;\">estamos en continua evoluci\u00f3n<\/span>\u00a0mediante la creaci\u00f3n de sistemas que ayudan a nuestros clientes en su negocio.\u00a0<span style=\"color: #0062af;\">Nuestro objetivo es ofrecerles el mejor servicio con un precio competitivo.\u00a0<\/span><strong>Conozca nuestras soluciones<\/strong>, le propondremos la mejor soluci\u00f3n para sus necesidades.<\/p>\n<p>&nbsp;<\/p>\n<p><strong>Si desea contactar<\/strong> con nosotros,<a href=\"https:\/\/fullcertificate.com\/contact\/\"> haga click aqu\u00ed<\/a>[\/mk_fancy_title][\/vc_column_inner][\/vc_row_inner][\/vc_column][vc_column border_color=&#8221;#ffffff&#8221; width=&#8221;1\/4&#8243;][mk_image src=&#8221;https:\/\/fullcertificate.com\/wp-content\/uploads\/2018\/12\/european-trusted-third-party-full-certificate.png&#8221; image_width=&#8221;180&#8243; align=&#8221;center&#8221; margin_bottom=&#8221;35&#8243; crop=&#8221;false&#8221;][vc_row_inner padding=&#8221;0&#8243;][vc_column_inner css=&#8221;.vc_custom_1574182355970{margin-bottom: 32px !important;border-top-width: 1px !important;border-right-width: 1px !important;border-bottom-width: 1px !important;border-left-width: 1px !important;border-left-color: #f2006e !important;border-left-style: solid !important;border-right-color: #f2006e !important;border-right-style: solid !important;border-top-color: #f2006e !important;border-top-style: solid !important;border-bottom-color: #f2006e !important;border-bottom-style: solid !important;}&#8221;][mk_fancy_title color=&#8221;#000000&#8243; size=&#8221;20&#8243; font_weight=&#8221;bold&#8221; font_style=&#8221;normal&#8221; txt_transform=&#8221;uppercase&#8221; margin_top=&#8221;20&#8243; margin_bottom=&#8221;0&#8243; font_family=&#8221;none&#8221; align=&#8221;center&#8221;]\n<p style=\"text-align: center;\">REG\u00cdSTRESE GRATIS<\/p>\n[\/mk_fancy_title][mk_fancy_title color=&#8221;#000000&#8243; size=&#8221;16&#8243; font_style=&#8221;normal&#8221; txt_transform=&#8221;none&#8221; margin_bottom=&#8221;0&#8243; font_family=&#8221;none&#8221; align=&#8221;center&#8221;]\n<p style=\"text-align: center;\">Pruebe nuestros Servicios Certificados con total validez legal.<\/p>\n<p>&nbsp;<\/p>\n<p style=\"text-align: center;\"><strong><span style=\"color: #0062b0;\">Sin cuotas, sin contratos.<\/span><br \/>\n<\/strong>Su saldo nunca caduca.<\/p>\n[\/mk_fancy_title][mk_button dimension=&#8221;flat&#8221; corner_style=&#8221;rounded&#8221; size=&#8221;medium&#8221; url=&#8221;https:\/\/cloud.fullcertificate.com\/register&#8221; target=&#8221;_blank&#8221; align=&#8221;center&#8221; button_custom_width=&#8221;160&#8243; bg_color=&#8221;#f2006e&#8221; btn_hover_bg=&#8221;#252525&#8243; btn_hover_txt_color=&#8221;#ffffff&#8221;]HAGA CLICK AQU\u00cd[\/mk_button][\/vc_column_inner][\/vc_row_inner][vc_row_inner padding=&#8221;0&#8243; el_class=&#8221;ocultar&#8221;][vc_column_inner css=&#8221;.vc_custom_1541495842486{border-top-width: 1px !important;border-right-width: 1px !important;border-bottom-width: 1px !important;border-left-width: 1px !important;border-left-color: #e80000 !important;border-left-style: solid !important;border-right-color: #e80000 !important;border-right-style: solid !important;border-top-color: #e80000 !important;border-top-style: solid !important;border-bottom-color: #e80000 !important;border-bottom-style: solid !important;}&#8221;][mk_fancy_title color=&#8221;#000000&#8243; size=&#8221;20&#8243; font_weight=&#8221;bold&#8221; font_style=&#8221;normal&#8221; txt_transform=&#8221;uppercase&#8221; margin_top=&#8221;20&#8243; margin_bottom=&#8221;0&#8243; font_family=&#8221;none&#8221; align=&#8221;center&#8221;]\n<p style=\"text-align: center;\">TE LLAMAREMOS<\/p>\n[\/mk_fancy_title][mk_fancy_title color=&#8221;#000000&#8243; size=&#8221;16&#8243; font_style=&#8221;normal&#8221; txt_transform=&#8221;none&#8221; margin_bottom=&#8221;0&#8243; font_family=&#8221;none&#8221; align=&#8221;center&#8221;]\n<p style=\"text-align: center;\">Introduzca sus datos y<br \/>\nTe llamamos lo antes posible.[\/mk_fancy_title][vc_raw_js]JTNDc2NyaXB0JTIwdHlwZSUzRCUyN3RleHQlMkZqYXZhc2NyaXB0JTI3JTNFJTBBalF1ZXJ5JTI4ZG9jdW1lbnQlMjkucmVhZHklMjhmdW5jdGlvbiUyOCUyOSUyMCU3QiUwQSUwOSUyNCUyOCUyMi5jbGljazJjYWxsJTIyJTI5LmZhbmN5Ym94JTI4JTdCJTBBJTA5JTA5bWF4V2lkdGglMDklM0ElMjA0MDAlMkMlMEElMDklMDltYXhIZWlnaHQlMDklM0ElMjA2MDAlMkMlMEElMjAlMjAlMjAlMjAlMjAlMjAlMjAlMjAlMjAlMjAlMjAlMjAlMjAlMjAlMjAlMjBtaW5IZWlnaHQlMjAlMjAlMjAlMjAlMjAlMjAlMjAlM0ElMjA4MDAlMkMlMEElMjAlMjAlMjAlMjAlMjAlMjAlMjAlMjAlMjAlMjAlMjAlMjAlMjAlMjAlMjAlMjB3aWR0aCUyMCUyMCUyMCUyMCUyMCUyMCUyMCUyMCUyMCUyMCUyMCUzQSUyMDQwMCUyQyUwQSUyMCUyMCUyMCUyMCUyMCUyMCUyMCUyMCUyMCUyMCUyMCUyMCUyMCUyMCUyMCUyMGhlaWdodCUyMCUyMCUyMCUyMCUyMCUyMCUyMCUyMCUyMCUyMCUzQSUyMDYwMCUyQyUwQSUwOSUwOWZpdFRvVmlldyUwOSUzQSUyMHRydWUlMkMlMEElMDklMDljbG9zZUNsaWNrJTA5JTNBJTIwZmFsc2UlMkMlMEElMDklMDlvcGVuRWZmZWN0JTA5JTNBJTIwJTI3bm9uZSUyNyUyQyUwQSUwOSUwOWNsb3NlRWZmZWN0JTA5JTNBJTIwJTI3bm9uZSUyNyUyQyUwQSUyMCUyMCUyMCUyMCUyMCUyMCUyMCUyMCUyMCUyMCUyMCUyMCUyMCUyMCUyMCUyMGF1dG9DZW50ZXIlMjAlMjAlMjAlMjAlMjAlMjAlM0ElMjB0cnVlJTBBJTA5JTdEJTI5JTNCJTBBJTdEJTI5JTNCJTBBJTNDJTJGc2NyaXB0JTNF[\/vc_raw_js][mk_button dimension=&#8221;flat&#8221; corner_style=&#8221;rounded&#8221; size=&#8221;medium&#8221; url=&#8221;https:\/\/www.emailforce.net\/call4leads\/click2call.aspx?id=3&#8243; align=&#8221;center&#8221; button_custom_width=&#8221;160&#8243; el_class=&#8221;click2call iframe&#8221; bg_color=&#8221;#0062b0&#8243; btn_hover_bg=&#8221;#252525&#8243;]SOLICITE UNA LLAMADA[\/mk_button][\/vc_column_inner][\/vc_row_inner][vc_empty_space height=&#8221;20px&#8221;][mk_icon_box2 icon_type=&#8221;image&#8221; title_size=&#8221;0&#8243; title_top_padding=&#8221;0&#8243; title_bottom_padding=&#8221;0&#8243;]<a href=\"https:\/\/fullcertificate.com\/smartmoney\/\"><img loading=\"lazy\" class=\"wp-image-6433 size-medium aligncenter\" src=\"https:\/\/fullcertificate.com\/wp-content\/uploads\/2018\/10\/logo-smartmoney-1.png\" alt=\"\" width=\"180\" height=\"31\" \/><\/a><a href=\"https:\/\/fullcertificate.com\/smartmoney\/\"><img loading=\"lazy\" class=\"wp-image-6439 size-medium aligncenter\" src=\"https:\/\/fullcertificate.com\/wp-content\/uploads\/2018\/10\/grafico-smart-money-3-1.png\" alt=\"\" width=\"170\" height=\"300\" \/><\/a><\/p>\n<p style=\"text-align: center;\"><strong><span style=\"color: #0062b0;\"><a style=\"color: #0062b0;\" href=\"https:\/\/fullcertificate.com\/smartmoney\/\">SMART MONEY<\/a><br \/>\n<\/span><\/strong>Smart Contracts<br \/>\nSmart Payments<br \/>\n<span style=\"color: #000000; text-decoration: none;\">Smart Recovery<br \/>\nDashboard<br \/>\n<\/span>[\/mk_icon_box2][vc_row_inner padding=&#8221;0&#8243;][vc_column_inner][mk_icon_box2 icon_type=&#8221;image&#8221; title_size=&#8221;0&#8243; title_top_padding=&#8221;0&#8243; title_bottom_padding=&#8221;0&#8243;]<a href=\"https:\/\/fullcertificate.com\/smart-contracts\/\"><img loading=\"lazy\" class=\"aligncenter wp-image-6393 size-full\" src=\"https:\/\/fullcertificate.com\/wp-content\/uploads\/2018\/10\/logo-smartcontracts-2-1.png\" alt=\"\" width=\"210\" height=\"29\" \/><\/a><a href=\"https:\/\/fullcertificate.com\/smart-contracts\/\"><img loading=\"lazy\" class=\"wp-image-6387 size-medium aligncenter\" src=\"https:\/\/fullcertificate.com\/wp-content\/uploads\/2018\/10\/grafico-smart-contracts-1.png\" alt=\"\" width=\"170\" height=\"297\" \/><\/a><\/p>\n<p style=\"text-align: center;\"><a href=\"https:\/\/fullcertificate.com\/smart-contracts\/\"><strong><span style=\"color: #0062b0;\">SMART CONTRACTS<\/span><\/strong><br \/>\n<\/a><span style=\"color: #000000; text-decoration: none;\">Contratos inteligentes<\/span><br \/>\n<span style=\"color: #000000; text-decoration: none;\">Procesos automatizados<\/span><br \/>\n<span style=\"color: #000000; text-decoration: none;\">Validez legal<\/span><\/p>\n[\/mk_icon_box2][\/vc_column_inner][\/vc_row_inner][vc_row_inner padding=&#8221;0&#8243;][vc_column_inner][vc_empty_space height=&#8221;20px&#8221;][\/vc_column_inner][\/vc_row_inner][vc_row_inner padding=&#8221;0&#8243; el_class=&#8221;ocultar&#8221;][vc_column_inner css=&#8221;.vc_custom_1540979094932{border-top-width: 1px !important;border-right-width: 1px !important;border-bottom-width: 1px !important;border-left-width: 1px !important;padding-top: 20px !important;padding-bottom: 20px !important;background-color: #ffffff !important;border-left-color: #1e73be !important;border-left-style: solid !important;border-right-color: #1e73be !important;border-right-style: solid !important;border-top-color: #1e73be !important;border-top-style: solid !important;border-bottom-color: #1e73be !important;border-bottom-style: solid !important;}&#8221;][mk_fancy_title color=&#8221;#000000&#8243; size=&#8221;20&#8243; font_weight=&#8221;bold&#8221; font_style=&#8221;normal&#8221; txt_transform=&#8221;uppercase&#8221; margin_bottom=&#8221;0&#8243; font_family=&#8221;none&#8221; align=&#8221;center&#8221;]\n<p style=\"text-align: center;\">Datos de contacto<\/p>\n[\/mk_fancy_title][mk_fancy_title color=&#8221;#1e73be&#8221; font_style=&#8221;normal&#8221; txt_transform=&#8221;none&#8221; margin_bottom=&#8221;0&#8243; font_family=&#8221;none&#8221; align=&#8221;center&#8221;]\n<p style=\"text-align: center;\"><strong>Tel\u00e9fono:<\/strong> EU &#8211; ES: 0034 910 052 659<br \/>\nEU &#8211; IT: 0039 0687165152<br \/>\nLATAM: 0052 55 4162 9666<\/p>\n<p style=\"text-align: center;\"><strong>Direcci\u00f3n:<\/strong> C\/ Boix y Morer 6, planta 9. 28003 Madrid, Espa\u00f1a<\/p>\n[\/mk_fancy_title][mk_button dimension=&#8221;flat&#8221; corner_style=&#8221;rounded&#8221; size=&#8221;medium&#8221; url=&#8221;https:\/\/fullcertificate.com\/contact\/&#8221; align=&#8221;center&#8221; button_custom_width=&#8221;160&#8243; bg_color=&#8221;#0062b0&#8243; btn_hover_bg=&#8221;#252525&#8243;]CONT\u00c1CTENOS[\/mk_button][\/vc_column_inner][\/vc_row_inner][\/vc_column][\/mk_page_section][vc_row padding=&#8221;0&#8243;][vc_column][mk_divider style=&#8221;thin_solid&#8221; thickness=&#8221;4&#8243; margin_top=&#8221;10&#8243; margin_bottom=&#8221;40&#8243;][mk_fancy_title tag_name=&#8221;h4&#8243; color=&#8221;#393836&#8243; size=&#8221;30&#8243; font_style=&#8221;normal&#8221; txt_transform=&#8221;uppercase&#8221; margin_bottom=&#8221;18&#8243; font_family=&#8221;none&#8221; align=&#8221;center&#8221;]\n<p style=\"text-align: center;\">CON LA GARANT\u00cdA DE<\/p>\n[\/mk_fancy_title][mk_image src=&#8221;https:\/\/fullcertificate.com\/wp-content\/uploads\/2022\/04\/footer-nuevo-WE-VOTE.jpg&#8221; target=&#8221;_blank&#8221; align=&#8221;center&#8221; margin_bottom=&#8221;40&#8243; el_class=&#8221;imagen-footer-centro&#8221; crop=&#8221;false&#8221;][\/vc_column][\/vc_row]\n","protected":false},"excerpt":{"rendered":"<p>[mk_page_section bg_image=&#8221;https:\/\/fullcertificate.com\/wp-content\/uploads\/2016\/06\/contratos-1.jpg&#8221; bg_position=&#8221;center top&#8221; bg_repeat=&#8221;no-repeat&#8221; bg_stretch=&#8221;true&#8221; min_height=&#8221;350&#8243; padding_top=&#8221;20&#8243; padding_bottom=&#8221;0&#8243; first_page=&#8221;true&#8221; last_page=&#8221;true&#8221; sidebar=&#8221;sidebar-1&#8243;][vc_column][mk_fancy_title tag_name=&#8221;h1&#8243; color=&#8221;#000000&#8243; size=&#8221;40&#8243; font_style=&#8221;normal&#8221; txt_transform=&#8221;none&#8221; margin_top=&#8221;60&#8243; margin_bottom=&#8221;0&#8243; font_family=&#8221;none&#8221;]Contratos automatizados desde formularios webs[\/mk_fancy_title][mk_fancy_title tag_name=&#8221;h1&#8243; color=&#8221;#000000&#8243; size=&#8221;25&#8243; font_weight=&#8221;300&#8243; font_style=&#8221;normal&#8221; txt_transform=&#8221;none&#8221; margin_bottom=&#8221;0&#8243; font_family=&#8221;none&#8221;]Ejecuci\u00f3n de contratos electr\u00f3nicos a trav\u00e9s de webs y portales corporativos[\/mk_fancy_title][mk_button dimension=&#8221;flat&#8221; size=&#8221;medium&#8221; url=&#8221;https:\/\/fullcertificate.com\/contact\/&#8221; target=&#8221;_blank&#8221; button_custom_width=&#8221;250&#8243; margin_bottom=&#8221;20&#8243; bg_color=&#8221;#0062b0&#8243; btn_hover_bg=&#8221;#252525&#8243;]CONTRATAR AHORA[\/mk_button][\/vc_column][\/mk_page_section][mk_page_section padding_top=&#8221;50&#8243; padding_bottom=&#8221;50&#8243; first_page=&#8221;false&#8221; last_page=&#8221;false&#8221; [&hellip;]<\/p>\n","protected":false},"author":2,"featured_media":0,"parent":0,"menu_order":0,"comment_status":"closed","ping_status":"closed","template":"","meta":{"_bbp_topic_count":0,"_bbp_reply_count":0,"_bbp_total_topic_count":0,"_bbp_total_reply_count":0,"_bbp_voice_count":0,"_bbp_anonymous_reply_count":0,"_bbp_topic_count_hidden":0,"_bbp_reply_count_hidden":0,"_bbp_forum_subforum_count":0},"_links":{"self":[{"href":"https:\/\/www.fullcertificate.com\/es\/wp-json\/wp\/v2\/pages\/28718"}],"collection":[{"href":"https:\/\/www.fullcertificate.com\/es\/wp-json\/wp\/v2\/pages"}],"about":[{"href":"https:\/\/www.fullcertificate.com\/es\/wp-json\/wp\/v2\/types\/page"}],"author":[{"embeddable":true,"href":"https:\/\/www.fullcertificate.com\/es\/wp-json\/wp\/v2\/users\/2"}],"replies":[{"embeddable":true,"href":"https:\/\/www.fullcertificate.com\/es\/wp-json\/wp\/v2\/comments?post=28718"}],"version-history":[{"count":3,"href":"https:\/\/www.fullcertificate.com\/es\/wp-json\/wp\/v2\/pages\/28718\/revisions"}],"predecessor-version":[{"id":28721,"href":"https:\/\/www.fullcertificate.com\/es\/wp-json\/wp\/v2\/pages\/28718\/revisions\/28721"}],"wp:attachment":[{"href":"https:\/\/www.fullcertificate.com\/es\/wp-json\/wp\/v2\/media?parent=28718"}],"curies":[{"name":"wp","href":"https:\/\/api.w.org\/{rel}","templated":true}]}}