{"id":28722,"date":"2023-12-11T12:35:43","date_gmt":"2023-12-11T12:35:43","guid":{"rendered":"https:\/\/fullcertificate.com\/?page_id=28722"},"modified":"2023-12-11T12:35:43","modified_gmt":"2023-12-11T12:35:43","slug":"firma-digital-de-acuerdos-y-consentimientos-medicos-es","status":"publish","type":"page","link":"https:\/\/www.fullcertificate.com\/es\/firma-digital-de-acuerdos-y-consentimientos-medicos-es\/","title":{"rendered":"Firma digital de Acuerdos y Consentimientos M\u00e9dicos FC"},"content":{"rendered":"[mk_page_section bg_image=&#8221;https:\/\/fullcertificate.com\/wp-content\/uploads\/2018\/11\/banner-consentimiento-medico-avisos-certificados-1.jpg&#8221; bg_position=&#8221;center top&#8221; bg_repeat=&#8221;no-repeat&#8221; bg_stretch=&#8221;true&#8221; min_height=&#8221;350&#8243; padding_top=&#8221;20&#8243; padding_bottom=&#8221;0&#8243; first_page=&#8221;true&#8221; last_page=&#8221;true&#8221; sidebar=&#8221;sidebar-1&#8243;][vc_column][mk_fancy_title color=&#8221;#000000&#8243; size=&#8221;30&#8243; font_style=&#8221;normal&#8221; txt_transform=&#8221;none&#8221; margin_top=&#8221;60&#8243; margin_bottom=&#8221;0&#8243; font_family=&#8221;none&#8221;]Firma de Acuerdos y Consentimientos M\u00e9dicos[\/mk_fancy_title][mk_fancy_title tag_name=&#8221;h1&#8243; color=&#8221;#000000&#8243; size=&#8221;25&#8243; font_weight=&#8221;300&#8243; font_style=&#8221;normal&#8221; txt_transform=&#8221;none&#8221; margin_bottom=&#8221;0&#8243; font_family=&#8221;none&#8221;]Firma electr\u00f3nica con Tablets y m\u00f3viles con validez legal[\/mk_fancy_title][mk_button dimension=&#8221;flat&#8221; size=&#8221;medium&#8221; url=&#8221;https:\/\/fullcertificate.com\/contact\/&#8221; target=&#8221;_blank&#8221; button_custom_width=&#8221;250&#8243; bg_color=&#8221;#0062b0&#8243; btn_hover_bg=&#8221;#252525&#8243;]CONTRATAR AHORA[\/mk_button][\/vc_column][\/mk_page_section][mk_page_section padding_top=&#8221;50&#8243; padding_bottom=&#8221;50&#8243; first_page=&#8221;false&#8221; last_page=&#8221;false&#8221; sidebar=&#8221;sidebar-1&#8243;][vc_column width=&#8221;3\/4&#8243;][mk_fancy_title color=&#8221;#0062af&#8221; size=&#8221;30&#8243; font_style=&#8221;normal&#8221; txt_transform=&#8221;none&#8221; margin_bottom=&#8221;0&#8243; font_family=&#8221;none&#8221;]Firma de Acuerdos y Consentimientos M\u00e9dicos[\/mk_fancy_title][mk_divider style=&#8221;thin_solid&#8221; thickness=&#8221;4&#8243; margin_top=&#8221;0&#8243;][mk_fancy_title color=&#8221;#000000&#8243; size=&#8221;17&#8243; font_weight=&#8221;bold&#8221; font_style=&#8221;normal&#8221; txt_transform=&#8221;uppercase&#8221; margin_bottom=&#8221;0&#8243; font_family=&#8221;none&#8221;]Acuerdos, aceptaciones de entrega, consentimientos m\u00e9dicos, etc.[\/mk_fancy_title][mk_fancy_title color=&#8221;#f2006e&#8221; size=&#8221;20&#8243; font_style=&#8221;normal&#8221; txt_transform=&#8221;none&#8221; margin_bottom=&#8221;30&#8243; font_family=&#8221;none&#8221;]Firma digital de Acuerdos y Consentimientos M\u00e9dicos con total validez legal. Firma Digital aut\u00f3grafa y\/o huella dactilar o a distancia por SMS o eMail certificado.[\/mk_fancy_title][vc_row_inner padding=&#8221;0&#8243;][vc_column_inner width=&#8221;1\/3&#8243;][mk_icon_box text_size=&#8221;0&#8243; icon_color=&#8221;#ffffff&#8221; icon_circle_color=&#8221;#ffffff&#8221; box_blur=&#8221;false&#8221;]<img class=\"wp-image-8885 aligncenter\" src=\"https:\/\/fullcertificate.com\/wp-content\/uploads\/2018\/11\/icono-contratos-certificados-2-2-300x300.png\" alt=\"\" width=\"216\" srcset=\"https:\/\/www.fullcertificate.com\/wp-content\/uploads\/2018\/11\/icono-contratos-certificados-2-2-300x300.png 300w, https:\/\/www.fullcertificate.com\/wp-content\/uploads\/2018\/11\/icono-contratos-certificados-2-2-150x150.png 150w, https:\/\/www.fullcertificate.com\/wp-content\/uploads\/2018\/11\/icono-contratos-certificados-2-2.png 500w\" sizes=\"(max-width: 300px) 100vw, 300px\" \/><\/p>\n<p style=\"text-align: center;\"><strong>ACUERDOS Y CONSENTIMIENTOS<br \/>\n<\/strong>Firma electr\u00f3nica<br \/>\nTables y M\u00f3viles<br \/>\nFirma Certificada<br \/>\nValidez Legal<\/p>\n[\/mk_icon_box][mk_image src=&#8221;https:\/\/fullcertificate.com\/wp-content\/uploads\/2018\/12\/notary-europe-full-certificate.png&#8221; image_width=&#8221;100&#8243; align=&#8221;center&#8221; crop=&#8221;false&#8221;][\/vc_column_inner][vc_column_inner width=&#8221;2\/3&#8243;][mk_fancy_title color=&#8221;#000000&#8243; font_style=&#8221;normal&#8221; txt_transform=&#8221;none&#8221; margin_bottom=&#8221;30&#8243; font_family=&#8221;none&#8221;]Este servicio desarrolla e integra las <span style=\"color: #0062af;\">soluciones de firma electr\u00f3nica<\/span> de<strong> Full Certificate<\/strong> todo tipo de <strong>Acuerdos, aceptaciones y consentimientos m\u00e9dicos informados<\/strong> con <span style=\"color: #0062af;\">validez legal.<\/span><\/p>\n<p>El proceso se realiza mediante <strong>Apps<\/strong> aportadas por <strong>Full Certificate<\/strong> o mediante integraciones <strong>WS API Rest<\/strong>. El cliente visualiza, en el <span style=\"color: #0062af;\">dispositivo m\u00f3vil<\/span>, el documento, presupuesto, contrato y\/o acuerdo a firmar con sus datos personales introducidos o por rellenar. El sistema se conecta v\u00eda <span style=\"color: #0062af;\">Web Services (API) con el Cloud <\/span>de Full Certificate y manda una<span style=\"color: #0062af;\"> copia electr\u00f3nica<\/span> del contrato por eMail o SMS al cliente si fuera necesario.<\/p>\n<p>&nbsp;<\/p>\n<p>&nbsp;<\/p>\n<p><strong>FIRMA DE ACUERDOS Y ACEPTACIONES<\/strong><span style=\"color: #0062af;\"><br \/>\n<\/span><\/p>\n<p><span style=\"color: #000000;\">Podr\u00e1 automatizar<\/span> procesos de<span style=\"color: #0062af;\"> firma electr\u00f3nica de <span style=\"color: #000000;\"><strong>Acuerdos<\/strong><\/span> de prestaci\u00f3n de servicios, presupuestos, mandatos con reconocimientos de honorarios<\/span>, etc. Asimismo en su vertiente de <strong>Aceptaciones<\/strong> podr\u00e1 g\u00e9stionar las entregas de producto y\/o servicios prestados.<\/p>\n<p>&nbsp;<\/p>\n<p>&nbsp;<\/p>\n<p><strong>FIRMA DE CONSENTIMIENTOS M\u00c9DICOS\u00a0<\/strong><\/p>\n<p>La firma electr\u00f3nica de\u00a0<strong>Consentimientos M\u00e9dicos Informados\u00a0<\/strong>es un servicio de valor para el \u00e1rea sanitaria. <span style=\"color: #800000;\"><strong>No es suficiente<\/strong> como prueba ante un juicio la firma en un dispositivo de software<\/span> y <strong>es necesario<\/strong> <span style=\"color: #0062af;\">que el proceso de firma sea certificado electr\u00f3nicamente<\/span>, por un <strong>Tercero de Confianza<\/strong>, aportanto <span style=\"color: #0062af;\">certidumbre legal con prueba fehaciente<\/span> en todo el proceso. Adem\u00e1s, el <strong>Consentimiento M\u00e9dico Informado<\/strong> forma parte del <strong>derecho<\/strong> del\u00a0<span style=\"color: #0062af;\"><span style=\"color: #000000;\"><strong>paciente<\/strong><\/span> a recibir la informaci\u00f3n adecuada sobre una actuaci\u00f3n m\u00e9dica y sus implicaciones <span style=\"color: #000000;\">para poder decidir libremente si se somete a ella o no.<\/span><\/span><\/p>\n<p>Recoger el consentimiento informado a trav\u00e9s de la firma electr\u00f3nica posibilita poder <span style=\"color: #0062af;\">suprimir el papel en el historial m\u00e9dico y conservarlo en soporte digital. <\/span>La firma electr\u00f3nica proporciona ventajas desde el punto de vista econ\u00f3mico, de seguridad y de eficiencia en la gesti\u00f3n del consentimiento informado de un paciente.<\/p>\n<p>&nbsp;<\/p>\n<p>&nbsp;<\/p>\n<p>Entre las\u00a0<strong>principales ventajas<\/strong>\u00a0destacamos las siguientes:<\/p>\n<p>&nbsp;<\/p>\n<ul>\n<li><span style=\"color: #0062af;\">Precios competitivos<\/span><\/li>\n<li><span style=\"color: #0062af;\">Gran ahorro de costes operativos<\/span><\/li>\n<li><span style=\"color: #00adef;\"><span style=\"color: #0062af;\">Firma Multicanal:<\/span> <span style=\"color: #000000;\">todos<\/span><\/span> los canales de comunicaci\u00f3n<\/li>\n<li><span style=\"color: #0062af;\">Multidispositivo<\/span> firma en Tablets, Smartphone o\u00a0PC<\/li>\n<li><span style=\"color: #00adef;\"><span style=\"color: #0062af;\">Excelencia<\/span>\u00a0<\/span>en sus\u00a0<span style=\"color: #0062af;\">operaciones\u00a0internas<\/span><\/li>\n<li><span style=\"color: #0062af;\">Total\u00a0seguridad<\/span><\/li>\n<li>Plena\u00a0<span style=\"color: #0062af;\">validez jur\u00eddica<\/span> a nivel Europeo<\/li>\n<li><span style=\"color: #00adef;\"><span style=\"color: #0062af;\">Importante\u00a0ahorro<\/span>\u00a0<\/span>de tiempo y dinero<\/li>\n<li>Plena\u00a0<span style=\"color: #0062af;\">validez\u00a0legal<\/span> acorde con la normativa europea<\/li>\n<li><span style=\"color: #0062af;\">Acceso<\/span> en tiempo real las\u00a0<span style=\"color: #0062af;\">24 horas<\/span><\/li>\n<li><span style=\"color: #00adef;\"><span style=\"color: #0062af;\">Automatizaci\u00f3n<\/span>\u00a0<\/span>de\u00a0<span style=\"color: #0062af;\">procesos empresariales<\/span>\u00a0con certificaci\u00f3n electr\u00f3nica mediante API Rest o Web Services<\/li>\n<li>Cinco a\u00f1os de\u00a0<span style=\"color: #0062af;\">custodia<\/span> por ley ampliables en funci\u00f3n de necesidades<\/li>\n<\/ul>\n[\/mk_fancy_title][\/vc_column_inner][\/vc_row_inner][mk_fancy_title tag_name=&#8221;h4&#8243; color=&#8221;#000000&#8243; font_style=&#8221;normal&#8221; txt_transform=&#8221;none&#8221; font_family=&#8221;none&#8221;]\n<p style=\"text-align: justify;\">Ofrecemos un <span style=\"color: #0062af;\"><strong>servicio personalizado y adaptado<\/strong> <span style=\"color: #000000;\">a las necesidades de su negocio<\/span>.<span style=\"color: #000000;\">\u00a0Con los servicios de firma electr\u00f3nica<\/span>\u00a0podr\u00e1 agilizar<\/span>\u00a0sus <strong>Acuerdos, Aceptaciones y Consentimientos M\u00e9dicos<\/strong> que necesite de una manera <span style=\"color: #0062af;\">f\u00e1cil y r\u00e1pida<\/span> <span style=\"color: #000000;\">con un <span style=\"color: #0062af;\">ahorro de costes muy importante<\/span>.<\/span><\/p>\n<p>&nbsp;<\/p>\n<p>Para<span style=\"color: #3366ff;\"><span style=\"color: #0062af;\"> redes de cl\u00ednicas con m\u00faltiples sedes<\/span>\u00a0<\/span>como son las <strong>Franquicias<\/strong><span style=\"color: #0062af;\">\u00a0<span style=\"color: #000000;\"><strong>o Corporaciones Sanitarias<\/strong><\/span> <span style=\"color: #000000;\">creamos servicios de alto valor a\u00f1adido<\/span>\u00a0con una gesti\u00f3n integral de sus servicios digitales.<\/span>[\/mk_fancy_title][mk_image src=&#8221;https:\/\/fullcertificate.com\/wp-content\/uploads\/2017\/10\/pasos-firma-electronica-1.png&#8221; image_width=&#8221;912&#8243; margin_bottom=&#8221;40&#8243; el_class=&#8221;imagen-footer-centro&#8221; crop=&#8221;false&#8221;][mk_fancy_title color=&#8221;#000000&#8243; font_style=&#8221;normal&#8221; txt_transform=&#8221;none&#8221; font_family=&#8221;none&#8221;]<strong><a href=\"https:\/\/fullcertificate.com\/contact\/\">Contacte con nosotros<\/a><\/strong> y un consultor especializado le atender\u00e1 personalmente.[\/mk_fancy_title][\/vc_column][vc_column border_color=&#8221;#ffffff&#8221; width=&#8221;1\/4&#8243;][mk_image src=&#8221;https:\/\/fullcertificate.com\/wp-content\/uploads\/2018\/12\/european-trusted-third-party-full-certificate.png&#8221; image_width=&#8221;180&#8243; align=&#8221;center&#8221; margin_bottom=&#8221;35&#8243; crop=&#8221;false&#8221;][vc_row_inner padding=&#8221;0&#8243;][vc_column_inner css=&#8221;.vc_custom_1574182500325{margin-bottom: 32px !important;border-top-width: 1px !important;border-right-width: 1px !important;border-bottom-width: 1px !important;border-left-width: 1px !important;border-left-color: #f2006e !important;border-left-style: solid !important;border-right-color: #f2006e !important;border-right-style: solid !important;border-top-color: #f2006e !important;border-top-style: solid !important;border-bottom-color: #f2006e !important;border-bottom-style: solid !important;}&#8221;][mk_fancy_title color=&#8221;#000000&#8243; size=&#8221;20&#8243; font_weight=&#8221;bold&#8221; font_style=&#8221;normal&#8221; txt_transform=&#8221;uppercase&#8221; margin_top=&#8221;20&#8243; margin_bottom=&#8221;0&#8243; font_family=&#8221;none&#8221; align=&#8221;center&#8221;]\n<p style=\"text-align: center;\">REG\u00cdSTRESE GRATIS<\/p>\n[\/mk_fancy_title][mk_fancy_title color=&#8221;#000000&#8243; size=&#8221;16&#8243; font_style=&#8221;normal&#8221; txt_transform=&#8221;none&#8221; margin_bottom=&#8221;0&#8243; font_family=&#8221;none&#8221; align=&#8221;center&#8221;]\n<p style=\"text-align: center;\">Pruebe nuestros Servicios Certificados con total validez legal.<\/p>\n<p>&nbsp;<\/p>\n<p style=\"text-align: center;\"><strong><span style=\"color: #0062b0;\">Sin cuotas, sin contratos.<\/span><br \/>\n<\/strong>Su saldo nunca caduca.<\/p>\n[\/mk_fancy_title][mk_button dimension=&#8221;flat&#8221; corner_style=&#8221;rounded&#8221; size=&#8221;medium&#8221; url=&#8221;https:\/\/cloud.fullcertificate.com\/register&#8221; target=&#8221;_blank&#8221; align=&#8221;center&#8221; button_custom_width=&#8221;160&#8243; bg_color=&#8221;#f2006e&#8221; btn_hover_bg=&#8221;#252525&#8243; btn_hover_txt_color=&#8221;#ffffff&#8221;]HAGA CLICK AQU\u00cd[\/mk_button][\/vc_column_inner][\/vc_row_inner][vc_row_inner padding=&#8221;0&#8243; el_class=&#8221;ocultar&#8221;][vc_column_inner css=&#8221;.vc_custom_1541495842486{border-top-width: 1px !important;border-right-width: 1px !important;border-bottom-width: 1px !important;border-left-width: 1px !important;border-left-color: #e80000 !important;border-left-style: solid !important;border-right-color: #e80000 !important;border-right-style: solid !important;border-top-color: #e80000 !important;border-top-style: solid !important;border-bottom-color: #e80000 !important;border-bottom-style: solid !important;}&#8221;][mk_fancy_title color=&#8221;#000000&#8243; size=&#8221;20&#8243; font_weight=&#8221;bold&#8221; font_style=&#8221;normal&#8221; txt_transform=&#8221;uppercase&#8221; margin_top=&#8221;20&#8243; margin_bottom=&#8221;0&#8243; font_family=&#8221;none&#8221; align=&#8221;center&#8221;]\n<p style=\"text-align: center;\">TE LLAMAREMOS<\/p>\n[\/mk_fancy_title][mk_fancy_title color=&#8221;#000000&#8243; size=&#8221;16&#8243; font_style=&#8221;normal&#8221; txt_transform=&#8221;none&#8221; margin_bottom=&#8221;0&#8243; font_family=&#8221;none&#8221; align=&#8221;center&#8221;]\n<p style=\"text-align: center;\">Introduzca sus datos y<br \/>\nTe llamamos lo antes posible.[\/mk_fancy_title][vc_raw_js]JTNDc2NyaXB0JTIwdHlwZSUzRCUyN3RleHQlMkZqYXZhc2NyaXB0JTI3JTNFJTBBalF1ZXJ5JTI4ZG9jdW1lbnQlMjkucmVhZHklMjhmdW5jdGlvbiUyOCUyOSUyMCU3QiUwQSUwOSUyNCUyOCUyMi5jbGljazJjYWxsJTIyJTI5LmZhbmN5Ym94JTI4JTdCJTBBJTA5JTA5bWF4V2lkdGglMDklM0ElMjA0MDAlMkMlMEElMDklMDltYXhIZWlnaHQlMDklM0ElMjA2MDAlMkMlMEElMjAlMjAlMjAlMjAlMjAlMjAlMjAlMjAlMjAlMjAlMjAlMjAlMjAlMjAlMjAlMjBtaW5IZWlnaHQlMjAlMjAlMjAlMjAlMjAlMjAlMjAlM0ElMjA4MDAlMkMlMEElMjAlMjAlMjAlMjAlMjAlMjAlMjAlMjAlMjAlMjAlMjAlMjAlMjAlMjAlMjAlMjB3aWR0aCUyMCUyMCUyMCUyMCUyMCUyMCUyMCUyMCUyMCUyMCUyMCUzQSUyMDQwMCUyQyUwQSUyMCUyMCUyMCUyMCUyMCUyMCUyMCUyMCUyMCUyMCUyMCUyMCUyMCUyMCUyMCUyMGhlaWdodCUyMCUyMCUyMCUyMCUyMCUyMCUyMCUyMCUyMCUyMCUzQSUyMDYwMCUyQyUwQSUwOSUwOWZpdFRvVmlldyUwOSUzQSUyMHRydWUlMkMlMEElMDklMDljbG9zZUNsaWNrJTA5JTNBJTIwZmFsc2UlMkMlMEElMDklMDlvcGVuRWZmZWN0JTA5JTNBJTIwJTI3bm9uZSUyNyUyQyUwQSUwOSUwOWNsb3NlRWZmZWN0JTA5JTNBJTIwJTI3bm9uZSUyNyUyQyUwQSUyMCUyMCUyMCUyMCUyMCUyMCUyMCUyMCUyMCUyMCUyMCUyMCUyMCUyMCUyMCUyMGF1dG9DZW50ZXIlMjAlMjAlMjAlMjAlMjAlMjAlM0ElMjB0cnVlJTBBJTA5JTdEJTI5JTNCJTBBJTdEJTI5JTNCJTBBJTNDJTJGc2NyaXB0JTNF[\/vc_raw_js][mk_button dimension=&#8221;flat&#8221; corner_style=&#8221;rounded&#8221; size=&#8221;medium&#8221; url=&#8221;https:\/\/www.emailforce.net\/call4leads\/click2call.aspx?id=3&#8243; align=&#8221;center&#8221; button_custom_width=&#8221;160&#8243; el_class=&#8221;click2call iframe&#8221; bg_color=&#8221;#0062b0&#8243; btn_hover_bg=&#8221;#252525&#8243;]SOLICITE UNA LLAMADA[\/mk_button][\/vc_column_inner][\/vc_row_inner][vc_empty_space height=&#8221;20px&#8221;][mk_icon_box2 icon_type=&#8221;image&#8221; title_size=&#8221;0&#8243; title_top_padding=&#8221;0&#8243; title_bottom_padding=&#8221;0&#8243;]<a href=\"https:\/\/fullcertificate.com\/smartmoney\/\"><img loading=\"lazy\" class=\"wp-image-6433 size-medium aligncenter\" src=\"https:\/\/fullcertificate.com\/wp-content\/uploads\/2018\/10\/logo-smartmoney-1.png\" alt=\"\" width=\"180\" height=\"31\" \/><\/a><a href=\"https:\/\/fullcertificate.com\/smartmoney\/\"><img loading=\"lazy\" class=\"wp-image-6439 size-medium aligncenter\" src=\"https:\/\/fullcertificate.com\/wp-content\/uploads\/2018\/10\/grafico-smart-money-3-1.png\" alt=\"\" width=\"170\" height=\"300\" \/><\/a><\/p>\n<p style=\"text-align: center;\"><strong><span style=\"color: #0062b0;\"><a style=\"color: #0062b0;\" href=\"https:\/\/fullcertificate.com\/smartmoney\/\">SMART MONEY<\/a><br \/>\n<\/span><\/strong>Smart Contracts<br \/>\nSmart Payments<br \/>\n<span style=\"color: #000000; text-decoration: none;\">Smart Recovery<br \/>\nDashboard<br \/>\n<\/span>[\/mk_icon_box2][vc_row_inner padding=&#8221;0&#8243;][vc_column_inner][mk_icon_box2 icon_type=&#8221;image&#8221; title_size=&#8221;0&#8243; title_top_padding=&#8221;0&#8243; title_bottom_padding=&#8221;0&#8243;]<a href=\"https:\/\/fullcertificate.com\/smart-contracts\/\"><img loading=\"lazy\" class=\"aligncenter wp-image-6393 size-full\" src=\"https:\/\/fullcertificate.com\/wp-content\/uploads\/2018\/10\/logo-smartcontracts-2-1.png\" alt=\"\" width=\"210\" height=\"29\" \/><\/a><a href=\"https:\/\/fullcertificate.com\/smart-contracts\/\"><img loading=\"lazy\" class=\"wp-image-6387 size-medium aligncenter\" src=\"https:\/\/fullcertificate.com\/wp-content\/uploads\/2018\/10\/grafico-smart-contracts-1.png\" alt=\"\" width=\"170\" height=\"297\" \/><\/a><\/p>\n<p style=\"text-align: center;\"><a href=\"https:\/\/fullcertificate.com\/smart-contracts\/\"><strong><span style=\"color: #0062b0;\">SMART CONTRACTS<\/span><\/strong><br \/>\n<\/a><span style=\"color: #000000; text-decoration: none;\">Contratos inteligentes<\/span><br \/>\n<span style=\"color: #000000; text-decoration: none;\">Procesos automatizados<\/span><br \/>\n<span style=\"color: #000000; text-decoration: none;\">Validez legal<\/span><\/p>\n[\/mk_icon_box2][\/vc_column_inner][\/vc_row_inner][vc_row_inner padding=&#8221;0&#8243;][vc_column_inner][vc_empty_space height=&#8221;20px&#8221;][\/vc_column_inner][\/vc_row_inner][vc_row_inner padding=&#8221;0&#8243; el_class=&#8221;ocultar&#8221;][vc_column_inner css=&#8221;.vc_custom_1540979094932{border-top-width: 1px !important;border-right-width: 1px !important;border-bottom-width: 1px !important;border-left-width: 1px !important;padding-top: 20px !important;padding-bottom: 20px !important;background-color: #ffffff !important;border-left-color: #1e73be !important;border-left-style: solid !important;border-right-color: #1e73be !important;border-right-style: solid !important;border-top-color: #1e73be !important;border-top-style: solid !important;border-bottom-color: #1e73be !important;border-bottom-style: solid !important;}&#8221;][mk_fancy_title color=&#8221;#000000&#8243; size=&#8221;20&#8243; font_weight=&#8221;bold&#8221; font_style=&#8221;normal&#8221; txt_transform=&#8221;uppercase&#8221; margin_bottom=&#8221;0&#8243; font_family=&#8221;none&#8221; align=&#8221;center&#8221;]\n<p style=\"text-align: center;\">Datos de contacto<\/p>\n[\/mk_fancy_title][mk_fancy_title color=&#8221;#1e73be&#8221; font_style=&#8221;normal&#8221; txt_transform=&#8221;none&#8221; margin_bottom=&#8221;0&#8243; font_family=&#8221;none&#8221; align=&#8221;center&#8221;]\n<p style=\"text-align: center;\"><strong>Tel\u00e9fono:<\/strong> EU &#8211; ES: 0034 910 052 659<br \/>\nEU &#8211; IT: 0039 0687165152<br \/>\nLATAM: 0052 55 4162 9666<\/p>\n<p style=\"text-align: center;\"><strong>Direcci\u00f3n:<\/strong> C\/ Boix y Morer 6, planta 9. 28003 Madrid, Espa\u00f1a<\/p>\n[\/mk_fancy_title][mk_button dimension=&#8221;flat&#8221; corner_style=&#8221;rounded&#8221; size=&#8221;medium&#8221; url=&#8221;https:\/\/fullcertificate.com\/contact\/&#8221; align=&#8221;center&#8221; button_custom_width=&#8221;160&#8243; bg_color=&#8221;#0062b0&#8243; btn_hover_bg=&#8221;#252525&#8243;]CONT\u00c1CTENOS[\/mk_button][\/vc_column_inner][\/vc_row_inner][\/vc_column][\/mk_page_section][vc_row padding=&#8221;0&#8243;][vc_column][mk_divider style=&#8221;thin_solid&#8221; thickness=&#8221;4&#8243; margin_top=&#8221;10&#8243; margin_bottom=&#8221;40&#8243;][mk_fancy_title tag_name=&#8221;h4&#8243; color=&#8221;#393836&#8243; size=&#8221;30&#8243; font_style=&#8221;normal&#8221; txt_transform=&#8221;uppercase&#8221; margin_bottom=&#8221;18&#8243; font_family=&#8221;none&#8221; align=&#8221;center&#8221;]\n<p style=\"text-align: center;\">CON LA GARANT\u00cdA DE<\/p>\n[\/mk_fancy_title][mk_image src=&#8221;https:\/\/fullcertificate.com\/wp-content\/uploads\/2022\/04\/footer-nuevo-WE-VOTE.jpg&#8221; target=&#8221;_blank&#8221; align=&#8221;center&#8221; margin_bottom=&#8221;0&#8243; el_class=&#8221;imagen-footer-centro&#8221; crop=&#8221;false&#8221;][\/vc_column][\/vc_row]\n","protected":false},"excerpt":{"rendered":"<p>[mk_page_section bg_image=&#8221;https:\/\/fullcertificate.com\/wp-content\/uploads\/2018\/11\/banner-consentimiento-medico-avisos-certificados-1.jpg&#8221; bg_position=&#8221;center top&#8221; bg_repeat=&#8221;no-repeat&#8221; bg_stretch=&#8221;true&#8221; min_height=&#8221;350&#8243; padding_top=&#8221;20&#8243; padding_bottom=&#8221;0&#8243; first_page=&#8221;true&#8221; last_page=&#8221;true&#8221; sidebar=&#8221;sidebar-1&#8243;][vc_column][mk_fancy_title color=&#8221;#000000&#8243; size=&#8221;30&#8243; font_style=&#8221;normal&#8221; txt_transform=&#8221;none&#8221; margin_top=&#8221;60&#8243; margin_bottom=&#8221;0&#8243; font_family=&#8221;none&#8221;]Firma de Acuerdos y Consentimientos M\u00e9dicos[\/mk_fancy_title][mk_fancy_title tag_name=&#8221;h1&#8243; color=&#8221;#000000&#8243; size=&#8221;25&#8243; font_weight=&#8221;300&#8243; font_style=&#8221;normal&#8221; txt_transform=&#8221;none&#8221; margin_bottom=&#8221;0&#8243; font_family=&#8221;none&#8221;]Firma electr\u00f3nica con Tablets y m\u00f3viles con validez legal[\/mk_fancy_title][mk_button dimension=&#8221;flat&#8221; size=&#8221;medium&#8221; url=&#8221;https:\/\/fullcertificate.com\/contact\/&#8221; target=&#8221;_blank&#8221; button_custom_width=&#8221;250&#8243; bg_color=&#8221;#0062b0&#8243; btn_hover_bg=&#8221;#252525&#8243;]CONTRATAR AHORA[\/mk_button][\/vc_column][\/mk_page_section][mk_page_section padding_top=&#8221;50&#8243; padding_bottom=&#8221;50&#8243; first_page=&#8221;false&#8221; last_page=&#8221;false&#8221; sidebar=&#8221;sidebar-1&#8243;][vc_column width=&#8221;3\/4&#8243;][mk_fancy_title color=&#8221;#0062af&#8221; [&hellip;]<\/p>\n","protected":false},"author":2,"featured_media":0,"parent":0,"menu_order":0,"comment_status":"closed","ping_status":"closed","template":"","meta":{"_bbp_topic_count":0,"_bbp_reply_count":0,"_bbp_total_topic_count":0,"_bbp_total_reply_count":0,"_bbp_voice_count":0,"_bbp_anonymous_reply_count":0,"_bbp_topic_count_hidden":0,"_bbp_reply_count_hidden":0,"_bbp_forum_subforum_count":0},"_links":{"self":[{"href":"https:\/\/www.fullcertificate.com\/es\/wp-json\/wp\/v2\/pages\/28722"}],"collection":[{"href":"https:\/\/www.fullcertificate.com\/es\/wp-json\/wp\/v2\/pages"}],"about":[{"href":"https:\/\/www.fullcertificate.com\/es\/wp-json\/wp\/v2\/types\/page"}],"author":[{"embeddable":true,"href":"https:\/\/www.fullcertificate.com\/es\/wp-json\/wp\/v2\/users\/2"}],"replies":[{"embeddable":true,"href":"https:\/\/www.fullcertificate.com\/es\/wp-json\/wp\/v2\/comments?post=28722"}],"version-history":[{"count":4,"href":"https:\/\/www.fullcertificate.com\/es\/wp-json\/wp\/v2\/pages\/28722\/revisions"}],"predecessor-version":[{"id":28726,"href":"https:\/\/www.fullcertificate.com\/es\/wp-json\/wp\/v2\/pages\/28722\/revisions\/28726"}],"wp:attachment":[{"href":"https:\/\/www.fullcertificate.com\/es\/wp-json\/wp\/v2\/media?parent=28722"}],"curies":[{"name":"wp","href":"https:\/\/api.w.org\/{rel}","templated":true}]}}