{"id":28740,"date":"2023-12-11T12:16:20","date_gmt":"2023-12-11T12:16:20","guid":{"rendered":"https:\/\/fullcertificate.com\/?page_id=28740"},"modified":"2026-04-27T19:57:59","modified_gmt":"2026-04-27T19:57:59","slug":"fotos-imagenes-videos-certificados-es","status":"publish","type":"page","link":"https:\/\/www.fullcertificate.com\/es\/fotos-imagenes-videos-certificados-es\/","title":{"rendered":"Fotos Im\u00e1genes V\u00eddeos Certificados FC"},"content":{"rendered":"[mk_page_section bg_image=\u00bbhttps:\/\/fullcertificate.com\/wp-content\/uploads\/2017\/03\/fotos-imagenes-videos-certificados-ideas-copyright-1.jpg\u00bb bg_position=\u00bbcenter top\u00bb bg_repeat=\u00bbno-repeat\u00bb bg_stretch=\u00bbtrue\u00bb min_height=\u00bb350&#8243; padding_top=\u00bb20&#8243; padding_bottom=\u00bb0&#8243; first_page=\u00bbtrue\u00bb last_page=\u00bbtrue\u00bb sidebar=\u00bbsidebar-1&#8243;][vc_column][mk_fancy_title tag_name=\u00bbh1&#8243; color=\u00bb#000000&#8243; size=\u00bb40&#8243; font_style=\u00bbnormal\u00bb txt_transform=\u00bbnone\u00bb margin_top=\u00bb60&#8243; margin_bottom=\u00bb0&#8243; font_family=\u00bbnone\u00bb]Fotos y V\u00eddeos\u00a0Certificados[\/mk_fancy_title][mk_fancy_title color=\u00bb#000000&#8243; size=\u00bb25&#8243; font_weight=\u00bb300&#8243; font_style=\u00bbnormal\u00bb txt_transform=\u00bbnone\u00bb margin_bottom=\u00bb0&#8243; font_family=\u00bbnone\u00bb]Sus fotos y v\u00eddeos como prueba de la vida real[\/mk_fancy_title][mk_button dimension=\u00bbflat\u00bb size=\u00bbmedium\u00bb url=\u00bbhttps:\/\/cloud.fullcertificate.com\/register\u00bb target=\u00bb_blank\u00bb button_custom_width=\u00bb250&#8243; margin_bottom=\u00bb20&#8243; bg_color=\u00bb#0062b0&#8243; btn_hover_bg=\u00bb#252525&#8243;]CONTRATAR AHORA[\/mk_button][\/vc_column][\/mk_page_section][mk_page_section padding_top=\u00bb50&#8243; padding_bottom=\u00bb50&#8243; first_page=\u00bbfalse\u00bb last_page=\u00bbfalse\u00bb sidebar=\u00bbsidebar-1&#8243;][vc_column width=\u00bb3\/4&#8243;][mk_fancy_title color=\u00bb#0062af\u00bb size=\u00bb30&#8243; font_style=\u00bbnormal\u00bb txt_transform=\u00bbnone\u00bb margin_bottom=\u00bb0&#8243; font_family=\u00bbnone\u00bb]Certifique Fotos y V\u00eddeos como pruebas clave en cualquier juicio[\/mk_fancy_title][mk_divider style=\u00bbthin_solid\u00bb thickness=\u00bb4&#8243; margin_top=\u00bb0&#8243;][mk_fancy_title color=\u00bb#000000&#8243; size=\u00bb17&#8243; font_weight=\u00bbbold\u00bb font_style=\u00bbnormal\u00bb txt_transform=\u00bbuppercase\u00bb margin_bottom=\u00bb0&#8243; font_family=\u00bbnone\u00bb]Accidentes de tr\u00e1fico, entrega y devoluciones de alquileres, v\u00eddeo grabaci\u00f3n de delitos, pruebas de acoso o bulling, etc[\/mk_fancy_title][mk_fancy_title color=\u00bb#f2006e\u00bb size=\u00bb20&#8243; font_style=\u00bbnormal\u00bb txt_transform=\u00bbnone\u00bb margin_bottom=\u00bb30&#8243; font_family=\u00bbnone\u00bb]Ahora, sus archivos multimedia ser\u00e1n elementos irrefutables de prueba[\/mk_fancy_title][vc_row_inner padding=\u00bb0&#8243;][vc_column_inner width=\u00bb1\/3&#8243;][mk_icon_box text_size=\u00bb0&#8243; box_blur=\u00bbfalse\u00bb]<img loading=\"lazy\" class=\"alignnone wp-image-8789 aligncenter\" src=\"https:\/\/fullcertificate.com\/wp-content\/uploads\/2018\/11\/icono-foto-certificada-2-1.png\" alt=\"\" width=\"216\" height=\"216\" \/><\/p>\n<p style=\"text-align: center;\"><span style=\"color: #0062af;\"><strong>FOTOS CERTIFICADAS<\/strong><\/span><\/p>\n[\/mk_icon_box][mk_icon_box text_size=\u00bb0&#8243; box_blur=\u00bbfalse\u00bb]<img loading=\"lazy\" class=\"alignnone wp-image-8789 aligncenter\" src=\"https:\/\/fullcertificate.com\/wp-content\/uploads\/2018\/11\/icono-video-certificado-2-1.png\" alt=\"\" width=\"216\" height=\"216\" \/><\/p>\n<p style=\"text-align: center;\"><span style=\"color: #0062af;\"><strong>VIDEOS CERTIFICADOS<\/strong><\/span><\/p>\n[\/mk_icon_box][mk_icon_box text_size=\u00bb0&#8243; box_blur=\u00bbfalse\u00bb]<img loading=\"lazy\" class=\"alignnone wp-image-8789 aligncenter\" src=\"https:\/\/fullcertificate.com\/wp-content\/uploads\/2018\/11\/icono-audio-avisos-certificados-1.png\" alt=\"\" width=\"216\" height=\"216\" \/><\/p>\n<p style=\"text-align: center;\"><span style=\"color: #0062af;\"><strong>AUDIOS CERTIFICADOS<\/strong><\/span><\/p>\n[\/mk_icon_box][mk_image src=\u00bbhttps:\/\/fullcertificate.com\/wp-content\/uploads\/2018\/12\/notary-europe-full-certificate.png\u00bb image_width=\u00bb100&#8243; align=\u00bbcenter\u00bb margin_bottom=\u00bb60&#8243; crop=\u00bbfalse\u00bb][\/vc_column_inner][vc_column_inner width=\u00bb2\/3&#8243;][mk_fancy_title tag_name=\u00bbh4&#8243; color=\u00bb#000000&#8243; font_style=\u00bbnormal\u00bb txt_transform=\u00bbnone\u00bb margin_bottom=\u00bb0&#8243; font_family=\u00bbnone\u00bb]<span style=\"color: #0062af;\"><a style=\"color: #0062af;\" href=\"http:\/\/fullcertificate.com\/\">Full Certificate<\/a><\/span> sabe lo importante que es guardar y certificar el <span style=\"color: #0062af;\">material fotogr\u00e1fico<\/span> en cualquier situaci\u00f3n que se nos pueda presentar en la vida diaria. Ahora con <strong>Fotos y Videos Certificados<\/strong> puede adquirir\u00a0<span style=\"color: #0062af;\">una protecci\u00f3n legal<\/span> <span style=\"color: #0062af;\">a sus archivos multimedia<\/span>. Su material fotogr\u00e1fico y de v\u00eddeo <span style=\"color: #0062af;\">quedar\u00e1 registrado, titulado y comentado<\/span> mediante un certificado electr\u00f3nico<strong> en Pdf de Full Certificate<\/strong>, <span style=\"color: #0062af;\">Tercero de Confianza Europeo.<\/span>[\/mk_fancy_title][mk_fancy_title tag_name=\u00bbh4&#8243; color=\u00bb#000000&#8243; font_style=\u00bbnormal\u00bb txt_transform=\u00bbnone\u00bb margin_bottom=\u00bb0&#8243; font_family=\u00bbnone\u00bb]Para ello, tan solo deber\u00e1 <span style=\"color: #0062af;\">enviar los documentos visuales<\/span> que necesite certificar a nuestra p\u00e1gina<span style=\"color: #0062af;\"> <a href=\"http:\/\/fullcertificate.com\"><span style=\"color: #0062af;\">Full Certificate<\/span><\/a> <\/span>y de forma inmediata <strong>Fotos, Im\u00e1genes, Audios y Videos Certificados<\/strong> responder\u00e1 con el <span style=\"color: #0062af;\">certificado de su contenido<\/span>, con los datos y detalles del env\u00edo. Tambi\u00e9n estar\u00e1 disponible su descarga desde el \u00e1rea de <strong>Acceso a Clientes<\/strong>. Queremos ayudarle en los registros de sus proyectos con certificados totalmente fiables y legales.<\/p>\n<p>&nbsp;<\/p>\n<p>&nbsp;<\/p>\n<p><strong><br \/>\nFicheros permitidos como Foto y V\u00eddeo:<\/strong><\/p>\n<p><span style=\"color: #0062af;\">Gif, Png, Jpg, Jpeg, Mp4, Flv, Mov, 3gp<\/span><\/p>\n<p>&nbsp;<\/p>\n<p>&nbsp;<\/p>\n<p><strong><br \/>\nFicheros permitidos como Audio:<\/strong><\/p>\n<p><span style=\"color: #0062af;\">Wav, Mp3, Flac, Gsm<\/span>[\/mk_fancy_title][mk_fancy_title tag_name=\u00bbh4&#8243; color=\u00bb#000000&#8243; font_style=\u00bbnormal\u00bb txt_transform=\u00bbnone\u00bb margin_bottom=\u00bb30&#8243; font_family=\u00bbnone\u00bb]La figura de <strong>Full Certificate<\/strong> como <strong>Tercero de Confianza<\/strong>, le garantiza que sus env\u00edos poseen plena validez legal. R\u00e1pido, econ\u00f3mico, ecol\u00f3gico y c\u00f3modo, desde su ordenador, ahorrando tiempo y trabajo. Adem\u00e1s ofrecemos con todos nuestros productos el servicio de <span style=\"color: #0062af;\">Testimonio notarial bajo demanda.<\/span>[\/mk_fancy_title][\/vc_column_inner][\/vc_row_inner][mk_fancy_title tag_name=\u00bbh1&#8243; color=\u00bb#0062af\u00bb size=\u00bb20&#8243; font_weight=\u00bbbold\u00bb font_style=\u00bbnormal\u00bb txt_transform=\u00bbuppercase\u00bb margin_top=\u00bb20&#8243; margin_bottom=\u00bb0&#8243; font_family=\u00bbnone\u00bb]Fotos, Im\u00e1genes, Audios y V\u00eddeos\u00a0Certificados[\/mk_fancy_title][mk_fancy_title color=\u00bb#f2006e\u00bb size=\u00bb20&#8243; font_style=\u00bbnormal\u00bb txt_transform=\u00bbnone\u00bb margin_bottom=\u00bb0&#8243; font_family=\u00bbnone\u00bb]\n<p class=\"mk-shortcode mk-fancy-title fancy-title-align-left mk-animate-element top-to-bottom simple-style mk-in-viewport\">Certifique sus archivos multimedia con plena validez legal.<\/p>\n[\/mk_fancy_title][vc_row_inner padding=\u00bb0&#8243;][vc_column_inner width=\u00bb1\/6&#8243;][mk_image src=\u00bbhttps:\/\/fullcertificate.com\/wp-content\/uploads\/2016\/05\/sms_certificados_rc_04-1.png\u00bb image_width=\u00bb82&#8243; image_height=\u00bb92&#8243; align=\u00bbcenter\u00bb margin_bottom=\u00bb0&#8243; crop=\u00bbfalse\u00bb][mk_image src=\u00bbhttps:\/\/fullcertificate.com\/wp-content\/uploads\/2016\/05\/Captura-de-pantalla-2016-05-27-a-las-09.20.23-1.png\u00bb image_width=\u00bb53&#8243; image_height=\u00bb48&#8243; align=\u00bbcenter\u00bb margin_bottom=\u00bb0&#8243; crop=\u00bbfalse\u00bb][mk_fancy_title color=\u00bb#404040&#8243; size=\u00bb11&#8243; font_weight=\u00bbbold\u00bb txt_transform=\u00bbnone\u00bb margin_bottom=\u00bb0&#8243; font_family=\u00bbnone\u00bb align=\u00bbcenter\u00bb]\n<p style=\"text-align: center;\">Se carga de 1 a n<br \/>\nficheros multimedia[\/mk_fancy_title][\/vc_column_inner][vc_column_inner width=\u00bb1\/6&#8243;][mk_image src=\u00bbhttps:\/\/fullcertificate.com\/wp-content\/uploads\/2016\/05\/sms_certificados_cc_05-1.png\u00bb image_width=\u00bb82&#8243; image_height=\u00bb92&#8243; align=\u00bbcenter\u00bb margin_bottom=\u00bb0&#8243; crop=\u00bbfalse\u00bb][mk_image src=\u00bbhttps:\/\/fullcertificate.com\/wp-content\/uploads\/2016\/05\/Captura-de-pantalla-2016-05-27-a-las-09.20.23-1.png\u00bb image_width=\u00bb53&#8243; image_height=\u00bb48&#8243; align=\u00bbcenter\u00bb margin_bottom=\u00bb0&#8243; crop=\u00bbfalse\u00bb][mk_fancy_title color=\u00bb#404040&#8243; size=\u00bb11&#8243; font_weight=\u00bbbold\u00bb txt_transform=\u00bbnone\u00bb margin_bottom=\u00bb0&#8243; font_family=\u00bbnone\u00bb align=\u00bbcenter\u00bb]\n<p style=\"text-align: center;\">Se genera el documento<br \/>\ncertificado electr\u00f3nico[\/mk_fancy_title][\/vc_column_inner][vc_column_inner width=\u00bb1\/6&#8243;][mk_image src=\u00bbhttps:\/\/fullcertificate.com\/wp-content\/uploads\/2016\/05\/sms_certificados_03-1.png\u00bb image_width=\u00bb82&#8243; image_height=\u00bb92&#8243; align=\u00bbcenter\u00bb margin_bottom=\u00bb0&#8243; crop=\u00bbfalse\u00bb][mk_image src=\u00bbhttps:\/\/fullcertificate.com\/wp-content\/uploads\/2016\/05\/Captura-de-pantalla-2016-05-27-a-las-09.20.23-1.png\u00bb image_width=\u00bb53&#8243; image_height=\u00bb48&#8243; align=\u00bbcenter\u00bb margin_bottom=\u00bb0&#8243; crop=\u00bbfalse\u00bb][mk_fancy_title color=\u00bb#404040&#8243; size=\u00bb11&#8243; font_weight=\u00bbbold\u00bb txt_transform=\u00bbnone\u00bb margin_bottom=\u00bb0&#8243; font_family=\u00bbnone\u00bb align=\u00bbcenter\u00bb]\n<p style=\"text-align: center;\">eMail\u00a0 Comunicando<br \/>\nel Certificado al usuario[\/mk_fancy_title][\/vc_column_inner][vc_column_inner width=\u00bb1\/6&#8243;][\/vc_column_inner][vc_column_inner width=\u00bb1\/6&#8243;][\/vc_column_inner][vc_column_inner width=\u00bb1\/6&#8243;][\/vc_column_inner][\/vc_row_inner][mk_fancy_title tag_name=\u00bbh4&#8243; color=\u00bb#000000&#8243; font_style=\u00bbnormal\u00bb txt_transform=\u00bbnone\u00bb margin_top=\u00bb20&#8243; font_family=\u00bbnone\u00bb]Suba a nuestra plataforma el documento multimedia. De forma inmediata generaremos un certificado electr\u00f3nico que se le enviar\u00e1 mediante correo electr\u00f3nico. Tambi\u00e9n podr\u00e1 descargar este certificado legal desde la misma plataforma donde se lo guardamos durante 5 a\u00f1os.[\/mk_fancy_title][\/vc_column][vc_column border_color=\u00bb#ffffff\u00bb width=\u00bb1\/4&#8243;][vc_row_inner padding=\u00bb0&#8243;][vc_column_inner][mk_image src=\u00bbhttps:\/\/fullcertificate.com\/wp-content\/uploads\/2018\/12\/european-trusted-third-party-full-certificate.png\u00bb image_width=\u00bb180&#8243; align=\u00bbcenter\u00bb margin_bottom=\u00bb35&#8243; crop=\u00bbfalse\u00bb][\/vc_column_inner][\/vc_row_inner][vc_row_inner padding=\u00bb0&#8243;][vc_column_inner css=\u00bb.vc_custom_1574183233670{border-top-width: 1px !important;border-right-width: 1px !important;border-bottom-width: 1px !important;border-left-width: 1px !important;border-left-color: #f2006e !important;border-left-style: solid !important;border-right-color: #f2006e !important;border-right-style: solid !important;border-top-color: #f2006e !important;border-top-style: solid !important;border-bottom-color: #f2006e !important;border-bottom-style: solid !important;}\u00bb][mk_fancy_title color=\u00bb#000000&#8243; size=\u00bb20&#8243; font_weight=\u00bbbold\u00bb font_style=\u00bbnormal\u00bb txt_transform=\u00bbuppercase\u00bb margin_top=\u00bb20&#8243; margin_bottom=\u00bb0&#8243; font_family=\u00bbnone\u00bb align=\u00bbcenter\u00bb]\n<p style=\"text-align: center;\">REG\u00cdSTRESE GRATIS<\/p>\n[\/mk_fancy_title][mk_fancy_title color=\u00bb#000000&#8243; size=\u00bb16&#8243; font_style=\u00bbnormal\u00bb txt_transform=\u00bbnone\u00bb margin_bottom=\u00bb0&#8243; font_family=\u00bbnone\u00bb align=\u00bbcenter\u00bb]\n<p style=\"text-align: center;\">Pruebe nuestros Servicios Certificados con total validez legal.<\/p>\n<p>&nbsp;<\/p>\n<p style=\"text-align: center;\"><strong><span style=\"color: #0062b0;\">Sin cuotas, sin contratos.<\/span><br \/>\n<\/strong>Su saldo nunca caduca.[\/mk_fancy_title][mk_button dimension=\u00bbflat\u00bb corner_style=\u00bbrounded\u00bb size=\u00bbmedium\u00bb url=\u00bbhttps:\/\/cloud.fullcertificate.com\/register\u00bb target=\u00bb_blank\u00bb align=\u00bbcenter\u00bb button_custom_width=\u00bb160&#8243; bg_color=\u00bb#f2006e\u00bb btn_hover_bg=\u00bb#252525&#8243; btn_hover_txt_color=\u00bb#ffffff\u00bb]HAGA CLICK AQU\u00cd[\/mk_button][\/vc_column_inner][\/vc_row_inner][vc_empty_space height=\u00bb35px\u00bb][vc_row_inner padding=\u00bb0&#8243; el_class=\u00bbocultar\u00bb][vc_column_inner css=\u00bb.vc_custom_1540977628347{border-top-width: 1px !important;border-right-width: 1px !important;border-bottom-width: 1px !important;border-left-width: 1px !important;background-color: #f4f4f4 !important;border-left-color: #e80000 !important;border-left-style: solid !important;border-right-color: #e80000 !important;border-right-style: solid !important;border-top-color: #e80000 !important;border-top-style: solid !important;border-bottom-color: #e80000 !important;border-bottom-style: solid !important;}\u00bb][mk_fancy_title color=\u00bb#000000&#8243; size=\u00bb20&#8243; font_weight=\u00bbbold\u00bb font_style=\u00bbnormal\u00bb txt_transform=\u00bbuppercase\u00bb margin_top=\u00bb20&#8243; margin_bottom=\u00bb0&#8243; font_family=\u00bbnone\u00bb align=\u00bbcenter\u00bb]\n<p style=\"text-align: center;\">TE LLAMAREMOS<\/p>\n[\/mk_fancy_title][mk_fancy_title color=\u00bb#000000&#8243; size=\u00bb16&#8243; font_style=\u00bbnormal\u00bb txt_transform=\u00bbnone\u00bb margin_bottom=\u00bb0&#8243; font_family=\u00bbnone\u00bb align=\u00bbcenter\u00bb]\n<p style=\"text-align: center;\">Introduzca sus datos y<br \/>\nTe llamamos lo antes posible.[\/mk_fancy_title][vc_raw_js]JTNDc2NyaXB0JTIwdHlwZSUzRCUyN3RleHQlMkZqYXZhc2NyaXB0JTI3JTNFJTBBalF1ZXJ5JTI4ZG9jdW1lbnQlMjkucmVhZHklMjhmdW5jdGlvbiUyOCUyOSUyMCU3QiUwQSUwOSUyNCUyOCUyMi5jbGljazJjYWxsJTIyJTI5LmZhbmN5Ym94JTI4JTdCJTBBJTA5JTA5bWF4V2lkdGglMDklM0ElMjA0MDAlMkMlMEElMDklMDltYXhIZWlnaHQlMDklM0ElMjA2MDAlMkMlMEElMjAlMjAlMjAlMjAlMjAlMjAlMjAlMjAlMjAlMjAlMjAlMjAlMjAlMjAlMjAlMjBtaW5IZWlnaHQlMjAlMjAlMjAlMjAlMjAlMjAlMjAlM0ElMjA4MDAlMkMlMEElMjAlMjAlMjAlMjAlMjAlMjAlMjAlMjAlMjAlMjAlMjAlMjAlMjAlMjAlMjAlMjB3aWR0aCUyMCUyMCUyMCUyMCUyMCUyMCUyMCUyMCUyMCUyMCUyMCUzQSUyMDQwMCUyQyUwQSUyMCUyMCUyMCUyMCUyMCUyMCUyMCUyMCUyMCUyMCUyMCUyMCUyMCUyMCUyMCUyMGhlaWdodCUyMCUyMCUyMCUyMCUyMCUyMCUyMCUyMCUyMCUyMCUzQSUyMDYwMCUyQyUwQSUwOSUwOWZpdFRvVmlldyUwOSUzQSUyMHRydWUlMkMlMEElMDklMDljbG9zZUNsaWNrJTA5JTNBJTIwZmFsc2UlMkMlMEElMDklMDlvcGVuRWZmZWN0JTA5JTNBJTIwJTI3bm9uZSUyNyUyQyUwQSUwOSUwOWNsb3NlRWZmZWN0JTA5JTNBJTIwJTI3bm9uZSUyNyUyQyUwQSUyMCUyMCUyMCUyMCUyMCUyMCUyMCUyMCUyMCUyMCUyMCUyMCUyMCUyMCUyMCUyMGF1dG9DZW50ZXIlMjAlMjAlMjAlMjAlMjAlMjAlM0ElMjB0cnVlJTBBJTA5JTdEJTI5JTNCJTBBJTdEJTI5JTNCJTBBJTNDJTJGc2NyaXB0JTNF[\/vc_raw_js][mk_button dimension=\u00bbflat\u00bb corner_style=\u00bbrounded\u00bb size=\u00bbmedium\u00bb url=\u00bbhttps:\/\/www.emailforce.net\/call4leads\/click2call.aspx?id=3&#8243; align=\u00bbcenter\u00bb button_custom_width=\u00bb160&#8243; el_class=\u00bbclick2call iframe\u00bb bg_color=\u00bb#0062b0&#8243; btn_hover_bg=\u00bb#252525&#8243;]SOLICITE UNA LLAMADA[\/mk_button][\/vc_column_inner][\/vc_row_inner][vc_empty_space height=\u00bb20px\u00bb][vc_row_inner padding=\u00bb0&#8243;][vc_column_inner][mk_icon_box2 icon_type=\u00bbimage\u00bb title_size=\u00bb0&#8243; title_top_padding=\u00bb0&#8243; title_bottom_padding=\u00bb0&#8243;]<a href=\"https:\/\/fullcertificate.com\/smartmoney\/\"><img loading=\"lazy\" class=\"wp-image-6433 size-medium aligncenter\" src=\"https:\/\/fullcertificate.com\/wp-content\/uploads\/2018\/10\/logo-smartmoney-1.png\" alt=\"\" width=\"180\" height=\"31\" \/><\/a><a href=\"https:\/\/fullcertificate.com\/smartmoney\/\"><img loading=\"lazy\" class=\"wp-image-6439 size-medium aligncenter\" src=\"https:\/\/fullcertificate.com\/wp-content\/uploads\/2018\/10\/grafico-smart-money-3-1.png\" alt=\"\" width=\"170\" height=\"300\" \/><\/a><\/p>\n<p style=\"text-align: center;\"><strong><span style=\"color: #0062b0;\"><a style=\"color: #0062b0;\" href=\"https:\/\/fullcertificate.com\/smartmoney\/\">SMART MONEY<\/a><br \/>\n<\/span><\/strong>Smart Contracts<br \/>\nSmart Payments<br \/>\n<span style=\"color: #000000; text-decoration: none;\">Smart Recovery<br \/>\nDashboard<br \/>\n<\/span>[\/mk_icon_box2][vc_empty_space height=\u00bb0px\u00bb][mk_icon_box2 icon_type=\u00bbimage\u00bb title_size=\u00bb0&#8243; title_top_padding=\u00bb0&#8243; title_bottom_padding=\u00bb0&#8243;]<a href=\"https:\/\/fullcertificate.com\/smartone2one\/\"><img loading=\"lazy\" class=\"wp-image-6433 size-medium aligncenter\" src=\"https:\/\/fullcertificate.com\/wp-content\/uploads\/2018\/10\/logo-smart-one2one-2-1.png\" alt=\"\" width=\"226\" height=\"31\" \/><\/a><a href=\"https:\/\/fullcertificate.com\/smartone2one\/\"><img loading=\"lazy\" class=\"wp-image-6439 size-medium aligncenter\" src=\"https:\/\/fullcertificate.com\/wp-content\/uploads\/2018\/10\/grafico-smart-one2one-1.png\" alt=\"\" width=\"170\" height=\"300\" \/><\/a><\/p>\n<p style=\"text-align: center;\"><strong><span style=\"color: #0062b0;\"><a style=\"color: #0062b0;\" href=\"https:\/\/fullcertificate.com\/smartone2one\/\">SMART ONE2ONE<\/a><br \/>\n<\/span><\/strong>Notificaciones Personalizadas<br \/>\nAlto volumen de ejecuci\u00f3n<br \/>\n<span style=\"color: #000000; text-decoration: none;\">Certificaci\u00f3n Multicanal<br \/>\nAlta disponibilidad<\/span>[\/mk_icon_box2][\/vc_column_inner][\/vc_row_inner][vc_empty_space height=\u00bb20px\u00bb][vc_row_inner padding=\u00bb0&#8243; el_class=\u00bbocultar\u00bb][vc_column_inner css=\u00bb.vc_custom_1540979094932{border-top-width: 1px !important;border-right-width: 1px !important;border-bottom-width: 1px !important;border-left-width: 1px !important;padding-top: 20px !important;padding-bottom: 20px !important;background-color: #ffffff !important;border-left-color: #1e73be !important;border-left-style: solid !important;border-right-color: #1e73be !important;border-right-style: solid !important;border-top-color: #1e73be !important;border-top-style: solid !important;border-bottom-color: #1e73be !important;border-bottom-style: solid !important;}\u00bb][mk_fancy_title color=\u00bb#000000&#8243; size=\u00bb20&#8243; font_weight=\u00bbbold\u00bb font_style=\u00bbnormal\u00bb txt_transform=\u00bbuppercase\u00bb margin_bottom=\u00bb0&#8243; font_family=\u00bbnone\u00bb align=\u00bbcenter\u00bb]\n<p style=\"text-align: center;\">Datos de contacto<\/p>\n[\/mk_fancy_title][mk_fancy_title color=\u00bb#1e73be\u00bb font_style=\u00bbnormal\u00bb txt_transform=\u00bbnone\u00bb margin_bottom=\u00bb0&#8243; font_family=\u00bbnone\u00bb align=\u00bbcenter\u00bb]\n<p style=\"text-align: center;\"><strong>Tel\u00e9fono:<\/strong> EU &#8211; ES: 0034 910 052 659<br \/>\nEU &#8211; IT: 0039 0687165152<br \/>\nLATAM: 0052 55 4162 9666<\/p>\n<p style=\"text-align: center;\"><strong>Direcci\u00f3n:<\/strong> C\/ Boix y Morer 6, planta 9. 28003 Madrid, Espa\u00f1a<\/p>\n[\/mk_fancy_title][mk_button dimension=\u00bbflat\u00bb corner_style=\u00bbrounded\u00bb size=\u00bbmedium\u00bb url=\u00bbhttps:\/\/fullcertificate.com\/contact\/\u00bb align=\u00bbcenter\u00bb button_custom_width=\u00bb160&#8243; bg_color=\u00bb#0062b0&#8243; btn_hover_bg=\u00bb#252525&#8243;]CONT\u00c1CTENOS[\/mk_button][\/vc_column_inner][\/vc_row_inner][\/vc_column][\/mk_page_section][mk_page_section full_width=\u00bbtrue\u00bb first_page=\u00bbfalse\u00bb last_page=\u00bbfalse\u00bb sidebar=\u00bbsidebar-1&#8243;][vc_column][mk_divider style=\u00bbthin_solid\u00bb thickness=\u00bb4&#8243; margin_top=\u00bb10&#8243; margin_bottom=\u00bb40&#8243;][mk_fancy_title tag_name=\u00bbh4&#8243; color=\u00bb#393836&#8243; size=\u00bb30&#8243; font_style=\u00bbnormal\u00bb txt_transform=\u00bbuppercase\u00bb margin_bottom=\u00bb18&#8243; font_family=\u00bbnone\u00bb align=\u00bbcenter\u00bb]\n<p style=\"text-align: center;\">CON LA GARANT\u00cdA DE<\/p>\n[\/mk_fancy_title][mk_image src=\u00bbhttps:\/\/fullcertificate.com\/wp-content\/uploads\/2022\/04\/footer-nuevo-WE-VOTE.jpg\u00bb target=\u00bb_blank\u00bb align=\u00bbcenter\u00bb margin_bottom=\u00bb40&#8243; el_class=\u00bbimagen-footer-centro\u00bb crop=\u00bbfalse\u00bb][\/vc_column][\/mk_page_section][vc_row][vc_column][vc_column_text css=\u00bb.vc_custom_1777319863410{margin-bottom: 0px !important;}\u00bb]\n<div id=\"wrapper-video-autom\u00e1tico\" style=\"display:none;\">\n        \/\/ PopUp Video<br \/>\n    <a id=\"6a04c427d3b5f\" rel=\"wp-video-lightbox\" href=\"https:\/\/www.youtube.com\/watch?v=cuyVahLGkUk&#038;width=853&#038;height=480\" title=\"\">open<\/a>    <script>\r\n    \/* <![CDATA[ *\/\r\n    jQuery(document).ready(function($){\r\n        $(function(){\r\n            var width = $(window).innerWidth();\r\n            var setwidth = parseFloat(853);\r\n            var ratio = parseFloat(0.56271981242673);\r\n            var height = parseFloat(480);\r\n            var link = 'https:\/\/www.youtube.com\/watch?v=cuyVahLGkUk&amp;width=853&amp;height=480';\r\n            if(width < setwidth)\r\n            {\r\n                height = Math.floor(width * 0.56271981242673);\r\n                \/\/console.log(\"device width \"+width+\", set width \"+853+\", ratio \"+0.56271981242673+\", new height \"+ height);\r\n                var new_url = wpvl_paramReplace('width', link, width);\r\n                var new_url = wpvl_paramReplace('height', new_url, height);\r\n                $(\"a#6a04c427d3b5f\").attr('href', new_url);\r\n                \/\/console.log(new_url);\r\n            }\r\n        });\r\n    });\r\n    \/* ]]> *\/\r\n    <\/script>\n<\/div>\n<p><script type=\"text\/javascript\">\n    jQuery(document).ready(function($) {\n        setTimeout(function() {\n            jQuery('#wrapper-video-autom\u00e1tico a').click();\n        }, 1000);\n    });\n<\/script>[\/vc_column_text][\/vc_column][\/vc_row]\n","protected":false},"excerpt":{"rendered":"<p>[mk_page_section bg_image=\u00bbhttps:\/\/fullcertificate.com\/wp-content\/uploads\/2017\/03\/fotos-imagenes-videos-certificados-ideas-copyright-1.jpg\u00bb bg_position=\u00bbcenter top\u00bb bg_repeat=\u00bbno-repeat\u00bb bg_stretch=\u00bbtrue\u00bb min_height=\u00bb350&#8243; padding_top=\u00bb20&#8243; padding_bottom=\u00bb0&#8243; first_page=\u00bbtrue\u00bb last_page=\u00bbtrue\u00bb sidebar=\u00bbsidebar-1&#8243;][vc_column][mk_fancy_title tag_name=\u00bbh1&#8243; color=\u00bb#000000&#8243; size=\u00bb40&#8243; font_style=\u00bbnormal\u00bb txt_transform=\u00bbnone\u00bb margin_top=\u00bb60&#8243; margin_bottom=\u00bb0&#8243; font_family=\u00bbnone\u00bb]Fotos y V\u00eddeos\u00a0Certificados[\/mk_fancy_title][mk_fancy_title color=\u00bb#000000&#8243; size=\u00bb25&#8243; font_weight=\u00bb300&#8243; font_style=\u00bbnormal\u00bb txt_transform=\u00bbnone\u00bb margin_bottom=\u00bb0&#8243; font_family=\u00bbnone\u00bb]Sus fotos y v\u00eddeos como prueba de la vida real[\/mk_fancy_title][mk_button dimension=\u00bbflat\u00bb size=\u00bbmedium\u00bb url=\u00bbhttps:\/\/cloud.fullcertificate.com\/register\u00bb target=\u00bb_blank\u00bb button_custom_width=\u00bb250&#8243; margin_bottom=\u00bb20&#8243; bg_color=\u00bb#0062b0&#8243; btn_hover_bg=\u00bb#252525&#8243;]CONTRATAR AHORA[\/mk_button][\/vc_column][\/mk_page_section][mk_page_section padding_top=\u00bb50&#8243; padding_bottom=\u00bb50&#8243; first_page=\u00bbfalse\u00bb last_page=\u00bbfalse\u00bb sidebar=\u00bbsidebar-1&#8243;][vc_column width=\u00bb3\/4&#8243;][mk_fancy_title color=\u00bb#0062af\u00bb size=\u00bb30&#8243; [&hellip;]<\/p>\n","protected":false},"author":2,"featured_media":0,"parent":0,"menu_order":0,"comment_status":"closed","ping_status":"closed","template":"","meta":{"_bbp_topic_count":0,"_bbp_reply_count":0,"_bbp_total_topic_count":0,"_bbp_total_reply_count":0,"_bbp_voice_count":0,"_bbp_anonymous_reply_count":0,"_bbp_topic_count_hidden":0,"_bbp_reply_count_hidden":0,"_bbp_forum_subforum_count":0},"_links":{"self":[{"href":"https:\/\/www.fullcertificate.com\/es\/wp-json\/wp\/v2\/pages\/28740"}],"collection":[{"href":"https:\/\/www.fullcertificate.com\/es\/wp-json\/wp\/v2\/pages"}],"about":[{"href":"https:\/\/www.fullcertificate.com\/es\/wp-json\/wp\/v2\/types\/page"}],"author":[{"embeddable":true,"href":"https:\/\/www.fullcertificate.com\/es\/wp-json\/wp\/v2\/users\/2"}],"replies":[{"embeddable":true,"href":"https:\/\/www.fullcertificate.com\/es\/wp-json\/wp\/v2\/comments?post=28740"}],"version-history":[{"count":4,"href":"https:\/\/www.fullcertificate.com\/es\/wp-json\/wp\/v2\/pages\/28740\/revisions"}],"predecessor-version":[{"id":31568,"href":"https:\/\/www.fullcertificate.com\/es\/wp-json\/wp\/v2\/pages\/28740\/revisions\/31568"}],"wp:attachment":[{"href":"https:\/\/www.fullcertificate.com\/es\/wp-json\/wp\/v2\/media?parent=28740"}],"curies":[{"name":"wp","href":"https:\/\/api.w.org\/{rel}","templated":true}]}}