{"id":28795,"date":"2023-12-11T11:43:51","date_gmt":"2023-12-11T11:43:51","guid":{"rendered":"https:\/\/fullcertificate.com\/?page_id=28795"},"modified":"2023-12-11T11:43:51","modified_gmt":"2023-12-11T11:43:51","slug":"voto-electronico-listas-comites-cargos-es","status":"publish","type":"page","link":"https:\/\/www.fullcertificate.com\/es\/voto-electronico-listas-comites-cargos-es\/","title":{"rendered":"Voto Electr\u00f3nico a Listas, Comit\u00e9s y Cargos"},"content":{"rendered":"[mk_page_section bg_image=\u00bbhttps:\/\/fullcertificate.com\/wp-content\/uploads\/2018\/11\/banner-voto-electronico-listas-comites-cargos-avisos-certificados-2-1.jpg\u00bb bg_position=\u00bbcenter top\u00bb bg_repeat=\u00bbno-repeat\u00bb bg_stretch=\u00bbtrue\u00bb min_height=\u00bb350&#8243; padding_top=\u00bb20&#8243; padding_bottom=\u00bb0&#8243; first_page=\u00bbtrue\u00bb last_page=\u00bbtrue\u00bb sidebar=\u00bbsidebar-1&#8243;][vc_column][mk_fancy_title color=\u00bb#000000&#8243; size=\u00bb40&#8243; font_style=\u00bbnormal\u00bb txt_transform=\u00bbnone\u00bb margin_top=\u00bb60&#8243; margin_bottom=\u00bb0&#8243; font_family=\u00bbnone\u00bb]Votar Online a Listas de Comit\u00e9s[\/mk_fancy_title][mk_fancy_title color=\u00bb#000000&#8243; size=\u00bb25&#8243; font_weight=\u00bb300&#8243; font_style=\u00bbnormal\u00bb txt_transform=\u00bbnone\u00bb margin_bottom=\u00bb0&#8243; font_family=\u00bbnone\u00bb]Voto por Internet y mixto mediante m\u00f3viles, tablets o Pcs[\/mk_fancy_title][mk_button dimension=\u00bbflat\u00bb size=\u00bbmedium\u00bb url=\u00bbhttps:\/\/www.wevote.eu\/\u00bb target=\u00bb_blank\u00bb button_custom_width=\u00bb250&#8243; bg_color=\u00bb#0062b0&#8243; btn_hover_bg=\u00bb#252525&#8243;]VISITA WWW.WEVOTE.EU[\/mk_button][\/vc_column][\/mk_page_section][mk_page_section padding_top=\u00bb50&#8243; padding_bottom=\u00bb50&#8243; first_page=\u00bbfalse\u00bb last_page=\u00bbfalse\u00bb sidebar=\u00bbsidebar-1&#8243;][vc_column width=\u00bb3\/4&#8243;][mk_fancy_title color=\u00bb#0062af\u00bb size=\u00bb30&#8243; font_style=\u00bbnormal\u00bb txt_transform=\u00bbnone\u00bb margin_bottom=\u00bb0&#8243; font_family=\u00bbnone\u00bb]Voto Online a Listas de Candidatos[\/mk_fancy_title][mk_divider style=\u00bbthin_solid\u00bb thickness=\u00bb4&#8243; margin_top=\u00bb0&#8243;][mk_fancy_title color=\u00bb#000000&#8243; size=\u00bb17&#8243; font_weight=\u00bbbold\u00bb font_style=\u00bbnormal\u00bb txt_transform=\u00bbuppercase\u00bb margin_bottom=\u00bb0&#8243; font_family=\u00bbnone\u00bb]PROCESOS DE VOTACI\u00d3N CERTIFICADO POR TERCERO DE CONFIANZA[\/mk_fancy_title][mk_fancy_title color=\u00bb#f2006e\u00bb size=\u00bb20&#8243; font_style=\u00bbnormal\u00bb txt_transform=\u00bbnone\u00bb margin_bottom=\u00bb30&#8243; font_family=\u00bbnone\u00bb]Primarias, Comit\u00e9s deportivos, Representantes sindicales, Listas de representantes, etc[\/mk_fancy_title][vc_row_inner padding=\u00bb0&#8243;][vc_column_inner width=\u00bb1\/4&#8243;][mk_icon_box2 icon_type=\u00bbimage\u00bb icon_size=\u00bbinherit\u00bb title_size=\u00bb0&#8243; title_top_padding=\u00bb0&#8243; title_bottom_padding=\u00bb0&#8243;]<img class=\"wp-image-6433 size-medium aligncenter\" src=\"https:\/\/fullcertificate.com\/wp-content\/uploads\/2018\/10\/logo-wevote-2-1.png\" alt=\"\" width=\"130\" \/><img class=\"wp-image-6439 size-medium aligncenter\" src=\"https:\/\/fullcertificate.com\/wp-content\/uploads\/2018\/10\/grafico-smart-wevote-1.png\" alt=\"\" width=\"216\" \/><\/p>\n<p style=\"text-align: center;\"><strong><span style=\"color: #0062b0;\">VOTE TO LISTS<br \/>\n<\/span><\/strong>eVoto a Primarias<br \/>\nListas de candidatos<br \/>\n<span style=\"color: #000000; text-decoration: none;\">Certificaci\u00f3n Multicanal<br \/>\nEscrutinio Certificado<br \/>\nActa Certificada<br \/>\n<\/span><span style=\"color: #000000;\">Alta disponibilidad<br \/>\n<\/span>Total Seguridad<br \/>\nValidez legal<\/p>\n[\/mk_icon_box2][mk_image src=\u00bbhttps:\/\/fullcertificate.com\/wp-content\/uploads\/2018\/10\/movil-wevote-afe-3.png\u00bb image_width=\u00bb191&#8243; image_height=\u00bb213&#8243; align=\u00bbcenter\u00bb margin_bottom=\u00bb46&#8243; crop=\u00bbfalse\u00bb][mk_image src=\u00bbhttps:\/\/fullcertificate.com\/wp-content\/uploads\/2018\/12\/notary-europe-full-certificate.png\u00bb image_width=\u00bb100&#8243; align=\u00bbcenter\u00bb crop=\u00bbfalse\u00bb][\/vc_column_inner][vc_column_inner width=\u00bb3\/4&#8243;][mk_fancy_title tag_name=\u00bbh4&#8243; color=\u00bb#000000&#8243; font_style=\u00bbnormal\u00bb txt_transform=\u00bbnone\u00bb margin_bottom=\u00bb5&#8243; font_family=\u00bbnone\u00bb]\n<p style=\"text-align: left;\">Una de las grandes aplicaciones del <span style=\"color: #0062af;\"><strong>eVoto<\/strong><\/span> o <strong><span style=\"color: #0062af;\">Voto Electr\u00f3nico a distancia<\/span> es la elecci\u00f3n de comit\u00e9s y cargos de representaci\u00f3n<\/strong>. Nuestro sistema de Voto est\u00e1 especialmente recomendado en los casos de elecciones con <strong>listas de candidatos<\/strong>\u00a0como son la\u00a0formaci\u00f3n de Comit\u00e9s de<strong> Asociaciones, Empresas, Federaciones, Fundaciones, Partidos Pol\u00edticos, Sindicatos,<\/strong> etc.<\/p>\n<p>&nbsp;<\/p>\n<p style=\"text-align: left;\">weVote &amp; Full Certificate, <span style=\"color: #0062af;\"><strong>Tercero de Confianza<\/strong><\/span>, \u00a0desarrolla servicios de <span style=\"color: #0062af;\"><strong>Voto Electr\u00f3nico con validez legal<\/strong><\/span>. Emitimos por cada voto un \u00a0\u201c<span style=\"color: #b30404;\"><strong>Certificado de Voto<\/strong><\/span>\u201d que es secreto y, una vez finalizado el plazo de votaci\u00f3n, nuestro sistema emitir\u00e1 el \u00a0 \u00a0\u201c<span style=\"color: #b30404;\"><strong>Acta de Resultados Certificada<\/strong><\/span>\u201d.<\/p>\n<p>&nbsp;<\/p>\n<p style=\"text-align: left;\">Este procedimiento <span style=\"color: #0062af;\"><strong>Voto Electr\u00f3nico a Distancia<\/strong><\/span> garantiza una total <strong>Imparcialidad<\/strong> (Tercero de Confianza), <strong>Seguridad \u00a0<\/strong>y<strong> total Validez Legal<\/strong>. Siendo adem\u00e1s un sistema <strong>auditable<\/strong> cuando fuera necesario. Adem\u00e1s, por ley y durante al menos cinco a\u00f1os la informaci\u00f3n del proceso de<span style=\"color: #0062af;\"><strong> Voto Electr\u00f3nico<\/strong><\/span> es custodiada y resguardada otorgando una total <strong>confidencialidad<\/strong> a sus clientes y\u00a0aportando todas las garant\u00edas necesarias a todas las partes.<\/p>\n<p style=\"text-align: left;\">Por otro lado, aporta grandes beneficios como son la comodidad, la rapidez y el gran ahorro de tiempo y costes.<\/p>\n<p>&nbsp;<\/p>\n<p style=\"text-align: left;\"><strong>Un servicio ideal<\/strong> para la elecci\u00f3n de representantes en:<\/p>\n<p>&nbsp;<\/p>\n<ol style=\"text-align: left;\">\n<li><span style=\"color: #0062af;\">eVoto a Comit\u00e9s de Asociaciones<\/span><\/li>\n<li><span style=\"color: #0062af;\">eVoto a Comit\u00e9s de Empresas<\/span><\/li>\n<li><span style=\"color: #0062af;\">eVoto a Comit\u00e9s de Federaciones<\/span><\/li>\n<li><span style=\"color: #0062af;\">eVoto a Comit\u00e9s de Fundaciones<\/span><\/li>\n<li><span style=\"color: #0062af;\">eVoto a Comit\u00e9s de Partidos Pol\u00edticos<\/span><\/li>\n<li><span style=\"color: #0062af;\">eVoto a Comit\u00e9s de Sindicatos<\/span><\/li>\n<li><span style=\"color: #0062af;\">eVoto a Comit\u00e9s de ONG\u00b4s<\/span><\/li>\n<li><span style=\"color: #0062af;\">eVoto a \u00d3rganos de Gobierno<\/span><\/li>\n<li><span style=\"color: #0062af;\">eVoto a Delegados de trabajadores<\/span><\/li>\n<li><span style=\"color: #0062af;\">Etc.<\/span><\/li>\n<\/ol>\n<p style=\"text-align: left;\">Pueden existir varios procesos de <span style=\"color: #0062af;\"><strong>eVoto <\/strong><\/span>o <span style=\"color: #0062af;\"><strong>Voto Electr\u00f3nico a distancia<\/strong><\/span> incluso mixto con voto postal y voto presencial.<\/p>\n[\/mk_fancy_title][vc_separator][mk_image src=\u00bbhttps:\/\/fullcertificate.com\/wp-content\/uploads\/2023\/03\/wevote-voto-electronico-a-comites.jpg\u00bb image_height=\u00bb800&#8243; align=\u00bbcenter\u00bb margin_bottom=\u00bb20&#8243; el_class=\u00bbimagen-medio\u00bb crop=\u00bbfalse\u00bb][mk_image src=\u00bbhttps:\/\/fullcertificate.com\/wp-content\/uploads\/2023\/03\/tipos-de-voto-small-1.jpg\u00bb image_width=\u00bb500&#8243; align=\u00bbcenter\u00bb margin_bottom=\u00bb20&#8243; el_class=\u00bbimagen-medio\u00bb crop=\u00bbfalse\u00bb][vc_separator][mk_fancy_title tag_name=\u00bbh4&#8243; color=\u00bb#000000&#8243; font_style=\u00bbnormal\u00bb txt_transform=\u00bbnone\u00bb font_family=\u00bbnone\u00bb]\n<p style=\"text-align: left;\">El proceso m\u00e1s utilizado de<span style=\"color: #0062af;\"><strong> Voto Electr\u00f3nico a distancia<\/strong> <\/span>es el siguiente:<\/p>\n<p>&nbsp;<\/p>\n<ol style=\"text-align: left;\">\n<li>Se realiza la <span style=\"color: #0062af;\">convocatoria<\/span><\/li>\n<li>Se comunica <span style=\"color: #0062af;\">los plazos de todo el proceso<\/span><\/li>\n<li>Se crea la <span style=\"color: #0062af;\">lista de candidatos<\/span><\/li>\n<li>Se crea la <span style=\"color: #0062af;\">lista de electores.<\/span><\/li>\n<li>Se crean los <span style=\"color: #0062af;\">canales de voto<\/span>\n<ol>\n<li>Voto Online o por Internet<\/li>\n<li>Voto postal<\/li>\n<li>Voto presencial<\/li>\n<\/ol>\n<\/li>\n<li><span style=\"color: #0062af;\">Se abre el periodo de voto y se procede al voto.<\/span>\n<ol>\n<li>Voto por <strong>SMS Certificado<\/strong> al tel\u00e9fono m\u00f3vil<\/li>\n<li>Voto online por <strong>eMail Certificado<\/strong> para voto por Internet<\/li>\n<li>Voto postal.<\/li>\n<\/ol>\n<\/li>\n<li><span style=\"color: #3366ff;\"><span style=\"color: #000000;\">weVote &amp; Full Certificate emite un<\/span> <span style=\"color: #c40000;\">Certificado de Voto Electr\u00f3nico<\/span><span style=\"color: #00ccff;\">\u00a0<span style=\"color: #000000;\">por cada eVoto<\/span> <span style=\"color: #0062af;\">con custodia electr\u00f3nica del mismo durante al menos cinco a\u00f1os<\/span><\/span><span style=\"color: #0062af;\">.<\/span><\/span><\/li>\n<li><span style=\"color: #000000;\">Al final de periodo, <span style=\"color: #00ccff;\"><span style=\"color: #0062af;\">se emite un<\/span> <span style=\"color: #000000;\"><strong>Acta Certificada del Resultado <\/strong><\/span><\/span>del proceso de Voto Online o Voto Electr\u00f3nico.<\/span><\/li>\n<li><span style=\"color: #000000;\"><span style=\"color: #00ccff;\"><span style=\"color: #000000;\">Cada proceso de<\/span> <span style=\"color: #0062af;\">eVoto o Voto Electr\u00f3nico<\/span><\/span> puede estar regulado por los estatutos de cada organizaci\u00f3n y puede llevar adaptaciones en cada caso.<\/span><\/li>\n<\/ol>\n<p>Si est\u00e1 interesado en conocer con detalle nuestros servicios de<strong><span style=\"color: #0062af;\">eVoto<\/span><\/strong> o <strong><span style=\"color: #0062af;\">Voto Electr\u00f3nico a Distancia Certificado,<\/span><\/strong> please <a href=\"https:\/\/fullcertificate.com\/contact\/\">CONTACTE CON NOSOTROS<\/a> y le atenderemos a la mayor brevedad posible.[\/mk_fancy_title][\/vc_column_inner][\/vc_row_inner][\/vc_column][vc_column border_color=\u00bb#ffffff\u00bb width=\u00bb1\/4&#8243;][mk_image src=\u00bbhttps:\/\/fullcertificate.com\/wp-content\/uploads\/2018\/12\/european-trusted-third-party-full-certificate.png\u00bb image_width=\u00bb180&#8243; align=\u00bbcenter\u00bb margin_bottom=\u00bb35&#8243; crop=\u00bbfalse\u00bb][vc_row_inner padding=\u00bb0&#8243; el_class=\u00bbocultar\u00bb][vc_column_inner css=\u00bb.vc_custom_1541499254298{border-top-width: 1px !important;border-right-width: 1px !important;border-bottom-width: 1px !important;border-left-width: 1px !important;border-left-color: #e80000 !important;border-left-style: solid !important;border-right-color: #e80000 !important;border-right-style: solid !important;border-top-color: #e80000 !important;border-top-style: solid !important;border-bottom-color: #e80000 !important;border-bottom-style: solid !important;}\u00bb][mk_fancy_title color=\u00bb#333333&#8243; size=\u00bb20&#8243; font_weight=\u00bbbold\u00bb font_style=\u00bbnormal\u00bb txt_transform=\u00bbnone\u00bb margin_top=\u00bb20&#8243; margin_bottom=\u00bb0&#8243; font_family=\u00bbnone\u00bb align=\u00bbcenter\u00bb]\n<p style=\"text-align: center;\">TE LLAMAREMOS<\/p>\n[\/mk_fancy_title][mk_fancy_title color=\u00bb#000000&#8243; size=\u00bb16&#8243; font_style=\u00bbnormal\u00bb txt_transform=\u00bbnone\u00bb margin_bottom=\u00bb0&#8243; font_family=\u00bbnone\u00bb align=\u00bbcenter\u00bb]\n<p style=\"text-align: center;\">Introduzca sus datos y<br \/>\nTe llamamos lo antes posible.<\/p>\n[\/mk_fancy_title][vc_raw_js]JTNDc2NyaXB0JTIwdHlwZSUzRCUyN3RleHQlMkZqYXZhc2NyaXB0JTI3JTNFJTBBalF1ZXJ5JTI4ZG9jdW1lbnQlMjkucmVhZHklMjhmdW5jdGlvbiUyOCUyOSUyMCU3QiUwQSUwOSUyNCUyOCUyMi5jbGljazJjYWxsJTIyJTI5LmZhbmN5Ym94JTI4JTdCJTBBJTA5JTA5bWF4V2lkdGglMDklM0ElMjA0MDAlMkMlMEElMDklMDltYXhIZWlnaHQlMDklM0ElMjA2MDAlMkMlMEElMjAlMjAlMjAlMjAlMjAlMjAlMjAlMjAlMjAlMjAlMjAlMjAlMjAlMjAlMjAlMjBtaW5IZWlnaHQlMjAlMjAlMjAlMjAlMjAlMjAlMjAlM0ElMjA4MDAlMkMlMEElMjAlMjAlMjAlMjAlMjAlMjAlMjAlMjAlMjAlMjAlMjAlMjAlMjAlMjAlMjAlMjB3aWR0aCUyMCUyMCUyMCUyMCUyMCUyMCUyMCUyMCUyMCUyMCUyMCUzQSUyMDQwMCUyQyUwQSUyMCUyMCUyMCUyMCUyMCUyMCUyMCUyMCUyMCUyMCUyMCUyMCUyMCUyMCUyMCUyMGhlaWdodCUyMCUyMCUyMCUyMCUyMCUyMCUyMCUyMCUyMCUyMCUzQSUyMDYwMCUyQyUwQSUwOSUwOWZpdFRvVmlldyUwOSUzQSUyMHRydWUlMkMlMEElMDklMDljbG9zZUNsaWNrJTA5JTNBJTIwZmFsc2UlMkMlMEElMDklMDlvcGVuRWZmZWN0JTA5JTNBJTIwJTI3bm9uZSUyNyUyQyUwQSUwOSUwOWNsb3NlRWZmZWN0JTA5JTNBJTIwJTI3bm9uZSUyNyUyQyUwQSUyMCUyMCUyMCUyMCUyMCUyMCUyMCUyMCUyMCUyMCUyMCUyMCUyMCUyMCUyMCUyMGF1dG9DZW50ZXIlMjAlMjAlMjAlMjAlMjAlMjAlM0ElMjB0cnVlJTBBJTA5JTdEJTI5JTNCJTBBJTdEJTI5JTNCJTBBJTNDJTJGc2NyaXB0JTNF[\/vc_raw_js][mk_button dimension=\u00bbflat\u00bb corner_style=\u00bbrounded\u00bb size=\u00bbmedium\u00bb url=\u00bbhttps:\/\/www.emailforce.net\/call4leads\/click2call.aspx?id=3&#8243; align=\u00bbcenter\u00bb button_custom_width=\u00bb160&#8243; el_class=\u00bbclick2call iframe\u00bb bg_color=\u00bb#0062b0&#8243; btn_hover_bg=\u00bb#252525&#8243;]SOLICITAR LLAMADA[\/mk_button][\/vc_column_inner][\/vc_row_inner][vc_empty_space height=\u00bb35px\u00bb][vc_row_inner padding=\u00bb0&#8243;][vc_column_inner css=\u00bb.vc_custom_1574183631627{border-top-width: 1px !important;border-right-width: 1px !important;border-bottom-width: 1px !important;border-left-width: 1px !important;border-left-color: #f2006e !important;border-left-style: solid !important;border-right-color: #f2006e !important;border-right-style: solid !important;border-top-color: #f2006e !important;border-top-style: solid !important;border-bottom-color: #f2006e !important;border-bottom-style: solid !important;}\u00bb][mk_fancy_title color=\u00bb#000000&#8243; size=\u00bb20&#8243; font_weight=\u00bbbold\u00bb font_style=\u00bbnormal\u00bb txt_transform=\u00bbuppercase\u00bb margin_top=\u00bb20&#8243; margin_bottom=\u00bb0&#8243; font_family=\u00bbnone\u00bb align=\u00bbcenter\u00bb]\n<p style=\"text-align: center;\">REG\u00cdSTRESE GRATIS<\/p>\n[\/mk_fancy_title][mk_fancy_title color=\u00bb#000000&#8243; size=\u00bb16&#8243; font_style=\u00bbnormal\u00bb txt_transform=\u00bbnone\u00bb margin_bottom=\u00bb0&#8243; font_family=\u00bbnone\u00bb align=\u00bbcenter\u00bb]\n<p style=\"text-align: center;\">Pruebe nuestros Servicios Certificados con total validez legal.<\/p>\n<p>&nbsp;<\/p>\n<p style=\"text-align: center;\"><strong><span style=\"color: #0062b0;\">Sin cuotas, sin contratos.<\/span><br \/>\n<\/strong>Su saldo nunca caduca.<\/p>\n[\/mk_fancy_title][mk_button dimension=\u00bbflat\u00bb corner_style=\u00bbrounded\u00bb size=\u00bbmedium\u00bb url=\u00bbhttps:\/\/cloud.fullcertificate.com\/register\u00bb target=\u00bb_blank\u00bb align=\u00bbcenter\u00bb button_custom_width=\u00bb160&#8243; bg_color=\u00bb#f2006e\u00bb btn_hover_bg=\u00bb#252525&#8243; btn_hover_txt_color=\u00bb#ffffff\u00bb]HAGA CLICK AQU\u00cd[\/mk_button][\/vc_column_inner][\/vc_row_inner][vc_row_inner padding=\u00bb0&#8243;][vc_column_inner][vc_empty_space height=\u00bb20px\u00bb][\/vc_column_inner][\/vc_row_inner][vc_row_inner padding=\u00bb0&#8243;][vc_column_inner][vc_empty_space height=\u00bb0px\u00bb][mk_icon_box2 icon_type=\u00bbimage\u00bb title_size=\u00bb0&#8243; title_top_padding=\u00bb0&#8243; title_bottom_padding=\u00bb0&#8243;]<a href=\"https:\/\/fullcertificate.com\/smartmoney\/\"><img loading=\"lazy\" class=\"wp-image-6433 size-medium aligncenter\" src=\"https:\/\/fullcertificate.com\/wp-content\/uploads\/2018\/10\/logo-smartmoney-1.png\" alt=\"\" width=\"180\" height=\"31\" \/><\/a><a href=\"https:\/\/fullcertificate.com\/smartmoney\/\"><img loading=\"lazy\" class=\"wp-image-6439 size-medium aligncenter\" src=\"https:\/\/fullcertificate.com\/wp-content\/uploads\/2018\/10\/grafico-smart-money-3-1.png\" alt=\"\" width=\"170\" height=\"300\" \/><\/a><\/p>\n<p style=\"text-align: center;\"><strong><span style=\"color: #0062b0;\"><a style=\"color: #0062b0;\" href=\"https:\/\/fullcertificate.com\/smartmoney\/\">SMART MONEY<\/a><br \/>\n<\/span><\/strong>Smart Contracts<br \/>\nSmart Payments<br \/>\n<span style=\"color: #000000; text-decoration: none;\">Smart Recovery<br \/>\nDashboard<br \/>\n<\/span>[\/mk_icon_box2][vc_empty_space height=\u00bb0px\u00bb][mk_icon_box2 icon_type=\u00bbimage\u00bb title_size=\u00bb0&#8243; title_top_padding=\u00bb0&#8243; title_bottom_padding=\u00bb0&#8243;]<a href=\"https:\/\/fullcertificate.com\/cloud-inhouse-automation\/\"><img loading=\"lazy\" class=\"wp-image-6433 size-medium aligncenter\" src=\"https:\/\/fullcertificate.com\/wp-content\/uploads\/2018\/10\/logo-smart-automation-2-1.png\" alt=\"\" width=\"265\" height=\"31\" \/><\/a><a href=\"https:\/\/fullcertificate.com\/cloud-inhouse-automation\/\"><img loading=\"lazy\" class=\"wp-image-6439 size-medium aligncenter\" src=\"https:\/\/fullcertificate.com\/wp-content\/uploads\/2018\/10\/grafico-smart-automation-1.png\" alt=\"\" width=\"170\" height=\"300\" \/><\/a><\/p>\n<p style=\"text-align: center;\"><strong><span style=\"color: #0062b0;\"><a style=\"color: #0062b0;\" href=\"https:\/\/fullcertificate.com\/cloud-inhouse-automation\/\">SMART AUTOMATION<\/a><br \/>\n<\/span><\/strong><span style=\"color: #000000; text-decoration: none;\">Desarrollo IT<br \/>\n<\/span><span style=\"color: #000000; text-decoration: none;\">Autenticaci\u00f3n avanzada<br \/>\n<\/span><span style=\"color: #000000; text-decoration: none;\">Portales y Forms. inteligentes<br \/>\n<\/span><\/p>\n[\/mk_icon_box2][\/vc_column_inner][\/vc_row_inner][vc_empty_space height=\u00bb20px\u00bb][vc_row_inner padding=\u00bb0&#8243; el_class=\u00bbocultar\u00bb][vc_column_inner css=\u00bb.vc_custom_1540979094932{border-top-width: 1px !important;border-right-width: 1px !important;border-bottom-width: 1px !important;border-left-width: 1px !important;padding-top: 20px !important;padding-bottom: 20px !important;background-color: #ffffff !important;border-left-color: #1e73be !important;border-left-style: solid !important;border-right-color: #1e73be !important;border-right-style: solid !important;border-top-color: #1e73be !important;border-top-style: solid !important;border-bottom-color: #1e73be !important;border-bottom-style: solid !important;}\u00bb][mk_fancy_title color=\u00bb#000000&#8243; size=\u00bb20&#8243; font_weight=\u00bbbold\u00bb font_style=\u00bbnormal\u00bb txt_transform=\u00bbuppercase\u00bb margin_bottom=\u00bb0&#8243; font_family=\u00bbnone\u00bb align=\u00bbcenter\u00bb]\n<p style=\"text-align: center;\">Datos de contacto<\/p>\n[\/mk_fancy_title][mk_fancy_title color=\u00bb#1e73be\u00bb font_style=\u00bbnormal\u00bb txt_transform=\u00bbnone\u00bb margin_bottom=\u00bb18&#8243; font_family=\u00bbnone\u00bb align=\u00bbcenter\u00bb]\n<p style=\"text-align: center;\"><strong>Tel\u00e9fono:<\/strong> EU &#8211; ES: 0034 910 052 659<br \/>\nEU &#8211; IT: 0039 0687165152<br \/>\nLATAM: 0052 55 4162 9666<\/p>\n<p style=\"text-align: center;\"><strong>Direcci\u00f3n:<\/strong> C\/ Boix y Morer 6, planta 9. 28003 Madrid, Espa\u00f1a<\/p>\n[\/mk_fancy_title][mk_button dimension=\u00bbflat\u00bb corner_style=\u00bbrounded\u00bb size=\u00bbmedium\u00bb url=\u00bbhttps:\/\/fullcertificate.com\/contact\/\u00bb align=\u00bbcenter\u00bb button_custom_width=\u00bb160&#8243; bg_color=\u00bb#0062b0&#8243; btn_hover_bg=\u00bb#252525&#8243;]CONT\u00c1CTENOS[\/mk_button][\/vc_column_inner][\/vc_row_inner][\/vc_column][\/mk_page_section][vc_row padding=\u00bb0&#8243;][vc_column][mk_divider style=\u00bbthin_solid\u00bb thickness=\u00bb4&#8243; margin_top=\u00bb10&#8243; margin_bottom=\u00bb40&#8243;][mk_fancy_title tag_name=\u00bbh4&#8243; color=\u00bb#393836&#8243; size=\u00bb30&#8243; font_style=\u00bbnormal\u00bb txt_transform=\u00bbuppercase\u00bb margin_bottom=\u00bb18&#8243; font_family=\u00bbnone\u00bb align=\u00bbcenter\u00bb]\n<p style=\"text-align: center;\">CON LA GARANT\u00cdA DE<\/p>\n[\/mk_fancy_title][mk_image src=\u00bbhttps:\/\/fullcertificate.com\/wp-content\/uploads\/2022\/04\/footer-nuevo-WE-VOTE.jpg\u00bb target=\u00bb_blank\u00bb align=\u00bbcenter\u00bb margin_bottom=\u00bb0&#8243; el_class=\u00bbimagen-footer-centro\u00bb crop=\u00bbfalse\u00bb][\/vc_column][\/vc_row]\n","protected":false},"excerpt":{"rendered":"<p>[mk_page_section bg_image=\u00bbhttps:\/\/fullcertificate.com\/wp-content\/uploads\/2018\/11\/banner-voto-electronico-listas-comites-cargos-avisos-certificados-2-1.jpg\u00bb bg_position=\u00bbcenter top\u00bb bg_repeat=\u00bbno-repeat\u00bb bg_stretch=\u00bbtrue\u00bb min_height=\u00bb350&#8243; padding_top=\u00bb20&#8243; padding_bottom=\u00bb0&#8243; first_page=\u00bbtrue\u00bb last_page=\u00bbtrue\u00bb sidebar=\u00bbsidebar-1&#8243;][vc_column][mk_fancy_title color=\u00bb#000000&#8243; size=\u00bb40&#8243; font_style=\u00bbnormal\u00bb txt_transform=\u00bbnone\u00bb margin_top=\u00bb60&#8243; margin_bottom=\u00bb0&#8243; font_family=\u00bbnone\u00bb]Votar Online a Listas de Comit\u00e9s[\/mk_fancy_title][mk_fancy_title color=\u00bb#000000&#8243; size=\u00bb25&#8243; font_weight=\u00bb300&#8243; font_style=\u00bbnormal\u00bb txt_transform=\u00bbnone\u00bb margin_bottom=\u00bb0&#8243; font_family=\u00bbnone\u00bb]Voto por Internet y mixto mediante m\u00f3viles, tablets o Pcs[\/mk_fancy_title][mk_button dimension=\u00bbflat\u00bb size=\u00bbmedium\u00bb url=\u00bbhttps:\/\/www.wevote.eu\/\u00bb target=\u00bb_blank\u00bb button_custom_width=\u00bb250&#8243; bg_color=\u00bb#0062b0&#8243; btn_hover_bg=\u00bb#252525&#8243;]VISITA WWW.WEVOTE.EU[\/mk_button][\/vc_column][\/mk_page_section][mk_page_section padding_top=\u00bb50&#8243; padding_bottom=\u00bb50&#8243; first_page=\u00bbfalse\u00bb last_page=\u00bbfalse\u00bb sidebar=\u00bbsidebar-1&#8243;][vc_column width=\u00bb3\/4&#8243;][mk_fancy_title color=\u00bb#0062af\u00bb [&hellip;]<\/p>\n","protected":false},"author":2,"featured_media":0,"parent":0,"menu_order":0,"comment_status":"closed","ping_status":"closed","template":"","meta":{"_bbp_topic_count":0,"_bbp_reply_count":0,"_bbp_total_topic_count":0,"_bbp_total_reply_count":0,"_bbp_voice_count":0,"_bbp_anonymous_reply_count":0,"_bbp_topic_count_hidden":0,"_bbp_reply_count_hidden":0,"_bbp_forum_subforum_count":0},"_links":{"self":[{"href":"https:\/\/www.fullcertificate.com\/es\/wp-json\/wp\/v2\/pages\/28795"}],"collection":[{"href":"https:\/\/www.fullcertificate.com\/es\/wp-json\/wp\/v2\/pages"}],"about":[{"href":"https:\/\/www.fullcertificate.com\/es\/wp-json\/wp\/v2\/types\/page"}],"author":[{"embeddable":true,"href":"https:\/\/www.fullcertificate.com\/es\/wp-json\/wp\/v2\/users\/2"}],"replies":[{"embeddable":true,"href":"https:\/\/www.fullcertificate.com\/es\/wp-json\/wp\/v2\/comments?post=28795"}],"version-history":[{"count":4,"href":"https:\/\/www.fullcertificate.com\/es\/wp-json\/wp\/v2\/pages\/28795\/revisions"}],"predecessor-version":[{"id":28806,"href":"https:\/\/www.fullcertificate.com\/es\/wp-json\/wp\/v2\/pages\/28795\/revisions\/28806"}],"wp:attachment":[{"href":"https:\/\/www.fullcertificate.com\/es\/wp-json\/wp\/v2\/media?parent=28795"}],"curies":[{"name":"wp","href":"https:\/\/api.w.org\/{rel}","templated":true}]}}