{"id":28893,"date":"2023-12-11T12:06:15","date_gmt":"2023-12-11T12:06:15","guid":{"rendered":"https:\/\/fullcertificate.com\/?page_id=28893"},"modified":"2023-12-22T05:53:14","modified_gmt":"2023-12-22T05:53:14","slug":"smartcommunities-es","status":"publish","type":"page","link":"https:\/\/www.fullcertificate.com\/es\/smartcommunities-es\/","title":{"rendered":"Smart Communities &#8211; eComunidades FC"},"content":{"rendered":"[mk_page_section bg_image=\u00bbhttps:\/\/fullcertificate.com\/wp-content\/uploads\/2018\/11\/banner-smartcommunities-avisos-certificados-3-1.jpg\u00bb bg_position=\u00bbcenter top\u00bb bg_repeat=\u00bbno-repeat\u00bb bg_stretch=\u00bbtrue\u00bb min_height=\u00bb350&#8243; padding_top=\u00bb20&#8243; padding_bottom=\u00bb0&#8243; first_page=\u00bbtrue\u00bb last_page=\u00bbtrue\u00bb sidebar=\u00bbsidebar-1&#8243;][vc_column][mk_fancy_title tag_name=\u00bbh1&#8243; color=\u00bb#000000&#8243; size=\u00bb40&#8243; font_style=\u00bbnormal\u00bb txt_transform=\u00bbnone\u00bb margin_top=\u00bb60&#8243; margin_bottom=\u00bb0&#8243; font_family=\u00bbnone\u00bb]Smart Communities &#8211; eComunidades[\/mk_fancy_title][mk_fancy_title tag_name=\u00bbh1&#8243; color=\u00bb#000000&#8243; size=\u00bb25&#8243; font_weight=\u00bb300&#8243; font_style=\u00bbnormal\u00bb txt_transform=\u00bbnone\u00bb margin_bottom=\u00bb0&#8243; font_family=\u00bbnone\u00bb]Comunidades de propietarios inteligentes[\/mk_fancy_title][mk_button dimension=\u00bbflat\u00bb size=\u00bbmedium\u00bb url=\u00bbhttps:\/\/fullcertificate.com\/contact\/\u00bb button_custom_width=\u00bb250&#8243; margin_bottom=\u00bb20&#8243; bg_color=\u00bb#0062b0&#8243; btn_hover_bg=\u00bb#252525&#8243;]CONTACTAR AHORA[\/mk_button][\/vc_column][\/mk_page_section][mk_page_section padding_top=\u00bb50&#8243; padding_bottom=\u00bb50&#8243; first_page=\u00bbfalse\u00bb last_page=\u00bbfalse\u00bb sidebar=\u00bbsidebar-1&#8243;][vc_column width=\u00bb3\/4&#8243;][mk_fancy_title tag_name=\u00bbh1&#8243; color=\u00bb#0062af\u00bb size=\u00bb40&#8243; font_style=\u00bbnormal\u00bb txt_transform=\u00bbnone\u00bb margin_bottom=\u00bb0&#8243; font_family=\u00bbnone\u00bb]Comunidades de Propietarios Inteligentes[\/mk_fancy_title][mk_divider style=\u00bbthin_solid\u00bb thickness=\u00bb4&#8243; margin_top=\u00bb0&#8243;][mk_fancy_title color=\u00bb#000000&#8243; size=\u00bb17&#8243; font_weight=\u00bbbold\u00bb font_style=\u00bbnormal\u00bb txt_transform=\u00bbuppercase\u00bb font_family=\u00bbnone\u00bb]Portal de ePropietarios. Gobierno electr\u00f3nico de Comunidades, Voto Electr\u00f3nico, Notificaciones con validez legal, Cobro y Recobro automatizado de cuotas.[\/mk_fancy_title][vc_row_inner padding=\u00bb0&#8243;][vc_column_inner width=\u00bb1\/3&#8243;][mk_icon_box2 icon_type=\u00bbimage\u00bb icon_size=\u00bbinherit\u00bb title_size=\u00bb0&#8243; title_top_padding=\u00bb0&#8243; title_bottom_padding=\u00bb0&#8243;]<a href=\"https:\/\/www.avisoscertificados.com\/contactenos\/\"><img class=\"wp-image-6433 size-medium aligncenter\" src=\"https:\/\/fullcertificate.com\/wp-content\/uploads\/2018\/11\/logo-smartcommunities-500px-1.png\" alt=\"\" width=\"300\" \/><\/a><a href=\"https:\/\/www.avisoscertificados.com\/contactenos\/\"><img loading=\"lazy\" class=\"wp-image-6439 aligncenter\" src=\"https:\/\/fullcertificate.com\/wp-content\/uploads\/2018\/10\/grafico-smart-communities-1.png\" alt=\"\" width=\"243\" height=\"243\" \/><\/a><\/p>\n<p style=\"text-align: center;\"><strong><span style=\"color: #0062b0;\"><a style=\"color: #0062b0;\" href=\"https:\/\/www.avisoscertificados.com\/contactenos\/\">SMART COMMUNITIES<\/a><br \/>\n<\/span><\/strong>Portal de ePropietarios<br \/>\n<span style=\"color: #000000; text-decoration: none;\">Voto y Gobierno electr\u00f3nico<br \/>\n<\/span><span style=\"color: #000000; text-decoration: none;\">Cobro de cuotas<br \/>\nRecobro Amistosos<br \/>\nNotificaciones<br \/>\nArchivo digital<br \/>\nTabl\u00f3n de anuncios<\/span><\/p>\n[\/mk_icon_box2][\/vc_column_inner][vc_column_inner width=\u00bb2\/3&#8243;][mk_fancy_title tag_name=\u00bbh4&#8243; color=\u00bb#000000&#8243; font_style=\u00bbnormal\u00bb txt_transform=\u00bbnone\u00bb font_family=\u00bbnone\u00bb]<strong>Smart Communities <\/strong>permitir\u00e1 a las comunidades de propietarios la activaci\u00f3n de procesos de G<span style=\"color: #0062af;\">obierno electr\u00f3nico, Voto telem\u00e1tico a distancia, Notificaciones y acciones avanzadas de Cobros y Recobros Automatizados.\u00a0<\/span><\/p>\n<p>&nbsp;<\/p>\n<p>Para ello,\u00a0<strong>Full Certificate,\u00a0<\/strong>activar\u00e1 el portal personalizado de <strong><span style=\"color: #0062af;\">ePropitarios\u00a0<\/span><\/strong><span style=\"color: #0062af;\"><span style=\"color: #000000;\">donde dispondr\u00e1 de avanzadas herramientas de comunicaci\u00f3n, gesti\u00f3n y certificaci\u00f3n para su comunidad.\u00a0<\/span><\/span><\/p>\n<p>&nbsp;<\/p>\n<p><strong>Smart Communities<\/strong> aporta\u00a0<span style=\"color: #0062af;\">tres objetivos claves<\/span> para las comunidades de propietarios m\u00e1s avanzadas:<\/p>\n<p>&nbsp;<\/p>\n<ol>\n<li><strong><span style=\"color: #0062af;\">TOTAL TRANSPARENCIA<\/span><\/strong><\/li>\n<li><strong><span style=\"color: #0062af;\">ACCESO A LA INFORMACI\u00d3N CLAVE<\/span><\/strong><\/li>\n<li><strong><span style=\"color: #0062af;\">VALIDEZ LEGAL<\/span><\/strong><\/li>\n<\/ol>\n<p>&nbsp;<\/p>\n<p><strong>BASE DE DATOS DE PROPIETARIOS \u00abAUTENTICADA &amp; CERTIFICADA\u00bb<\/strong><\/p>\n<p>&nbsp;<\/p>\n<p>A trav\u00e9s de <strong>Smart Communities<\/strong> podr\u00e1 crear una <span style=\"color: #0062af;\">base de datos certificada y autenticada de los vecinos<\/span> que conforman su comunidad.<br \/>\nLas <span style=\"color: #0062af;\">Listas de Verificaci\u00f3n &amp; Autenticaci\u00f3n<\/span> electr\u00f3nicas son <span style=\"color: #0062af;\">el eID digital de la comunidad<\/span>. Adem\u00e1s de acelerar la entrada de la comunidad en nuevos formatos y procesos electr\u00f3nicos, le permitir\u00e1 estar al d\u00eda en temas tan importantes como es el <strong>RGPD<\/strong> <span style=\"color: #0062af;\">a nivel europeo<\/span>, las <span style=\"color: #0062af;\">autorizaciones para las comunicaciones electr\u00f3nicas<\/span> y las capacidades de <span style=\"color: #0062af;\">firma electr\u00f3nica<\/span> de todos los miembros de su comunidad<\/p>\n<p>&nbsp;<\/p>\n<p><strong>GOBIERNO Y VOTO ELECTR\u00d3NICO<\/strong><\/p>\n<p><strong><br \/>\n<\/strong>Ahora podr\u00e1 activar y personalizar los procesos de <span style=\"color: #0062af;\"><span style=\"color: #000000;\"><strong>Votaci\u00f3n Electr\u00f3nica<\/strong> <\/span>a distancia y presencial <\/span>para su comunidad aumentando de forma importante la participaci\u00f3n de sus vecinos. Podr\u00e1 convocar sus <span style=\"color: #0062af;\">Asambleas Generales y extraordinarias<\/span> mediante\u00a0<span style=\"color: #0062af;\">comunicaciones certificadas postales o electr\u00f3nicas<\/span> con total facilidad ahorrando miles de horas de gesti\u00f3n.<\/p>\n<p>&nbsp;<\/p>\n<p>Dispondr\u00e1 tambi\u00e9n de <strong>Juntas de Gobierno Certificadas<\/strong> <span style=\"color: #0062af;\">presenciales y a distanci<\/span>a de forma que las Actas de las Juntas de Gobierno queden Certificadas y a disposici\u00f3n de la comunidad con total transparencia y en tiempo r\u00e9cord.<\/p>\n<p>&nbsp;<\/p>\n<p>Todo ello, <span style=\"color: #0062af;\">desde cualquier tel\u00e9fono m\u00f3vil o Pc<\/span>, de manera confidencial y con <span style=\"color: #0062af;\">total\u00a0validez legal<\/span>.<\/p>\n<p>&nbsp;<\/p>\n<p>&nbsp;<\/p>\n<p><strong>SMART MONEY PARA SU COMUNIDAD<\/strong><\/p>\n<p>&nbsp;<\/p>\n<p>Otro de los grandes avances es la creaci\u00f3n electr\u00f3nica automatizada de la <span style=\"color: #0062af;\">emisi\u00f3n de recibos y el cobro de cuotas peri\u00f3dicas <span style=\"color: #000000;\">a trav\u00e9s de TPVs y\/o recibos domiciliados<\/span><\/span>. Y en el caso de existir mora de alguna de sus cuotas, la activaci\u00f3n del procesos de <span style=\"color: #0062af;\">Recobro Online Amistoso Prejudicial Certificado\u00a0<span style=\"color: #000000;\">lo que le resolver\u00e1 y agilizar\u00e1 el recobro de deudas creando adem\u00e1s <span style=\"color: #0062af;\">expedientes electr\u00f3nicos certificados<\/span> al respecto listo para reclamaci\u00f3n judicial a un coste reducido y, lo m\u00e1s importante, con un ahorro de tiempo muy importante.<\/span><\/span><\/p>\n<p>&nbsp;<\/p>\n<p>&nbsp;<\/p>\n<p><strong>HERRAMIENTAS DEL PORTAL DE ePROPIETARIOS<\/strong><\/p>\n<p>&nbsp;<\/p>\n<p>Existe una gran variedad de herramientas dentro de nuestros portales para las comunidades. Entre ellas destacamos: <span style=\"color: #0062af;\">Tabl\u00f3n de Anuncios, Archivo documental, Archivo de actas, Archivo de escrituras y poderes, Presupuestos, Cuentas detalladas, Contratos, Asambleas, etc, etc.<\/span><\/p>\n<p>&nbsp;<\/p>\n<p>&nbsp;<\/p>\n<p><strong>Si desea contactar<\/strong> con nosotros, por favor, <span style=\"color: #0062af;\"><strong><a href=\"https:\/\/fullcertificate.com\/contact\/\">haga click aqu\u00ed<\/a>.<\/strong><\/span>[\/mk_fancy_title][\/vc_column_inner][\/vc_row_inner][vc_empty_space height=\u00bb20px\u00bb][\/vc_column][vc_column border_color=\u00bb#ffffff\u00bb width=\u00bb1\/4&#8243;][mk_image src=\u00bbhttps:\/\/fullcertificate.com\/wp-content\/uploads\/2018\/12\/european-trusted-third-party-full-certificate.png\u00bb image_width=\u00bb180&#8243; align=\u00bbcenter\u00bb margin_bottom=\u00bb0&#8243; crop=\u00bbfalse\u00bb][vc_empty_space height=\u00bb30px\u00bb][vc_row_inner padding=\u00bb0&#8243; el_class=\u00bbocultar\u00bb][vc_column_inner css=\u00bb.vc_custom_1541411862393{border-top-width: 1px !important;border-right-width: 1px !important;border-bottom-width: 1px !important;border-left-width: 1px !important;border-left-color: #e80000 !important;border-left-style: solid !important;border-right-color: #e80000 !important;border-right-style: solid !important;border-top-color: #e80000 !important;border-top-style: solid !important;border-bottom-color: #e80000 !important;border-bottom-style: solid !important;}\u00bb][mk_fancy_title color=\u00bb#000000&#8243; size=\u00bb20&#8243; font_weight=\u00bbbold\u00bb font_style=\u00bbnormal\u00bb txt_transform=\u00bbuppercase\u00bb margin_top=\u00bb20&#8243; margin_bottom=\u00bb0&#8243; font_family=\u00bbnone\u00bb align=\u00bbcenter\u00bb]\n<p style=\"text-align: center;\">TE LLAMAREMOS<\/p>\n[\/mk_fancy_title][mk_fancy_title color=\u00bb#000000&#8243; size=\u00bb16&#8243; font_style=\u00bbnormal\u00bb txt_transform=\u00bbnone\u00bb margin_bottom=\u00bb0&#8243; font_family=\u00bbnone\u00bb align=\u00bbcenter\u00bb]\n<p style=\"text-align: center;\">Introduce tu informaci\u00f3n y<br \/>\nTe llamamos lo antes posible.<\/p>\n[\/mk_fancy_title][vc_raw_js]JTNDc2NyaXB0JTIwdHlwZSUzRCUyN3RleHQlMkZqYXZhc2NyaXB0JTI3JTNFJTBBalF1ZXJ5JTI4ZG9jdW1lbnQlMjkucmVhZHklMjhmdW5jdGlvbiUyOCUyOSUyMCU3QiUwQSUwOSUyNCUyOCUyMi5jbGljazJjYWxsJTIyJTI5LmZhbmN5Ym94JTI4JTdCJTBBJTA5JTA5bWF4V2lkdGglMDklM0ElMjA0MDAlMkMlMEElMDklMDltYXhIZWlnaHQlMDklM0ElMjA2MDAlMkMlMEElMjAlMjAlMjAlMjAlMjAlMjAlMjAlMjAlMjAlMjAlMjAlMjAlMjAlMjAlMjAlMjBtaW5IZWlnaHQlMjAlMjAlMjAlMjAlMjAlMjAlMjAlM0ElMjA4MDAlMkMlMEElMjAlMjAlMjAlMjAlMjAlMjAlMjAlMjAlMjAlMjAlMjAlMjAlMjAlMjAlMjAlMjB3aWR0aCUyMCUyMCUyMCUyMCUyMCUyMCUyMCUyMCUyMCUyMCUyMCUzQSUyMDQwMCUyQyUwQSUyMCUyMCUyMCUyMCUyMCUyMCUyMCUyMCUyMCUyMCUyMCUyMCUyMCUyMCUyMCUyMGhlaWdodCUyMCUyMCUyMCUyMCUyMCUyMCUyMCUyMCUyMCUyMCUzQSUyMDYwMCUyQyUwQSUwOSUwOWZpdFRvVmlldyUwOSUzQSUyMHRydWUlMkMlMEElMDklMDljbG9zZUNsaWNrJTA5JTNBJTIwZmFsc2UlMkMlMEElMDklMDlvcGVuRWZmZWN0JTA5JTNBJTIwJTI3bm9uZSUyNyUyQyUwQSUwOSUwOWNsb3NlRWZmZWN0JTA5JTNBJTIwJTI3bm9uZSUyNyUyQyUwQSUyMCUyMCUyMCUyMCUyMCUyMCUyMCUyMCUyMCUyMCUyMCUyMCUyMCUyMCUyMCUyMGF1dG9DZW50ZXIlMjAlMjAlMjAlMjAlMjAlMjAlM0ElMjB0cnVlJTBBJTA5JTdEJTI5JTNCJTBBJTdEJTI5JTNCJTBBJTNDJTJGc2NyaXB0JTNF[\/vc_raw_js][mk_button dimension=\u00bbflat\u00bb corner_style=\u00bbrounded\u00bb size=\u00bbmedium\u00bb url=\u00bbhttps:\/\/www.emailforce.net\/call4leads\/click2call.aspx?id=3&#8243; align=\u00bbcenter\u00bb button_custom_width=\u00bb160&#8243; el_class=\u00bbclick2call iframe\u00bb bg_color=\u00bb#0062b0&#8243; btn_hover_bg=\u00bb#252525&#8243;]SOLICITE UNA LLAMADA[\/mk_button][\/vc_column_inner][\/vc_row_inner][vc_empty_space height=\u00bb15px\u00bb][vc_empty_space height=\u00bb15px\u00bb][vc_row_inner padding=\u00bb0&#8243;][vc_column_inner css=\u00bb.vc_custom_1574185510016{border-top-width: 1px !important;border-right-width: 1px !important;border-bottom-width: 1px !important;border-left-width: 1px !important;border-left-color: #f2006e !important;border-left-style: solid !important;border-right-color: #f2006e !important;border-right-style: solid !important;border-top-color: #f2006e !important;border-top-style: solid !important;border-bottom-color: #f2006e !important;border-bottom-style: solid !important;}\u00bb][mk_fancy_title color=\u00bb#000000&#8243; size=\u00bb20&#8243; font_weight=\u00bbbold\u00bb font_style=\u00bbnormal\u00bb txt_transform=\u00bbuppercase\u00bb margin_top=\u00bb20&#8243; margin_bottom=\u00bb0&#8243; font_family=\u00bbnone\u00bb align=\u00bbcenter\u00bb]\n<p style=\"text-align: center;\">REG\u00cdSTRESE GRATIS<\/p>\n[\/mk_fancy_title][mk_fancy_title color=\u00bb#000000&#8243; size=\u00bb16&#8243; font_style=\u00bbnormal\u00bb txt_transform=\u00bbnone\u00bb margin_bottom=\u00bb0&#8243; font_family=\u00bbnone\u00bb align=\u00bbcenter\u00bb]\n<p style=\"text-align: center;\">Pruebe nuestros Servicios Certificados con total validez legal.<\/p>\n<p>&nbsp;<\/p>\n<p style=\"text-align: center;\"><strong><span style=\"color: #0062b0;\">Sin cuotas, sin contratos.<\/span><br \/>\n<\/strong>Su saldo nunca caduca.<\/p>\n[\/mk_fancy_title][mk_button dimension=\u00bbflat\u00bb corner_style=\u00bbrounded\u00bb size=\u00bbmedium\u00bb url=\u00bbhttps:\/\/cloud.fullcertificate.com\/register\u00bb target=\u00bb_blank\u00bb align=\u00bbcenter\u00bb button_custom_width=\u00bb160&#8243; bg_color=\u00bb#f2006e\u00bb btn_hover_bg=\u00bb#252525&#8243; btn_hover_txt_color=\u00bb#ffffff\u00bb]HAGA CLICK AQU\u00cd[\/mk_button][\/vc_column_inner][\/vc_row_inner][vc_row_inner padding=\u00bb0&#8243;][vc_column_inner][vc_empty_space height=\u00bb35px\u00bb][\/vc_column_inner][\/vc_row_inner][vc_row_inner padding=\u00bb0&#8243;][vc_column_inner][vc_empty_space height=\u00bb0px\u00bb][mk_icon_box2 icon_type=\u00bbimage\u00bb title_size=\u00bb0&#8243; title_top_padding=\u00bb0&#8243; title_bottom_padding=\u00bb0&#8243;]<a href=\"https:\/\/fullcertificate.com\/smartmoney\/\"><img loading=\"lazy\" class=\"wp-image-6433 size-medium aligncenter\" src=\"https:\/\/fullcertificate.com\/wp-content\/uploads\/2018\/10\/logo-smartmoney-1.png\" alt=\"\" width=\"180\" height=\"31\" \/><\/a><a href=\"https:\/\/fullcertificate.com\/smartmoney\/\"><img loading=\"lazy\" class=\"wp-image-6439 size-medium aligncenter\" src=\"https:\/\/fullcertificate.com\/wp-content\/uploads\/2018\/10\/grafico-smart-money-3-1.png\" alt=\"\" width=\"170\" height=\"300\" \/><\/a><\/p>\n<p style=\"text-align: center;\"><strong><span style=\"color: #0062b0;\"><a style=\"color: #0062b0;\" href=\"https:\/\/fullcertificate.com\/smartmoney\/\">SMART MONEY<\/a><br \/>\n<\/span><\/strong>Smart Contracts<br \/>\nSmart Payments<br \/>\n<span style=\"color: #000000; text-decoration: none;\">Smart Recovery<br \/>\nDashboard<br \/>\n<\/span>[\/mk_icon_box2][vc_empty_space height=\u00bb0px\u00bb][mk_icon_box2 icon_type=\u00bbimage\u00bb title_size=\u00bb0&#8243; title_top_padding=\u00bb0&#8243; title_bottom_padding=\u00bb0&#8243;]<a href=\"https:\/\/fullcertificate.com\/smartone2one\/\"><img loading=\"lazy\" class=\"wp-image-6433 size-medium aligncenter\" src=\"https:\/\/fullcertificate.com\/wp-content\/uploads\/2018\/10\/logo-smart-one2one-2-1.png\" alt=\"\" width=\"226\" height=\"31\" \/><\/a><a href=\"https:\/\/fullcertificate.com\/smartone2one\/\"><img loading=\"lazy\" class=\"wp-image-6439 size-medium aligncenter\" src=\"https:\/\/fullcertificate.com\/wp-content\/uploads\/2018\/10\/grafico-smart-one2one-1.png\" alt=\"\" width=\"170\" height=\"300\" \/><\/a><\/p>\n<p style=\"text-align: center;\"><strong><span style=\"color: #0062b0;\"><a style=\"color: #0062b0;\" href=\"https:\/\/fullcertificate.com\/smartone2one\/\">SMART ONE2ONE<\/a><br \/>\n<\/span><\/strong>Notificaciones Personalizadas<br \/>\nAlto volumen de ejecuci\u00f3n<br \/>\n<span style=\"color: #000000; text-decoration: none;\">Certificaci\u00f3n Multicanal<br \/>\nAlta disponibilidad<\/span><\/p>\n[\/mk_icon_box2][\/vc_column_inner][\/vc_row_inner][vc_empty_space height=\u00bb20px\u00bb][vc_row_inner padding=\u00bb0&#8243; el_class=\u00bbocultar\u00bb][vc_column_inner css=\u00bb.vc_custom_1540979094932{border-top-width: 1px !important;border-right-width: 1px !important;border-bottom-width: 1px !important;border-left-width: 1px !important;padding-top: 20px !important;padding-bottom: 20px !important;background-color: #ffffff !important;border-left-color: #1e73be !important;border-left-style: solid !important;border-right-color: #1e73be !important;border-right-style: solid !important;border-top-color: #1e73be !important;border-top-style: solid !important;border-bottom-color: #1e73be !important;border-bottom-style: solid !important;}\u00bb][mk_fancy_title color=\u00bb#000000&#8243; size=\u00bb20&#8243; font_weight=\u00bbbold\u00bb font_style=\u00bbnormal\u00bb txt_transform=\u00bbuppercase\u00bb margin_bottom=\u00bb0&#8243; font_family=\u00bbnone\u00bb align=\u00bbcenter\u00bb]\n<p style=\"text-align: center;\">Datos de contacto<\/p>\n[\/mk_fancy_title][mk_fancy_title color=\u00bb#1e73be\u00bb font_style=\u00bbnormal\u00bb txt_transform=\u00bbnone\u00bb margin_bottom=\u00bb0&#8243; font_family=\u00bbnone\u00bb align=\u00bbcenter\u00bb]\n<p style=\"text-align: center;\"><strong>Tel\u00e9fono:<\/strong> EU &#8211; ES: 0034 910 052 659<br \/>\nEU &#8211; IT: 0039 0687165152<br \/>\nLATAM: 0052 55 4162 9666<\/p>\n<p style=\"text-align: center;\"><strong>Direcci\u00f3n:<\/strong> C\/ Boix y Morer 6, planta 9. 28003 Madrid, Espa\u00f1a<\/p>\n[\/mk_fancy_title][mk_button dimension=\u00bbflat\u00bb corner_style=\u00bbrounded\u00bb size=\u00bbmedium\u00bb url=\u00bbhttps:\/\/fullcertificate.com\/contact\/\u00bb align=\u00bbcenter\u00bb button_custom_width=\u00bb160&#8243; bg_color=\u00bb#0062b0&#8243; btn_hover_bg=\u00bb#252525&#8243;]CONT\u00c1CTENOS[\/mk_button][\/vc_column_inner][\/vc_row_inner][\/vc_column][\/mk_page_section][mk_page_section full_width=\u00bbtrue\u00bb first_page=\u00bbfalse\u00bb last_page=\u00bbfalse\u00bb sidebar=\u00bbsidebar-1&#8243;][vc_column][mk_divider style=\u00bbthin_solid\u00bb thickness=\u00bb4&#8243; margin_top=\u00bb10&#8243; margin_bottom=\u00bb40&#8243;][mk_fancy_title tag_name=\u00bbh4&#8243; color=\u00bb#393836&#8243; size=\u00bb30&#8243; font_style=\u00bbnormal\u00bb txt_transform=\u00bbuppercase\u00bb margin_bottom=\u00bb18&#8243; font_family=\u00bbnone\u00bb align=\u00bbcenter\u00bb]\n<p style=\"text-align: center;\">CON LA GARANT\u00cdA DE<\/p>\n[\/mk_fancy_title][mk_image src=\u00bbhttps:\/\/fullcertificate.com\/wp-content\/uploads\/2022\/04\/footer-nuevo-WE-VOTE.jpg\u00bb target=\u00bb_blank\u00bb align=\u00bbcenter\u00bb margin_bottom=\u00bb40&#8243; el_class=\u00bbimagen-footer-centro\u00bb crop=\u00bbfalse\u00bb][\/vc_column][\/mk_page_section]\n","protected":false},"excerpt":{"rendered":"<p>[mk_page_section bg_image=\u00bbhttps:\/\/fullcertificate.com\/wp-content\/uploads\/2018\/11\/banner-smartcommunities-avisos-certificados-3-1.jpg\u00bb bg_position=\u00bbcenter top\u00bb bg_repeat=\u00bbno-repeat\u00bb bg_stretch=\u00bbtrue\u00bb min_height=\u00bb350&#8243; padding_top=\u00bb20&#8243; padding_bottom=\u00bb0&#8243; first_page=\u00bbtrue\u00bb last_page=\u00bbtrue\u00bb sidebar=\u00bbsidebar-1&#8243;][vc_column][mk_fancy_title tag_name=\u00bbh1&#8243; color=\u00bb#000000&#8243; size=\u00bb40&#8243; font_style=\u00bbnormal\u00bb txt_transform=\u00bbnone\u00bb margin_top=\u00bb60&#8243; margin_bottom=\u00bb0&#8243; font_family=\u00bbnone\u00bb]Smart Communities &#8211; eComunidades[\/mk_fancy_title][mk_fancy_title tag_name=\u00bbh1&#8243; color=\u00bb#000000&#8243; size=\u00bb25&#8243; font_weight=\u00bb300&#8243; font_style=\u00bbnormal\u00bb txt_transform=\u00bbnone\u00bb margin_bottom=\u00bb0&#8243; font_family=\u00bbnone\u00bb]Comunidades de propietarios inteligentes[\/mk_fancy_title][mk_button dimension=\u00bbflat\u00bb size=\u00bbmedium\u00bb url=\u00bbhttps:\/\/fullcertificate.com\/contact\/\u00bb button_custom_width=\u00bb250&#8243; margin_bottom=\u00bb20&#8243; bg_color=\u00bb#0062b0&#8243; btn_hover_bg=\u00bb#252525&#8243;]CONTACTAR AHORA[\/mk_button][\/vc_column][\/mk_page_section][mk_page_section padding_top=\u00bb50&#8243; padding_bottom=\u00bb50&#8243; first_page=\u00bbfalse\u00bb last_page=\u00bbfalse\u00bb sidebar=\u00bbsidebar-1&#8243;][vc_column width=\u00bb3\/4&#8243;][mk_fancy_title tag_name=\u00bbh1&#8243; color=\u00bb#0062af\u00bb size=\u00bb40&#8243; font_style=\u00bbnormal\u00bb txt_transform=\u00bbnone\u00bb margin_bottom=\u00bb0&#8243; font_family=\u00bbnone\u00bb]Comunidades [&hellip;]<\/p>\n","protected":false},"author":2,"featured_media":0,"parent":0,"menu_order":0,"comment_status":"closed","ping_status":"closed","template":"","meta":{"_bbp_topic_count":0,"_bbp_reply_count":0,"_bbp_total_topic_count":0,"_bbp_total_reply_count":0,"_bbp_voice_count":0,"_bbp_anonymous_reply_count":0,"_bbp_topic_count_hidden":0,"_bbp_reply_count_hidden":0,"_bbp_forum_subforum_count":0},"_links":{"self":[{"href":"https:\/\/www.fullcertificate.com\/es\/wp-json\/wp\/v2\/pages\/28893"}],"collection":[{"href":"https:\/\/www.fullcertificate.com\/es\/wp-json\/wp\/v2\/pages"}],"about":[{"href":"https:\/\/www.fullcertificate.com\/es\/wp-json\/wp\/v2\/types\/page"}],"author":[{"embeddable":true,"href":"https:\/\/www.fullcertificate.com\/es\/wp-json\/wp\/v2\/users\/2"}],"replies":[{"embeddable":true,"href":"https:\/\/www.fullcertificate.com\/es\/wp-json\/wp\/v2\/comments?post=28893"}],"version-history":[{"count":4,"href":"https:\/\/www.fullcertificate.com\/es\/wp-json\/wp\/v2\/pages\/28893\/revisions"}],"predecessor-version":[{"id":28897,"href":"https:\/\/www.fullcertificate.com\/es\/wp-json\/wp\/v2\/pages\/28893\/revisions\/28897"}],"wp:attachment":[{"href":"https:\/\/www.fullcertificate.com\/es\/wp-json\/wp\/v2\/media?parent=28893"}],"curies":[{"name":"wp","href":"https:\/\/api.w.org\/{rel}","templated":true}]}}