{"id":28898,"date":"2023-12-11T12:03:29","date_gmt":"2023-12-11T12:03:29","guid":{"rendered":"https:\/\/fullcertificate.com\/?page_id=28898"},"modified":"2023-12-11T12:03:29","modified_gmt":"2023-12-11T12:03:29","slug":"smart-one2one-es","status":"publish","type":"page","link":"https:\/\/www.fullcertificate.com\/es\/smart-one2one-es\/","title":{"rendered":"Smart One2One FC"},"content":{"rendered":"[mk_page_section bg_image=\u00bbhttps:\/\/fullcertificate.com\/wp-content\/uploads\/2018\/11\/banner-smartone2one-avisos-certificados-2-1.jpg\u00bb bg_position=\u00bbcenter top\u00bb bg_repeat=\u00bbno-repeat\u00bb bg_stretch=\u00bbtrue\u00bb min_height=\u00bb350&#8243; padding_top=\u00bb20&#8243; padding_bottom=\u00bb0&#8243; first_page=\u00bbtrue\u00bb last_page=\u00bbtrue\u00bb sidebar=\u00bbsidebar-1&#8243;][vc_column][mk_fancy_title tag_name=\u00bbh1&#8243; color=\u00bb#000000&#8243; size=\u00bb40&#8243; font_weight=\u00bbnormal\u00bb font_style=\u00bbnormal\u00bb txt_transform=\u00bbnone\u00bb margin_top=\u00bb60&#8243; margin_bottom=\u00bb0&#8243; font_family=\u00bbnone\u00bb]Smart One2One[\/mk_fancy_title][mk_fancy_title tag_name=\u00bbh1&#8243; color=\u00bb#000000&#8243; size=\u00bb25&#8243; font_weight=\u00bb300&#8243; font_style=\u00bbnormal\u00bb txt_transform=\u00bbnone\u00bb margin_bottom=\u00bb0&#8243; font_family=\u00bbnone\u00bb]Procesos personalizados automatizados[\/mk_fancy_title][mk_button dimension=\u00bbflat\u00bb size=\u00bbmedium\u00bb url=\u00bbhttps:\/\/fullcertificate.com\/contact\/\u00bb button_custom_width=\u00bb250&#8243; bg_color=\u00bb#0062b0&#8243; btn_hover_bg=\u00bb#252525&#8243;]CONTACTAR AHORA[\/mk_button][\/vc_column][\/mk_page_section][mk_page_section padding_top=\u00bb50&#8243; padding_bottom=\u00bb50&#8243; first_page=\u00bbfalse\u00bb last_page=\u00bbfalse\u00bb sidebar=\u00bbsidebar-1&#8243;][vc_column width=\u00bb3\/4&#8243;][mk_fancy_title color=\u00bb#0062af\u00bb size=\u00bb30&#8243; font_style=\u00bbnormal\u00bb txt_transform=\u00bbnone\u00bb margin_bottom=\u00bb0&#8243; font_family=\u00bbnone\u00bb]Notificaciones Personalizadas, Alto Volumen de ejecuci\u00f3n y Alta disponibilidad con certificaci\u00f3n Multicanal[\/mk_fancy_title][mk_divider style=\u00bbthin_solid\u00bb thickness=\u00bb4&#8243; margin_top=\u00bb0&#8243;][mk_fancy_title color=\u00bb#000000&#8243; size=\u00bb17&#8243; font_weight=\u00bbbold\u00bb font_style=\u00bbnormal\u00bb txt_transform=\u00bbuppercase\u00bb margin_bottom=\u00bb30&#8243; font_family=\u00bbnone\u00bb]<strong>Con Smart One2One nos adaptamos a su empresa, escuchamos lo que usted particularmente necesita y automatizamos todo el proceso de notificaci\u00f3n de forma personalizada.<\/strong>[\/mk_fancy_title][vc_row_inner padding=\u00bb0&#8243;][vc_column_inner width=\u00bb1\/3&#8243;][mk_icon_box2 icon_type=\u00bbimage\u00bb icon_size=\u00bbinherit\u00bb title_size=\u00bb0&#8243; title_top_padding=\u00bb0&#8243; title_bottom_padding=\u00bb0&#8243;]<img class=\"wp-image-6433 size-medium aligncenter\" src=\"https:\/\/fullcertificate.com\/wp-content\/uploads\/2018\/10\/logo-smart-one2one-2-1.png\" alt=\"\" width=\"240\" \/><img class=\"wp-image-6439 size-medium aligncenter\" src=\"https:\/\/fullcertificate.com\/wp-content\/uploads\/2018\/10\/grafico-smart-one2one-1.png\" alt=\"\" width=\"216\" \/><\/p>\n<p style=\"text-align: center;\"><strong><span style=\"color: #0062b0;\"><a style=\"color: #0062b0;\" href=\"https:\/\/www.avisoscertificados.com\/automatizacion-cloud-inhouse\/\">SMART ONE2ONE<\/a><br \/>\n<\/span><\/strong>Notificaciones Personalizadas<br \/>\nAlto volumen de ejecuci\u00f3n<br \/>\n<span style=\"color: #000000; text-decoration: none;\">Certificaci\u00f3n Multicanal<br \/>\nAlta disponibilidad<\/span><\/p>\n[\/mk_icon_box2][\/vc_column_inner][vc_column_inner width=\u00bb2\/3&#8243;][mk_fancy_title tag_name=\u00bbh4&#8243; color=\u00bb#000000&#8243; font_style=\u00bbnormal\u00bb txt_transform=\u00bbnone\u00bb margin_bottom=\u00bb0&#8243; font_family=\u00bbnone\u00bb]Digamos que lo que usted necesita es mandar un <span style=\"color: #0062af;\">comunicado a miles de destinatarios<\/span>. No habr\u00e1 problema, contamos con la mejor tecnolog\u00eda para hacer que su comunicado llegue a cada destinatario y adem\u00e1s, <span style=\"color: #0062af;\">certificando cada paso que el destinatario da una vez su comunicado entra en el terminal.<\/span><\/p>\n<p>&nbsp;<\/p>\n<p>Ahora, digamos que lo que usted quiere es que se lance un <span style=\"color: #0062af;\">comunicado personalizado para cada destinatario habiendo miles de destinatarios.<\/span> Lo mismo, no habr\u00e1 problema. Gracias a <strong>Smartone2one<\/strong> <span style=\"color: #0062af;\">automatizamos todo el proceso<\/span> para enviar <span style=\"color: #0062af;\">notificaciones personalizadas o cualquier tipo de actuaci\u00f3n que requiera un alto volumen de ejecuci\u00f3n.<\/span> Asimismo logramos, con este servicio <span style=\"color: #0062af;\">la certificaci\u00f3n multicanal<\/span>, es decir, cada notificaci\u00f3n que cada uno de los miles de destinatarios reciba en m\u00e1s de un terminal ser\u00e1 certificada con <span style=\"color: #0062af;\">plena validez legal.<\/span><\/p>\n<p>&nbsp;<\/p>\n<p><strong>Smart One2One<\/strong>, de <strong>Full Certificate<\/strong>,\u00a0le ayudar\u00e1 a automatizar todos los <span style=\"color: #0062af;\">procesos de notificaci\u00f3n de su empresa de manera personalizada<\/span>: <strong>firma de contratos Online, certificaciones de recibos domiciliados y todo tipo de comunicaciones certificadas<\/strong> <span style=\"color: #0062af;\">con validez legal.<\/span><\/p>\n<p>&nbsp;<\/p>\n<p>Pensado para la <span style=\"color: #0062af;\">gesti\u00f3n de grandes vol\u00famenes de clientes<\/span>, disponemos de una <span style=\"color: #0062af;\">integraci\u00f3n total de Sistemas y automatizaci\u00f3n de procesos<\/span> que le permitir\u00e1 <span style=\"color: #0062af;\">llegar a cada uno de sus destinatarios de manera personalizada y con certificaci\u00f3n multicanal.<\/span><\/p>\n<p>&nbsp;<\/p>\n<p>Nuestro IDC, Internet Data Center, cuenta con <span style=\"color: #0062af;\">42 servidores <\/span>redundantes de alto rendimiento que dan servicio a empresas financieras y comerciales con grandes necesidades de proceso.<\/p>\n<p>&nbsp;<\/p>\n<ul>\n<li><strong>42 Servidores<\/strong><\/li>\n<li><strong>Recovery Disaster y Full Back Ups.<\/strong><\/li>\n<li><strong>Custodia\u00a0<\/strong>minima de 5 a\u00f1os.<\/li>\n<li>Niveles de\u00a0<strong>reputaci\u00f3n del 99,99%.<\/strong><\/li>\n<li>Velocidad\u00a0<strong>Full Internet:\u00a0<\/strong>120 MB\/Sg.<\/li>\n<li><strong>M\u00e1xima seguridad\u00a0<\/strong>f\u00edsica y l\u00f3gica.<\/li>\n<li><strong>Escalabilidad\u00a0<\/strong>total e incremental.<\/li>\n<li><strong>Sol de oro\u00a0<\/strong>en servicios de mensajer\u00eda electr\u00f3nica.<\/li>\n<li><strong>Comunicaciones<\/strong><\/li>\n<li><strong>Equipo especializado.<\/strong><\/li>\n<li><strong>Integraciones m\u00faltiples:\u00a0<\/strong>ERPs, CRMs, etc.<\/li>\n<\/ul>\n<p>&nbsp;<\/p>\n<p><strong>Servicios de valor a\u00f1adido.<\/strong><\/p>\n<p>&nbsp;<\/p>\n<ul>\n<li><span style=\"color: #0062af;\">Web services.<\/span><\/li>\n<li><span style=\"color: #0062af;\">Total personalizaci\u00f3n.<\/span><\/li>\n<li><span style=\"color: #0062af;\">Marketing Automation.<\/span><\/li>\n<\/ul>\n<p><strong>\u00a0<\/strong><\/p>\n<p>Gracias a la automatizaci\u00f3n Cloud &amp; Inhouse que nos permite <span style=\"color: #0062af;\">certificar contenido con validez legal con una rapidez inigualable<\/span>, <strong>Full Certificate<\/strong> puede ofrecer servicios de <strong>Alta disponibilidad y alto volumen de ejecuci\u00f3n<\/strong> para que usted no pierda tiempo enviando de forma manual comunicaciones personalizadas.<\/p>\n<p>&nbsp;<\/p>\n<p>Todo, desde su comodidad y sin esperas: empleamos<span style=\"color: #0062af;\"> todos los canales digitales de comunicaci\u00f3n<\/span> para que sus notificaciones lleguen al destinatario con el mayor nivel de \u00e9xito a trav\u00e9s de <strong>burofaxes, emails, SMS, etc. (Multicanalidad).<\/strong><\/p>\n<p>&nbsp;<\/p>\n<p>Si lo desea, con nuestro env\u00edo <strong>Multidispositivo,<\/strong> el cliente recibir\u00e1 el contrato en su Smartphone, tableta o PC y podr\u00e1 firmar digitalmente con la opci\u00f3n que le resulte m\u00e1s c\u00f3moda.<\/p>\n<p>&nbsp;<\/p>\n<p>Servicios que <strong>Full Certificate<\/strong> ofrece para alcanzar el nivel de <span style=\"color: #0062af;\">excelencia en sus operaciones internas<\/span>, con un importante ahorro de tiempo, <span style=\"color: #0062af;\">excelentes costes unitarios de cada proceso, total seguridad en los procesos de firma digital<\/span> y <span style=\"color: #0062af;\">plena validez jur\u00eddica a nivel Europeo.<\/span><\/p>\n<p>&nbsp;<\/p>\n<p>Adem\u00e1s:<\/p>\n<p>&nbsp;<\/p>\n<ul>\n<li><strong>Acceso\u00a0<\/strong>en tiempo real las\u00a0<strong>24 horas.<\/strong><\/li>\n<li><strong>Automatizaci\u00f3n\u00a0<\/strong>de\u00a0<strong>procesos empresariales<\/strong>\u00a0con certificaci\u00f3n electr\u00f3nica.<\/li>\n<li>Cinco a\u00f1os de\u00a0<strong>custodia\u00a0<\/strong>por ley ampliables en funci\u00f3n de necesidades.<\/li>\n<li><strong>Testimonio Notarial<\/strong><\/li>\n<li><strong>Importante\u00a0<\/strong><strong>ahorro<\/strong>\u00a0de tiempo y dinero.<\/li>\n<\/ul>\n[\/mk_fancy_title][mk_fancy_title tag_name=\u00bbh4&#8243; color=\u00bb#000000&#8243; font_style=\u00bbnormal\u00bb txt_transform=\u00bbnone\u00bb font_family=\u00bbnone\u00bb]Como\u00a0<strong>Tercero de Confianza Europeo,<\/strong>\u00a0le garantizamos,\u00a0<span style=\"color: #0062af;\">total validez legal<\/span><strong>\u00a0<\/strong>en sus\u00a0<span style=\"color: #0062af;\">Notificaciones, Contratos y Llamadas<\/span>. Dispondr\u00e1 de un servicio\u00a0r\u00e1pido y econ\u00f3mico, donde\u00a0ahorrar\u00e1 tiempo y dinero. <span style=\"color: #0062af;\">Adem\u00e1s, sus certificados ser\u00e1n\u00a0custodiados\u00a0 durante 5 a\u00f1os.<\/span><\/p>\n<p>&nbsp;<\/p>\n<p><strong>Full Certificate<\/strong>\u00a0desarrolla tecnolog\u00eda y servicios creando\u00a0<span style=\"color: #0062af;\">una de las mayores plataformas<\/span>,\u00a0a nivel nacional y europeo,\u00a0<span style=\"color: #0062af;\">de certificaci\u00f3n electr\u00f3nica<\/span><strong>.\u00a0<\/strong>Podr\u00e1 emitir sus notificaciones, comunicados importantes y contratos\u00a0con total control y ahorro de tiempo y dinero.[\/mk_fancy_title][\/vc_column_inner][\/vc_row_inner][vc_row_inner padding=\u00bb0&#8243;][\/vc_row_inner][\/vc_column][vc_column border_color=\u00bb#ffffff\u00bb width=\u00bb1\/4&#8243;][mk_image src=\u00bbhttps:\/\/fullcertificate.com\/wp-content\/uploads\/2018\/12\/european-trusted-third-party-full-certificate.png\u00bb image_width=\u00bb180&#8243; align=\u00bbcenter\u00bb margin_bottom=\u00bb35&#8243; crop=\u00bbfalse\u00bb][vc_row_inner padding=\u00bb0&#8243; el_class=\u00bbocultar\u00bb][vc_column_inner css=\u00bb.vc_custom_1541411862393{border-top-width: 1px !important;border-right-width: 1px !important;border-bottom-width: 1px !important;border-left-width: 1px !important;border-left-color: #e80000 !important;border-left-style: solid !important;border-right-color: #e80000 !important;border-right-style: solid !important;border-top-color: #e80000 !important;border-top-style: solid !important;border-bottom-color: #e80000 !important;border-bottom-style: solid !important;}\u00bb][mk_fancy_title color=\u00bb#000000&#8243; size=\u00bb20&#8243; font_weight=\u00bbbold\u00bb font_style=\u00bbnormal\u00bb txt_transform=\u00bbuppercase\u00bb margin_top=\u00bb20&#8243; margin_bottom=\u00bb0&#8243; font_family=\u00bbnone\u00bb align=\u00bbcenter\u00bb]\n<p style=\"text-align: center;\">TE LLAMAREMOS<\/p>\n[\/mk_fancy_title][mk_fancy_title color=\u00bb#000000&#8243; size=\u00bb16&#8243; font_style=\u00bbnormal\u00bb txt_transform=\u00bbnone\u00bb margin_bottom=\u00bb0&#8243; font_family=\u00bbnone\u00bb align=\u00bbcenter\u00bb]\n<p style=\"text-align: center;\">Introduce tu informaci\u00f3n y<br \/>\nTe llamamos lo antes posible.<\/p>\n[\/mk_fancy_title][vc_raw_js]JTNDc2NyaXB0JTIwdHlwZSUzRCUyN3RleHQlMkZqYXZhc2NyaXB0JTI3JTNFJTBBalF1ZXJ5JTI4ZG9jdW1lbnQlMjkucmVhZHklMjhmdW5jdGlvbiUyOCUyOSUyMCU3QiUwQSUwOSUyNCUyOCUyMi5jbGljazJjYWxsJTIyJTI5LmZhbmN5Ym94JTI4JTdCJTBBJTA5JTA5bWF4V2lkdGglMDklM0ElMjA0MDAlMkMlMEElMDklMDltYXhIZWlnaHQlMDklM0ElMjA2MDAlMkMlMEElMjAlMjAlMjAlMjAlMjAlMjAlMjAlMjAlMjAlMjAlMjAlMjAlMjAlMjAlMjAlMjBtaW5IZWlnaHQlMjAlMjAlMjAlMjAlMjAlMjAlMjAlM0ElMjA4MDAlMkMlMEElMjAlMjAlMjAlMjAlMjAlMjAlMjAlMjAlMjAlMjAlMjAlMjAlMjAlMjAlMjAlMjB3aWR0aCUyMCUyMCUyMCUyMCUyMCUyMCUyMCUyMCUyMCUyMCUyMCUzQSUyMDQwMCUyQyUwQSUyMCUyMCUyMCUyMCUyMCUyMCUyMCUyMCUyMCUyMCUyMCUyMCUyMCUyMCUyMCUyMGhlaWdodCUyMCUyMCUyMCUyMCUyMCUyMCUyMCUyMCUyMCUyMCUzQSUyMDYwMCUyQyUwQSUwOSUwOWZpdFRvVmlldyUwOSUzQSUyMHRydWUlMkMlMEElMDklMDljbG9zZUNsaWNrJTA5JTNBJTIwZmFsc2UlMkMlMEElMDklMDlvcGVuRWZmZWN0JTA5JTNBJTIwJTI3bm9uZSUyNyUyQyUwQSUwOSUwOWNsb3NlRWZmZWN0JTA5JTNBJTIwJTI3bm9uZSUyNyUyQyUwQSUyMCUyMCUyMCUyMCUyMCUyMCUyMCUyMCUyMCUyMCUyMCUyMCUyMCUyMCUyMCUyMGF1dG9DZW50ZXIlMjAlMjAlMjAlMjAlMjAlMjAlM0ElMjB0cnVlJTBBJTA5JTdEJTI5JTNCJTBBJTdEJTI5JTNCJTBBJTNDJTJGc2NyaXB0JTNF[\/vc_raw_js][mk_button dimension=\u00bbflat\u00bb corner_style=\u00bbrounded\u00bb size=\u00bbmedium\u00bb url=\u00bbhttps:\/\/www.emailforce.net\/call4leads\/click2call.aspx?id=3&#8243; align=\u00bbcenter\u00bb button_custom_width=\u00bb160&#8243; el_class=\u00bbclick2call iframe\u00bb bg_color=\u00bb#0062b0&#8243; btn_hover_bg=\u00bb#252525&#8243;]SOLICITE UNA LLAMADA[\/mk_button][\/vc_column_inner][\/vc_row_inner][vc_empty_space height=\u00bb0px\u00bb][vc_row_inner padding=\u00bb0&#8243;][vc_column_inner css=\u00bb.vc_custom_1574185622959{border-top-width: 1px !important;border-right-width: 1px !important;border-bottom-width: 1px !important;border-left-width: 1px !important;border-left-color: #f2006e !important;border-left-style: solid !important;border-right-color: #f2006e !important;border-right-style: solid !important;border-top-color: #f2006e !important;border-top-style: solid !important;border-bottom-color: #f2006e !important;border-bottom-style: solid !important;}\u00bb][mk_fancy_title color=\u00bb#000000&#8243; size=\u00bb20&#8243; font_weight=\u00bbbold\u00bb font_style=\u00bbnormal\u00bb txt_transform=\u00bbuppercase\u00bb margin_top=\u00bb20&#8243; margin_bottom=\u00bb0&#8243; font_family=\u00bbnone\u00bb align=\u00bbcenter\u00bb]\n<p style=\"text-align: center;\">REG\u00cdSTRESE GRATIS<\/p>\n[\/mk_fancy_title][mk_fancy_title color=\u00bb#000000&#8243; size=\u00bb16&#8243; font_style=\u00bbnormal\u00bb txt_transform=\u00bbnone\u00bb margin_bottom=\u00bb0&#8243; font_family=\u00bbnone\u00bb align=\u00bbcenter\u00bb]\n<p style=\"text-align: center;\">Pruebe nuestros Servicios Certificados con total validez legal.<\/p>\n<p>&nbsp;<\/p>\n<p style=\"text-align: center;\"><strong><span style=\"color: #0062b0;\">Sin cuotas, sin contratos.<\/span><br \/>\n<\/strong>Su saldo nunca caduca.<\/p>\n[\/mk_fancy_title][mk_button dimension=\u00bbflat\u00bb corner_style=\u00bbrounded\u00bb size=\u00bbmedium\u00bb url=\u00bbhttps:\/\/cloud.fullcertificate.com\/register\u00bb target=\u00bb_blank\u00bb align=\u00bbcenter\u00bb button_custom_width=\u00bb160&#8243; bg_color=\u00bb#f2006e\u00bb btn_hover_bg=\u00bb#252525&#8243; btn_hover_txt_color=\u00bb#ffffff\u00bb]HAGA CLICK AQU\u00cd[\/mk_button][\/vc_column_inner][\/vc_row_inner][vc_row_inner padding=\u00bb0&#8243;][vc_column_inner][vc_empty_space height=\u00bb20px\u00bb][mk_icon_box2 icon_type=\u00bbimage\u00bb icon_size=\u00bbinherit\u00bb title_size=\u00bb0&#8243; title_top_padding=\u00bb0&#8243; title_bottom_padding=\u00bb0&#8243;]<a href=\"https:\/\/fullcertificate.com\/smartmoney\/\"><img loading=\"lazy\" class=\"wp-image-6433 size-medium aligncenter\" src=\"https:\/\/fullcertificate.com\/wp-content\/uploads\/2018\/10\/logo-smartmoney-1.png\" alt=\"\" width=\"180\" height=\"31\" \/><\/a><a href=\"https:\/\/fullcertificate.com\/smartmoney\/\"><img loading=\"lazy\" class=\"wp-image-6439 size-medium aligncenter\" src=\"https:\/\/fullcertificate.com\/wp-content\/uploads\/2018\/10\/grafico-smart-money-3-1.png\" alt=\"\" width=\"170\" height=\"300\" \/><\/a><\/p>\n<p style=\"text-align: center;\"><strong><span style=\"color: #0062b0;\"><a style=\"color: #0062b0;\" href=\"https:\/\/fullcertificate.com\/smartmoney\/\">SMART MONEY<\/a><br \/>\n<\/span><\/strong>Smart Contracts<br \/>\nSmart Payments<br \/>\n<span style=\"color: #000000; text-decoration: none;\">Smart Recovery<br \/>\nDashboard<br \/>\n<\/span>[\/mk_icon_box2][mk_icon_box2 icon_type=\u00bbimage\u00bb icon_size=\u00bbinherit\u00bb title_size=\u00bb0&#8243; title_top_padding=\u00bb0&#8243; title_bottom_padding=\u00bb0&#8243;]<a href=\"https:\/\/fullcertificate.com\/cloud-inhouse-automation\/\"><img loading=\"lazy\" class=\"wp-image-6433 size-medium aligncenter\" src=\"https:\/\/fullcertificate.com\/wp-content\/uploads\/2018\/10\/logo-smart-automation-2-1.png\" alt=\"\" width=\"265\" height=\"31\" \/><\/a><a href=\"https:\/\/fullcertificate.com\/cloud-inhouse-automation\/\"><img loading=\"lazy\" class=\"wp-image-6439 size-medium aligncenter\" src=\"https:\/\/fullcertificate.com\/wp-content\/uploads\/2018\/10\/grafico-smart-automation-1.png\" alt=\"\" width=\"170\" height=\"300\" \/><\/a><\/p>\n<p style=\"text-align: center;\"><strong><span style=\"color: #0062b0;\"><a style=\"color: #0062b0;\" href=\"https:\/\/fullcertificate.com\/cloud-inhouse-automation\/\">SMART AUTOMATION<\/a><br \/>\n<\/span><\/strong><span style=\"color: #000000; text-decoration: none;\">WS API-REST<br \/>\n<span style=\"color: #000000; text-decoration: none;\">Desarrollo IT<br \/>\n<\/span><span style=\"color: #000000; text-decoration: none;\">Autenticaci\u00f3n avanzada<br \/>\n<\/span><span style=\"color: #000000; text-decoration: none;\">Portales y Forms. inteligentes<br \/>\n<\/span><\/span><\/p>\n[\/mk_icon_box2][\/vc_column_inner][\/vc_row_inner][vc_empty_space height=\u00bb20px\u00bb][vc_row_inner padding=\u00bb0&#8243; el_class=\u00bbocultar\u00bb][vc_column_inner css=\u00bb.vc_custom_1540979094932{border-top-width: 1px !important;border-right-width: 1px !important;border-bottom-width: 1px !important;border-left-width: 1px !important;padding-top: 20px !important;padding-bottom: 20px !important;background-color: #ffffff !important;border-left-color: #1e73be !important;border-left-style: solid !important;border-right-color: #1e73be !important;border-right-style: solid !important;border-top-color: #1e73be !important;border-top-style: solid !important;border-bottom-color: #1e73be !important;border-bottom-style: solid !important;}\u00bb][mk_fancy_title color=\u00bb#000000&#8243; size=\u00bb20&#8243; font_weight=\u00bbbold\u00bb font_style=\u00bbnormal\u00bb txt_transform=\u00bbuppercase\u00bb margin_bottom=\u00bb0&#8243; font_family=\u00bbnone\u00bb align=\u00bbcenter\u00bb]\n<p style=\"text-align: center;\">Datos de contacto<\/p>\n[\/mk_fancy_title][mk_fancy_title color=\u00bb#1e73be\u00bb font_style=\u00bbnormal\u00bb txt_transform=\u00bbnone\u00bb margin_bottom=\u00bb0&#8243; font_family=\u00bbnone\u00bb align=\u00bbcenter\u00bb]\n<p style=\"text-align: center;\"><strong>Tel\u00e9fono:<\/strong> EU &#8211; ES: 0034 910 052 659<br \/>\nEU &#8211; IT: 0039 0687165152<br \/>\nLATAM: 0052 55 4162 9666<\/p>\n<p style=\"text-align: center;\"><strong>Direcci\u00f3n:<\/strong> C\/ Boix y Morer 6, planta 9. 28003 Madrid, Espa\u00f1a<\/p>\n[\/mk_fancy_title][mk_button dimension=\u00bbflat\u00bb corner_style=\u00bbrounded\u00bb size=\u00bbmedium\u00bb url=\u00bbhttps:\/\/fullcertificate.com\/contact\/\u00bb align=\u00bbcenter\u00bb button_custom_width=\u00bb160&#8243; bg_color=\u00bb#0062b0&#8243; btn_hover_bg=\u00bb#252525&#8243;]CONT\u00c1CTENOS[\/mk_button][\/vc_column_inner][\/vc_row_inner][\/vc_column][\/mk_page_section][mk_page_section full_width=\u00bbtrue\u00bb first_page=\u00bbfalse\u00bb last_page=\u00bbfalse\u00bb sidebar=\u00bbsidebar-1&#8243;][vc_column][mk_divider style=\u00bbthin_solid\u00bb thickness=\u00bb4&#8243; margin_top=\u00bb10&#8243; margin_bottom=\u00bb40&#8243;][mk_fancy_title tag_name=\u00bbh4&#8243; color=\u00bb#393836&#8243; size=\u00bb30&#8243; font_style=\u00bbnormal\u00bb txt_transform=\u00bbuppercase\u00bb margin_bottom=\u00bb18&#8243; font_family=\u00bbnone\u00bb align=\u00bbcenter\u00bb]\n<p style=\"text-align: center;\">CON LA GARANT\u00cdA DE<\/p>\n[\/mk_fancy_title][mk_image src=\u00bbhttps:\/\/fullcertificate.com\/wp-content\/uploads\/2022\/04\/footer-nuevo-WE-VOTE.jpg\u00bb link=\u00bbhttp:\/\/fullcertificate.com\/\u00bb target=\u00bb_blank\u00bb align=\u00bbcenter\u00bb margin_bottom=\u00bb40&#8243; el_class=\u00bbimagen-footer-centro\u00bb crop=\u00bbfalse\u00bb][\/vc_column][\/mk_page_section]\n","protected":false},"excerpt":{"rendered":"<p>[mk_page_section bg_image=\u00bbhttps:\/\/fullcertificate.com\/wp-content\/uploads\/2018\/11\/banner-smartone2one-avisos-certificados-2-1.jpg\u00bb bg_position=\u00bbcenter top\u00bb bg_repeat=\u00bbno-repeat\u00bb bg_stretch=\u00bbtrue\u00bb min_height=\u00bb350&#8243; padding_top=\u00bb20&#8243; padding_bottom=\u00bb0&#8243; first_page=\u00bbtrue\u00bb last_page=\u00bbtrue\u00bb sidebar=\u00bbsidebar-1&#8243;][vc_column][mk_fancy_title tag_name=\u00bbh1&#8243; color=\u00bb#000000&#8243; size=\u00bb40&#8243; font_weight=\u00bbnormal\u00bb font_style=\u00bbnormal\u00bb txt_transform=\u00bbnone\u00bb margin_top=\u00bb60&#8243; margin_bottom=\u00bb0&#8243; font_family=\u00bbnone\u00bb]Smart One2One[\/mk_fancy_title][mk_fancy_title tag_name=\u00bbh1&#8243; color=\u00bb#000000&#8243; size=\u00bb25&#8243; font_weight=\u00bb300&#8243; font_style=\u00bbnormal\u00bb txt_transform=\u00bbnone\u00bb margin_bottom=\u00bb0&#8243; font_family=\u00bbnone\u00bb]Procesos personalizados automatizados[\/mk_fancy_title][mk_button dimension=\u00bbflat\u00bb size=\u00bbmedium\u00bb url=\u00bbhttps:\/\/fullcertificate.com\/contact\/\u00bb button_custom_width=\u00bb250&#8243; bg_color=\u00bb#0062b0&#8243; btn_hover_bg=\u00bb#252525&#8243;]CONTACTAR AHORA[\/mk_button][\/vc_column][\/mk_page_section][mk_page_section padding_top=\u00bb50&#8243; padding_bottom=\u00bb50&#8243; first_page=\u00bbfalse\u00bb last_page=\u00bbfalse\u00bb sidebar=\u00bbsidebar-1&#8243;][vc_column width=\u00bb3\/4&#8243;][mk_fancy_title color=\u00bb#0062af\u00bb size=\u00bb30&#8243; font_style=\u00bbnormal\u00bb txt_transform=\u00bbnone\u00bb margin_bottom=\u00bb0&#8243; font_family=\u00bbnone\u00bb]Notificaciones Personalizadas, Alto Volumen de [&hellip;]<\/p>\n","protected":false},"author":2,"featured_media":0,"parent":0,"menu_order":0,"comment_status":"closed","ping_status":"closed","template":"","meta":{"_bbp_topic_count":0,"_bbp_reply_count":0,"_bbp_total_topic_count":0,"_bbp_total_reply_count":0,"_bbp_voice_count":0,"_bbp_anonymous_reply_count":0,"_bbp_topic_count_hidden":0,"_bbp_reply_count_hidden":0,"_bbp_forum_subforum_count":0},"_links":{"self":[{"href":"https:\/\/www.fullcertificate.com\/es\/wp-json\/wp\/v2\/pages\/28898"}],"collection":[{"href":"https:\/\/www.fullcertificate.com\/es\/wp-json\/wp\/v2\/pages"}],"about":[{"href":"https:\/\/www.fullcertificate.com\/es\/wp-json\/wp\/v2\/types\/page"}],"author":[{"embeddable":true,"href":"https:\/\/www.fullcertificate.com\/es\/wp-json\/wp\/v2\/users\/2"}],"replies":[{"embeddable":true,"href":"https:\/\/www.fullcertificate.com\/es\/wp-json\/wp\/v2\/comments?post=28898"}],"version-history":[{"count":3,"href":"https:\/\/www.fullcertificate.com\/es\/wp-json\/wp\/v2\/pages\/28898\/revisions"}],"predecessor-version":[{"id":28901,"href":"https:\/\/www.fullcertificate.com\/es\/wp-json\/wp\/v2\/pages\/28898\/revisions\/28901"}],"wp:attachment":[{"href":"https:\/\/www.fullcertificate.com\/es\/wp-json\/wp\/v2\/media?parent=28898"}],"curies":[{"name":"wp","href":"https:\/\/api.w.org\/{rel}","templated":true}]}}