{"id":29141,"date":"2023-12-07T11:52:30","date_gmt":"2023-12-07T11:52:30","guid":{"rendered":"https:\/\/fullcertificate.com\/?page_id=29141"},"modified":"2025-06-12T14:54:53","modified_gmt":"2025-06-12T14:54:53","slug":"faxes-certificados-validez-legal","status":"publish","type":"page","link":"https:\/\/www.fullcertificate.com\/es\/faxes-certificados-validez-legal\/","title":{"rendered":"Fax Certificado Validez Legal"},"content":{"rendered":"[mk_page_section bg_image=\u00bbhttps:\/\/www.fullcertificate.com\/wp-content\/uploads\/2025\/06\/fax-certificado-2.jpg\u00bb bg_position=\u00bbcenter top\u00bb bg_repeat=\u00bbno-repeat\u00bb bg_stretch=\u00bbtrue\u00bb min_height=\u00bb350&#8243; padding_top=\u00bb20&#8243; padding_bottom=\u00bb0&#8243; first_page=\u00bbtrue\u00bb last_page=\u00bbtrue\u00bb sidebar=\u00bbsidebar-1&#8243;][vc_column][mk_fancy_title color=\u00bb#000000&#8243; size=\u00bb40&#8243; font_weight=\u00bbnormal\u00bb font_style=\u00bbnormal\u00bb txt_transform=\u00bbnone\u00bb margin_top=\u00bb60&#8243; margin_bottom=\u00bb0&#8243; font_family=\u00bbnone\u00bb]Faxes Certificados[\/mk_fancy_title][mk_fancy_title color=\u00bb#000000&#8243; size=\u00bb25&#8243; font_weight=\u00bb300&#8243; font_style=\u00bbnormal\u00bb txt_transform=\u00bbnone\u00bb margin_bottom=\u00bb0&#8243; font_family=\u00bbnone\u00bb]Faxes con validez legal y certificaci\u00f3n de contenido[\/mk_fancy_title][mk_button dimension=\u00bbflat\u00bb size=\u00bbmedium\u00bb url=\u00bbhttps:\/\/cloud.fullcertificate.com\/register\u00bb target=\u00bb_blank\u00bb button_custom_width=\u00bb250&#8243; bg_color=\u00bb#0062b0&#8243; btn_hover_bg=\u00bb#252525&#8243;]REGISTRO GRATIS[\/mk_button][\/vc_column][\/mk_page_section][mk_page_section padding_top=\u00bb50&#8243; padding_bottom=\u00bb50&#8243; first_page=\u00bbfalse\u00bb last_page=\u00bbfalse\u00bb sidebar=\u00bbsidebar-1&#8243;][vc_column width=\u00bb3\/4&#8243;][mk_fancy_title color=\u00bb#0062af\u00bb size=\u00bb30&#8243; font_weight=\u00bbnormal\u00bb font_style=\u00bbnormal\u00bb txt_transform=\u00bbnone\u00bb margin_bottom=\u00bb0&#8243; font_family=\u00bbnone\u00bb]Faxes Certificados[\/mk_fancy_title][mk_divider style=\u00bbthin_solid\u00bb thickness=\u00bb4&#8243; margin_top=\u00bb0&#8243;][mk_fancy_title color=\u00bb#000000&#8243; size=\u00bb17&#8243; font_weight=\u00bbbold\u00bb font_style=\u00bbnormal\u00bb txt_transform=\u00bbuppercase\u00bb margin_bottom=\u00bb0&#8243; font_family=\u00bbnone\u00bb]Fax Certificado: Un canal importante con mucha historia y valor[\/mk_fancy_title][mk_fancy_title color=\u00bb#912e2e\u00bb size=\u00bb20&#8243; font_weight=\u00bbnormal\u00bb font_style=\u00bbnormal\u00bb txt_transform=\u00bbnone\u00bb margin_bottom=\u00bb30&#8243; font_family=\u00bbnone\u00bb]El antiguo servicio de fax tradicional sigue siendo una excelente herramienta de comunicaci\u00f3n para notificaciones con validez legal a empresas, instituciones y despachos profesionales.[\/mk_fancy_title][vc_row_inner padding=\u00bb0&#8243;][vc_column_inner width=\u00bb1\/3&#8243;][mk_icon_box text_size=\u00bb0&#8243; box_blur=\u00bbfalse\u00bb]<span style=\"color: #0062af;\"><img class=\"wp-image-8789 aligncenter\" src=\"https:\/\/www.fullcertificate.com\/wp-content\/uploads\/2025\/06\/icono-fax-certificado-2-1.png\" alt=\"\" width=\"216\" \/><\/span><\/p>\n<p style=\"text-align: center;\"><span style=\"color: #0062af;\"><strong>FAX CERTIFICADO<\/strong><\/span><br \/>\nCertificaci\u00f3n de entrega<br \/>\nCertificaci\u00f3n de contenido<br \/>\nTestimonio notarial<\/p>\n[\/mk_icon_box][mk_image src=\u00bbhttps:\/\/www.fullcertificate.com\/wp-content\/uploads\/2025\/06\/logo-notario_europa-1.jpg\u00bb image_width=\u00bb100&#8243; align=\u00bbcenter\u00bb crop=\u00bbfalse\u00bb][\/vc_column_inner][vc_column_inner width=\u00bb2\/3&#8243;][mk_fancy_title tag_name=\u00bbh4&#8243; color=\u00bb#000000&#8243; font_weight=\u00bbnormal\u00bb font_style=\u00bbnormal\u00bb txt_transform=\u00bbnone\u00bb font_family=\u00bbnone\u00bb]Dentro de los sistemas de comunicaci\u00f3n cl\u00e1sica <span style=\"color: #0062af;\">destaca por su importancia e historia el fax<strong>. <\/strong><\/span>Ahora, lo reinventamos con una nueva e importante <span style=\"color: #0062af;\">aplicaci\u00f3n sencilla, econ\u00f3mica y c\u00f3moda<\/span>: el\u00a0<strong>Fax Certificado<\/strong>.<\/p>\n<p>&nbsp;<\/p>\n<p>Dado que los <strong><span style=\"color: #000000;\">n<\/span><span style=\"color: #000000;\"><strong>\u00fam<\/strong>eros de fijos de Tel\u00e9fono y <\/span><\/strong><span style=\"color: #0062af;\"><strong><span style=\"color: #000000;\">Fax<\/span> <\/strong>est\u00e1n asignados a un registro<\/span>, bien de particulares, aut\u00f3nomos o empresas, <span style=\"color: #0062af;\">las notificaciones por medio de este canal son de alto inter\u00e9s<\/span> siempre que sean <span style=\"color: #0062af;\">certificadas<\/span> como prueba con <span style=\"color: #0062af;\">validez legal<\/span> en un juicio.<\/p>\n<p>&nbsp;<\/p>\n<p>Ahora podr\u00e1 enviar <strong><span style=\"color: #000000;\">cualquier documento en formato Pdf<\/span> <span style=\"color: #000000;\">a un fax<\/span><\/strong> a<span style=\"color: #0062af;\"> nivel nacional o europeo<\/span>. Haremos <strong>tres intentos de entrega<\/strong> y, en el momento que se detecte que el fax est\u00e9 disponible, nuestros servidores <span style=\"color: #0062af;\">transmitir\u00e1n<\/span> <span style=\"color: #0062af;\"><span style=\"color: #000000;\">al fax del destinatario<\/span> el env\u00edo de la documentaci\u00f3n<\/span>. <span style=\"color: #0062af;\">Este proceso puede durar desde minutos a varios d\u00edas.<\/span><\/p>\n<p>&nbsp;<\/p>\n<p>Existen varios niveles certificaci\u00f3n dejando una <span style=\"color: #0062af;\">constancia plena de las comunicaciones realizadas y transmitidas<\/span>:<\/p>\n<p>&nbsp;<\/p>\n<ul>\n<li><strong>Fax Certificado<\/strong> con <span style=\"color: #0062af;\">Recepci\u00f3n de entrega<\/span><\/li>\n<li><strong>Fax Certificado<\/strong> con <span style=\"color: #0062af;\">Certificaci\u00f3n de contenido<\/span><\/li>\n<li><strong>Fax Certificado<\/strong> con <span style=\"color: #0062af;\">Testimonio notarial<\/span><\/li>\n<\/ul>\n<p>&nbsp;<\/p>\n<p>El servicio de <strong>Fax Certificado<\/strong> aporta <span style=\"color: #0062af;\">plena validez legal<\/span> a sus Notificaciones y Comunicados importantes en un corto plazo de tiempo y con un coste por env\u00edo muy asequible.<\/p>\n<p>&nbsp;<\/p>\n<p><strong>Faxes Certificados<\/strong>\u00a0le permitir\u00e1 <span style=\"color: #0062af;\">enviar<\/span>\u00a0notificaciones y documentos\u00a0<span style=\"color: #0062af;\">desde su propio ordenador,<\/span> en <strong>f<\/strong><span style=\"color: #000000;\"><strong>ormato Pdf<\/strong> <\/span>con total <span style=\"color: #0062af;\">comodidad<\/span> y en cualquier momento del d\u00eda.<\/p>\n<p>&nbsp;<\/p>\n<p>En\u00a0<strong>Avisos Certificados<\/strong>\u00a0queremos ofrecerle la mayor plataforma de certificaci\u00f3n a nivel nacional de forma que nuestros clientes dispongan de todos los canales posibles de comunicaci\u00f3n certificada con total validez legal aumentando as\u00ed sus posibilidades de notificaci\u00f3n.[\/mk_fancy_title][mk_fancy_title tag_name=\u00bbh4&#8243; color=\u00bb#000000&#8243; font_weight=\u00bbnormal\u00bb font_style=\u00bbnormal\u00bb txt_transform=\u00bbnone\u00bb font_family=\u00bbnone\u00bb]Env\u00ede un <strong>Fax<\/strong> <strong>Certificado<\/strong> a trav\u00e9s de nuestra plataforma\u00a0<strong>Avisos Certificados<\/strong>\u00a0desde la comodidad de su propio ordenador. Cuando este llegue a su destino y<span style=\"color: #0062af;\"> se ejecute el<\/span> <span style=\"color: #0062af;\">proceso de certificaci\u00f3n, le enviaremos en un correo electr\u00f3nico <span style=\"color: #000000;\">con el certificado emitido el cual podr\u00e1 descargarlo en su \u00e1rea<\/span><\/span> de cliente en\u00a0<strong>Mis Avisos Certificados<\/strong>.<\/p>\n<p>&nbsp;<\/p>\n<p>La figura de\u00a0<strong>Avisos Certificados<\/strong>\u00a0como\u00a0<strong>Tercero de Confianza Europeo<\/strong>, le garantiza que sus <span style=\"color: #0062af;\">env\u00edos poseen plena validez legal. R\u00e1pido, econ\u00f3mico, ecol\u00f3gico y c\u00f3modo<\/span>, desde su ordenador, ahorrando tiempo y muchas horas de trabajo en despachos profesionales.<\/p>\n<p>&nbsp;<\/p>\n<p>Adem\u00e1s ofrecemos, con todos nuestros productos, el <span style=\"color: #0062af;\">servicio de <\/span><strong>Testimonio notarial <\/strong><span style=\"color: #0062af;\">bajo demanda<\/span>: un notario registrar\u00e1 en su protocolo el certificado electr\u00f3nico de Fax.[\/mk_fancy_title][mk_blockquote font_family=\u00bbnone\u00bb align=\u00bbleft\u00bb]Ahorre <strong>m\u00e1s de un 80%<\/strong> frente al Burofax cl\u00e1sico de Correos[\/mk_blockquote][mk_fancy_title tag_name=\u00bbh4&#8243; color=\u00bb#000000&#8243; font_style=\u00bbnormal\u00bb txt_transform=\u00bbnone\u00bb font_family=\u00bbnone\u00bb]\n<p class=\"mk-shortcode mk-fancy-title fancy-title-align-left simple-style \"><span style=\"color: #0062af;\"><a style=\"color: #0062af;\" href=\"https:\/\/www.fullcertificate.com\/es\/tarifas-precios-burofax-es\/\">CONOZCA NUESTRAS TARIFAS<\/a><\/span><\/p>\n<p><span style=\"color: #0062af;\"><a style=\"color: #0062af;\" href=\"http:\/\/www.avisoscertificados.com\/tarifas-precios-burofax\/\"><br \/>\n<\/a><a style=\"color: #0062af;\" href=\"http:\/\/www.avisoscertificados.com\/burofax-online-precios-correos-vs-avisos-certificados\/\">VER COMPARATIVA DE PRECIOS ENTRE CORREOS Y AVISOS CERTIFICADOS<\/a><\/span>[\/mk_fancy_title][\/vc_column_inner][\/vc_row_inner][mk_fancy_title color=\u00bb#000000&#8243; size=\u00bb30&#8243; font_weight=\u00bbnormal\u00bb font_style=\u00bbnormal\u00bb txt_transform=\u00bbuppercase\u00bb margin_top=\u00bb20&#8243; margin_bottom=\u00bb0&#8243; font_family=\u00bbnone\u00bb]\n<p id=\"fancy-title-5bf1f79e396a3\" class=\"mk-shortcode mk-fancy-title fancy-title-align-left simple-style \">PROCESO DE EJECUCI\u00d3N DE UN FAX CERTIFICADO<\/p>\n[\/mk_fancy_title][mk_divider style=\u00bbthin_solid\u00bb thickness=\u00bb4&#8243; margin_top=\u00bb0&#8243;][mk_fancy_title tag_name=\u00bbh1&#8243; color=\u00bb#0062af\u00bb size=\u00bb25&#8243; font_weight=\u00bbbold\u00bb font_style=\u00bbnormal\u00bb txt_transform=\u00bbuppercase\u00bb margin_top=\u00bb20&#8243; margin_bottom=\u00bb0&#8243; font_family=\u00bbnone\u00bb]Fax\u00a0Certificado[\/mk_fancy_title][mk_fancy_title color=\u00bb#9e0000&#8243; size=\u00bb20&#8243; font_weight=\u00bbnormal\u00bb font_style=\u00bbnormal\u00bb txt_transform=\u00bbnone\u00bb margin_bottom=\u00bb0&#8243; font_family=\u00bbnone\u00bb]\n<p id=\"fancy-title-574eeb5ea34db\" class=\"mk-shortcode mk-fancy-title fancy-title-align-left mk-animate-element top-to-bottom simple-style mk-in-viewport\">Burofax\u00a0Fax Certificado con plena validez legal en todos los env\u00edos.<\/p>\n[\/mk_fancy_title][vc_row_inner padding=\u00bb0&#8243;][vc_column_inner width=\u00bb1\/6&#8243;][mk_image src=\u00bbhttps:\/\/www.fullcertificate.com\/wp-content\/uploads\/2025\/06\/email_certificados-2.png\u00bb image_width=\u00bb82&#8243; image_height=\u00bb92&#8243; align=\u00bbcenter\u00bb margin_bottom=\u00bb0&#8243; crop=\u00bbfalse\u00bb][mk_image src=\u00bbhttps:\/\/www.fullcertificate.com\/wp-content\/uploads\/2025\/06\/captura-de-pantalla-2016-05-27-a-las-09.20.23-2.png\u00bb image_width=\u00bb53&#8243; image_height=\u00bb48&#8243; align=\u00bbcenter\u00bb margin_bottom=\u00bb0&#8243; crop=\u00bbfalse\u00bb][mk_fancy_title color=\u00bb#404040&#8243; size=\u00bb11&#8243; font_weight=\u00bbbold\u00bb font_style=\u00bbinhert\u00bb txt_transform=\u00bbnone\u00bb margin_bottom=\u00bb0&#8243; font_family=\u00bbnone\u00bb align=\u00bbcenter\u00bb]\n<p style=\"text-align: center;\">Realice su Fax subiendo el documento que quiere enviar<\/p>\n[\/mk_fancy_title][\/vc_column_inner][vc_column_inner width=\u00bb1\/6&#8243;][mk_image src=\u00bbhttps:\/\/www.fullcertificate.com\/wp-content\/uploads\/2025\/06\/recepcion-del-destinatario-3.png\u00bb image_width=\u00bb82&#8243; image_height=\u00bb92&#8243; align=\u00bbcenter\u00bb margin_bottom=\u00bb0&#8243; crop=\u00bbfalse\u00bb][mk_image src=\u00bbhttps:\/\/www.fullcertificate.com\/wp-content\/uploads\/2025\/06\/captura-de-pantalla-2016-05-27-a-las-09.20.23-2.png\u00bb image_width=\u00bb53&#8243; image_height=\u00bb48&#8243; align=\u00bbcenter\u00bb margin_bottom=\u00bb0&#8243; crop=\u00bbfalse\u00bb][mk_fancy_title color=\u00bb#404040&#8243; size=\u00bb11&#8243; font_weight=\u00bbbold\u00bb font_style=\u00bbinhert\u00bb txt_transform=\u00bbnone\u00bb margin_bottom=\u00bb0&#8243; font_family=\u00bbnone\u00bb align=\u00bbcenter\u00bb]\n<p style=\"text-align: center;\">El Fax llega a su destinatario<\/p>\n[\/mk_fancy_title][\/vc_column_inner][vc_column_inner width=\u00bb1\/6&#8243;][mk_image src=\u00bbhttps:\/\/www.fullcertificate.com\/wp-content\/uploads\/2025\/06\/sms_certificados_03-1.png\u00bb image_width=\u00bb82&#8243; image_height=\u00bb92&#8243; align=\u00bbcenter\u00bb margin_bottom=\u00bb0&#8243; crop=\u00bbfalse\u00bb][mk_image src=\u00bbhttps:\/\/www.fullcertificate.com\/wp-content\/uploads\/2025\/06\/captura-de-pantalla-2016-05-27-a-las-09.20.23-2.png\u00bb image_width=\u00bb53&#8243; image_height=\u00bb48&#8243; align=\u00bbcenter\u00bb margin_bottom=\u00bb0&#8243; crop=\u00bbfalse\u00bb][mk_fancy_title color=\u00bb#404040&#8243; size=\u00bb11&#8243; font_weight=\u00bbbold\u00bb font_style=\u00bbinhert\u00bb txt_transform=\u00bbnone\u00bb margin_bottom=\u00bb0&#8243; font_family=\u00bbnone\u00bb align=\u00bbcenter\u00bb]\n<p style=\"text-align: center;\">Certificado de recepci\u00f3n<\/p>\n[\/mk_fancy_title][\/vc_column_inner][vc_column_inner width=\u00bb1\/6&#8243;][\/vc_column_inner][vc_column_inner width=\u00bb1\/6&#8243;][\/vc_column_inner][vc_column_inner width=\u00bb1\/6&#8243;][\/vc_column_inner][\/vc_row_inner][mk_fancy_title tag_name=\u00bbh4&#8243; color=\u00bb#000000&#8243; font_weight=\u00bbnormal\u00bb font_style=\u00bbnormal\u00bb txt_transform=\u00bbnone\u00bb font_family=\u00bbnone\u00bb]En primer lugar es enviado el\u00a0Fax. Se generar\u00e1 un certificado por la recepci\u00f3n del mismo. Despu\u00e9s, se generar\u00e1 un certificado por la aceptaci\u00f3n del Fax, con validez legal, en caso de que esta aceptaci\u00f3n tenga lugar.[\/mk_fancy_title][\/vc_column][vc_column border_color=\u00bb#ffffff\u00bb width=\u00bb1\/4&#8243;][vc_row_inner padding=\u00bb0&#8243;][vc_column_inner][mk_image src=\u00bbhttps:\/\/www.fullcertificate.com\/wp-content\/uploads\/2025\/06\/sello-tercero-de-confianza-2.png\u00bb image_width=\u00bb180&#8243; align=\u00bbcenter\u00bb margin_bottom=\u00bb35&#8243; crop=\u00bbfalse\u00bb][\/vc_column_inner][\/vc_row_inner][vc_row_inner padding=\u00bb0&#8243;][vc_column_inner css=\u00bb.vc_custom_1494931521148{border-top-width: 1px !important;border-right-width: 1px !important;border-bottom-width: 1px !important;border-left-width: 1px !important;border-left-color: #e80000 !important;border-left-style: solid !important;border-right-color: #e80000 !important;border-right-style: solid !important;border-top-color: #e80000 !important;border-top-style: solid !important;border-bottom-color: #e80000 !important;border-bottom-style: solid !important;}\u00bb][mk_fancy_title color=\u00bb#000000&#8243; size=\u00bb20&#8243; font_weight=\u00bbbold\u00bb font_style=\u00bbnormal\u00bb txt_transform=\u00bbuppercase\u00bb margin_top=\u00bb20&#8243; margin_bottom=\u00bb0&#8243; font_family=\u00bbnone\u00bb align=\u00bbcenter\u00bb]\n<p style=\"text-align: center;\">REG\u00cdSTRESE GRATIS<\/p>\n[\/mk_fancy_title][mk_fancy_title color=\u00bb#000000&#8243; size=\u00bb16&#8243; font_weight=\u00bbnormal\u00bb font_style=\u00bbnormal\u00bb txt_transform=\u00bbnone\u00bb margin_bottom=\u00bb0&#8243; font_family=\u00bbnone\u00bb align=\u00bbcenter\u00bb]\n<p style=\"text-align: center;\">Pruebe nuestros Servicios Certificados con total validez legal.<\/p>\n<p>&nbsp;<\/p>\n<p style=\"text-align: center;\"><strong><span style=\"color: #0062b0;\">Sin cuotas, sin contratos.<\/span><br \/>\n<\/strong>Su saldo nunca caduca.<\/p>\n[\/mk_fancy_title][mk_button dimension=\u00bbflat\u00bb corner_style=\u00bbrounded\u00bb size=\u00bbmedium\u00bb url=\u00bbhttps:\/\/cloud.fullcertificate.com\/register\u00bb target=\u00bb_blank\u00bb align=\u00bbcenter\u00bb button_custom_width=\u00bb160&#8243; bg_color=\u00bb#e80000&#8243; btn_hover_bg=\u00bb#252525&#8243; btn_hover_txt_color=\u00bb#ffffff\u00bb]HAGA CLICK AQU\u00cd[\/mk_button][\/vc_column_inner][\/vc_row_inner][vc_row_inner padding=\u00bb0&#8243;][vc_column_inner][vc_empty_space][\/vc_column_inner][\/vc_row_inner][vc_row_inner padding=\u00bb0&#8243;][vc_column_inner][vc_empty_space height=\u00bb20px\u00bb][mk_icon_box2 icon_type=\u00bbimage\u00bb title_size=\u00bb0&#8243; title_top_padding=\u00bb0&#8243; title_bottom_padding=\u00bb0&#8243;]<a href=\"https:\/\/www.fullcertificate.com\/es\/contactenos\/\"><img loading=\"lazy\" class=\"wp-image-6433 size-medium aligncenter\" src=\"https:\/\/www.fullcertificate.com\/wp-content\/uploads\/2025\/06\/logo-smartmoney-1.png\" alt=\"\" width=\"180\" height=\"31\" \/><\/a><a href=\"https:\/\/www.fullcertificate.com\/es\/contactenos\/\"><img loading=\"lazy\" class=\"wp-image-6439 size-medium aligncenter\" src=\"https:\/\/www.fullcertificate.com\/wp-content\/uploads\/2025\/06\/grafico-smart-money-3-2.png\" alt=\"\" width=\"170\" height=\"300\" \/><\/a><\/p>\n<p style=\"text-align: center;\"><strong><span style=\"color: #0062b0;\"><a style=\"color: #0062b0;\" href=\"https:\/\/www.fullcertificate.com\/es\/contactenos\/\">SMART MONEY<\/a><br \/>\n<\/span><\/strong>Smart Contracts<br \/>\nSmart Payments<br \/>\n<span style=\"color: #000000; text-decoration: none;\">Smart Recovery<br \/>\nDashboard<br \/>\n<\/span><\/p>\n[\/mk_icon_box2][mk_icon_box2 icon_type=\u00bbimage\u00bb title_size=\u00bb0&#8243; title_top_padding=\u00bb0&#8243; title_bottom_padding=\u00bb0&#8243;]<a href=\"https:\/\/www.fullcertificate.com\/es\/contactenos\/\"><img loading=\"lazy\" class=\"wp-image-6433 size-medium aligncenter\" src=\"https:\/\/www.fullcertificate.com\/wp-content\/uploads\/2025\/06\/logo-smart-one2one-2-2.png\" alt=\"\" width=\"226\" height=\"31\" \/><\/a><a href=\"https:\/\/www.fullcertificate.com\/es\/contactenos\/\"><img loading=\"lazy\" class=\"wp-image-6439 size-medium aligncenter\" src=\"https:\/\/www.fullcertificate.com\/wp-content\/uploads\/2025\/06\/logo-smart-one2one-1.png\" alt=\"\" width=\"170\" height=\"300\" \/><\/a><\/p>\n<p style=\"text-align: center;\"><strong><span style=\"color: #0062b0;\"><a style=\"color: #0062b0;\" href=\"https:\/\/www.fullcertificate.com\/es\/contactenos\/\">SMART ONE2ONE<\/a><br \/>\n<\/span><\/strong>Notificaciones Personalizadas<br \/>\nAlto volumen de ejecuci\u00f3n<br \/>\n<span style=\"color: #000000; text-decoration: none;\">Certificaci\u00f3n Multicanal<br \/>\nAlta disponibilidad<\/span><\/p>\n[\/mk_icon_box2][\/vc_column_inner][\/vc_row_inner][vc_empty_space height=\u00bb20px\u00bb][vc_row_inner padding=\u00bb0&#8243;][vc_column_inner css=\u00bb.vc_custom_1540979094932{border-top-width: 1px !important;border-right-width: 1px !important;border-bottom-width: 1px !important;border-left-width: 1px !important;padding-top: 20px !important;padding-bottom: 20px !important;background-color: #ffffff !important;border-left-color: #1e73be !important;border-left-style: solid !important;border-right-color: #1e73be !important;border-right-style: solid !important;border-top-color: #1e73be !important;border-top-style: solid !important;border-bottom-color: #1e73be !important;border-bottom-style: solid !important;}\u00bb][mk_fancy_title color=\u00bb#000000&#8243; size=\u00bb20&#8243; font_weight=\u00bbbold\u00bb font_style=\u00bbnormal\u00bb txt_transform=\u00bbuppercase\u00bb margin_bottom=\u00bb0&#8243; font_family=\u00bbnone\u00bb align=\u00bbcenter\u00bb]\n<p style=\"text-align: center;\">Datos de contacto<\/p>\n[\/mk_fancy_title][mk_fancy_title color=\u00bb#1e73be\u00bb font_style=\u00bbnormal\u00bb txt_transform=\u00bbnone\u00bb margin_bottom=\u00bb18&#8243; font_family=\u00bbnone\u00bb align=\u00bbcenter\u00bb]\n<p style=\"text-align: center;\"><strong>Tel\u00e9fono:<\/strong> EU &#8211; ES: 0034 910 052 659<br \/>\nEU &#8211; IT: 0039 0687165152<br \/>\nLATAM: 0052 55 4162 9666<\/p>\n<p style=\"text-align: center;\"><strong>Direcci\u00f3n:<\/strong> C\/ Boix y Morer 6, planta 9. 28003 Madrid, Espa\u00f1a<\/p>\n[\/mk_fancy_title][mk_button dimension=\u00bbflat\u00bb corner_style=\u00bbrounded\u00bb size=\u00bbmedium\u00bb url=\u00bbhttps:\/\/www.fullcertificate.com\/es\/contactenos\/\u00bb align=\u00bbcenter\u00bb button_custom_width=\u00bb160&#8243; bg_color=\u00bb#0062b0&#8243; btn_hover_bg=\u00bb#252525&#8243;]CONT\u00c1CTENOS[\/mk_button][\/vc_column_inner][\/vc_row_inner][\/vc_column][\/mk_page_section][mk_page_section full_width=\u00bbtrue\u00bb padding_bottom=\u00bb0&#8243; first_page=\u00bbfalse\u00bb last_page=\u00bbfalse\u00bb sidebar=\u00bbsidebar-1&#8243;][vc_column][mk_divider style=\u00bbthin_solid\u00bb thickness=\u00bb4&#8243; margin_top=\u00bb10&#8243; margin_bottom=\u00bb40&#8243;][mk_fancy_title tag_name=\u00bbh4&#8243; color=\u00bb#393836&#8243; size=\u00bb30&#8243; font_weight=\u00bbnormal\u00bb font_style=\u00bbnormal\u00bb txt_transform=\u00bbuppercase\u00bb margin_bottom=\u00bb18&#8243; font_family=\u00bbnone\u00bb align=\u00bbcenter\u00bb]\n<p style=\"text-align: center;\">CON LA GARANT\u00cdA DE<\/p>\n[\/mk_fancy_title][mk_image src=\u00bbhttps:\/\/fullcertificate.com\/wp-content\/uploads\/2023\/03\/footer-nuevo-we-vote-esp.jpg\u00bb link=\u00bbhttp:\/\/fullcertificate.com\/\u00bb target=\u00bb_blank\u00bb align=\u00bbcenter\u00bb margin_bottom=\u00bb0&#8243; el_class=\u00bbimagen-footer-centro\u00bb crop=\u00bbfalse\u00bb][\/vc_column][\/mk_page_section]\n","protected":false},"excerpt":{"rendered":"<p>[mk_page_section bg_image=\u00bbhttps:\/\/www.fullcertificate.com\/wp-content\/uploads\/2025\/06\/fax-certificado-2.jpg\u00bb bg_position=\u00bbcenter top\u00bb bg_repeat=\u00bbno-repeat\u00bb bg_stretch=\u00bbtrue\u00bb min_height=\u00bb350&#8243; padding_top=\u00bb20&#8243; padding_bottom=\u00bb0&#8243; first_page=\u00bbtrue\u00bb last_page=\u00bbtrue\u00bb sidebar=\u00bbsidebar-1&#8243;][vc_column][mk_fancy_title color=\u00bb#000000&#8243; size=\u00bb40&#8243; font_weight=\u00bbnormal\u00bb font_style=\u00bbnormal\u00bb txt_transform=\u00bbnone\u00bb margin_top=\u00bb60&#8243; margin_bottom=\u00bb0&#8243; font_family=\u00bbnone\u00bb]Faxes Certificados[\/mk_fancy_title][mk_fancy_title color=\u00bb#000000&#8243; size=\u00bb25&#8243; font_weight=\u00bb300&#8243; font_style=\u00bbnormal\u00bb txt_transform=\u00bbnone\u00bb margin_bottom=\u00bb0&#8243; font_family=\u00bbnone\u00bb]Faxes con validez legal y certificaci\u00f3n de contenido[\/mk_fancy_title][mk_button dimension=\u00bbflat\u00bb size=\u00bbmedium\u00bb url=\u00bbhttps:\/\/cloud.fullcertificate.com\/register\u00bb target=\u00bb_blank\u00bb button_custom_width=\u00bb250&#8243; bg_color=\u00bb#0062b0&#8243; btn_hover_bg=\u00bb#252525&#8243;]REGISTRO GRATIS[\/mk_button][\/vc_column][\/mk_page_section][mk_page_section padding_top=\u00bb50&#8243; padding_bottom=\u00bb50&#8243; first_page=\u00bbfalse\u00bb last_page=\u00bbfalse\u00bb sidebar=\u00bbsidebar-1&#8243;][vc_column width=\u00bb3\/4&#8243;][mk_fancy_title color=\u00bb#0062af\u00bb size=\u00bb30&#8243; font_weight=\u00bbnormal\u00bb font_style=\u00bbnormal\u00bb txt_transform=\u00bbnone\u00bb margin_bottom=\u00bb0&#8243; [&hellip;]<\/p>\n","protected":false},"author":2,"featured_media":0,"parent":0,"menu_order":0,"comment_status":"closed","ping_status":"closed","template":"","meta":{"_bbp_topic_count":0,"_bbp_reply_count":0,"_bbp_total_topic_count":0,"_bbp_total_reply_count":0,"_bbp_voice_count":0,"_bbp_anonymous_reply_count":0,"_bbp_topic_count_hidden":0,"_bbp_reply_count_hidden":0,"_bbp_forum_subforum_count":0},"_links":{"self":[{"href":"https:\/\/www.fullcertificate.com\/es\/wp-json\/wp\/v2\/pages\/29141"}],"collection":[{"href":"https:\/\/www.fullcertificate.com\/es\/wp-json\/wp\/v2\/pages"}],"about":[{"href":"https:\/\/www.fullcertificate.com\/es\/wp-json\/wp\/v2\/types\/page"}],"author":[{"embeddable":true,"href":"https:\/\/www.fullcertificate.com\/es\/wp-json\/wp\/v2\/users\/2"}],"replies":[{"embeddable":true,"href":"https:\/\/www.fullcertificate.com\/es\/wp-json\/wp\/v2\/comments?post=29141"}],"version-history":[{"count":8,"href":"https:\/\/www.fullcertificate.com\/es\/wp-json\/wp\/v2\/pages\/29141\/revisions"}],"predecessor-version":[{"id":30978,"href":"https:\/\/www.fullcertificate.com\/es\/wp-json\/wp\/v2\/pages\/29141\/revisions\/30978"}],"wp:attachment":[{"href":"https:\/\/www.fullcertificate.com\/es\/wp-json\/wp\/v2\/media?parent=29141"}],"curies":[{"name":"wp","href":"https:\/\/api.w.org\/{rel}","templated":true}]}}