{"id":14639,"date":"2019-02-12T15:38:28","date_gmt":"2019-02-12T15:38:28","guid":{"rendered":"https:\/\/fullcertificate.com\/?page_id=14639"},"modified":"2022-04-12T11:35:52","modified_gmt":"2022-04-12T11:35:52","slug":"smart-recovery-certifie","status":"publish","type":"page","link":"https:\/\/www.fullcertificate.com\/fr\/smart-recovery-certifie\/","title":{"rendered":"Certified Online Recovery"},"content":{"rendered":"[mk_page_section bg_image=&#8221;https:\/\/fullcertificate.com\/wp-content\/uploads\/2018\/11\/banner-smart-recovery-2-1.jpg&#8221; bg_position=&#8221;center top&#8221; bg_repeat=&#8221;no-repeat&#8221; bg_stretch=&#8221;true&#8221; min_height=&#8221;350&#8243; padding_top=&#8221;20&#8243; padding_bottom=&#8221;0&#8243; first_page=&#8221;true&#8221; last_page=&#8221;true&#8221; sidebar=&#8221;sidebar-1&#8243;][vc_column][mk_fancy_title tag_name=&#8221;h1&#8243; color=&#8221;#ffffff&#8221; size=&#8221;40&#8243; font_weight=&#8221;normal&#8221; font_style=&#8221;normal&#8221; txt_transform=&#8221;none&#8221; margin_top=&#8221;60&#8243; margin_bottom=&#8221;0&#8243; font_family=&#8221;none&#8221;]Smart Recovery &#8211;\u00a0R\u00e9cup\u00e9ration intelligente[\/mk_fancy_title][mk_fancy_title tag_name=&#8221;h1&#8243; color=&#8221;#ffffff&#8221; size=&#8221;25&#8243; font_weight=&#8221;300&#8243; font_style=&#8221;normal&#8221; txt_transform=&#8221;none&#8221; margin_bottom=&#8221;0&#8243; font_family=&#8221;none&#8221;]Automatisation du cycle de reprise certifi\u00e9[\/mk_fancy_title][mk_button dimension=&#8221;flat&#8221; size=&#8221;medium&#8221; url=&#8221;https:\/\/fullcertificate.com\/fr\/contactez-nous\/&#8221; button_custom_width=&#8221;250&#8243; bg_color=&#8221;#f2b42a&#8221; btn_hover_bg=&#8221;#dd821f&#8221;]CONTACTER MAINTENANT[\/mk_button][\/vc_column][\/mk_page_section][mk_page_section padding_top=&#8221;50&#8243; padding_bottom=&#8221;50&#8243; first_page=&#8221;false&#8221; last_page=&#8221;false&#8221; sidebar=&#8221;sidebar-1&#8243;][vc_column width=&#8221;3\/4&#8243;][mk_fancy_title tag_name=&#8221;h1&#8243; color=&#8221;#0062af&#8221; size=&#8221;30&#8243; font_weight=&#8221;normal&#8221; font_style=&#8221;normal&#8221; txt_transform=&#8221;none&#8221; margin_bottom=&#8221;0&#8243; font_family=&#8221;none&#8221;]Smart Recovery &#8211; R\u00e9cup\u00e9ration intelligente[\/mk_fancy_title][mk_divider style=&#8221;thin_solid&#8221; thickness=&#8221;4&#8243; margin_top=&#8221;0&#8243;][mk_fancy_title color=&#8221;#000000&#8243; size=&#8221;17&#8243; font_weight=&#8221;bold&#8221; font_style=&#8221;normal&#8221; txt_transform=&#8221;uppercase&#8221; margin_bottom=&#8221;30&#8243; font_family=&#8221;none&#8221;]SERVICES DE RECOUVREMENT EN LIGNE AUTOMATIS\u00c9S ET CERTIFI\u00c9S AVEC ENREGISTREMENT PRE-JUDICIAIRE \u00c0 VALEUR JURIDIQUE[\/mk_fancy_title][vc_empty_space height=&#8221;0px&#8221;][vc_row_inner padding=&#8221;0&#8243;][vc_column_inner width=&#8221;1\/3&#8243;][mk_image src=&#8221;https:\/\/fullcertificate.com\/wp-content\/uploads\/2018\/11\/logo-smartrecovery-1-e1541889017293-1.png&#8221; image_width=&#8221;240&#8243; align=&#8221;center&#8221; margin_bottom=&#8221;-35&#8243; crop=&#8221;false&#8221;][mk_icon_box2 icon_type=&#8221;image&#8221; icon_size=&#8221;inherit&#8221; title_size=&#8221;0&#8243; title_top_padding=&#8221;0&#8243; title_bottom_padding=&#8221;30&#8243;]<img class=\"wp-image-6483 aligncenter\" src=\"https:\/\/fullcertificate.com\/wp-content\/uploads\/2018\/10\/grafico-smart-recovery-1.png\" alt=\"\" width=\"216\" \/><\/p>\n<p style=\"text-align: center;\"><a href=\"https:\/\/www.avisoscertificados.com\/contactenos\/\"><strong><span style=\"color: #0062b0;\">SMART RECOVERY<\/span><\/strong><br \/>\n<\/a><span style=\"color: #000000;\">R\u00e9cup\u00e9ration intelligente<br \/>\nAutomatisation des cycles<br \/>\nAccord de paiement \u00e9lectronique<br \/>\nCollections report\u00e9es par tranches<br \/>\nDossier complet et certifi\u00e9<br \/>\nPaiements sur compte<\/span><\/p>\n[\/mk_icon_box2][mk_image src=&#8221;https:\/\/fullcertificate.com\/wp-content\/uploads\/2018\/11\/SELLO-CERTIFICADO-1.png&#8221; image_width=&#8221;660&#8243; image_height=&#8221;405&#8243; align=&#8221;center&#8221; crop=&#8221;false&#8221;][\/vc_column_inner][vc_column_inner width=&#8221;2\/3&#8243;][mk_fancy_title tag_name=&#8221;h4&#8243; color=&#8221;#000000&#8243; font_weight=&#8221;normal&#8221; font_style=&#8221;normal&#8221; txt_transform=&#8221;none&#8221; margin_bottom=&#8221;10&#8243; font_family=&#8221;none&#8221;]<strong>Smart Recovery<\/strong> sont des<span style=\"color: #0062af;\"> services \u00e9lectroniques \u00e0 forte <\/span>valeur ajout\u00e9e qui permettent le lancement de cycles de <strong>r\u00e9cup\u00e9ration en ligne<\/strong>, 100% personnalis\u00e9s en fonction des besoins de chaque client.<\/p>\n<p>&nbsp;<\/p>\n<p>En plus de ses <span style=\"color: #0062af;\">capacit\u00e9s de facturation multicanaux<\/span> dans les 30 \u00e0 60 jours suivant le d\u00e9faut, cette communication constitue une valeur suppl\u00e9mentaire,<span style=\"color: #0062af;\"> car les communications sont certifi\u00e9es<\/span> par le biais de <strong>notifications de dette, ce qui g\u00e9n\u00e8re<\/strong> des preuves en l&#8217;esp\u00e8ce. d&#8217;un processus de r\u00e9clamation de quantit\u00e9 possible.<\/p>\n<p>&nbsp;<\/p>\n<p><span style=\"color: #0062af;\">Toutes les actions du d\u00e9faillant sont enregistr\u00e9es<\/span> au moyen d&#8217;une certification \u00e9lectronique par le tierce de confiance europ\u00e9enne de <strong>Smart Recovery &amp; Full Certificate<\/strong>,<span style=\"color: #0062af;\"> g\u00e9n\u00e9rant ainsi un fichier certifi\u00e9 de l&#8217;ensemble du processus ayant<\/span> une <strong>validit\u00e9 juridique.<\/strong><\/p>\n<p>&nbsp;<\/p>\n<h5><span style=\"color: #0062af;\">Il existe deux types de services:<\/span><\/h5>\n<p>&nbsp;<\/p>\n<p><strong>Services de r\u00e9cup\u00e9ration WS Automatisation:<\/strong> <span style=\"color: #0062af;\">Pour les clients avec le plus grand nombre d&#8217;enregistrements de r\u00e9cup\u00e9ration<\/span>. Mise en \u0153uvre par analyse des besoins, programmation informatique et int\u00e9gration de services Web &#8211; WS API REST -.<\/p>\n<p>&nbsp;<\/p>\n<p><strong>Services de R\u00e9cup\u00e9ration dans le Cloud<\/strong> pour entreprises, associations et institutions: <span style=\"color: #0062af;\">Activation dans le cloud et automatisation des enregistrements de r\u00e9cup\u00e9ration<\/span> via nos services en ligne.[\/mk_fancy_title][mk_image src=&#8221;https:\/\/fullcertificate.com\/wp-content\/uploads\/2019\/07\/fr-grap-2-Smart-money-entreprise-full-certificate-2.jpg&#8221; image_width=&#8221;1000&#8243; align=&#8221;center&#8221; margin_bottom=&#8221;30&#8243; el_class=&#8221;imagen-medio&#8221; crop=&#8221;false&#8221;][mk_fancy_title tag_name=&#8221;h4&#8243; color=&#8221;#000000&#8243; font_weight=&#8221;normal&#8221; font_style=&#8221;normal&#8221; txt_transform=&#8221;none&#8221; font_family=&#8221;none&#8221;]<strong>Smart Recovery<\/strong> apporte de grands avantages aux entreprises, associations, institutions, pr\u00e9fectures, etc. \u00c9tant donn\u00e9 que cela contribue \u00e0 des gains de temps importants, <span style=\"color: #0062af;\">au succ\u00e8s des processus et \u00e0 des co\u00fbts de r\u00e9cup\u00e9ration faibles<\/span>. Sans aucun doute, il est id\u00e9al dans les <span style=\"color: #0062af;\">processus massifs avec des centaines ou des millions d\u2019enregistrements.<\/span><\/p>\n<p>&nbsp;<\/p>\n<p>Mais <strong>le plus important<\/strong> est que cela vous permette de <strong>personnaliser<\/strong> <span style=\"color: #0062af;\">tout le cycle de r\u00e9cup\u00e9ration<\/span>. A partir du format des <span style=\"color: #0062af;\">notifications<\/span>, les canaux de communication: &#8220;<span style=\"color: #0062af;\">Certificats e-mail, Certificats SMS, Certificats de fax, Appels certifi\u00e9s,<\/span> etc.&#8221; jusqu&#8217;\u00e0 la m\u00e9thode de collecte \u00e9lectronique.<\/p>\n<p>&nbsp;<\/p>\n<p>En outre, il permet \u00e9galement une gestion compl\u00e8te et extensive du cycle de r\u00e9cup\u00e9ration, <span style=\"color: #0062af;\">semi-automatique ou manuelle<\/span>. Votre \u00e9quipe peut effectuer des actions telles que: <span style=\"color: #0062af;\">arr\u00eater un cycle<\/span>, cr\u00e9er un<span style=\"color: #0062af;\"> accord direct avec le d\u00e9biteur, effectuer des paiements sur compte, des appels certifi\u00e9s, recalculer les int\u00e9r\u00eats et les commissions,<\/span> etc.[\/mk_fancy_title][mk_image src=&#8221;https:\/\/fullcertificate.com\/wp-content\/uploads\/2019\/07\/fr-grap-1-smartm-full-certificate.jpg&#8221; image_width=&#8221;1000&#8243; align=&#8221;center&#8221; margin_bottom=&#8221;30&#8243; el_class=&#8221;imagen-medio&#8221; crop=&#8221;false&#8221;][mk_image src=&#8221;https:\/\/fullcertificate.com\/wp-content\/uploads\/2019\/07\/grap-1-smartrec-full-certificate-2.jpg&#8221; image_width=&#8221;450&#8243; image_height=&#8221;405&#8243; align=&#8221;center&#8221; margin_bottom=&#8221;30&#8243; el_class=&#8221;imagen-medio&#8221; crop=&#8221;false&#8221;][mk_fancy_title tag_name=&#8221;h4&#8243; color=&#8221;#000000&#8243; font_weight=&#8221;normal&#8221; font_style=&#8221;normal&#8221; txt_transform=&#8221;none&#8221; font_family=&#8221;none&#8221;]\n<h3><span style=\"color: #0062af;\"><span style=\"color: #000000;\">LE PROCESSUS<\/span><\/span><\/h3>\n<h3><span style=\"color: #0062af;\">Syst\u00e8me de r\u00e9cup\u00e9ration \u00e9lectronique certifi\u00e9\u00a0\u00a0<\/span><\/h3>\n<p>&nbsp;<\/p>\n<ol>\n<li>Activation de <span style=\"color: #0062af;\">variables intelligentes<\/span> et de cycles de processus<\/li>\n<li>R\u00e9ception des <span style=\"color: #0062af;\">donn\u00e9es et des documents<\/span><\/li>\n<li>D\u00e9but du cycle de recouvrement avec communications \u00e9lectroniques certifi\u00e9es au d\u00e9biteur<\/li>\n<li>Signature \u00e9lectronique de <span style=\"color: #0062af;\">l&#8217;accord de paiement certifi\u00e9<\/span> avec possibilit\u00e9 de comptabilisation en fractions de paiement au fil du temps.<\/li>\n<li><span style=\"color: #0062af;\">Recouvrement de la dette<\/span> avec possibilit\u00e9 <span style=\"color: #0062af;\">d&#8217;acompte<\/span>, en fonction des n\u00e9gociations avec le d\u00e9biteur<\/li>\n<li><span style=\"color: #0062af;\">Dossier pr\u00e9liminaire certifi\u00e9<\/span> ayant une validit\u00e9 juridique compl\u00e8te.<\/li>\n<\/ol>\n[\/mk_fancy_title][mk_fancy_title tag_name=&#8221;h4&#8243; color=&#8221;#000000&#8243; font_weight=&#8221;normal&#8221; font_style=&#8221;normal&#8221; txt_transform=&#8221;none&#8221; font_family=&#8221;none&#8221;]<strong>Smart Recovery<\/strong> &amp; <strong>Smart Money<\/strong> sont des services de\u00a0<strong>Full Certificate<\/strong>, <strong><span style=\"color: #0062af;\">Tiers de la Confiance Europ\u00e9enne<\/span><\/strong>, <span style=\"color: #0062af;\">garantissent la validit\u00e9 juridique<\/span> de vos communications et accords.<\/p>\n<p>&nbsp;<\/p>\n<p>Nous <span style=\"color: #0062af;\">d\u00e9veloppons des services \u00e9lectroniques<\/span> avanc\u00e9s qui offrent de <strong>grands avantages<\/strong> aux organisations et \u00e0 leurs clients.<\/p>\n<p>&nbsp;<\/p>\n<p>Si vous souhaitez <strong>nous contacter<\/strong>, un consultant sp\u00e9cialis\u00e9 vous assistera personnellement. S&#8217;il vous pla\u00eet <strong><span style=\"color: #0062af;\"><a style=\"color: #0062af;\" href=\"https:\/\/fullcertificate.com\/fr\/contactez-nous\/\">cliquez ici<\/a><\/span><\/strong>[\/mk_fancy_title][mk_image src=&#8221;https:\/\/fullcertificate.com\/wp-content\/uploads\/2019\/07\/fr-Nous-sommes-des-tierce-de-confiance-full-certificate.jpg&#8221; image_width=&#8221;584&#8243; align=&#8221;center&#8221; margin_bottom=&#8221;30&#8243; el_class=&#8221;imagen-medio&#8221; crop=&#8221;false&#8221;][mk_blockquote font_family=&#8221;none&#8221; align=&#8221;left&#8221;]&#8221;<strong>Connaissez nos solutions<\/strong>, contactez-nous et nous vous proposerons la meilleure solution pour vos besoins.&#8221;[\/mk_blockquote][vc_column_text][\/vc_column_text][vc_column_text][\/vc_column_text][\/vc_column_inner][\/vc_row_inner][mk_fancy_title color=&#8221;#0062af&#8221; size=&#8221;25&#8243; font_weight=&#8221;normal&#8221; font_style=&#8221;normal&#8221; txt_transform=&#8221;none&#8221; margin_top=&#8221;50&#8243; margin_bottom=&#8221;5&#8243; font_family=&#8221;none&#8221;]Le service comprend les points cl\u00e9s suivants:[\/mk_fancy_title][mk_divider style=&#8221;thin_solid&#8221; thickness=&#8221;4&#8243; margin_top=&#8221;0&#8243; margin_bottom=&#8221;30&#8243;][vc_row_inner padding=&#8221;0&#8243;][vc_column_inner width=&#8221;1\/3&#8243;][mk_fancy_title tag_name=&#8221;h4&#8243; color=&#8221;#000000&#8243; font_weight=&#8221;normal&#8221; font_style=&#8221;normal&#8221; txt_transform=&#8221;none&#8221; margin_bottom=&#8221;0&#8243; font_family=&#8221;none&#8221;]<strong><span style=\"color: #0062af;\">AUTOMATISATION<\/span><\/strong> programmatique du processus de r\u00e9cup\u00e9ration.[\/mk_fancy_title][\/vc_column_inner][vc_column_inner width=&#8221;2\/3&#8243;][vc_text_separator title=&#8221;AUTOMATISATION&#8221; title_align=&#8221;separator_align_left&#8221; style=&#8221;double&#8221; el_width=&#8221;80&#8243;][mk_image src=&#8221;https:\/\/fullcertificate.com\/wp-content\/uploads\/2016\/09\/settings-gears-1.png&#8221; image_width=&#8221;64&#8243; image_height=&#8221;64&#8243; align=&#8221;center&#8221; crop=&#8221;false&#8221;][\/vc_column_inner][vc_column_inner][\/vc_column_inner][\/vc_row_inner][vc_empty_space height=&#8221;20px&#8221;][vc_row_inner padding=&#8221;0&#8243;][vc_column_inner width=&#8221;1\/3&#8243;][mk_fancy_title tag_name=&#8221;h4&#8243; color=&#8221;#000000&#8243; font_weight=&#8221;normal&#8221; font_style=&#8221;normal&#8221; txt_transform=&#8221;none&#8221; margin_bottom=&#8221;0&#8243; font_family=&#8221;none&#8221;]Certification d&#8217;un <strong>SEUL ENREGISTREMENT PR\u00c9JUDICIABLE<\/strong>\u00a0de toutes les actions du d\u00e9biteur avec une <span style=\"color: #0062af;\">validit\u00e9 l\u00e9gale compl\u00e8te<\/span>.[\/mk_fancy_title][\/vc_column_inner][vc_column_inner width=&#8221;2\/3&#8243;][vc_text_separator title=&#8221;RECORD UNIQUE&#8221; title_align=&#8221;separator_align_left&#8221; style=&#8221;double&#8221; el_width=&#8221;80&#8243;][mk_image src=&#8221;https:\/\/fullcertificate.com\/wp-content\/uploads\/2016\/09\/folder-1.png&#8221; image_width=&#8221;64&#8243; image_height=&#8221;64&#8243; align=&#8221;center&#8221; crop=&#8221;false&#8221;][\/vc_column_inner][\/vc_row_inner][vc_empty_space height=&#8221;20px&#8221;][vc_row_inner padding=&#8221;0&#8243;][vc_column_inner width=&#8221;1\/3&#8243;][mk_fancy_title tag_name=&#8221;h4&#8243; color=&#8221;#000000&#8243; font_weight=&#8221;normal&#8221; font_style=&#8221;normal&#8221; txt_transform=&#8221;none&#8221; margin_bottom=&#8221;0&#8243; font_family=&#8221;none&#8221;]<span style=\"color: #0062af;\"><strong>COMMUNICATION CERTIFI\u00c9E MULTI-CANAL<\/strong><\/span><strong>\u00a0<\/strong>qui permet de <span style=\"color: #0062af;\">g\u00e9rer des millions d\u2019enregistrements<\/span>.[\/mk_fancy_title][\/vc_column_inner][vc_column_inner width=&#8221;2\/3&#8243;][vc_text_separator title=&#8221;COMMUNICATION MULTICANAL CERTIFI\u00c9E&#8221; title_align=&#8221;separator_align_left&#8221; style=&#8221;double&#8221; el_width=&#8221;80&#8243;][mk_image src=&#8221;https:\/\/fullcertificate.com\/wp-content\/uploads\/2016\/09\/comunicacion-1.png&#8221; image_width=&#8221;368&#8243; image_height=&#8221;64&#8243; align=&#8221;center&#8221; crop=&#8221;false&#8221;][\/vc_column_inner][\/vc_row_inner][vc_empty_space height=&#8221;20px&#8221;][vc_row_inner padding=&#8221;0&#8243;][vc_column_inner width=&#8221;1\/3&#8243;][mk_fancy_title tag_name=&#8221;h4&#8243; color=&#8221;#000000&#8243; font_weight=&#8221;normal&#8221; font_style=&#8221;normal&#8221; txt_transform=&#8221;none&#8221; margin_bottom=&#8221;0&#8243; font_family=&#8221;none&#8221;]<strong>RECOUVREMENT DE LA DETTE<\/strong> au moyen d&#8217;un accord Certificat de recouvrement en ligne <span style=\"color: #1e73be;\">par carte de cr\u00e9dit, SEPA et virement bancaire.<\/span>[\/mk_fancy_title][\/vc_column_inner][vc_column_inner width=&#8221;2\/3&#8243;][vc_text_separator title=&#8221;COLLECTION DE DETTE&#8221; title_align=&#8221;separator_align_left&#8221; style=&#8221;double&#8221; el_width=&#8221;80&#8243;][mk_image src=&#8221;https:\/\/fullcertificate.com\/wp-content\/uploads\/2016\/09\/banco-1.png&#8221; image_width=&#8221;368&#8243; image_height=&#8221;64&#8243; align=&#8221;center&#8221; crop=&#8221;false&#8221;][\/vc_column_inner][\/vc_row_inner][vc_empty_space height=&#8221;20px&#8221;][vc_row_inner padding=&#8221;0&#8243;][vc_column_inner width=&#8221;1\/3&#8243;][mk_fancy_title tag_name=&#8221;h4&#8243; color=&#8221;#000000&#8243; font_weight=&#8221;normal&#8221; font_style=&#8221;normal&#8221; txt_transform=&#8221;none&#8221; font_family=&#8221;none&#8221;]Activation des <strong>SYST\u00c8MES PREDICTIFS DE NOTATION\u00a0<\/strong>associ\u00e9e au <span style=\"color: #005bb9;\">succ\u00e8s de la collection<\/span>. Service optionnel.[\/mk_fancy_title][\/vc_column_inner][vc_column_inner width=&#8221;2\/3&#8243;][vc_text_separator title=&#8221;NOTATION DES SYST\u00c8MES PR\u00c9DICTIFS&#8221; title_align=&#8221;separator_align_left&#8221; style=&#8221;double&#8221; el_width=&#8221;80&#8243;][mk_image src=&#8221;https:\/\/fullcertificate.com\/wp-content\/uploads\/2016\/09\/codigos1-1.png&#8221; image_width=&#8221;368&#8243; image_height=&#8221;64&#8243; align=&#8221;center&#8221; margin_bottom=&#8221;30&#8243; crop=&#8221;false&#8221;][\/vc_column_inner][\/vc_row_inner][mk_fancy_title tag_name=&#8221;h4&#8243; color=&#8221;#000000&#8243; size=&#8221;16&#8243; font_weight=&#8221;normal&#8221; font_style=&#8221;normal&#8221; txt_transform=&#8221;none&#8221; margin_bottom=&#8221;0&#8243; font_family=&#8221;none&#8221;]Si vous souhaitez plus d&#8217;informations, <span style=\"color: #0062af;\"><strong><a style=\"color: #0062af;\" href=\"https:\/\/fullcertificate.com\/fr\/contactez-nous\/\">contactez-nous<\/a><\/strong><\/span> et un consultant vous assistera personnellement.[\/mk_fancy_title][mk_divider style=&#8221;thin_solid&#8221; thickness=&#8221;4&#8243; margin_top=&#8221;0&#8243;][\/vc_column][vc_column border_color=&#8221;#ffffff&#8221; width=&#8221;1\/4&#8243;][mk_image src=&#8221;https:\/\/fullcertificate.com\/wp-content\/uploads\/2018\/12\/european-trusted-third-party-full-certificate.png&#8221; image_width=&#8221;180&#8243; align=&#8221;center&#8221; margin_bottom=&#8221;35&#8243; crop=&#8221;false&#8221;][vc_empty_space height=&#8221;20px&#8221;][mk_icon_box2 icon_type=&#8221;image&#8221; title_size=&#8221;0&#8243; title_top_padding=&#8221;0&#8243; title_bottom_padding=&#8221;0&#8243;]<a href=\"https:\/\/fullcertificate.com\/fr\/cloud-inhouse-automation\/\"><img loading=\"lazy\" class=\"wp-image-6433 size-medium aligncenter\" src=\"https:\/\/fullcertificate.com\/wp-content\/uploads\/2018\/10\/logo-smart-automation-2-1.png\" alt=\"\" width=\"265\" height=\"31\" \/><\/a><a href=\"https:\/\/fullcertificate.com\/fr\/cloud-inhouse-automation\/\"><img loading=\"lazy\" class=\"wp-image-6439 size-medium aligncenter\" src=\"https:\/\/fullcertificate.com\/wp-content\/uploads\/2018\/10\/grafico-smart-automation-1.png\" alt=\"\" width=\"170\" height=\"300\" \/><\/a><\/p>\n<p style=\"text-align: center;\"><strong><span style=\"color: #0062b0;\"><a style=\"color: #0062b0;\" href=\"https:\/\/fullcertificate.com\/fr\/cloud-inhouse-automation\/\">SMART AUTOMATION<\/a><br \/>\n<\/span><\/strong><span style=\"color: #000000; text-decoration: none;\">WS API-REST<br \/>\nD\u00e9veloppement informatique<br \/>\nAuthentification avanc\u00e9e<br \/>\nPortails et formulaires intelligents<br \/>\n<\/span><\/p>\n[\/mk_icon_box2][vc_empty_space height=&#8221;20px&#8221;][vc_row_inner padding=&#8221;0&#8243; el_class=&#8221;ocultar&#8221;][vc_column_inner css=&#8221;.vc_custom_1540979094932{border-top-width: 1px !important;border-right-width: 1px !important;border-bottom-width: 1px !important;border-left-width: 1px !important;padding-top: 20px !important;padding-bottom: 20px !important;background-color: #ffffff !important;border-left-color: #1e73be !important;border-left-style: solid !important;border-right-color: #1e73be !important;border-right-style: solid !important;border-top-color: #1e73be !important;border-top-style: solid !important;border-bottom-color: #1e73be !important;border-bottom-style: solid !important;}&#8221;][mk_fancy_title color=&#8221;#000000&#8243; size=&#8221;20&#8243; font_weight=&#8221;bold&#8221; font_style=&#8221;normal&#8221; txt_transform=&#8221;uppercase&#8221; margin_bottom=&#8221;0&#8243; font_family=&#8221;none&#8221; align=&#8221;center&#8221;]\n<p style=\"text-align: center;\">DONN\u00c9ES DE CONTACT<\/p>\n[\/mk_fancy_title][mk_fancy_title color=&#8221;#1e73be&#8221; font_style=&#8221;normal&#8221; txt_transform=&#8221;none&#8221; margin_bottom=&#8221;0&#8243; font_family=&#8221;none&#8221; align=&#8221;center&#8221;]\n<p style=\"text-align: center;\"><strong>T\u00e9l\u00e9phone:<\/strong> EU &#8211; ES: 0034 910 052 659<br \/>\nEU &#8211; IT: 0039 0687165152<br \/>\nLATAM: 0052 55 4162 9666<\/p>\n<p style=\"text-align: center;\"><strong>Addresse:\u00a0<\/strong>Rue Boix y Morer #6, Grenier.<br \/>\n28003 Madrid, Espagne<\/p>\n[\/mk_fancy_title][mk_button dimension=&#8221;flat&#8221; corner_style=&#8221;rounded&#8221; size=&#8221;medium&#8221; url=&#8221;https:\/\/fullcertificate.com\/fr\/contactez-nous\/&#8221; align=&#8221;center&#8221; button_custom_width=&#8221;160&#8243; bg_color=&#8221;#0062b0&#8243; btn_hover_bg=&#8221;#252525&#8243;]CONTACTEZ NOUS[\/mk_button][\/vc_column_inner][\/vc_row_inner][\/vc_column][\/mk_page_section][mk_page_section full_width=&#8221;true&#8221; first_page=&#8221;false&#8221; last_page=&#8221;false&#8221; sidebar=&#8221;sidebar-1&#8243;][vc_column][mk_divider style=&#8221;thin_solid&#8221; thickness=&#8221;4&#8243; margin_top=&#8221;10&#8243; margin_bottom=&#8221;40&#8243;][vc_row_inner padding=&#8221;0&#8243;][vc_column_inner width=&#8221;1\/4&#8243;][\/vc_column_inner][vc_column_inner width=&#8221;1\/2&#8243;][mk_fancy_title tag_name=&#8221;h4&#8243; color=&#8221;#393836&#8243; size=&#8221;30&#8243; font_weight=&#8221;normal&#8221; font_style=&#8221;normal&#8221; txt_transform=&#8221;uppercase&#8221; margin_bottom=&#8221;18&#8243; font_family=&#8221;none&#8221; align=&#8221;center&#8221;]\n<p style=\"text-align: center;\">AVEC LA GARANTIE DE<\/p>\n[\/mk_fancy_title][mk_image src=&#8221;https:\/\/fullcertificate.com\/wp-content\/uploads\/2022\/04\/footer-nuevo-WE-VOTE.jpg&#8221; image_width=&#8221;1500&#8243; image_height=&#8221;216&#8243; link=&#8221;http:\/\/fullcertificate.com\/&#8221; target=&#8221;_blank&#8221; align=&#8221;center&#8221; margin_bottom=&#8221;40&#8243; el_class=&#8221;imagen-footer-centro&#8221; crop=&#8221;false&#8221;][\/vc_column_inner][vc_column_inner width=&#8221;1\/4&#8243;][\/vc_column_inner][\/vc_row_inner][\/vc_column][\/mk_page_section][vc_row padding=&#8221;0&#8243;][\/vc_row]\n","protected":false},"excerpt":{"rendered":"<p>[mk_page_section bg_image=&#8221;https:\/\/fullcertificate.com\/wp-content\/uploads\/2018\/11\/banner-smart-recovery-2-1.jpg&#8221; bg_position=&#8221;center top&#8221; bg_repeat=&#8221;no-repeat&#8221; bg_stretch=&#8221;true&#8221; min_height=&#8221;350&#8243; padding_top=&#8221;20&#8243; padding_bottom=&#8221;0&#8243; first_page=&#8221;true&#8221; last_page=&#8221;true&#8221; sidebar=&#8221;sidebar-1&#8243;][vc_column][mk_fancy_title tag_name=&#8221;h1&#8243; color=&#8221;#ffffff&#8221; size=&#8221;40&#8243; font_weight=&#8221;normal&#8221; font_style=&#8221;normal&#8221; txt_transform=&#8221;none&#8221; margin_top=&#8221;60&#8243; margin_bottom=&#8221;0&#8243; font_family=&#8221;none&#8221;]Smart Recovery &#8211;\u00a0R\u00e9cup\u00e9ration intelligente[\/mk_fancy_title][mk_fancy_title tag_name=&#8221;h1&#8243; color=&#8221;#ffffff&#8221; size=&#8221;25&#8243; font_weight=&#8221;300&#8243; font_style=&#8221;normal&#8221; txt_transform=&#8221;none&#8221; margin_bottom=&#8221;0&#8243; font_family=&#8221;none&#8221;]Automatisation du cycle de reprise certifi\u00e9[\/mk_fancy_title][mk_button dimension=&#8221;flat&#8221; size=&#8221;medium&#8221; url=&#8221;https:\/\/fullcertificate.com\/fr\/contactez-nous\/&#8221; button_custom_width=&#8221;250&#8243; bg_color=&#8221;#f2b42a&#8221; btn_hover_bg=&#8221;#dd821f&#8221;]CONTACTER MAINTENANT[\/mk_button][\/vc_column][\/mk_page_section][mk_page_section padding_top=&#8221;50&#8243; padding_bottom=&#8221;50&#8243; first_page=&#8221;false&#8221; last_page=&#8221;false&#8221; sidebar=&#8221;sidebar-1&#8243;][vc_column width=&#8221;3\/4&#8243;][mk_fancy_title tag_name=&#8221;h1&#8243; color=&#8221;#0062af&#8221; size=&#8221;30&#8243; font_weight=&#8221;normal&#8221; font_style=&#8221;normal&#8221; [&hellip;]<\/p>\n","protected":false},"author":2,"featured_media":0,"parent":0,"menu_order":0,"comment_status":"closed","ping_status":"closed","template":"","meta":{"_bbp_topic_count":0,"_bbp_reply_count":0,"_bbp_total_topic_count":0,"_bbp_total_reply_count":0,"_bbp_voice_count":0,"_bbp_anonymous_reply_count":0,"_bbp_topic_count_hidden":0,"_bbp_reply_count_hidden":0,"_bbp_forum_subforum_count":0},"_links":{"self":[{"href":"https:\/\/www.fullcertificate.com\/fr\/wp-json\/wp\/v2\/pages\/14639"}],"collection":[{"href":"https:\/\/www.fullcertificate.com\/fr\/wp-json\/wp\/v2\/pages"}],"about":[{"href":"https:\/\/www.fullcertificate.com\/fr\/wp-json\/wp\/v2\/types\/page"}],"author":[{"embeddable":true,"href":"https:\/\/www.fullcertificate.com\/fr\/wp-json\/wp\/v2\/users\/2"}],"replies":[{"embeddable":true,"href":"https:\/\/www.fullcertificate.com\/fr\/wp-json\/wp\/v2\/comments?post=14639"}],"version-history":[{"count":13,"href":"https:\/\/www.fullcertificate.com\/fr\/wp-json\/wp\/v2\/pages\/14639\/revisions"}],"predecessor-version":[{"id":27532,"href":"https:\/\/www.fullcertificate.com\/fr\/wp-json\/wp\/v2\/pages\/14639\/revisions\/27532"}],"wp:attachment":[{"href":"https:\/\/www.fullcertificate.com\/fr\/wp-json\/wp\/v2\/media?parent=14639"}],"curies":[{"name":"wp","href":"https:\/\/api.w.org\/{rel}","templated":true}]}}