{"id":14642,"date":"2019-02-12T15:38:58","date_gmt":"2019-02-12T15:38:58","guid":{"rendered":"https:\/\/fullcertificate.com\/?page_id=14642"},"modified":"2026-04-27T20:44:43","modified_gmt":"2026-04-27T20:44:43","slug":"photos-et-videos-certifies","status":"publish","type":"page","link":"https:\/\/www.fullcertificate.com\/fr\/photos-et-videos-certifies\/","title":{"rendered":"Photos et vid\u00e9os certifi\u00e9s"},"content":{"rendered":"[mk_page_section bg_image=\u00a0\u00bbhttps:\/\/fullcertificate.com\/wp-content\/uploads\/2017\/03\/fotos-imagenes-videos-certificados-ideas-copyright-1.jpg\u00a0\u00bb bg_position=\u00a0\u00bbcenter top\u00a0\u00bb bg_repeat=\u00a0\u00bbno-repeat\u00a0\u00bb bg_stretch=\u00a0\u00bbtrue\u00a0\u00bb min_height=\u00a0\u00bb350&Prime; padding_top=\u00a0\u00bb20&Prime; padding_bottom=\u00a0\u00bb0&Prime; first_page=\u00a0\u00bbtrue\u00a0\u00bb last_page=\u00a0\u00bbtrue\u00a0\u00bb sidebar=\u00a0\u00bbsidebar-1&Prime;][vc_column][mk_fancy_title tag_name=\u00a0\u00bbh1&Prime; color=\u00a0\u00bb#000000&Prime; size=\u00a0\u00bb40&Prime; font_weight=\u00a0\u00bbnormal\u00a0\u00bb font_style=\u00a0\u00bbnormal\u00a0\u00bb txt_transform=\u00a0\u00bbnone\u00a0\u00bb margin_top=\u00a0\u00bb60&Prime; margin_bottom=\u00a0\u00bb0&Prime; font_family=\u00a0\u00bbnone\u00a0\u00bb]Photos et Vid\u00e9os Certifi\u00e9s[\/mk_fancy_title][mk_fancy_title color=\u00a0\u00bb#000000&Prime; size=\u00a0\u00bb25&Prime; font_weight=\u00a0\u00bb300&Prime; font_style=\u00a0\u00bbnormal\u00a0\u00bb txt_transform=\u00a0\u00bbnone\u00a0\u00bb margin_bottom=\u00a0\u00bb0&Prime; font_family=\u00a0\u00bbnone\u00a0\u00bb]Vos photos et vid\u00e9os comme preuves de la vie r\u00e9elle[\/mk_fancy_title][mk_button dimension=\u00a0\u00bbflat\u00a0\u00bb size=\u00a0\u00bbmedium\u00a0\u00bb url=\u00a0\u00bbhttps:\/\/cloud.fullcertificate.com\/register\u00a0\u00bb target=\u00a0\u00bb_blank\u00a0\u00bb button_custom_width=\u00a0\u00bb250&Prime; margin_bottom=\u00a0\u00bb20&Prime; bg_color=\u00a0\u00bb#0062b0&Prime; btn_hover_bg=\u00a0\u00bb#252525&Prime;]CONTACTER MAINTENANT[\/mk_button][\/vc_column][\/mk_page_section][mk_page_section padding_top=\u00a0\u00bb50&Prime; padding_bottom=\u00a0\u00bb50&Prime; first_page=\u00a0\u00bbfalse\u00a0\u00bb last_page=\u00a0\u00bbfalse\u00a0\u00bb sidebar=\u00a0\u00bbsidebar-1&Prime;][vc_column width=\u00a0\u00bb3\/4&Prime;][mk_fancy_title color=\u00a0\u00bb#0062af\u00a0\u00bb size=\u00a0\u00bb30&Prime; font_weight=\u00a0\u00bbnormal\u00a0\u00bb font_style=\u00a0\u00bbnormal\u00a0\u00bb txt_transform=\u00a0\u00bbnone\u00a0\u00bb margin_bottom=\u00a0\u00bb0&Prime; font_family=\u00a0\u00bbnone\u00a0\u00bb]Certifiez Photos et Vid\u00e9os en tant que preuve cl\u00e9 dans tout proc\u00e8s[\/mk_fancy_title][mk_divider style=\u00a0\u00bbthin_solid\u00a0\u00bb thickness=\u00a0\u00bb4&Prime; margin_top=\u00a0\u00bb0&Prime;][mk_fancy_title color=\u00a0\u00bb#000000&Prime; size=\u00a0\u00bb17&Prime; font_weight=\u00a0\u00bbbold\u00a0\u00bb font_style=\u00a0\u00bbnormal\u00a0\u00bb txt_transform=\u00a0\u00bbuppercase\u00a0\u00bb margin_bottom=\u00a0\u00bb0&Prime; font_family=\u00a0\u00bbnone\u00a0\u00bb]ACCIDENTS DE TRAFIC, DE LIVRAISONS ET DE RETOURS DE LOCATION, ENREGISTREMENT VID\u00c9O DES CRIMES, TESTS DE HARC\u00c8LEMENT OU D&rsquo;INTIMIDATION, ETC[\/mk_fancy_title][mk_fancy_title color=\u00a0\u00bb#f2006e\u00a0\u00bb size=\u00a0\u00bb20&Prime; font_weight=\u00a0\u00bbnormal\u00a0\u00bb font_style=\u00a0\u00bbnormal\u00a0\u00bb txt_transform=\u00a0\u00bbnone\u00a0\u00bb margin_bottom=\u00a0\u00bb30&Prime; font_family=\u00a0\u00bbnone\u00a0\u00bb]Maintenant, vos fichiers multim\u00e9dia seront des \u00e9l\u00e9ments de preuve irr\u00e9futables[\/mk_fancy_title][vc_row_inner padding=\u00a0\u00bb0&Prime;][vc_column_inner width=\u00a0\u00bb1\/3&Prime;][mk_icon_box text_size=\u00a0\u00bb0&Prime; box_blur=\u00a0\u00bbfalse\u00a0\u00bb]<img loading=\"lazy\" class=\"alignnone wp-image-8789 aligncenter\" src=\"https:\/\/fullcertificate.com\/wp-content\/uploads\/2018\/11\/icono-foto-certificada-2-1.png\" alt=\"\" width=\"216\" height=\"216\" \/><\/p>\n<p style=\"text-align: center;\"><span style=\"color: #0062af;\"><strong>PHOTOS CERTIFI\u00c9ES<\/strong><\/span><\/p>\n[\/mk_icon_box][mk_icon_box text_size=\u00a0\u00bb0&Prime; box_blur=\u00a0\u00bbfalse\u00a0\u00bb]<img loading=\"lazy\" class=\"alignnone wp-image-8789 aligncenter\" src=\"https:\/\/fullcertificate.com\/wp-content\/uploads\/2018\/11\/icono-video-certificado-2-1.png\" alt=\"\" width=\"216\" height=\"216\" \/><\/p>\n<p style=\"text-align: center;\"><span style=\"color: #0062af;\"><strong>VID\u00c9OS CERTIFI\u00c9ES<\/strong><\/span><\/p>\n[\/mk_icon_box][mk_icon_box text_size=\u00a0\u00bb0&Prime; box_blur=\u00a0\u00bbfalse\u00a0\u00bb]<img loading=\"lazy\" class=\"alignnone wp-image-8789 aligncenter\" src=\"https:\/\/fullcertificate.com\/wp-content\/uploads\/2018\/11\/icono-audio-avisos-certificados-1.png\" alt=\"\" width=\"216\" height=\"216\" \/><\/p>\n<p style=\"text-align: center;\"><span style=\"color: #0062af;\"><strong>AUDIOS CERTIFI\u00c9S<\/strong><\/span><\/p>\n[\/mk_icon_box][mk_image src=\u00a0\u00bbhttps:\/\/fullcertificate.com\/wp-content\/uploads\/2018\/12\/notary-europe-full-certificate.png\u00a0\u00bb image_width=\u00a0\u00bb100&Prime; align=\u00a0\u00bbcenter\u00a0\u00bb margin_bottom=\u00a0\u00bb60&Prime; crop=\u00a0\u00bbfalse\u00a0\u00bb][\/vc_column_inner][vc_column_inner width=\u00a0\u00bb2\/3&Prime;][mk_fancy_title tag_name=\u00a0\u00bbh4&Prime; color=\u00a0\u00bb#000000&Prime; font_weight=\u00a0\u00bbnormal\u00a0\u00bb font_style=\u00a0\u00bbnormal\u00a0\u00bb txt_transform=\u00a0\u00bbnone\u00a0\u00bb margin_bottom=\u00a0\u00bb0&Prime; font_family=\u00a0\u00bbnone\u00a0\u00bb]<span style=\"color: #0062af;\">Full Certificate<\/span> sait \u00e0 quel point il est important de conserver et de certifier du <span style=\"color: #0062af;\">mat\u00e9riel photographique<\/span> dans toutes les situations pouvant survenir dans notre vie quotidienne. D\u00e9sormais, avec les<span style=\"color: #0062af;\"> photos et vid\u00e9os certifi\u00e9es<\/span>, vous pouvez obtenir la<span style=\"color: #0062af;\"> protection juridique de vos fichiers multim\u00e9dia<\/span>. Votre mat\u00e9riel photographique et vid\u00e9o<span style=\"color: #0062af;\"> sera enregistr\u00e9, intitul\u00e9 et comment\u00e9<\/span> au moyen d&rsquo;un certificat \u00e9lectronique <strong>au format PDF de Full Certificate<\/strong>, <span style=\"color: #0062af;\">Tierce de la Confiance Europ\u00e9enne<\/span>.[\/mk_fancy_title][mk_fancy_title tag_name=\u00a0\u00bbh4&Prime; color=\u00a0\u00bb#000000&Prime; font_weight=\u00a0\u00bbnormal\u00a0\u00bb font_style=\u00a0\u00bbnormal\u00a0\u00bb txt_transform=\u00a0\u00bbnone\u00a0\u00bb margin_bottom=\u00a0\u00bb0&Prime; font_family=\u00a0\u00bbnone\u00a0\u00bb]Pour ce faire, il vous suffit <span style=\"color: #0062af;\">d\u2019envoyer les documents visuels<\/span> que vous devez certifier sur notre page <span style=\"color: #0062af;\">Full Certificate<\/span> et imm\u00e9diatement, <strong>Photos, Images, Audios et vid\u00e9os certifi\u00e9es<\/strong> r\u00e9pondront avec le <span style=\"color: #0062af;\">certificat de votre contenu<\/span>, avec les d\u00e9tails de l\u2019envoi. Votre t\u00e9l\u00e9chargement sera \u00e9galement disponible dans la <strong>zone d&rsquo;acc\u00e8s client<\/strong>. Nous voulons vous aider \u00e0 enregistrer vos projets avec des certificats enti\u00e8rement fiables et l\u00e9gaux.<\/p>\n<p>&nbsp;<\/p>\n<p><strong>Fichiers autoris\u00e9s en tant que photo et vid\u00e9o:<\/strong><br \/>\n<span style=\"color: #0062af;\">Gif, Png, Jpg, Jpeg, Mp4, Flv, Mov, 3gp<\/span><\/p>\n<p><strong><br \/>\nFichiers autoris\u00e9s en audio:<\/strong><br \/>\n<span style=\"color: #0062af;\">Wav, Mp3, Flac, Gsm<\/span>[\/mk_fancy_title][mk_fancy_title tag_name=\u00a0\u00bbh4&Prime; color=\u00a0\u00bb#000000&Prime; font_weight=\u00a0\u00bbnormal\u00a0\u00bb font_style=\u00a0\u00bbnormal\u00a0\u00bb txt_transform=\u00a0\u00bbnone\u00a0\u00bb margin_bottom=\u00a0\u00bb30&Prime; font_family=\u00a0\u00bbnone\u00a0\u00bb]La figure de <strong>Full Certificate<\/strong> en tant que <strong>Tierce de Confiance<\/strong> garantit la validit\u00e9 juridique de vos envois. Rapide, \u00e9conomique, \u00e9cologique et confortable, \u00e0 partir de votre ordinateur, gagne du temps et du travail. Nous offrons \u00e9galement le service de <span style=\"color: #0062af;\">t\u00e9moignage notari\u00e9 sur demande<\/span> avec tous nos produits.[\/mk_fancy_title][\/vc_column_inner][\/vc_row_inner][mk_fancy_title tag_name=\u00a0\u00bbh1&Prime; color=\u00a0\u00bb#0062af\u00a0\u00bb size=\u00a0\u00bb20&Prime; font_weight=\u00a0\u00bbbold\u00a0\u00bb font_style=\u00a0\u00bbnormal\u00a0\u00bb txt_transform=\u00a0\u00bbuppercase\u00a0\u00bb margin_top=\u00a0\u00bb20&Prime; margin_bottom=\u00a0\u00bb0&Prime; font_family=\u00a0\u00bbnone\u00a0\u00bb]PHOTOS, IMAGES, AUDIOS ET VID\u00c9OS CERTIFI\u00c9ES[\/mk_fancy_title][mk_fancy_title color=\u00a0\u00bb#f2006e\u00a0\u00bb size=\u00a0\u00bb20&Prime; font_weight=\u00a0\u00bbnormal\u00a0\u00bb font_style=\u00a0\u00bbnormal\u00a0\u00bb txt_transform=\u00a0\u00bbnone\u00a0\u00bb margin_bottom=\u00a0\u00bb0&Prime; font_family=\u00a0\u00bbnone\u00a0\u00bb]\n<p class=\"mk-shortcode mk-fancy-title fancy-title-align-left mk-animate-element top-to-bottom simple-style mk-in-viewport\">Certifiez vos fichiers multim\u00e9dia avec une validit\u00e9 l\u00e9gale compl\u00e8te.<\/p>\n[\/mk_fancy_title][vc_row_inner padding=\u00a0\u00bb0&Prime;][vc_column_inner width=\u00a0\u00bb1\/6&Prime;][mk_image src=\u00a0\u00bbhttps:\/\/fullcertificate.com\/wp-content\/uploads\/2016\/05\/sms_certificados_rc_04-1.png\u00a0\u00bb image_width=\u00a0\u00bb82&Prime; image_height=\u00a0\u00bb92&Prime; align=\u00a0\u00bbcenter\u00a0\u00bb margin_bottom=\u00a0\u00bb0&Prime; crop=\u00a0\u00bbfalse\u00a0\u00bb][mk_image src=\u00a0\u00bbhttps:\/\/fullcertificate.com\/wp-content\/uploads\/2016\/05\/Captura-de-pantalla-2016-05-27-a-las-09.20.23-1.png\u00a0\u00bb image_width=\u00a0\u00bb53&Prime; image_height=\u00a0\u00bb48&Prime; align=\u00a0\u00bbcenter\u00a0\u00bb margin_bottom=\u00a0\u00bb0&Prime; crop=\u00a0\u00bbfalse\u00a0\u00bb][mk_fancy_title color=\u00a0\u00bb#404040&Prime; size=\u00a0\u00bb11&Prime; font_weight=\u00a0\u00bbbold\u00a0\u00bb font_style=\u00a0\u00bbinhert\u00a0\u00bb txt_transform=\u00a0\u00bbnone\u00a0\u00bb margin_bottom=\u00a0\u00bb0&Prime; font_family=\u00a0\u00bbnone\u00a0\u00bb align=\u00a0\u00bbcenter\u00a0\u00bb]\n<p style=\"text-align: center;\">Il est charg\u00e9 de 1 \u00e0 n fichiers multim\u00e9dia<\/p>\n[\/mk_fancy_title][\/vc_column_inner][vc_column_inner width=\u00a0\u00bb1\/6&Prime;][mk_image src=\u00a0\u00bbhttps:\/\/fullcertificate.com\/wp-content\/uploads\/2016\/05\/sms_certificados_cc_05-1.png\u00a0\u00bb image_width=\u00a0\u00bb82&Prime; image_height=\u00a0\u00bb92&Prime; align=\u00a0\u00bbcenter\u00a0\u00bb margin_bottom=\u00a0\u00bb0&Prime; crop=\u00a0\u00bbfalse\u00a0\u00bb][mk_image src=\u00a0\u00bbhttps:\/\/fullcertificate.com\/wp-content\/uploads\/2016\/05\/Captura-de-pantalla-2016-05-27-a-las-09.20.23-1.png\u00a0\u00bb image_width=\u00a0\u00bb53&Prime; image_height=\u00a0\u00bb48&Prime; align=\u00a0\u00bbcenter\u00a0\u00bb margin_bottom=\u00a0\u00bb0&Prime; crop=\u00a0\u00bbfalse\u00a0\u00bb][mk_fancy_title color=\u00a0\u00bb#404040&Prime; size=\u00a0\u00bb11&Prime; font_weight=\u00a0\u00bbbold\u00a0\u00bb font_style=\u00a0\u00bbinhert\u00a0\u00bb txt_transform=\u00a0\u00bbnone\u00a0\u00bb margin_bottom=\u00a0\u00bb0&Prime; font_family=\u00a0\u00bbnone\u00a0\u00bb align=\u00a0\u00bbcenter\u00a0\u00bb]\n<p style=\"text-align: center;\">Le document est g\u00e9n\u00e9r\u00e9 certificat \u00e9lectronique<\/p>\n[\/mk_fancy_title][\/vc_column_inner][vc_column_inner width=\u00a0\u00bb1\/6&Prime;][mk_image src=\u00a0\u00bbhttps:\/\/fullcertificate.com\/wp-content\/uploads\/2016\/05\/sms_certificados_03-1.png\u00a0\u00bb image_width=\u00a0\u00bb82&Prime; image_height=\u00a0\u00bb92&Prime; align=\u00a0\u00bbcenter\u00a0\u00bb margin_bottom=\u00a0\u00bb0&Prime; crop=\u00a0\u00bbfalse\u00a0\u00bb][mk_image src=\u00a0\u00bbhttps:\/\/fullcertificate.com\/wp-content\/uploads\/2016\/05\/Captura-de-pantalla-2016-05-27-a-las-09.20.23-1.png\u00a0\u00bb image_width=\u00a0\u00bb53&Prime; image_height=\u00a0\u00bb48&Prime; align=\u00a0\u00bbcenter\u00a0\u00bb margin_bottom=\u00a0\u00bb0&Prime; crop=\u00a0\u00bbfalse\u00a0\u00bb][mk_fancy_title color=\u00a0\u00bb#404040&Prime; size=\u00a0\u00bb11&Prime; font_weight=\u00a0\u00bbbold\u00a0\u00bb font_style=\u00a0\u00bbinhert\u00a0\u00bb txt_transform=\u00a0\u00bbnone\u00a0\u00bb margin_bottom=\u00a0\u00bb0&Prime; font_family=\u00a0\u00bbnone\u00a0\u00bb align=\u00a0\u00bbcenter\u00a0\u00bb]\n<p style=\"text-align: center;\">Courriel de communication le certificat \u00e0 l&rsquo;utilisateur<\/p>\n[\/mk_fancy_title][\/vc_column_inner][vc_column_inner width=\u00a0\u00bb1\/6&Prime;][\/vc_column_inner][vc_column_inner width=\u00a0\u00bb1\/6&Prime;][\/vc_column_inner][vc_column_inner width=\u00a0\u00bb1\/6&Prime;][\/vc_column_inner][\/vc_row_inner][mk_fancy_title tag_name=\u00a0\u00bbh4&Prime; color=\u00a0\u00bb#000000&Prime; font_weight=\u00a0\u00bbnormal\u00a0\u00bb font_style=\u00a0\u00bbnormal\u00a0\u00bb txt_transform=\u00a0\u00bbnone\u00a0\u00bb margin_top=\u00a0\u00bb20&Prime; font_family=\u00a0\u00bbnone\u00a0\u00bb]T\u00e9l\u00e9chargez le document multim\u00e9dia sur notre plateforme. Nous g\u00e9n\u00e9rerons imm\u00e9diatement un certificat \u00e9lectronique qui vous sera envoy\u00e9 par courrier \u00e9lectronique. Vous pouvez \u00e9galement t\u00e9l\u00e9charger ce certificat l\u00e9gal \u00e0 partir de la m\u00eame plate-forme o\u00f9 nous le conservons pendant 5 ans.[\/mk_fancy_title][\/vc_column][vc_column border_color=\u00a0\u00bb#ffffff\u00a0\u00bb width=\u00a0\u00bb1\/4&Prime;][vc_row_inner padding=\u00a0\u00bb0&Prime;][vc_column_inner][mk_image src=\u00a0\u00bbhttps:\/\/fullcertificate.com\/wp-content\/uploads\/2018\/12\/european-trusted-third-party-full-certificate.png\u00a0\u00bb image_width=\u00a0\u00bb180&Prime; align=\u00a0\u00bbcenter\u00a0\u00bb margin_bottom=\u00a0\u00bb35&Prime; crop=\u00a0\u00bbfalse\u00a0\u00bb][\/vc_column_inner][\/vc_row_inner][vc_row_inner padding=\u00a0\u00bb0&Prime;][vc_column_inner css=\u00a0\u00bb.vc_custom_1573745102166{border-top-width: 1px !important;border-right-width: 1px !important;border-bottom-width: 1px !important;border-left-width: 1px !important;border-left-color: #f2006e !important;border-left-style: solid !important;border-right-color: #f2006e !important;border-right-style: solid !important;border-top-color: #f2006e !important;border-top-style: solid !important;border-bottom-color: #f2006e !important;border-bottom-style: solid !important;}\u00a0\u00bb][mk_fancy_title color=\u00a0\u00bb#000000&Prime; size=\u00a0\u00bb20&Prime; font_weight=\u00a0\u00bbbold\u00a0\u00bb font_style=\u00a0\u00bbnormal\u00a0\u00bb txt_transform=\u00a0\u00bbuppercase\u00a0\u00bb margin_top=\u00a0\u00bb20&Prime; margin_bottom=\u00a0\u00bb0&Prime; font_family=\u00a0\u00bbnone\u00a0\u00bb align=\u00a0\u00bbcenter\u00a0\u00bb]\n<p style=\"text-align: center;\">INSCRIVEZ-VOUS GRATUITEMENT<\/p>\n[\/mk_fancy_title][mk_fancy_title color=\u00a0\u00bb#000000&Prime; size=\u00a0\u00bb16&Prime; font_weight=\u00a0\u00bbnormal\u00a0\u00bb font_style=\u00a0\u00bbnormal\u00a0\u00bb txt_transform=\u00a0\u00bbnone\u00a0\u00bb margin_bottom=\u00a0\u00bb0&Prime; font_family=\u00a0\u00bbnone\u00a0\u00bb align=\u00a0\u00bbcenter\u00a0\u00bb]\n<p style=\"text-align: center;\">Essayez nos services certifi\u00e9s avec une validit\u00e9 l\u00e9gale compl\u00e8te.<\/p>\n<p>&nbsp;<\/p>\n<p style=\"text-align: center;\"><strong><span style=\"color: #0062b0;\">Pas de frais, pas de contrat.<\/span><br \/>\n<\/strong>Votre solde n&rsquo;expire jamais.[\/mk_fancy_title][mk_button dimension=\u00a0\u00bbflat\u00a0\u00bb corner_style=\u00a0\u00bbrounded\u00a0\u00bb size=\u00a0\u00bbmedium\u00a0\u00bb url=\u00a0\u00bbhttps:\/\/cloud.fullcertificate.com\/register\u00a0\u00bb target=\u00a0\u00bb_blank\u00a0\u00bb align=\u00a0\u00bbcenter\u00a0\u00bb button_custom_width=\u00a0\u00bb160&Prime; bg_color=\u00a0\u00bb#f2006e\u00a0\u00bb btn_hover_bg=\u00a0\u00bb#252525&Prime; btn_hover_txt_color=\u00a0\u00bb#ffffff\u00a0\u00bb]CLIQUEZ ICI[\/mk_button][\/vc_column_inner][\/vc_row_inner][vc_empty_space height=\u00a0\u00bb35px\u00a0\u00bb][vc_empty_space height=\u00a0\u00bb20px\u00a0\u00bb][vc_row_inner padding=\u00a0\u00bb0&Prime;][vc_column_inner][mk_icon_box2 icon_type=\u00a0\u00bbimage\u00a0\u00bb title_size=\u00a0\u00bb0&Prime; title_top_padding=\u00a0\u00bb0&Prime; title_bottom_padding=\u00a0\u00bb0&Prime;]<a href=\"https:\/\/fullcertificate.com\/fr\/smartmoney\/\"><img loading=\"lazy\" class=\"wp-image-6433 size-medium aligncenter\" src=\"https:\/\/fullcertificate.com\/wp-content\/uploads\/2018\/10\/logo-smartmoney-1.png\" alt=\"\" width=\"180\" height=\"31\" \/><\/a><a href=\"https:\/\/fullcertificate.com\/fr\/smartmoney\/\"><img loading=\"lazy\" class=\"wp-image-6439 size-medium aligncenter\" src=\"https:\/\/fullcertificate.com\/wp-content\/uploads\/2018\/10\/grafico-smart-money-3-1.png\" alt=\"\" width=\"170\" height=\"300\" \/><\/a><\/p>\n<p style=\"text-align: center;\"><strong><span style=\"color: #0062b0;\"><a style=\"color: #0062b0;\" href=\"https:\/\/fullcertificate.com\/fr\/smartmoney\/\">SMART MONEY<\/a><br \/>\n<\/span><\/strong>Smart Contracts<br \/>\nSmart Payments<br \/>\n<span style=\"color: #000000; text-decoration: none;\">Smart Recovery<br \/>\nDashboard<br \/>\n<\/span>[\/mk_icon_box2][vc_empty_space height=\u00a0\u00bb0px\u00a0\u00bb][mk_icon_box2 icon_type=\u00a0\u00bbimage\u00a0\u00bb title_size=\u00a0\u00bb0&Prime; title_top_padding=\u00a0\u00bb0&Prime; title_bottom_padding=\u00a0\u00bb0&Prime;]<a href=\"https:\/\/fullcertificate.com\/fr\/smartone2one\/\"><img loading=\"lazy\" class=\"wp-image-6433 size-medium aligncenter\" src=\"https:\/\/fullcertificate.com\/wp-content\/uploads\/2018\/10\/logo-smart-one2one-2-1.png\" alt=\"\" width=\"226\" height=\"31\" \/><\/a><a href=\"https:\/\/fullcertificate.com\/fr\/smartone2one\/\"><img loading=\"lazy\" class=\"wp-image-6439 size-medium aligncenter\" src=\"https:\/\/fullcertificate.com\/wp-content\/uploads\/2018\/10\/grafico-smart-one2one-1.png\" alt=\"\" width=\"170\" height=\"300\" \/><\/a><\/p>\n<p style=\"text-align: center;\"><strong><span style=\"color: #0062b0;\"><a style=\"color: #0062b0;\" href=\"https:\/\/fullcertificate.com\/fr\/smartone2one\/\">SMART ONE2ONE<\/a><br \/>\n<\/span><\/strong>Notifications personnalis\u00e9es<br \/>\nVolume d&rsquo;ex\u00e9cution \u00e9lev\u00e9<br \/>\nCertification multicanal<br \/>\nHaute disponibilit\u00e9[\/mk_icon_box2][\/vc_column_inner][\/vc_row_inner][vc_empty_space height=\u00a0\u00bb20px\u00a0\u00bb][vc_row_inner el_class=\u00a0\u00bbocultar\u00a0\u00bb][vc_column_inner css=\u00a0\u00bb.vc_custom_1540979094932{border-top-width: 1px !important;border-right-width: 1px !important;border-bottom-width: 1px !important;border-left-width: 1px !important;padding-top: 20px !important;padding-bottom: 20px !important;background-color: #ffffff !important;border-left-color: #1e73be !important;border-left-style: solid !important;border-right-color: #1e73be !important;border-right-style: solid !important;border-top-color: #1e73be !important;border-top-style: solid !important;border-bottom-color: #1e73be !important;border-bottom-style: solid !important;}\u00a0\u00bb][mk_fancy_title color=\u00a0\u00bb#000000&Prime; size=\u00a0\u00bb20&Prime; font_weight=\u00a0\u00bbbold\u00a0\u00bb font_style=\u00a0\u00bbnormal\u00a0\u00bb txt_transform=\u00a0\u00bbuppercase\u00a0\u00bb margin_bottom=\u00a0\u00bb0&Prime; font_family=\u00a0\u00bbnone\u00a0\u00bb align=\u00a0\u00bbcenter\u00a0\u00bb]\n<p style=\"text-align: center;\">DONN\u00c9ES DE CONTACT<\/p>\n[\/mk_fancy_title][mk_fancy_title color=\u00a0\u00bb#1e73be\u00a0\u00bb font_style=\u00a0\u00bbnormal\u00a0\u00bb txt_transform=\u00a0\u00bbnone\u00a0\u00bb margin_bottom=\u00a0\u00bb0&Prime; font_family=\u00a0\u00bbnone\u00a0\u00bb align=\u00a0\u00bbcenter\u00a0\u00bb]\n<p style=\"text-align: center;\"><strong>T\u00e9l\u00e9phone:<\/strong> EU &#8211; ES: 0034 910 052 659<br \/>\nEU &#8211; IT: 0039 0687165152<br \/>\nLATAM: 0052 55 4162 9666<\/p>\n<p style=\"text-align: center;\"><strong>Adresse: <\/strong>Rue Boix y Morer #6, Grenier.<br \/>\n28003 Madrid, Espagne[\/mk_fancy_title][mk_button dimension=\u00a0\u00bbflat\u00a0\u00bb corner_style=\u00a0\u00bbrounded\u00a0\u00bb size=\u00a0\u00bbmedium\u00a0\u00bb url=\u00a0\u00bbhttps:\/\/fullcertificate.com\/fr\/contactez-nous\/\u00a0\u00bb align=\u00a0\u00bbcenter\u00a0\u00bb button_custom_width=\u00a0\u00bb160&Prime; bg_color=\u00a0\u00bb#0062b0&Prime; btn_hover_bg=\u00a0\u00bb#252525&Prime;]CONTACTEZ NOUS[\/mk_button][\/vc_column_inner][\/vc_row_inner][\/vc_column][\/mk_page_section][mk_page_section full_width=\u00a0\u00bbtrue\u00a0\u00bb first_page=\u00a0\u00bbfalse\u00a0\u00bb last_page=\u00a0\u00bbfalse\u00a0\u00bb sidebar=\u00a0\u00bbsidebar-1&Prime;][vc_column][mk_divider style=\u00a0\u00bbthin_solid\u00a0\u00bb thickness=\u00a0\u00bb4&Prime; margin_top=\u00a0\u00bb10&Prime; margin_bottom=\u00a0\u00bb40&Prime;][vc_row_inner padding=\u00a0\u00bb0&Prime;][vc_column_inner width=\u00a0\u00bb1\/4&Prime;][\/vc_column_inner][vc_column_inner width=\u00a0\u00bb1\/2&Prime;][mk_fancy_title tag_name=\u00a0\u00bbh4&Prime; color=\u00a0\u00bb#393836&Prime; size=\u00a0\u00bb30&Prime; font_weight=\u00a0\u00bbnormal\u00a0\u00bb font_style=\u00a0\u00bbnormal\u00a0\u00bb txt_transform=\u00a0\u00bbuppercase\u00a0\u00bb margin_bottom=\u00a0\u00bb18&Prime; font_family=\u00a0\u00bbnone\u00a0\u00bb align=\u00a0\u00bbcenter\u00a0\u00bb]\n<p style=\"text-align: center;\">AVEC LA GARANTIE DE<\/p>\n[\/mk_fancy_title][mk_image src=\u00a0\u00bbhttps:\/\/fullcertificate.com\/wp-content\/uploads\/2022\/04\/footer-nuevo-WE-VOTE.jpg\u00a0\u00bb image_width=\u00a0\u00bb1500&Prime; image_height=\u00a0\u00bb216&Prime; link=\u00a0\u00bbhttp:\/\/fullcertificate.com\/\u00a0\u00bb target=\u00a0\u00bb_blank\u00a0\u00bb align=\u00a0\u00bbcenter\u00a0\u00bb margin_bottom=\u00a0\u00bb40&Prime; el_class=\u00a0\u00bbimagen-footer-centro\u00a0\u00bb crop=\u00a0\u00bbfalse\u00a0\u00bb][\/vc_column_inner][vc_column_inner width=\u00a0\u00bb1\/4&Prime;][\/vc_column_inner][\/vc_row_inner][\/vc_column][\/mk_page_section][vc_row][vc_column][vc_column_text css=\u00a0\u00bb.vc_custom_1777322674585{margin-bottom: 0px !important;}\u00a0\u00bb]\n<div id=\"wrapper-video-autom\u00e1tico\" style=\"display:none;\">\n        \/\/ PopUp Video<br \/>\n    <a id=\"69f4d1d438823\" rel=\"wp-video-lightbox\" href=\"https:\/\/www.youtube.com\/watch?v=t5teknXVdtk&#038;width=853&#038;height=480\" title=\"\">open<\/a>    <script>\r\n    \/* <![CDATA[ *\/\r\n    jQuery(document).ready(function($){\r\n        $(function(){\r\n            var width = $(window).innerWidth();\r\n            var setwidth = parseFloat(853);\r\n            var ratio = parseFloat(0.56271981242673);\r\n            var height = parseFloat(480);\r\n            var link = 'https:\/\/www.youtube.com\/watch?v=t5teknXVdtk&amp;width=853&amp;height=480';\r\n            if(width < setwidth)\r\n            {\r\n                height = Math.floor(width * 0.56271981242673);\r\n                \/\/console.log(\"device width \"+width+\", set width \"+853+\", ratio \"+0.56271981242673+\", new height \"+ height);\r\n                var new_url = wpvl_paramReplace('width', link, width);\r\n                var new_url = wpvl_paramReplace('height', new_url, height);\r\n                $(\"a#69f4d1d438823\").attr('href', new_url);\r\n                \/\/console.log(new_url);\r\n            }\r\n        });\r\n    });\r\n    \/* ]]> *\/\r\n    <\/script>\n<\/div>\n<p><script type=\"text\/javascript\">\n    jQuery(document).ready(function($) {\n        setTimeout(function() {\n            jQuery('#wrapper-video-autom\u00e1tico a').click();\n        }, 1000);\n    });\n<\/script>[\/vc_column_text][\/vc_column][\/vc_row]\n","protected":false},"excerpt":{"rendered":"<p>[mk_page_section bg_image=\u00a0\u00bbhttps:\/\/fullcertificate.com\/wp-content\/uploads\/2017\/03\/fotos-imagenes-videos-certificados-ideas-copyright-1.jpg\u00a0\u00bb bg_position=\u00a0\u00bbcenter top\u00a0\u00bb bg_repeat=\u00a0\u00bbno-repeat\u00a0\u00bb bg_stretch=\u00a0\u00bbtrue\u00a0\u00bb min_height=\u00a0\u00bb350&Prime; padding_top=\u00a0\u00bb20&Prime; padding_bottom=\u00a0\u00bb0&Prime; first_page=\u00a0\u00bbtrue\u00a0\u00bb last_page=\u00a0\u00bbtrue\u00a0\u00bb sidebar=\u00a0\u00bbsidebar-1&Prime;][vc_column][mk_fancy_title tag_name=\u00a0\u00bbh1&Prime; color=\u00a0\u00bb#000000&Prime; size=\u00a0\u00bb40&Prime; font_weight=\u00a0\u00bbnormal\u00a0\u00bb font_style=\u00a0\u00bbnormal\u00a0\u00bb txt_transform=\u00a0\u00bbnone\u00a0\u00bb margin_top=\u00a0\u00bb60&Prime; margin_bottom=\u00a0\u00bb0&Prime; font_family=\u00a0\u00bbnone\u00a0\u00bb]Photos et Vid\u00e9os Certifi\u00e9s[\/mk_fancy_title][mk_fancy_title color=\u00a0\u00bb#000000&Prime; size=\u00a0\u00bb25&Prime; font_weight=\u00a0\u00bb300&Prime; font_style=\u00a0\u00bbnormal\u00a0\u00bb txt_transform=\u00a0\u00bbnone\u00a0\u00bb margin_bottom=\u00a0\u00bb0&Prime; font_family=\u00a0\u00bbnone\u00a0\u00bb]Vos photos et vid\u00e9os comme preuves de la vie r\u00e9elle[\/mk_fancy_title][mk_button dimension=\u00a0\u00bbflat\u00a0\u00bb size=\u00a0\u00bbmedium\u00a0\u00bb url=\u00a0\u00bbhttps:\/\/cloud.fullcertificate.com\/register\u00a0\u00bb target=\u00a0\u00bb_blank\u00a0\u00bb button_custom_width=\u00a0\u00bb250&Prime; margin_bottom=\u00a0\u00bb20&Prime; bg_color=\u00a0\u00bb#0062b0&Prime; btn_hover_bg=\u00a0\u00bb#252525&Prime;]CONTACTER MAINTENANT[\/mk_button][\/vc_column][\/mk_page_section][mk_page_section padding_top=\u00a0\u00bb50&Prime; padding_bottom=\u00a0\u00bb50&Prime; first_page=\u00a0\u00bbfalse\u00a0\u00bb last_page=\u00a0\u00bbfalse\u00a0\u00bb sidebar=\u00a0\u00bbsidebar-1&Prime;][vc_column width=\u00a0\u00bb3\/4&Prime;][mk_fancy_title [&hellip;]<\/p>\n","protected":false},"author":2,"featured_media":0,"parent":0,"menu_order":0,"comment_status":"closed","ping_status":"closed","template":"","meta":{"_bbp_topic_count":0,"_bbp_reply_count":0,"_bbp_total_topic_count":0,"_bbp_total_reply_count":0,"_bbp_voice_count":0,"_bbp_anonymous_reply_count":0,"_bbp_topic_count_hidden":0,"_bbp_reply_count_hidden":0,"_bbp_forum_subforum_count":0},"_links":{"self":[{"href":"https:\/\/www.fullcertificate.com\/fr\/wp-json\/wp\/v2\/pages\/14642"}],"collection":[{"href":"https:\/\/www.fullcertificate.com\/fr\/wp-json\/wp\/v2\/pages"}],"about":[{"href":"https:\/\/www.fullcertificate.com\/fr\/wp-json\/wp\/v2\/types\/page"}],"author":[{"embeddable":true,"href":"https:\/\/www.fullcertificate.com\/fr\/wp-json\/wp\/v2\/users\/2"}],"replies":[{"embeddable":true,"href":"https:\/\/www.fullcertificate.com\/fr\/wp-json\/wp\/v2\/comments?post=14642"}],"version-history":[{"count":13,"href":"https:\/\/www.fullcertificate.com\/fr\/wp-json\/wp\/v2\/pages\/14642\/revisions"}],"predecessor-version":[{"id":31586,"href":"https:\/\/www.fullcertificate.com\/fr\/wp-json\/wp\/v2\/pages\/14642\/revisions\/31586"}],"wp:attachment":[{"href":"https:\/\/www.fullcertificate.com\/fr\/wp-json\/wp\/v2\/media?parent=14642"}],"curies":[{"name":"wp","href":"https:\/\/api.w.org\/{rel}","templated":true}]}}