{"id":14649,"date":"2019-02-12T15:42:35","date_gmt":"2019-02-12T15:42:35","guid":{"rendered":"https:\/\/fullcertificate.com\/?page_id=14649"},"modified":"2022-04-12T04:12:52","modified_gmt":"2022-04-12T04:12:52","slug":"appels-certifies-texte-a-message-vocal","status":"publish","type":"page","link":"https:\/\/www.fullcertificate.com\/fr\/appels-certifies-texte-a-message-vocal\/","title":{"rendered":"Appels Certifi\u00e9s Texte \u00e0 Message Vocal"},"content":{"rendered":"[mk_page_section bg_image=\u00a0\u00bbhttps:\/\/fullcertificate.com\/wp-content\/uploads\/2017\/03\/llamadas-certificadas-texto-voz-mensaje-1.jpg\u00a0\u00bb bg_position=\u00a0\u00bbcenter top\u00a0\u00bb bg_repeat=\u00a0\u00bbno-repeat\u00a0\u00bb bg_stretch=\u00a0\u00bbtrue\u00a0\u00bb min_height=\u00a0\u00bb350&Prime; padding_top=\u00a0\u00bb20&Prime; padding_bottom=\u00a0\u00bb0&Prime; first_page=\u00a0\u00bbtrue\u00a0\u00bb last_page=\u00a0\u00bbtrue\u00a0\u00bb sidebar=\u00a0\u00bbsidebar-1&Prime;][vc_column][mk_fancy_title color=\u00a0\u00bb#000000&Prime; size=\u00a0\u00bb40&Prime; font_weight=\u00a0\u00bbnormal\u00a0\u00bb font_style=\u00a0\u00bbinhert\u00a0\u00bb txt_transform=\u00a0\u00bbnone\u00a0\u00bb margin_top=\u00a0\u00bb60&Prime; margin_bottom=\u00a0\u00bb0&Prime; font_family=\u00a0\u00bbnone\u00a0\u00bb]Appels Certifi\u00e9s Texte \u00e0 Message Vocal[\/mk_fancy_title][mk_fancy_title color=\u00a0\u00bb#000000&Prime; size=\u00a0\u00bb25&Prime; font_weight=\u00a0\u00bb300&Prime; font_style=\u00a0\u00bbinhert\u00a0\u00bb txt_transform=\u00a0\u00bbnone\u00a0\u00bb margin_bottom=\u00a0\u00bb0&Prime; font_family=\u00a0\u00bbnone\u00a0\u00bb]\u00c9crivez un texte qui sera communiqu\u00e9 via un appel vocal[\/mk_fancy_title][mk_button dimension=\u00a0\u00bbflat\u00a0\u00bb size=\u00a0\u00bbmedium\u00a0\u00bb url=\u00a0\u00bbhttps:\/\/cloud.fullcertificate.com\/register\u00a0\u00bb target=\u00a0\u00bb_blank\u00a0\u00bb button_custom_width=\u00a0\u00bb250&Prime; bg_color=\u00a0\u00bb#0062b0&Prime; btn_hover_bg=\u00a0\u00bb#252525&Prime;]CONTACTER MAINTNANT[\/mk_button][\/vc_column][\/mk_page_section][mk_page_section padding_top=\u00a0\u00bb50&Prime; padding_bottom=\u00a0\u00bb50&Prime; first_page=\u00a0\u00bbfalse\u00a0\u00bb last_page=\u00a0\u00bbfalse\u00a0\u00bb sidebar=\u00a0\u00bbsidebar-1&Prime;][vc_column width=\u00a0\u00bb3\/4&Prime;][mk_fancy_title color=\u00a0\u00bb#0062af\u00a0\u00bb size=\u00a0\u00bb30&Prime; font_weight=\u00a0\u00bbnormal\u00a0\u00bb font_style=\u00a0\u00bbnormal\u00a0\u00bb txt_transform=\u00a0\u00bbnone\u00a0\u00bb margin_bottom=\u00a0\u00bb0&Prime; font_family=\u00a0\u00bbnone\u00a0\u00bb]Appels Certifi\u00e9s Text2Voice[\/mk_fancy_title][mk_divider style=\u00a0\u00bbthin_solid\u00a0\u00bb thickness=\u00a0\u00bb4&Prime; margin_top=\u00a0\u00bb0&Prime;][mk_fancy_title color=\u00a0\u00bb#000000&Prime; size=\u00a0\u00bb17&Prime; font_weight=\u00a0\u00bbbold\u00a0\u00bb font_style=\u00a0\u00bbnormal\u00a0\u00bb txt_transform=\u00a0\u00bbuppercase\u00a0\u00bb margin_bottom=\u00a0\u00bb0&Prime; font_family=\u00a0\u00bbnone\u00a0\u00bb]D&rsquo;UN TEXTE \u00c0 UN APPEL T\u00c9L\u00c9PHONIQUE AVEC MESSAGE VOCAL AVEC TROIS TENTATIVES DE CONNEXION EFFICACE.[\/mk_fancy_title][mk_fancy_title color=\u00a0\u00bb#f2006e\u00a0\u00bb size=\u00a0\u00bb20&Prime; font_weight=\u00a0\u00bbnormal\u00a0\u00bb font_style=\u00a0\u00bbnormal\u00a0\u00bb txt_transform=\u00a0\u00bbnone\u00a0\u00bb margin_bottom=\u00a0\u00bb30&Prime; font_family=\u00a0\u00bbnone\u00a0\u00bb]Vous pouvez maintenant \u00e9crire et programmer un message texte \u00e0 communiquer vocalement en indiquant le t\u00e9l\u00e9phone du destinataire avec enregistrement des appels.[\/mk_fancy_title][vc_row_inner padding=\u00a0\u00bb0&Prime;][vc_column_inner width=\u00a0\u00bb1\/3&Prime;][mk_icon_box text_size=\u00a0\u00bb0&Prime; icon_color=\u00a0\u00bb#ffffff\u00a0\u00bb icon_circle_color=\u00a0\u00bb#ffffff\u00a0\u00bb box_blur=\u00a0\u00bbfalse\u00a0\u00bb]<img loading=\"lazy\" class=\"alignnone wp-image-8789 aligncenter\" src=\"https:\/\/fullcertificate.com\/wp-content\/uploads\/2018\/11\/icono-texto-de-voz-certificado-2-1.png\" alt=\"\" width=\"216\" height=\"216\" \/><\/p>\n<p style=\"text-align: center;\"><span style=\"color: #0062af;\"><strong>TEXTE VOCAL<\/strong><\/span><br \/>\nTrois tentatives d&rsquo;activation<br \/>\nEnregistrement certifi\u00e9<br \/>\nCopier au destinataire<br \/>\nT\u00e9moignage notari\u00e9<br \/>\nGarde de 5 ans<\/p>\n[\/mk_icon_box][mk_image src=\u00a0\u00bbhttps:\/\/fullcertificate.com\/wp-content\/uploads\/2018\/12\/notary-europe-full-certificate.png\u00a0\u00bb image_width=\u00a0\u00bb100&Prime; align=\u00a0\u00bbcenter\u00a0\u00bb crop=\u00a0\u00bbfalse\u00a0\u00bb][\/vc_column_inner][vc_column_inner width=\u00a0\u00bb2\/3&Prime;][mk_fancy_title tag_name=\u00a0\u00bbh4&Prime; color=\u00a0\u00bb#000000&Prime; font_weight=\u00a0\u00bbnormal\u00a0\u00bb font_style=\u00a0\u00bbnormal\u00a0\u00bb txt_transform=\u00a0\u00bbnone\u00a0\u00bb font_family=\u00a0\u00bbnone\u00a0\u00bb]Avec les<strong> appels certifi\u00e9s texte \u00e0 parole<\/strong>, vous pouvez \u00eatre assur\u00e9 que votre destinataire sera appel\u00e9 par t\u00e9l\u00e9phone \u00e0 plusieurs reprises pour \u00eatre li\u00e9 en <span style=\"color: #0062af;\">lisant \u00e9lectroniquement votre message au destinataire.<\/span><\/p>\n<p>&nbsp;<\/p>\n<p>Avec un <span style=\"color: #0062af;\">gain de temps significatif<\/span>, vous aurez une trace de vos messages et de tous les appels pass\u00e9s par notre syst\u00e8me \u00ab\u00a0<strong>Text2Voice<\/strong>\u00a0\u00bb vers des t\u00e9l\u00e9phones mobiles ou fixes.[\/mk_fancy_title][mk_fancy_title tag_name=\u00a0\u00bbh4&Prime; color=\u00a0\u00bb#000000&Prime; font_weight=\u00a0\u00bbnormal\u00a0\u00bb font_style=\u00a0\u00bbnormal\u00a0\u00bb txt_transform=\u00a0\u00bbnone\u00a0\u00bb font_family=\u00a0\u00bbnone\u00a0\u00bb]\u00c9crivez un message texte sur notre plate-forme et il parviendra \u00e0 votre destinataire sous la forme d&rsquo;un <strong>appel certifi\u00e9 Text2Voice<\/strong>.[\/mk_fancy_title][mk_fancy_title tag_name=\u00a0\u00bbh4&Prime; color=\u00a0\u00bb#000000&Prime; font_weight=\u00a0\u00bbnormal\u00a0\u00bb font_style=\u00a0\u00bbnormal\u00a0\u00bb txt_transform=\u00a0\u00bbnone\u00a0\u00bb font_family=\u00a0\u00bbnone\u00a0\u00bb]Avec les <strong>Appels Certifi\u00e9s<\/strong>, vous pouvez \u00eatre assur\u00e9 qu&rsquo;un message particulier ne sera pas pr\u00e9serv\u00e9:<span style=\"color: #0062af;\"> r\u00e9clamations relatives aux quantit\u00e9s, notifications de toutes sortes, annonces du couple, messages aux fournisseurs de services, etc.<\/span>[\/mk_fancy_title][mk_fancy_title tag_name=\u00a0\u00bbh4&Prime; color=\u00a0\u00bb#000000&Prime; font_weight=\u00a0\u00bbnormal\u00a0\u00bb font_style=\u00a0\u00bbnormal\u00a0\u00bb txt_transform=\u00a0\u00bbnone\u00a0\u00bb font_family=\u00a0\u00bbnone\u00a0\u00bb]La figure de Full Certificate en tant que<strong>\u00a0Tiers de Confiance Europ\u00e9en<\/strong> <span style=\"color: #0062af;\">garantit la validit\u00e9 juridique de vos envois<\/span>. Rapide, \u00e9conomique, \u00e9cologique et confortable, depuis votre ordinateur, gagnez du temps et de nombreuses heures de travail dans les bureaux professionnels. De plus, nous offrons, avec tous nos produits, un <span style=\"color: #0062af;\">service de t\u00e9moin<\/span> \u00e0 la demande.[\/mk_fancy_title][\/vc_column_inner][\/vc_row_inner][mk_fancy_title color=\u00a0\u00bb#000000&Prime; size=\u00a0\u00bb25&Prime; font_weight=\u00a0\u00bbnormal\u00a0\u00bb font_style=\u00a0\u00bbnormal\u00a0\u00bb txt_transform=\u00a0\u00bbuppercase\u00a0\u00bb margin_top=\u00a0\u00bb20&Prime; margin_bottom=\u00a0\u00bb0&Prime; font_family=\u00a0\u00bbnone\u00a0\u00bb]\n<div class=\"tlid-input input\">\n<div class=\"source-wrap\">\n<div class=\"input-full-height-wrapper tlid-input-full-height-wrapper\">\n<div class=\"source-input\">\n<div class=\"source-footer-wrap source-or-target-footer\">\n<div class=\"character-count tlid-character-count\">\n<div>LE PROCESSUS D&rsquo;APPELS CERTIFI\u00c9S TEXT2VOICE<\/div>\n<\/div>\n<\/div>\n<\/div>\n<\/div>\n<\/div>\n<\/div>\n[\/mk_fancy_title][mk_divider style=\u00a0\u00bbthin_solid\u00a0\u00bb thickness=\u00a0\u00bb4&Prime; margin_top=\u00a0\u00bb0&Prime;][mk_fancy_title tag_name=\u00a0\u00bbh1&Prime; color=\u00a0\u00bb#0062af\u00a0\u00bb size=\u00a0\u00bb20&Prime; font_weight=\u00a0\u00bbbold\u00a0\u00bb font_style=\u00a0\u00bbnormal\u00a0\u00bb txt_transform=\u00a0\u00bbuppercase\u00a0\u00bb margin_top=\u00a0\u00bb20&Prime; margin_bottom=\u00a0\u00bb0&Prime; font_family=\u00a0\u00bbnone\u00a0\u00bb]UN MESSAGE VOCAL[\/mk_fancy_title][mk_fancy_title color=\u00a0\u00bb#f2006e\u00a0\u00bb size=\u00a0\u00bb20&Prime; font_weight=\u00a0\u00bbnormal\u00a0\u00bb font_style=\u00a0\u00bbnormal\u00a0\u00bb txt_transform=\u00a0\u00bbnone\u00a0\u00bb margin_bottom=\u00a0\u00bb0&Prime; font_family=\u00a0\u00bbnone\u00a0\u00bb]Enregistrez un fichier vocal sous forme de message.[\/mk_fancy_title][vc_row_inner padding=\u00a0\u00bb0&Prime;][vc_column_inner width=\u00a0\u00bb1\/6&Prime;][mk_image src=\u00a0\u00bbhttps:\/\/fullcertificate.com\/wp-content\/uploads\/2016\/05\/doce-1.png\u00a0\u00bb image_width=\u00a0\u00bb82&Prime; image_height=\u00a0\u00bb92&Prime; align=\u00a0\u00bbcenter\u00a0\u00bb margin_bottom=\u00a0\u00bb0&Prime; crop=\u00a0\u00bbfalse\u00a0\u00bb][mk_image src=\u00a0\u00bbhttps:\/\/fullcertificate.com\/wp-content\/uploads\/2016\/05\/Captura-de-pantalla-2016-05-27-a-las-09.20.23-1.png\u00a0\u00bb image_width=\u00a0\u00bb53&Prime; image_height=\u00a0\u00bb48&Prime; align=\u00a0\u00bbcenter\u00a0\u00bb margin_bottom=\u00a0\u00bb0&Prime; crop=\u00a0\u00bbfalse\u00a0\u00bb][mk_fancy_title color=\u00a0\u00bb#404040&Prime; size=\u00a0\u00bb11&Prime; font_weight=\u00a0\u00bbbold\u00a0\u00bb font_style=\u00a0\u00bbinhert\u00a0\u00bb txt_transform=\u00a0\u00bbnone\u00a0\u00bb margin_bottom=\u00a0\u00bb0&Prime; font_family=\u00a0\u00bbnone\u00a0\u00bb align=\u00a0\u00bbcenter\u00a0\u00bb]\n<p style=\"text-align: center;\">S\u00e9lectionnez l&rsquo;option Certificat de message vocal<\/p>\n[\/mk_fancy_title][\/vc_column_inner][vc_column_inner width=\u00a0\u00bb1\/6&Prime;][mk_image src=\u00a0\u00bbhttps:\/\/fullcertificate.com\/wp-content\/uploads\/2016\/05\/tres-1.png\u00a0\u00bb image_width=\u00a0\u00bb82&Prime; image_height=\u00a0\u00bb92&Prime; align=\u00a0\u00bbcenter\u00a0\u00bb margin_bottom=\u00a0\u00bb0&Prime; crop=\u00a0\u00bbfalse\u00a0\u00bb][mk_image src=\u00a0\u00bbhttps:\/\/fullcertificate.com\/wp-content\/uploads\/2016\/05\/Captura-de-pantalla-2016-05-27-a-las-09.20.23-1.png\u00a0\u00bb image_width=\u00a0\u00bb53&Prime; image_height=\u00a0\u00bb48&Prime; align=\u00a0\u00bbcenter\u00a0\u00bb margin_bottom=\u00a0\u00bb0&Prime; crop=\u00a0\u00bbfalse\u00a0\u00bb][mk_fancy_title color=\u00a0\u00bb#404040&Prime; size=\u00a0\u00bb11&Prime; font_weight=\u00a0\u00bbbold\u00a0\u00bb font_style=\u00a0\u00bbinhert\u00a0\u00bb txt_transform=\u00a0\u00bbnone\u00a0\u00bb margin_bottom=\u00a0\u00bb0&Prime; font_family=\u00a0\u00bbnone\u00a0\u00bb align=\u00a0\u00bbcenter\u00a0\u00bb]\n<p style=\"text-align: center;\">Entrez le num\u00e9ro de t\u00e9l\u00e9phone \u00e0 partir duquel le message certifi\u00e9 sera envoy\u00e9<\/p>\n[\/mk_fancy_title][\/vc_column_inner][vc_column_inner width=\u00a0\u00bb1\/6&Prime;][mk_image src=\u00a0\u00bbhttps:\/\/fullcertificate.com\/wp-content\/uploads\/2016\/05\/cinco-1.png\u00a0\u00bb image_width=\u00a0\u00bb82&Prime; image_height=\u00a0\u00bb92&Prime; align=\u00a0\u00bbcenter\u00a0\u00bb margin_bottom=\u00a0\u00bb0&Prime; crop=\u00a0\u00bbfalse\u00a0\u00bb][mk_image src=\u00a0\u00bbhttps:\/\/fullcertificate.com\/wp-content\/uploads\/2016\/05\/Captura-de-pantalla-2016-05-27-a-las-09.20.23-1.png\u00a0\u00bb image_width=\u00a0\u00bb53&Prime; image_height=\u00a0\u00bb48&Prime; align=\u00a0\u00bbcenter\u00a0\u00bb margin_bottom=\u00a0\u00bb0&Prime; crop=\u00a0\u00bbfalse\u00a0\u00bb][mk_fancy_title color=\u00a0\u00bb#404040&Prime; size=\u00a0\u00bb11&Prime; font_weight=\u00a0\u00bbbold\u00a0\u00bb font_style=\u00a0\u00bbinhert\u00a0\u00bb txt_transform=\u00a0\u00bbnone\u00a0\u00bb margin_bottom=\u00a0\u00bb0&Prime; font_family=\u00a0\u00bbnone\u00a0\u00bb align=\u00a0\u00bbcenter\u00a0\u00bb]\n<p style=\"text-align: center;\">Entrez les d\u00e9tails de la personne \/ entreprise \u00e0 qui vous enverrez le message<\/p>\n[\/mk_fancy_title][\/vc_column_inner][vc_column_inner width=\u00a0\u00bb1\/6&Prime;][mk_image src=\u00a0\u00bbhttps:\/\/fullcertificate.com\/wp-content\/uploads\/2016\/05\/once-1.png\u00a0\u00bb image_width=\u00a0\u00bb82&Prime; image_height=\u00a0\u00bb92&Prime; align=\u00a0\u00bbcenter\u00a0\u00bb margin_bottom=\u00a0\u00bb0&Prime; crop=\u00a0\u00bbfalse\u00a0\u00bb][mk_image src=\u00a0\u00bbhttps:\/\/fullcertificate.com\/wp-content\/uploads\/2016\/05\/Captura-de-pantalla-2016-05-27-a-las-09.20.23-1.png\u00a0\u00bb image_width=\u00a0\u00bb53&Prime; image_height=\u00a0\u00bb48&Prime; align=\u00a0\u00bbcenter\u00a0\u00bb margin_bottom=\u00a0\u00bb0&Prime; crop=\u00a0\u00bbfalse\u00a0\u00bb][mk_fancy_title color=\u00a0\u00bb#404040&Prime; size=\u00a0\u00bb11&Prime; font_weight=\u00a0\u00bbbold\u00a0\u00bb font_style=\u00a0\u00bbinhert\u00a0\u00bb txt_transform=\u00a0\u00bbnone\u00a0\u00bb margin_bottom=\u00a0\u00bb0&Prime; font_family=\u00a0\u00bbnone\u00a0\u00bb align=\u00a0\u00bbcenter\u00a0\u00bb]\n<p style=\"text-align: center;\">Le syst\u00e8me appelle et lit le message au destinataire. Enregistrement certifi\u00e9<\/p>\n[\/mk_fancy_title][\/vc_column_inner][vc_column_inner width=\u00a0\u00bb1\/6&Prime;][\/vc_column_inner][vc_column_inner width=\u00a0\u00bb1\/6&Prime;][\/vc_column_inner][\/vc_row_inner][mk_fancy_title tag_name=\u00a0\u00bbh4&Prime; color=\u00a0\u00bb#000000&Prime; font_weight=\u00a0\u00bbnormal\u00a0\u00bb font_style=\u00a0\u00bbnormal\u00a0\u00bb txt_transform=\u00a0\u00bbnone\u00a0\u00bb font_family=\u00a0\u00bbnone\u00a0\u00bb]\n<div>Vous pouvez enregistrer un message vocal et le syst\u00e8me vocal de <strong>Full Certificate<\/strong> l&rsquo;enregistrera pour une utilisation ult\u00e9rieure. Le certificat final peut \u00eatre ouvert avec<span style=\"color: #0062af;\"> Adobe Reader<\/span> et vous pouvez acc\u00e9der au fichier vocal dans la zone des fichiers joints. Compte tenu de la grande diversit\u00e9 des cas d&rsquo;utilisation de ce service et de sa validit\u00e9 juridique, <strong>Full Certificate<\/strong> enregistrera et certifiera uniquement la communication verbale sans aucune responsabilit\u00e9 pour son utilisation et ses poursuites judiciaires.<\/div>\n[\/mk_fancy_title][\/vc_column][vc_column border_color=\u00a0\u00bb#ffffff\u00a0\u00bb width=\u00a0\u00bb1\/4&Prime;][vc_row_inner padding=\u00a0\u00bb0&Prime;][vc_column_inner][mk_image src=\u00a0\u00bbhttps:\/\/fullcertificate.com\/wp-content\/uploads\/2018\/12\/european-trusted-third-party-full-certificate.png\u00a0\u00bb image_width=\u00a0\u00bb180&Prime; align=\u00a0\u00bbcenter\u00a0\u00bb margin_bottom=\u00a0\u00bb35&Prime; crop=\u00a0\u00bbfalse\u00a0\u00bb][\/vc_column_inner][\/vc_row_inner][vc_row_inner padding=\u00a0\u00bb0&Prime;][vc_column_inner css=\u00a0\u00bb.vc_custom_1494934152028{border: 1px solid #e80000 !important;}\u00a0\u00bb][mk_fancy_title color=\u00a0\u00bb#000000&Prime; size=\u00a0\u00bb20&Prime; font_weight=\u00a0\u00bbbold\u00a0\u00bb font_style=\u00a0\u00bbnormal\u00a0\u00bb txt_transform=\u00a0\u00bbuppercase\u00a0\u00bb margin_top=\u00a0\u00bb20&Prime; margin_bottom=\u00a0\u00bb0&Prime; font_family=\u00a0\u00bbnone\u00a0\u00bb align=\u00a0\u00bbcenter\u00a0\u00bb]\n<p style=\"text-align: center;\">INSCRIVEZ-VOUS GRATUITEMENT<\/p>\n[\/mk_fancy_title][mk_fancy_title color=\u00a0\u00bb#000000&Prime; size=\u00a0\u00bb16&Prime; font_weight=\u00a0\u00bbnormal\u00a0\u00bb font_style=\u00a0\u00bbnormal\u00a0\u00bb txt_transform=\u00a0\u00bbnone\u00a0\u00bb margin_bottom=\u00a0\u00bb0&Prime; font_family=\u00a0\u00bbnone\u00a0\u00bb align=\u00a0\u00bbcenter\u00a0\u00bb]\n<p style=\"text-align: center;\">Essayez nos services certifi\u00e9s avec une validit\u00e9 l\u00e9gale compl\u00e8te.<\/p>\n<p>&nbsp;<\/p>\n<p style=\"text-align: center;\"><strong><span style=\"color: #0062b0;\">Pas de frais, pas de contrat.<\/span><br \/>\n<\/strong>Votre solde n&rsquo;expire jamais.<\/p>\n[\/mk_fancy_title][mk_button dimension=\u00a0\u00bbflat\u00a0\u00bb corner_style=\u00a0\u00bbrounded\u00a0\u00bb size=\u00a0\u00bbmedium\u00a0\u00bb url=\u00a0\u00bbhttps:\/\/cloud.fullcertificate.com\/register\u00a0\u00bb target=\u00a0\u00bb_blank\u00a0\u00bb align=\u00a0\u00bbcenter\u00a0\u00bb button_custom_width=\u00a0\u00bb160&Prime; bg_color=\u00a0\u00bb#f2006e\u00a0\u00bb btn_hover_bg=\u00a0\u00bb#252525&Prime; btn_hover_txt_color=\u00a0\u00bb#ffffff\u00a0\u00bb]CLIQUEZ ICI[\/mk_button][\/vc_column_inner][\/vc_row_inner][vc_row_inner padding=\u00a0\u00bb0&Prime; el_class=\u00a0\u00bbocultarPack\u00a0\u00bb][vc_column_inner][vc_empty_space][\/vc_column_inner][\/vc_row_inner][vc_row_inner padding=\u00a0\u00bb0&Prime;][vc_column_inner][vc_empty_space height=\u00a0\u00bb20px\u00a0\u00bb][mk_icon_box2 icon_type=\u00a0\u00bbimage\u00a0\u00bb title_size=\u00a0\u00bb0&Prime; title_top_padding=\u00a0\u00bb0&Prime; title_bottom_padding=\u00a0\u00bb0&Prime;]<a href=\"https:\/\/fullcertificate.com\/fr\/smartmoney\/\"><img loading=\"lazy\" class=\"wp-image-6433 size-medium aligncenter\" src=\"https:\/\/fullcertificate.com\/wp-content\/uploads\/2018\/10\/logo-smartmoney-1.png\" alt=\"\" width=\"180\" height=\"31\" \/><\/a><a href=\"https:\/\/fullcertificate.com\/fr\/smartmoney\/\"><img loading=\"lazy\" class=\"wp-image-6439 size-medium aligncenter\" src=\"https:\/\/fullcertificate.com\/wp-content\/uploads\/2018\/10\/grafico-smart-money-3-1.png\" alt=\"\" width=\"170\" height=\"300\" \/><\/a><\/p>\n<p style=\"text-align: center;\"><strong><span style=\"color: #0062b0;\"><a style=\"color: #0062b0;\" href=\"https:\/\/fullcertificate.com\/fr\/smartmoney\/\">SMART MONEY<\/a><br \/>\n<\/span><\/strong>Smart Contracts<br \/>\nSmart Payments<br \/>\n<span style=\"color: #000000; text-decoration: none;\">Smart Recovery<br \/>\nDashboard<br \/>\n<\/span><\/p>\n[\/mk_icon_box2][mk_icon_box2 icon_type=\u00a0\u00bbimage\u00a0\u00bb title_size=\u00a0\u00bb0&Prime; title_top_padding=\u00a0\u00bb0&Prime; title_bottom_padding=\u00a0\u00bb0&Prime;]<a href=\"https:\/\/fullcertificate.com\/fr\/smartone2one\/\"><img loading=\"lazy\" class=\"wp-image-6433 size-medium aligncenter\" src=\"https:\/\/fullcertificate.com\/wp-content\/uploads\/2018\/10\/logo-smart-one2one-2-1.png\" alt=\"\" width=\"226\" height=\"31\" \/><\/a><a href=\"https:\/\/fullcertificate.com\/fr\/smartone2one\/\"><img loading=\"lazy\" class=\"wp-image-6439 size-medium aligncenter\" src=\"https:\/\/fullcertificate.com\/wp-content\/uploads\/2018\/10\/grafico-smart-one2one-1.png\" alt=\"\" width=\"170\" height=\"300\" \/><\/a><\/p>\n<p style=\"text-align: center;\"><strong><span style=\"color: #0062b0;\"><a style=\"color: #0062b0;\" href=\"https:\/\/fullcertificate.com\/fr\/smartone2one\/\">SMART ONE2ONE<\/a><br \/>\n<\/span><\/strong>Notifications personnalis\u00e9es<br \/>\nVolume d&rsquo;ex\u00e9cution \u00e9lev\u00e9<br \/>\nCertification multicanal<br \/>\nHaute disponibilit\u00e9<\/p>\n[\/mk_icon_box2][\/vc_column_inner][\/vc_row_inner][vc_empty_space height=\u00a0\u00bb20px\u00a0\u00bb][vc_row_inner padding=\u00a0\u00bb0&Prime; el_class=\u00a0\u00bbocultar\u00a0\u00bb][vc_column_inner css=\u00a0\u00bb.vc_custom_1540979094932{border-top-width: 1px !important;border-right-width: 1px !important;border-bottom-width: 1px !important;border-left-width: 1px !important;padding-top: 20px !important;padding-bottom: 20px !important;background-color: #ffffff !important;border-left-color: #1e73be !important;border-left-style: solid !important;border-right-color: #1e73be !important;border-right-style: solid !important;border-top-color: #1e73be !important;border-top-style: solid !important;border-bottom-color: #1e73be !important;border-bottom-style: solid !important;}\u00a0\u00bb][mk_fancy_title color=\u00a0\u00bb#000000&Prime; size=\u00a0\u00bb20&Prime; font_weight=\u00a0\u00bbbold\u00a0\u00bb font_style=\u00a0\u00bbnormal\u00a0\u00bb txt_transform=\u00a0\u00bbuppercase\u00a0\u00bb margin_bottom=\u00a0\u00bb0&Prime; font_family=\u00a0\u00bbnone\u00a0\u00bb align=\u00a0\u00bbcenter\u00a0\u00bb]\n<p style=\"text-align: center;\">DONN\u00c9ES DE CONTACT<\/p>\n[\/mk_fancy_title][mk_fancy_title color=\u00a0\u00bb#1e73be\u00a0\u00bb font_style=\u00a0\u00bbnormal\u00a0\u00bb txt_transform=\u00a0\u00bbnone\u00a0\u00bb margin_bottom=\u00a0\u00bb18&Prime; font_family=\u00a0\u00bbnone\u00a0\u00bb align=\u00a0\u00bbcenter\u00a0\u00bb]\n<p style=\"text-align: center;\"><strong>T\u00e9l\u00e9phone:<\/strong> EU &#8211; ES: 0034 910 052 659<br \/>\nEU &#8211; IT: 0039 0687165152<br \/>\nLATAM: 0052 55 4162 9666<\/p>\n<p style=\"text-align: center;\"><strong>Adresse: <\/strong>Rue Boix y Morer #6, Grenier.<br \/>\n28003 Madrid, Espagne<\/p>\n[\/mk_fancy_title][mk_button dimension=\u00a0\u00bbflat\u00a0\u00bb corner_style=\u00a0\u00bbrounded\u00a0\u00bb size=\u00a0\u00bbmedium\u00a0\u00bb url=\u00a0\u00bbhttps:\/\/fullcertificate.com\/fr\/contactez-nous\/\u00a0\u00bb align=\u00a0\u00bbcenter\u00a0\u00bb button_custom_width=\u00a0\u00bb160&Prime; bg_color=\u00a0\u00bb#0062b0&Prime; btn_hover_bg=\u00a0\u00bb#252525&Prime;]CONTACTEZ NOUS[\/mk_button][\/vc_column_inner][\/vc_row_inner][\/vc_column][\/mk_page_section][vc_column][\/vc_column][mk_divider style=\u00a0\u00bbthin_solid\u00a0\u00bb thickness=\u00a0\u00bb4&Prime; margin_top=\u00a0\u00bb10&Prime; margin_bottom=\u00a0\u00bb40&Prime;][vc_row_inner padding=\u00a0\u00bb0&Prime;][vc_column_inner width=\u00a0\u00bb1\/4&Prime;][\/vc_column_inner][vc_column_inner width=\u00a0\u00bb1\/2&Prime;][mk_fancy_title tag_name=\u00a0\u00bbh4&Prime; color=\u00a0\u00bb#393836&Prime; size=\u00a0\u00bb30&Prime; font_weight=\u00a0\u00bbnormal\u00a0\u00bb font_style=\u00a0\u00bbnormal\u00a0\u00bb txt_transform=\u00a0\u00bbuppercase\u00a0\u00bb margin_bottom=\u00a0\u00bb18&Prime; font_family=\u00a0\u00bbnone\u00a0\u00bb align=\u00a0\u00bbcenter\u00a0\u00bb]\n<p style=\"text-align: center;\">AVEC LA GARANTIE DE<\/p>\n[\/mk_fancy_title][mk_image src=\u00a0\u00bbhttps:\/\/fullcertificate.com\/wp-content\/uploads\/2022\/04\/footer-nuevo-WE-VOTE.jpg\u00a0\u00bb image_width=\u00a0\u00bb1500&Prime; image_height=\u00a0\u00bb216&Prime; link=\u00a0\u00bbhttp:\/\/fullcertificate.com\/\u00a0\u00bb target=\u00a0\u00bb_blank\u00a0\u00bb align=\u00a0\u00bbcenter\u00a0\u00bb margin_bottom=\u00a0\u00bb40&Prime; el_class=\u00a0\u00bbimagen-footer-centro\u00a0\u00bb crop=\u00a0\u00bbfalse\u00a0\u00bb][\/vc_column_inner][vc_column_inner width=\u00a0\u00bb1\/4&Prime;][\/vc_column_inner][\/vc_row_inner]\n","protected":false},"excerpt":{"rendered":"<p>[mk_page_section bg_image=\u00a0\u00bbhttps:\/\/fullcertificate.com\/wp-content\/uploads\/2017\/03\/llamadas-certificadas-texto-voz-mensaje-1.jpg\u00a0\u00bb bg_position=\u00a0\u00bbcenter top\u00a0\u00bb bg_repeat=\u00a0\u00bbno-repeat\u00a0\u00bb bg_stretch=\u00a0\u00bbtrue\u00a0\u00bb min_height=\u00a0\u00bb350&Prime; padding_top=\u00a0\u00bb20&Prime; padding_bottom=\u00a0\u00bb0&Prime; first_page=\u00a0\u00bbtrue\u00a0\u00bb last_page=\u00a0\u00bbtrue\u00a0\u00bb sidebar=\u00a0\u00bbsidebar-1&Prime;][vc_column][mk_fancy_title color=\u00a0\u00bb#000000&Prime; size=\u00a0\u00bb40&Prime; font_weight=\u00a0\u00bbnormal\u00a0\u00bb font_style=\u00a0\u00bbinhert\u00a0\u00bb txt_transform=\u00a0\u00bbnone\u00a0\u00bb margin_top=\u00a0\u00bb60&Prime; margin_bottom=\u00a0\u00bb0&Prime; font_family=\u00a0\u00bbnone\u00a0\u00bb]Appels Certifi\u00e9s Texte \u00e0 Message Vocal[\/mk_fancy_title][mk_fancy_title color=\u00a0\u00bb#000000&Prime; size=\u00a0\u00bb25&Prime; font_weight=\u00a0\u00bb300&Prime; font_style=\u00a0\u00bbinhert\u00a0\u00bb txt_transform=\u00a0\u00bbnone\u00a0\u00bb margin_bottom=\u00a0\u00bb0&Prime; font_family=\u00a0\u00bbnone\u00a0\u00bb]\u00c9crivez un texte qui sera communiqu\u00e9 via un appel vocal[\/mk_fancy_title][mk_button dimension=\u00a0\u00bbflat\u00a0\u00bb size=\u00a0\u00bbmedium\u00a0\u00bb url=\u00a0\u00bbhttps:\/\/cloud.fullcertificate.com\/register\u00a0\u00bb target=\u00a0\u00bb_blank\u00a0\u00bb button_custom_width=\u00a0\u00bb250&Prime; bg_color=\u00a0\u00bb#0062b0&Prime; btn_hover_bg=\u00a0\u00bb#252525&Prime;]CONTACTER MAINTNANT[\/mk_button][\/vc_column][\/mk_page_section][mk_page_section padding_top=\u00a0\u00bb50&Prime; padding_bottom=\u00a0\u00bb50&Prime; first_page=\u00a0\u00bbfalse\u00a0\u00bb last_page=\u00a0\u00bbfalse\u00a0\u00bb sidebar=\u00a0\u00bbsidebar-1&Prime;][vc_column width=\u00a0\u00bb3\/4&Prime;][mk_fancy_title [&hellip;]<\/p>\n","protected":false},"author":2,"featured_media":0,"parent":0,"menu_order":0,"comment_status":"closed","ping_status":"closed","template":"","meta":{"_bbp_topic_count":0,"_bbp_reply_count":0,"_bbp_total_topic_count":0,"_bbp_total_reply_count":0,"_bbp_voice_count":0,"_bbp_anonymous_reply_count":0,"_bbp_topic_count_hidden":0,"_bbp_reply_count_hidden":0,"_bbp_forum_subforum_count":0},"_links":{"self":[{"href":"https:\/\/www.fullcertificate.com\/fr\/wp-json\/wp\/v2\/pages\/14649"}],"collection":[{"href":"https:\/\/www.fullcertificate.com\/fr\/wp-json\/wp\/v2\/pages"}],"about":[{"href":"https:\/\/www.fullcertificate.com\/fr\/wp-json\/wp\/v2\/types\/page"}],"author":[{"embeddable":true,"href":"https:\/\/www.fullcertificate.com\/fr\/wp-json\/wp\/v2\/users\/2"}],"replies":[{"embeddable":true,"href":"https:\/\/www.fullcertificate.com\/fr\/wp-json\/wp\/v2\/comments?post=14649"}],"version-history":[{"count":15,"href":"https:\/\/www.fullcertificate.com\/fr\/wp-json\/wp\/v2\/pages\/14649\/revisions"}],"predecessor-version":[{"id":27482,"href":"https:\/\/www.fullcertificate.com\/fr\/wp-json\/wp\/v2\/pages\/14649\/revisions\/27482"}],"wp:attachment":[{"href":"https:\/\/www.fullcertificate.com\/fr\/wp-json\/wp\/v2\/media?parent=14649"}],"curies":[{"name":"wp","href":"https:\/\/api.w.org\/{rel}","templated":true}]}}