{"id":14663,"date":"2019-02-12T15:54:32","date_gmt":"2019-02-12T15:54:32","guid":{"rendered":"https:\/\/fullcertificate.com\/?page_id=14663"},"modified":"2022-04-12T12:04:12","modified_gmt":"2022-04-12T12:04:12","slug":"contactez-nous","status":"publish","type":"page","link":"https:\/\/www.fullcertificate.com\/fr\/contactez-nous\/","title":{"rendered":"Contactez-nous"},"content":{"rendered":"[mk_page_section padding_top=\u00a0\u00bb0&Prime; padding_bottom=\u00a0\u00bb50&Prime; first_page=\u00a0\u00bbfalse\u00a0\u00bb last_page=\u00a0\u00bbfalse\u00a0\u00bb sidebar=\u00a0\u00bbsidebar-1&Prime;][vc_column width=\u00a0\u00bb3\/4&Prime;][mk_fancy_title tag_name=\u00a0\u00bbh1&Prime; color=\u00a0\u00bb#0062af\u00a0\u00bb size=\u00a0\u00bb40&Prime; font_weight=\u00a0\u00bbnormal\u00a0\u00bb font_style=\u00a0\u00bbnormal\u00a0\u00bb txt_transform=\u00a0\u00bbnone\u00a0\u00bb margin_bottom=\u00a0\u00bb0&Prime; font_family=\u00a0\u00bbnone\u00a0\u00bb]Contactez-nous[\/mk_fancy_title][mk_divider style=\u00a0\u00bbthin_solid\u00a0\u00bb thickness=\u00a0\u00bb4&Prime; margin_top=\u00a0\u00bb0&Prime;][mk_fancy_title color=\u00a0\u00bb#000000&Prime; size=\u00a0\u00bb15&Prime; font_weight=\u00a0\u00bbnormal\u00a0\u00bb font_style=\u00a0\u00bbnormal\u00a0\u00bb txt_transform=\u00a0\u00bbnone\u00a0\u00bb margin_bottom=\u00a0\u00bb0&Prime; font_family=\u00a0\u00bbnone\u00a0\u00bb]\n<p class=\"compra\">Remplissez ce formulaire si vous avez des questions sur le service Lettre Recommand\u00e9e \u00c9lectronique avec Contenu Certifi\u00e9 ou autres et un consultant vous contactera le plus t\u00f4t possible.<\/p>\n[\/mk_fancy_title]<div class=\"wpforms-container wpforms-container-full\" id=\"wpforms-15821\"><form id=\"wpforms-form-15821\" class=\"wpforms-validate wpforms-form wpforms-ajax-form\" data-formid=\"15821\" method=\"post\" enctype=\"multipart\/form-data\" action=\"\/fr\/wp-json\/wp\/v2\/pages\/14663\" data-token=\"b60977892b539c5571aefe0acacbbeff\" data-token-time=\"1778245814\"><noscript class=\"wpforms-error-noscript\">Veuillez activer JavaScript dans votre navigateur pour remplir ce formulaire.<\/noscript><div class=\"wpforms-field-container\"><div id=\"wpforms-15821-field_0-container\" class=\"wpforms-field wpforms-field-name\" data-field-id=\"0\"><label class=\"wpforms-field-label\" for=\"wpforms-15821-field_0\">Nom et Pr\u00e9nom <span class=\"wpforms-required-label\">*<\/span><\/label><div class=\"wpforms-field-row wpforms-field-large\"><div class=\"wpforms-field-row-block wpforms-first wpforms-one-half\"><input type=\"text\" id=\"wpforms-15821-field_0\" class=\"wpforms-field-name-first wpforms-field-required\" name=\"wpforms[fields][0][first]\" required><label for=\"wpforms-15821-field_0\" class=\"wpforms-field-sublabel after wpforms-sublabel-hide\">Pr\u00e9nom<\/label><\/div><div class=\"wpforms-field-row-block wpforms-one-half\"><input type=\"text\" id=\"wpforms-15821-field_0-last\" class=\"wpforms-field-name-last wpforms-field-required\" name=\"wpforms[fields][0][last]\" required><label for=\"wpforms-15821-field_0-last\" class=\"wpforms-field-sublabel after wpforms-sublabel-hide\">Nom<\/label><\/div><\/div><\/div><div id=\"wpforms-15821-field_3-container\" class=\"wpforms-field wpforms-field-text\" data-field-id=\"3\"><label class=\"wpforms-field-label\" for=\"wpforms-15821-field_3\">Entreprise<\/label><input type=\"text\" id=\"wpforms-15821-field_3\" class=\"wpforms-field-large\" name=\"wpforms[fields][3]\" placeholder=\"Nom d&#039;entreprise\" ><\/div><div id=\"wpforms-15821-field_4-container\" class=\"wpforms-field wpforms-field-text\" data-field-id=\"4\"><label class=\"wpforms-field-label\" for=\"wpforms-15821-field_4\">Poste<\/label><input type=\"text\" id=\"wpforms-15821-field_4\" class=\"wpforms-field-large\" name=\"wpforms[fields][4]\" placeholder=\"Position qu&#039;il poss\u00e8de dans l&#039;entreprise\" ><\/div><div id=\"wpforms-15821-field_1-container\" class=\"wpforms-field wpforms-field-email\" data-field-id=\"1\"><label class=\"wpforms-field-label\" for=\"wpforms-15821-field_1\">eMail <span class=\"wpforms-required-label\">*<\/span><\/label><input type=\"email\" id=\"wpforms-15821-field_1\" class=\"wpforms-field-large wpforms-field-required\" name=\"wpforms[fields][1]\" spellcheck=\"false\" required><\/div><div id=\"wpforms-15821-field_6-container\" class=\"wpforms-field wpforms-field-text\" data-field-id=\"6\"><label class=\"wpforms-field-label\" for=\"wpforms-15821-field_6\">T\u00e9l\u00e9phone de contact <span class=\"wpforms-required-label\">*<\/span><\/label><input type=\"text\" id=\"wpforms-15821-field_6\" class=\"wpforms-field-large wpforms-field-required\" name=\"wpforms[fields][6]\" required><\/div><div id=\"wpforms-15821-field_7-container\" class=\"wpforms-field wpforms-field-text\" data-field-id=\"7\"><label class=\"wpforms-field-label\" for=\"wpforms-15821-field_7\">Secteur<\/label><input type=\"text\" id=\"wpforms-15821-field_7\" class=\"wpforms-field-large\" name=\"wpforms[fields][7]\" ><\/div><div id=\"wpforms-15821-field_8-container\" class=\"wpforms-field wpforms-field-radio wpforms-list-3-columns\" data-field-id=\"8\"><label class=\"wpforms-field-label\">Service de votre int\u00e9r\u00eat<\/label><ul id=\"wpforms-15821-field_8\"><li class=\"choice-1 depth-1\"><input type=\"radio\" id=\"wpforms-15821-field_8_1\" name=\"wpforms[fields][8]\" value=\"COMMUNICATIONS CERTIFI\u00c9ES\"  ><label class=\"wpforms-field-label-inline\" for=\"wpforms-15821-field_8_1\">COMMUNICATIONS CERTIFI\u00c9ES<\/label><\/li><li class=\"choice-22 depth-1\"><input type=\"radio\" id=\"wpforms-15821-field_8_22\" name=\"wpforms[fields][8]\" value=\"Certificats SMS\"  ><label class=\"wpforms-field-label-inline\" for=\"wpforms-15821-field_8_22\">Certificats SMS<\/label><\/li><li class=\"choice-2 depth-1\"><input type=\"radio\" id=\"wpforms-15821-field_8_2\" name=\"wpforms[fields][8]\" value=\"Lettre Recommand\u00e9e en Ligne\"  ><label class=\"wpforms-field-label-inline\" for=\"wpforms-15821-field_8_2\">Lettre Recommand\u00e9e en Ligne<\/label><\/li><li class=\"choice-3 depth-1\"><input type=\"radio\" id=\"wpforms-15821-field_8_3\" name=\"wpforms[fields][8]\" value=\"eMail Certifi\u00e9s\"  ><label class=\"wpforms-field-label-inline\" for=\"wpforms-15821-field_8_3\">eMail Certifi\u00e9s<\/label><\/li><li class=\"choice-4 depth-1\"><input type=\"radio\" id=\"wpforms-15821-field_8_4\" name=\"wpforms[fields][8]\" value=\"Faxes Certifi\u00e9es\"  ><label class=\"wpforms-field-label-inline\" for=\"wpforms-15821-field_8_4\">Faxes Certifi\u00e9es<\/label><\/li><li class=\"choice-5 depth-1\"><input type=\"radio\" id=\"wpforms-15821-field_8_5\" name=\"wpforms[fields][8]\" value=\"Contrats \/ Certificats\"  ><label class=\"wpforms-field-label-inline\" for=\"wpforms-15821-field_8_5\">Contrats \/ Certificats<\/label><\/li><li class=\"choice-6 depth-1\"><input type=\"radio\" id=\"wpforms-15821-field_8_6\" name=\"wpforms[fields][8]\" value=\"Factures Certifi\u00e9es\"  ><label class=\"wpforms-field-label-inline\" for=\"wpforms-15821-field_8_6\">Factures Certifi\u00e9es<\/label><\/li><li class=\"choice-7 depth-1\"><input type=\"radio\" id=\"wpforms-15821-field_8_7\" name=\"wpforms[fields][8]\" value=\"Re\u00e7u direct SEPA\"  ><label class=\"wpforms-field-label-inline\" for=\"wpforms-15821-field_8_7\">Re\u00e7u direct SEPA<\/label><\/li><li class=\"choice-8 depth-1\"><input type=\"radio\" id=\"wpforms-15821-field_8_8\" name=\"wpforms[fields][8]\" value=\"Conseils Certifi\u00e9s\"  ><label class=\"wpforms-field-label-inline\" for=\"wpforms-15821-field_8_8\">Conseils Certifi\u00e9s<\/label><\/li><li class=\"choice-9 depth-1\"><input type=\"radio\" id=\"wpforms-15821-field_8_9\" name=\"wpforms[fields][8]\" value=\"Documents Certifi\u00e9s\"  ><label class=\"wpforms-field-label-inline\" for=\"wpforms-15821-field_8_9\">Documents Certifi\u00e9s<\/label><\/li><li class=\"choice-10 depth-1\"><input type=\"radio\" id=\"wpforms-15821-field_8_10\" name=\"wpforms[fields][8]\" value=\"Contenu Web Certifi\u00e9\"  ><label class=\"wpforms-field-label-inline\" for=\"wpforms-15821-field_8_10\">Contenu Web Certifi\u00e9<\/label><\/li><li class=\"choice-11 depth-1\"><input type=\"radio\" id=\"wpforms-15821-field_8_11\" name=\"wpforms[fields][8]\" value=\"Certificats Photos et Vid\u00e9os \"  ><label class=\"wpforms-field-label-inline\" for=\"wpforms-15821-field_8_11\">Certificats Photos et Vid\u00e9os<\/label><\/li><li class=\"choice-12 depth-1\"><input type=\"radio\" id=\"wpforms-15821-field_8_12\" name=\"wpforms[fields][8]\" value=\"Certificat d&#039;id\u00e9es et de droits d&#039;auteur\"  ><label class=\"wpforms-field-label-inline\" for=\"wpforms-15821-field_8_12\">Certificat d'id\u00e9es et de droits d'auteur<\/label><\/li><li class=\"choice-13 depth-1\"><input type=\"radio\" id=\"wpforms-15821-field_8_13\" name=\"wpforms[fields][8]\" value=\"Appels Certifi\u00e9s\"  ><label class=\"wpforms-field-label-inline\" for=\"wpforms-15821-field_8_13\">Appels Certifi\u00e9s<\/label><\/li><li class=\"choice-14 depth-1\"><input type=\"radio\" id=\"wpforms-15821-field_8_14\" name=\"wpforms[fields][8]\" value=\"Services de Notaire\"  ><label class=\"wpforms-field-label-inline\" for=\"wpforms-15821-field_8_14\">Services de Notaire<\/label><\/li><li class=\"choice-15 depth-1\"><input type=\"radio\" id=\"wpforms-15821-field_8_15\" name=\"wpforms[fields][8]\" value=\"SMARTSERVICES\"  ><label class=\"wpforms-field-label-inline\" for=\"wpforms-15821-field_8_15\">SMARTSERVICES<\/label><\/li><li class=\"choice-16 depth-1\"><input type=\"radio\" id=\"wpforms-15821-field_8_16\" name=\"wpforms[fields][8]\" value=\"smartContracts\"  ><label class=\"wpforms-field-label-inline\" for=\"wpforms-15821-field_8_16\">smartContracts<\/label><\/li><li class=\"choice-17 depth-1\"><input type=\"radio\" id=\"wpforms-15821-field_8_17\" name=\"wpforms[fields][8]\" value=\"smartMoney\"  ><label class=\"wpforms-field-label-inline\" for=\"wpforms-15821-field_8_17\">smartMoney<\/label><\/li><li class=\"choice-18 depth-1\"><input type=\"radio\" id=\"wpforms-15821-field_8_18\" name=\"wpforms[fields][8]\" value=\"smartPayments\"  ><label class=\"wpforms-field-label-inline\" for=\"wpforms-15821-field_8_18\">smartPayments<\/label><\/li><li class=\"choice-19 depth-1\"><input type=\"radio\" id=\"wpforms-15821-field_8_19\" name=\"wpforms[fields][8]\" value=\"smartRecovery\"  ><label class=\"wpforms-field-label-inline\" for=\"wpforms-15821-field_8_19\">smartRecovery<\/label><\/li><li class=\"choice-20 depth-1\"><input type=\"radio\" id=\"wpforms-15821-field_8_20\" name=\"wpforms[fields][8]\" value=\"smartCommunities\"  ><label class=\"wpforms-field-label-inline\" for=\"wpforms-15821-field_8_20\">smartCommunities<\/label><\/li><\/ul><\/div><div id=\"wpforms-15821-field_2-container\" class=\"wpforms-field wpforms-field-textarea\" data-field-id=\"2\"><label class=\"wpforms-field-label\" for=\"wpforms-15821-field_2\">Commentaires <span class=\"wpforms-required-label\">*<\/span><\/label><textarea id=\"wpforms-15821-field_2\" class=\"wpforms-field-medium wpforms-field-required\" name=\"wpforms[fields][2]\" placeholder=\"\u00c9crivez votre message ici, description du projet, etc.\" required><\/textarea><\/div><div id=\"wpforms-15821-field_9-container\" class=\"wpforms-field wpforms-field-checkbox\" data-field-id=\"9\"><label class=\"wpforms-field-label\">Urgent<\/label><ul id=\"wpforms-15821-field_9\"><li class=\"choice-1 depth-1\"><input type=\"checkbox\" id=\"wpforms-15821-field_9_1\" name=\"wpforms[fields][9][]\" value=\"Oui\"  ><label class=\"wpforms-field-label-inline\" for=\"wpforms-15821-field_9_1\">Oui<\/label><\/li><li class=\"choice-2 depth-1\"><input type=\"checkbox\" id=\"wpforms-15821-field_9_2\" name=\"wpforms[fields][9][]\" value=\"Non\"  ><label class=\"wpforms-field-label-inline\" for=\"wpforms-15821-field_9_2\">Non<\/label><\/li><\/ul><\/div><div id=\"wpforms-15821-field_10-container\" class=\"wpforms-field wpforms-field-checkbox\" data-field-id=\"10\"><label class=\"wpforms-field-label\">Confirmez votre conformit\u00e9 <span class=\"wpforms-required-label\">*<\/span><\/label><ul id=\"wpforms-15821-field_10\" class=\"wpforms-field-required\"><li class=\"choice-1 depth-1\"><input type=\"checkbox\" id=\"wpforms-15821-field_10_1\" name=\"wpforms[fields][10][]\" value=\"J&#039;ai lu et j&#039;accepte la politique de confidentialit\u00e9\" required ><label class=\"wpforms-field-label-inline\" for=\"wpforms-15821-field_10_1\">J'ai lu et j'accepte la politique de confidentialit\u00e9<\/label><\/li><\/ul><\/div><\/div><!-- .wpforms-field-container --><div class=\"wpforms-field wpforms-field-hp\"><label for=\"wpforms-15821-field-hp\" class=\"wpforms-field-label\">Email<\/label><input type=\"text\" name=\"wpforms[hp]\" id=\"wpforms-15821-field-hp\" class=\"wpforms-field-medium\"><\/div><div class=\"wpforms-recaptcha-container wpforms-is-recaptcha wpforms-is-recaptcha-type-v2\" ><div class=\"g-recaptcha\" data-sitekey=\"6LdIprQUAAAAAEkNVEWKU5SqoV_OChZsCimVMNkk\"><\/div><input type=\"text\" name=\"g-recaptcha-hidden\" class=\"wpforms-recaptcha-hidden\" style=\"position:absolute!important;clip:rect(0,0,0,0)!important;height:1px!important;width:1px!important;border:0!important;overflow:hidden!important;padding:0!important;margin:0!important;\" data-rule-recaptcha=\"1\"><\/div><div class=\"wpforms-submit-container\" ><input type=\"hidden\" name=\"wpforms[id]\" value=\"15821\"><input type=\"hidden\" name=\"page_title\" value=\"\"><input type=\"hidden\" name=\"page_url\" value=\"https:\/\/www.fullcertificate.com\/fr\/wp-json\/wp\/v2\/pages\/14663\"><input type=\"hidden\" name=\"url_referer\" value=\"\"><button type=\"submit\" name=\"wpforms[submit]\" id=\"wpforms-submit-15821\" class=\"wpforms-submit\" data-alt-text=\"Envoi...\" data-submit-text=\"Envoyer\" aria-live=\"assertive\" value=\"wpforms-submit\">Envoyer<\/button><img src=\"https:\/\/www.fullcertificate.com\/wp-content\/plugins\/wpforms-lite\/assets\/images\/submit-spin.svg\" class=\"wpforms-submit-spinner\" style=\"display: none;\" width=\"26\" height=\"26\" alt=\"Chargement en cours\"><\/div><\/form><\/div>  <!-- .wpforms-container -->[\/vc_column][vc_column width=\u00a0\u00bb1\/4&Prime;][mk_image src=\u00a0\u00bbhttps:\/\/fullcertificate.com\/wp-content\/uploads\/2018\/12\/european-trusted-third-party-full-certificate.png\u00a0\u00bb image_width=\u00a0\u00bb180&Prime; align=\u00a0\u00bbcenter\u00a0\u00bb margin_bottom=\u00a0\u00bb35&Prime; crop=\u00a0\u00bbfalse\u00a0\u00bb][vc_row_inner padding=\u00a0\u00bb0&Prime;][vc_column_inner css=\u00a0\u00bb.vc_custom_1570440619027{padding-bottom: 5px !important;background-color: #1e73be !important;}\u00a0\u00bb][mk_fancy_title color=\u00a0\u00bb#ffffff\u00a0\u00bb size=\u00a0\u00bb20&Prime; font_weight=\u00a0\u00bbbold\u00a0\u00bb font_style=\u00a0\u00bbnormal\u00a0\u00bb txt_transform=\u00a0\u00bbuppercase\u00a0\u00bb margin_top=\u00a0\u00bb30&Prime; margin_bottom=\u00a0\u00bb0&Prime; font_family=\u00a0\u00bbnone\u00a0\u00bb align=\u00a0\u00bbcenter\u00a0\u00bb]\n<p style=\"text-align: center;\">ESPACE CLIENT<\/p>\n[\/mk_fancy_title][mk_fancy_title color=\u00a0\u00bb#ffffff\u00a0\u00bb font_weight=\u00a0\u00bbnormal\u00a0\u00bb font_style=\u00a0\u00bbnormal\u00a0\u00bb txt_transform=\u00a0\u00bbnone\u00a0\u00bb margin_bottom=\u00a0\u00bb0&Prime; font_family=\u00a0\u00bbnone\u00a0\u00bb align=\u00a0\u00bbcenter\u00a0\u00bb]\n<div class=\"clearboth\" style=\"text-align: center;\"><\/div>\n<p style=\"text-align: center;\">Acc\u00e8s \u00e0 nos services<\/p>\n[\/mk_fancy_title][mk_button dimension=\u00a0\u00bbflat\u00a0\u00bb corner_style=\u00a0\u00bbrounded\u00a0\u00bb size=\u00a0\u00bbmedium\u00a0\u00bb url=\u00a0\u00bbhttps:\/\/cloud.fullcertificate.com\/\u00a0\u00bb align=\u00a0\u00bbcenter\u00a0\u00bb fullwidth=\u00a0\u00bbtrue\u00a0\u00bb el_class=\u00a0\u00bbclick2call iframe\u00a0\u00bb bg_color=\u00a0\u00bb#ffffff\u00a0\u00bb btn_hover_bg=\u00a0\u00bb#252525&Prime; text_color=\u00a0\u00bbdark\u00a0\u00bb btn_hover_txt_color=\u00a0\u00bb#ffffff\u00a0\u00bb]ACC\u00c8S CLIENTS[\/mk_button][\/vc_column_inner][vc_column_inner][vc_empty_space][\/vc_column_inner][vc_column_inner css=\u00a0\u00bb.vc_custom_1543322889277{border-top-width: 1px !important;border-right-width: 1px !important;border-bottom-width: 1px !important;border-left-width: 1px !important;border-left-color: #1e73be !important;border-left-style: solid !important;border-right-color: #1e73be !important;border-right-style: solid !important;border-top-color: #1e73be !important;border-top-style: solid !important;border-bottom-color: #1e73be !important;border-bottom-style: solid !important;}\u00a0\u00bb][mk_fancy_title color=\u00a0\u00bb#1e73be\u00a0\u00bb size=\u00a0\u00bb20&Prime; font_weight=\u00a0\u00bbbold\u00a0\u00bb font_style=\u00a0\u00bbnormal\u00a0\u00bb txt_transform=\u00a0\u00bbuppercase\u00a0\u00bb margin_top=\u00a0\u00bb33&Prime; margin_bottom=\u00a0\u00bb0&Prime; font_family=\u00a0\u00bbnone\u00a0\u00bb align=\u00a0\u00bbcenter\u00a0\u00bb]\n<p style=\"text-align: center;\">DONN\u00c9ES DE CONTACT<\/p>\n[\/mk_fancy_title][mk_fancy_title color=\u00a0\u00bb#1e73be\u00a0\u00bb font_style=\u00a0\u00bbnormal\u00a0\u00bb txt_transform=\u00a0\u00bbnone\u00a0\u00bb margin_bottom=\u00a0\u00bb18&Prime; font_family=\u00a0\u00bbnone\u00a0\u00bb align=\u00a0\u00bbcenter\u00a0\u00bb]\n<p style=\"text-align: center;\"><strong>T\u00e9l\u00e9phone:<\/strong> EU &#8211; ES: 0034 910 052 659<br \/>\nEU &#8211; IT: 0039 0687165152<br \/>\nLATAM: 0052 55 4162 9666<\/p>\n<p style=\"text-align: center;\"><strong>Addresse:\u00a0<\/strong>Rue Boix y Morer #6, Grenier.<br \/>\n28003 Madrid, Espagne<\/p>\n[\/mk_fancy_title][\/vc_column_inner][\/vc_row_inner][\/vc_column][\/mk_page_section][vc_row padding=\u00a0\u00bb0&Prime;][vc_column][mk_divider style=\u00a0\u00bbthin_solid\u00a0\u00bb thickness=\u00a0\u00bb4&Prime; margin_top=\u00a0\u00bb10&Prime; margin_bottom=\u00a0\u00bb40&Prime;][vc_row_inner padding=\u00a0\u00bb0&Prime;][vc_column_inner width=\u00a0\u00bb1\/4&Prime;][\/vc_column_inner][vc_column_inner width=\u00a0\u00bb1\/2&Prime;][mk_fancy_title tag_name=\u00a0\u00bbh4&Prime; color=\u00a0\u00bb#393836&Prime; size=\u00a0\u00bb30&Prime; font_weight=\u00a0\u00bbnormal\u00a0\u00bb font_style=\u00a0\u00bbnormal\u00a0\u00bb txt_transform=\u00a0\u00bbuppercase\u00a0\u00bb margin_bottom=\u00a0\u00bb18&Prime; font_family=\u00a0\u00bbnone\u00a0\u00bb align=\u00a0\u00bbcenter\u00a0\u00bb]\n<p style=\"text-align: center;\">AVEC LA GARANTIE DE<\/p>\n[\/mk_fancy_title][mk_image src=\u00a0\u00bbhttps:\/\/fullcertificate.com\/wp-content\/uploads\/2022\/04\/footer-nuevo-WE-VOTE.jpg\u00a0\u00bb image_width=\u00a0\u00bb1500&Prime; image_height=\u00a0\u00bb216&Prime; align=\u00a0\u00bbcenter\u00a0\u00bb margin_bottom=\u00a0\u00bb40&Prime; el_class=\u00a0\u00bbimagen-footer-centro\u00a0\u00bb crop=\u00a0\u00bbfalse\u00a0\u00bb][\/vc_column_inner][vc_column_inner width=\u00a0\u00bb1\/4&Prime;][\/vc_column_inner][\/vc_row_inner][\/vc_column][\/vc_row][vc_row][vc_column][vc_column_text][\/vc_column_text][\/vc_column][\/vc_row]\n","protected":false},"excerpt":{"rendered":"<p>[mk_page_section padding_top=\u00a0\u00bb0&Prime; padding_bottom=\u00a0\u00bb50&Prime; first_page=\u00a0\u00bbfalse\u00a0\u00bb last_page=\u00a0\u00bbfalse\u00a0\u00bb sidebar=\u00a0\u00bbsidebar-1&Prime;][vc_column width=\u00a0\u00bb3\/4&Prime;][mk_fancy_title tag_name=\u00a0\u00bbh1&Prime; color=\u00a0\u00bb#0062af\u00a0\u00bb size=\u00a0\u00bb40&Prime; font_weight=\u00a0\u00bbnormal\u00a0\u00bb font_style=\u00a0\u00bbnormal\u00a0\u00bb txt_transform=\u00a0\u00bbnone\u00a0\u00bb margin_bottom=\u00a0\u00bb0&Prime; font_family=\u00a0\u00bbnone\u00a0\u00bb]Contactez-nous[\/mk_fancy_title][mk_divider style=\u00a0\u00bbthin_solid\u00a0\u00bb thickness=\u00a0\u00bb4&Prime; margin_top=\u00a0\u00bb0&Prime;][mk_fancy_title color=\u00a0\u00bb#000000&Prime; size=\u00a0\u00bb15&Prime; font_weight=\u00a0\u00bbnormal\u00a0\u00bb font_style=\u00a0\u00bbnormal\u00a0\u00bb txt_transform=\u00a0\u00bbnone\u00a0\u00bb margin_bottom=\u00a0\u00bb0&Prime; font_family=\u00a0\u00bbnone\u00a0\u00bb] Remplissez ce formulaire si vous avez des questions sur le service Lettre Recommand\u00e9e \u00c9lectronique avec Contenu Certifi\u00e9 ou autres et un consultant vous contactera le plus t\u00f4t possible. [\/mk_fancy_title][\/vc_column][vc_column width=\u00a0\u00bb1\/4&Prime;][mk_image [&hellip;]<\/p>\n","protected":false},"author":2,"featured_media":0,"parent":0,"menu_order":0,"comment_status":"closed","ping_status":"open","template":"","meta":{"_bbp_topic_count":0,"_bbp_reply_count":0,"_bbp_total_topic_count":0,"_bbp_total_reply_count":0,"_bbp_voice_count":0,"_bbp_anonymous_reply_count":0,"_bbp_topic_count_hidden":0,"_bbp_reply_count_hidden":0,"_bbp_forum_subforum_count":0},"_links":{"self":[{"href":"https:\/\/www.fullcertificate.com\/fr\/wp-json\/wp\/v2\/pages\/14663"}],"collection":[{"href":"https:\/\/www.fullcertificate.com\/fr\/wp-json\/wp\/v2\/pages"}],"about":[{"href":"https:\/\/www.fullcertificate.com\/fr\/wp-json\/wp\/v2\/types\/page"}],"author":[{"embeddable":true,"href":"https:\/\/www.fullcertificate.com\/fr\/wp-json\/wp\/v2\/users\/2"}],"replies":[{"embeddable":true,"href":"https:\/\/www.fullcertificate.com\/fr\/wp-json\/wp\/v2\/comments?post=14663"}],"version-history":[{"count":12,"href":"https:\/\/www.fullcertificate.com\/fr\/wp-json\/wp\/v2\/pages\/14663\/revisions"}],"predecessor-version":[{"id":27535,"href":"https:\/\/www.fullcertificate.com\/fr\/wp-json\/wp\/v2\/pages\/14663\/revisions\/27535"}],"wp:attachment":[{"href":"https:\/\/www.fullcertificate.com\/fr\/wp-json\/wp\/v2\/media?parent=14663"}],"curies":[{"name":"wp","href":"https:\/\/api.w.org\/{rel}","templated":true}]}}