{"id":14667,"date":"2019-02-12T15:55:17","date_gmt":"2019-02-12T15:55:17","guid":{"rendered":"https:\/\/fullcertificate.com\/?page_id=14667"},"modified":"2019-11-07T17:33:37","modified_gmt":"2019-11-07T17:33:37","slug":"politique-cookies","status":"publish","type":"page","link":"https:\/\/www.fullcertificate.com\/fr\/politique-cookies\/","title":{"rendered":"Politique de Cookies"},"content":{"rendered":"[vc_row][vc_column][vc_column_text disable_pattern=\u00a0\u00bbtrue\u00a0\u00bb align=\u00a0\u00bbleft\u00a0\u00bb margin_bottom=\u00a0\u00bb0&Prime;]\n<div style=\"margin: 0 5%;\">\n<h1>POLITIQUE DE COOKIES<\/h1>\n<p>Un cookie est un petit fichier texte qui est stock\u00e9 dans votre navigateur lorsque vous visitez presque n&rsquo;importe quelle page Web. Son utilit\u00e9 est que le Web est capable de m\u00e9moriser votre visite lorsque vous revenez sur cette page. Les cookies stockent g\u00e9n\u00e9ralement des informations de nature technique, pr\u00e9f\u00e9rences personnelles, personnalisation de contenu, statistiques d&rsquo;utilisation, liens vers des r\u00e9seaux sociaux, acc\u00e8s \u00e0 des comptes d&rsquo;utilisateurs, etc. Le cookie a pour but d\u2019adapter le contenu Web \u00e0 votre profil et n\u00e9cessite sans cookies de r\u00e9duire consid\u00e9rablement les services propos\u00e9s par toutes les pages. Si vous souhaitez voir plus d&rsquo;informations sur ce que sont les cookies, ce qu&rsquo;ils stockent, comment les supprimer, les d\u00e9sactiver, etc., allez sur ce lien.<\/p>\n<p>COOKIES UTILIS\u00c9S SUR CE SITE WEB<\/p>\n<p>Conform\u00e9ment aux directives de l&rsquo;Agence espagnole de protection des donn\u00e9es, nous d\u00e9crivons en d\u00e9tail l&rsquo;utilisation des cookies de ce site, afin de vous informer le plus pr\u00e9cis\u00e9ment possible.<\/p>\n<p>Ce site utilise les propres<strong> cookies suivants<\/strong>:<\/p>\n<ul>\n<li style=\"list-style-type: none;\">\n<ul>\n<li>Les cookies de session, pour garantir que les utilisateurs qui \u00e9crivent des commentaires de blog sont des applications humaines plut\u00f4t que des applications automatis\u00e9es. Cela emp\u00eache le spam.<\/li>\n<\/ul>\n<\/li>\n<\/ul>\n<p>Ce site utilise les <strong>cookies tiers suivants<\/strong>:<\/p>\n<ul>\n<li style=\"list-style-type: none;\">\n<ul>\n<li>Google Analytics: stocke les cookies afin de compiler des statistiques sur le trafic et le volume de visites sur ce site. En utilisant ce site, vous consentez express\u00e9ment au traitement des informations vous concernant par Google. Par cons\u00e9quent, vous ne devez exercer aucun droit \u00e0 cet \u00e9gard en communiquant directement avec Google.<\/li>\n<\/ul>\n<\/li>\n<\/ul>\n<ul>\n<li style=\"list-style-type: none;\">\n<ul>\n<li>R\u00e9seaux sociaux: chaque r\u00e9seau social utilise ses propres cookies afin que vous puissiez cliquer sur des boutons tels que \u00ab\u00a0J&rsquo;aime\u00a0\u00bb ou Partager.<\/li>\n<\/ul>\n<\/li>\n<\/ul>\n<h3>D\u00c9SACTIVER OU \u00c9LIMINER LES COOKIES<\/h3>\n<p>Vous pouvez \u00e0 tout moment exercer votre droit de d\u00e9sactiver ou de supprimer les cookies de ce site. Ces actions sont effectu\u00e9es diff\u00e9remment selon le navigateur que vous utilisez. Voici un guide rapide des navigateurs les plus populaires.<\/p>\n<h2>NOTES COMPLEMENTAIRES<\/h2>\n<ul>\n<li style=\"list-style-type: none;\">\n<ul>\n<li>Ni ce site ni ses repr\u00e9sentants l\u00e9gaux ne sont responsables de l&rsquo;exactitude du contenu ou des politiques de confidentialit\u00e9 que des tiers pourraient avoir mentionn\u00e9es dans cette politique de cookie.<\/li>\n<\/ul>\n<\/li>\n<\/ul>\n<ul>\n<li style=\"list-style-type: none;\">\n<ul>\n<li>Les navigateurs Web sont les outils responsables du stockage des cookies, et c\u2019est ici que vous devez effectuer correctement votre suppression ou votre d\u00e9sactivation. Ni ce site ni ses repr\u00e9sentants l\u00e9gaux ne peuvent garantir le traitement correct ou incorrect des cookies par les navigateurs mentionn\u00e9s.<\/li>\n<\/ul>\n<\/li>\n<\/ul>\n<ul>\n<li style=\"list-style-type: none;\">\n<ul>\n<li>Dans certains cas, il est n\u00e9cessaire d&rsquo;installer des cookies pour que le navigateur n&rsquo;oublie pas sa d\u00e9cision de ne pas les accepter.<\/li>\n<\/ul>\n<\/li>\n<\/ul>\n<ul>\n<li style=\"list-style-type: none;\">\n<ul>\n<li>Dans le cas des cookies de Google Analytics, cette soci\u00e9t\u00e9 stocke des cookies sur des serveurs situ\u00e9s aux \u00c9tats-Unis et s&rsquo;engage \u00e0 ne pas partager ces cookies avec des tiers, sauf dans les cas o\u00f9 cela est n\u00e9cessaire au fonctionnement du syst\u00e8me ou lorsque la loi l&rsquo;exige. partag\u00e9. Selon Google, cela n&rsquo;enregistre pas votre adresse IP. Google Inc. est une entreprise qui adh\u00e8re \u00e0 l&rsquo;accord de Porto Seguro et garantit que toutes les donn\u00e9es transf\u00e9r\u00e9es seront trait\u00e9es avec un niveau de protection conforme \u00e0 la r\u00e9glementation europ\u00e9enne. Vous pouvez consulter des informations d\u00e9taill\u00e9es \u00e0 ce sujet <a href=\"http:\/\/safeharbor.export.gov\/companyinfo.aspx?id=16626\">dans ce lien<\/a>. Si vous souhaitez des informations sur l&rsquo;utilisation des cookies par Google, nous<a href=\"https:\/\/developers.google.com\/analytics\/devguides\/collection\/analyticsjs\/cookie-usage?hl=es&amp;csw=1\"> avons joint cet autre lien<\/a>.<\/li>\n<\/ul>\n<\/li>\n<\/ul>\n<ul>\n<li>Pour toute question ou pr\u00e9occupation \u00e0 propos de cette politique en mati\u00e8re de cookies, n&rsquo;h\u00e9sitez pas \u00e0 nous contacter via la page de contact.<\/li>\n<\/ul>\n<\/div>\n[\/vc_column_text][\/vc_column][\/vc_row]\n","protected":false},"excerpt":{"rendered":"<p>[vc_row][vc_column][vc_column_text disable_pattern=\u00a0\u00bbtrue\u00a0\u00bb align=\u00a0\u00bbleft\u00a0\u00bb margin_bottom=\u00a0\u00bb0&Prime;] POLITIQUE DE COOKIES Un cookie est un petit fichier texte qui est stock\u00e9 dans votre navigateur lorsque vous visitez presque n&rsquo;importe quelle page Web. Son utilit\u00e9 est que le Web est capable de m\u00e9moriser votre visite lorsque vous revenez sur cette page. Les cookies stockent g\u00e9n\u00e9ralement des informations de nature technique, [&hellip;]<\/p>\n","protected":false},"author":2,"featured_media":0,"parent":0,"menu_order":0,"comment_status":"closed","ping_status":"open","template":"","meta":{"_bbp_topic_count":0,"_bbp_reply_count":0,"_bbp_total_topic_count":0,"_bbp_total_reply_count":0,"_bbp_voice_count":0,"_bbp_anonymous_reply_count":0,"_bbp_topic_count_hidden":0,"_bbp_reply_count_hidden":0,"_bbp_forum_subforum_count":0},"_links":{"self":[{"href":"https:\/\/www.fullcertificate.com\/fr\/wp-json\/wp\/v2\/pages\/14667"}],"collection":[{"href":"https:\/\/www.fullcertificate.com\/fr\/wp-json\/wp\/v2\/pages"}],"about":[{"href":"https:\/\/www.fullcertificate.com\/fr\/wp-json\/wp\/v2\/types\/page"}],"author":[{"embeddable":true,"href":"https:\/\/www.fullcertificate.com\/fr\/wp-json\/wp\/v2\/users\/2"}],"replies":[{"embeddable":true,"href":"https:\/\/www.fullcertificate.com\/fr\/wp-json\/wp\/v2\/comments?post=14667"}],"version-history":[{"count":7,"href":"https:\/\/www.fullcertificate.com\/fr\/wp-json\/wp\/v2\/pages\/14667\/revisions"}],"predecessor-version":[{"id":15626,"href":"https:\/\/www.fullcertificate.com\/fr\/wp-json\/wp\/v2\/pages\/14667\/revisions\/15626"}],"wp:attachment":[{"href":"https:\/\/www.fullcertificate.com\/fr\/wp-json\/wp\/v2\/media?parent=14667"}],"curies":[{"name":"wp","href":"https:\/\/api.w.org\/{rel}","templated":true}]}}