{"id":14694,"date":"2019-02-12T16:03:46","date_gmt":"2019-02-12T16:03:46","guid":{"rendered":"https:\/\/fullcertificate.com\/?page_id=14694"},"modified":"2019-11-14T17:20:21","modified_gmt":"2019-11-14T17:20:21","slug":"avis-juridique","status":"publish","type":"page","link":"https:\/\/www.fullcertificate.com\/fr\/avis-juridique\/","title":{"rendered":"Avis Juridique"},"content":{"rendered":"[vc_row fullwidth=\u00a0\u00bbfalse\u00a0\u00bb attached=\u00a0\u00bbfalse\u00a0\u00bb padding=\u00a0\u00bb5&Prime;][vc_column width=\u00a0\u00bb1\/1&Prime;][vc_column_text disable_pattern=\u00a0\u00bbtrue\u00a0\u00bb align=\u00a0\u00bbleft\u00a0\u00bb margin_bottom=\u00a0\u00bb0&Prime;]\n<div style=\"margin: 0 5%;\">\n<h1>AVIS JURIDIQUE &#8211; TERMES ET CONDITIONS<\/h1>\n<p><strong>I.- OBJET DU SERVICE<\/strong><\/p>\n<p>FULL CERTIFICATE est un FOURNISSEUR de\u00a0<span style=\"color: #3366ff;\">SERVICE \u00c9LECTRONIQUE DE CONFIANCE<\/span>. Votre site Web\u00a0<a href=\"http:\/\/fullcertificate.com\/fr\/\">fullcertificate.com\/fr\/<\/a>\u00a0est un portail en ligne de services de certification \u00e9lectronique dont le but principal est d\u2019offrir une large gamme de services certifi\u00e9s, tels que des communications \u00e0 validit\u00e9 l\u00e9gale entre UTILISATEURS et \/ ou ENTREPRISES via une Lettre recommand\u00e9e en ligne, un certificat d&rsquo;eMail, SMS Certifi\u00e9 et Fax Certifi\u00e9.<\/p>\n<p>Ainsi que d&rsquo;autres services de certification \u00e9lectronique tels que: photos certifi\u00e9s, vote \u00e9lectronique certifi\u00e9, enregistrement vid\u00e9o certifi\u00e9, contrats en ligne certifi\u00e9s, appels certifi\u00e9s, signature en ligne certifi\u00e9e, accords certifi\u00e9s, SEPA, factures certifi\u00e9es, documents certifi\u00e9s, id\u00e9es certifi\u00e9es, r\u00e9cup\u00e9ration de certificats en ligne, etc.<\/p>\n<p><strong>II.- IDENTIFICATION<\/strong><\/p>\n<p>FULL CERTIFICATE est un service repr\u00e9sent\u00e9 par DIGITAL CHANNELS SL, ci-apr\u00e8s FULL CERTIFICATE, portant le num\u00e9ro d&rsquo;identification fiscale ES87336178 et l&rsquo;adresse suivante \u00e0 Madrid, Espagne : Boix y Morer, #6. Planta 9. 28003.<\/p>\n<p>T\u00e9l\u00e9phone: +33 187 651 800.<\/p>\n<p><strong>III.- UTILISATEURS ET SOCI\u00c9T\u00c9S INSCRITES SUR LE PORTAIL<\/strong><\/p>\n<p>Tous les UTILISATEURS du portail sont oblig\u00e9s d&rsquo;enregistrer leurs donn\u00e9es personnelles et, dans le cas d&rsquo;entreprises, les donn\u00e9es de la SOCIETE et celles de la personne qui les repr\u00e9sente. Ces donn\u00e9es doivent \u00eatre saisies avec une fiabilit\u00e9 totale. L&rsquo;eMail et le t\u00e9l\u00e9phone portable sont des donn\u00e9es fondamentales pour la fourniture du service et sont essentiels pour l&rsquo;acc\u00e8s et le fonctionnement correct de la plate-forme.<\/p>\n<p>L&rsquo;inscription est gratuite et dans le cas d&rsquo;une inscription via des comptes personnels tels que Gmail ou Facebook, il s&rsquo;agit d&rsquo;un acc\u00e8s rapide et, dans le syst\u00e8me, de L&rsquo;UTILISATEUR. Pour ce faire, vous devez valider l&rsquo;e-mail que le syst\u00e8me envoie \u00e0 votre e-mail. Ensuite, la prochaine fois que vous entrerez sur le portail, vous devrez compl\u00e9ter toutes vos donn\u00e9es correctement. Il est important que vous vous enregistriez en fournissant des donn\u00e9es vraies et pr\u00e9cises, car elles font partie de l&rsquo;enregistrement et des certificats \u00e9mis.<\/p>\n<p>L&rsquo;UTILISATEUR est seul responsable du contenu et de leurs communications. L&rsquo;utilisation du portail doit \u00eatre correcte, v\u00e9ridique, diligente et l\u00e9gale et, en particulier, il s&rsquo;abstient de:<\/p>\n<ul>\n<li>Utiliser les services \u00e0 des fins contraires aux lois et r\u00e8glements en vigueur<\/li>\n<li>Pour acc\u00e9der ou essayer d&rsquo;acc\u00e9der aux donn\u00e9es d&rsquo;autres utilisateurs.<\/li>\n<li>Saisir ou enregistrer toute information de contact du portail pour envoyer, par quelque moyen que ce soit, de la publicit\u00e9 ou des informations commerciales, ainsi que pour commercialiser ces donn\u00e9es.<\/li>\n<li>Introduire des virus informatiques dans le syst\u00e8me ou effectuer des actions susceptibles d&rsquo;endommager, d&rsquo;annuler ou de bloquer les services fournis.<\/li>\n<li>Copier sans autorisation ou enfreindre les droits de propri\u00e9t\u00e9 intellectuelle ou industrielle. Copier et \/ ou publier le contenu et les images du portail.<\/li>\n<li>Pour supplanter l&rsquo;identit\u00e9 d&rsquo;autres utilisateurs, soci\u00e9t\u00e9s ou organisations.<\/li>\n<\/ul>\n<p>L&rsquo;UTILISATEUR conna\u00eet et est responsable des \u00e9ventuelles r\u00e9percussions de l&rsquo;envoi et de la communication, incorporant les m\u00eames donn\u00e9es personnelles prot\u00e9g\u00e9es par la LOPD. Dans ces cas, L&rsquo;UTILISATEUR se d\u00e9gage de toute responsabilit\u00e9 et des \u00e9ventuelles r\u00e9percussions juridiques pouvant affecter les FULL CERTIFICATE.<\/p>\n<p>Lors de l&rsquo;envoi de la lettre recommand\u00e9e, FULL CERTIFICATE a cr\u00e9\u00e9 des formulaires d&rsquo;exp\u00e9dition avec des \u00ab\u00a0options de s\u00e9lection sp\u00e9ciales\u00a0\u00bb qui, dans le cas de communications avec des donn\u00e9es \u00e0 caract\u00e8re personnel, doivent toujours \u00eatre activ\u00e9es. Ces options d&rsquo;activation sont les suivantes: \u00ab\u00a0Enveloppe de protection sp\u00e9ciale de donn\u00e9es \u00ab\u00a0et\u00a0\u00bb Avis de r\u00e9ception du contenu sans donn\u00e9es personnelles \u00ab\u00a0. Les d\u00e9lais de livraison sont indiqu\u00e9s dans les diff\u00e9rents formulaires de service Lettre Recommand\u00e9e \u00c9lectronique et peuvent varier en fonction de chaque soci\u00e9t\u00e9 de logistique avec laquelle vous travaillez. Ce seront toujours des d\u00e9lais de livraison indicatifs, en jours ouvrables du lundi au vendredi, sans compter les jours f\u00e9ri\u00e9s et les week-ends. Les livraisons de la Lettre Recommand\u00e9e \u00c9lectronique seront effectu\u00e9es pendant les heures de travail indiqu\u00e9es par les entreprises de courrier. Il n&rsquo;est en aucun cas autoris\u00e9 \u00e0 d\u00e9finir des heures de livraison sp\u00e9cifiques si vous pouvez sugg\u00e9rer des heures de livraison pr\u00e9f\u00e9r\u00e9es comme demande sp\u00e9ciale non contraignante. Dans le cas o\u00f9 il y a un service de livraison le samedi sera indiqu\u00e9 dans le syst\u00e8me lui-m\u00eame.<\/p>\n<\/div>\n<div style=\"margin: 0 5%;\">\n<p>En cas de traitement de donn\u00e9es avanc\u00e9 avec int\u00e9gration via SERVICES WEB ou des processus similaires avec des bases de donn\u00e9es externes de clients ou d&rsquo;utilisateurs, la SOCIETE est seule responsable desdites donn\u00e9es, de ses communications, de leur qualit\u00e9 et de leur fiabilit\u00e9.<\/p>\n<p>L&rsquo;enregistrement dans le portail de Full Certificate implique une autorisation compl\u00e8te et expresse de recevoir des appels de service, ainsi que des informations \u00e9lectroniques et \/ ou des annonces publicitaires concernant le service, telles que des Emails, des SMS et des t\u00e9l\u00e9copies. De m\u00eame, les parties conviennent d&rsquo;autoriser FULL CERTIFICATE et dans les cas o\u00f9 il existe un registre des entreprises et \/ ou des organisations pouvant \u00eatre r\u00e9f\u00e9renc\u00e9 dans leurs domaines client et t\u00e9moignage.<\/p>\n<p><strong>IV.- EXCLUSION DE RESPONSABILIT\u00c9<\/strong><\/p>\n<p>Full Certificate conform\u00e9ment \u00e0 la l\u00e9gislation en vigueur et en tant que FOURNISSEUR DE SERVEURS \u00c9LECTRONIQUES DE CONIFANCE, a d\u00e9velopp\u00e9 son service de certification \u00e9lectronique en ligne et ne saurait en aucun cas \u00eatre tenu responsable des \u00e9ventuelles r\u00e9percussions juridiques des communications, contrats et services UTILIS\u00c9S par portail.<\/p>\n<p>De m\u00eame, le portail FULL CERTIFICATE propose des services en ligne avec une disponibilit\u00e9 non garantie 24 heures sur 24, 7 jours sur 7. Les services et le portail peuvent \u00eatre partiellement interrompus et limit\u00e9s dans le temps par des causes multiples ou globalement pour des causes plus importantes. Pour cela, et si n\u00e9cessaire, il sera annonc\u00e9 sur la page d&rsquo;acc\u00e8s au syst\u00e8me et \/ ou communiqu\u00e9 par tout autre moyen. Dans les services \u00ab\u00a0Notification certifi\u00e9e\u00a0\u00bb, les d\u00e9lais de livraison indiqu\u00e9s sur le portail sont indicatifs.<\/p>\n<p>FULL CERTIFICATE n&rsquo;assume aucune responsabilit\u00e9 en cas de non-remise de la documentation physique lorsque cette livraison doit \u00eatre v\u00e9rifi\u00e9e par diff\u00e9rents moyens \u00e9lectroniques. En cas d&rsquo;incident, FULL CERTIFICATE fournira, si n\u00e9cessaire, toutes les coordonn\u00e9es de l&rsquo;op\u00e9rateur logistique d\u00e9sign\u00e9 pour la livraison. Les notifications certifi\u00e9es en l&rsquo;absence de destinataires et \/ ou de personnes \u00e0 domicile (voir les options de livraison), ou refusant la r\u00e9ception de la documentation pour quelque raison que ce soit, ou envoy\u00e9es \u00e0 une autre adresse, seront certifi\u00e9es comme remise n\u00e9gative. Cela se produira \u00e9galement lorsque l&rsquo;adresse saisie sur le syst\u00e8me est incorrecte ou lorsque l&rsquo;utilisateur re\u00e7oit la documentation, mais que les donn\u00e9es fournies par l&rsquo;utilisateur ne sont pas claires, suffisantes et \/ ou vraies. En outre, selon les cas, FULL CERTIFICATE donne la possibilit\u00e9 d&rsquo;annuler l&rsquo;envoi, en remboursant le retour au moyen d&rsquo;un avoir sur le compte du client pour la sous-traitance d&rsquo;autres services.<\/p>\n<p>Les parties conviennent que, en cas d&rsquo;erreur imputable \u00e0 FULL CERTIFICATE, le co\u00fbt du service sera restitu\u00e9 sous forme du solde disponible dans le syst\u00e8me. En cas de notifications urgentes du m\u00eame jour ou du lendemain, si l&rsquo;entreprise charg\u00e9e de la livraison des messages est en retard et d\u00e9marre le service un jour plus tard, l&rsquo;utilisateur aura droit au remboursement de la diff\u00e9rence de prix entre les deux. deux types de services. En outre, vous avez le droit de demander l&rsquo;annulation du service fourni et le remboursement inclut la m\u00eame valeur que le solde du compte du client, m\u00eame si le certificat a d\u00e9j\u00e0 \u00e9t\u00e9 d\u00e9livr\u00e9, l&rsquo;annulation du certificat \u00e9mis, y compris si elle est d\u00e9j\u00e0 a \u00e9t\u00e9 t\u00e9l\u00e9charg\u00e9.<\/p>\n<p>En tout \u00e9tat de cause, FULL CERTIFICATE et l\u2019UTILISATEUR conviennent que le montant maximal que FULL CERTIFICATE pourrait assumer en cas de r\u00e9percussions juridiques \u00e9ventuelles d\u2019une r\u00e9clamation d\u2019UTILISATEUR sera limit\u00e9 \u00e0 la valeur \u00e9conomique du service fourni.<\/p>\n<p><strong>V.- PROTECTION DES DONNEES PERSONNELLES ET GARANTIE DE CONFIDENTIALITE DE CELLES-CI<\/strong><\/p>\n<p>Conform\u00e9ment aux dispositions de la loi organique 15\/1999 du 13 d\u00e9cembre sur la protection des donn\u00e9es \u00e0 caract\u00e8re personnel, ainsi que du r\u00e8glement g\u00e9n\u00e9ral sur la protection des donn\u00e9es (RGPD) &#8211; R\u00e8glement (UE) 2016\/679 du Parlement europ\u00e9en et du Conseil &#8211; qui remplace la r\u00e9glementation en vigueur et a commenc\u00e9 \u00e0 \u00eatre appliqu\u00e9 le 25 mai 2018. L&rsquo;UTILISATEUR peut, \u00e0 tout moment, exercer les droits d&rsquo;acc\u00e8s, de rectification, d&rsquo;annulation et d&rsquo;opposition, en communiquant FULL CERTIFICATE par tout moyen mis \u00e0 sa disposition. mettre au rebut et accorder \u00e0 FULL CERTIFICATE le d\u00e9lai maximum indiqu\u00e9 dans les r\u00e8glements en vigueur pour proc\u00e9der \u00e0 la rectification, annulation ou r\u00e9solution. FULL CERTIFICATE garantit la confidentialit\u00e9 des donn\u00e9es personnelles de l&rsquo;UTILISATEUR.<\/p>\n<p><strong>VI.- ACCEPTATION DES INFORMATIONS, DES SERVICES ET DES CONDITIONS DU PORTAIL DE FULL CERTIFICATE<\/strong><\/p>\n<p>L&rsquo;UTILISATEUR comprend que les informations et les pr\u00e9sentes mentions l\u00e9gales contenues dans le portail de FULL CERTIFICATE en relation avec ses services et les conditions g\u00e9n\u00e9rales de contraction sont accept\u00e9es sans limitation dans leur totalit\u00e9. L&rsquo;UTILISATEUR donne son consentement et son acceptation complets \u00e0 FULL CERTIFICATE au moment o\u00f9 l&rsquo;UTILISATEUR termine son enregistrement.<\/p>\n<p>FULL CERTIFICATE accorde le droit \u00ab\u00a0d&rsquo;annuler l&rsquo;acc\u00e8s\u00a0\u00bb, \u00ab\u00a0d&rsquo;autoriser ou de refuser le service\u00a0\u00bb et de \u00ab\u00a0restreindre ou d&rsquo;\u00e9tendre\u00a0\u00bb les fonctionnalit\u00e9s du portail. Le solde de vos achats, moins votre consommation, sera toujours disponible sur le compte UTILISATEUR. Ce solde ne peut \u00eatre restitu\u00e9 qu&rsquo;en cas d&rsquo;annulation de l&rsquo;acc\u00e8s ou de d\u00e9ni de service.<\/p>\n<p>Tout utilisateur peut demander l\u2019annulation du service FULL CERTIFICATE, ce qui signifie que ses donn\u00e9es personnelles et \/ ou d\u2019entreprise, les certificats \u00e9mis, les factures et toutes autres donn\u00e9es ou documents du syst\u00e8me seront bloqu\u00e9s et annul\u00e9s. L&rsquo;utilisateur ne pourra plus acc\u00e9der au portail. Les certificats d\u00e9livr\u00e9s seront prot\u00e9g\u00e9s par l&rsquo;imp\u00e9ratif juridique du FULL CERTIFICATE au cours de la p\u00e9riode en cours \u00e0 chaque instant. En cas de solde disponible au moment de la passation, ce solde sera annul\u00e9, le client perdra le droit d&rsquo;utilisation ult\u00e9rieure et ne pourra plus \u00eatre r\u00e9clam\u00e9 \u00e0 l&rsquo;avenir \u00e0 partir du moment de la demande d&rsquo;annulation. Pour communiquer l&rsquo;annulation \u00e0 FULL CERTIFICATE, l&rsquo;UTILISATEUR doit proc\u00e9der par \u00e9crit, de mani\u00e8re fiable et certifi\u00e9e, \u00e0 l&rsquo;adresse FULL CERTIFICATE.<\/p>\n<p><strong>VIII. RESPONSABILIT\u00c9 SUR LES FICHIERS DE DONN\u00c9ES PERSONNELLES, L&rsquo;INFORMATION SUR LES CONDITIONS ET LES MODALIT\u00c9S D&rsquo;EXERCICE DU DROIT D&rsquo;ACC\u00c8S.<\/strong><\/p>\n<p>Conform\u00e9ment aux dispositions de la loi organique 15\/99 du 13 d\u00e9cembre relative \u00e0 la protection des donn\u00e9es personnelles (LOPD), l\u2019UTILISATEUR peut demander et obtenir des informations sur ses donn\u00e9es personnelles contenues dans les fichiers dont FULL CERTIFICATE est responsable, sur demande \u00e9crite pr\u00e9alable. et plus tard, des preuves mat\u00e9rielles au si\u00e8ge de la soci\u00e9t\u00e9.<\/p>\n<p>FULL CERTIFICATE sera responsable du fichier contenant les donn\u00e9es personnelles de ses UTILISATEURS et de sa confidentialit\u00e9 conform\u00e9ment \u00e0 la LOPD et \u00e0 la LSSI.<\/p>\n<p><strong>IX.- ACHAT DE SOLDE ET DE TARIFS<\/strong><\/p>\n<p>L&rsquo;achat d&rsquo;un Balance Pack, dans la devise locale du pays, sera celui que chaque UTILISATEUR voudra ou aura besoin \u00e0 tout moment. L&rsquo;UTILISATEUR ach\u00e8te le solde pour contracter les services g\u00e9n\u00e9raux de FULL CERTIFICATE. Le syst\u00e8me \u00e9mettra une facture pour chaque achat, en temps r\u00e9el, TVA comprise. L&rsquo;UTILISATEUR ne paie pas de frais mensuels et votre argent sera disponible pour les consommations pr\u00e9sentes et futures pendant toute la dur\u00e9e de vie de votre compte. Il existe des services de pointe via le paiement de l&#8217;embauche et des versements p\u00e9riodiques qui seront trait\u00e9s de mani\u00e8re personnalis\u00e9e avec chaque client et service. Vous trouverez des informations sur votre solde, vos achats et votre utilisation sous \u00ab\u00a0Mon compte \/ Mon solde\u00a0\u00bb.<\/p>\n<p>Le solde disponible est hors TVA et peut \u00eatre utilis\u00e9 pour faire appel aux services de FULL CERTIFICATE \u00e0 tout moment. L&rsquo;achat du solde n&rsquo;est pas remboursable. La disponibilit\u00e9 du solde est imm\u00e9diate dans les achats via des moyens \u00e9lectroniques, tels que le POS virtuel. L&rsquo;achat du solde par virement bancaire sera disponible entre 2 et 4 jours ouvrables \u00e0 compter du lendemain du jour o\u00f9 l&rsquo;utilisateur a effectu\u00e9 le virement bancaire correspondant. FULL CERTIFICATE enverra les sp\u00e9cifications compl\u00e8tes pour la r\u00e9alisation du virement bancaire par e-mail \u00e0 l&rsquo;e-mail enregistr\u00e9 par le CLIENT.<\/p>\n<p>FULL CERTIFICATE appliquera les tarifs en vigueur \u00e0 tout moment \u00e0 tous ses produits, comme sp\u00e9cifi\u00e9 dans les offres sp\u00e9cifiques ou le type de service choisi par l&rsquo;UTILISATEUR. Les prix indiqu\u00e9s sur le site sont des prix indicatifs et approximatifs. Les services peuvent avoir diff\u00e9rentes options de configuration et de prix. Les services peuvent d\u00e9pendre d&rsquo;un certain nombre de facteurs, tels que le nombre de pages, le nombre de documents et leur poids, les d\u00e9lais de livraison, le type de service, la zone g\u00e9ographique, les niveaux de chaque service, etc. Le client conna\u00eetra le co\u00fbt final de chaque service s\u00e9lectionn\u00e9 avant d&rsquo;effectuer la livraison qui sera affich\u00e9e par le syst\u00e8me d\u00e8s que les diff\u00e9rentes options choisies seront s\u00e9lectionn\u00e9es et charg\u00e9es dans la documentation souhait\u00e9e. Une fois qu&rsquo;un envoi ou un service est ex\u00e9cut\u00e9, FULL CERTIFICATE \u00e9met automatiquement un avis de d\u00e9penses.<\/p>\n<p>Full Certificate accorde unilat\u00e9ralement la modification, \u00e0 tout moment et \u00e0 n\u2019importe quel pays, de ses tarifs qui seront publi\u00e9s sur le portail et d\u00e9taill\u00e9s dans sa partie interne. Les factures pour l&rsquo;achat de chaque Balance Pack sont \u00e9mises en temps r\u00e9el et chaque UTILISATEUR peut les t\u00e9l\u00e9charger dans son espace personnel \u00ab\u00a0Mon compte \/ Factures\u00a0\u00bb. L&rsquo;UTILISATEUR pourra t\u00e9l\u00e9charger une note de consommation pour chaque service dans le m\u00eame panneau de t\u00e9l\u00e9chargement des certificats \u00e9mis. Le syst\u00e8me de paiement standardis\u00e9 est par carte de cr\u00e9dit.<\/p>\n<p><strong>X.- FOURNISSEUR DE SERVICE ELECTRONIQUE FIABLE (TIERCES PARTIES DE CONFIANCE)<\/strong><\/p>\n<p>FULL CERTIFICATE\u00a0via DIGITAL CHANNELS SL agit en tant que FOURNISSEUR DE SERVICES DE CONFIANCE \u00c9LECTRONIQUE au sens de la loi sur les services de la soci\u00e9t\u00e9 de l&rsquo;information et du commerce \u00e9lectronique, et en g\u00e9n\u00e9ral dans ses articles, et plus particuli\u00e8rement \u00e0 travers l&rsquo;article 25 de la loi 34\/2002 de 11. et r\u00e8glement de l&rsquo;Union europ\u00e9enne no 910\/2014 du Parlement europ\u00e9en et du Conseil du 23 juillet 2014.<\/p>\n<p>Nous vous recommandons de consulter la loi sur les services de la soci\u00e9t\u00e9 de l&rsquo;information et le commerce \u00e9lectronique dans son int\u00e9gralit\u00e9, ainsi que ses modifications ult\u00e9rieures pour la promotion de la soci\u00e9t\u00e9 de l&rsquo;information et des communications \u00e9lectroniques, tout comme la loi 56\/2007. Ainsi, avec la loi sur la signature \u00e9lectronique du 19 d\u00e9cembre 2003.<\/p>\n<p><strong>XI.- CONFIDENTIALIT\u00c9<\/strong><\/p>\n<p>FULL CERTIFICATE garantit la confidentialit\u00e9 des donn\u00e9es personnelles des UTILISATEURS fournies dans les formulaires d\u2019abonnement. Ces donn\u00e9es ne seront utilis\u00e9es que pour la gestion, l&rsquo;administration, la fourniture, l&rsquo;expansion et l&rsquo;am\u00e9lioration des services fournis aux UTILISATEURS, y compris l&rsquo;envoi de mises \u00e0 jour des services, l&rsquo;envoi d&rsquo;informations et la publicit\u00e9 li\u00e9e aux services de certification \u00e9lectronique ou toute autre communication commerciale.<\/p>\n<p><strong>XII.- GENERALITES<\/strong><\/p>\n<p>En cas de divergence entre les options d\u00e9finies pour chaque service et les informations publiques du portail, les conditions relatives \u00e0 chaque service dans la zone interne du portail pr\u00e9vaudront. Les promotions auront la validit\u00e9 programm\u00e9e dans le syst\u00e8me. En d\u2019autres termes, si un coupon promotionnel n\u2019est pas actif dans le syst\u00e8me, il est entendu que cela n\u2019est pas applicable et n\u2019a aucune valeur.<\/p>\n<p><strong>XIII.- JURIDICTION<\/strong><\/p>\n<p>Les relations \u00e9ventuelles entre FULL CERTIFICATE, UTILISATEURS et ENTREPRISES seront r\u00e9gies par la r\u00e9glementation en vigueur, par la l\u00e9gislation applicable et par l&rsquo;autorit\u00e9 comp\u00e9tente.<\/p>\n<p>Dans les cas o\u00f9 les r\u00e8gles actuelles pr\u00e9voient la possibilit\u00e9 pour les parties de se soumettre \u00e0 une juridiction sp\u00e9cifique, les deux parties renoncent express\u00e9ment \u00e0 toute juridiction qui pourrait leur correspondre et se soumettent \u00e0 un niveau judiciaire pour r\u00e9soudre leurs conflits, en premier lieu, arbitrage dans la ville de Madrid, puis devant les cours et tribunaux de la ville de Madrid.<\/p>\n<p><em>\u00a9 Copyright FULL CERTIFICATE. Tous droits r\u00e9serv\u00e9s<\/em><\/p>\n<\/div>\n[\/vc_column_text][\/vc_column][\/vc_row]\n","protected":false},"excerpt":{"rendered":"<p>[vc_row fullwidth=\u00a0\u00bbfalse\u00a0\u00bb attached=\u00a0\u00bbfalse\u00a0\u00bb padding=\u00a0\u00bb5&Prime;][vc_column width=\u00a0\u00bb1\/1&Prime;][vc_column_text disable_pattern=\u00a0\u00bbtrue\u00a0\u00bb align=\u00a0\u00bbleft\u00a0\u00bb margin_bottom=\u00a0\u00bb0&Prime;] AVIS JURIDIQUE &#8211; TERMES ET CONDITIONS I.- OBJET DU SERVICE FULL CERTIFICATE est un FOURNISSEUR de\u00a0SERVICE \u00c9LECTRONIQUE DE CONFIANCE. Votre site Web\u00a0fullcertificate.com\/fr\/\u00a0est un portail en ligne de services de certification \u00e9lectronique dont le but principal est d\u2019offrir une large gamme de services certifi\u00e9s, tels que des communications [&hellip;]<\/p>\n","protected":false},"author":2,"featured_media":0,"parent":0,"menu_order":0,"comment_status":"closed","ping_status":"open","template":"","meta":{"_bbp_topic_count":0,"_bbp_reply_count":0,"_bbp_total_topic_count":0,"_bbp_total_reply_count":0,"_bbp_voice_count":0,"_bbp_anonymous_reply_count":0,"_bbp_topic_count_hidden":0,"_bbp_reply_count_hidden":0,"_bbp_forum_subforum_count":0},"_links":{"self":[{"href":"https:\/\/www.fullcertificate.com\/fr\/wp-json\/wp\/v2\/pages\/14694"}],"collection":[{"href":"https:\/\/www.fullcertificate.com\/fr\/wp-json\/wp\/v2\/pages"}],"about":[{"href":"https:\/\/www.fullcertificate.com\/fr\/wp-json\/wp\/v2\/types\/page"}],"author":[{"embeddable":true,"href":"https:\/\/www.fullcertificate.com\/fr\/wp-json\/wp\/v2\/users\/2"}],"replies":[{"embeddable":true,"href":"https:\/\/www.fullcertificate.com\/fr\/wp-json\/wp\/v2\/comments?post=14694"}],"version-history":[{"count":10,"href":"https:\/\/www.fullcertificate.com\/fr\/wp-json\/wp\/v2\/pages\/14694\/revisions"}],"predecessor-version":[{"id":24210,"href":"https:\/\/www.fullcertificate.com\/fr\/wp-json\/wp\/v2\/pages\/14694\/revisions\/24210"}],"wp:attachment":[{"href":"https:\/\/www.fullcertificate.com\/fr\/wp-json\/wp\/v2\/media?parent=14694"}],"curies":[{"name":"wp","href":"https:\/\/api.w.org\/{rel}","templated":true}]}}