{"id":14708,"date":"2019-02-12T16:06:39","date_gmt":"2019-02-12T16:06:39","guid":{"rendered":"https:\/\/fullcertificate.com\/?page_id=14708"},"modified":"2022-04-12T04:19:25","modified_gmt":"2022-04-12T04:19:25","slug":"contrats-automatises-formulaires-web","status":"publish","type":"page","link":"https:\/\/www.fullcertificate.com\/fr\/contrats-automatises-formulaires-web\/","title":{"rendered":"Contrats Automatis\u00e9s \u00e0 Partir de Formulaires Web"},"content":{"rendered":"[mk_page_section bg_image=\u00a0\u00bbhttps:\/\/fullcertificate.com\/wp-content\/uploads\/2016\/06\/contratos-1.jpg\u00a0\u00bb bg_position=\u00a0\u00bbcenter top\u00a0\u00bb bg_repeat=\u00a0\u00bbno-repeat\u00a0\u00bb bg_stretch=\u00a0\u00bbtrue\u00a0\u00bb min_height=\u00a0\u00bb350&Prime; padding_top=\u00a0\u00bb20&Prime; padding_bottom=\u00a0\u00bb0&Prime; first_page=\u00a0\u00bbtrue\u00a0\u00bb last_page=\u00a0\u00bbtrue\u00a0\u00bb sidebar=\u00a0\u00bbsidebar-1&Prime;][vc_column][mk_fancy_title tag_name=\u00a0\u00bbh1&Prime; color=\u00a0\u00bb#000000&Prime; size=\u00a0\u00bb40&Prime; font_weight=\u00a0\u00bbnormal\u00a0\u00bb font_style=\u00a0\u00bbnormal\u00a0\u00bb txt_transform=\u00a0\u00bbnone\u00a0\u00bb margin_top=\u00a0\u00bb60&Prime; margin_bottom=\u00a0\u00bb0&Prime; font_family=\u00a0\u00bbnone\u00a0\u00bb]Contrats Automatis\u00e9s \u00e0 Partir de Formulaires Web[\/mk_fancy_title][mk_fancy_title tag_name=\u00a0\u00bbh1&Prime; color=\u00a0\u00bb#000000&Prime; size=\u00a0\u00bb25&Prime; font_weight=\u00a0\u00bb300&Prime; font_style=\u00a0\u00bbnormal\u00a0\u00bb txt_transform=\u00a0\u00bbnone\u00a0\u00bb margin_bottom=\u00a0\u00bb0&Prime; font_family=\u00a0\u00bbnone\u00a0\u00bb]Ex\u00e9cution de contrats \u00e9lectroniques au moyen de formulaires[\/mk_fancy_title][mk_button dimension=\u00a0\u00bbflat\u00a0\u00bb size=\u00a0\u00bbmedium\u00a0\u00bb url=\u00a0\u00bbhttps:\/\/cloud.fullcertificate.com\/register\u00a0\u00bb target=\u00a0\u00bb_blank\u00a0\u00bb button_custom_width=\u00a0\u00bb250&Prime; margin_bottom=\u00a0\u00bb20&Prime; bg_color=\u00a0\u00bb#0062b0&Prime; btn_hover_bg=\u00a0\u00bb#252525&Prime;]CONTACTER MAINTENANT[\/mk_button][\/vc_column][\/mk_page_section][mk_page_section padding_top=\u00a0\u00bb50&Prime; padding_bottom=\u00a0\u00bb50&Prime; first_page=\u00a0\u00bbfalse\u00a0\u00bb last_page=\u00a0\u00bbfalse\u00a0\u00bb sidebar=\u00a0\u00bbsidebar-1&Prime;][vc_column width=\u00a0\u00bb3\/4&Prime;][mk_fancy_title color=\u00a0\u00bb#0062af\u00a0\u00bb size=\u00a0\u00bb30&Prime; font_weight=\u00a0\u00bbnormal\u00a0\u00bb font_style=\u00a0\u00bbnormal\u00a0\u00bb txt_transform=\u00a0\u00bbnone\u00a0\u00bb margin_bottom=\u00a0\u00bb0&Prime; font_family=\u00a0\u00bbnone\u00a0\u00bb]Automatisation et Signature des Contrats de Formulaires en Ligne[\/mk_fancy_title][mk_divider style=\u00a0\u00bbthin_solid\u00a0\u00bb thickness=\u00a0\u00bb4&Prime; margin_top=\u00a0\u00bb0&Prime;][mk_fancy_title color=\u00a0\u00bb#000000&Prime; size=\u00a0\u00bb17&Prime; font_weight=\u00a0\u00bbbold\u00a0\u00bb font_style=\u00a0\u00bbnormal\u00a0\u00bb txt_transform=\u00a0\u00bbuppercase\u00a0\u00bb font_family=\u00a0\u00bbnone\u00a0\u00bb]<strong>AUTOMATISATION DE FORMULAIRES WEB POUR L\u2019EX\u00c9CUTION DE CONTRATS. CONTRATS EN LIGNE DE PORTAILS ET DE WEB<\/strong>[\/mk_fancy_title][mk_fancy_title color=\u00a0\u00bb#f2006e\u00a0\u00bb size=\u00a0\u00bb20&Prime; font_weight=\u00a0\u00bbnormal\u00a0\u00bb font_style=\u00a0\u00bbnormal\u00a0\u00bb txt_transform=\u00a0\u00bbnone\u00a0\u00bb margin_bottom=\u00a0\u00bb30&Prime; font_family=\u00a0\u00bbnone\u00a0\u00bb]\u00c9lectricit\u00e9, immobilier, assurances, soci\u00e9t\u00e9s financi\u00e8res, etc. Ils automatisent leurs processus de sous-traitance et de collecte automatis\u00e9s \u00e0 partir de sites Web, de portails, d&rsquo;IntraNets ou ExtraNets.[\/mk_fancy_title][vc_row_inner padding=\u00a0\u00bb0&Prime;][vc_column_inner width=\u00a0\u00bb1\/3&Prime;][mk_icon_box text_size=\u00a0\u00bb0&Prime; icon_color=\u00a0\u00bb#ffffff\u00a0\u00bb icon_circle_color=\u00a0\u00bb#ffffff\u00a0\u00bb box_blur=\u00a0\u00bbfalse\u00a0\u00bb]<img loading=\"lazy\" class=\"wp-image-8887 aligncenter\" src=\"https:\/\/fullcertificate.com\/wp-content\/uploads\/2018\/11\/icono-documento-certificado-2-1-300x300.png\" alt=\"\" width=\"192\" height=\"192\" srcset=\"https:\/\/www.fullcertificate.com\/wp-content\/uploads\/2018\/11\/icono-documento-certificado-2-1-300x300.png 300w, https:\/\/www.fullcertificate.com\/wp-content\/uploads\/2018\/11\/icono-documento-certificado-2-1-150x150.png 150w, https:\/\/www.fullcertificate.com\/wp-content\/uploads\/2018\/11\/icono-documento-certificado-2-1.png 500w\" sizes=\"(max-width: 192px) 100vw, 192px\" \/><\/p>\n<p style=\"text-align: center;\"><strong><span style=\"color: #0062b0;\">CONTRATS DE FORMULAIRES DE SITES WEB<\/span><\/strong><br \/>\n<span style=\"color: #000000; text-decoration: none;\">Formulaires automatis\u00e9s<br \/>\n<\/span><span style=\"color: #000000; text-decoration: none;\">Contacts personnalis\u00e9s<br \/>\nContrats intelligents<br \/>\n<\/span>Signature \u00e9lectronique du contrat<br \/>\n<span style=\"color: #000000; text-decoration: none;\">Certificat de signature \u00e9lectronique<br \/>\nCollection et r\u00e9cup\u00e9ration en ligne<br \/>\n<\/span><span style=\"color: #000000; text-decoration: none;\">T\u00e9moignage notari\u00e9<br \/>\nGarde pendant 5 ans<br \/>\n<\/span>Validit\u00e9 l\u00e9gale<\/p>\n[\/mk_icon_box][mk_image src=\u00a0\u00bbhttps:\/\/fullcertificate.com\/wp-content\/uploads\/2018\/12\/notary-europe-full-certificate.png\u00a0\u00bb image_width=\u00a0\u00bb100&Prime; align=\u00a0\u00bbcenter\u00a0\u00bb crop=\u00a0\u00bbfalse\u00a0\u00bb][\/vc_column_inner][vc_column_inner width=\u00a0\u00bb2\/3&Prime;][mk_fancy_title tag_name=\u00a0\u00bbh4&Prime; color=\u00a0\u00bb#000000&Prime; font_weight=\u00a0\u00bbnormal\u00a0\u00bb font_style=\u00a0\u00bbnormal\u00a0\u00bb txt_transform=\u00a0\u00bbnone\u00a0\u00bb font_family=\u00a0\u00bbnone\u00a0\u00bb]Avec <strong>Full Signature &amp; Full Certificate<\/strong>, <span style=\"color: #0062af;\">Tiers de Confiance Europ\u00e9en<\/span>, vous pouvez r\u00e9aliser <span style=\"color: #0062af;\">tous types de projets d\u2019automatisation et signer des contrats en ligne avec une validit\u00e9 juridique totale<\/span>. Des projets complexes \u00e0 un seul formulaire en ligne qui permet \u00e0 ses clients de <span style=\"color: #0062af;\">sous-traiter leurs services \u00e0 partir de formulaires Web avec la cr\u00e9ation de contrats \u00e9lectroniques et leur signature en ligne.<\/span><\/p>\n<p>&nbsp;<\/p>\n<p>Si nous associons \u00e9galement <strong><span style=\"color: #0062af;\"><a style=\"color: #0062af;\" href=\"https:\/\/fullcertificate.com\/smartmoney\/\">Smart Money<\/a> <\/span><\/strong>au processus de signature \u00e9lectronique des contrats, <strong>celui-ci peut facturer<\/strong>, en fonction des variables intelligentes du contrat \u00e9mis, <span style=\"color: #0062af;\">les acomptes, les montants en compte, etc. d\u00e9finis dans son contrat \u00e9lectronique.<\/span><\/p>\n<p>&nbsp;<\/p>\n<p>Les <strong>formulaires avec contrat en ligne certifi\u00e9<\/strong> peuvent \u00eatre compl\u00e9t\u00e9s et <span style=\"color: #0062af;\">ex\u00e9cut\u00e9s par vos clients, par un consultant commercial de votre entreprise ou par votre centre de service \u00e0 la client\u00e8le<\/span>, de mani\u00e8re \u00e0 normaliser le processus d\u2019embauche, \u00e0 <strong>acc\u00e9l\u00e9rer<\/strong> et \u00e0 <span style=\"color: #0062af;\">\u00e9conomiser des centaines de milliers d&rsquo;heures<\/span>. G\u00e9rez les actions d\u2019embauche, de signature et de collecte de vos <span style=\"color: #0062af;\">services ou produits en fonction du volume d\u2019op\u00e9rations de votre entreprise.<\/span><\/p>\n<p>&nbsp;<\/p>\n<p>Un<span style=\"color: #0062af;\"> service rapide, \u00e9conomique et \u00e9cologique<\/span> \u00e0 r\u00e9aliser depuis vos portails et sites web de votre entreprise. Nous offrons \u00e9galement, avec tous nos produits, le service de <strong>T\u00e9moignage Notari\u00e9<\/strong> sur demande.<\/p>\n<p>&nbsp;<\/p>\n<p><span style=\"color: #0062af;\">Nous connaissons les besoins du secteur<\/span> et, par cons\u00e9quent, <span style=\"color: #0062af;\">nous \u00e9voluons constamment<\/span> en cr\u00e9ant des syst\u00e8mes qui aident nos clients dans leurs activit\u00e9s. <span style=\"color: #0062af;\">Notre objectif est de vous offrir le meilleur service \u00e0 un prix comp\u00e9titif<\/span>. <strong>Connaissez nos solutions<\/strong>, nous vous proposerons la meilleure solution pour vos besoins.<\/p>\n<p>&nbsp;<\/p>\n<p><strong>Si vous souhaitez nous contacter<\/strong>, <strong><span style=\"color: #0062af;\"><a style=\"color: #0062af;\" href=\"https:\/\/fullcertificate.com\/fr\/contactez-nous\/\">cliquez ici<\/a><\/span><\/strong>[\/mk_fancy_title][\/vc_column_inner][\/vc_row_inner][\/vc_column][vc_column border_color=\u00a0\u00bb#ffffff\u00a0\u00bb width=\u00a0\u00bb1\/4&Prime;][mk_image src=\u00a0\u00bbhttps:\/\/fullcertificate.com\/wp-content\/uploads\/2018\/12\/european-trusted-third-party-full-certificate.png\u00a0\u00bb image_width=\u00a0\u00bb180&Prime; align=\u00a0\u00bbcenter\u00a0\u00bb margin_bottom=\u00a0\u00bb35&Prime; crop=\u00a0\u00bbfalse\u00a0\u00bb][vc_row_inner padding=\u00a0\u00bb0&Prime;][vc_column_inner css=\u00a0\u00bb.vc_custom_1573741164679{margin-bottom: 32px !important;border-top-width: 1px !important;border-right-width: 1px !important;border-bottom-width: 1px !important;border-left-width: 1px !important;border-left-color: #f2006e !important;border-left-style: solid !important;border-right-color: #f2006e !important;border-right-style: solid !important;border-top-color: #f2006e !important;border-top-style: solid !important;border-bottom-color: #f2006e !important;border-bottom-style: solid !important;}\u00a0\u00bb][mk_fancy_title color=\u00a0\u00bb#000000&Prime; size=\u00a0\u00bb20&Prime; font_weight=\u00a0\u00bbbold\u00a0\u00bb font_style=\u00a0\u00bbnormal\u00a0\u00bb txt_transform=\u00a0\u00bbuppercase\u00a0\u00bb margin_top=\u00a0\u00bb20&Prime; margin_bottom=\u00a0\u00bb0&Prime; font_family=\u00a0\u00bbnone\u00a0\u00bb align=\u00a0\u00bbcenter\u00a0\u00bb]\n<p style=\"text-align: center;\">INSCRIVEZ-VOUS GRATUITEMENT<\/p>\n[\/mk_fancy_title][mk_fancy_title color=\u00a0\u00bb#000000&Prime; size=\u00a0\u00bb16&Prime; font_weight=\u00a0\u00bbnormal\u00a0\u00bb font_style=\u00a0\u00bbnormal\u00a0\u00bb txt_transform=\u00a0\u00bbnone\u00a0\u00bb margin_bottom=\u00a0\u00bb0&Prime; font_family=\u00a0\u00bbnone\u00a0\u00bb align=\u00a0\u00bbcenter\u00a0\u00bb]\n<p style=\"text-align: center;\">Essayez nos services certifi\u00e9s avec une validit\u00e9 l\u00e9gale compl\u00e8te.<\/p>\n<p>&nbsp;<\/p>\n<p style=\"text-align: center;\"><strong><span style=\"color: #0062b0;\">Pas de frais, pas de contrat.<\/span><br \/>\n<\/strong>Votre solde n&rsquo;expire jamais.<\/p>\n[\/mk_fancy_title][mk_button dimension=\u00a0\u00bbflat\u00a0\u00bb corner_style=\u00a0\u00bbrounded\u00a0\u00bb size=\u00a0\u00bbmedium\u00a0\u00bb url=\u00a0\u00bbhttps:\/\/cloud.fullcertificate.com\/register\u00a0\u00bb target=\u00a0\u00bb_blank\u00a0\u00bb align=\u00a0\u00bbcenter\u00a0\u00bb button_custom_width=\u00a0\u00bb160&Prime; bg_color=\u00a0\u00bb#f2006e\u00a0\u00bb btn_hover_bg=\u00a0\u00bb#252525&Prime; btn_hover_txt_color=\u00a0\u00bb#ffffff\u00a0\u00bb]CLIQUEZ ICI[\/mk_button][\/vc_column_inner][\/vc_row_inner][vc_empty_space height=\u00a0\u00bb20px\u00a0\u00bb][mk_icon_box2 icon_type=\u00a0\u00bbimage\u00a0\u00bb title_size=\u00a0\u00bb0&Prime; title_top_padding=\u00a0\u00bb0&Prime; title_bottom_padding=\u00a0\u00bb0&Prime;]<a href=\"https:\/\/fullcertificate.com\/fr\/smartmoney\/\"><img loading=\"lazy\" class=\"wp-image-6433 size-medium aligncenter\" src=\"https:\/\/fullcertificate.com\/wp-content\/uploads\/2018\/10\/logo-smartmoney-1.png\" alt=\"\" width=\"180\" height=\"31\" \/><\/a><a href=\"https:\/\/fullcertificate.com\/fr\/smartmoney\/\"><img loading=\"lazy\" class=\"wp-image-6439 size-medium aligncenter\" src=\"https:\/\/fullcertificate.com\/wp-content\/uploads\/2018\/10\/grafico-smart-money-3-1.png\" alt=\"\" width=\"170\" height=\"300\" \/><\/a><\/p>\n<p style=\"text-align: center;\"><strong><span style=\"color: #0062b0;\"><a style=\"color: #0062b0;\" href=\"https:\/\/fullcertificate.com\/fr\/smartmoney\/\">SMART MONEY<\/a><br \/>\n<\/span><\/strong>Smart Contracts<br \/>\nSmart Payments<br \/>\n<span style=\"color: #000000; text-decoration: none;\">Smart Recovery<br \/>\nDashboard<br \/>\n<\/span><\/p>\n[\/mk_icon_box2][vc_row_inner padding=\u00a0\u00bb0&Prime;][vc_column_inner][mk_icon_box2 icon_type=\u00a0\u00bbimage\u00a0\u00bb title_size=\u00a0\u00bb0&Prime; title_top_padding=\u00a0\u00bb0&Prime; title_bottom_padding=\u00a0\u00bb0&Prime;]<a href=\"https:\/\/fullcertificate.com\/fr\/smartcontracts\/\"><img loading=\"lazy\" class=\"aligncenter wp-image-6393 size-full\" src=\"https:\/\/fullcertificate.com\/wp-content\/uploads\/2018\/10\/logo-smartcontracts-2-1.png\" alt=\"\" width=\"210\" height=\"29\" \/><\/a><a href=\"https:\/\/fullcertificate.com\/fr\/smartcontracts\/\"><img loading=\"lazy\" class=\"wp-image-6387 size-medium aligncenter\" src=\"https:\/\/fullcertificate.com\/wp-content\/uploads\/2018\/10\/grafico-smart-contracts-1.png\" alt=\"\" width=\"170\" height=\"297\" \/><\/a><\/p>\n<p style=\"text-align: center;\"><a href=\"https:\/\/fullcertificate.com\/fr\/smartcontracts\/\"><strong><span style=\"color: #0062b0;\">SMART CONTRACTS<\/span><\/strong><br \/>\n<\/a>Contrats intelligents<br \/>\nProcessus automatis\u00e9s<br \/>\nValidit\u00e9 l\u00e9gale<\/p>\n[\/mk_icon_box2][\/vc_column_inner][\/vc_row_inner][vc_row_inner padding=\u00a0\u00bb0&Prime;][vc_column_inner][vc_empty_space height=\u00a0\u00bb20px\u00a0\u00bb][\/vc_column_inner][\/vc_row_inner][vc_row_inner el_class=\u00a0\u00bbocultar\u00a0\u00bb][vc_column_inner css=\u00a0\u00bb.vc_custom_1540979094932{border-top-width: 1px !important;border-right-width: 1px !important;border-bottom-width: 1px !important;border-left-width: 1px !important;padding-top: 20px !important;padding-bottom: 20px !important;background-color: #ffffff !important;border-left-color: #1e73be !important;border-left-style: solid !important;border-right-color: #1e73be !important;border-right-style: solid !important;border-top-color: #1e73be !important;border-top-style: solid !important;border-bottom-color: #1e73be !important;border-bottom-style: solid !important;}\u00a0\u00bb][mk_fancy_title color=\u00a0\u00bb#000000&Prime; size=\u00a0\u00bb20&Prime; font_weight=\u00a0\u00bbbold\u00a0\u00bb font_style=\u00a0\u00bbnormal\u00a0\u00bb txt_transform=\u00a0\u00bbuppercase\u00a0\u00bb margin_bottom=\u00a0\u00bb0&Prime; font_family=\u00a0\u00bbnone\u00a0\u00bb align=\u00a0\u00bbcenter\u00a0\u00bb]\n<p style=\"text-align: center;\">DONN\u00c9ES DE CONTACT<\/p>\n[\/mk_fancy_title][mk_fancy_title color=\u00a0\u00bb#1e73be\u00a0\u00bb font_style=\u00a0\u00bbnormal\u00a0\u00bb txt_transform=\u00a0\u00bbnone\u00a0\u00bb margin_bottom=\u00a0\u00bb0&Prime; font_family=\u00a0\u00bbnone\u00a0\u00bb align=\u00a0\u00bbcenter\u00a0\u00bb]\n<p style=\"text-align: center;\"><strong>T\u00e9l\u00e9phone:<\/strong> EU &#8211; ES: 0034 910 052 659<br \/>\nEU &#8211; IT: 0039 0687165152<br \/>\nLATAM: 0052 55 4162 9666<\/p>\n<p style=\"text-align: center;\"><strong>Adresse: <\/strong>Rue Boix y Morer #6, Grenier.<br \/>\n28003 Madrid, Espagne<\/p>\n[\/mk_fancy_title][mk_button dimension=\u00a0\u00bbflat\u00a0\u00bb corner_style=\u00a0\u00bbrounded\u00a0\u00bb size=\u00a0\u00bbmedium\u00a0\u00bb url=\u00a0\u00bbhttps:\/\/fullcertificate.com\/fr\/contactez-nous\/\u00a0\u00bb align=\u00a0\u00bbcenter\u00a0\u00bb button_custom_width=\u00a0\u00bb160&Prime; bg_color=\u00a0\u00bb#0062b0&Prime; btn_hover_bg=\u00a0\u00bb#252525&Prime;]CONTACTEZ NOUS[\/mk_button][\/vc_column_inner][\/vc_row_inner][\/vc_column][\/mk_page_section][vc_row padding=\u00a0\u00bb0&Prime;][vc_column][mk_divider style=\u00a0\u00bbthin_solid\u00a0\u00bb thickness=\u00a0\u00bb4&Prime; margin_top=\u00a0\u00bb10&Prime; margin_bottom=\u00a0\u00bb40&Prime;][vc_row_inner padding=\u00a0\u00bb0&Prime;][vc_column_inner width=\u00a0\u00bb1\/4&Prime;][\/vc_column_inner][vc_column_inner width=\u00a0\u00bb1\/2&Prime;][mk_fancy_title tag_name=\u00a0\u00bbh4&Prime; color=\u00a0\u00bb#393836&Prime; size=\u00a0\u00bb30&Prime; font_weight=\u00a0\u00bbnormal\u00a0\u00bb font_style=\u00a0\u00bbnormal\u00a0\u00bb txt_transform=\u00a0\u00bbuppercase\u00a0\u00bb margin_bottom=\u00a0\u00bb18&Prime; font_family=\u00a0\u00bbnone\u00a0\u00bb align=\u00a0\u00bbcenter\u00a0\u00bb]\n<p style=\"text-align: center;\">AVEC LA GARANTIE DE<\/p>\n[\/mk_fancy_title][mk_image src=\u00a0\u00bbhttps:\/\/fullcertificate.com\/wp-content\/uploads\/2022\/04\/footer-nuevo-WE-VOTE.jpg\u00a0\u00bb image_width=\u00a0\u00bb1500&Prime; image_height=\u00a0\u00bb216&Prime; link=\u00a0\u00bbhttp:\/\/fullcertificate.com\/\u00a0\u00bb target=\u00a0\u00bb_blank\u00a0\u00bb align=\u00a0\u00bbcenter\u00a0\u00bb margin_bottom=\u00a0\u00bb40&Prime; el_class=\u00a0\u00bbimagen-footer-centro\u00a0\u00bb crop=\u00a0\u00bbfalse\u00a0\u00bb][\/vc_column_inner][vc_column_inner width=\u00a0\u00bb1\/4&Prime;][\/vc_column_inner][\/vc_row_inner][\/vc_column][\/vc_row]\n","protected":false},"excerpt":{"rendered":"<p>[mk_page_section bg_image=\u00a0\u00bbhttps:\/\/fullcertificate.com\/wp-content\/uploads\/2016\/06\/contratos-1.jpg\u00a0\u00bb bg_position=\u00a0\u00bbcenter top\u00a0\u00bb bg_repeat=\u00a0\u00bbno-repeat\u00a0\u00bb bg_stretch=\u00a0\u00bbtrue\u00a0\u00bb min_height=\u00a0\u00bb350&Prime; padding_top=\u00a0\u00bb20&Prime; padding_bottom=\u00a0\u00bb0&Prime; first_page=\u00a0\u00bbtrue\u00a0\u00bb last_page=\u00a0\u00bbtrue\u00a0\u00bb sidebar=\u00a0\u00bbsidebar-1&Prime;][vc_column][mk_fancy_title tag_name=\u00a0\u00bbh1&Prime; color=\u00a0\u00bb#000000&Prime; size=\u00a0\u00bb40&Prime; font_weight=\u00a0\u00bbnormal\u00a0\u00bb font_style=\u00a0\u00bbnormal\u00a0\u00bb txt_transform=\u00a0\u00bbnone\u00a0\u00bb margin_top=\u00a0\u00bb60&Prime; margin_bottom=\u00a0\u00bb0&Prime; font_family=\u00a0\u00bbnone\u00a0\u00bb]Contrats Automatis\u00e9s \u00e0 Partir de Formulaires Web[\/mk_fancy_title][mk_fancy_title tag_name=\u00a0\u00bbh1&Prime; color=\u00a0\u00bb#000000&Prime; size=\u00a0\u00bb25&Prime; font_weight=\u00a0\u00bb300&Prime; font_style=\u00a0\u00bbnormal\u00a0\u00bb txt_transform=\u00a0\u00bbnone\u00a0\u00bb margin_bottom=\u00a0\u00bb0&Prime; font_family=\u00a0\u00bbnone\u00a0\u00bb]Ex\u00e9cution de contrats \u00e9lectroniques au moyen de formulaires[\/mk_fancy_title][mk_button dimension=\u00a0\u00bbflat\u00a0\u00bb size=\u00a0\u00bbmedium\u00a0\u00bb url=\u00a0\u00bbhttps:\/\/cloud.fullcertificate.com\/register\u00a0\u00bb target=\u00a0\u00bb_blank\u00a0\u00bb button_custom_width=\u00a0\u00bb250&Prime; margin_bottom=\u00a0\u00bb20&Prime; bg_color=\u00a0\u00bb#0062b0&Prime; btn_hover_bg=\u00a0\u00bb#252525&Prime;]CONTACTER MAINTENANT[\/mk_button][\/vc_column][\/mk_page_section][mk_page_section padding_top=\u00a0\u00bb50&Prime; padding_bottom=\u00a0\u00bb50&Prime; first_page=\u00a0\u00bbfalse\u00a0\u00bb last_page=\u00a0\u00bbfalse\u00a0\u00bb [&hellip;]<\/p>\n","protected":false},"author":2,"featured_media":0,"parent":0,"menu_order":0,"comment_status":"closed","ping_status":"closed","template":"","meta":{"_bbp_topic_count":0,"_bbp_reply_count":0,"_bbp_total_topic_count":0,"_bbp_total_reply_count":0,"_bbp_voice_count":0,"_bbp_anonymous_reply_count":0,"_bbp_topic_count_hidden":0,"_bbp_reply_count_hidden":0,"_bbp_forum_subforum_count":0},"_links":{"self":[{"href":"https:\/\/www.fullcertificate.com\/fr\/wp-json\/wp\/v2\/pages\/14708"}],"collection":[{"href":"https:\/\/www.fullcertificate.com\/fr\/wp-json\/wp\/v2\/pages"}],"about":[{"href":"https:\/\/www.fullcertificate.com\/fr\/wp-json\/wp\/v2\/types\/page"}],"author":[{"embeddable":true,"href":"https:\/\/www.fullcertificate.com\/fr\/wp-json\/wp\/v2\/users\/2"}],"replies":[{"embeddable":true,"href":"https:\/\/www.fullcertificate.com\/fr\/wp-json\/wp\/v2\/comments?post=14708"}],"version-history":[{"count":11,"href":"https:\/\/www.fullcertificate.com\/fr\/wp-json\/wp\/v2\/pages\/14708\/revisions"}],"predecessor-version":[{"id":27487,"href":"https:\/\/www.fullcertificate.com\/fr\/wp-json\/wp\/v2\/pages\/14708\/revisions\/27487"}],"wp:attachment":[{"href":"https:\/\/www.fullcertificate.com\/fr\/wp-json\/wp\/v2\/media?parent=14708"}],"curies":[{"name":"wp","href":"https:\/\/api.w.org\/{rel}","templated":true}]}}