{"id":14717,"date":"2019-02-12T16:08:36","date_gmt":"2019-02-12T16:08:36","guid":{"rendered":"https:\/\/fullcertificate.com\/?page_id=14717"},"modified":"2020-03-30T11:16:12","modified_gmt":"2020-03-30T11:16:12","slug":"politique-confidentialite","status":"publish","type":"page","link":"https:\/\/www.fullcertificate.com\/fr\/politique-confidentialite\/","title":{"rendered":"Politique de Confidentialit\u00e9"},"content":{"rendered":"[vc_row][vc_column][vc_column_text disable_pattern=\u00a0\u00bbfalse\u00a0\u00bb align=\u00a0\u00bbleft\u00a0\u00bb margin_bottom=\u00a0\u00bb0&Prime;]\n<div style=\"margin: 0 5%;\">\n<h1>Politique de confidentialit\u00e9<\/h1>\n<p>Dans Full Certificate, nous travaillons pour garantir la confidentialit\u00e9 des donn\u00e9es personnelles fournies par nos clients et utilisateurs conform\u00e9ment au r\u00e8glement (UE) 2016\/679.<\/p>\n<h3>INFORMATIONS DE BASE SUR LA PROTECTION DES DONN\u00c9ES<\/h3>\n<p>L&rsquo;utilisateur, conform\u00e9ment au r\u00e8glement (UE) 2016\/679 du Parlement europ\u00e9en et du Conseil du 27 avril 2016 relatif \u00e0 la protection des personnes physiques \u00e0 l&rsquo;\u00e9gard du traitement des donn\u00e9es \u00e0 caract\u00e8re personnel et \u00e0 la libre circulation de ces donn\u00e9es, peut r\u00e9voquer le consentement donn\u00e9 et exercer ses droits d&rsquo;acc\u00e8s, de rectification, d&rsquo;effacement, d&rsquo;annulation, d&rsquo;opposition, de limitation du traitement et de portabilit\u00e9 dans les conditions pr\u00e9vues par la l\u00e9gislation sur la protection des donn\u00e9es, en envoyant une communication officielle \u00e0 l&rsquo;adresse \u00e9lectronique : rgpd@fullcertificate. com, en indiquant votre volont\u00e9 expresse de vous d\u00e9sabonner en \u00e9crivant au responsable du traitement des donn\u00e9es, Certificat complet, S.L. Calle Boix y Morer, 6-9\u00aa planta \u00c1tico 28003 Madrid.<\/p>\n<h3>OBJECTIF DU TRAITEMENT<\/h3>\n<p>Le certificat complet recueillera vos donn\u00e9es personnelles par le biais des formulaires situ\u00e9s sur le Web et de son syst\u00e8me et dans le but suivant<\/p>\n<p>1. identifier les utilisateurs et les clients<br \/>\n2. d&rsquo;identifier les entreprises et les personnes auxquelles elles adressent leurs communications et leurs contrats<br \/>\n3. D\u00e9velopper les services \u00e9lectroniques de confiance qui lui sont propres puisqu&rsquo;il s&rsquo;agit de Notifications Electroniques Certifi\u00e9es, de Contrats Electroniques, etc.<br \/>\n4. Envoi des certificats \u00e9lectroniques d\u00e9livr\u00e9s<br \/>\n5. Envoi d&rsquo;informations commerciales et op\u00e9rationnelles<br \/>\n6. Toute activit\u00e9 de communication qui fait partie de l&rsquo;objet social de la soci\u00e9t\u00e9<\/p>\n<h3>RESPONSABLE DU TRAITEMENT<\/h3>\n<p>Les donn\u00e9es personnelles qui peuvent \u00eatre recueillies directement aupr\u00e8s de l&rsquo;int\u00e9ress\u00e9 seront trait\u00e9es de mani\u00e8re confidentielle et seront incorpor\u00e9es \u00e0 l&rsquo;activit\u00e9 de traitement correspondante appartenant \u00e0 Full Certificate, S.L.<\/p>\n<h3>DROITS SUR LES DONN\u00c9ES PERSONNELLES<\/h3>\n<p>Les clients et les utilisateurs peuvent exercer les droits suivants sur leurs donn\u00e9es personnelles :<\/p>\n<p>&#8211; Droit d&rsquo;acc\u00e8s<br \/>\n&#8211; Droit de rectification<br \/>\n&#8211; Loi sur la portabilit\u00e9<br \/>\n&#8211; Droit d&rsquo;opposition au traitement<br \/>\n&#8211; Droit de retirer son consentement<br \/>\n&#8211; Droit \u00e0 la limitation du traitement<\/p>\n<h3>CONSERVATION DES DONN\u00c9ES<\/h3>\n<p>Full Certificate conservera, conform\u00e9ment \u00e0 la loi, les certificats \u00e9lectroniques \u00e9mis pendant au moins cinq ans ainsi que les donn\u00e9es personnelles fournies par les utilisateurs \u00e0 cette fin.<\/p>\n<p>C&rsquo;est-\u00e0-dire qu&rsquo;elles seront conserv\u00e9es le temps n\u00e9cessaire pour se conformer \u00e0 la finalit\u00e9 pour laquelle elles sont collect\u00e9es et pour d\u00e9terminer les \u00e9ventuelles responsabilit\u00e9s qui peuvent d\u00e9couler de cette finalit\u00e9.<\/p>\n<h3>COMMUNICATION DE DONN\u00c9ES<\/h3>\n<p>En g\u00e9n\u00e9ral, les donn\u00e9es personnelles ne seront pas communiqu\u00e9es \u00e0 des tiers, sauf si la loi l&rsquo;exige. Toute personne a le droit d&rsquo;obtenir la confirmation du traitement de ses donn\u00e9es par Full Certificate, S.L.<\/p>\n<h3>S\u00c9CURIT\u00c9<\/h3>\n<p>FULL CERTIFICATE a d\u00e9velopp\u00e9 des mesures de s\u00e9curit\u00e9 techniques et organisationnelles en fonction des besoins de ses services num\u00e9riques.<\/p>\n<p>Elle garantit \u00e9galement la s\u00e9curit\u00e9 de vos donn\u00e9es personnelles.<\/p>\n<h3>COOKIES<\/h3>\n<p>Ce site web utilise des cookies. Vous pouvez emp\u00eacher l&rsquo;utilisation de cookies en les d\u00e9sactivant dans votre navigateur internet.<\/p>\n<h3>L\u00c9GITIMATION<\/h3>\n<p>Le traitement de vos donn\u00e9es est effectu\u00e9 afin de respecter les obligations l\u00e9gales de Full Certificate, S.L., pour l&rsquo;accomplissement du travail effectu\u00e9, ainsi que lorsque la finalit\u00e9 du traitement requiert votre consentement, qui doit \u00eatre donn\u00e9 par le biais d&rsquo;une action affirmative claire.<\/p>\n<h3>MODIFICATIONS DE LA POLITIQUE DE CONFIDENTIALIT\u00c9<\/h3>\n<p>FULL CERTIFICATE se r\u00e9serve le droit de modifier ce document en fonction de son \u00e9volution et de ses crit\u00e8res dans le temps, y compris les changements r\u00e9glementaires et juridiques.<\/p>\n<h3>L\u00c9GISLATION ET COMP\u00c9TENCE<\/h3>\n<p>Toute controverse et\/ou r\u00e9clamation d\u00e9coulant de la politique de confidentialit\u00e9 s&rsquo;inscrit dans le cadre de la l\u00e9gislation espagnole et sera soumise \u00e0 la juridiction des Cours et Tribunaux de Madrid.<\/p>\n<\/div>\n[\/vc_column_text][\/vc_column][\/vc_row]\n","protected":false},"excerpt":{"rendered":"<p>[vc_row][vc_column][vc_column_text disable_pattern=\u00a0\u00bbfalse\u00a0\u00bb align=\u00a0\u00bbleft\u00a0\u00bb margin_bottom=\u00a0\u00bb0&Prime;] Politique de confidentialit\u00e9 Dans Full Certificate, nous travaillons pour garantir la confidentialit\u00e9 des donn\u00e9es personnelles fournies par nos clients et utilisateurs conform\u00e9ment au r\u00e8glement (UE) 2016\/679. INFORMATIONS DE BASE SUR LA PROTECTION DES DONN\u00c9ES L&rsquo;utilisateur, conform\u00e9ment au r\u00e8glement (UE) 2016\/679 du Parlement europ\u00e9en et du Conseil du 27 avril 2016 relatif [&hellip;]<\/p>\n","protected":false},"author":2,"featured_media":0,"parent":0,"menu_order":0,"comment_status":"closed","ping_status":"open","template":"","meta":{"_bbp_topic_count":0,"_bbp_reply_count":0,"_bbp_total_topic_count":0,"_bbp_total_reply_count":0,"_bbp_voice_count":0,"_bbp_anonymous_reply_count":0,"_bbp_topic_count_hidden":0,"_bbp_reply_count_hidden":0,"_bbp_forum_subforum_count":0},"_links":{"self":[{"href":"https:\/\/www.fullcertificate.com\/fr\/wp-json\/wp\/v2\/pages\/14717"}],"collection":[{"href":"https:\/\/www.fullcertificate.com\/fr\/wp-json\/wp\/v2\/pages"}],"about":[{"href":"https:\/\/www.fullcertificate.com\/fr\/wp-json\/wp\/v2\/types\/page"}],"author":[{"embeddable":true,"href":"https:\/\/www.fullcertificate.com\/fr\/wp-json\/wp\/v2\/users\/2"}],"replies":[{"embeddable":true,"href":"https:\/\/www.fullcertificate.com\/fr\/wp-json\/wp\/v2\/comments?post=14717"}],"version-history":[{"count":11,"href":"https:\/\/www.fullcertificate.com\/fr\/wp-json\/wp\/v2\/pages\/14717\/revisions"}],"predecessor-version":[{"id":25262,"href":"https:\/\/www.fullcertificate.com\/fr\/wp-json\/wp\/v2\/pages\/14717\/revisions\/25262"}],"wp:attachment":[{"href":"https:\/\/www.fullcertificate.com\/fr\/wp-json\/wp\/v2\/media?parent=14717"}],"curies":[{"name":"wp","href":"https:\/\/api.w.org\/{rel}","templated":true}]}}