{"id":14721,"date":"2019-02-12T16:09:26","date_gmt":"2019-02-12T16:09:26","guid":{"rendered":"https:\/\/fullcertificate.com\/?page_id=14721"},"modified":"2022-04-12T11:22:41","modified_gmt":"2022-04-12T11:22:41","slug":"les-tarifs-de-full-certificate","status":"publish","type":"page","link":"https:\/\/www.fullcertificate.com\/fr\/les-tarifs-de-full-certificate\/","title":{"rendered":"Les tarifs de Full Certificate"},"content":{"rendered":"[mk_page_section padding_top=\u00a0\u00bb0&Prime; first_page=\u00a0\u00bbfalse\u00a0\u00bb last_page=\u00a0\u00bbfalse\u00a0\u00bb sidebar=\u00a0\u00bbsidebar-1&Prime;][vc_column][vc_empty_space height=\u00a0\u00bb20px\u00a0\u00bb][mk_fancy_title color=\u00a0\u00bb#0062af\u00a0\u00bb size=\u00a0\u00bb32&Prime; font_weight=\u00a0\u00bbbold\u00a0\u00bb font_style=\u00a0\u00bbnormal\u00a0\u00bb txt_transform=\u00a0\u00bbuppercase\u00a0\u00bb margin_bottom=\u00a0\u00bb0&Prime; font_family=\u00a0\u00bbnone\u00a0\u00bb align=\u00a0\u00bbcenter\u00a0\u00bb]\n<p style=\"text-align: center;\"><b>Tarifs de service<\/b><\/p>\n[\/mk_fancy_title][vc_empty_space height=\u00a0\u00bb50px\u00a0\u00bb][mk_fancy_title tag_name=\u00a0\u00bbh1&Prime; color=\u00a0\u00bb#0062af\u00a0\u00bb size=\u00a0\u00bb25&Prime; font_weight=\u00a0\u00bbnormal\u00a0\u00bb font_style=\u00a0\u00bbnormal\u00a0\u00bb txt_transform=\u00a0\u00bbnone\u00a0\u00bb margin_bottom=\u00a0\u00bb18&Prime; font_family=\u00a0\u00bbnone\u00a0\u00bb align=\u00a0\u00bbcenter\u00a0\u00bb]Nous avons trois niveaux de service[\/mk_fancy_title][vc_row_inner padding=\u00a0\u00bb0&Prime;][vc_column_inner width=\u00a0\u00bb1\/3&Prime;][vc_column_text disable_pattern=\u00a0\u00bbfalse\u00a0\u00bb align=\u00a0\u00bbcenter\u00a0\u00bb]<span style=\"color: #f2006e;\"><b>SERVICES DANS LE CLOUD SUR DEMANDE<\/b><\/span><\/p>\n<p>Services de certification en ligne par achat de solde Pas de frais, pas de contrat, votre solde n\u2019expire pas et n\u2019est pas remboursable. Service \u00e0 la consommation.[\/vc_column_text][mk_button dimension=\u00a0\u00bbflat\u00a0\u00bb size=\u00a0\u00bbmedium\u00a0\u00bb url=\u00a0\u00bb#servicios\u00a0\u00bb align=\u00a0\u00bbcenter\u00a0\u00bb bg_color=\u00a0\u00bb#0062b0&Prime; btn_hover_bg=\u00a0\u00bb#252525&Prime;]Voir les prix[\/mk_button][vc_empty_space][\/vc_column_inner][vc_column_inner width=\u00a0\u00bb1\/3&Prime;][vc_column_text disable_pattern=\u00a0\u00bbfalse\u00a0\u00bb align=\u00a0\u00bbcenter\u00a0\u00bb]<span style=\"color: #f2006e;\"><b>PLANS ANNUELS BONUS<\/b><\/span><\/p>\n<p>Services cloud pour les contrats annuels bonus<br \/>\nBalance automatique charge en fonction de vos besoins<br \/>\nId\u00e9al pour les clients r\u00e9guliers[\/vc_column_text][mk_button dimension=\u00a0\u00bbflat\u00a0\u00bb size=\u00a0\u00bbmedium\u00a0\u00bb url=\u00a0\u00bbhttps:\/\/fullcertificate.com\/fr\/contactez-nous\/\u00a0\u00bb align=\u00a0\u00bbcenter\u00a0\u00bb bg_color=\u00a0\u00bb#0062b0&Prime; btn_hover_bg=\u00a0\u00bb#252525&Prime;]Contactez nous[\/mk_button][vc_empty_space][\/vc_column_inner][vc_column_inner width=\u00a0\u00bb1\/3&Prime;][vc_column_text disable_pattern=\u00a0\u00bbfalse\u00a0\u00bb align=\u00a0\u00bbcenter\u00a0\u00bb]\n<p style=\"text-align: center;\"><span style=\"color: #f2006e;\"><b>PROJETS IT &amp; SMART-AUTOMATION<\/b><\/span><\/p>\n<p style=\"text-align: center;\">D\u00e9veloppement informatique et services de programmation &#8211; WS &#8211; API<br \/>\nConseil et ex\u00e9cution de projets eBusiness de base. Int\u00e9grations personnalis\u00e9es avec support technique et op\u00e9rationnel.<\/p>\n[\/vc_column_text][mk_button dimension=\u00a0\u00bbflat\u00a0\u00bb size=\u00a0\u00bbmedium\u00a0\u00bb url=\u00a0\u00bbhttps:\/\/fullcertificate.com\/fr\/contactez-nous\/\u00a0\u00bb align=\u00a0\u00bbcenter\u00a0\u00bb bg_color=\u00a0\u00bb#0062b0&Prime; btn_hover_bg=\u00a0\u00bb#252525&Prime;]Contactez nous[\/mk_button][vc_empty_space][\/vc_column_inner][\/vc_row_inner][vc_separator border_width=\u00a0\u00bb2&Prime; el_class=\u00a0\u00bb#servicios\u00a0\u00bb][vc_column_text]\n<p id=\"servicios\" style=\"margin-bottom: 0px; font-size: 10px; color: #ffffff;\">l<\/p>\n[\/vc_column_text][vc_empty_space height=\u00a0\u00bb0px\u00a0\u00bb][mk_image src=\u00a0\u00bbhttps:\/\/fullcertificate.com\/wp-content\/uploads\/2018\/11\/Logo-full-certificate-2.png\u00a0\u00bb image_width=\u00a0\u00bb250&Prime; align=\u00a0\u00bbcenter\u00a0\u00bb crop=\u00a0\u00bbfalse\u00a0\u00bb][mk_fancy_title color=\u00a0\u00bb#0062af\u00a0\u00bb size=\u00a0\u00bb30&Prime; font_weight=\u00a0\u00bbnormal\u00a0\u00bb font_style=\u00a0\u00bbnormal\u00a0\u00bb txt_transform=\u00a0\u00bbuppercase\u00a0\u00bb margin_bottom=\u00a0\u00bb18&Prime; font_family=\u00a0\u00bbnone\u00a0\u00bb align=\u00a0\u00bbcenter\u00a0\u00bb]Notifications, services et contrats certifi\u00e9s avec validit\u00e9 l\u00e9gale[\/mk_fancy_title][vc_empty_space height=\u00a0\u00bb40px\u00a0\u00bb][vc_column_text align=\u00a0\u00bbcenter\u00a0\u00bb margin_bottom=\u00a0\u00bb30&Prime; css=\u00a0\u00bb.vc_custom_1649762541280{margin-bottom: 30px !important;}\u00a0\u00bb]\n<p style=\"text-align: center;\">En vous inscrivant, vous verrez plus en d\u00e9tail tous les tarifs. Vous pouvez louer des packs de produits Balance ou par quantit\u00e9<br \/>\n<a href=\"https:\/\/cloud.fullcertificate.com\/registro_gratis.aspx\">Inscrivez-vous en cliquant ici<\/a><\/p>\n[\/vc_column_text][vc_column_text][\/vc_column_text][vc_column_text disable_pattern=\u00a0\u00bbfalse\u00a0\u00bb]\n<div>\n<div class=\"otw-sc-tabs ui-tabs ui-widget ui-widget-content ui-corner-all\"><ul class=\"ui-tabs-nav ui-helper-reset ui-helper-clearfix ui-widget-header ui-corner-all\"><li class=\"ui-state-default ui-corner-top\"><a href=\"#tabs-1\"><img src=\"https:\/\/www.avisoscertificados.com\/wp-content\/uploads\/2018\/11\/icono-email-certificado-2.png\" title=\"icon\" alt=\"icon\" \/><\/a><\/li><li class=\"ui-state-default ui-corner-top\"><a href=\"#tabs-2\"><img src=\"https:\/\/www.avisoscertificados.com\/wp-content\/uploads\/2019\/08\/icono-sms-certificado-4.png\" title=\"icon\" alt=\"icon\" \/><\/a><\/li><li class=\"ui-state-default ui-corner-top\"><a href=\"#tabs-3\"><img src=\"https:\/\/www.avisoscertificados.com\/wp-content\/uploads\/2018\/11\/icono-fax-certificado-2-1.png\" title=\"icon\" alt=\"icon\" \/><\/a><\/li><li class=\"ui-state-default ui-corner-top\"><a href=\"#tabs-4\"><img src=\"https:\/\/www.avisoscertificados.com\/wp-content\/uploads\/2018\/11\/icono-llamadas-certificadas-2.png\" title=\"icon\" alt=\"icon\" \/><\/a><\/li><li class=\"ui-state-default ui-corner-top\"><a href=\"#tabs-5\"><img src=\"https:\/\/www.avisoscertificados.com\/wp-content\/uploads\/2018\/11\/icono-contratos-certificados-2.png\" title=\"icon\" alt=\"icon\" \/><\/a><\/li><li class=\"ui-state-default ui-corner-top\"><a href=\"#tabs-6\"><img src=\"https:\/\/www.avisoscertificados.com\/wp-content\/uploads\/2018\/11\/icono-contenido-web-certificado-2.png\" title=\"icon\" alt=\"icon\" \/><\/a><\/li><li class=\"ui-state-default ui-corner-top\"><a href=\"#tabs-7\"><img src=\"https:\/\/www.avisoscertificados.com\/wp-content\/uploads\/2018\/11\/icono-copyright-certificado-2.png\" title=\"icon\" alt=\"icon\" \/><\/a><\/li><li class=\"ui-state-default ui-corner-top\"><a href=\"#tabs-8\"><img src=\"https:\/\/www.avisoscertificados.com\/wp-content\/uploads\/2018\/11\/icono-foto-certificada-2.png\" title=\"icon\" alt=\"icon\" \/><\/a><\/li><li class=\"ui-state-default ui-corner-top\"><a href=\"#tabs-9\"><img src=\"https:\/\/www.avisoscertificados.com\/wp-content\/uploads\/2018\/10\/grafico-smart-recovery.png\" title=\"icon\" alt=\"icon\" \/><\/a><\/li><li class=\"ui-state-default ui-corner-top\"><a href=\"#tabs-10\"><img src=\"https:\/\/www.avisoscertificados.com\/wp-content\/uploads\/2018\/11\/icono-burofax-estandar-2.png\" title=\"icon\" alt=\"icon\" \/><\/a><\/li><\/ul><div id=\"tabs-1\" class=\"ui-tabs-panel ui-widget-content ui-corner-bottom\"><p><\/p><br \/>\n<h2>eMail Certifi\u00e9<\/h2><br \/>\n<h5>eMail Certifi\u00e9<\/h5><br \/>\n<p>A partir de 1,16 \u20ac + TVA.<\/p><br \/>\n<h5>Certifier la lecture, les t\u00e9l\u00e9chargements et la documentation<\/h5><br \/>\n<p>A partir de 1,16 \u20ac + TVA. f (Facultatif)<br \/><br \/>\n<\/p><\/div><div id=\"tabs-2\" class=\"ui-tabs-panel ui-widget-content ui-corner-bottom\"><p><\/p><br \/>\n<h2>SMS Certifi\u00e9<\/h2><br \/>\n<h5>SMS Certifi\u00e9<\/h5><br \/>\n<p>A partir de \u20ac 1,16 + TVA.<\/p><br \/>\n<h5>Certifier la livraison et les documents<\/h5><br \/>\n<p>A partir de \u20ac 1,16 + TVA. f (Facultatif)<br \/><br \/>\n<\/p><\/div><div id=\"tabs-3\" class=\"ui-tabs-panel ui-widget-content ui-corner-bottom\"><p><\/p><br \/>\n<h2>Fax Certifi\u00e9<\/h2><br \/>\n<h5>Fax Certifi\u00e9<\/h5><br \/>\n<p>A partir de 5,78 \u20ac + TVA.<\/p><br \/>\n<h5>Prix par page suppl\u00e9mentaire<\/h5><br \/>\n<p>Plus \u20ac + TVA.<br \/><br \/>\n<\/p><\/div><div id=\"tabs-4\" class=\"ui-tabs-panel ui-widget-content ui-corner-bottom\"><p><\/p><br \/>\n<h2>Appels Certifi\u00e9s<\/h2><br \/>\n<h5>Appels Certifi\u00e9s:<\/h5><br \/>\n<p>2.04 \u20ac + TVA.<\/p><br \/>\n<h5>Incr\u00e9mentaux de temps + minute ou fraction<\/h5><br \/>\n<p>A partir 0,28\u20ac + Tva.<br \/><br \/>\n<\/p><\/div><div id=\"tabs-5\" class=\"ui-tabs-panel ui-widget-content ui-corner-bottom\"><p><\/p><br \/>\n<h2>Contrats En ligne Formulaires Web<\/h2><br \/>\n<h5><\/h5><br \/>\n<p>Contacter un conseiller<\/p><br \/>\n<h6>* Prix sp\u00e9ciaux pour gros volumes et automatisation<\/h6><br \/>\n<p><\/p><\/div><div id=\"tabs-6\" class=\"ui-tabs-panel ui-widget-content ui-corner-bottom\"><p><\/p><br \/>\n<h2>Sites Web Certifi\u00e9<\/h2><br \/>\n<h5>Sites Web Certifi\u00e9<\/h5><br \/>\n<p>A partir de 5,78\u20ac + TVA.<br \/><br \/>\n<\/p><\/div><div id=\"tabs-7\" class=\"ui-tabs-panel ui-widget-content ui-corner-bottom\"><p><\/p><br \/>\n<h2>La Paternit\u00e9 \/ Copyright Certificat<\/h2><br \/>\n<h5>La Paternit\u00e9 \/ Copyright Certificat<\/h5><br \/>\n<p>A partir de 11,56\u20ac + TVA.<\/p><br \/>\n<h5>Augmentation de poids + 2,5 Mb<\/h5><br \/>\n<p><\/p><\/div><div id=\"tabs-8\" class=\"ui-tabs-panel ui-widget-content ui-corner-bottom\"><p><\/p><br \/>\n<h2>Photos & Vid\u00e9os Certifi\u00e9s<\/h2><br \/>\n<h5>Photos & Vid\u00e9os Certifi\u00e9s<\/h5><br \/>\n<p>\u00c0 partir de 5,78 \u20ac + TVA.<br \/><br \/>\n<\/p><\/div><div id=\"tabs-9\" class=\"ui-tabs-panel ui-widget-content ui-corner-bottom\"><p><\/p><br \/>\n<h2>Collection \u00e9lectronique de factures et de dettes<\/h2><br \/>\n<p><b>Services de r\u00e9cup\u00e9ration \u00e9lectronique certifi\u00e9s avec notifications \u00e0 validit\u00e9 juridique multicanal et collecte totale ou fractionn\u00e9e par POS. G\u00e9n\u00e9ration d'un fichier de certificat pr\u00e9judiciable ayant une validit\u00e9 l\u00e9gale.<\/b><br \/><br \/>\nService de r\u00e9cup\u00e9ration de cycle standard \u00e0 partir de 63 \u20ac.<\/p><br \/>\n<p><\/p><\/div><div id=\"tabs-10\" class=\"ui-tabs-panel ui-widget-content ui-corner-bottom\"><p><\/p><br \/>\n<h2>Lettre Recommand\u00e9e (\u00c0 venir bient\u00f4t)<\/h2><br \/>\n<p><b>avec Avis de R\u00e9ception et Certificat de Contenu<\/b><\/p><br \/>\n<h4>Standard<\/h4><br \/>\n<p>1 page \u00e0 partir 13,88 \u20ac + TVA<br \/><br \/>\n5 pages \u00e0 partir de 17,36 \u20ac + TVA<\/p><br \/>\n<h4>Le Jour Suivant<\/h4><br \/>\n<p>A partir de \u20ac + TVA<\/p><br \/>\n<h4>Le Jour M\u00eame<\/h4><br \/>\n<p>1 pages \u00e0 partir de \u20ac + TVA<\/p><br \/>\n<h6>(*) Les \u00eeles supportent des frais suppl\u00e9mentaires<\/h6><br \/>\n<p><\/p><\/div><\/div>\n<\/div>\n[\/vc_column_text][mk_button dimension=\u00a0\u00bbflat\u00a0\u00bb size=\u00a0\u00bbmedium\u00a0\u00bb url=\u00a0\u00bbhttps:\/\/cloud.fullcertificate.com\/register\u00a0\u00bb align=\u00a0\u00bbcenter\u00a0\u00bb margin_top=\u00a0\u00bb20&Prime; bg_color=\u00a0\u00bb#0062b0&Prime; btn_hover_bg=\u00a0\u00bb#f2006e\u00a0\u00bb]Inscription gratuite &#8211; achat[\/mk_button][vc_empty_space height=\u00a0\u00bb30px\u00a0\u00bb][vc_separator border_width=\u00a0\u00bb2&Prime;][vc_empty_space height=\u00a0\u00bb10px\u00a0\u00bb][mk_image src=\u00a0\u00bbhttps:\/\/fullcertificate.com\/wp-content\/uploads\/2019\/08\/logo-wevote.png\u00a0\u00bb image_width=\u00a0\u00bb220&Prime; align=\u00a0\u00bbcenter\u00a0\u00bb margin_bottom=\u00a0\u00bb45&Prime; crop=\u00a0\u00bbfalse\u00a0\u00bb][mk_fancy_title color=\u00a0\u00bb#0062af\u00a0\u00bb size=\u00a0\u00bb30&Prime; font_weight=\u00a0\u00bbnormal\u00a0\u00bb font_style=\u00a0\u00bbnormal\u00a0\u00bb txt_transform=\u00a0\u00bbuppercase\u00a0\u00bb margin_bottom=\u00a0\u00bb0&Prime; font_family=\u00a0\u00bbnone\u00a0\u00bb align=\u00a0\u00bbcenter\u00a0\u00bb]Services de vote \u00e9lectronique avec validit\u00e9 l\u00e9gale[\/mk_fancy_title][vc_empty_space height=\u00a0\u00bb50px\u00a0\u00bb][vc_column_text]\n<div>\n<div class=\"otw-sc-tabs ui-tabs ui-widget ui-widget-content ui-corner-all\"><ul class=\"ui-tabs-nav ui-helper-reset ui-helper-clearfix ui-widget-header ui-corner-all\"><li class=\"ui-state-default ui-corner-top\"><a href=\"#tabs-1\"><img src=\"https:\/\/www.avisoscertificados.com\/wp-content\/uploads\/2019\/08\/vot-asam-tarifas-avisos-certificados.png\" title=\"icon\" alt=\"icon\" \/><\/a><\/li><li class=\"ui-state-default ui-corner-top\"><a href=\"#tabs-2\"><img src=\"https:\/\/www.avisoscertificados.com\/wp-content\/uploads\/2019\/08\/gob-corp-tarifas-avisos.png\" title=\"icon\" alt=\"icon\" \/><\/a><\/li><li class=\"ui-state-default ui-corner-top\"><a href=\"#tabs-3\"><img src=\"https:\/\/www.avisoscertificados.com\/wp-content\/uploads\/2019\/08\/elec-gen-tarifas-avisos-certificados.png\" title=\"icon\" alt=\"icon\" \/><\/a><\/li><\/ul><div id=\"tabs-1\" class=\"ui-tabs-panel ui-widget-content ui-corner-bottom\"><p><\/p><br \/>\n<h2>weVote<\/h2><br \/>\n<p><b>Vote \u00c9lectronique dans les Assembl\u00e9es et les Listes de Repr\u00e9sentation<\/b><br \/><br \/>\nAssembl\u00e9es g\u00e9n\u00e9rales et \u00e9lections des repr\u00e9sentants; Entreprises, associations, syndicats, etc.<\/p><br \/>\n<h3>Votez et compte de r\u00e9sultat certifi\u00e9<\/h3><br \/>\n<p><\/p><\/div><div id=\"tabs-2\" class=\"ui-tabs-panel ui-widget-content ui-corner-bottom\"><p><\/p><br \/>\n<h2>weVote<\/h2><br \/>\n<p><b>Gouvernement d'entreprise et institutionnel<\/b><br \/><br \/>\neGovernment via les processus d'authentification \u00e9lectronique, DNIE et de Certification<\/p><br \/>\n<h3>eVote, eForum, eTableaux, eProc\u00e8s-verbaux ...<\/h3><br \/>\n<p><\/p><\/div><div id=\"tabs-3\" class=\"ui-tabs-panel ui-widget-content ui-corner-bottom\"><p><\/p><br \/>\n<h2>weVote<\/h2><br \/>\n<p><b>\u00c9lections G\u00e9n\u00e9rales et Gouvernement Local<\/b><br \/><br \/>\nVote \u00e9lectronique pour les \u00e9lections nationales, r\u00e9gionales et locales<\/p><br \/>\n<h3>Vote \u00e9lectronique \u00e0 distance, par courrier et en personne<\/h3><br \/>\n<p><\/p><\/div><\/div>\n<\/div>\n[\/vc_column_text][mk_button dimension=\u00a0\u00bbflat\u00a0\u00bb size=\u00a0\u00bbmedium\u00a0\u00bb url=\u00a0\u00bbhttps:\/\/fullcertificate.com\/fr\/contactez-nous\/\u00a0\u00bb align=\u00a0\u00bbcenter\u00a0\u00bb margin_top=\u00a0\u00bb20&Prime; bg_color=\u00a0\u00bb#0062b0&Prime; btn_hover_bg=\u00a0\u00bb#f2006e\u00a0\u00bb]Contacter un conseiller[\/mk_button][vc_empty_space][vc_separator][vc_empty_space][mk_image src=\u00a0\u00bbhttps:\/\/fullcertificate.com\/wp-content\/uploads\/2019\/08\/logo-smartmoney.png\u00a0\u00bb image_width=\u00a0\u00bb240&Prime; align=\u00a0\u00bbcenter\u00a0\u00bb margin_bottom=\u00a0\u00bb45&Prime; crop=\u00a0\u00bbfalse\u00a0\u00bb][mk_fancy_title color=\u00a0\u00bb#0062af\u00a0\u00bb size=\u00a0\u00bb30&Prime; font_weight=\u00a0\u00bbnormal\u00a0\u00bb font_style=\u00a0\u00bbnormal\u00a0\u00bb txt_transform=\u00a0\u00bbuppercase\u00a0\u00bb margin_bottom=\u00a0\u00bb0&Prime; font_family=\u00a0\u00bbnone\u00a0\u00bb align=\u00a0\u00bbcenter\u00a0\u00bb]Smart Money &#8211; Contrats, recouvrements &#8211; Paiements et recouvrement intelligent[\/mk_fancy_title][vc_empty_space height=\u00a0\u00bb50px\u00a0\u00bb][vc_column_text]\n<div>\n<div class=\"otw-sc-tabs ui-tabs ui-widget ui-widget-content ui-corner-all\"><ul class=\"ui-tabs-nav ui-helper-reset ui-helper-clearfix ui-widget-header ui-corner-all\"><li class=\"ui-state-default ui-corner-top\"><a href=\"#tabs-1\"><img src=\"https:\/\/www.avisoscertificados.com\/wp-content\/uploads\/2019\/08\/icono-smart-money-tarifas.png\" title=\"icon\" alt=\"icon\" \/><\/a><\/li><li class=\"ui-state-default ui-corner-top\"><a href=\"#tabs-2\"><img src=\"https:\/\/www.avisoscertificados.com\/wp-content\/uploads\/2019\/08\/icono-smart-renting-tarifas.png\" title=\"icon\" alt=\"icon\" \/><\/a><\/li><li class=\"ui-state-default ui-corner-top\"><a href=\"#tabs-3\"><img src=\"https:\/\/www.avisoscertificados.com\/wp-content\/uploads\/2019\/08\/icono-smart-recovery-tarifas.png\" title=\"icon\" alt=\"icon\" \/><\/a><\/li><li class=\"ui-state-default ui-corner-top\"><a href=\"#tabs-4\"><img src=\"https:\/\/www.avisoscertificados.com\/wp-content\/uploads\/2019\/08\/icono-smart-payments-tarifas.png\" title=\"icon\" alt=\"icon\" \/><\/a><\/li><\/ul><div id=\"tabs-1\" class=\"ui-tabs-panel ui-widget-content ui-corner-bottom\"><p><\/p><br \/>\n<h2>Smart Money<\/h2><br \/>\n<p><b>Services automatis\u00e9s via des contrats intelligents, des paiements et des recouvrements.<\/b><br \/><br \/>\nSmart Money sont des solutions de pointe pour les entreprises, les bureaux professionnels et les institutions gr\u00e2ce \u00e0 des services automatis\u00e9s qui permettent de contr\u00f4ler visuellement en temps r\u00e9el les processus de recrutement et d'affiliation, la facturation, les encaissements de paiement et la r\u00e9cup\u00e9ration amiable.<br \/><br \/>\n<\/p><\/div><div id=\"tabs-2\" class=\"ui-tabs-panel ui-widget-content ui-corner-bottom\"><p><\/p><br \/>\n<h2>Smart Renting<\/h2><br \/>\n<p><b>Automatisation des contrats de location et renting<\/b><br \/><br \/>\nSmart Renting permet la gestion \u00e9lectronique et automatis\u00e9e de tous types de contrats de location de biens immobiliers, de produits en g\u00e9n\u00e9ral et contrats financiers de renting.<br \/><br \/>\n<\/p><\/div><div id=\"tabs-3\" class=\"ui-tabs-panel ui-widget-content ui-corner-bottom\"><p><\/p><br \/>\n<h2>Smart Recovery<\/h2><br \/>\n<p><b>Services de r\u00e9cup\u00e9ration en ligne automatis\u00e9s et certifi\u00e9s avec un fichier de d\u00e9cision pr\u00e9liminaire ayant une validit\u00e9 juridique<\/b><br \/><br \/>\nSmart Recovery sont des services \u00e9lectroniques \u00e0 forte valeur ajout\u00e9e permettant le lancement de cycles de r\u00e9cup\u00e9ration en ligne personnalis\u00e9s \u00e0 100%, en fonction des besoins de chaque client.<br \/><br \/>\n<\/p><\/div><div id=\"tabs-4\" class=\"ui-tabs-panel ui-widget-content ui-corner-bottom\"><p><\/p><br \/>\n<h2>Smart Payments<\/h2><br \/>\n<p><b>Paiement \u00e9lectronique et processus de paiement avec possibilit\u00e9 d'int\u00e9gration avec des processus de contrat intelligents, une facturation automatis\u00e9e et un recouvrement certifi\u00e9.<\/b><br \/><br \/>\nSmart Payments offre la possibilit\u00e9 d'effectuer des collectes et des paiements intelligents automatiquement, massivement ou \u00e0 temps, de mani\u00e8re simple, efficace et rapide.<\/p><\/div><\/div>\n<\/div>\n[\/vc_column_text][mk_button dimension=\u00a0\u00bbflat\u00a0\u00bb size=\u00a0\u00bbmedium\u00a0\u00bb url=\u00a0\u00bbhttps:\/\/fullcertificate.com\/fr\/contactez-nous\/\u00a0\u00bb align=\u00a0\u00bbcenter\u00a0\u00bb margin_top=\u00a0\u00bb20&Prime; bg_color=\u00a0\u00bb#0062b0&Prime; btn_hover_bg=\u00a0\u00bb#f2006e\u00a0\u00bb]Contacter un conseiller[\/mk_button][\/vc_column][\/mk_page_section]\n","protected":false},"excerpt":{"rendered":"<p>[mk_page_section padding_top=\u00a0\u00bb0&Prime; first_page=\u00a0\u00bbfalse\u00a0\u00bb last_page=\u00a0\u00bbfalse\u00a0\u00bb sidebar=\u00a0\u00bbsidebar-1&Prime;][vc_column][vc_empty_space height=\u00a0\u00bb20px\u00a0\u00bb][mk_fancy_title color=\u00a0\u00bb#0062af\u00a0\u00bb size=\u00a0\u00bb32&Prime; font_weight=\u00a0\u00bbbold\u00a0\u00bb font_style=\u00a0\u00bbnormal\u00a0\u00bb txt_transform=\u00a0\u00bbuppercase\u00a0\u00bb margin_bottom=\u00a0\u00bb0&Prime; font_family=\u00a0\u00bbnone\u00a0\u00bb align=\u00a0\u00bbcenter\u00a0\u00bb] Tarifs de service [\/mk_fancy_title][vc_empty_space height=\u00a0\u00bb50px\u00a0\u00bb][mk_fancy_title tag_name=\u00a0\u00bbh1&Prime; color=\u00a0\u00bb#0062af\u00a0\u00bb size=\u00a0\u00bb25&Prime; font_weight=\u00a0\u00bbnormal\u00a0\u00bb font_style=\u00a0\u00bbnormal\u00a0\u00bb txt_transform=\u00a0\u00bbnone\u00a0\u00bb margin_bottom=\u00a0\u00bb18&Prime; font_family=\u00a0\u00bbnone\u00a0\u00bb align=\u00a0\u00bbcenter\u00a0\u00bb]Nous avons trois niveaux de service[\/mk_fancy_title][vc_row_inner padding=\u00a0\u00bb0&Prime;][vc_column_inner width=\u00a0\u00bb1\/3&Prime;][vc_column_text disable_pattern=\u00a0\u00bbfalse\u00a0\u00bb align=\u00a0\u00bbcenter\u00a0\u00bb]SERVICES DANS LE CLOUD SUR DEMANDE Services de certification en ligne par achat de solde Pas de frais, pas [&hellip;]<\/p>\n","protected":false},"author":2,"featured_media":0,"parent":0,"menu_order":0,"comment_status":"closed","ping_status":"open","template":"","meta":{"_bbp_topic_count":0,"_bbp_reply_count":0,"_bbp_total_topic_count":0,"_bbp_total_reply_count":0,"_bbp_voice_count":0,"_bbp_anonymous_reply_count":0,"_bbp_topic_count_hidden":0,"_bbp_reply_count_hidden":0,"_bbp_forum_subforum_count":0},"_links":{"self":[{"href":"https:\/\/www.fullcertificate.com\/fr\/wp-json\/wp\/v2\/pages\/14721"}],"collection":[{"href":"https:\/\/www.fullcertificate.com\/fr\/wp-json\/wp\/v2\/pages"}],"about":[{"href":"https:\/\/www.fullcertificate.com\/fr\/wp-json\/wp\/v2\/types\/page"}],"author":[{"embeddable":true,"href":"https:\/\/www.fullcertificate.com\/fr\/wp-json\/wp\/v2\/users\/2"}],"replies":[{"embeddable":true,"href":"https:\/\/www.fullcertificate.com\/fr\/wp-json\/wp\/v2\/comments?post=14721"}],"version-history":[{"count":186,"href":"https:\/\/www.fullcertificate.com\/fr\/wp-json\/wp\/v2\/pages\/14721\/revisions"}],"predecessor-version":[{"id":27519,"href":"https:\/\/www.fullcertificate.com\/fr\/wp-json\/wp\/v2\/pages\/14721\/revisions\/27519"}],"wp:attachment":[{"href":"https:\/\/www.fullcertificate.com\/fr\/wp-json\/wp\/v2\/media?parent=14721"}],"curies":[{"name":"wp","href":"https:\/\/api.w.org\/{rel}","templated":true}]}}