{"id":14737,"date":"2019-02-12T16:13:22","date_gmt":"2019-02-12T16:13:22","guid":{"rendered":"https:\/\/fullcertificate.com\/?page_id=14737"},"modified":"2022-04-12T03:56:55","modified_gmt":"2022-04-12T03:56:55","slug":"certificat-de-lettre-recommandee-en-ligne-le-jour-suivant","status":"publish","type":"page","link":"https:\/\/www.fullcertificate.com\/fr\/certificat-de-lettre-recommandee-en-ligne-le-jour-suivant\/","title":{"rendered":"Certificat de Lettre Recommand\u00e9e \u00c9lectronique Le Jour Suivant"},"content":{"rendered":"[mk_page_section bg_image=&#8221;https:\/\/fullcertificate.com\/wp-content\/uploads\/2017\/03\/burofax-online-dia-siguiente-1.jpg&#8221; bg_position=&#8221;center top&#8221; bg_repeat=&#8221;no-repeat&#8221; bg_stretch=&#8221;true&#8221; min_height=&#8221;350&#8243; padding_top=&#8221;20&#8243; padding_bottom=&#8221;0&#8243; first_page=&#8221;true&#8221; last_page=&#8221;true&#8221; sidebar=&#8221;sidebar-1&#8243;][vc_column][mk_fancy_title tag_name=&#8221;h1&#8243; color=&#8221;#000000&#8243; size=&#8221;40&#8243; font_weight=&#8221;normal&#8221; font_style=&#8221;normal&#8221; txt_transform=&#8221;none&#8221; margin_top=&#8221;60&#8243; margin_bottom=&#8221;0&#8243; font_family=&#8221;none&#8221;]Certificat de Lettre Recommand\u00e9e \u00c9lectronique<br \/>\n<strong>Le Jour Suivant<\/strong>[\/mk_fancy_title][mk_fancy_title color=&#8221;#000000&#8243; size=&#8221;25&#8243; font_weight=&#8221;300&#8243; font_style=&#8221;normal&#8221; txt_transform=&#8221;none&#8221; margin_bottom=&#8221;0&#8243; font_family=&#8221;none&#8221;]Certificat de Lettre Recommand\u00e9e \u00c9lectronique d\u00e9livr\u00e9 le lendemain de son \u00e9mission.<br \/>\nLivraison \u00e0 domicile, signature, avis de r\u00e9ception et reconnaissance du contenu.[\/mk_fancy_title][mk_button dimension=&#8221;flat&#8221; size=&#8221;medium&#8221; url=&#8221;https:\/\/cloud.fullcertificate.com\/register&#8221; target=&#8221;_blank&#8221; button_custom_width=&#8221;250&#8243; bg_color=&#8221;#0062b0&#8243; btn_hover_bg=&#8221;#252525&#8243;]CONTACTER MAINTENANT[\/mk_button][\/vc_column][\/mk_page_section][mk_page_section padding_top=&#8221;50&#8243; padding_bottom=&#8221;0&#8243; margin_bottom=&#8221;50&#8243; first_page=&#8221;false&#8221; last_page=&#8221;false&#8221; sidebar=&#8221;sidebar-1&#8243;][vc_column width=&#8221;3\/4&#8243;][mk_fancy_title color=&#8221;#0062af&#8221; size=&#8221;30&#8243; font_weight=&#8221;normal&#8221; font_style=&#8221;normal&#8221; txt_transform=&#8221;none&#8221; margin_bottom=&#8221;0&#8243; font_family=&#8221;none&#8221;]Certificat de Lettre Recommand\u00e9e \u00c9lectronique le Jour Suivant <span style=\"color: #f2006e; font-size: 15pt;\">(Bient\u00f4t)<\/span>[\/mk_fancy_title][mk_divider style=&#8221;thin_solid&#8221; thickness=&#8221;4&#8243; margin_top=&#8221;0&#8243;][mk_fancy_title color=&#8221;#000000&#8243; size=&#8221;17&#8243; font_weight=&#8221;bold&#8221; font_style=&#8221;normal&#8221; txt_transform=&#8221;uppercase&#8221; margin_bottom=&#8221;0&#8243; font_family=&#8221;none&#8221;]CERTIFICAT DE LETTRE RECOMMAND\u00c9E \u00c9LECTRONIQUE. AVIS DE R\u00c9CEPTION ET RECONNAISSANCE DU CONTENU. T\u00c9MOIGNAGE NOTARIAL.[\/mk_fancy_title][mk_fancy_title color=&#8221;#f2006e&#8221; size=&#8221;20&#8243; font_weight=&#8221;normal&#8221; font_style=&#8221;normal&#8221; txt_transform=&#8221;none&#8221; margin_bottom=&#8221;30&#8243; font_family=&#8221;none&#8221;]L\u2019exp\u00e9dition et la premi\u00e8re tentative de d\u00e9livrance du certificat de la Lettre Recommand\u00e9e \u00c9lectronique ont abouti 14 heures apr\u00e8s son \u00e9mission. Une solution efficace, pratique, \u00e9conomique et rapide qui garantit une validit\u00e9 l\u00e9gal compl\u00e8te.[\/mk_fancy_title][vc_row_inner padding=&#8221;0&#8243;][vc_column_inner width=&#8221;1\/3&#8243;][mk_fancy_title color=&#8221;#393836&#8243; font_style=&#8221;inhert&#8221; margin_bottom=&#8221;18&#8243; font_family=&#8221;none&#8221;]<img class=\"wp-image-8800 aligncenter\" src=\"https:\/\/fullcertificate.com\/wp-content\/uploads\/2018\/11\/icono-burofax-dia-siguiente-2-1-300x300.png\" alt=\"\" width=\"216\" srcset=\"https:\/\/www.fullcertificate.com\/wp-content\/uploads\/2018\/11\/icono-burofax-dia-siguiente-2-1-300x300.png 300w, https:\/\/www.fullcertificate.com\/wp-content\/uploads\/2018\/11\/icono-burofax-dia-siguiente-2-1-150x150.png 150w, https:\/\/www.fullcertificate.com\/wp-content\/uploads\/2018\/11\/icono-burofax-dia-siguiente-2-1.png 500w\" sizes=\"(max-width: 300px) 100vw, 300px\" \/><\/p>\n<p style=\"text-align: center;\"><strong><span style=\"color: #0062af;\">LETTRE RECOMMAND\u00c9E<br \/>\n\u00c9LECTRONIQUE LE JOUR SUIVANT<\/span><\/strong><br \/>\nLivraison Postale<br \/>\nCertificat de livraison<br \/>\nCertification de contenu<br \/>\nT\u00e9moignage notari\u00e9<br \/>\nLivraison le lendemain \u00e0 votre \u00e9mission<\/p>\n[\/mk_fancy_title][mk_image src=&#8221;https:\/\/fullcertificate.com\/wp-content\/uploads\/2018\/12\/notary-europe-full-certificate.png&#8221; image_width=&#8221;100&#8243; align=&#8221;center&#8221; crop=&#8221;false&#8221;][\/vc_column_inner][vc_column_inner width=&#8221;2\/3&#8243;][mk_fancy_title tag_name=&#8221;h4&#8243; color=&#8221;#000000&#8243; font_weight=&#8221;normal&#8221; font_style=&#8221;normal&#8221; txt_transform=&#8221;none&#8221; font_family=&#8221;none&#8221;]Le <strong>Certificat de la Lettre Recommand\u00e9e \u00c9lectronique le jour\u00a0Suivant<\/strong> doit<span style=\"color: #0062af;\"> \u00eatre d\u00e9livr\u00e9<\/span> <strong>avant 14:00<\/strong> en raison des besoins de la logistique et des services de courrier. Avec cette p\u00e9riode,<span style=\"color: #0062af;\"> la premi\u00e8re tentative de livraison aurait lieu le lendemain de sa publication<\/span>.<\/p>\n<p>&nbsp;<\/p>\n<p>Avec notre service<strong> Certificat de Lettre Recommand\u00e9e \u00c9lectronique<\/strong>, vous pouvez notifier vos r\u00e9clamations imminentes par internet et avec une livraison personnalis\u00e9e en fonction du destinataire: <span style=\"color: #0062af;\">particulier, entit\u00e9 l\u00e9gale ou organisation publique<\/span>.<\/p>\n<p>&nbsp;<\/p>\n<p>L\u2019envoi d\u2019 une\u00a0<strong>Lettre Recommand\u00e9e \u00c9lectronique le Jour Suivant<\/strong> est id\u00e9al dans les processus de r\u00e9clamations de toutes sortes afin que le destinataire en soit averti. Tout ce processus s\u2019effectue dans le <span style=\"color: #0062af;\">confort de votre ordinateur<\/span> et poss\u00e8de les <span style=\"color: #0062af;\">m\u00eames caract\u00e9ristiques que la\u00a0<\/span><strong>Lettre Recommand\u00e9e Traditionnelle pouvant<\/strong> servir de preuve judiciaire.<\/p>\n<p>&nbsp;<\/p>\n<p>Si le destinataire ne veut pas ou ne s&#8217;oppose pas \u00e0 la collecte ou si l&#8217;adresse est incorrecte, <strong>Full Certificate<\/strong> <span style=\"color: #0062af;\">certifient chacune<\/span> de ces <span style=\"color: #0062af;\">circonstances<\/span>, ce qui ajoute \u00e9galement de la<span style=\"color: #0062af;\"> valeur au niveau juridique<\/span>.[\/mk_fancy_title][mk_fancy_title tag_name=&#8221;h4&#8243; color=&#8221;#000000&#8243; font_weight=&#8221;normal&#8221; font_style=&#8221;normal&#8221; txt_transform=&#8221;none&#8221; font_family=&#8221;none&#8221;]L&#8217;envoi d&#8217;une<strong> Lettre Recommand\u00e9e \u00c9lectronique<\/strong>\u00a0est un processus <span style=\"color: #0062af;\">simple, rapide et \u00e9conomique \u00e0 la validit\u00e9 juridique l\u00e9gal<\/span>, con\u00e7u pour les avocats, les particuliers et les entreprises.<\/p>\n<p>&nbsp;<\/p>\n<p>Le processus pour ex\u00e9cuter une\u00a0<strong>Lettre Recommand\u00e9e \u00c9lectronique certifi\u00e9<\/strong> est le suivant:<\/p>\n<p>&nbsp;<\/p>\n<ul>\n<li>\u00c0 partir de<strong> l&#8217;espace client de Full Certificate<\/strong> vous pouvez envoyer votre <strong>Lettre Recommand\u00e9e \u00c9lectronique<\/strong>. Notre syst\u00e8me activera \u00e9lectroniquement un bon de<span style=\"color: #0062af;\"> livraison \u00e0 la soci\u00e9t\u00e9 de courrier.<\/span><\/li>\n<li>La soci\u00e9t\u00e9 de courrier livrera le document \u00e0 l&#8217;adresse avec les instructions que vous avez indiqu\u00e9es.<\/li>\n<li>Nous ferons un <span style=\"color: #0062af;\">maximum de trois tentatives de livraison<\/span>. \u00c0 la troisi\u00e8me tentative, nous appelons le destinataire au num\u00e9ro de t\u00e9l\u00e9phone que vous avez indiqu\u00e9 pour organiser un jour et une heure, afin de rechercher une efficacit\u00e9 maximale dans le processus de livraison.<\/li>\n<li>La livraison sera faite personnellement au <span style=\"color: #0062af;\">destinataire<\/span> qui la <span style=\"color: #0062af;\">signera telle qu&#8217;elle est, de m\u00eame que l&#8217;avis de r\u00e9ception et la reconnaissance du contenu et, la livraison sera certifi\u00e9e \u00e9lectroniquement<\/span>. En cas d&#8217;impossibilit\u00e9 de livraison, il sera certifi\u00e9 n\u00e9gatif en indiquant la cause si possible.<\/li>\n<li><span style=\"color: #0062af;\">De plus<\/span>, vous pouvez <span style=\"color: #0062af;\">\u00e9tendre le service<\/span> via un registre de notaires avec le<strong> t\u00e9moignage<\/strong> notari\u00e9. Certification maximale disponible.<\/li>\n<\/ul>\n[\/mk_fancy_title][mk_blockquote font_family=&#8221;none&#8221; align=&#8221;left&#8221;]\u00c9conomisez <strong>60 % &#8211; 80 % <\/strong>par rapport aux courriers traditionnelles de Lettre Recommand\u00e9e[\/mk_blockquote][mk_fancy_title tag_name=&#8221;h4&#8243; color=&#8221;#000000&#8243; font_weight=&#8221;normal&#8221; font_style=&#8221;normal&#8221; txt_transform=&#8221;none&#8221; margin_bottom=&#8221;0&#8243; font_family=&#8221;none&#8221;]<span style=\"color: #0062af;\"><a style=\"color: #0062af;\" href=\"https:\/\/fullcertificate.com\/fr\/les-tarifs-de-full-certificate\/\">VOIR TOUS LES TARIFS \/ PRIX<\/a><\/span>[\/mk_fancy_title][mk_fancy_title tag_name=&#8221;h4&#8243; color=&#8221;#000000&#8243; font_weight=&#8221;normal&#8221; font_style=&#8221;normal&#8221; txt_transform=&#8221;none&#8221; font_family=&#8221;none&#8221;]Tous nos <strong>certificats \u00e9lectroniques<\/strong> sont envoy\u00e9s \u00e0 votre courrier \u00e9lectronique au moment de leur \u00e9mission.<\/p>\n<p>&nbsp;<\/p>\n<p>Si vous voulez <span style=\"color: #0062af;\">voir l&#8217;\u00e9volution de ce service<\/span>, il suffit d&#8217;entrer dans notre plateforme <strong>Full Certificate<\/strong>. \u00c0 son tour, <span style=\"color: #0062af;\">vous pouvez t\u00e9l\u00e9charger ce document<\/span> en entrant l&#8217;espace client sur la page d&#8217;accueil au point<strong> My Full Certificate.<\/strong><\/p>\n<p>&nbsp;<\/p>\n<p>La figure de <strong>Full Certificate en tant que tierce de confiance<\/strong> garantit la <span style=\"color: #0062af;\">validit\u00e9 juridique<\/span> de vos envois. Rapide, \u00e9conomique, \u00e9cologique et confortable, \u00e0 partir de votre ordinateur, <span style=\"color: #0062af;\">gagne du temps et du travail<\/span>. Nous offrons \u00e9galement, avec tous nos produits, le service de t\u00e9moignage notari\u00e9.[\/mk_fancy_title][\/vc_column_inner][vc_column_inner][\/vc_column_inner][\/vc_row_inner][\/vc_column][vc_column border_color=&#8221;#ffffff&#8221; width=&#8221;1\/4&#8243;][mk_image src=&#8221;https:\/\/fullcertificate.com\/wp-content\/uploads\/2018\/12\/european-trusted-third-party-full-certificate.png&#8221; image_width=&#8221;180&#8243; align=&#8221;center&#8221; margin_bottom=&#8221;35&#8243; crop=&#8221;false&#8221;][vc_row_inner padding=&#8221;0&#8243;][vc_column_inner css=&#8221;.vc_custom_1573729856498{border-top-width: 1px !important;border-right-width: 1px !important;border-bottom-width: 1px !important;border-left-width: 1px !important;border-left-color: #f2006e !important;border-left-style: solid !important;border-right-color: #f2006e !important;border-right-style: solid !important;border-top-color: #f2006e !important;border-top-style: solid !important;border-bottom-color: #f2006e !important;border-bottom-style: solid !important;}&#8221;][mk_fancy_title color=&#8221;#000000&#8243; size=&#8221;20&#8243; font_weight=&#8221;bold&#8221; font_style=&#8221;normal&#8221; txt_transform=&#8221;uppercase&#8221; margin_top=&#8221;20&#8243; margin_bottom=&#8221;0&#8243; font_family=&#8221;none&#8221; align=&#8221;center&#8221;]\n<p style=\"text-align: center;\">INSCRIVEZ-VOUS GRATUITEMENT<\/p>\n[\/mk_fancy_title][mk_fancy_title color=&#8221;#000000&#8243; size=&#8221;16&#8243; font_weight=&#8221;normal&#8221; font_style=&#8221;normal&#8221; txt_transform=&#8221;none&#8221; margin_bottom=&#8221;0&#8243; font_family=&#8221;none&#8221; align=&#8221;center&#8221;]\n<p style=\"text-align: center;\">Essayez nos services certifi\u00e9s avec une validit\u00e9 l\u00e9gale compl\u00e8te.<\/p>\n<p>&nbsp;<\/p>\n<p style=\"text-align: center;\"><strong><span style=\"color: #0062b0;\">Pas de frais, pas de contrat.<\/span><br \/>\n<\/strong>Votre solde n&#8217;expire jamais.<\/p>\n[\/mk_fancy_title][mk_button dimension=&#8221;flat&#8221; corner_style=&#8221;rounded&#8221; size=&#8221;medium&#8221; url=&#8221;https:\/\/cloud.fullcertificate.com\/register&#8221; target=&#8221;_blank&#8221; align=&#8221;center&#8221; button_custom_width=&#8221;160&#8243; bg_color=&#8221;#f2006e&#8221; btn_hover_bg=&#8221;#252525&#8243; btn_hover_txt_color=&#8221;#ffffff&#8221;]CLIQUEZ ICI[\/mk_button][\/vc_column_inner][\/vc_row_inner][vc_row_inner padding=&#8221;0&#8243; el_class=&#8221;ocultarPack&#8221;][vc_column_inner][vc_empty_space][\/vc_column_inner][\/vc_row_inner][vc_row_inner padding=&#8221;0&#8243;][vc_column_inner][vc_empty_space height=&#8221;20px&#8221;][\/vc_column_inner][\/vc_row_inner][vc_row_inner padding=&#8221;0&#8243;][vc_column_inner][mk_icon_box2 icon_type=&#8221;image&#8221; title_size=&#8221;0&#8243; title_top_padding=&#8221;0&#8243; title_bottom_padding=&#8221;0&#8243;]<a href=\"https:\/\/fullcertificate.com\/fr\/smartmoney\/\"><img loading=\"lazy\" class=\"wp-image-6433 size-medium aligncenter\" src=\"https:\/\/fullcertificate.com\/wp-content\/uploads\/2018\/10\/logo-smartmoney-1.png\" alt=\"\" width=\"180\" height=\"31\" \/><\/a><a href=\"https:\/\/fullcertificate.com\/fr\/smartmoney\/\"><img loading=\"lazy\" class=\"wp-image-6439 size-medium aligncenter\" src=\"https:\/\/fullcertificate.com\/wp-content\/uploads\/2018\/10\/grafico-smart-money-3-1.png\" alt=\"\" width=\"170\" height=\"300\" \/><\/a><\/p>\n<p style=\"text-align: center;\"><strong><span style=\"color: #0062b0;\"><a style=\"color: #0062b0;\" href=\"https:\/\/fullcertificate.com\/fr\/smartmoney\/\">SMART MONEY<\/a><br \/>\n<\/span><\/strong>Smart Contracts<br \/>\nSmart Payments<br \/>\n<span style=\"color: #000000; text-decoration: none;\">Smart Recovery<br \/>\nDashboard<br \/>\n<\/span><\/p>\n[\/mk_icon_box2][vc_empty_space height=&#8221;0px&#8221;][mk_fancy_title color=&#8221;#393836&#8243; font_style=&#8221;inhert&#8221; margin_bottom=&#8221;0&#8243; font_family=&#8221;none&#8221;]<a href=\"https:\/\/fullcertificate.com\/fr\/smartone2one\/\"><img loading=\"lazy\" class=\"wp-image-6433 size-medium aligncenter\" src=\"https:\/\/fullcertificate.com\/wp-content\/uploads\/2018\/10\/logo-smart-one2one-2-1.png\" alt=\"\" width=\"226\" height=\"31\" \/><\/a><a href=\"https:\/\/fullcertificate.com\/fr\/smartone2one\/\"><img loading=\"lazy\" class=\"wp-image-6439 size-medium aligncenter\" src=\"https:\/\/fullcertificate.com\/wp-content\/uploads\/2018\/10\/grafico-smart-one2one-1.png\" alt=\"\" width=\"170\" height=\"300\" \/><\/a><\/p>\n<p style=\"text-align: center;\"><strong><span style=\"color: #0062b0;\"><a style=\"color: #0062b0;\" href=\"https:\/\/fullcertificate.com\/fr\/smartone2one\/\">SMART ONE2ONE<\/a><br \/>\n<\/span><\/strong>Notifications personnalis\u00e9es<br \/>\nVolume d&#8217;ex\u00e9cution \u00e9lev\u00e9<br \/>\nCertification multicanal<br \/>\nHaute disponibilit\u00e9<\/p>\n[\/mk_fancy_title][\/vc_column_inner][\/vc_row_inner][vc_empty_space height=&#8221;20px&#8221;][vc_row_inner padding=&#8221;0&#8243; el_class=&#8221;ocultar&#8221;][vc_column_inner css=&#8221;.vc_custom_1540979094932{border-top-width: 1px !important;border-right-width: 1px !important;border-bottom-width: 1px !important;border-left-width: 1px !important;padding-top: 20px !important;padding-bottom: 20px !important;background-color: #ffffff !important;border-left-color: #1e73be !important;border-left-style: solid !important;border-right-color: #1e73be !important;border-right-style: solid !important;border-top-color: #1e73be !important;border-top-style: solid !important;border-bottom-color: #1e73be !important;border-bottom-style: solid !important;}&#8221;][mk_fancy_title color=&#8221;#000000&#8243; size=&#8221;20&#8243; font_weight=&#8221;bold&#8221; font_style=&#8221;normal&#8221; txt_transform=&#8221;uppercase&#8221; margin_bottom=&#8221;0&#8243; font_family=&#8221;none&#8221; align=&#8221;center&#8221;]\n<p style=\"text-align: center;\">DONN\u00c9ES DE CONTACT<\/p>\n[\/mk_fancy_title][mk_fancy_title color=&#8221;#1e73be&#8221; font_style=&#8221;normal&#8221; txt_transform=&#8221;none&#8221; margin_bottom=&#8221;0&#8243; font_family=&#8221;none&#8221; align=&#8221;center&#8221;]\n<p style=\"text-align: center;\"><strong>T\u00e9l\u00e9phone:<\/strong> EU &#8211; ES: 0034 910 052 659<br \/>\nEU &#8211; IT: 0039 0687165152<br \/>\nLATAM: 0052 55 4162 9666<\/p>\n<p style=\"text-align: center;\"><strong>Adresse: <\/strong>Rue Boix y Morer #6, Grenier.<br \/>\n28003 Madrid, Espagne<\/p>\n[\/mk_fancy_title][mk_button dimension=&#8221;flat&#8221; corner_style=&#8221;rounded&#8221; size=&#8221;medium&#8221; url=&#8221;https:\/\/fullcertificate.com\/fr\/contact\/&#8221; align=&#8221;center&#8221; button_custom_width=&#8221;160&#8243; bg_color=&#8221;#0062b0&#8243; btn_hover_bg=&#8221;#252525&#8243;]CONTACTEZ NOUS[\/mk_button][\/vc_column_inner][\/vc_row_inner][\/vc_column][\/mk_page_section][mk_page_section full_width=&#8221;true&#8221; first_page=&#8221;false&#8221; last_page=&#8221;false&#8221; sidebar=&#8221;sidebar-1&#8243;][vc_column][mk_divider style=&#8221;thin_solid&#8221; thickness=&#8221;4&#8243; margin_top=&#8221;10&#8243; margin_bottom=&#8221;40&#8243;][vc_row_inner padding=&#8221;0&#8243;][vc_column_inner width=&#8221;1\/4&#8243;][\/vc_column_inner][vc_column_inner width=&#8221;1\/2&#8243;][mk_fancy_title tag_name=&#8221;h4&#8243; color=&#8221;#393836&#8243; size=&#8221;30&#8243; font_weight=&#8221;normal&#8221; font_style=&#8221;normal&#8221; txt_transform=&#8221;uppercase&#8221; margin_bottom=&#8221;18&#8243; font_family=&#8221;none&#8221; align=&#8221;center&#8221;]\n<p style=\"text-align: center;\">AVEC LA GARANTIE DE<\/p>\n[\/mk_fancy_title][mk_image src=&#8221;https:\/\/fullcertificate.com\/wp-content\/uploads\/2022\/04\/footer-nuevo-WE-VOTE.jpg&#8221; image_width=&#8221;1500&#8243; link=&#8221;http:\/\/fullcertificate.com\/&#8221; target=&#8221;_blank&#8221; align=&#8221;center&#8221; margin_bottom=&#8221;40&#8243; el_class=&#8221;imagen-footer-centro&#8221; crop=&#8221;false&#8221;][\/vc_column_inner][vc_column_inner width=&#8221;1\/4&#8243;][\/vc_column_inner][\/vc_row_inner][\/vc_column][\/mk_page_section]\n","protected":false},"excerpt":{"rendered":"<p>[mk_page_section bg_image=&#8221;https:\/\/fullcertificate.com\/wp-content\/uploads\/2017\/03\/burofax-online-dia-siguiente-1.jpg&#8221; bg_position=&#8221;center top&#8221; bg_repeat=&#8221;no-repeat&#8221; bg_stretch=&#8221;true&#8221; min_height=&#8221;350&#8243; padding_top=&#8221;20&#8243; padding_bottom=&#8221;0&#8243; first_page=&#8221;true&#8221; last_page=&#8221;true&#8221; sidebar=&#8221;sidebar-1&#8243;][vc_column][mk_fancy_title tag_name=&#8221;h1&#8243; color=&#8221;#000000&#8243; size=&#8221;40&#8243; font_weight=&#8221;normal&#8221; font_style=&#8221;normal&#8221; txt_transform=&#8221;none&#8221; margin_top=&#8221;60&#8243; margin_bottom=&#8221;0&#8243; font_family=&#8221;none&#8221;]Certificat de Lettre Recommand\u00e9e \u00c9lectronique Le Jour Suivant[\/mk_fancy_title][mk_fancy_title color=&#8221;#000000&#8243; size=&#8221;25&#8243; font_weight=&#8221;300&#8243; font_style=&#8221;normal&#8221; txt_transform=&#8221;none&#8221; margin_bottom=&#8221;0&#8243; font_family=&#8221;none&#8221;]Certificat de Lettre Recommand\u00e9e \u00c9lectronique d\u00e9livr\u00e9 le lendemain de son \u00e9mission. Livraison \u00e0 domicile, signature, avis de r\u00e9ception et reconnaissance du [&hellip;]<\/p>\n","protected":false},"author":2,"featured_media":0,"parent":0,"menu_order":0,"comment_status":"closed","ping_status":"closed","template":"","meta":{"_bbp_topic_count":0,"_bbp_reply_count":0,"_bbp_total_topic_count":0,"_bbp_total_reply_count":0,"_bbp_voice_count":0,"_bbp_anonymous_reply_count":0,"_bbp_topic_count_hidden":0,"_bbp_reply_count_hidden":0,"_bbp_forum_subforum_count":0},"_links":{"self":[{"href":"https:\/\/www.fullcertificate.com\/fr\/wp-json\/wp\/v2\/pages\/14737"}],"collection":[{"href":"https:\/\/www.fullcertificate.com\/fr\/wp-json\/wp\/v2\/pages"}],"about":[{"href":"https:\/\/www.fullcertificate.com\/fr\/wp-json\/wp\/v2\/types\/page"}],"author":[{"embeddable":true,"href":"https:\/\/www.fullcertificate.com\/fr\/wp-json\/wp\/v2\/users\/2"}],"replies":[{"embeddable":true,"href":"https:\/\/www.fullcertificate.com\/fr\/wp-json\/wp\/v2\/comments?post=14737"}],"version-history":[{"count":23,"href":"https:\/\/www.fullcertificate.com\/fr\/wp-json\/wp\/v2\/pages\/14737\/revisions"}],"predecessor-version":[{"id":27460,"href":"https:\/\/www.fullcertificate.com\/fr\/wp-json\/wp\/v2\/pages\/14737\/revisions\/27460"}],"wp:attachment":[{"href":"https:\/\/www.fullcertificate.com\/fr\/wp-json\/wp\/v2\/media?parent=14737"}],"curies":[{"name":"wp","href":"https:\/\/api.w.org\/{rel}","templated":true}]}}