{"id":14755,"date":"2019-02-12T16:17:40","date_gmt":"2019-02-12T16:17:40","guid":{"rendered":"https:\/\/fullcertificate.com\/?page_id=14755"},"modified":"2022-04-12T11:32:22","modified_gmt":"2022-04-12T11:32:22","slug":"smartbilling","status":"publish","type":"page","link":"https:\/\/www.fullcertificate.com\/fr\/smartbilling\/","title":{"rendered":"Smart Billing"},"content":{"rendered":"[mk_page_section bg_image=\u00a0\u00bbhttps:\/\/fullcertificate.com\/wp-content\/uploads\/2018\/11\/banner-smartbilling-1.jpg\u00a0\u00bb bg_position=\u00a0\u00bbcenter top\u00a0\u00bb bg_repeat=\u00a0\u00bbno-repeat\u00a0\u00bb bg_stretch=\u00a0\u00bbtrue\u00a0\u00bb min_height=\u00a0\u00bb350&Prime; padding_top=\u00a0\u00bb20&Prime; padding_bottom=\u00a0\u00bb0&Prime; first_page=\u00a0\u00bbtrue\u00a0\u00bb last_page=\u00a0\u00bbtrue\u00a0\u00bb sidebar=\u00a0\u00bbsidebar-1&Prime;][vc_column][mk_fancy_title tag_name=\u00a0\u00bbh1&Prime; color=\u00a0\u00bb#ffffff\u00a0\u00bb size=\u00a0\u00bb40&Prime; font_weight=\u00a0\u00bbnormal\u00a0\u00bb font_style=\u00a0\u00bbnormal\u00a0\u00bb txt_transform=\u00a0\u00bbnone\u00a0\u00bb margin_top=\u00a0\u00bb60&Prime; margin_bottom=\u00a0\u00bb0&Prime; font_family=\u00a0\u00bbnone\u00a0\u00bb]Smart Billing &#8211; Facturation intelligente[\/mk_fancy_title][mk_fancy_title tag_name=\u00a0\u00bbh1&Prime; color=\u00a0\u00bb#ffffff\u00a0\u00bb size=\u00a0\u00bb25&Prime; font_weight=\u00a0\u00bb300&Prime; font_style=\u00a0\u00bbnormal\u00a0\u00bb txt_transform=\u00a0\u00bbnone\u00a0\u00bb margin_bottom=\u00a0\u00bb0&Prime; font_family=\u00a0\u00bbnone\u00a0\u00bb]Automatisation du processus de facturation[\/mk_fancy_title][mk_button dimension=\u00a0\u00bbflat\u00a0\u00bb size=\u00a0\u00bbmedium\u00a0\u00bb url=\u00a0\u00bbhttps:\/\/fullcertificate.com\/fr\/contactez-nous\/\u00a0\u00bb button_custom_width=\u00a0\u00bb250&Prime; bg_color=\u00a0\u00bb#e5ac00&Prime; btn_hover_bg=\u00a0\u00bb#252525&Prime;]CONTACTEZ MAINTENANT[\/mk_button][\/vc_column][\/mk_page_section][mk_page_section padding_top=\u00a0\u00bb50&Prime; padding_bottom=\u00a0\u00bb50&Prime; first_page=\u00a0\u00bbfalse\u00a0\u00bb last_page=\u00a0\u00bbfalse\u00a0\u00bb sidebar=\u00a0\u00bbsidebar-1&Prime;][vc_column width=\u00a0\u00bb3\/4&Prime;][mk_fancy_title color=\u00a0\u00bb#0062af\u00a0\u00bb size=\u00a0\u00bb30&Prime; font_weight=\u00a0\u00bbnormal\u00a0\u00bb font_style=\u00a0\u00bbnormal\u00a0\u00bb txt_transform=\u00a0\u00bbnone\u00a0\u00bb margin_bottom=\u00a0\u00bb0&Prime; font_family=\u00a0\u00bbnone\u00a0\u00bb]Smart Billing &#8211; Facturation intelligente[\/mk_fancy_title][mk_divider style=\u00a0\u00bbthin_solid\u00a0\u00bb thickness=\u00a0\u00bb4&Prime; margin_top=\u00a0\u00bb0&Prime;][mk_fancy_title color=\u00a0\u00bb#000000&Prime; size=\u00a0\u00bb17&Prime; font_weight=\u00a0\u00bbnormal\u00a0\u00bb font_style=\u00a0\u00bbnormal\u00a0\u00bb txt_transform=\u00a0\u00bbuppercase\u00a0\u00bb margin_bottom=\u00a0\u00bb30&Prime; font_family=\u00a0\u00bbnone\u00a0\u00bb]<strong>SERVICE AUTORIS\u00c9, P\u00c9RIODIQUE, PAR HISTOIRE, R\u00c9CURRENT OU FACTUR\u00c9 \u00c0 TEMPS<\/strong>[\/mk_fancy_title][vc_row_inner padding=\u00a0\u00bb0&Prime;][vc_column_inner width=\u00a0\u00bb1\/3&Prime;][mk_image src=\u00a0\u00bbhttps:\/\/fullcertificate.com\/wp-content\/uploads\/2018\/11\/logo-smart-billing-500px-2.png\u00a0\u00bb image_width=\u00a0\u00bb240&Prime; image_height=\u00a0\u00bb170&Prime; align=\u00a0\u00bbcenter\u00a0\u00bb crop=\u00a0\u00bbfalse\u00a0\u00bb][mk_image src=\u00a0\u00bbhttps:\/\/fullcertificate.com\/wp-content\/uploads\/2018\/11\/icono-facturas-electronicas-certificadas-2-1.png\u00a0\u00bb image_width=\u00a0\u00bb216&Prime; align=\u00a0\u00bbcenter\u00a0\u00bb crop=\u00a0\u00bbfalse\u00a0\u00bb][mk_icon_box2 icon_type=\u00a0\u00bbimage\u00a0\u00bb icon_size=\u00a0\u00bbinherit\u00a0\u00bb title_size=\u00a0\u00bb0&Prime; title_top_padding=\u00a0\u00bb0&Prime; title_bottom_padding=\u00a0\u00bb0&Prime;]\n<p style=\"text-align: center;\"><strong><span style=\"color: #0062b0;\"><a style=\"color: #0062b0;\" href=\"https:\/\/www.avisoscertificados.com\/contactenos\/\">SMART BILLING<\/a><br \/>\n<\/span><\/strong>Factures \u00e9lectroniques<br \/>\nAutomatis\u00e9<br \/>\nCertifi\u00e9<br \/>\nJournaux<br \/>\nPar jalons<br \/>\nTableau de bord<\/p>\n[\/mk_icon_box2][\/vc_column_inner][vc_column_inner width=\u00a0\u00bb2\/3&Prime;][mk_fancy_title tag_name=\u00a0\u00bbh4&Prime; color=\u00a0\u00bb#000000&Prime; font_weight=\u00a0\u00bbnormal\u00a0\u00bb font_style=\u00a0\u00bbnormal\u00a0\u00bb txt_transform=\u00a0\u00bbnone\u00a0\u00bb margin_bottom=\u00a0\u00bb0&Prime; font_family=\u00a0\u00bbnone\u00a0\u00bb]<strong>Smart Billing<\/strong> est sans aucun doute un service universel, tr\u00e8s utile, pour toute entreprise, association, organisation, etc.<\/p>\n<p>&nbsp;<\/p>\n<p>Gr\u00e2ce \u00e0 <strong>Smart Billing<\/strong>, vous pouvez ex\u00e9cuter tous vos <span style=\"color: #0062af;\">besoins en mati\u00e8re de facturation et de re\u00e7us de mani\u00e8re automatis\u00e9e<\/span>, semi-automatis\u00e9e ou manuelle. Si vous le combinez avec<strong> Smart Payments et Smart Recovery<\/strong>, vous <span style=\"color: #0062af;\">pouvez facturer sans effort rapidement, confortablement et en toute s\u00e9curit\u00e9<\/span>.<\/p>\n<p>&nbsp;<\/p>\n<p>Les factures sont des <strong>factures<\/strong> certifi\u00e9es, totalement personnalis\u00e9es, <span style=\"color: #0062af;\">envoy\u00e9es \u00e9lectroniquement<\/span> au client final. Pour chaque facture, un <span style=\"color: #0062af;\">certificat \u00e9lectronique<\/span> est g\u00e9n\u00e9r\u00e9 via un <span style=\"color: #0062af;\">certificat de courrier \u00e9lectronique ou un SMS certifi\u00e9<\/span>, ce qui permet d&rsquo;obtenir une preuve irr\u00e9futable de sa livraison finale.<\/p>\n<p>&nbsp;<\/p>\n<p>Les communications certifi\u00e9es sont compl\u00e8tement transparentes pour le client final.<\/p>\n<p>&nbsp;<\/p>\n<p>Le processus vous <span style=\"color: #0062af;\">permet d\u2019\u00e9mettre de une \u00e0 plusieurs millions de factures<\/span>, celles-ci \u00e9tant disponibles dans<strong> SmartBilling<\/strong>. Vous <span style=\"color: #0062af;\">recevrez \u00e9galement une copie<\/span> de chaque facture certifi\u00e9e et livr\u00e9e ou un zip du lot de factures \u00e9mises \u00e0 chaque instant.<\/p>\n<p>&nbsp;<\/p>\n<p>Le syst\u00e8me vous <span style=\"color: #0062af;\">permet de configurer et de personnaliser les aspects<\/span> visuels des factures ou des re\u00e7us \u00e0 \u00e9mettre au moyen de mod\u00e8les ou en t\u00e9l\u00e9chargeant des formats pr\u00e9\u00e9tablis.<\/p>\n<p>&nbsp;<\/p>\n<p>Les <span style=\"color: #0062af;\">int\u00e9grations<\/span> dans les <strong>portails clients<\/strong> sont des processus courants qui apportent une valeur ajout\u00e9e aux clients, m\u00eame avec des int\u00e9grations <span style=\"color: #0062af;\">sur les principaux CRM ou ERP du march\u00e9.<\/span>[\/mk_fancy_title][mk_fancy_title tag_name=\u00a0\u00bbh4&Prime; color=\u00a0\u00bb#000000&Prime; font_weight=\u00a0\u00bbnormal\u00a0\u00bb font_style=\u00a0\u00bbnormal\u00a0\u00bb txt_transform=\u00a0\u00bbnone\u00a0\u00bb margin_bottom=\u00a0\u00bb0&Prime; font_family=\u00a0\u00bbnone\u00a0\u00bb]<strong>D\u00e9couvrez nos solutions int\u00e9gr\u00e9es Smart Money<\/strong>. <span style=\"color: #0062af;\">Des solutions \u00e0 la pointe de la technologie pour les entreprises et les institutions<\/span> via des <span style=\"color: #0062af;\">services automatis\u00e9s<\/span> qui permettent de contr\u00f4ler en temps r\u00e9el, de mani\u00e8re visuelle et avec un contr\u00f4le total, <span style=\"color: #0062af;\">les processus d&#8217;embauche et d&rsquo;affiliation, de facturation, de recouvrement et de paiement et de\u00a0r\u00e9cup\u00e9ration \u00e0 l&rsquo;amiable.<\/span><\/p>\n<p>&nbsp;<\/p>\n<p><span style=\"color: #0062af;\">Nos services<\/span> peuvent \u00eatre <span style=\"color: #0062af;\">complets<\/span>, g\u00e9rer globalement <span style=\"color: #0062af;\">tout au long du cycle, ou partiels<\/span>, en fonction des besoins du client.<\/p>\n<p>&nbsp;<\/p>\n<p>Nous vous recommandons de conna\u00eetre l&rsquo;int\u00e9gration de<strong> Smart Billing<\/strong> dans les<span style=\"color: #0062af;\"> contrats intelligents et les syst\u00e8mes de collecte et de r\u00e9cup\u00e9ration<\/span> de <strong>Smart Money<\/strong>.[\/mk_fancy_title][mk_fancy_title tag_name=\u00a0\u00bbh4&Prime; color=\u00a0\u00bb#000000&Prime; font_weight=\u00a0\u00bbnormal\u00a0\u00bb font_style=\u00a0\u00bbnormal\u00a0\u00bb txt_transform=\u00a0\u00bbnone\u00a0\u00bb margin_bottom=\u00a0\u00bb0&Prime; font_family=\u00a0\u00bbnone\u00a0\u00bb]<strong>Smart Money &amp; Full Certificate<\/strong>, en tant que<strong> Tierce de Confiance Europ\u00e9enne<\/strong>, garantit <span style=\"color: #0062af;\">la validit\u00e9 de vos communications et accords.<\/span><\/p>\n<p>&nbsp;<\/p>\n<p>Nous d\u00e9veloppons des <strong>services \u00e9lectroniques avanc\u00e9s<\/strong> qui offrent de <span style=\"color: #0062af;\">grands avantages aux organisations et \u00e0 leurs clients.<\/span><\/p>\n<p>&nbsp;<\/p>\n<p><strong>Si vous souhaitez nous contacter<\/strong>, un consultant sp\u00e9cialis\u00e9 vous assistera personnellement. S&rsquo;il vous pla\u00eet cliquez <strong><span style=\"color: #0062af;\"><a style=\"color: #0062af;\" href=\"https:\/\/fullcertificate.com\/fr\/contactez-nous\/\">ici<\/a><\/span><\/strong>[\/mk_fancy_title][mk_image src=\u00a0\u00bbhttps:\/\/fullcertificate.com\/wp-content\/uploads\/2019\/07\/fr-Nous-sommes-des-tierce-de-confiance-full-certificate.jpg\u00a0\u00bb image_width=\u00a0\u00bb507&Prime; image_height=\u00a0\u00bb130&Prime; align=\u00a0\u00bbcenter\u00a0\u00bb margin_bottom=\u00a0\u00bb20&Prime; el_class=\u00a0\u00bbimagen-medio\u00a0\u00bb crop=\u00a0\u00bbfalse\u00a0\u00bb][\/vc_column_inner][\/vc_row_inner][vc_empty_space height=\u00a0\u00bb20px\u00a0\u00bb][\/vc_column][vc_column border_color=\u00a0\u00bb#ffffff\u00a0\u00bb width=\u00a0\u00bb1\/4&Prime;][mk_image src=\u00a0\u00bbhttps:\/\/fullcertificate.com\/wp-content\/uploads\/2018\/12\/european-trusted-third-party-full-certificate.png\u00a0\u00bb image_width=\u00a0\u00bb180&Prime; align=\u00a0\u00bbcenter\u00a0\u00bb margin_bottom=\u00a0\u00bb35&Prime; crop=\u00a0\u00bbfalse\u00a0\u00bb][vc_empty_space height=\u00a0\u00bb20px\u00a0\u00bb][mk_icon_box2 icon_type=\u00a0\u00bbimage\u00a0\u00bb title_size=\u00a0\u00bb0&Prime; title_top_padding=\u00a0\u00bb0&Prime; title_bottom_padding=\u00a0\u00bb0&Prime;]<a href=\"https:\/\/fullcertificate.com\/fr\/cloud-inhouse-automation\/\"><img loading=\"lazy\" class=\"wp-image-6433 size-medium aligncenter\" src=\"https:\/\/fullcertificate.com\/wp-content\/uploads\/2018\/10\/logo-smart-automation-2-1.png\" alt=\"\" width=\"265\" height=\"31\" \/><\/a><a href=\"https:\/\/fullcertificate.com\/fr\/cloud-inhouse-automation\/\"><img loading=\"lazy\" class=\"wp-image-6439 size-medium aligncenter\" src=\"https:\/\/fullcertificate.com\/wp-content\/uploads\/2018\/10\/grafico-smart-automation-1.png\" alt=\"\" width=\"170\" height=\"300\" \/><\/a><\/p>\n<p style=\"text-align: center;\"><strong><span style=\"color: #0062b0;\"><a style=\"color: #0062b0;\" href=\"https:\/\/fullcertificate.com\/fr\/cloud-inhouse-automation\/\">SMART AUTOMATION<\/a><br \/>\n<\/span><\/strong><span style=\"color: #000000; text-decoration: none;\">WS API-REST<br \/>\nD\u00e9veloppement informatique<br \/>\nAuthentification avanc\u00e9e<br \/>\nPortails et formulaires intelligents<br \/>\n<\/span><\/p>\n[\/mk_icon_box2][vc_empty_space height=\u00a0\u00bb20px\u00a0\u00bb][vc_row_inner padding=\u00a0\u00bb0&Prime; el_class=\u00a0\u00bbocultar\u00a0\u00bb][vc_column_inner css=\u00a0\u00bb.vc_custom_1540979094932{border-top-width: 1px !important;border-right-width: 1px !important;border-bottom-width: 1px !important;border-left-width: 1px !important;padding-top: 20px !important;padding-bottom: 20px !important;background-color: #ffffff !important;border-left-color: #1e73be !important;border-left-style: solid !important;border-right-color: #1e73be !important;border-right-style: solid !important;border-top-color: #1e73be !important;border-top-style: solid !important;border-bottom-color: #1e73be !important;border-bottom-style: solid !important;}\u00a0\u00bb][mk_fancy_title color=\u00a0\u00bb#000000&Prime; size=\u00a0\u00bb20&Prime; font_weight=\u00a0\u00bbbold\u00a0\u00bb font_style=\u00a0\u00bbnormal\u00a0\u00bb txt_transform=\u00a0\u00bbuppercase\u00a0\u00bb margin_bottom=\u00a0\u00bb0&Prime; font_family=\u00a0\u00bbnone\u00a0\u00bb align=\u00a0\u00bbcenter\u00a0\u00bb]\n<p style=\"text-align: center;\">DONN\u00c9ES DE CONTACT<\/p>\n[\/mk_fancy_title][mk_fancy_title color=\u00a0\u00bb#1e73be\u00a0\u00bb font_style=\u00a0\u00bbnormal\u00a0\u00bb txt_transform=\u00a0\u00bbnone\u00a0\u00bb margin_bottom=\u00a0\u00bb0&Prime; font_family=\u00a0\u00bbnone\u00a0\u00bb align=\u00a0\u00bbcenter\u00a0\u00bb]\n<p style=\"text-align: center;\"><strong>T\u00e9l\u00e9phone:<\/strong> EU &#8211; ES: 0034 910 052 659<br \/>\nEU &#8211; IT: 0039 0687165152<br \/>\nLATAM: 0052 55 4162 9666<\/p>\n<p style=\"text-align: center;\"><strong>Addresse:\u00a0<\/strong>Rue Boix y Morer #6, Grenier.<br \/>\n28003 Madrid, Espagne<\/p>\n[\/mk_fancy_title][mk_button dimension=\u00a0\u00bbflat\u00a0\u00bb corner_style=\u00a0\u00bbrounded\u00a0\u00bb size=\u00a0\u00bbmedium\u00a0\u00bb url=\u00a0\u00bbhttps:\/\/fullcertificate.com\/fr\/contactez-nous\/\u00a0\u00bb align=\u00a0\u00bbcenter\u00a0\u00bb button_custom_width=\u00a0\u00bb160&Prime; bg_color=\u00a0\u00bb#0062b0&Prime; btn_hover_bg=\u00a0\u00bb#252525&Prime;]CONTACTEZ NOUS[\/mk_button][\/vc_column_inner][\/vc_row_inner][\/vc_column][\/mk_page_section][mk_page_section full_width=\u00a0\u00bbtrue\u00a0\u00bb first_page=\u00a0\u00bbfalse\u00a0\u00bb last_page=\u00a0\u00bbfalse\u00a0\u00bb sidebar=\u00a0\u00bbsidebar-1&Prime;][vc_column][mk_divider style=\u00a0\u00bbthin_solid\u00a0\u00bb thickness=\u00a0\u00bb4&Prime; margin_top=\u00a0\u00bb10&Prime; margin_bottom=\u00a0\u00bb40&Prime;][vc_row_inner padding=\u00a0\u00bb0&Prime;][vc_column_inner width=\u00a0\u00bb1\/4&Prime;][\/vc_column_inner][vc_column_inner width=\u00a0\u00bb1\/2&Prime;][mk_fancy_title tag_name=\u00a0\u00bbh4&Prime; color=\u00a0\u00bb#393836&Prime; size=\u00a0\u00bb30&Prime; font_weight=\u00a0\u00bbnormal\u00a0\u00bb font_style=\u00a0\u00bbnormal\u00a0\u00bb txt_transform=\u00a0\u00bbuppercase\u00a0\u00bb margin_bottom=\u00a0\u00bb18&Prime; font_family=\u00a0\u00bbnone\u00a0\u00bb align=\u00a0\u00bbcenter\u00a0\u00bb]\n<p style=\"text-align: center;\">AVEC LA GARANTIE DE<\/p>\n[\/mk_fancy_title][mk_image src=\u00a0\u00bbhttps:\/\/fullcertificate.com\/wp-content\/uploads\/2022\/04\/footer-nuevo-WE-VOTE.jpg\u00a0\u00bb image_width=\u00a0\u00bb1500&Prime; image_height=\u00a0\u00bb216&Prime; link=\u00a0\u00bbhttp:\/\/fullcertificate.com\/\u00a0\u00bb target=\u00a0\u00bb_blank\u00a0\u00bb align=\u00a0\u00bbcenter\u00a0\u00bb margin_bottom=\u00a0\u00bb40&Prime; el_class=\u00a0\u00bbimagen-footer-centro\u00a0\u00bb crop=\u00a0\u00bbfalse\u00a0\u00bb][\/vc_column_inner][vc_column_inner width=\u00a0\u00bb1\/4&Prime;][\/vc_column_inner][\/vc_row_inner][\/vc_column][\/mk_page_section][vc_row padding=\u00a0\u00bb0&Prime;][\/vc_row]\n","protected":false},"excerpt":{"rendered":"<p>[mk_page_section bg_image=\u00a0\u00bbhttps:\/\/fullcertificate.com\/wp-content\/uploads\/2018\/11\/banner-smartbilling-1.jpg\u00a0\u00bb bg_position=\u00a0\u00bbcenter top\u00a0\u00bb bg_repeat=\u00a0\u00bbno-repeat\u00a0\u00bb bg_stretch=\u00a0\u00bbtrue\u00a0\u00bb min_height=\u00a0\u00bb350&Prime; padding_top=\u00a0\u00bb20&Prime; padding_bottom=\u00a0\u00bb0&Prime; first_page=\u00a0\u00bbtrue\u00a0\u00bb last_page=\u00a0\u00bbtrue\u00a0\u00bb sidebar=\u00a0\u00bbsidebar-1&Prime;][vc_column][mk_fancy_title tag_name=\u00a0\u00bbh1&Prime; color=\u00a0\u00bb#ffffff\u00a0\u00bb size=\u00a0\u00bb40&Prime; font_weight=\u00a0\u00bbnormal\u00a0\u00bb font_style=\u00a0\u00bbnormal\u00a0\u00bb txt_transform=\u00a0\u00bbnone\u00a0\u00bb margin_top=\u00a0\u00bb60&Prime; margin_bottom=\u00a0\u00bb0&Prime; font_family=\u00a0\u00bbnone\u00a0\u00bb]Smart Billing &#8211; Facturation intelligente[\/mk_fancy_title][mk_fancy_title tag_name=\u00a0\u00bbh1&Prime; color=\u00a0\u00bb#ffffff\u00a0\u00bb size=\u00a0\u00bb25&Prime; font_weight=\u00a0\u00bb300&Prime; font_style=\u00a0\u00bbnormal\u00a0\u00bb txt_transform=\u00a0\u00bbnone\u00a0\u00bb margin_bottom=\u00a0\u00bb0&Prime; font_family=\u00a0\u00bbnone\u00a0\u00bb]Automatisation du processus de facturation[\/mk_fancy_title][mk_button dimension=\u00a0\u00bbflat\u00a0\u00bb size=\u00a0\u00bbmedium\u00a0\u00bb url=\u00a0\u00bbhttps:\/\/fullcertificate.com\/fr\/contactez-nous\/\u00a0\u00bb button_custom_width=\u00a0\u00bb250&Prime; bg_color=\u00a0\u00bb#e5ac00&Prime; btn_hover_bg=\u00a0\u00bb#252525&Prime;]CONTACTEZ MAINTENANT[\/mk_button][\/vc_column][\/mk_page_section][mk_page_section padding_top=\u00a0\u00bb50&Prime; padding_bottom=\u00a0\u00bb50&Prime; first_page=\u00a0\u00bbfalse\u00a0\u00bb last_page=\u00a0\u00bbfalse\u00a0\u00bb sidebar=\u00a0\u00bbsidebar-1&Prime;][vc_column width=\u00a0\u00bb3\/4&Prime;][mk_fancy_title color=\u00a0\u00bb#0062af\u00a0\u00bb size=\u00a0\u00bb30&Prime; font_weight=\u00a0\u00bbnormal\u00a0\u00bb font_style=\u00a0\u00bbnormal\u00a0\u00bb txt_transform=\u00a0\u00bbnone\u00a0\u00bb [&hellip;]<\/p>\n","protected":false},"author":2,"featured_media":0,"parent":0,"menu_order":0,"comment_status":"closed","ping_status":"closed","template":"","meta":{"_bbp_topic_count":0,"_bbp_reply_count":0,"_bbp_total_topic_count":0,"_bbp_total_reply_count":0,"_bbp_voice_count":0,"_bbp_anonymous_reply_count":0,"_bbp_topic_count_hidden":0,"_bbp_reply_count_hidden":0,"_bbp_forum_subforum_count":0},"_links":{"self":[{"href":"https:\/\/www.fullcertificate.com\/fr\/wp-json\/wp\/v2\/pages\/14755"}],"collection":[{"href":"https:\/\/www.fullcertificate.com\/fr\/wp-json\/wp\/v2\/pages"}],"about":[{"href":"https:\/\/www.fullcertificate.com\/fr\/wp-json\/wp\/v2\/types\/page"}],"author":[{"embeddable":true,"href":"https:\/\/www.fullcertificate.com\/fr\/wp-json\/wp\/v2\/users\/2"}],"replies":[{"embeddable":true,"href":"https:\/\/www.fullcertificate.com\/fr\/wp-json\/wp\/v2\/comments?post=14755"}],"version-history":[{"count":10,"href":"https:\/\/www.fullcertificate.com\/fr\/wp-json\/wp\/v2\/pages\/14755\/revisions"}],"predecessor-version":[{"id":27528,"href":"https:\/\/www.fullcertificate.com\/fr\/wp-json\/wp\/v2\/pages\/14755\/revisions\/27528"}],"wp:attachment":[{"href":"https:\/\/www.fullcertificate.com\/fr\/wp-json\/wp\/v2\/media?parent=14755"}],"curies":[{"name":"wp","href":"https:\/\/api.w.org\/{rel}","templated":true}]}}