{"id":14757,"date":"2019-02-12T16:18:08","date_gmt":"2019-02-12T16:18:08","guid":{"rendered":"https:\/\/fullcertificate.com\/?page_id=14757"},"modified":"2022-04-12T11:20:29","modified_gmt":"2022-04-12T11:20:29","slug":"smartcommunities","status":"publish","type":"page","link":"https:\/\/www.fullcertificate.com\/fr\/smartcommunities\/","title":{"rendered":"smartcommunities"},"content":{"rendered":"[mk_page_section bg_image=\u00a0\u00bbhttps:\/\/fullcertificate.com\/wp-content\/uploads\/2018\/11\/banner-smartcommunities-avisos-certificados-3-1.jpg\u00a0\u00bb bg_position=\u00a0\u00bbcenter top\u00a0\u00bb bg_repeat=\u00a0\u00bbno-repeat\u00a0\u00bb bg_stretch=\u00a0\u00bbtrue\u00a0\u00bb min_height=\u00a0\u00bb350&Prime; padding_top=\u00a0\u00bb20&Prime; padding_bottom=\u00a0\u00bb0&Prime; first_page=\u00a0\u00bbtrue\u00a0\u00bb last_page=\u00a0\u00bbtrue\u00a0\u00bb sidebar=\u00a0\u00bbsidebar-1&Prime;][vc_column][mk_fancy_title tag_name=\u00a0\u00bbh1&Prime; color=\u00a0\u00bb#000000&Prime; size=\u00a0\u00bb40&Prime; font_weight=\u00a0\u00bbnormal\u00a0\u00bb font_style=\u00a0\u00bbnormal\u00a0\u00bb txt_transform=\u00a0\u00bbnone\u00a0\u00bb margin_top=\u00a0\u00bb60&Prime; margin_bottom=\u00a0\u00bb0&Prime; font_family=\u00a0\u00bbnone\u00a0\u00bb]Smart Communities &#8211; eCommunaut\u00e9[\/mk_fancy_title][mk_fancy_title tag_name=\u00a0\u00bbh1&Prime; color=\u00a0\u00bb#000000&Prime; size=\u00a0\u00bb25&Prime; font_weight=\u00a0\u00bb300&Prime; font_style=\u00a0\u00bbnormal\u00a0\u00bb txt_transform=\u00a0\u00bbnone\u00a0\u00bb margin_bottom=\u00a0\u00bb0&Prime; font_family=\u00a0\u00bbnone\u00a0\u00bb]Communaut\u00e9s propri\u00e9taires intelligentes[\/mk_fancy_title][mk_button dimension=\u00a0\u00bbflat\u00a0\u00bb size=\u00a0\u00bbmedium\u00a0\u00bb url=\u00a0\u00bbhttps:\/\/fullcertificate.com\/fr\/contactez-nous\/\u00a0\u00bb button_custom_width=\u00a0\u00bb250&Prime; margin_bottom=\u00a0\u00bb20&Prime; bg_color=\u00a0\u00bb#0062b0&Prime; btn_hover_bg=\u00a0\u00bb#252525&Prime;]CONTACTEZ MAINTENANT[\/mk_button][\/vc_column][\/mk_page_section][mk_page_section padding_top=\u00a0\u00bb50&Prime; padding_bottom=\u00a0\u00bb50&Prime; first_page=\u00a0\u00bbfalse\u00a0\u00bb last_page=\u00a0\u00bbfalse\u00a0\u00bb sidebar=\u00a0\u00bbsidebar-1&Prime;][vc_column width=\u00a0\u00bb3\/4&Prime;][mk_fancy_title tag_name=\u00a0\u00bbh1&Prime; color=\u00a0\u00bb#0062af\u00a0\u00bb size=\u00a0\u00bb40&Prime; font_weight=\u00a0\u00bbnormal\u00a0\u00bb font_style=\u00a0\u00bbnormal\u00a0\u00bb txt_transform=\u00a0\u00bbnone\u00a0\u00bb margin_bottom=\u00a0\u00bb0&Prime; font_family=\u00a0\u00bbnone\u00a0\u00bb]Communaut\u00e9s Propri\u00e9taires intelligentes[\/mk_fancy_title][mk_divider style=\u00a0\u00bbthin_solid\u00a0\u00bb thickness=\u00a0\u00bb4&Prime; margin_top=\u00a0\u00bb0&Prime;][mk_fancy_title color=\u00a0\u00bb#000000&Prime; size=\u00a0\u00bb17&Prime; font_weight=\u00a0\u00bbbold\u00a0\u00bb font_style=\u00a0\u00bbnormal\u00a0\u00bb txt_transform=\u00a0\u00bbuppercase\u00a0\u00bb font_family=\u00a0\u00bbnone\u00a0\u00bb]<strong>PORTAIL DES PROPIETAIRES. GOUVERNEMENT \u00c9LECTRONIQUE DES COMMUNAUT\u00c9S, VOTE \u00c9LECTRONIQUE, NOTIFICATIONS \u00c0 VALEUR JURIDIQUE, COLLECTION ET RECUP\u00c9RATION AUTOMATIQUE DES DROITS.<\/strong>[\/mk_fancy_title][vc_row_inner padding=\u00a0\u00bb0&Prime;][vc_column_inner width=\u00a0\u00bb1\/3&Prime;][mk_icon_box2 icon_type=\u00a0\u00bbimage\u00a0\u00bb icon_size=\u00a0\u00bbinherit\u00a0\u00bb title_size=\u00a0\u00bb0&Prime; title_top_padding=\u00a0\u00bb0&Prime; title_bottom_padding=\u00a0\u00bb0&Prime;]<a href=\"https:\/\/www.avisoscertificados.com\/contactenos\/\"><img class=\"wp-image-6433 size-medium aligncenter\" src=\"https:\/\/fullcertificate.com\/wp-content\/uploads\/2018\/11\/logo-smartcommunities-500px-1.png\" alt=\"\" width=\"300\" \/><\/a><a href=\"https:\/\/www.avisoscertificados.com\/contactenos\/\"><img loading=\"lazy\" class=\"wp-image-6439 aligncenter\" src=\"https:\/\/fullcertificate.com\/wp-content\/uploads\/2018\/10\/grafico-smart-communities-1.png\" alt=\"\" width=\"243\" height=\"243\" \/><\/a><\/p>\n<p style=\"text-align: center;\"><strong><span style=\"color: #0062b0;\"><a style=\"color: #0062b0;\" href=\"https:\/\/www.avisoscertificados.com\/contactenos\/\">SMART COMMUNITIES<\/a><br \/>\n<\/span><\/strong>Portail des ePropietarios<br \/>\nVote et gouvernement \u00e9lectronique<br \/>\nPerception des frais<br \/>\nR\u00e9cup\u00e9ration amicale<br \/>\nLes notifications<br \/>\nArchive num\u00e9rique<br \/>\nPanneau d&rsquo;affichage<\/p>\n[\/mk_icon_box2][\/vc_column_inner][vc_column_inner width=\u00a0\u00bb2\/3&Prime;][mk_fancy_title tag_name=\u00a0\u00bbh4&Prime; color=\u00a0\u00bb#000000&Prime; font_weight=\u00a0\u00bbnormal\u00a0\u00bb font_style=\u00a0\u00bbnormal\u00a0\u00bb txt_transform=\u00a0\u00bbnone\u00a0\u00bb font_family=\u00a0\u00bbnone\u00a0\u00bb]<strong>Smart Communities<\/strong> permettra aux communaut\u00e9s de propri\u00e9taires d&rsquo;activer les processus \u00e9lectroniques du <span style=\"color: #0062af;\">gouvernement, le vote \u00e0 distance t\u00e9l\u00e9matique, les notifications et les actions avanc\u00e9es de recouvrement et de r\u00e9cup\u00e9ration automatis\u00e9e.<\/span><\/p>\n<p>&nbsp;<\/p>\n<p>Pour ce faire, <strong>Full Certificate<\/strong> activeront le portail <strong><span style=\"color: #0062af;\">ePropri\u00e9taire<\/span><\/strong> personnalis\u00e9 sur lequel vous aurez des outils de communication, de gestion et de certification avanc\u00e9s pour votre communaut\u00e9.<\/p>\n<p>&nbsp;<\/p>\n<p><strong>Smart Communities<\/strong> propose <span style=\"color: #0062af;\">trois objectifs<\/span> principaux aux communaut\u00e9s de propri\u00e9taires de maison les plus avanc\u00e9es:<\/p>\n<p>&nbsp;<\/p>\n<ol>\n<li><strong><span style=\"color: #0062af;\">TRANSPARENCE TOTALE\u00a0<\/span><\/strong><\/li>\n<li><strong><span style=\"color: #0062af;\"> ACC\u00c8S AUX INFORMATIONS CL\u00c9S<\/span><\/strong><\/li>\n<li><strong><span style=\"color: #0062af;\">VALIDIT\u00c9 JURIDIQUE<\/span><\/strong><\/li>\n<\/ol>\n<p>&nbsp;<\/p>\n<p><strong>BASE DE DONNEES DU PROPRIETAIRE \u00ab\u00a0AUTHENTIFIE ET \u200b\u200bCERTIFIE\u00a0\u00bb<\/strong><\/p>\n<p>&nbsp;<\/p>\n<p>Gr\u00e2ce aux\u00a0<strong>Smart Communities<\/strong>, vous pouvez cr\u00e9er une<span style=\"color: #0062af;\"> base de donn\u00e9es certifi\u00e9e et authentifi\u00e9e<\/span> des voisins qui composent votre communaut\u00e9.<\/p>\n<p>&nbsp;<\/p>\n<p>Les <span style=\"color: #0062af;\">listes de v\u00e9rification et d\u2019authentification<\/span> \u00e9lectroniques <span style=\"color: #0062af;\">sont l\u2019eID num\u00e9rique de la communaut\u00e9<\/span>. En plus d&rsquo;acc\u00e9l\u00e9rer l&rsquo;entr\u00e9e de la communaut\u00e9 dans de nouveaux formats et processus \u00e9lectroniques, cela vous permettra d&rsquo;\u00eatre au courant de questions aussi importantes que le <strong>RGPD<\/strong> <span style=\"color: #0062af;\">au niveau europ\u00e9en<\/span>, les<span style=\"color: #0062af;\"> autorisations de communications \u00e9lectroniques<\/span> et les capacit\u00e9s de <span style=\"color: #0062af;\">signature \u00e9lectronique<\/span> de tous les membres de votre organisation. communaut\u00e9<\/p>\n<p>&nbsp;<\/p>\n<p><strong>GOUVERNEMENT ET VOTE ELECTRONIQUE<\/strong><\/p>\n<p>&nbsp;<\/p>\n<p>Maintenant, vous pouvez activer et personnaliser les processus de <strong>Vote \u00c9lectronique<\/strong> <span style=\"color: #0062af;\">\u00e0 distance et en personne<\/span> pour votre communaut\u00e9, ce qui augmente consid\u00e9rablement la participation de vos voisins. Vous pouvez convoquer vos <span style=\"color: #0062af;\">assembl\u00e9es g\u00e9n\u00e9rales et extraordinaires par des communications postales ou \u00e9lectroniques certifi\u00e9es<\/span>, ce qui vous permet d&rsquo;\u00e9conomiser des milliers d&rsquo;heures de gestion.<\/p>\n<p>&nbsp;<\/p>\n<p>Il disposera \u00e9galement de<strong> Conseils de Direction Certifi\u00e9<\/strong>s et <span style=\"color: #0062af;\">en personne pour que les proc\u00e8s-verbaux<\/span> des conseils de direction soient certifi\u00e9s et disponibles pour la communaut\u00e9 en toute transparence et en un temps record.<\/p>\n<p>&nbsp;<\/p>\n<p>Tout cela, <span style=\"color: #0062af;\">depuis n&rsquo;importe quel t\u00e9l\u00e9phone mobile ou PC<\/span>, de mani\u00e8re confidentielle et avec une <span style=\"color: #0062af;\">validit\u00e9 l\u00e9gale compl\u00e8te<\/span>.<\/p>\n<p>&nbsp;<\/p>\n<p><strong>SMART MONEY POUR VOTRE COMMUNAUT\u00c9<\/strong><\/p>\n<p>&nbsp;<\/p>\n<p>Une autre des grandes avanc\u00e9es est la cr\u00e9ation \u00e9lectronique automatis\u00e9e de <span style=\"color: #0062af;\">l\u2019\u00e9mission des r\u00e9c\u00e9piss\u00e9s et la perception des acomptes p\u00e9riodiques<\/span> par le biais de terminaux de paiement et \/ ou de domiciliations. Et en cas de d\u00e9faillance de l\u2019un de vos versements, l\u2019activation du processus de <span style=\"color: #0062af;\">Recouvrement Amiable Pr\u00e9-judiciaire en Ligne<\/span> permettra de le r\u00e9soudre et d\u2019acc\u00e9l\u00e9rer le recouvrement des cr\u00e9ances en cr\u00e9ant \u00e9galement des <span style=\"color: #0062af;\">fichiers \u00e9lectroniques certifi\u00e9s<\/span> pr\u00eats \u00e0 l\u2019action judiciaire \u00e0 un co\u00fbt r\u00e9duit, et le plus important, avec un gain de temps tr\u00e8s important.<\/p>\n<p>&nbsp;<\/p>\n<p><strong>OUTILS DU PORTAIL DE ePROPIETARIOS<\/strong><\/p>\n<p>&nbsp;<\/p>\n<p>Il existe une grande vari\u00e9t\u00e9 d\u2019outils dans nos portails pour les communaut\u00e9s. Parmi eux, nous soulignons:<span style=\"color: #0062af;\"> Panneau d&rsquo;affichage, archives documentaires, archives de proc\u00e8s-verbaux, archives des \u00c9critures et pouvoirs, budgets, comptes d\u00e9taill\u00e9s, contrats, assembl\u00e9es, etc., etc.<\/span><\/p>\n<p>&nbsp;<\/p>\n<p><strong>Si vous souhaitez nous contacter<\/strong>, veuillez <a href=\"https:\/\/fullcertificate.com\/fr\/contactez-nous\/\"><strong><span style=\"color: #0062af;\">cliquer ici.<\/span><\/strong><\/a>[\/mk_fancy_title][\/vc_column_inner][\/vc_row_inner][vc_empty_space height=\u00a0\u00bb20px\u00a0\u00bb][\/vc_column][vc_column border_color=\u00a0\u00bb#ffffff\u00a0\u00bb width=\u00a0\u00bb1\/4&Prime;][mk_image src=\u00a0\u00bbhttps:\/\/fullcertificate.com\/wp-content\/uploads\/2018\/12\/european-trusted-third-party-full-certificate.png\u00a0\u00bb image_width=\u00a0\u00bb180&Prime; align=\u00a0\u00bbcenter\u00a0\u00bb margin_bottom=\u00a0\u00bb0&Prime; crop=\u00a0\u00bbfalse\u00a0\u00bb][vc_empty_space height=\u00a0\u00bb30px\u00a0\u00bb][vc_row_inner padding=\u00a0\u00bb0&Prime;][vc_column_inner css=\u00a0\u00bb.vc_custom_1573748264547{border-top-width: 1px !important;border-right-width: 1px !important;border-bottom-width: 1px !important;border-left-width: 1px !important;border-left-color: #f2006e !important;border-left-style: solid !important;border-right-color: #f2006e !important;border-right-style: solid !important;border-top-color: #f2006e !important;border-top-style: solid !important;border-bottom-color: #f2006e !important;border-bottom-style: solid !important;}\u00a0\u00bb][mk_fancy_title color=\u00a0\u00bb#000000&Prime; size=\u00a0\u00bb20&Prime; font_weight=\u00a0\u00bbbold\u00a0\u00bb font_style=\u00a0\u00bbnormal\u00a0\u00bb txt_transform=\u00a0\u00bbuppercase\u00a0\u00bb margin_top=\u00a0\u00bb20&Prime; margin_bottom=\u00a0\u00bb0&Prime; font_family=\u00a0\u00bbnone\u00a0\u00bb align=\u00a0\u00bbcenter\u00a0\u00bb]\n<p style=\"text-align: center;\">INSCRIVEZ-VOUS GRATUITEMENT<\/p>\n[\/mk_fancy_title][mk_fancy_title color=\u00a0\u00bb#000000&Prime; size=\u00a0\u00bb16&Prime; font_weight=\u00a0\u00bbnormal\u00a0\u00bb font_style=\u00a0\u00bbnormal\u00a0\u00bb txt_transform=\u00a0\u00bbnone\u00a0\u00bb margin_bottom=\u00a0\u00bb0&Prime; font_family=\u00a0\u00bbnone\u00a0\u00bb align=\u00a0\u00bbcenter\u00a0\u00bb]\n<p style=\"text-align: center;\">Essayez nos services certifi\u00e9s avec une validit\u00e9 l\u00e9gale compl\u00e8te.<\/p>\n<p>&nbsp;<\/p>\n<p style=\"text-align: center;\"><strong><span style=\"color: #0062b0;\">Pas de frais, pas de contrat.<\/span><br \/>\n<\/strong>Votre solde n&rsquo;expire jamais.<\/p>\n[\/mk_fancy_title][mk_button dimension=\u00a0\u00bbflat\u00a0\u00bb corner_style=\u00a0\u00bbrounded\u00a0\u00bb size=\u00a0\u00bbmedium\u00a0\u00bb url=\u00a0\u00bbhttps:\/\/cloud.fullcertificate.com\/register\u00a0\u00bb target=\u00a0\u00bb_blank\u00a0\u00bb align=\u00a0\u00bbcenter\u00a0\u00bb button_custom_width=\u00a0\u00bb160&Prime; bg_color=\u00a0\u00bb#f2006e\u00a0\u00bb btn_hover_bg=\u00a0\u00bb#252525&Prime; btn_hover_txt_color=\u00a0\u00bb#ffffff\u00a0\u00bb]CLIQUEZ ICI[\/mk_button][\/vc_column_inner][\/vc_row_inner][vc_row_inner padding=\u00a0\u00bb0&Prime;][vc_column_inner][vc_empty_space height=\u00a0\u00bb35px\u00a0\u00bb][\/vc_column_inner][\/vc_row_inner][vc_row_inner padding=\u00a0\u00bb0&Prime;][vc_column_inner][vc_empty_space height=\u00a0\u00bb0px\u00a0\u00bb][mk_icon_box2 icon_type=\u00a0\u00bbimage\u00a0\u00bb title_size=\u00a0\u00bb0&Prime; title_top_padding=\u00a0\u00bb0&Prime; title_bottom_padding=\u00a0\u00bb0&Prime;]<a href=\"https:\/\/fullcertificate.com\/fr\/smartmoney\/\"><img loading=\"lazy\" class=\"wp-image-6433 size-medium aligncenter\" src=\"https:\/\/fullcertificate.com\/wp-content\/uploads\/2018\/10\/logo-smartmoney-1.png\" alt=\"\" width=\"180\" height=\"31\" \/><\/a><a href=\"https:\/\/fullcertificate.com\/fr\/smartmoney\/\"><img loading=\"lazy\" class=\"wp-image-6439 size-medium aligncenter\" src=\"https:\/\/fullcertificate.com\/wp-content\/uploads\/2018\/10\/grafico-smart-money-3-1.png\" alt=\"\" width=\"170\" height=\"300\" \/><\/a><\/p>\n<p style=\"text-align: center;\"><strong><span style=\"color: #0062b0;\"><a style=\"color: #0062b0;\" href=\"https:\/\/fullcertificate.com\/fr\/smartmoney\/\">SMART MONEY<\/a><br \/>\n<\/span><\/strong>Smart Contracts<br \/>\nSmart Payments<br \/>\n<span style=\"color: #000000; text-decoration: none;\">Smart Recovery<br \/>\nDashboard<br \/>\n<\/span><\/p>\n[\/mk_icon_box2][vc_empty_space height=\u00a0\u00bb0px\u00a0\u00bb][mk_icon_box2 icon_type=\u00a0\u00bbimage\u00a0\u00bb title_size=\u00a0\u00bb0&Prime; title_top_padding=\u00a0\u00bb0&Prime; title_bottom_padding=\u00a0\u00bb0&Prime;]<a href=\"https:\/\/fullcertificate.com\/fr\/smartone2one\/\"><img loading=\"lazy\" class=\"wp-image-6433 size-medium aligncenter\" src=\"https:\/\/fullcertificate.com\/wp-content\/uploads\/2018\/10\/logo-smart-one2one-2-1.png\" alt=\"\" width=\"226\" height=\"31\" \/><\/a><a href=\"https:\/\/fullcertificate.com\/fr\/smartone2one\/\"><img loading=\"lazy\" class=\"wp-image-6439 size-medium aligncenter\" src=\"https:\/\/fullcertificate.com\/wp-content\/uploads\/2018\/10\/grafico-smart-one2one-1.png\" alt=\"\" width=\"170\" height=\"300\" \/><\/a><\/p>\n<p style=\"text-align: center;\"><strong><span style=\"color: #0062b0;\"><a style=\"color: #0062b0;\" href=\"https:\/\/fullcertificate.com\/fr\/smartone2one\/\">SMART ONE2ONE<\/a><br \/>\n<\/span><\/strong>Notifications personnalis\u00e9es<br \/>\nVolume d&rsquo;ex\u00e9cution \u00e9lev\u00e9<br \/>\nCertification multicanal<br \/>\nHaute disponibilit\u00e9<\/p>\n[\/mk_icon_box2][\/vc_column_inner][\/vc_row_inner][vc_empty_space height=\u00a0\u00bb20px\u00a0\u00bb][vc_row_inner padding=\u00a0\u00bb0&Prime; el_class=\u00a0\u00bbocultar\u00a0\u00bb][vc_column_inner css=\u00a0\u00bb.vc_custom_1540979094932{border-top-width: 1px !important;border-right-width: 1px !important;border-bottom-width: 1px !important;border-left-width: 1px !important;padding-top: 20px !important;padding-bottom: 20px !important;background-color: #ffffff !important;border-left-color: #1e73be !important;border-left-style: solid !important;border-right-color: #1e73be !important;border-right-style: solid !important;border-top-color: #1e73be !important;border-top-style: solid !important;border-bottom-color: #1e73be !important;border-bottom-style: solid !important;}\u00a0\u00bb][mk_fancy_title color=\u00a0\u00bb#000000&Prime; size=\u00a0\u00bb20&Prime; font_weight=\u00a0\u00bbbold\u00a0\u00bb font_style=\u00a0\u00bbnormal\u00a0\u00bb txt_transform=\u00a0\u00bbuppercase\u00a0\u00bb margin_bottom=\u00a0\u00bb0&Prime; font_family=\u00a0\u00bbnone\u00a0\u00bb align=\u00a0\u00bbcenter\u00a0\u00bb]\n<p style=\"text-align: center;\">DONN\u00c9ES DE CONTACT<\/p>\n[\/mk_fancy_title][mk_fancy_title color=\u00a0\u00bb#1e73be\u00a0\u00bb font_style=\u00a0\u00bbnormal\u00a0\u00bb txt_transform=\u00a0\u00bbnone\u00a0\u00bb margin_bottom=\u00a0\u00bb0&Prime; font_family=\u00a0\u00bbnone\u00a0\u00bb align=\u00a0\u00bbcenter\u00a0\u00bb]\n<p style=\"text-align: center;\"><strong>T\u00e9l\u00e9phone:<\/strong> EU &#8211; ES: 0034 910 052 659<br \/>\nEU &#8211; IT: 0039 0687165152<br \/>\nLATAM: 0052 55 4162 9666<\/p>\n<p style=\"text-align: center;\"><strong>Addresse:\u00a0<\/strong>Rue Boix y Morer #6, Grenier.<br \/>\n28003 Madrid, Espagne<\/p>\n[\/mk_fancy_title][mk_button dimension=\u00a0\u00bbflat\u00a0\u00bb corner_style=\u00a0\u00bbrounded\u00a0\u00bb size=\u00a0\u00bbmedium\u00a0\u00bb url=\u00a0\u00bbhttps:\/\/fullcertificate.com\/fr\/contactez-nous\/\u00a0\u00bb align=\u00a0\u00bbcenter\u00a0\u00bb button_custom_width=\u00a0\u00bb160&Prime; bg_color=\u00a0\u00bb#0062b0&Prime; btn_hover_bg=\u00a0\u00bb#252525&Prime;]CONTACTEZ NOUS[\/mk_button][\/vc_column_inner][\/vc_row_inner][\/vc_column][\/mk_page_section][mk_page_section full_width=\u00a0\u00bbtrue\u00a0\u00bb first_page=\u00a0\u00bbfalse\u00a0\u00bb last_page=\u00a0\u00bbfalse\u00a0\u00bb sidebar=\u00a0\u00bbsidebar-1&Prime;][vc_column][mk_divider style=\u00a0\u00bbthin_solid\u00a0\u00bb thickness=\u00a0\u00bb4&Prime; margin_top=\u00a0\u00bb10&Prime; margin_bottom=\u00a0\u00bb40&Prime;][vc_row_inner padding=\u00a0\u00bb0&Prime;][vc_column_inner width=\u00a0\u00bb1\/4&Prime;][\/vc_column_inner][vc_column_inner width=\u00a0\u00bb1\/2&Prime;][mk_fancy_title tag_name=\u00a0\u00bbh4&Prime; color=\u00a0\u00bb#393836&Prime; size=\u00a0\u00bb30&Prime; font_weight=\u00a0\u00bbnormal\u00a0\u00bb font_style=\u00a0\u00bbnormal\u00a0\u00bb txt_transform=\u00a0\u00bbuppercase\u00a0\u00bb margin_bottom=\u00a0\u00bb18&Prime; font_family=\u00a0\u00bbnone\u00a0\u00bb align=\u00a0\u00bbcenter\u00a0\u00bb]\n<p style=\"text-align: center;\">AVEC LA GARANTIE DE<\/p>\n[\/mk_fancy_title][mk_image src=\u00a0\u00bbhttps:\/\/fullcertificate.com\/wp-content\/uploads\/2022\/04\/footer-nuevo-WE-VOTE.jpg\u00a0\u00bb image_width=\u00a0\u00bb1500&Prime; image_height=\u00a0\u00bb216&Prime; link=\u00a0\u00bbhttp:\/\/fullcertificate.com\/\u00a0\u00bb target=\u00a0\u00bb_blank\u00a0\u00bb align=\u00a0\u00bbcenter\u00a0\u00bb margin_bottom=\u00a0\u00bb40&Prime; el_class=\u00a0\u00bbimagen-footer-centro\u00a0\u00bb crop=\u00a0\u00bbfalse\u00a0\u00bb][\/vc_column_inner][vc_column_inner width=\u00a0\u00bb1\/4&Prime;][\/vc_column_inner][\/vc_row_inner][\/vc_column][\/mk_page_section]\n","protected":false},"excerpt":{"rendered":"<p>[mk_page_section bg_image=\u00a0\u00bbhttps:\/\/fullcertificate.com\/wp-content\/uploads\/2018\/11\/banner-smartcommunities-avisos-certificados-3-1.jpg\u00a0\u00bb bg_position=\u00a0\u00bbcenter top\u00a0\u00bb bg_repeat=\u00a0\u00bbno-repeat\u00a0\u00bb bg_stretch=\u00a0\u00bbtrue\u00a0\u00bb min_height=\u00a0\u00bb350&Prime; padding_top=\u00a0\u00bb20&Prime; padding_bottom=\u00a0\u00bb0&Prime; first_page=\u00a0\u00bbtrue\u00a0\u00bb last_page=\u00a0\u00bbtrue\u00a0\u00bb sidebar=\u00a0\u00bbsidebar-1&Prime;][vc_column][mk_fancy_title tag_name=\u00a0\u00bbh1&Prime; color=\u00a0\u00bb#000000&Prime; size=\u00a0\u00bb40&Prime; font_weight=\u00a0\u00bbnormal\u00a0\u00bb font_style=\u00a0\u00bbnormal\u00a0\u00bb txt_transform=\u00a0\u00bbnone\u00a0\u00bb margin_top=\u00a0\u00bb60&Prime; margin_bottom=\u00a0\u00bb0&Prime; font_family=\u00a0\u00bbnone\u00a0\u00bb]Smart Communities &#8211; eCommunaut\u00e9[\/mk_fancy_title][mk_fancy_title tag_name=\u00a0\u00bbh1&Prime; color=\u00a0\u00bb#000000&Prime; size=\u00a0\u00bb25&Prime; font_weight=\u00a0\u00bb300&Prime; font_style=\u00a0\u00bbnormal\u00a0\u00bb txt_transform=\u00a0\u00bbnone\u00a0\u00bb margin_bottom=\u00a0\u00bb0&Prime; font_family=\u00a0\u00bbnone\u00a0\u00bb]Communaut\u00e9s propri\u00e9taires intelligentes[\/mk_fancy_title][mk_button dimension=\u00a0\u00bbflat\u00a0\u00bb size=\u00a0\u00bbmedium\u00a0\u00bb url=\u00a0\u00bbhttps:\/\/fullcertificate.com\/fr\/contactez-nous\/\u00a0\u00bb button_custom_width=\u00a0\u00bb250&Prime; margin_bottom=\u00a0\u00bb20&Prime; bg_color=\u00a0\u00bb#0062b0&Prime; btn_hover_bg=\u00a0\u00bb#252525&Prime;]CONTACTEZ MAINTENANT[\/mk_button][\/vc_column][\/mk_page_section][mk_page_section padding_top=\u00a0\u00bb50&Prime; padding_bottom=\u00a0\u00bb50&Prime; first_page=\u00a0\u00bbfalse\u00a0\u00bb last_page=\u00a0\u00bbfalse\u00a0\u00bb sidebar=\u00a0\u00bbsidebar-1&Prime;][vc_column width=\u00a0\u00bb3\/4&Prime;][mk_fancy_title tag_name=\u00a0\u00bbh1&Prime; color=\u00a0\u00bb#0062af\u00a0\u00bb size=\u00a0\u00bb40&Prime; font_weight=\u00a0\u00bbnormal\u00a0\u00bb font_style=\u00a0\u00bbnormal\u00a0\u00bb txt_transform=\u00a0\u00bbnone\u00a0\u00bb margin_bottom=\u00a0\u00bb0&Prime; [&hellip;]<\/p>\n","protected":false},"author":2,"featured_media":0,"parent":0,"menu_order":0,"comment_status":"closed","ping_status":"closed","template":"","meta":{"_bbp_topic_count":0,"_bbp_reply_count":0,"_bbp_total_topic_count":0,"_bbp_total_reply_count":0,"_bbp_voice_count":0,"_bbp_anonymous_reply_count":0,"_bbp_topic_count_hidden":0,"_bbp_reply_count_hidden":0,"_bbp_forum_subforum_count":0},"_links":{"self":[{"href":"https:\/\/www.fullcertificate.com\/fr\/wp-json\/wp\/v2\/pages\/14757"}],"collection":[{"href":"https:\/\/www.fullcertificate.com\/fr\/wp-json\/wp\/v2\/pages"}],"about":[{"href":"https:\/\/www.fullcertificate.com\/fr\/wp-json\/wp\/v2\/types\/page"}],"author":[{"embeddable":true,"href":"https:\/\/www.fullcertificate.com\/fr\/wp-json\/wp\/v2\/users\/2"}],"replies":[{"embeddable":true,"href":"https:\/\/www.fullcertificate.com\/fr\/wp-json\/wp\/v2\/comments?post=14757"}],"version-history":[{"count":9,"href":"https:\/\/www.fullcertificate.com\/fr\/wp-json\/wp\/v2\/pages\/14757\/revisions"}],"predecessor-version":[{"id":27516,"href":"https:\/\/www.fullcertificate.com\/fr\/wp-json\/wp\/v2\/pages\/14757\/revisions\/27516"}],"wp:attachment":[{"href":"https:\/\/www.fullcertificate.com\/fr\/wp-json\/wp\/v2\/media?parent=14757"}],"curies":[{"name":"wp","href":"https:\/\/api.w.org\/{rel}","templated":true}]}}