{"id":14768,"date":"2019-02-12T16:20:30","date_gmt":"2019-02-12T16:20:30","guid":{"rendered":"https:\/\/fullcertificate.com\/?page_id=14768"},"modified":"2022-04-12T11:37:15","modified_gmt":"2022-04-12T11:37:15","slug":"smartrenting","status":"publish","type":"page","link":"https:\/\/www.fullcertificate.com\/fr\/smartrenting\/","title":{"rendered":"smartrenting"},"content":{"rendered":"[mk_page_section bg_image=\u00a0\u00bbhttps:\/\/fullcertificate.com\/wp-content\/uploads\/2018\/11\/banner-smartrenting-avisos-certificados-2-1.jpg\u00a0\u00bb bg_position=\u00a0\u00bbcenter top\u00a0\u00bb bg_repeat=\u00a0\u00bbno-repeat\u00a0\u00bb bg_stretch=\u00a0\u00bbtrue\u00a0\u00bb min_height=\u00a0\u00bb350&Prime; padding_top=\u00a0\u00bb20&Prime; padding_bottom=\u00a0\u00bb0&Prime; first_page=\u00a0\u00bbtrue\u00a0\u00bb last_page=\u00a0\u00bbtrue\u00a0\u00bb sidebar=\u00a0\u00bbsidebar-1&Prime;][vc_column][mk_fancy_title tag_name=\u00a0\u00bbh1&Prime; color=\u00a0\u00bb#ffffff\u00a0\u00bb size=\u00a0\u00bb40&Prime; font_weight=\u00a0\u00bbnormal\u00a0\u00bb font_style=\u00a0\u00bbnormal\u00a0\u00bb txt_transform=\u00a0\u00bbnone\u00a0\u00bb margin_top=\u00a0\u00bb60&Prime; margin_bottom=\u00a0\u00bb0&Prime; font_family=\u00a0\u00bbnone\u00a0\u00bb]Smart Renting et Location Inteligente[\/mk_fancy_title][mk_fancy_title tag_name=\u00a0\u00bbh1&Prime; color=\u00a0\u00bb#ffffff\u00a0\u00bb size=\u00a0\u00bb25&Prime; font_weight=\u00a0\u00bb300&Prime; font_style=\u00a0\u00bbnormal\u00a0\u00bb txt_transform=\u00a0\u00bbnone\u00a0\u00bb margin_bottom=\u00a0\u00bb0&Prime; font_family=\u00a0\u00bbnone\u00a0\u00bb]Flux de tr\u00e9sorerie intelligent pour la location et renting[\/mk_fancy_title][mk_button dimension=\u00a0\u00bbflat\u00a0\u00bb size=\u00a0\u00bbmedium\u00a0\u00bb url=\u00a0\u00bbhttps:\/\/fullcertificate.com\/fr\/contactez-nous\/\u00a0\u00bb button_custom_width=\u00a0\u00bb250&Prime; bg_color=\u00a0\u00bb#0062b0&Prime; btn_hover_bg=\u00a0\u00bb#252525&Prime;]CONTACTER MAINTENANT[\/mk_button][\/vc_column][\/mk_page_section][mk_page_section padding_top=\u00a0\u00bb50&Prime; padding_bottom=\u00a0\u00bb50&Prime; first_page=\u00a0\u00bbfalse\u00a0\u00bb last_page=\u00a0\u00bbfalse\u00a0\u00bb sidebar=\u00a0\u00bbsidebar-1&Prime;][vc_column width=\u00a0\u00bb3\/4&Prime;][mk_fancy_title color=\u00a0\u00bb#0062af\u00a0\u00bb size=\u00a0\u00bb30&Prime; font_weight=\u00a0\u00bbnormal\u00a0\u00bb font_style=\u00a0\u00bbnormal\u00a0\u00bb txt_transform=\u00a0\u00bbnone\u00a0\u00bb margin_bottom=\u00a0\u00bb0&Prime; font_family=\u00a0\u00bbnone\u00a0\u00bb]Smart Renting et Location Inteligente[\/mk_fancy_title][mk_divider style=\u00a0\u00bbthin_solid\u00a0\u00bb thickness=\u00a0\u00bb4&Prime; margin_top=\u00a0\u00bb0&Prime;][mk_fancy_title color=\u00a0\u00bb#000000&Prime; size=\u00a0\u00bb17&Prime; font_weight=\u00a0\u00bbbold\u00a0\u00bb font_style=\u00a0\u00bbnormal\u00a0\u00bb txt_transform=\u00a0\u00bbuppercase\u00a0\u00bb margin_bottom=\u00a0\u00bb30&Prime; font_family=\u00a0\u00bbnone\u00a0\u00bb]<strong>AUTOMATISATION DES CONTRATS DE LOCATION ET DE RENTING.<\/strong>[\/mk_fancy_title][vc_row_inner padding=\u00a0\u00bb0&Prime;][vc_column_inner width=\u00a0\u00bb1\/3&Prime;][mk_icon_box2 icon_type=\u00a0\u00bbimage\u00a0\u00bb icon_size=\u00a0\u00bbinherit\u00a0\u00bb title_size=\u00a0\u00bb0&Prime; title_top_padding=\u00a0\u00bb0&Prime; title_bottom_padding=\u00a0\u00bb0&Prime;]<img class=\"wp-image-6433 size-medium aligncenter\" src=\"https:\/\/fullcertificate.com\/wp-content\/uploads\/2018\/11\/logo-smartrenting-2-1.png\" alt=\"\" width=\"240\" \/><img class=\"wp-image-6439 size-medium aligncenter\" src=\"https:\/\/fullcertificate.com\/wp-content\/uploads\/2018\/11\/grafico-smart-renting-1.png\" alt=\"\" width=\"216\" \/><\/p>\n<p style=\"text-align: center;\"><strong><span style=\"color: #0062b0;\">SMART RENTING<br \/>\n<\/span><\/strong>Location intelligente<br \/>\nRenting automatis\u00e9e<br \/>\nPerception des frais<br \/>\nRecouvrement de cr\u00e9ances<br \/>\nCertification \u00e9lectronique<br \/>\nValidit\u00e9 l\u00e9gale<\/p>\n[\/mk_icon_box2][\/vc_column_inner][vc_column_inner width=\u00a0\u00bb2\/3&Prime;][mk_fancy_title tag_name=\u00a0\u00bbh4&Prime; color=\u00a0\u00bb#000000&Prime; font_weight=\u00a0\u00bbnormal\u00a0\u00bb font_style=\u00a0\u00bbnormal\u00a0\u00bb txt_transform=\u00a0\u00bbnone\u00a0\u00bb font_family=\u00a0\u00bbnone\u00a0\u00bb]<strong>Smart Renting<\/strong> permet la<span style=\"color: #0062af;\"> gestion \u00e9lectronique et automatis\u00e9e<\/span> de tous types de <span style=\"color: #0062af;\">contrats de location de biens immobiliers, de produits en g\u00e9n\u00e9ral et de contrats financiers de location.<\/span><\/p>\n<p>&nbsp;<\/p>\n<p>Le processus est lanc\u00e9 par <strong>Smart Contracts<\/strong> ou <strong>Contracts Inteligents<\/strong> du service \u00e0 fournir. Un contrat intelligent est envoy\u00e9 \u00e0 la <span style=\"color: #0062af;\">signature \u00e9lectronique<\/span> par le destinataire et <span style=\"color: #0062af;\">ex\u00e9cute les variables financi\u00e8res et juridiques du contrat.<\/span><\/p>\n<p>&nbsp;<\/p>\n<p>Les <span style=\"color: #0062af;\">communications, accords et actions de recouvrement et de r\u00e9cup\u00e9ration<\/span> sont certifi\u00e9s dans <strong>Full Certificate<\/strong>, tierce de confiance, g\u00e9n\u00e9rant ainsi une validit\u00e9 juridique pour les faits \u00e9lectroniques r\u00e9alis\u00e9s.<\/p>\n<p>&nbsp;<\/p>\n<p>Les contrats sont des <strong>Contrats Certifi\u00e9s en Ligne<\/strong> qui peuvent \u00eatre <span style=\"color: #0062af;\">sign\u00e9s sur des t\u00e9l\u00e9phones mobiles, des ordinateurs personnels ou des tablettes<\/span>. Les int\u00e9grations avec les moyens de paiement se font au niveau de toute l&rsquo;Europe, \u00e0 travers le SEPA. Tous les processus de<strong> Smart Payments et Smart Recovery<\/strong> sont ex\u00e9cut\u00e9s de la sorte, c&rsquo;est-\u00e0-dire l&rsquo;automatisation des collectes et des recouvrements.<\/p>\n<p>&nbsp;<\/p>\n<p>En cas de d\u00e9faut, les <strong>cycles de reprise<\/strong> sont activ\u00e9s. Les <span style=\"color: #0062af;\">communications multicanaux certifi\u00e9es<\/span> sont ex\u00e9cut\u00e9es avec <span style=\"color: #0062af;\">fractionnement ou non du paiement du retard<\/span>. Conserver un <span style=\"color: #0062af;\">dossier de d\u00e9cision pr\u00e9liminaire amiable<\/span> pour les demandes d\u2019arbitrage ou de jugement.<\/p>\n<p>&nbsp;<\/p>\n<p><strong>Smart Renting<\/strong> permet de d\u00e9finir<span style=\"color: #0062af;\"> tous types de variables financi\u00e8res et de gestion<\/span> associ\u00e9s aux termes et conditions du contrat. Parmi ces variables, nous soulignons:<\/p>\n<p>&nbsp;<\/p>\n<ul>\n<li>Frais mensuels<\/li>\n<li>D\u00e9lais de paiement<\/li>\n<li>Int\u00e9r\u00eats de retar<\/li>\n<li>Frais de retour<\/li>\n<li>P\u00e9nalit\u00e9s<\/li>\n<li>Moyens de paiement<\/li>\n<li>Etc<\/li>\n<\/ul>\n<p>&nbsp;<\/p>\n<p>Les canaux de collecte \u00e9lectronique peuvent \u00eatre:<\/p>\n<p>&nbsp;<\/p>\n<ul>\n<li>POS en ligne<\/li>\n<li>r\u00e9ception \u00e9lectronique directe<\/li>\n<li>Virement bancaire \u00e9lectronique<\/li>\n<li>Etc<\/li>\n<\/ul>\n<p>&nbsp;<\/p>\n<p>Parmi les options de service figurent les suivantes:<\/p>\n<p>&nbsp;<\/p>\n<p><strong>Services de r\u00e9cup\u00e9ration WS Automation:<\/strong> <span style=\"color: #0062af;\">Pour les clients disposant du plus grand nombre d&rsquo;enregistrements de r\u00e9cup\u00e9ration.<\/span> Mise en \u0153uvre par analyse des besoins, programmation informatique et int\u00e9gration de <span style=\"color: #0062af;\">services Web &#8211; WS API REST &#8211;<\/span>.<\/p>\n<p>&nbsp;<\/p>\n<p><strong>Services de r\u00e9cup\u00e9ration dans le cloud<\/strong> pour entreprises, associations et institutions: <span style=\"color: #0062af;\">Activation dans le cloud et automatisation des enregistrements de r\u00e9cup\u00e9ration<\/span> via nos services en ligne.<\/p>\n<p>&nbsp;<\/p>\n<p><span style=\"color: #0062af;\">Parmi les grands avantages de ces projets num\u00e9riques, nous soulignons les suivants:<\/span><\/p>\n<p>&nbsp;<\/p>\n<ul>\n<li>Importantes \u00e9conomies de co\u00fbts financiers<\/li>\n<li>\u00c9conomies de milliers d&rsquo;heures de travail<\/li>\n<li>Communications \u00e9lectroniques certifi\u00e9es<\/li>\n<li>Processus automatis\u00e9s, semi-automatis\u00e9s et manuels<\/li>\n<li>Recouvrements et paiements automatis\u00e9s avec acomptes<\/li>\n<li>Contr\u00f4le et certification par Tercero de Confianza<\/li>\n<li>Validit\u00e9 l\u00e9gale<\/li>\n<\/ul>\n<p>&nbsp;<\/p>\n<p><strong>Smart Renting<\/strong> contribue \u00e0 une <span style=\"color: #0062af;\">r\u00e9duction substantielle de temps dans la gestion et les processus des clients<\/span> et, plus important encore, nous g\u00e9n\u00e9rons des processus avec de <strong>hauts niveaux de succ\u00e8s dans sa strat\u00e9gie de recouvrement, de paiement et de r\u00e9cup\u00e9ration.<\/strong><\/p>\n<p>&nbsp;<\/p>\n<p>Ce service est parfaitement int\u00e9gr\u00e9 dans les <strong>soci\u00e9t\u00e9s de location,Socimis, Associations, etc.<\/strong><\/p>\n<p>&nbsp;<\/p>\n<p>Nous vous recommandons de conna\u00eetre nos produits<strong> Smart Communities<\/strong> qui vous permettent d&rsquo;<span style=\"color: #0062af;\">automatiser les processus de gouvernance de votre communaut\u00e9, de collecter les frais et de recouvrer les arri\u00e9r\u00e9s dans les<\/span>\u00a0<strong>Communaut\u00e9s de voisinage<\/strong>.<\/p>\n<p>&nbsp;<\/p>\n<p>La figure des<strong> Full Certificate<\/strong> <span style=\"color: #0062af;\">en tant que Fournisseur de Service de Confiance \u00c9lectronique<\/span> garantit la <span style=\"color: #0062af;\">validit\u00e9 juridique de vos communications, contrats et accords<\/span>. Un service rapide, \u00e9conomique et utile que vous pouvez effectuer depuis votre bureau, ce qui vous fait gagner du temps et du travail. Nous offrons \u00e9galement \u00e0 tous nos produits la possibilit\u00e9 de faire appel \u00e0 nos services de<strong>\u00a0T\u00e9moignage Notari\u00e9<\/strong>.[\/mk_fancy_title][\/vc_column_inner][\/vc_row_inner][vc_row_inner padding=\u00a0\u00bb0&Prime;][\/vc_row_inner][\/vc_column][vc_column border_color=\u00a0\u00bb#ffffff\u00a0\u00bb width=\u00a0\u00bb1\/4&Prime;][mk_image src=\u00a0\u00bbhttps:\/\/fullcertificate.com\/wp-content\/uploads\/2018\/12\/european-trusted-third-party-full-certificate.png\u00a0\u00bb image_width=\u00a0\u00bb180&Prime; align=\u00a0\u00bbcenter\u00a0\u00bb margin_bottom=\u00a0\u00bb35&Prime; crop=\u00a0\u00bbfalse\u00a0\u00bb][vc_empty_space height=\u00a0\u00bb35px\u00a0\u00bb][vc_row_inner padding=\u00a0\u00bb0&Prime;][vc_column_inner css=\u00a0\u00bb.vc_custom_1573747992764{border-top-width: 1px !important;border-right-width: 1px !important;border-bottom-width: 1px !important;border-left-width: 1px !important;border-left-color: #f2006e !important;border-left-style: solid !important;border-right-color: #f2006e !important;border-right-style: solid !important;border-top-color: #f2006e !important;border-top-style: solid !important;border-bottom-color: #f2006e !important;border-bottom-style: solid !important;}\u00a0\u00bb][mk_fancy_title color=\u00a0\u00bb#000000&Prime; size=\u00a0\u00bb20&Prime; font_weight=\u00a0\u00bbbold\u00a0\u00bb font_style=\u00a0\u00bbnormal\u00a0\u00bb txt_transform=\u00a0\u00bbuppercase\u00a0\u00bb margin_top=\u00a0\u00bb20&Prime; margin_bottom=\u00a0\u00bb0&Prime; font_family=\u00a0\u00bbnone\u00a0\u00bb align=\u00a0\u00bbcenter\u00a0\u00bb]\n<p style=\"text-align: center;\">INSCRIVEZ-VOUS GRATUITEMENT<\/p>\n[\/mk_fancy_title][mk_fancy_title color=\u00a0\u00bb#000000&Prime; size=\u00a0\u00bb16&Prime; font_weight=\u00a0\u00bbnormal\u00a0\u00bb font_style=\u00a0\u00bbnormal\u00a0\u00bb txt_transform=\u00a0\u00bbnone\u00a0\u00bb margin_bottom=\u00a0\u00bb0&Prime; font_family=\u00a0\u00bbnone\u00a0\u00bb align=\u00a0\u00bbcenter\u00a0\u00bb]\n<p style=\"text-align: center;\">Essayez nos services certifi\u00e9s avec une validit\u00e9 l\u00e9gale compl\u00e8te.<\/p>\n<p>&nbsp;<\/p>\n<p style=\"text-align: center;\"><strong><span style=\"color: #0062b0;\">Pas de frais, pas de contrat.<\/span><br \/>\n<\/strong>Votre solde n&rsquo;expire jamais.<\/p>\n[\/mk_fancy_title][mk_button dimension=\u00a0\u00bbflat\u00a0\u00bb corner_style=\u00a0\u00bbrounded\u00a0\u00bb size=\u00a0\u00bbmedium\u00a0\u00bb url=\u00a0\u00bbhttps:\/\/cloud.fullcertificate.com\/register\u00a0\u00bb target=\u00a0\u00bb_blank\u00a0\u00bb align=\u00a0\u00bbcenter\u00a0\u00bb button_custom_width=\u00a0\u00bb160&Prime; bg_color=\u00a0\u00bb#f2006e\u00a0\u00bb btn_hover_bg=\u00a0\u00bb#252525&Prime; btn_hover_txt_color=\u00a0\u00bb#ffffff\u00a0\u00bb]CLIQUEZ ICI[\/mk_button][\/vc_column_inner][\/vc_row_inner][vc_row_inner padding=\u00a0\u00bb0&Prime;][vc_column_inner][vc_empty_space height=\u00a0\u00bb20px\u00a0\u00bb][mk_icon_box2 icon_type=\u00a0\u00bbimage\u00a0\u00bb icon_size=\u00a0\u00bbinherit\u00a0\u00bb title_size=\u00a0\u00bb0&Prime; title_top_padding=\u00a0\u00bb0&Prime; title_bottom_padding=\u00a0\u00bb0&Prime;]<a href=\"https:\/\/fullcertificate.com\/fr\/smartmoney\/\"><img loading=\"lazy\" class=\"wp-image-6433 size-medium aligncenter\" src=\"https:\/\/fullcertificate.com\/wp-content\/uploads\/2018\/10\/logo-smartmoney-1.png\" alt=\"\" width=\"180\" height=\"31\" \/><\/a><a href=\"https:\/\/fullcertificate.com\/fr\/smartmoney\/\"><img loading=\"lazy\" class=\"wp-image-6439 size-medium aligncenter\" src=\"https:\/\/fullcertificate.com\/wp-content\/uploads\/2018\/10\/grafico-smart-money-3-1.png\" alt=\"\" width=\"170\" height=\"300\" \/><\/a><\/p>\n<p style=\"text-align: center;\"><strong><span style=\"color: #0062b0;\"><a style=\"color: #0062b0;\" href=\"https:\/\/fullcertificate.com\/fr\/smartmoney\/\">SMART MONEY<\/a><br \/>\n<\/span><\/strong>Smart Contracts<br \/>\nSmart Payments<br \/>\n<span style=\"color: #000000; text-decoration: none;\">Smart Recovery<br \/>\nDashboard<br \/>\n<\/span><\/p>\n[\/mk_icon_box2][mk_icon_box2 icon_type=\u00a0\u00bbimage\u00a0\u00bb icon_size=\u00a0\u00bbinherit\u00a0\u00bb title_size=\u00a0\u00bb0&Prime; title_top_padding=\u00a0\u00bb0&Prime; title_bottom_padding=\u00a0\u00bb0&Prime;]<a href=\"https:\/\/fullcertificate.com\/fr\/cloud-inhouse-automation\/\"><img loading=\"lazy\" class=\"wp-image-6433 size-medium aligncenter\" src=\"https:\/\/fullcertificate.com\/wp-content\/uploads\/2018\/10\/logo-smart-automation-2-1.png\" alt=\"\" width=\"265\" height=\"31\" \/><\/a><a href=\"https:\/\/fullcertificate.com\/fr\/cloud-inhouse-automation\/\"><img loading=\"lazy\" class=\"wp-image-6439 size-medium aligncenter\" src=\"https:\/\/fullcertificate.com\/wp-content\/uploads\/2018\/10\/grafico-smart-automation-1.png\" alt=\"\" width=\"170\" height=\"300\" \/><\/a><\/p>\n<p style=\"text-align: center;\"><strong><span style=\"color: #0062b0;\"><a style=\"color: #0062b0;\" href=\"https:\/\/fullcertificate.com\/fr\/cloud-inhouse-automation\/\">SMART AUTOMATION<\/a><br \/>\n<\/span><\/strong><span style=\"color: #000000; text-decoration: none;\">WS API-REST<br \/>\nD\u00e9veloppement informatique<br \/>\nAuthentification avanc\u00e9e<br \/>\nPortails et formulaires intelligents<br \/>\n<\/span><\/p>\n[\/mk_icon_box2][\/vc_column_inner][\/vc_row_inner][vc_empty_space height=\u00a0\u00bb20px\u00a0\u00bb][vc_row_inner padding=\u00a0\u00bb0&Prime; el_class=\u00a0\u00bbocultar\u00a0\u00bb][vc_column_inner css=\u00a0\u00bb.vc_custom_1540979094932{border-top-width: 1px !important;border-right-width: 1px !important;border-bottom-width: 1px !important;border-left-width: 1px !important;padding-top: 20px !important;padding-bottom: 20px !important;background-color: #ffffff !important;border-left-color: #1e73be !important;border-left-style: solid !important;border-right-color: #1e73be !important;border-right-style: solid !important;border-top-color: #1e73be !important;border-top-style: solid !important;border-bottom-color: #1e73be !important;border-bottom-style: solid !important;}\u00a0\u00bb][mk_fancy_title color=\u00a0\u00bb#000000&Prime; size=\u00a0\u00bb20&Prime; font_weight=\u00a0\u00bbbold\u00a0\u00bb font_style=\u00a0\u00bbnormal\u00a0\u00bb txt_transform=\u00a0\u00bbuppercase\u00a0\u00bb margin_bottom=\u00a0\u00bb0&Prime; font_family=\u00a0\u00bbnone\u00a0\u00bb align=\u00a0\u00bbcenter\u00a0\u00bb]\n<p style=\"text-align: center;\">DONN\u00c9ES DE CONTACT<\/p>\n[\/mk_fancy_title][mk_fancy_title color=\u00a0\u00bb#1e73be\u00a0\u00bb font_style=\u00a0\u00bbnormal\u00a0\u00bb txt_transform=\u00a0\u00bbnone\u00a0\u00bb margin_bottom=\u00a0\u00bb0&Prime; font_family=\u00a0\u00bbnone\u00a0\u00bb align=\u00a0\u00bbcenter\u00a0\u00bb]\n<p style=\"text-align: center;\"><strong>T\u00e9l\u00e9phone:<\/strong> EU &#8211; ES: 0034 910 052 659<br \/>\nEU &#8211; IT: 0039 0687165152<br \/>\nLATAM: 0052 55 4162 9666<\/p>\n<p style=\"text-align: center;\"><strong>Addresse:\u00a0<\/strong>Rue Boix y Morer #6, Grenier.<br \/>\n28003 Madrid, Espagne<\/p>\n[\/mk_fancy_title][mk_button dimension=\u00a0\u00bbflat\u00a0\u00bb corner_style=\u00a0\u00bbrounded\u00a0\u00bb size=\u00a0\u00bbmedium\u00a0\u00bb url=\u00a0\u00bbhttps:\/\/fullcertificate.com\/fr\/contactez-nous\/\u00a0\u00bb align=\u00a0\u00bbcenter\u00a0\u00bb button_custom_width=\u00a0\u00bb160&Prime; bg_color=\u00a0\u00bb#0062b0&Prime; btn_hover_bg=\u00a0\u00bb#252525&Prime;]CONTACTEZ NOUS[\/mk_button][\/vc_column_inner][\/vc_row_inner][\/vc_column][\/mk_page_section][mk_page_section full_width=\u00a0\u00bbtrue\u00a0\u00bb first_page=\u00a0\u00bbfalse\u00a0\u00bb last_page=\u00a0\u00bbfalse\u00a0\u00bb sidebar=\u00a0\u00bbsidebar-1&Prime;][vc_column][mk_divider style=\u00a0\u00bbthin_solid\u00a0\u00bb thickness=\u00a0\u00bb4&Prime; margin_top=\u00a0\u00bb10&Prime; margin_bottom=\u00a0\u00bb40&Prime;][vc_row_inner padding=\u00a0\u00bb0&Prime;][vc_column_inner width=\u00a0\u00bb1\/4&Prime;][\/vc_column_inner][vc_column_inner width=\u00a0\u00bb1\/2&Prime;][mk_fancy_title tag_name=\u00a0\u00bbh4&Prime; color=\u00a0\u00bb#393836&Prime; size=\u00a0\u00bb30&Prime; font_weight=\u00a0\u00bbnormal\u00a0\u00bb font_style=\u00a0\u00bbnormal\u00a0\u00bb txt_transform=\u00a0\u00bbuppercase\u00a0\u00bb margin_bottom=\u00a0\u00bb18&Prime; font_family=\u00a0\u00bbnone\u00a0\u00bb align=\u00a0\u00bbcenter\u00a0\u00bb]\n<p style=\"text-align: center;\">AVEC LA GARANTIE DE<\/p>\n[\/mk_fancy_title][mk_image src=\u00a0\u00bbhttps:\/\/fullcertificate.com\/wp-content\/uploads\/2022\/04\/footer-nuevo-WE-VOTE.jpg\u00a0\u00bb image_width=\u00a0\u00bb1500&Prime; image_height=\u00a0\u00bb216&Prime; link=\u00a0\u00bbhttp:\/\/fullcertificate.com\/\u00a0\u00bb target=\u00a0\u00bb_blank\u00a0\u00bb align=\u00a0\u00bbcenter\u00a0\u00bb margin_bottom=\u00a0\u00bb40&Prime; el_class=\u00a0\u00bbimagen-footer-centro\u00a0\u00bb crop=\u00a0\u00bbfalse\u00a0\u00bb][\/vc_column_inner][vc_column_inner width=\u00a0\u00bb1\/4&Prime;][\/vc_column_inner][\/vc_row_inner][\/vc_column][\/mk_page_section]\n","protected":false},"excerpt":{"rendered":"<p>[mk_page_section bg_image=\u00a0\u00bbhttps:\/\/fullcertificate.com\/wp-content\/uploads\/2018\/11\/banner-smartrenting-avisos-certificados-2-1.jpg\u00a0\u00bb bg_position=\u00a0\u00bbcenter top\u00a0\u00bb bg_repeat=\u00a0\u00bbno-repeat\u00a0\u00bb bg_stretch=\u00a0\u00bbtrue\u00a0\u00bb min_height=\u00a0\u00bb350&Prime; padding_top=\u00a0\u00bb20&Prime; padding_bottom=\u00a0\u00bb0&Prime; first_page=\u00a0\u00bbtrue\u00a0\u00bb last_page=\u00a0\u00bbtrue\u00a0\u00bb sidebar=\u00a0\u00bbsidebar-1&Prime;][vc_column][mk_fancy_title tag_name=\u00a0\u00bbh1&Prime; color=\u00a0\u00bb#ffffff\u00a0\u00bb size=\u00a0\u00bb40&Prime; font_weight=\u00a0\u00bbnormal\u00a0\u00bb font_style=\u00a0\u00bbnormal\u00a0\u00bb txt_transform=\u00a0\u00bbnone\u00a0\u00bb margin_top=\u00a0\u00bb60&Prime; margin_bottom=\u00a0\u00bb0&Prime; font_family=\u00a0\u00bbnone\u00a0\u00bb]Smart Renting et Location Inteligente[\/mk_fancy_title][mk_fancy_title tag_name=\u00a0\u00bbh1&Prime; color=\u00a0\u00bb#ffffff\u00a0\u00bb size=\u00a0\u00bb25&Prime; font_weight=\u00a0\u00bb300&Prime; font_style=\u00a0\u00bbnormal\u00a0\u00bb txt_transform=\u00a0\u00bbnone\u00a0\u00bb margin_bottom=\u00a0\u00bb0&Prime; font_family=\u00a0\u00bbnone\u00a0\u00bb]Flux de tr\u00e9sorerie intelligent pour la location et renting[\/mk_fancy_title][mk_button dimension=\u00a0\u00bbflat\u00a0\u00bb size=\u00a0\u00bbmedium\u00a0\u00bb url=\u00a0\u00bbhttps:\/\/fullcertificate.com\/fr\/contactez-nous\/\u00a0\u00bb button_custom_width=\u00a0\u00bb250&Prime; bg_color=\u00a0\u00bb#0062b0&Prime; btn_hover_bg=\u00a0\u00bb#252525&Prime;]CONTACTER MAINTENANT[\/mk_button][\/vc_column][\/mk_page_section][mk_page_section padding_top=\u00a0\u00bb50&Prime; padding_bottom=\u00a0\u00bb50&Prime; first_page=\u00a0\u00bbfalse\u00a0\u00bb last_page=\u00a0\u00bbfalse\u00a0\u00bb sidebar=\u00a0\u00bbsidebar-1&Prime;][vc_column width=\u00a0\u00bb3\/4&Prime;][mk_fancy_title color=\u00a0\u00bb#0062af\u00a0\u00bb [&hellip;]<\/p>\n","protected":false},"author":2,"featured_media":0,"parent":0,"menu_order":0,"comment_status":"closed","ping_status":"closed","template":"","meta":{"_bbp_topic_count":0,"_bbp_reply_count":0,"_bbp_total_topic_count":0,"_bbp_total_reply_count":0,"_bbp_voice_count":0,"_bbp_anonymous_reply_count":0,"_bbp_topic_count_hidden":0,"_bbp_reply_count_hidden":0,"_bbp_forum_subforum_count":0},"_links":{"self":[{"href":"https:\/\/www.fullcertificate.com\/fr\/wp-json\/wp\/v2\/pages\/14768"}],"collection":[{"href":"https:\/\/www.fullcertificate.com\/fr\/wp-json\/wp\/v2\/pages"}],"about":[{"href":"https:\/\/www.fullcertificate.com\/fr\/wp-json\/wp\/v2\/types\/page"}],"author":[{"embeddable":true,"href":"https:\/\/www.fullcertificate.com\/fr\/wp-json\/wp\/v2\/users\/2"}],"replies":[{"embeddable":true,"href":"https:\/\/www.fullcertificate.com\/fr\/wp-json\/wp\/v2\/comments?post=14768"}],"version-history":[{"count":14,"href":"https:\/\/www.fullcertificate.com\/fr\/wp-json\/wp\/v2\/pages\/14768\/revisions"}],"predecessor-version":[{"id":27533,"href":"https:\/\/www.fullcertificate.com\/fr\/wp-json\/wp\/v2\/pages\/14768\/revisions\/27533"}],"wp:attachment":[{"href":"https:\/\/www.fullcertificate.com\/fr\/wp-json\/wp\/v2\/media?parent=14768"}],"curies":[{"name":"wp","href":"https:\/\/api.w.org\/{rel}","templated":true}]}}