{"id":28268,"date":"2023-02-26T21:23:22","date_gmt":"2023-02-26T21:23:22","guid":{"rendered":"https:\/\/fullcertificate.com\/?page_id=28268"},"modified":"2026-04-27T20:38:17","modified_gmt":"2026-04-27T20:38:17","slug":"messagerie-electronique-certifiee","status":"publish","type":"page","link":"https:\/\/www.fullcertificate.com\/fr\/messagerie-electronique-certifiee\/","title":{"rendered":"Certificat WhatsApp avec validit\u00e9 l\u00e9gale"},"content":{"rendered":"[mk_page_section bg_image=\u00a0\u00bbhttps:\/\/fullcertificate.com\/wp-content\/uploads\/2016\/06\/contratos-certificados-juntas-accionistas-propietarios-1.jpg\u00a0\u00bb bg_position=\u00a0\u00bbcenter top\u00a0\u00bb bg_repeat=\u00a0\u00bbno-repeat\u00a0\u00bb bg_stretch=\u00a0\u00bbtrue\u00a0\u00bb min_height=\u00a0\u00bb350&Prime; padding_top=\u00a0\u00bb20&Prime; padding_bottom=\u00a0\u00bb0&Prime; first_page=\u00a0\u00bbtrue\u00a0\u00bb last_page=\u00a0\u00bbtrue\u00a0\u00bb sidebar=\u00a0\u00bbsidebar-1&Prime;][vc_column][mk_fancy_title color=\u00a0\u00bb#000000&Prime; size=\u00a0\u00bb40&Prime; font_style=\u00a0\u00bbnormal\u00a0\u00bb txt_transform=\u00a0\u00bbnone\u00a0\u00bb margin_top=\u00a0\u00bb60&Prime; margin_bottom=\u00a0\u00bb0&Prime; font_family=\u00a0\u00bbnone\u00a0\u00bb]Messagerie \u00e9lectronique <span style=\"color: #01b0ef;\">certifi\u00e9e<\/span> avec <span style=\"color: #f2006e;\">validit\u00e9 l\u00e9gale<\/span>[\/mk_fancy_title][mk_fancy_title color=\u00a0\u00bb#000000&Prime; size=\u00a0\u00bb25&Prime; font_weight=\u00a0\u00bb300&Prime; font_style=\u00a0\u00bbnormal\u00a0\u00bb txt_transform=\u00a0\u00bbnone\u00a0\u00bb margin_bottom=\u00a0\u00bb0&Prime; font_family=\u00a0\u00bbnone\u00a0\u00bb]Notifications et communications par messagerie certifi\u00e9e dans le monde entier[\/mk_fancy_title][mk_button dimension=\u00a0\u00bbflat\u00a0\u00bb size=\u00a0\u00bbmedium\u00a0\u00bb url=\u00a0\u00bbhttps:\/\/cloud.fullcertificate.com\/register\u00a0\u00bb target=\u00a0\u00bb_blank\u00a0\u00bb button_custom_width=\u00a0\u00bb250&Prime; bg_color=\u00a0\u00bb#0062b0&Prime; btn_hover_bg=\u00a0\u00bb#252525&Prime;]INSCRIPTION GRATUITE[\/mk_button][\/vc_column][\/mk_page_section][mk_page_section padding_top=\u00a0\u00bb50&Prime; padding_bottom=\u00a0\u00bb50&Prime; first_page=\u00a0\u00bbfalse\u00a0\u00bb last_page=\u00a0\u00bbfalse\u00a0\u00bb sidebar=\u00a0\u00bbsidebar-1&Prime;][vc_column width=\u00a0\u00bb3\/4&Prime;][mk_fancy_title color=\u00a0\u00bb#0062af\u00a0\u00bb size=\u00a0\u00bb30&Prime; font_style=\u00a0\u00bbnormal\u00a0\u00bb txt_transform=\u00a0\u00bbnone\u00a0\u00bb margin_bottom=\u00a0\u00bb0&Prime; font_family=\u00a0\u00bbnone\u00a0\u00bb]Messagerie \u00e9lectronique certifi\u00e9e dans toutes les langues[\/mk_fancy_title][mk_divider style=\u00a0\u00bbthin_solid\u00a0\u00bb thickness=\u00a0\u00bb4&Prime; margin_top=\u00a0\u00bb0&Prime;][mk_fancy_title color=\u00a0\u00bb#000000&Prime; size=\u00a0\u00bb17&Prime; font_weight=\u00a0\u00bbbold\u00a0\u00bb font_style=\u00a0\u00bbnormal\u00a0\u00bb txt_transform=\u00a0\u00bbuppercase\u00a0\u00bb margin_bottom=\u00a0\u00bb0&Prime; font_family=\u00a0\u00bbnone\u00a0\u00bb]MESSAGERIE \u00c9LECTRONIQUE CERTIFI\u00c9E. NOTIFICATIONS PAR MESSAGERIE INSTANTAN\u00c9E CERTIFI\u00c9E. WHATSAPP CERTIFI\u00c9 AVEC VALIDIT\u00c9 L\u00c9GALE. CERTIFICATION STANDARD ET DOCUMENTAIRE COMPLET.[\/mk_fancy_title][vc_row_inner padding=\u00a0\u00bb0&Prime;][vc_column_inner width=\u00a0\u00bb1\/3&Prime;][mk_icon_box text_size=\u00a0\u00bb0&Prime; box_blur=\u00a0\u00bbfalse\u00a0\u00bb]<a href=\"https:\/\/www.avisoscertificados.com\/contact us\/\"><img loading=\"lazy\" class=\"aligncenter wp-image-12935 size-full\" src=\"https:\/\/www.fullcertificate.com\/wp-content\/uploads\/2023\/12\/logo_wpp23.jpg\" alt=\"\" width=\"256\" height=\"256\" \/><\/a><\/p>\n<p style=\"text-align: center;\"><strong><span style=\"color: #0062b0;\"><a style=\"color: #0062b0;\" href=\"https:\/\/www.avisoscertificados.com\/contactenos\/\">MESSAGERIE \u00c9LECTRONIQUE CERTIFI\u00c9E<\/a><br \/>\n<\/span><\/strong>Certification de livraison<br \/>\ncertificat de lecture<br \/>\nattestation de d\u00e9charge<br \/>\nattestation documentaire<br \/>\nT\u00e9moignage notari\u00e9<\/p>\n<p>&nbsp;<\/p>\n<p style=\"text-align: center;\"><strong style=\"color: #0062b0;\">CANAUX<\/strong><br \/>\nWhatsapp<br \/>\nsignaler[\/mk_icon_box][mk_image src=\u00a0\u00bbhttps:\/\/fullcertificate.com\/wp-content\/uploads\/2023\/02\/Lateral-nuevo-Sellos.jpg\u00a0\u00bb image_width=\u00a0\u00bb100&Prime; align=\u00a0\u00bbcenter\u00a0\u00bb crop=\u00a0\u00bbfalse\u00a0\u00bb][\/vc_column_inner][vc_column_inner width=\u00a0\u00bb2\/3&Prime;][mk_fancy_title tag_name=\u00a0\u00bbh4&Prime; color=\u00a0\u00bb#000000&Prime; font_style=\u00a0\u00bbnormal\u00a0\u00bb txt_transform=\u00a0\u00bbnone\u00a0\u00bb font_family=\u00a0\u00bbnone\u00a0\u00bb]Notifications et contrats par <span style=\"color: #0062af;\">Messagerie \u00e9lectronique certifi\u00e9e dans une grande partie du monde<\/span>, dans toutes les langues, avec une certification documentaire compl\u00e8te en quelques minutes.<\/p>\n<p>Vous pouvez d\u00e9sormais <span style=\"color: #0062af;\">faire vos notifications et communications importantes<\/span> via <strong>Certificat complet<\/strong>, <span style=\"color: #0062af;\">fournisseur de confiance \u00e9lectronique audit\u00e9e<\/span>, avec pleine validit\u00e9 juridique.<\/p>\n<p><span style=\"color: #f2006e;\">Un canal id\u00e9al pour les communications juridiques avec une validit\u00e9 l\u00e9gale,<\/span> avec de multiples utilisations <strong>dans une grande partie du monde<\/strong>, \u00e9tant l&rsquo;un des canaux num\u00e9riques les plus utilis\u00e9s par les utilisateurs.<\/p>\n<p><strong>La Messagerie \u00c9lectronique Certifi\u00e9e <\/strong><span style=\"color: #0062af;\">est utilis\u00e9e par plus de 2 milliards de personnes dans plus de 180 pays<\/span>, avec laquelle la port\u00e9e de ses communications atteint son destinataire est tr\u00e8s \u00e9lev\u00e9.<\/p>\n<p><strong>Certificat complet<\/strong> <span style=\"color: #f2006e;\">saisit toutes les preuves \u00e9lectroniques<\/span> des communications par <strong>messagerie \u00e9lectronique certifi\u00e9e<\/strong> g\u00e9n\u00e9rant <span style=\"color: #0062af;\">un certificat \u00e9lectronique avec toutes les garanties l\u00e9gales au niveau des preuves de livraison, de lecture et de t\u00e9l\u00e9chargement.<\/span><\/p>\n<p><span style=\"color: #0062af;\">Nous vous recommandons<\/span> de s\u00e9lectionner le service \u00ab\u00a0<strong>Messagerie \u00e9lectronique certifi\u00e9e<\/strong><strong> Documentation compl\u00e8te\u00a0\u00bb<\/strong> o\u00f9 vous pouvez avoir dans le m\u00eame certificat de <span style=\"color: #0062af;\">toutes les preuves \u00e9lectroniques susmentionn\u00e9es, ainsi que la documentation qui doit \u00eatre envoy\u00e9e au destinataire enti\u00e8rement int\u00e9gr\u00e9e dans le Pdf du certificat.<\/span><\/p>\n<p>&nbsp;<\/p>\n<p><strong>UTILISATIONS COURANTES DE LA MESSAGERIE \u00c9LECTRONIQUE CERTIFI\u00c9E<\/strong><\/p>\n<ul>\n<li>Messagerie \u00e9lectronique certifi\u00e9e pour les questions de travail telles que les licenciements, les fautes graves, etc.<\/li>\n<li>Messagerie \u00e9lectronique certifi\u00e9e pour les demandes de quantit\u00e9<\/li>\n<li>Messagerie \u00e9lectronique certifi\u00e9e pour les notifications aux fournisseurs de services<\/li>\n<li>Messagerie \u00e9lectronique certifi\u00e9e pour les notifications aux ind\u00e9pendants et aux professionnels<\/li>\n<li>Messagerie \u00e9lectronique certifi\u00e9e pour l&rsquo;envoi de factures<\/li>\n<li>Messagerie \u00e9lectronique certifi\u00e9e pour la signature des contrats<\/li>\n<li>Messagerie \u00e9lectronique certifi\u00e9e pour les paiements sur compte avec smart Payments<\/li>\n<li>Messagerie \u00e9lectronique certifi\u00e9e pour une r\u00e9cup\u00e9ration conviviale avec r\u00e9cup\u00e9ration intelligente<\/li>\n<li>Messagerie \u00e9lectronique certifi\u00e9e pour les probl\u00e8mes sociaux tels que le harc\u00e8lement, l&rsquo;intimidation, etc.<\/li>\n<li>Messagerie \u00e9lectronique certifi\u00e9e pour les couples en s\u00e9paration et en garde de mineurs<\/li>\n<li>Messagerie \u00e9lectronique certifi\u00e9e pour prendre en charge les postes de gestion des successions et des personnes \u00e2g\u00e9es<\/li>\n<\/ul>\n<p>&nbsp;<\/p>\n<blockquote>\n<p><span style=\"color: #8a1313;\">Notifications multicanal\u00a0: <\/span>Vous pourrez faire des <span style=\"color: #0062af;\">notifications multicanal<\/span> , de sorte qu&rsquo;ils sont un compl\u00e9ment parfait comme preuve dans un \u00e9ventuel proc\u00e8s. Nous vous recommandons de commencer par le <strong>burofax postal en ligne<\/strong> avec livraison \u00e0 domicile, et apr\u00e8s le d\u00e9lai jug\u00e9 appropri\u00e9, d&rsquo;envoyer une <strong>seconde notification par e-mails certifi\u00e9s<\/strong> et une <strong>derni\u00e8re par SMS Certificat <\/strong>. <span style=\"color: #0062af;\">Avec ces trois canaux de communication l\u00e9galement valides,<\/span> en plus des canaux <strong>Fax certifi\u00e9 et Appels certifi\u00e9s<\/strong>, vous aurez l&rsquo;un des canaux <span style=\"color: #0062af;\">meilleures strat\u00e9gies de communication multicanal certifi\u00e9es<\/span> sur le march\u00e9.<\/p>\n<\/blockquote>\n<p>&nbsp;<\/p>\n<p>Dans les communications \u00e0 validit\u00e9 juridique, nous vous rappelons l&rsquo;importance que <strong>votre fournisseur soit audit\u00e9 conform\u00e9ment \u00e0 la r\u00e9glementation europ\u00e9enne<\/strong> des services de confiance.<\/p>\n<p><strong>Full Certificate est un fournisseur europ\u00e9en de services \u00e9lectroniques de confiance<\/strong> et garantit que <span style=\"color: #0062af;\">vos communications, notifications et contrats ont une pleine validit\u00e9 juridique.<\/span><\/p>\n<p>Un <span style=\"color: #f2006e;\">service rapide, \u00e9conomique et \u00e9cologique<\/span>, que vous pouvez effectuer depuis le confort de votre ordinateur.<\/p>\n<p>De plus, nous proposons, avec tous nos produits, le <strong>Service de T\u00e9moignage Notari\u00e9<\/strong> \u00e0 la demande\u00a0: un notaire g\u00e9n\u00e9rera et int\u00e9grera dans votre protocole comme preuve suppl\u00e9mentaire <span style=\"color: #0062af;\">tous les certifications d\u00e9livr\u00e9es par notre syst\u00e8me.<\/span><\/p>\n<p>&nbsp;<\/p>\n<p><span style=\"color: #0062af;\">Nos services permettent \u00e0 nos clients d&rsquo;\u00e9conomiser des milliers d&rsquo;heures<\/span> et permettent l&rsquo;acc\u00e8s \u00e0 des services avanc\u00e9s de grande valeur pour votre entreprise ou votre bureau gr\u00e2ce au <strong>certificat de plans d&rsquo;entreprise de Full&lt;\/strong &gt;.<\/strong><\/p>\n<p><strong>Si vous souhaitez nous contacter<\/strong>, veuillez <span style=\"color: #0062af;\"><strong><a href=\"https:\/\/www.avisoscertificados.com\/contactenos\/\">cliquer ici<\/a>.<\/strong><\/span>[\/mk_fancy_title][\/vc_column_inner][\/vc_row_inner][\/vc_column][vc_column border_color=\u00a0\u00bb#ffffff\u00a0\u00bb width=\u00a0\u00bb1\/4&Prime;][vc_row_inner padding=\u00a0\u00bb0&Prime;][vc_column_inner][mk_image src=\u00a0\u00bbhttps:\/\/fullcertificate.com\/wp-content\/uploads\/2018\/12\/european-trusted-third-party-full-certificate.png\u00a0\u00bb image_width=\u00a0\u00bb180&Prime; align=\u00a0\u00bbcenter\u00a0\u00bb margin_bottom=\u00a0\u00bb35&Prime; crop=\u00a0\u00bbfalse\u00a0\u00bb][\/vc_column_inner][\/vc_row_inner][vc_row_inner padding=\u00a0\u00bb0&Prime;][vc_column_inner css=\u00a0\u00bb.vc_custom_1573735540949{border-top-width: 1px !important;border-right-width: 1px !important;border-bottom-width: 1px !important;border-left-width: 1px !important;border-left-color: #f2006e !important;border-left-style: solid !important;border-right-color: #f2006e !important;border-right-style: solid !important;border-top-color: #f2006e !important;border-top-style: solid !important;border-bottom-color: #f2006e !important;border-bottom-style: solid !important;}\u00a0\u00bb][mk_fancy_title color=\u00a0\u00bb#000000&Prime; size=\u00a0\u00bb20&Prime; font_weight=\u00a0\u00bbbold\u00a0\u00bb font_style=\u00a0\u00bbnormal\u00a0\u00bb txt_transform=\u00a0\u00bbuppercase\u00a0\u00bb margin_top=\u00a0\u00bb20&Prime; margin_bottom=\u00a0\u00bb0&Prime; font_family=\u00a0\u00bbnone\u00a0\u00bb align=\u00a0\u00bbcenter\u00a0\u00bb]\n<p style=\"text-align: center;\">INSCRIVEZ-VOUS GRATUITEMENT<\/p>\n[\/mk_fancy_title][mk_fancy_title color=\u00a0\u00bb#000000&Prime; size=\u00a0\u00bb16&Prime; font_weight=\u00a0\u00bbnormal\u00a0\u00bb font_style=\u00a0\u00bbnormal\u00a0\u00bb txt_transform=\u00a0\u00bbnone\u00a0\u00bb margin_bottom=\u00a0\u00bb0&Prime; font_family=\u00a0\u00bbnone\u00a0\u00bb align=\u00a0\u00bbcenter\u00a0\u00bb]\n<p style=\"text-align: center;\">Essayez nos services certifi\u00e9s avec une validit\u00e9 l\u00e9gale compl\u00e8te.<\/p>\n<p>&nbsp;<\/p>\n<p style=\"text-align: center;\"><strong><span style=\"color: #0062b0;\">Pas de frais, pas de contrat.<\/span><br \/>\n<\/strong>Votre solde n&rsquo;expire jamais.[\/mk_fancy_title][mk_button dimension=\u00a0\u00bbflat\u00a0\u00bb corner_style=\u00a0\u00bbrounded\u00a0\u00bb size=\u00a0\u00bbmedium\u00a0\u00bb url=\u00a0\u00bbhttps:\/\/cloud.fullcertificate.com\/register\u00a0\u00bb target=\u00a0\u00bb_blank\u00a0\u00bb align=\u00a0\u00bbcenter\u00a0\u00bb button_custom_width=\u00a0\u00bb160&Prime; bg_color=\u00a0\u00bb#f2006e\u00a0\u00bb btn_hover_bg=\u00a0\u00bb#252525&Prime; btn_hover_txt_color=\u00a0\u00bb#ffffff\u00a0\u00bb]CLIQUEZ ICI[\/mk_button][\/vc_column_inner][\/vc_row_inner][vc_row_inner padding=\u00a0\u00bb0&Prime; el_class=\u00a0\u00bbocultarPack\u00a0\u00bb][vc_column_inner][vc_empty_space][\/vc_column_inner][\/vc_row_inner][vc_row_inner padding=\u00a0\u00bb0&Prime;][vc_column_inner][vc_empty_space height=\u00a0\u00bb20px\u00a0\u00bb][mk_icon_box2 icon_type=\u00a0\u00bbimage\u00a0\u00bb title_size=\u00a0\u00bb0&Prime; title_top_padding=\u00a0\u00bb0&Prime; title_bottom_padding=\u00a0\u00bb0&Prime;]<a href=\"https:\/\/fullcertificate.com\/fr\/smartmoney\/\"><img loading=\"lazy\" class=\"wp-image-6433 size-medium aligncenter\" src=\"https:\/\/fullcertificate.com\/wp-content\/uploads\/2018\/10\/logo-smartmoney-1.png\" alt=\"\" width=\"180\" height=\"31\" \/><\/a><a href=\"https:\/\/fullcertificate.com\/fr\/smartmoney\/\"><img loading=\"lazy\" class=\"wp-image-6439 size-medium aligncenter\" src=\"https:\/\/fullcertificate.com\/wp-content\/uploads\/2018\/10\/grafico-smart-money-3-1.png\" alt=\"\" width=\"170\" height=\"300\" \/><\/a><\/p>\n<p style=\"text-align: center;\"><strong><span style=\"color: #0062b0;\"><a style=\"color: #0062b0;\" href=\"https:\/\/fullcertificate.com\/fr\/smartmoney\/\">SMART MONEY<\/a><br \/>\n<\/span><\/strong>Smart Contracts<br \/>\nSmart Payments<br \/>\n<span style=\"color: #000000; text-decoration: none;\">Smart Recovery<br \/>\nDashboard<br \/>\n<\/span>[\/mk_icon_box2][mk_icon_box2 icon_type=\u00a0\u00bbimage\u00a0\u00bb title_size=\u00a0\u00bb0&Prime; title_top_padding=\u00a0\u00bb0&Prime; title_bottom_padding=\u00a0\u00bb0&Prime;]<a href=\"https:\/\/fullcertificate.com\/fr\/smartone2one\/\"><img loading=\"lazy\" class=\"wp-image-6433 size-medium aligncenter\" src=\"https:\/\/fullcertificate.com\/wp-content\/uploads\/2018\/10\/logo-smart-one2one-2-1.png\" alt=\"\" width=\"226\" height=\"31\" \/><\/a><a href=\"https:\/\/fullcertificate.com\/fr\/smartone2one\/\"><img loading=\"lazy\" class=\"wp-image-6439 size-medium aligncenter\" src=\"https:\/\/fullcertificate.com\/wp-content\/uploads\/2018\/10\/grafico-smart-one2one-1.png\" alt=\"\" width=\"170\" height=\"300\" \/><\/a><\/p>\n<p style=\"text-align: center;\"><strong><span style=\"color: #0062b0;\"><a style=\"color: #0062b0;\" href=\"https:\/\/fullcertificate.com\/fr\/smartone2one\/\">SMART ONE2ONE<\/a><br \/>\n<\/span><\/strong>Notifications personnalis\u00e9es<br \/>\nVolume d&rsquo;ex\u00e9cution \u00e9lev\u00e9<br \/>\n<span style=\"text-decoration: none;\">Certification multicanal<br \/>\n<\/span><span style=\"text-decoration: none;\">Haute disponibilit\u00e9<\/span><span style=\"color: #000000; text-decoration: none;\"><br \/>\n<\/span>[\/mk_icon_box2][\/vc_column_inner][\/vc_row_inner][vc_empty_space height=\u00a0\u00bb20px\u00a0\u00bb][vc_row_inner el_class=\u00a0\u00bbocultar\u00a0\u00bb][vc_column_inner css=\u00a0\u00bb.vc_custom_1540979094932{border-top-width: 1px !important;border-right-width: 1px !important;border-bottom-width: 1px !important;border-left-width: 1px !important;padding-top: 20px !important;padding-bottom: 20px !important;background-color: #ffffff !important;border-left-color: #1e73be !important;border-left-style: solid !important;border-right-color: #1e73be !important;border-right-style: solid !important;border-top-color: #1e73be !important;border-top-style: solid !important;border-bottom-color: #1e73be !important;border-bottom-style: solid !important;}\u00a0\u00bb][mk_fancy_title color=\u00a0\u00bb#000000&Prime; size=\u00a0\u00bb20&Prime; font_weight=\u00a0\u00bbbold\u00a0\u00bb font_style=\u00a0\u00bbnormal\u00a0\u00bb txt_transform=\u00a0\u00bbuppercase\u00a0\u00bb margin_bottom=\u00a0\u00bb0&Prime; font_family=\u00a0\u00bbnone\u00a0\u00bb align=\u00a0\u00bbcenter\u00a0\u00bb]\n<p style=\"text-align: center;\">DONN\u00c9ES DE CONTACT<\/p>\n[\/mk_fancy_title][mk_fancy_title color=\u00a0\u00bb#1e73be\u00a0\u00bb font_style=\u00a0\u00bbnormal\u00a0\u00bb txt_transform=\u00a0\u00bbnone\u00a0\u00bb margin_bottom=\u00a0\u00bb18&Prime; font_family=\u00a0\u00bbnone\u00a0\u00bb align=\u00a0\u00bbcenter\u00a0\u00bb]\n<p style=\"text-align: center;\"><strong>T\u00e9l\u00e9phone:<\/strong> EU &#8211; ES: 0034 910 052 659<br \/>\nEU &#8211; IT: 0039 0687165152<br \/>\nLATAM: 0052 55 4162 9666<\/p>\n<p style=\"text-align: center;\"><strong>Adresse: <\/strong>Rue Boix y Morer #6, Grenier.<br \/>\n28003 Madrid, Espagne[\/mk_fancy_title][mk_button dimension=\u00a0\u00bbflat\u00a0\u00bb corner_style=\u00a0\u00bbrounded\u00a0\u00bb size=\u00a0\u00bbmedium\u00a0\u00bb url=\u00a0\u00bbhttps:\/\/fullcertificate.com\/fr\/contactez-nous\/\u00a0\u00bb align=\u00a0\u00bbcenter\u00a0\u00bb button_custom_width=\u00a0\u00bb160&Prime; bg_color=\u00a0\u00bb#0062b0&Prime; btn_hover_bg=\u00a0\u00bb#252525&Prime;]CONTACTEZ NOUS[\/mk_button][\/vc_column_inner][\/vc_row_inner][\/vc_column][\/mk_page_section][vc_column][\/vc_column][mk_divider style=\u00a0\u00bbthin_solid\u00a0\u00bb thickness=\u00a0\u00bb4&Prime; margin_top=\u00a0\u00bb10&Prime; margin_bottom=\u00a0\u00bb40&Prime;][vc_row_inner padding=\u00a0\u00bb0&Prime;][vc_column_inner width=\u00a0\u00bb1\/4&Prime;][\/vc_column_inner][vc_column_inner width=\u00a0\u00bb1\/2&Prime;][mk_fancy_title tag_name=\u00a0\u00bbh4&Prime; color=\u00a0\u00bb#393836&Prime; size=\u00a0\u00bb30&Prime; font_weight=\u00a0\u00bbnormal\u00a0\u00bb font_style=\u00a0\u00bbnormal\u00a0\u00bb txt_transform=\u00a0\u00bbuppercase\u00a0\u00bb margin_bottom=\u00a0\u00bb18&Prime; font_family=\u00a0\u00bbnone\u00a0\u00bb align=\u00a0\u00bbcenter\u00a0\u00bb]\n<p style=\"text-align: center;\">AVEC LA GARANTIE DE<\/p>\n[\/mk_fancy_title][mk_image src=\u00a0\u00bbhttps:\/\/fullcertificate.com\/wp-content\/uploads\/2022\/04\/footer-nuevo-WE-VOTE.jpg\u00a0\u00bb image_width=\u00a0\u00bb1500&Prime; link=\u00a0\u00bbhttp:\/\/fullcertificate.com\/\u00a0\u00bb target=\u00a0\u00bb_blank\u00a0\u00bb align=\u00a0\u00bbcenter\u00a0\u00bb margin_bottom=\u00a0\u00bb0&Prime; el_class=\u00a0\u00bbimagen-footer-centro\u00a0\u00bb crop=\u00a0\u00bbfalse\u00a0\u00bb][\/vc_column_inner][vc_column_inner width=\u00a0\u00bb1\/4&Prime;][\/vc_column_inner][\/vc_row_inner][vc_row][vc_column][vc_column_text css=\u00a0\u00bb.vc_custom_1777322290069{margin-bottom: 0px !important;}\u00a0\u00bb]\n<div id=\"wrapper-video-autom\u00e1tico\" style=\"display:none;\">\n        \/\/ PopUp Video<br \/>\n    <a id=\"69f496f127761\" rel=\"wp-video-lightbox\" href=\"https:\/\/www.youtube.com\/watch?v=njyZjDQ2YYc&#038;width=853&#038;height=480\" title=\"\">open<\/a>    <script>\r\n    \/* <![CDATA[ *\/\r\n    jQuery(document).ready(function($){\r\n        $(function(){\r\n            var width = $(window).innerWidth();\r\n            var setwidth = parseFloat(853);\r\n            var ratio = parseFloat(0.56271981242673);\r\n            var height = parseFloat(480);\r\n            var link = 'https:\/\/www.youtube.com\/watch?v=njyZjDQ2YYc&amp;width=853&amp;height=480';\r\n            if(width < setwidth)\r\n            {\r\n                height = Math.floor(width * 0.56271981242673);\r\n                \/\/console.log(\"device width \"+width+\", set width \"+853+\", ratio \"+0.56271981242673+\", new height \"+ height);\r\n                var new_url = wpvl_paramReplace('width', link, width);\r\n                var new_url = wpvl_paramReplace('height', new_url, height);\r\n                $(\"a#69f496f127761\").attr('href', new_url);\r\n                \/\/console.log(new_url);\r\n            }\r\n        });\r\n    });\r\n    \/* ]]> *\/\r\n    <\/script>\n<\/div>\n<p><script type=\"text\/javascript\">\n    jQuery(document).ready(function($) {\n        setTimeout(function() {\n            jQuery('#wrapper-video-autom\u00e1tico a').click();\n        }, 1000);\n    });\n<\/script>[\/vc_column_text][\/vc_column][\/vc_row]\n","protected":false},"excerpt":{"rendered":"<p>[mk_page_section bg_image=\u00a0\u00bbhttps:\/\/fullcertificate.com\/wp-content\/uploads\/2016\/06\/contratos-certificados-juntas-accionistas-propietarios-1.jpg\u00a0\u00bb bg_position=\u00a0\u00bbcenter top\u00a0\u00bb bg_repeat=\u00a0\u00bbno-repeat\u00a0\u00bb bg_stretch=\u00a0\u00bbtrue\u00a0\u00bb min_height=\u00a0\u00bb350&Prime; padding_top=\u00a0\u00bb20&Prime; padding_bottom=\u00a0\u00bb0&Prime; first_page=\u00a0\u00bbtrue\u00a0\u00bb last_page=\u00a0\u00bbtrue\u00a0\u00bb sidebar=\u00a0\u00bbsidebar-1&Prime;][vc_column][mk_fancy_title color=\u00a0\u00bb#000000&Prime; size=\u00a0\u00bb40&Prime; font_style=\u00a0\u00bbnormal\u00a0\u00bb txt_transform=\u00a0\u00bbnone\u00a0\u00bb margin_top=\u00a0\u00bb60&Prime; margin_bottom=\u00a0\u00bb0&Prime; font_family=\u00a0\u00bbnone\u00a0\u00bb]Messagerie \u00e9lectronique certifi\u00e9e avec validit\u00e9 l\u00e9gale[\/mk_fancy_title][mk_fancy_title color=\u00a0\u00bb#000000&Prime; size=\u00a0\u00bb25&Prime; font_weight=\u00a0\u00bb300&Prime; font_style=\u00a0\u00bbnormal\u00a0\u00bb txt_transform=\u00a0\u00bbnone\u00a0\u00bb margin_bottom=\u00a0\u00bb0&Prime; font_family=\u00a0\u00bbnone\u00a0\u00bb]Notifications et communications par messagerie certifi\u00e9e dans le monde entier[\/mk_fancy_title][mk_button dimension=\u00a0\u00bbflat\u00a0\u00bb size=\u00a0\u00bbmedium\u00a0\u00bb url=\u00a0\u00bbhttps:\/\/cloud.fullcertificate.com\/register\u00a0\u00bb target=\u00a0\u00bb_blank\u00a0\u00bb button_custom_width=\u00a0\u00bb250&Prime; bg_color=\u00a0\u00bb#0062b0&Prime; btn_hover_bg=\u00a0\u00bb#252525&Prime;]INSCRIPTION GRATUITE[\/mk_button][\/vc_column][\/mk_page_section][mk_page_section padding_top=\u00a0\u00bb50&Prime; padding_bottom=\u00a0\u00bb50&Prime; first_page=\u00a0\u00bbfalse\u00a0\u00bb last_page=\u00a0\u00bbfalse\u00a0\u00bb sidebar=\u00a0\u00bbsidebar-1&Prime;][vc_column width=\u00a0\u00bb3\/4&Prime;][mk_fancy_title color=\u00a0\u00bb#0062af\u00a0\u00bb [&hellip;]<\/p>\n","protected":false},"author":2,"featured_media":0,"parent":0,"menu_order":0,"comment_status":"closed","ping_status":"closed","template":"","meta":{"_bbp_topic_count":0,"_bbp_reply_count":0,"_bbp_total_topic_count":0,"_bbp_total_reply_count":0,"_bbp_voice_count":0,"_bbp_anonymous_reply_count":0,"_bbp_topic_count_hidden":0,"_bbp_reply_count_hidden":0,"_bbp_forum_subforum_count":0},"_links":{"self":[{"href":"https:\/\/www.fullcertificate.com\/fr\/wp-json\/wp\/v2\/pages\/28268"}],"collection":[{"href":"https:\/\/www.fullcertificate.com\/fr\/wp-json\/wp\/v2\/pages"}],"about":[{"href":"https:\/\/www.fullcertificate.com\/fr\/wp-json\/wp\/v2\/types\/page"}],"author":[{"embeddable":true,"href":"https:\/\/www.fullcertificate.com\/fr\/wp-json\/wp\/v2\/users\/2"}],"replies":[{"embeddable":true,"href":"https:\/\/www.fullcertificate.com\/fr\/wp-json\/wp\/v2\/comments?post=28268"}],"version-history":[{"count":6,"href":"https:\/\/www.fullcertificate.com\/fr\/wp-json\/wp\/v2\/pages\/28268\/revisions"}],"predecessor-version":[{"id":31582,"href":"https:\/\/www.fullcertificate.com\/fr\/wp-json\/wp\/v2\/pages\/28268\/revisions\/31582"}],"wp:attachment":[{"href":"https:\/\/www.fullcertificate.com\/fr\/wp-json\/wp\/v2\/media?parent=28268"}],"curies":[{"name":"wp","href":"https:\/\/api.w.org\/{rel}","templated":true}]}}