{"id":10968,"date":"2018-12-03T14:13:32","date_gmt":"2018-12-03T14:13:32","guid":{"rendered":"https:\/\/fullcertificate.com\/?page_id=10968"},"modified":"2019-11-15T13:07:24","modified_gmt":"2019-11-15T13:07:24","slug":"avviso-legale","status":"publish","type":"page","link":"https:\/\/www.fullcertificate.com\/it\/avviso-legale\/","title":{"rendered":"Avviso legale"},"content":{"rendered":"[vc_row][vc_column][vc_column_text][\/vc_column_text][\/vc_column][\/vc_row][vc_row][vc_column][vc_column_text disable_pattern=&#8221;true&#8221; align=&#8221;left&#8221; margin_bottom=&#8221;0&#8243;]\n<h1>AVVISO LEGALE &#8211; TERMINI E CONDIZIONI<\/h1>\n<p><strong>I.- OGGETTO DEL SERVIZIO<\/strong><\/p>\n<p>FULL CERTIFICATE \u00e8 un <span style=\"color: #3366ff;\">PRESTATORE DI SERVIZI9 ELETTRONICI DI FIDUCIA<\/span>. Il suo sito web <a href=\"https:\/\/fullcertificate.com\/\">fullcertificate.com<\/a> \u00e8 un portale online di servizi di certificazione elettronica il cui scopo principale \u00e8 quello di offrire una vasta gamma di servizi certificati come sono le comunicazioni con validit\u00e0 legale tra UTENTI e \/ o aziende attraverso Raccomandata Online Documentale Certificata, e-mail Certificato , SMs Certificato e Fax Certificato.<\/p>\n<p>Cosi come altri servizi di certificazione elettronica quali: Certificato di eGovernment (o eGoverno), Votazione elettronica certificata, Registrazione video certificata, Contratti online certificati, Chiamate certificate, Firma online certificata, Accordi certificati, SEPA, Fatture certificate, Documenti certificati, Idee certificate, Recupero certificati online ecc.<\/p>\n<p><strong>II.- IDENTIFICAZIONE<\/strong><\/p>\n<p>FULL CERTIFICATE \u00e8 un servizio rappresentato da FULL CERTIFICATE SL, di seguito FULL CERTIFICATE, con rappresentanza commerciale in Via Boix y Morer, 6. Piano 9. 28003. Madrid, Spagna.<\/p>\n<p>Con telefono +39 0687165152.<\/p>\n<p><strong>III.- UTENTI REGISTRATI E AZIENDE NEL PORTALE<\/strong><\/p>\n<p>Tutti gli UTENTI del portale sono obbligati a registrare i propri dati personali e, nel caso delle aziende, i dati della IMPRESA, e quelli della persona che li rappresenta. Questi dati devono essere inseriti con totale affidabilit\u00e0. La posta elettronica e il cellulare (o telefono mobile) sono dati fondamentali per la prestazione del servizio e sono essenziali per l&#8217;accesso e il corretto funzionamento della piattaforma.<\/p>\n<p>La registrazione \u00e8 gratuita e in caso di registrazione mediante account personali come Gmail o Facebook si tratta di un accesso rapido e all&#8217;interno del sistema. L&#8217; utente dovra convalidare l&#8217;e-mail intordotto che il sistema le invia nella propria email. Successivamente, nel sucessivo accesso al portale, dovrai completare correttamente tutti i tuoi dati. \u00c8 relevantte e importante registrarsi fornendo dati reali e veritieri in quanto formano parte dei registri e dei certificati rilasciati.<\/p>\n<p>L&#8217;UTENTE \u00e8 l&#8217;unico responsabile dei contenuti e delle comunicazioni. L&#8217;uso del portale deve essere corretto, veritiero, diligente e lecito e, in particolare, si impegna ad astenersi da:<\/p>\n<ul>\n<li>Utilizzare i servizi per scopi contrari alle leggi e ai regolamenti in vigore<\/li>\n<li>Per accedere o provare ad accedere ai dati di altri utenti.<\/li>\n<li>Acquisire o registrare qualsiasi informazione di contatto del portale per inviare, con qualsiasi mezzo, informazioni pubblicitarie o commerciali, cosi come per commercializzare tali dati.<\/li>\n<li>Introdurre virus informatici nel sistema o eseguire azioni che potrebbero danneggiare, annullare o bloccare i servizi forniti.<\/li>\n<li>Copiare senza autorizzazione o violare i diritti di propriet\u00e0 intellettuale o industriale. Per copiare e \/ o pubblicare i contenuti e le immagini del portale.<\/li>\n<li>Per soppiantare l&#8217;identit\u00e0 di altri utenti o aziende o organizzazioni.<\/li>\n<\/ul>\n<p>L&#8217;UTENTE conosce ed \u00e8 responsabile delle possibili ripercussioni che comportano la realizzazione di invii e di comunicazione, incorporando agli stessi Dati personali protetti dal LOPD. In questi casi, l&#8217;UTENTE esonera da qualsiasi responsabilit\u00e0 e le possibili ripercussioni legali che potrebbero influire su FULL CERTIFICATE.<\/p>\n<p>Con l&#8217;invio di Raccomandate Online Docuemntale Certificata, FULL CERTIFICATE ha creato formulari di invio con &#8220;Opzioni di selezione speciale&#8221;, che nel caso di comunicazioni con dati personali dovranno essere sempre attivi: Queste opzioni di attivazione sono le seguenti: &#8220;Busta Speciale di Protezione dei Dati &#8220;e&#8221; Ricervuta del contenuto senza dati personali &#8220;. I tempi di consegna sono indicati all&#8217; interno dei differenti formulari di servizio della Raccomandata Online Documentale Certificata e possono variare in base a ciascuna societ\u00e0 di logistica con cui lavoriamoo. Sempre saranno tempi di consegna indicativi durante i giorni lavorativi dal Lunedi al Venerd\u00ec esclusi i giorni festivi e i fine settimana. Le consegne delle Raccomandate Online Docuemntale Certificata verranno effettuate nell&#8217;orario lavorativo marcato dai corrieri e non si permette fissare ore concrete di consegna, in ogni caso, si pu\u00f2 suggerire ore di consegna preferote come una richiesta speciale non vincolante. Nel caso in cui vi sia un servizio di consegna il sabato sar\u00e0 indicato all&#8217;interno del sistema stesso.<\/p>\n<p>Nel caso dei processi avanzati dei dati con integrazione tramite WEB SERVICES o processi simili con database esterni di clienti o utenti, la SOCIET\u00c0 \u00e8 l&#8217;unica responsabile di tali dati, delle sue comunicazioni, della loro qualit\u00e0 e affidabilit\u00e0.<\/p>\n<p>Il registro nel portale FULL CERTIFICATE suppone l&#8217; autorizzazione piena, amplia e espressa per ricevere chiamate dal servizio cosi come comunicati elettronici d&#8217; informazione e\/o pubblicita del servizio come eMails, SMS e Fax. Allo stesso modo le parti accordano autorizzare a FULL CERTIFICATE e nel caso esistesse un registro di imprese e\/o organizzazioni di poter allo stesso modo fare riferimento0 nell&#8217; area clienti e testimonianze.<\/p>\n<p><strong>IV.- ESCLUSIONE DI RESPONSABILIT\u00c0<\/strong><\/p>\n<p>FULL CERTIFICATE d&#8217; accordo con la legislazione in vigore e come PRESTATORE DI SERVIZI ELETTRONICI DI FIDUCIA ha sviluppato il proprio servizio di certificazione elettronica online e, in nessun caso, sar\u00e0 responsabile delle eventuali ripercussioni legali che potrebbero derivare dalle comunicazioni, dai contratti e dai servizi utilizzati dall&#8217; utente attraverso il portale.<\/p>\n<p>Allo stesso modo, il portale di FULL CERTIFICATE offre servizi online senza disponibilit\u00e0 24 x 7. I servizi e il portale possono essere interrotti in modo parziale e limitato nel tempo per molteplici cause o in modo totale per ragioni maggiori. In tali casi, e se fosse necessario, sar\u00e0 annunciato sulla Pagina d&#8217; accesso al sistema e \/o comunicato per qualsiasi altro mezzo. Nei servizi &#8220;Raccomandata Online Documentale Certificata&#8221;, i tempi di consegna indicati nel portale sono indicativi.<\/p>\n<p>FULL CERTIFICATE no asumir\u00e1 responsabilidad alguna en el caso de que se produjera alg\u00fan fallo en la entrega de la documentaci\u00f3n f\u00edsica cuando tal entrega deba verificarse por medios distintos de los electr\u00f3nicos. En el caso de existir alg\u00fan tipo de incidencia, FULL CERTIFICATE facilitar\u00e1, si fuera necesario, todos los datos de contacto del operador log\u00edstico designado al efecto. Se proceder\u00e1 a certificar en negativo en aquellos Posta Raccomandata cuyos destinatarios y\/0 cualquier persona en el domicilio (Ver opciones de entrega) no est\u00e9n presentes, rechacen recoger la documentaci\u00f3n por cualquier motivo, o bien la remitan a otra direcci\u00f3n. De igual forma se proceder\u00e1 cuando la direcci\u00f3n registrada en el sistema sea err\u00f3nea o cuando el usuario recoja la documentaci\u00f3n pero los datos aportados por el mismo no sean claros, suficientes y\/o veraces. Asimismo y, dependiendo de cada caso, FULL CERTIFICATE se reserva la posibilidad de anular el env\u00edo procediendo a la devoluci\u00f3n del coste del mismo y su posterior abono en saldo en la cuenta del cliente.<\/p>\n<p>FULL CERTIFICATE non si assume alcuna responsabilit\u00e0 in caso di erroe nella consegna della documentazione fisica quando tale consegna deve essere realizzata con mezzi diversi dagli elettronici. In caso di qualsiasi tipo di incidente, FULL CERTIFICATE fornir\u00e0, se necessario, tutti i dati di contatto dell&#8217;operatore logistico designato a tale scopo. Si procedera a certificate in negativo quelle Raccomandate Online Documentali Certificate i cui destinatari e \/o qualche persona nel domicilio (vedi Opzioni di consegna) non siano presenti, rifiutino la ricezione della documentazione per qualsiasi ragione, o inoltri a un altro indirizzo. Analogamente, si procede quando l&#8217;indirizzo registrato nel sistema \u00e8 errato o quando l&#8217;utente riceve la documentazione, ma i dati forniti da parte dellos tesso non sono chiari, sufficienti e \/ o veritieri. Allo stesso modo e, a seconda dei casi, FULL CERTIFICATE si riserv la possibilit\u00e0 di annullare la spedizione, procedendo alla restituzione del costo stesso e del suo successivo pagamento in saldo sul conto del cliente.<\/p>\n<p>Le parti concordano che nel caso in cui si verifichi un errore imputabile a FULL CERTIFICATE si procedere alla restituzione del costo del servizio nel saldo disponibile all&#8217;interno del sistema. Nel caso di RACCOMANDATA ONLINE DOCUMENTALE CERTIFICATE urgente, del tipo &#8220;stesso giorno&#8221; o &#8220;giorno successivo&#8221;, se il corriere \u00e8 in ritardo e iniziasse il servizio il giorno dopo, l&#8217;utente ha diritto al rimborso della differenza di prezzo tra i due tipi di servizi. Inoltre, hai il diritto di richiedere la cancellazione del servizio eseguito e il rimborso dell&#8217;importo dello stesso nel saldo del conto del cliente supponendo, inoltre, nelc aso in cui sia stato stato emesso, l&#8217;annullamento del certificato emesso anche se fosse stato scaricato.<\/p>\n<p>In ogni caso, FULL CERTIFICATE e l&#8217; UTENTE concordano che l&#8217;importo massimo che potrebbe assumere FULL CERTIFICATE in caso di eventuali ripercussioni legali per un reclamo dell&#8217; UTENTE sar\u00e0 limitato al valore economico del servizio fornito.<\/p>\n<p><strong>V.- PROTEZIONE DEI DATI PERSONALI E GARANZIA DI RISERVATEZZA<\/strong><\/p>\n<p>In ottemperanza alle disposizioni della legge organica 15\/1999 del 13 dicembre, alla protezione dei dati personali e al regolamento generale sulla protezione dei dati (RGPD) &#8211; Regolamento (UE) 2016\/679 del Parlamento europeo e del Consiglio &#8211; che sostituir\u00e0 la normativa vigente in vigore e che inizier\u00e0 ad essere applicata il 25 maggio 2018. L&#8217;UTENTE pu\u00f2 in qualsiasi momento esercitare i diritti di accesso, rettifica, cancellazione e opposizione, comunicandolo a FULL CERTIFICATE con uno qualsiasi dei mezzi messi a sua disposizione. disposizione e concessione alle FULL CERTIFICATE il tempo massimo indicato nella normativa vigente per procedere con detta rettifica, cancellazione o risoluzione. FULL CERTIFICATE garantisce la riservatezza dei dati personali dell&#8217;UTENTE.<\/p>\n<p><strong>VI.- ACCETTAZIONE DELLE INFORMAZIONI, SERVIZI E CONDIZIONI DEL PORTALE DI FULL CERTIFICATE.<\/strong><\/p>\n<p>L&#8217;UTENTE comprende che le informazioni e le presenti Note legali contenute nel portale delle FULL CERTIFICATE in relazione ai suoi servizi e alle condizioni generali di contratto sono accettate senza limitazioni nella loro interezza. L&#8217;UTENTE concede il proprio pieno consenso e accettazione alle FULL CERTIFICATE nel momento in cui l&#8217;UTENTE completa la propria registrazione.<\/p>\n<p>FULL CERTIFICATE si riserva il diritto di &#8220;annullare o cancellare l&#8217;accesso&#8221;, di &#8220;consentire o negare il servizio&#8221; e di &#8220;limitare o espandere&#8221; la funzionalit\u00e0 del portale. Il saldo dei tuoi acquisti meno il tuo consumo sar\u00e0 sempre disponibile nell&#8217;account dell&#8217; utente. Questo saldo pu\u00f2 essere restituito solo in caso di annullamento dell&#8217;accesso o negazione del servizio.<\/p>\n<p>Qualsiasi utente pu\u00f2 richiedere la cancellazione del servizio FULL CERTIFICATE, il che significa che i suoi dati personali e \/ o aziendali, i certificati emessi, le fatture e qualsiasi altro dato o documento di sistema saranno bloccati e saranno cancellati. L&#8217;utente non sar\u00e0 in grado di reinserire il portale. I certificati emessi saranno protetti dall&#8217;imperativo legale da FULL CERTIFICATE durante il periodo corrente in ogni momento. Nel caso in cui vi sia un saldo disponibile al momento del prelievo, tale saldo sar\u00e0 annullato, il cliente perde il diritto a un uso successivo e non pu\u00f2 essere richiesto in futuro dal momento della richiesta di prelievo. Per comunicare il ritiro alle FULL CERTIFICATE deve essere fatto dall&#8217;UTENTE per iscritto, in modo certificato e certificato, indirizzato a FULL CERTIFICATE.<\/p>\n<p>Qualsiasi utente pu\u00f2 richiedere la cancellazione del servizio di FULL CERTIFICATE, il che significa che i suoi dati personali e \/o aziendali, i certificati emessi, le fatture e qualsiasi altro dato o documento del sistema saranno bloccati e saranno cancellati. L&#8217;utente non potra riaccedere al portale. I certificati emessi saranno salvati per imperativo legale per FULL CERTIFICATE durante il periodo vigente in ogni momento. Nel caso in cui vi sia un saldo disponibile al momento della cancellazione, tale saldo sar\u00e0 annullato, perdendo il cliente il diritto a un suo uso posteriore e non potra essere richiesto in futuro dal momento della richiesta di cancellazione. Per comunicare la cancellazione da FULL CERTIFICATE dovra essere realizzata per parte dall&#8217;UTENTE per iscritto, in modo e certificato, indirizzato a FULL CERTIFICATE.<\/p>\n<p><strong>VIII. RESPONSABILIT\u00c0 IN RELAZIONE Ai FILE DEI DATI PERSONALI, INFORMAZIONI DELLE CONDIZIONI E MODALIT\u00c0 D&#8217; ESERCIZIO DEL DIRITTO DI ACCESSO.<\/strong><\/p>\n<p>In conformit\u00e0 con le disposizioni della legge organica 15\/99 del 13 dicembre, dei Protezione dei dati personali (LOPD), l&#8217;UTENTE potra richiedere e ottenere informazioni sui propri dati personali inclusi nei file di cui FULL CERTIFICATE sia responsabile su richiesta scritta e successiva verifica fisica presso la sede centrale della societ\u00e0.<\/p>\n<p>FULL CERTIFICATE sara responsabile del file che contiene i dati personali dei suoi UTENTI e della loro riservatezza in conformit\u00e0 con la LOPD e la LSSI.<\/p>\n<p><strong>IX.- ACQUISTO DI SALDO E TARIFFE<\/strong><\/p>\n<p>L&#8217;acquisto di un Pack di saldo, nella moneta locale del paese, sar\u00e0 quello che ogni UTENTE desidera o necessita in ogni momento. L&#8217;UTENTE acquista il saldo per scambiarli con i servizi generali di FULL CERTIFICATE. Il sistema emetter\u00e0 la fattura per ogni acquisto, in tempo reale, IVA inclusa. L&#8217;UTENTE non paga quote mensili e il suo denaro sar\u00e0 disponibile per il consumo presente e futuro durante tutta la vita del suo account. Ci sono servizi avanzati attraverso il pagamento di Alte (o iscrizioni) e Quote periodiche che saranno trattate in modo personalizzato per ogni cliente e servizio. Le informazioni relative al suo saldo, acquisti e consumi si riflettono nel &#8220;Il mio account \/ Il mio saldo&#8221;.<\/p>\n<p>Il saldo disponibile \u00e8 senza IVA e pu\u00f2 essere scambiato per i servizi di FULL CERTIFICATE in qualsiasi momento. L&#8217;acquisto del saldo non \u00e8 rimborsabile. La disponibilit\u00e0 di saldo \u00e8 immediata negli acquisti tramite mezzi elettronici come il POS virtuale. L&#8217;acquisto del saldo tramite bonifico bancario sar\u00e0 disponibile tra 2 e 4 giorni lavorativi dal giorno successivo all&#8217;emissione da parte dell&#8217;UTENTE del correspondente bonifico bancario. FULL CERTIFICATE inviera le specificazioni complete per la realizzazione del bonifico bancario via e-mail all&#8217;indirizzo e-mail registrato dal CLIENTE.<\/p>\n<p>FULL CERTIFICATE applichera le tariffe cvigenti in ogni momento a tutti i suoi prodotti conforme allo specificato nelle offerte concrete o nel tipo di servizio scelto dall&#8217;UTENTE. I prezzi indicati sul sito sono prezzi orientativi. I servizi possono avere diverse opzioni di configurazione e prezzo. I servizi possono dipendere da diversi fattori come il numero di pagine, il numero di documenti e il loro peso, i tempi di consegna, il tipo di servizio, l&#8217;area geografica, i livelli di ciascun servizio, ecc. Il cliente conoscer\u00e0 il costo finale di ciascun servizio selezionato prima di effettuare la spedizione che verr\u00e0 mostrata dal sistema una volta selezionate le diverse opzioni che sono state scelte e caricata la documentazione che si desidera. Una volta che una spedizione o un servizio \u00e8 stato eseguito, FULL CERTIFICATE emetter\u00e0 automaticamente una nota di spesa.<\/p>\n<p>FULL CERTIFICATE si riserva unilateralmente la modificacione, in qualsiasi momento e per qualsiasi Paese, delle sue Tariffe che saranno pubblicate sul portale e dettagliate nella sua parte interna. Le fatture dell&#8217;acquisto di ogni Pack di Saldo sono emesse in tempo reale e ciascun UTENTE pu\u00f2 scaricarle all&#8217;interno della propria area personale &#8220;Il mio account \/ Fatture&#8221;. L&#8217;UTENTE pu\u00f2 scaricare una nota di consumo per ciascun servizio nello stesso pannello di download dei certificati emessi. Il sistema di pagamento standardizzato \u00e8 con carta di credito.<\/p>\n<p><strong>X.- FORNITORE DI SERVIZI ELETTRONICI DI FIDUCIA (TERZO DI FIDUCIA)<\/strong><\/p>\n<p>FULL CERTIFICATE attraverso DIGITAL CHANNELS SL agisce come TRUST ELECTRONIC SERVICE FOREST in conformit\u00e0 con la Legge dei Servizi della Societ\u00e0 dell&#8217;Informazione e del Commercio Elettronico e in genere nei suoi articoli e pi\u00f9 specificamente attraverso l&#8217;Articolo 25 del Legge 34\/2002 dell&#8217;11 luglio e regolamento dell&#8217;Unione europea n. 910\/2014 del Parlamento europeo e del Consiglio, del 23 luglio 2014.<\/p>\n<p>Ti consigliamo di consultare la Legge dei Servizi della Societ\u00e0 dell&#8217;Informazione e del Commercio Elettronico nella sua interezza e le sue successive modifiche per la promozione della Societ\u00e0 dell&#8217;informazione e delle Comunicazioni elettroniche come \u00e8 la Legge 56\/2007. Cos\u00ec come la legge sulla firma elettronica del 19 dicembre 2003.<\/p>\n<p><strong>XI.- RISERVATEZZA<\/strong><\/p>\n<p>FULL CERTIFICATE garantiscono la riservatezza dei dati personali degli UTENTI consegnati nei moduli di sottoscrizione. Tali dati verranno utilizzati esclusivamente per la gestione, l&#8217;amministrazione, la fornitura, l&#8217;espansione e il miglioramento dei servizi forniti agli UTENTI, tra cui l&#8217;invio di aggiornamenti dei servizi, l&#8217;invio di informazioni e pubblicit\u00e0 relative ai servizi di certificazione elettronica o di qualsiasi altro comunicazione commerciale.<\/p>\n<p><strong>XII.- GENERALIT\u00c0<\/strong><\/p>\n<p>In caso di discrepanza tra quanto stabilito nelle opzioni di ciascun servizio e le informazioni pubbliche del portale, prevarra lo disposto nelle condizioni di ciascun servizio nell&#8217;area interna del portale. Le promozioni avranno la validit\u00e0 programmata nel sistema, cio\u00e8, se un coupon promozionale non \u00e8 attivo nel sistema, si intende che non si applica e non ha valore.<\/p>\n<p><strong>XIII.- GIURISDIZIONE<\/strong><\/p>\n<p>Le possibili relazioni tra FULL CERTIFICATE, UTENTI e SOCIET\u00c0 saranno regolate dalle normative vigenti, dalla legislazione applicabile e dalla giurisdizione competente.<\/p>\n<p>Nei casi in cui la normativa vigente preveda la possibilit\u00e0 per le parti di sottoporsi a una giurisdizione specifica, entrambe le parti rinunciano espressamente a qualsiasi giurisdizione che possa corrispondergli e si assoggettano a livello giudiziario per risolvere i loro conflitti, in primo luogo, all&#8217;arbitrato nella citt\u00e0. di Madrid e successivamente alle Corti e ai Tribunali della citt\u00e0 di Madrid.<\/p>\n<p><em>\u00a9 Copyright FULL CERTIFICATE. Tutti i diritti riservati<\/em>[\/vc_column_text][\/vc_column][\/vc_row][vc_row][vc_column][vc_column_text][\/vc_column_text][\/vc_column][\/vc_row]\n","protected":false},"excerpt":{"rendered":"<p>[vc_row][vc_column][vc_column_text][\/vc_column_text][\/vc_column][\/vc_row][vc_row][vc_column][vc_column_text disable_pattern=&#8221;true&#8221; align=&#8221;left&#8221; margin_bottom=&#8221;0&#8243;] AVVISO LEGALE &#8211; TERMINI E CONDIZIONI I.- OGGETTO DEL SERVIZIO FULL CERTIFICATE \u00e8 un PRESTATORE DI SERVIZI9 ELETTRONICI DI FIDUCIA. Il suo sito web fullcertificate.com \u00e8 un portale online di servizi di certificazione elettronica il cui scopo principale \u00e8 quello di offrire una vasta gamma di servizi certificati come sono le [&hellip;]<\/p>\n","protected":false},"author":2,"featured_media":0,"parent":0,"menu_order":0,"comment_status":"closed","ping_status":"open","template":"","meta":{"_bbp_topic_count":0,"_bbp_reply_count":0,"_bbp_total_topic_count":0,"_bbp_total_reply_count":0,"_bbp_voice_count":0,"_bbp_anonymous_reply_count":0,"_bbp_topic_count_hidden":0,"_bbp_reply_count_hidden":0,"_bbp_forum_subforum_count":0},"_links":{"self":[{"href":"https:\/\/www.fullcertificate.com\/it\/wp-json\/wp\/v2\/pages\/10968"}],"collection":[{"href":"https:\/\/www.fullcertificate.com\/it\/wp-json\/wp\/v2\/pages"}],"about":[{"href":"https:\/\/www.fullcertificate.com\/it\/wp-json\/wp\/v2\/types\/page"}],"author":[{"embeddable":true,"href":"https:\/\/www.fullcertificate.com\/it\/wp-json\/wp\/v2\/users\/2"}],"replies":[{"embeddable":true,"href":"https:\/\/www.fullcertificate.com\/it\/wp-json\/wp\/v2\/comments?post=10968"}],"version-history":[{"count":15,"href":"https:\/\/www.fullcertificate.com\/it\/wp-json\/wp\/v2\/pages\/10968\/revisions"}],"predecessor-version":[{"id":24360,"href":"https:\/\/www.fullcertificate.com\/it\/wp-json\/wp\/v2\/pages\/10968\/revisions\/24360"}],"wp:attachment":[{"href":"https:\/\/www.fullcertificate.com\/it\/wp-json\/wp\/v2\/media?parent=10968"}],"curies":[{"name":"wp","href":"https:\/\/api.w.org\/{rel}","templated":true}]}}