{"id":11107,"date":"2018-12-03T15:00:29","date_gmt":"2018-12-03T15:00:29","guid":{"rendered":"https:\/\/fullcertificate.com\/?page_id=11107"},"modified":"2026-04-28T13:01:39","modified_gmt":"2026-04-28T13:01:39","slug":"foto-immagini-audio-video-certificati","status":"publish","type":"page","link":"https:\/\/www.fullcertificate.com\/it\/foto-immagini-audio-video-certificati\/","title":{"rendered":"Foto immagini audio e video Certificati"},"content":{"rendered":"[mk_page_section bg_image=&#8221;https:\/\/fullcertificate.com\/wp-content\/uploads\/2017\/03\/fotos-imagenes-videos-certificados-ideas-copyright-1.jpg&#8221; bg_position=&#8221;center top&#8221; bg_repeat=&#8221;no-repeat&#8221; bg_stretch=&#8221;true&#8221; min_height=&#8221;350&#8243; padding_top=&#8221;20&#8243; padding_bottom=&#8221;0&#8243; first_page=&#8221;true&#8221; last_page=&#8221;true&#8221; sidebar=&#8221;sidebar-1&#8243;][vc_column][mk_fancy_title tag_name=&#8221;h1&#8243; color=&#8221;#000000&#8243; size=&#8221;40&#8243; font_weight=&#8221;normal&#8221; font_style=&#8221;normal&#8221; txt_transform=&#8221;none&#8221; margin_top=&#8221;60&#8243; margin_bottom=&#8221;0&#8243; font_family=&#8221;none&#8221;]Foto e video Certificati[\/mk_fancy_title][mk_fancy_title color=&#8221;#000000&#8243; size=&#8221;25&#8243; font_weight=&#8221;300&#8243; font_style=&#8221;normal&#8221; txt_transform=&#8221;none&#8221; margin_bottom=&#8221;0&#8243; font_family=&#8221;none&#8221;]Le sue foto e video come prova della vita reale[\/mk_fancy_title][mk_button dimension=&#8221;flat&#8221; size=&#8221;medium&#8221; url=&#8221;https:\/\/cloud.fullcertificate.com\/register&#8221; target=&#8221;_blank&#8221; button_custom_width=&#8221;250&#8243; margin_bottom=&#8221;20&#8243; bg_color=&#8221;#0062b0&#8243; btn_hover_bg=&#8221;#252525&#8243;]CONTRATTARE ORA[\/mk_button][\/vc_column][\/mk_page_section][mk_page_section padding_top=&#8221;50&#8243; padding_bottom=&#8221;30&#8243; first_page=&#8221;false&#8221; last_page=&#8221;false&#8221; sidebar=&#8221;sidebar-1&#8243;][vc_column width=&#8221;3\/4&#8243;][mk_fancy_title color=&#8221;#0062af&#8221; size=&#8221;30&#8243; font_weight=&#8221;normal&#8221; font_style=&#8221;normal&#8221; txt_transform=&#8221;none&#8221; margin_bottom=&#8221;0&#8243; font_family=&#8221;none&#8221;]Certifichi Foto e Video come prove schiaccianti in qualsiasi giudizio[\/mk_fancy_title][mk_divider style=&#8221;thin_solid&#8221; thickness=&#8221;4&#8243; margin_top=&#8221;0&#8243;][mk_fancy_title color=&#8221;#000000&#8243; size=&#8221;17&#8243; font_weight=&#8221;bold&#8221; font_style=&#8221;normal&#8221; txt_transform=&#8221;uppercase&#8221; margin_bottom=&#8221;0&#8243; font_family=&#8221;none&#8221;]INCIDENTI STRADALI, CONSEGNA E DEVOLUZIONE DEI CANONI D&#8217; AFFITTO, FILMATI DEI DELITTI, PROVE DI MOLESTIE O BULLISMO, ETC..[\/mk_fancy_title][mk_fancy_title color=&#8221;#f2006e&#8221; size=&#8221;20&#8243; font_weight=&#8221;normal&#8221; font_style=&#8221;normal&#8221; txt_transform=&#8221;none&#8221; margin_bottom=&#8221;30&#8243; font_family=&#8221;none&#8221;]Ora, i suoi file multimediali saranno elemento inconfutabile di prova[\/mk_fancy_title][vc_row_inner padding=&#8221;0&#8243;][vc_column_inner width=&#8221;1\/3&#8243;][mk_icon_box text_size=&#8221;0&#8243; box_blur=&#8221;false&#8221;]<img loading=\"lazy\" class=\"alignnone wp-image-8789 aligncenter\" src=\"https:\/\/fullcertificate.com\/wp-content\/uploads\/2018\/11\/icono-foto-certificada-2-1.png\" alt=\"\" width=\"216\" height=\"216\" \/><\/p>\n<p style=\"text-align: center;\"><span style=\"color: #0062af;\"><strong>FOTO CERTIFICATI<\/strong><\/span><\/p>\n[\/mk_icon_box][mk_icon_box text_size=&#8221;0&#8243; box_blur=&#8221;false&#8221;]<img loading=\"lazy\" class=\"alignnone wp-image-8789 aligncenter\" src=\"https:\/\/fullcertificate.com\/wp-content\/uploads\/2018\/11\/icono-video-certificado-2-1.png\" alt=\"\" width=\"216\" height=\"216\" \/><\/p>\n<p style=\"text-align: center;\"><span style=\"color: #0062af;\"><strong>VIDEO CERTIFICATI<\/strong><\/span><\/p>\n[\/mk_icon_box][mk_icon_box text_size=&#8221;0&#8243; box_blur=&#8221;false&#8221;]<img loading=\"lazy\" class=\"alignnone wp-image-8789 aligncenter\" src=\"https:\/\/fullcertificate.com\/wp-content\/uploads\/2018\/11\/icono-audio-avisos-certificados-1.png\" alt=\"\" width=\"216\" height=\"216\" \/><\/p>\n<p style=\"text-align: center;\"><span style=\"color: #0062af;\"><strong>AUDIO CERTIFICATI<\/strong><\/span><\/p>\n[\/mk_icon_box][mk_image src=&#8221;https:\/\/fullcertificate.com\/wp-content\/uploads\/2018\/12\/notary-europe-full-certificate.png&#8221; image_width=&#8221;100&#8243; image_height=&#8221;300&#8243; align=&#8221;center&#8221; margin_bottom=&#8221;60&#8243; crop=&#8221;false&#8221;][\/vc_column_inner][vc_column_inner width=&#8221;2\/3&#8243;][mk_fancy_title tag_name=&#8221;h4&#8243; color=&#8221;#000000&#8243; font_weight=&#8221;normal&#8221; font_style=&#8221;normal&#8221; txt_transform=&#8221;none&#8221; font_family=&#8221;none&#8221;]<span style=\"color: #0062af;\"><a style=\"color: #0062af;\" href=\"https:\/\/fullcertificate.com\/it\/\">Full Certificate<\/a><\/span> sa che l&#8217; importante \u00e8 salvare e certificare il <span style=\"color: #0062af;\">materiale fotografico<\/span> in qualsiasi situazione che si pu\u00f2 presentare nella vita diaria. Adesso con<span style=\"color: #0062af;\"> Foto e Video Certificati<\/span> pu\u00f2 acquistare una<span style=\"color: #0062af;\"> protezione legale ai suoi documenti multimediali<\/span>. Il suo materiale fotografico e video <span style=\"color: #0062af;\">sar\u00e0 registrato, intitolato e commentato<\/span> mediante un certificato elettronico<strong> in Pdf di Full Certificate<\/strong>, Terzo di Fiducia Europeo.[\/mk_fancy_title][mk_fancy_title tag_name=&#8221;h4&#8243; color=&#8221;#000000&#8243; font_weight=&#8221;normal&#8221; font_style=&#8221;normal&#8221; txt_transform=&#8221;none&#8221; font_family=&#8221;none&#8221;]Per farie ci\u00f2, solamente dovr\u00e0 <span style=\"color: #0062af;\">inviare alla nostra pagina di Full Certificate i documenti visuali che desidera certificare<\/span> e in maniera immediata <strong>Foto, Immagini, Audio e video Certificati<\/strong> risponder\u00e0 con il <span style=\"color: #0062af;\">certificato del suo contenuto<\/span>, con i dati e i dettagli dell&#8217; invio. Inoltre, sar\u00e0 disponibile il download di tale certificato dall&#8217; <strong>area d&#8217; accesso ai clienti<\/strong>. Vogliamo aiutarla nella registrazione dei suoi progetti con certificati totalmente affidabili e legali.<\/p>\n<p>&nbsp;<\/p>\n<p><strong>Documenti foto e video permessi:\u00a0<\/strong><br \/>\n<span style=\"color: #0062af;\">Gif, Png, Jpg, Jpeg, Mp4, Flv, Mov, 3gp<\/span><\/p>\n<p>&nbsp;<\/p>\n<p><strong>Documenti audio permessi: \u00a0<\/strong><br \/>\n<span style=\"color: #0062af;\">Wav, Mp3, Flac, Gsm<\/span>[\/mk_fancy_title][mk_fancy_title tag_name=&#8221;h4&#8243; color=&#8221;#000000&#8243; font_weight=&#8221;normal&#8221; font_style=&#8221;normal&#8221; txt_transform=&#8221;none&#8221; margin_bottom=&#8221;30&#8243; font_family=&#8221;none&#8221;]La figura di <strong>Full Certificate<\/strong> come <strong>Terzo di Fiducia<\/strong>, le garantisce che i suoi invii posseggano piena validit\u00e0 legale. Rapido, economico, ecologico e comodo, dal suo computer, risparmiando tempo e lavoro. Inoltre, le offriamo con tutti i nostri prodotti il servizio di <span style=\"color: #0062af;\">Testimonianza notarile<\/span>, su richiesta.[\/mk_fancy_title][\/vc_column_inner][\/vc_row_inner][mk_fancy_title tag_name=&#8221;h1&#8243; color=&#8221;#0062af&#8221; size=&#8221;20&#8243; font_weight=&#8221;bold&#8221; font_style=&#8221;normal&#8221; txt_transform=&#8221;uppercase&#8221; margin_top=&#8221;20&#8243; margin_bottom=&#8221;0&#8243; font_family=&#8221;none&#8221;]Foto, immagini, audio e video certificati[\/mk_fancy_title][mk_fancy_title color=&#8221;#f2006e&#8221; size=&#8221;20&#8243; font_weight=&#8221;normal&#8221; font_style=&#8221;normal&#8221; txt_transform=&#8221;none&#8221; margin_bottom=&#8221;0&#8243; font_family=&#8221;none&#8221;]\n<p class=\"mk-shortcode mk-fancy-title fancy-title-align-left mk-animate-element top-to-bottom simple-style mk-in-viewport\">Certifichi i suoi file multimediali con piena validit\u00e0 legale.<\/p>\n[\/mk_fancy_title][vc_row_inner padding=&#8221;0&#8243;][vc_column_inner width=&#8221;1\/6&#8243;][mk_image src=&#8221;https:\/\/fullcertificate.com\/wp-content\/uploads\/2016\/05\/sms_certificados_rc_04-1.png&#8221; image_width=&#8221;82&#8243; image_height=&#8221;92&#8243; align=&#8221;center&#8221; margin_bottom=&#8221;0&#8243; crop=&#8221;false&#8221;][mk_image src=&#8221;https:\/\/fullcertificate.com\/wp-content\/uploads\/2016\/05\/Captura-de-pantalla-2016-05-27-a-las-09.20.23-1.png&#8221; image_width=&#8221;53&#8243; image_height=&#8221;48&#8243; align=&#8221;center&#8221; margin_bottom=&#8221;0&#8243; crop=&#8221;false&#8221;][mk_fancy_title color=&#8221;#404040&#8243; size=&#8221;11&#8243; font_weight=&#8221;bold&#8221; font_style=&#8221;inhert&#8221; txt_transform=&#8221;none&#8221; margin_bottom=&#8221;0&#8243; font_family=&#8221;none&#8221; align=&#8221;center&#8221;]\n<p style=\"text-align: center;\">Si carica da 1 a n documenti multimedia<\/p>\n[\/mk_fancy_title][\/vc_column_inner][vc_column_inner width=&#8221;1\/6&#8243;][mk_image src=&#8221;https:\/\/fullcertificate.com\/wp-content\/uploads\/2016\/05\/sms_certificados_cc_05-1.png&#8221; image_width=&#8221;82&#8243; image_height=&#8221;92&#8243; align=&#8221;center&#8221; margin_bottom=&#8221;0&#8243; crop=&#8221;false&#8221;][mk_image src=&#8221;https:\/\/fullcertificate.com\/wp-content\/uploads\/2016\/05\/Captura-de-pantalla-2016-05-27-a-las-09.20.23-1.png&#8221; image_width=&#8221;53&#8243; image_height=&#8221;48&#8243; align=&#8221;center&#8221; margin_bottom=&#8221;0&#8243; crop=&#8221;false&#8221;][mk_fancy_title color=&#8221;#404040&#8243; size=&#8221;11&#8243; font_weight=&#8221;bold&#8221; font_style=&#8221;inhert&#8221; txt_transform=&#8221;none&#8221; margin_bottom=&#8221;0&#8243; font_family=&#8221;none&#8221; align=&#8221;center&#8221;]\n<p style=\"text-align: center;\">Si genera il documento\u00a0certificato elettronico<\/p>\n[\/mk_fancy_title][\/vc_column_inner][vc_column_inner width=&#8221;1\/6&#8243;][mk_image src=&#8221;https:\/\/fullcertificate.com\/wp-content\/uploads\/2016\/05\/sms_certificados_03-1.png&#8221; image_width=&#8221;82&#8243; image_height=&#8221;92&#8243; align=&#8221;center&#8221; margin_bottom=&#8221;0&#8243; crop=&#8221;false&#8221;][mk_image src=&#8221;https:\/\/fullcertificate.com\/wp-content\/uploads\/2016\/05\/Captura-de-pantalla-2016-05-27-a-las-09.20.23-1.png&#8221; image_width=&#8221;53&#8243; image_height=&#8221;48&#8243; align=&#8221;center&#8221; margin_bottom=&#8221;0&#8243; crop=&#8221;false&#8221;][mk_fancy_title color=&#8221;#404040&#8243; size=&#8221;11&#8243; font_weight=&#8221;bold&#8221; font_style=&#8221;inhert&#8221; txt_transform=&#8221;none&#8221; margin_bottom=&#8221;0&#8243; font_family=&#8221;none&#8221; align=&#8221;center&#8221;]\n<p style=\"text-align: center;\">eMail Comunicando il Certificato all&#8217; utente<\/p>\n[\/mk_fancy_title][\/vc_column_inner][vc_column_inner width=&#8221;1\/6&#8243;][\/vc_column_inner][vc_column_inner width=&#8221;1\/6&#8243;][\/vc_column_inner][vc_column_inner width=&#8221;1\/6&#8243;][\/vc_column_inner][\/vc_row_inner][mk_fancy_title tag_name=&#8221;h4&#8243; color=&#8221;#000000&#8243; font_weight=&#8221;normal&#8221; font_style=&#8221;normal&#8221; txt_transform=&#8221;none&#8221; margin_top=&#8221;20&#8243; font_family=&#8221;none&#8221;]Carichi nelle nostra piattaforma il documento multimediale. Inmediatamente generiamo un certificato elettronico che le sar\u00e0 inviato mediante messaggio di posta elettronica. Inoltre, potr\u00e0 scaricare il certificato legale dalla stessa piattaforma, sar\u00e0 salvato durante 5 anni.[\/mk_fancy_title][\/vc_column][vc_column border_color=&#8221;#ffffff&#8221; width=&#8221;1\/4&#8243;][vc_row_inner padding=&#8221;0&#8243;][vc_column_inner][mk_image src=&#8221;https:\/\/fullcertificate.com\/wp-content\/uploads\/2018\/12\/european-trusted-third-party-full-certificate.png&#8221; image_width=&#8221;180&#8243; align=&#8221;center&#8221; margin_bottom=&#8221;35&#8243; crop=&#8221;false&#8221;][\/vc_column_inner][\/vc_row_inner][vc_row_inner padding=&#8221;0&#8243;][vc_column_inner css=&#8221;.vc_custom_1574068592869{border-top-width: 1px !important;border-right-width: 1px !important;border-bottom-width: 1px !important;border-left-width: 1px !important;border-left-color: #f2006e !important;border-left-style: solid !important;border-right-color: #f2006e !important;border-right-style: solid !important;border-top-color: #f2006e !important;border-top-style: solid !important;border-bottom-color: #f2006e !important;border-bottom-style: solid !important;}&#8221;][mk_fancy_title color=&#8221;#000000&#8243; size=&#8221;20&#8243; font_weight=&#8221;bold&#8221; font_style=&#8221;normal&#8221; txt_transform=&#8221;uppercase&#8221; margin_top=&#8221;20&#8243; margin_bottom=&#8221;0&#8243; font_family=&#8221;none&#8221; align=&#8221;center&#8221;]\n<p style=\"text-align: center;\">REGISTRI GRATIS<\/p>\n[\/mk_fancy_title][mk_fancy_title color=&#8221;#000000&#8243; size=&#8221;16&#8243; font_weight=&#8221;normal&#8221; font_style=&#8221;normal&#8221; txt_transform=&#8221;none&#8221; margin_bottom=&#8221;0&#8243; font_family=&#8221;none&#8221; align=&#8221;center&#8221;]\n<p style=\"text-align: center;\">Provi i nostri servizi certificati con totale validit\u00e0 legale.<\/p>\n<p>&nbsp;<\/p>\n<p style=\"text-align: center;\"><strong><span style=\"color: #0062b0;\">Senza cuote, senza contratti.<\/span><br \/>\n<\/strong>Il suo saldo non scade mai.[\/mk_fancy_title][mk_button dimension=&#8221;flat&#8221; corner_style=&#8221;rounded&#8221; size=&#8221;medium&#8221; url=&#8221;https:\/\/cloud.fullcertificate.com\/register&#8221; target=&#8221;_blank&#8221; align=&#8221;center&#8221; button_custom_width=&#8221;160&#8243; bg_color=&#8221;#f2006e&#8221; btn_hover_bg=&#8221;#252525&#8243; btn_hover_txt_color=&#8221;#ffffff&#8221;]CLICCHI QUI[\/mk_button][\/vc_column_inner][\/vc_row_inner][vc_empty_space height=&#8221;35px&#8221;][vc_empty_space height=&#8221;0px&#8221;][vc_row_inner padding=&#8221;0&#8243;][vc_column_inner][mk_icon_box2 icon_type=&#8221;image&#8221; title_size=&#8221;0&#8243; title_top_padding=&#8221;0&#8243; title_bottom_padding=&#8221;0&#8243;]<a href=\"https:\/\/fullcertificate.com\/it\/smart-money-soldi-intelligente\/\"><img loading=\"lazy\" class=\"wp-image-6433 size-medium aligncenter\" src=\"https:\/\/fullcertificate.com\/wp-content\/uploads\/2018\/10\/logo-smartmoney-1.png\" alt=\"\" width=\"180\" height=\"31\" \/><\/a><a href=\"https:\/\/fullcertificate.com\/it\/smart-money-soldi-intelligente\/\"><img loading=\"lazy\" class=\"wp-image-6439 size-medium aligncenter\" src=\"https:\/\/fullcertificate.com\/wp-content\/uploads\/2018\/10\/grafico-smart-money-3-1.png\" alt=\"\" width=\"170\" height=\"300\" \/><\/a><\/p>\n<p style=\"text-align: center;\"><strong><span style=\"color: #0062b0;\"><a style=\"color: #0062b0;\" href=\"https:\/\/fullcertificate.com\/it\/smart-money-soldi-intelligente\/\">SMART MONEY<\/a><br \/>\n<\/span><\/strong>Smart Contracts<br \/>\nSmart Payments<br \/>\n<span style=\"color: #000000; text-decoration: none;\">Smart Recovery<br \/>\nDashboard<br \/>\n<\/span>[\/mk_icon_box2][vc_empty_space height=&#8221;0px&#8221;][mk_icon_box2 icon_type=&#8221;image&#8221; title_size=&#8221;0&#8243; title_top_padding=&#8221;0&#8243; title_bottom_padding=&#8221;0&#8243;]<a href=\"https:\/\/fullcertificate.com\/it\/smartone2one\/\"><img loading=\"lazy\" class=\"wp-image-6433 size-medium aligncenter\" src=\"https:\/\/fullcertificate.com\/wp-content\/uploads\/2018\/10\/logo-smart-one2one-2-1.png\" alt=\"\" width=\"226\" height=\"31\" \/><\/a><a href=\"https:\/\/fullcertificate.com\/it\/smartone2one\/\"><img loading=\"lazy\" class=\"wp-image-6439 size-medium aligncenter\" src=\"https:\/\/fullcertificate.com\/wp-content\/uploads\/2018\/10\/grafico-smart-one2one-1.png\" alt=\"\" width=\"170\" height=\"300\" \/><\/a><\/p>\n<p style=\"text-align: center;\"><strong><span style=\"color: #0062b0;\"><a style=\"color: #0062b0;\" href=\"https:\/\/fullcertificate.com\/it\/smartone2one\/\">SMART ONE2ONE<\/a><br \/>\n<\/span><\/strong>Notificazioni Personalizzate<br \/>\nAlto volume d&#8217; esecuzione<br \/>\n<span style=\"text-decoration: none;\">Certificazione Multicanale<br \/>\nAlta disponibilit\u00e0<\/span>[\/mk_icon_box2][\/vc_column_inner][\/vc_row_inner][vc_empty_space height=&#8221;20px&#8221;][vc_row_inner padding=&#8221;0&#8243; el_class=&#8221;hideDatosContactoIT&#8221;][vc_column_inner css=&#8221;.vc_custom_1540979094932{border-top-width: 1px !important;border-right-width: 1px !important;border-bottom-width: 1px !important;border-left-width: 1px !important;padding-top: 20px !important;padding-bottom: 20px !important;background-color: #ffffff !important;border-left-color: #1e73be !important;border-left-style: solid !important;border-right-color: #1e73be !important;border-right-style: solid !important;border-top-color: #1e73be !important;border-top-style: solid !important;border-bottom-color: #1e73be !important;border-bottom-style: solid !important;}&#8221;][mk_fancy_title color=&#8221;#000000&#8243; size=&#8221;20&#8243; font_weight=&#8221;bold&#8221; font_style=&#8221;normal&#8221; txt_transform=&#8221;uppercase&#8221; margin_bottom=&#8221;0&#8243; font_family=&#8221;none&#8221; align=&#8221;center&#8221;]\n<p style=\"text-align: center;\">\u00a0Dati di contatto<\/p>\n[\/mk_fancy_title][mk_fancy_title color=&#8221;#1e73be&#8221; font_style=&#8221;normal&#8221; txt_transform=&#8221;none&#8221; margin_bottom=&#8221;0&#8243; font_family=&#8221;none&#8221; align=&#8221;center&#8221;]\n<p style=\"text-align: center;\"><strong>Telefono:<\/strong> EU &#8211; ES: 0034 910 052 659<br \/>\nEU &#8211; IT: 0039 0687165152<br \/>\nLATAM: 0052 55 4162 9666<\/p>\n<p style=\"text-align: center;\"><strong>Indirizzo: <\/strong>Via\/ Boix y Morer 6, Attico 28003 Madrid, Spagna<\/p>\n[\/mk_fancy_title][mk_button dimension=&#8221;flat&#8221; corner_style=&#8221;rounded&#8221; size=&#8221;medium&#8221; url=&#8221;https:\/\/fullcertificate.com\/it\/contattaci\/&#8221; align=&#8221;center&#8221; button_custom_width=&#8221;160&#8243; bg_color=&#8221;#0062b0&#8243; btn_hover_bg=&#8221;#252525&#8243;]CONTATTACI[\/mk_button][\/vc_column_inner][\/vc_row_inner][\/vc_column][\/mk_page_section][vc_row padding=&#8221;0&#8243;][vc_column][mk_divider style=&#8221;thin_solid&#8221; thickness=&#8221;4&#8243; margin_top=&#8221;0&#8243; margin_bottom=&#8221;40&#8243;][mk_fancy_title tag_name=&#8221;h4&#8243; color=&#8221;#393836&#8243; size=&#8221;30&#8243; font_weight=&#8221;normal&#8221; font_style=&#8221;normal&#8221; txt_transform=&#8221;uppercase&#8221; margin_bottom=&#8221;18&#8243; font_family=&#8221;none&#8221; align=&#8221;center&#8221;]\n<p style=\"text-align: center;\">CON LA GARANZIA DI<\/p>\n[\/mk_fancy_title][mk_image src=&#8221;https:\/\/fullcertificate.com\/wp-content\/uploads\/2022\/04\/footer-nuevo-WE-VOTE.jpg&#8221; link=&#8221;http:\/\/fullcertificate.com\/&#8221; target=&#8221;_blank&#8221; align=&#8221;center&#8221; margin_bottom=&#8221;0&#8243; el_class=&#8221;imagen-footer-centro&#8221; crop=&#8221;false&#8221;][\/vc_column][\/vc_row][vc_row][vc_column][vc_column_text css=&#8221;.vc_custom_1777381246649{margin-bottom: 0px !important;}&#8221;]\n<div id=\"wrapper-video-autom\u00e1tico\" style=\"display:none;\">\n        \/\/ PopUp Video<br \/>\n    <a id=\"69f29954e64e1\" rel=\"wp-video-lightbox\" href=\"https:\/\/www.youtube.com\/watch?v=Ti2I99u_Tt4&#038;width=853&#038;height=480\" title=\"\">open<\/a>    <script>\r\n    \/* <![CDATA[ *\/\r\n    jQuery(document).ready(function($){\r\n        $(function(){\r\n            var width = $(window).innerWidth();\r\n            var setwidth = parseFloat(853);\r\n            var ratio = parseFloat(0.56271981242673);\r\n            var height = parseFloat(480);\r\n            var link = 'https:\/\/www.youtube.com\/watch?v=Ti2I99u_Tt4&amp;width=853&amp;height=480';\r\n            if(width < setwidth)\r\n            {\r\n                height = Math.floor(width * 0.56271981242673);\r\n                \/\/console.log(\"device width \"+width+\", set width \"+853+\", ratio \"+0.56271981242673+\", new height \"+ height);\r\n                var new_url = wpvl_paramReplace('width', link, width);\r\n                var new_url = wpvl_paramReplace('height', new_url, height);\r\n                $(\"a#69f29954e64e1\").attr('href', new_url);\r\n                \/\/console.log(new_url);\r\n            }\r\n        });\r\n    });\r\n    \/* ]]> *\/\r\n    <\/script>\n<\/div>\n<p><script type=\"text\/javascript\">\n    jQuery(document).ready(function($) {\n        setTimeout(function() {\n            jQuery('#wrapper-video-autom\u00e1tico a').click();\n        }, 1000);\n    });\n<\/script>[\/vc_column_text][\/vc_column][\/vc_row]\n","protected":false},"excerpt":{"rendered":"<p>[mk_page_section bg_image=&#8221;https:\/\/fullcertificate.com\/wp-content\/uploads\/2017\/03\/fotos-imagenes-videos-certificados-ideas-copyright-1.jpg&#8221; bg_position=&#8221;center top&#8221; bg_repeat=&#8221;no-repeat&#8221; bg_stretch=&#8221;true&#8221; min_height=&#8221;350&#8243; padding_top=&#8221;20&#8243; padding_bottom=&#8221;0&#8243; first_page=&#8221;true&#8221; last_page=&#8221;true&#8221; sidebar=&#8221;sidebar-1&#8243;][vc_column][mk_fancy_title tag_name=&#8221;h1&#8243; color=&#8221;#000000&#8243; size=&#8221;40&#8243; font_weight=&#8221;normal&#8221; font_style=&#8221;normal&#8221; txt_transform=&#8221;none&#8221; margin_top=&#8221;60&#8243; margin_bottom=&#8221;0&#8243; font_family=&#8221;none&#8221;]Foto e video Certificati[\/mk_fancy_title][mk_fancy_title color=&#8221;#000000&#8243; size=&#8221;25&#8243; font_weight=&#8221;300&#8243; font_style=&#8221;normal&#8221; txt_transform=&#8221;none&#8221; margin_bottom=&#8221;0&#8243; font_family=&#8221;none&#8221;]Le sue foto e video come prova della vita reale[\/mk_fancy_title][mk_button dimension=&#8221;flat&#8221; size=&#8221;medium&#8221; url=&#8221;https:\/\/cloud.fullcertificate.com\/register&#8221; target=&#8221;_blank&#8221; button_custom_width=&#8221;250&#8243; margin_bottom=&#8221;20&#8243; bg_color=&#8221;#0062b0&#8243; btn_hover_bg=&#8221;#252525&#8243;]CONTRATTARE ORA[\/mk_button][\/vc_column][\/mk_page_section][mk_page_section padding_top=&#8221;50&#8243; padding_bottom=&#8221;30&#8243; first_page=&#8221;false&#8221; last_page=&#8221;false&#8221; sidebar=&#8221;sidebar-1&#8243;][vc_column width=&#8221;3\/4&#8243;][mk_fancy_title [&hellip;]<\/p>\n","protected":false},"author":2,"featured_media":0,"parent":0,"menu_order":0,"comment_status":"closed","ping_status":"closed","template":"","meta":{"_bbp_topic_count":0,"_bbp_reply_count":0,"_bbp_total_topic_count":0,"_bbp_total_reply_count":0,"_bbp_voice_count":0,"_bbp_anonymous_reply_count":0,"_bbp_topic_count_hidden":0,"_bbp_reply_count_hidden":0,"_bbp_forum_subforum_count":0},"_links":{"self":[{"href":"https:\/\/www.fullcertificate.com\/it\/wp-json\/wp\/v2\/pages\/11107"}],"collection":[{"href":"https:\/\/www.fullcertificate.com\/it\/wp-json\/wp\/v2\/pages"}],"about":[{"href":"https:\/\/www.fullcertificate.com\/it\/wp-json\/wp\/v2\/types\/page"}],"author":[{"embeddable":true,"href":"https:\/\/www.fullcertificate.com\/it\/wp-json\/wp\/v2\/users\/2"}],"replies":[{"embeddable":true,"href":"https:\/\/www.fullcertificate.com\/it\/wp-json\/wp\/v2\/comments?post=11107"}],"version-history":[{"count":32,"href":"https:\/\/www.fullcertificate.com\/it\/wp-json\/wp\/v2\/pages\/11107\/revisions"}],"predecessor-version":[{"id":31605,"href":"https:\/\/www.fullcertificate.com\/it\/wp-json\/wp\/v2\/pages\/11107\/revisions\/31605"}],"wp:attachment":[{"href":"https:\/\/www.fullcertificate.com\/it\/wp-json\/wp\/v2\/media?parent=11107"}],"curies":[{"name":"wp","href":"https:\/\/api.w.org\/{rel}","templated":true}]}}