{"id":11206,"date":"2018-12-03T15:22:45","date_gmt":"2018-12-03T15:22:45","guid":{"rendered":"https:\/\/fullcertificate.com\/?page_id=11206"},"modified":"2019-02-27T12:54:02","modified_gmt":"2019-02-27T12:54:02","slug":"politica-dei-cookie","status":"publish","type":"page","link":"https:\/\/www.fullcertificate.com\/it\/politica-dei-cookie\/","title":{"rendered":"Politica dei cookie"},"content":{"rendered":"<h1>Politica dei cookie<\/h1>\n<p>Un cookie \u00e8 un piccolo file di testo che viene memorizzato nel tuo browser quando visiti quasi tutte le pagine web. La sua utilit\u00e0 \u00e8 che il web \u00e8 in grado di ricordare la tua visita quando torni a sfogliare quella stessa pagina. I cookie di solito memorizzano informazioni di natura tecnica, preferenze personali, personalizzazione del contenuto, statistiche sull&#8217;utilizzo, collegamenti ai social network, accesso agli account d&#8217; utente, ecc. Lo scopo del cookie \u00e8 adattare il contenuto del web al tuo profilo e alle tue esigenze, senza cookies i servizi offerti da qualsiasi pagina sarebbero significativamente ridotti. Se desidera avere maggiori informazioni su cosa sono i cookies, cosa memorizzano, come eliminarli, disattivarli, ecc..<\/p>\n<h3>COOKIE UTILIZZATI SU QUESTO SITO WEB<\/h3>\n<p>Seguendo le direttrici dell&#8217;Agenzia spagnola per la protezione dei dati, procediamo a dettagliare l&#8217;uso dei cookies effettuati da questa pagina Web per informarti nel modo pi\u00f9 accurato possibile.<\/p>\n<p>Questo sito Web utilizza i seguenti <strong>cookies propri<\/strong>:<\/p>\n<ul>\n<li style=\"list-style-type: none;\">\n<ul>\n<li>Cookies di sessione, per garantire che gli utenti che scrivono commenti sul blog siano umani e non applicazioni automatizzate. In questo modo si combatte lo spam.<\/li>\n<\/ul>\n<\/li>\n<\/ul>\n<p>Questo sito Web utilizza i seguenti <strong>cookies di terze parti<\/strong>:<\/p>\n<ul>\n<li style=\"list-style-type: none;\">\n<ul>\n<li>Google Analytics: memorizza i cookie per essere in grado di elaborare statistiche sul traffico e sul volume delle visite a questo sito web. Utilizzando questo sito web, acconsenti al trattamento di tue informazioni personali da parte di Google. Pertanto, l&#8217;esercizio di qualsiasi diritto in tal senso dovra farlo comunicando direttamente con Google.<\/li>\n<\/ul>\n<\/li>\n<\/ul>\n<ul>\n<li style=\"list-style-type: none;\">\n<ul>\n<li>Social network: ogni rete sociale utilizza i propri cookies in modo tale che Lei possa da fare clic su pulsanti come Mi piace o Condividi.<\/li>\n<\/ul>\n<\/li>\n<\/ul>\n<h3>DISATTIVAZIONE O ELIMINAZIONE DEI COOKIES<\/h3>\n<p>In qualsiasi momento potra esercitare il diritto di disattivare o eliminare i cookies da questo sito Web. Queste azioni vengono eseguite in modo diverso a seconda del browser che sta utilizzando.<\/p>\n<h2>NOTE AGGIUNTIVE<\/h2>\n<ul>\n<li style=\"list-style-type: none;\">\n<ul>\n<li>N\u00e9 questo sito Web, n\u00e9 i suoi rappresentanti legali sono responsabili per il contenuto o la veridicit\u00e0 delle politiche sulla privacy che potrebbero avere terze parti menzionate in questa politica sui cookies.<\/li>\n<\/ul>\n<\/li>\n<\/ul>\n<ul>\n<li style=\"list-style-type: none;\">\n<ul>\n<li>I browser Web sono gli strumenti incaricati della memorizzazione dei cookies e da questo luogo \u00e8 necessario esercitare il suo diritto di eliminarli o disattivarli. N\u00e9 questo sito Web, n\u00e9 i suoi rappresentanti legali possono garantire la corretta o incorretta manipolazione dei cookies da parte dei suddetti browser.<\/li>\n<\/ul>\n<\/li>\n<\/ul>\n<ul>\n<li style=\"list-style-type: none;\">\n<ul>\n<li>In alcuni casi \u00e8 necessario installare i cookies in modo che il browser non dimentichi la sua decisione di non accettarli.<\/li>\n<\/ul>\n<\/li>\n<\/ul>\n<ul>\n<li style=\"list-style-type: none;\">\n<ul>\n<li>Nel caso dei cookie di Google Analytics, questa societ\u00e0 memorizza i cookie sui server situati negli Stati Uniti e si impegna a non condividerli con terze parti, tranne nei casi in cui \u00e8 necessario per il funzionamento del sistema o quando la legge obbliga a tale effetto. Secondo Google non salva il tuo indirizzo IP. Google Inc. \u00e8 una societ\u00e0 che aderisce all&#8217;accordo Safe Harbor che garantisce che tutti i dati trasferiti saranno trattati con un livello di protezione conforme alle normative europee. \u00c8 possibile consultare informazioni dettagliate in merito a <a href=\"http:\/\/safeharbor.export.gov\/companyinfo.aspx?id=16626\">questo link<\/a>. Se desideri informazioni sull&#8217;uso che Google fa dei cookies, <a href=\"https:\/\/developers.google.com\/analytics\/devguides\/collection\/analyticsjs\/cookie-usage?hl=es&amp;csw=1\">alleghiamo questo<\/a> altro link.<\/li>\n<\/ul>\n<\/li>\n<\/ul>\n<ul>\n<li>Per eventuali dubbi o domande su questa politica dei cookies, non esitate a contattarci attraverso la sezione contatti.<\/li>\n<\/ul>\n","protected":false},"excerpt":{"rendered":"<p>Politica dei cookie Un cookie \u00e8 un piccolo file di testo che viene memorizzato nel tuo browser quando visiti quasi tutte le pagine web. La sua utilit\u00e0 \u00e8 che il web \u00e8 in grado di ricordare la tua visita quando torni a sfogliare quella stessa pagina. I cookie di solito memorizzano informazioni di natura tecnica, [&hellip;]<\/p>\n","protected":false},"author":2,"featured_media":0,"parent":0,"menu_order":0,"comment_status":"closed","ping_status":"open","template":"","meta":{"_bbp_topic_count":0,"_bbp_reply_count":0,"_bbp_total_topic_count":0,"_bbp_total_reply_count":0,"_bbp_voice_count":0,"_bbp_anonymous_reply_count":0,"_bbp_topic_count_hidden":0,"_bbp_reply_count_hidden":0,"_bbp_forum_subforum_count":0},"_links":{"self":[{"href":"https:\/\/www.fullcertificate.com\/it\/wp-json\/wp\/v2\/pages\/11206"}],"collection":[{"href":"https:\/\/www.fullcertificate.com\/it\/wp-json\/wp\/v2\/pages"}],"about":[{"href":"https:\/\/www.fullcertificate.com\/it\/wp-json\/wp\/v2\/types\/page"}],"author":[{"embeddable":true,"href":"https:\/\/www.fullcertificate.com\/it\/wp-json\/wp\/v2\/users\/2"}],"replies":[{"embeddable":true,"href":"https:\/\/www.fullcertificate.com\/it\/wp-json\/wp\/v2\/comments?post=11206"}],"version-history":[{"count":7,"href":"https:\/\/www.fullcertificate.com\/it\/wp-json\/wp\/v2\/pages\/11206\/revisions"}],"predecessor-version":[{"id":15575,"href":"https:\/\/www.fullcertificate.com\/it\/wp-json\/wp\/v2\/pages\/11206\/revisions\/15575"}],"wp:attachment":[{"href":"https:\/\/www.fullcertificate.com\/it\/wp-json\/wp\/v2\/media?parent=11206"}],"curies":[{"name":"wp","href":"https:\/\/api.w.org\/{rel}","templated":true}]}}