{"id":11265,"date":"2018-12-03T15:34:42","date_gmt":"2018-12-03T15:34:42","guid":{"rendered":"https:\/\/fullcertificate.com\/?page_id=11265"},"modified":"2022-04-11T23:28:20","modified_gmt":"2022-04-11T23:28:20","slug":"smartcommunities","status":"publish","type":"page","link":"https:\/\/www.fullcertificate.com\/it\/smartcommunities\/","title":{"rendered":"smartcommunities"},"content":{"rendered":"[mk_page_section bg_image=&#8221;https:\/\/fullcertificate.com\/wp-content\/uploads\/2018\/11\/banner-smartcommunities-avisos-certificados-3-1.jpg&#8221; bg_position=&#8221;center top&#8221; bg_repeat=&#8221;no-repeat&#8221; bg_stretch=&#8221;true&#8221; min_height=&#8221;350&#8243; padding_top=&#8221;20&#8243; padding_bottom=&#8221;0&#8243; first_page=&#8221;true&#8221; last_page=&#8221;true&#8221; sidebar=&#8221;sidebar-1&#8243;][vc_column][mk_fancy_title tag_name=&#8221;h1&#8243; color=&#8221;#000000&#8243; size=&#8221;40&#8243; font_weight=&#8221;normal&#8221; font_style=&#8221;normal&#8221; txt_transform=&#8221;none&#8221; margin_top=&#8221;60&#8243; margin_bottom=&#8221;0&#8243; font_family=&#8221;none&#8221;]Smart Communities &#8211; eComunit\u00e0[\/mk_fancy_title][mk_fancy_title tag_name=&#8221;h1&#8243; color=&#8221;#000000&#8243; size=&#8221;25&#8243; font_weight=&#8221;300&#8243; font_style=&#8221;normal&#8221; txt_transform=&#8221;none&#8221; margin_bottom=&#8221;0&#8243; font_family=&#8221;none&#8221;]Comunit\u00e0 di proprietari intelligenti[\/mk_fancy_title][mk_button dimension=&#8221;flat&#8221; size=&#8221;medium&#8221; url=&#8221;https:\/\/fullcertificate.com\/it\/contattaci\/&#8221; button_custom_width=&#8221;250&#8243; margin_bottom=&#8221;20&#8243; bg_color=&#8221;#0062b0&#8243; btn_hover_bg=&#8221;#252525&#8243;]CONTATTARE ORA [\/mk_button][\/vc_column][\/mk_page_section][mk_page_section padding_top=&#8221;50&#8243; padding_bottom=&#8221;0&#8243; first_page=&#8221;false&#8221; last_page=&#8221;false&#8221; sidebar=&#8221;sidebar-1&#8243;][vc_column width=&#8221;3\/4&#8243;][mk_fancy_title tag_name=&#8221;h1&#8243; color=&#8221;#0062af&#8221; size=&#8221;40&#8243; font_weight=&#8221;normal&#8221; font_style=&#8221;normal&#8221; txt_transform=&#8221;none&#8221; margin_bottom=&#8221;0&#8243; font_family=&#8221;none&#8221;]Comunit\u00e0 di proprietari intelligenti[\/mk_fancy_title][mk_divider style=&#8221;thin_solid&#8221; thickness=&#8221;4&#8243; margin_top=&#8221;0&#8243;][mk_fancy_title color=&#8221;#000000&#8243; size=&#8221;17&#8243; font_weight=&#8221;bold&#8221; font_style=&#8221;normal&#8221; txt_transform=&#8221;uppercase&#8221; font_family=&#8221;none&#8221;]PORTALE DI PROPRIETARI, GOVERNO ELETTRONICO DELLA COMUNIT\u00c0, VOTO ELETTRONICO, NOTIFICAZIONI CON VALIDIT\u00c0 LEGALE, RECUPERI E RISCOSSIONI AUTOMATIZZATI DI QUOTE.[\/mk_fancy_title][vc_row_inner padding=&#8221;0&#8243;][vc_column_inner width=&#8221;1\/3&#8243;][mk_icon_box2 icon_type=&#8221;image&#8221; icon_size=&#8221;inherit&#8221; title_size=&#8221;0&#8243; title_top_padding=&#8221;0&#8243; title_bottom_padding=&#8221;0&#8243;]<a href=\"https:\/\/www.avisoscertificados.com\/contactenos\/\"><img class=\"wp-image-6433 size-medium aligncenter\" src=\"https:\/\/fullcertificate.com\/wp-content\/uploads\/2018\/11\/logo-smartcommunities-500px-1.png\" alt=\"\" width=\"300\" \/><\/a><a href=\"https:\/\/www.avisoscertificados.com\/contactenos\/\"><img loading=\"lazy\" class=\"wp-image-6439 aligncenter\" src=\"https:\/\/fullcertificate.com\/wp-content\/uploads\/2018\/10\/grafico-smart-communities-1.png\" alt=\"\" width=\"243\" height=\"243\" \/><\/a><\/p>\n<p style=\"text-align: center;\"><strong><span style=\"color: #0062b0;\">SMART COMMUNITIES<br \/>\n<\/span><\/strong>Portale di eProprietari<br \/>\n<span style=\"color: #000000; text-decoration: none;\">Voto e Governo elettronico<br \/>\n<\/span><span style=\"color: #000000; text-decoration: none;\">Recupero di rate<br \/>\nRiscossioni Amichevoli<br \/>\nNotificazioni<br \/>\nFile digitali<br \/>\nTabellone d&#8217; annunci<\/span><\/p>\n[\/mk_icon_box2][\/vc_column_inner][vc_column_inner width=&#8221;2\/3&#8243;][mk_fancy_title tag_name=&#8221;h4&#8243; color=&#8221;#000000&#8243; font_weight=&#8221;normal&#8221; font_style=&#8221;normal&#8221; txt_transform=&#8221;none&#8221; font_family=&#8221;none&#8221;]<strong>Smart Communities<\/strong> permetter\u00e0 alle comunit\u00e0 di proprietari la attivazione di processi di <span style=\"color: #0062af;\">Governo elettronico, Voto telematico a distanza, Notificazioni e azioni avanzate di Recuperi e Riscossioni Automatizzate. <\/span><\/p>\n<p>&nbsp;<\/p>\n<p>Per ci\u00f2,\u00a0<strong>Full Certificate<\/strong>, attiver\u00e0 il portale personalizzato di\u00a0<strong><span style=\"color: #0062af;\">ePROPRIETARI<\/span><\/strong>\u00a0dove disporr\u00e0 di avanzati strumenti di comunicazione,\u00a0gestione e certificazione per la sua comunit\u00e0.<\/p>\n<p>&nbsp;<\/p>\n<p><strong>Smart Community<\/strong> fornisce <span style=\"color: #0062af;\">tre obiettivi<\/span> chiave per le comunit\u00e0 pi\u00f9 avanzate di proprietari:<\/p>\n<p>&nbsp;<\/p>\n<ol>\n<li><strong><span style=\"color: #0062af;\">TOTALE TRASPARENZA<\/span><\/strong><\/li>\n<li><strong><span style=\"color: #0062af;\">ACCESSO ALLA INFORMAZIONE CHIAVE<\/span><\/strong><\/li>\n<li><strong><span style=\"color: #0062af;\">VALIDIT\u00c0 LEGALE<\/span><\/strong><\/li>\n<\/ol>\n<p>&nbsp;<\/p>\n<p><strong>BASE DI DATI DEI PROPRIETARI &#8220;AUTENTICATA &amp; CERTIFICATA&#8221;<\/strong><\/p>\n<p>&nbsp;<\/p>\n<p>Attraverso <strong>Smart Communities<\/strong> potr\u00e0 creare una base <span style=\"color: #0062af;\">di dati certificata e autenticata dei vicini<\/span> che conformano la sua comunit\u00e0.<\/p>\n<p>&nbsp;<\/p>\n<p>La <span style=\"color: #0062af;\">lista di Verificazione &amp; Autenticazione elettronica<\/span> sono <span style=\"color: #0062af;\">l&#8217; eID digitale della comunit\u00e0<\/span>. Oltre ad accelerare l&#8217; ingresso delle comunit\u00e0 nei nuovi formati e processi elettronici, le permetter\u00e0 essere aggiornato nei temi tanto importanti com&#8217;\u00e8 il <strong>GDPR<\/strong> <span style=\"color: #0062af;\">a livello europeo, le autorizzazioni per le comunicazioni elettroniche e le capacit\u00e0 di firma elettronica<\/span> di tutti i membri della comunit\u00e0.<\/p>\n<p>&nbsp;<\/p>\n<p><strong>GOVERNO E VOTO ELETTRONICO<\/strong><\/p>\n<p>&nbsp;<\/p>\n<p>Inoltre potr\u00e0 attivare e personalizzare i processi di <strong>votazione elettronica<\/strong> <span style=\"color: #0062af;\">a distanza e presenziale<\/span> per la sua comunit\u00e0 aumentando in modo importante la partecipazione dei suoi vicini. Potr\u00e0 convocare le sue <span style=\"color: #0062af;\">Assemblee generali e straordinarie<\/span> mediante <span style=\"color: #0062af;\">comunicazioni certificate postali o elettroniche<\/span> con totale facilit\u00e0 risparmiando migliaia d&#8217; ore di gestione.<\/p>\n<p>&nbsp;<\/p>\n<p>Disporr\u00e0 inoltre di <strong>Giunte di Governo Certificate<\/strong> <span style=\"color: #0062af;\">presenziali e a distanza<\/span> in modo che gli Atti delle Giunte di governo rimarranno certificati e a disposizione della comunit\u00e0 con totale trasparenza e in tempo record.<\/p>\n<p>&nbsp;<\/p>\n<p>Tutto ci\u00f2,<span style=\"color: #0062af;\"> da qualsiasi telefono mobile o Pc<\/span>, in maniera confidenziale e con <span style=\"color: #0062af;\">totale validit\u00e0 legale<\/span>.<\/p>\n<p>&nbsp;<\/p>\n<p><strong>SMART MONEY PER LA SUA COMUNIT\u00c0<\/strong><\/p>\n<p>&nbsp;<\/p>\n<p>Un&#8217; altro dei grandi avanzamenti \u00e8 la creazione elettronica automatizzata dell&#8217; <span style=\"color: #0062af;\">emissione delle ricevute e il recupero di quote periodiche<\/span> attraverso di TPVs e\/o ricevute domiciliate. Nel caso in cui esistesse mora di alcuna delle suo quote, l&#8217; attivazione del processo di <span style=\"color: #0062af;\">recupero Online amichevole pregiudiziale certificata<\/span> le risolver\u00e0 e agilizzer\u00e0 il recupero dei debiti creando inoltre certificati al rispetto pronti per una reclamazione giudiziale a un costo ridotto e con un risparmio di tempo molto importante.<\/p>\n<p>&nbsp;<\/p>\n<p><strong>STRUMENTI DEL PROTALE ePROPRIETARI<\/strong><\/p>\n<p>&nbsp;<\/p>\n<p>Esistono una grande variet\u00e0 di strumenti dentro del nostro portale dedicato alle comunit\u00e0. <span style=\"color: #0062af;\">Tra questi risaltiamo: bacheca, Archivi documentali, archivio di atti, Archivio di scritture e poteri, Preventivi, Conti dettagliati, Contratti, Assemblee, etc., etc. <\/span><\/p>\n<p>&nbsp;<\/p>\n<p><strong>Se desidera contattarci<\/strong>, per favore, <strong><a href=\"https:\/\/fullcertificate.com\/it\/contattaci\/\">faccia click qui.<\/a><\/strong>[\/mk_fancy_title][\/vc_column_inner][\/vc_row_inner][\/vc_column][vc_column border_color=&#8221;#ffffff&#8221; width=&#8221;1\/4&#8243;][mk_image src=&#8221;https:\/\/fullcertificate.com\/wp-content\/uploads\/2018\/12\/european-trusted-third-party-full-certificate.png&#8221; image_width=&#8221;180&#8243; align=&#8221;center&#8221; margin_bottom=&#8221;0&#8243; crop=&#8221;false&#8221;][vc_empty_space height=&#8221;15px&#8221;][vc_empty_space height=&#8221;15px&#8221;][vc_row_inner padding=&#8221;0&#8243;][vc_column_inner css=&#8221;.vc_custom_1574073258542{border-top-width: 1px !important;border-right-width: 1px !important;border-bottom-width: 1px !important;border-left-width: 1px !important;border-left-color: #f2006e !important;border-left-style: solid !important;border-right-color: #f2006e !important;border-right-style: solid !important;border-top-color: #f2006e !important;border-top-style: solid !important;border-bottom-color: #f2006e !important;border-bottom-style: solid !important;}&#8221;][mk_fancy_title color=&#8221;#000000&#8243; size=&#8221;20&#8243; font_weight=&#8221;bold&#8221; font_style=&#8221;normal&#8221; txt_transform=&#8221;uppercase&#8221; margin_top=&#8221;20&#8243; margin_bottom=&#8221;0&#8243; font_family=&#8221;none&#8221; align=&#8221;center&#8221;]\n<p style=\"text-align: center;\">REGISTRI GRATIS<\/p>\n[\/mk_fancy_title][mk_fancy_title color=&#8221;#000000&#8243; size=&#8221;16&#8243; font_weight=&#8221;normal&#8221; font_style=&#8221;normal&#8221; txt_transform=&#8221;none&#8221; margin_bottom=&#8221;0&#8243; font_family=&#8221;none&#8221; align=&#8221;center&#8221;]\n<p style=\"text-align: center;\">Provi i nostri servizi certificati con totale validit\u00e0 legale.<\/p>\n<p>&nbsp;<\/p>\n<p style=\"text-align: center;\"><strong><span style=\"color: #0062b0;\">Senza cuote, senza contratti.<\/span><br \/>\n<\/strong>Il suo saldo non scade mai.<\/p>\n[\/mk_fancy_title][mk_button dimension=&#8221;flat&#8221; corner_style=&#8221;rounded&#8221; size=&#8221;medium&#8221; url=&#8221;https:\/\/cloud.fullcertificate.com\/register&#8221; target=&#8221;_blank&#8221; align=&#8221;center&#8221; button_custom_width=&#8221;160&#8243; bg_color=&#8221;#f2006e&#8221; btn_hover_bg=&#8221;#252525&#8243; btn_hover_txt_color=&#8221;#ffffff&#8221;]CLICCHI QUI[\/mk_button][\/vc_column_inner][\/vc_row_inner][vc_row_inner padding=&#8221;0&#8243;][vc_column_inner][vc_empty_space height=&#8221;35px&#8221;][\/vc_column_inner][\/vc_row_inner][vc_row_inner padding=&#8221;0&#8243;][vc_column_inner][vc_empty_space height=&#8221;0px&#8221;][mk_icon_box2 icon_type=&#8221;image&#8221; title_size=&#8221;0&#8243; title_top_padding=&#8221;0&#8243; title_bottom_padding=&#8221;0&#8243;]<a href=\"https:\/\/fullcertificate.com\/it\/smart-money-soldi-intelligente\/\"><img loading=\"lazy\" class=\"wp-image-6433 size-medium aligncenter\" src=\"https:\/\/fullcertificate.com\/wp-content\/uploads\/2018\/10\/logo-smartmoney-1.png\" alt=\"\" width=\"180\" height=\"31\" \/><\/a><a href=\"https:\/\/fullcertificate.com\/it\/smart-money-soldi-intelligente\/\"><img loading=\"lazy\" class=\"wp-image-6439 size-medium aligncenter\" src=\"https:\/\/fullcertificate.com\/wp-content\/uploads\/2018\/10\/grafico-smart-money-3-1.png\" alt=\"\" width=\"170\" height=\"300\" \/><\/a><\/p>\n<p style=\"text-align: center;\"><strong><span style=\"color: #0062b0;\"><a style=\"color: #0062b0;\" href=\"https:\/\/fullcertificate.com\/it\/smart-money-soldi-intelligente\/\">SMART MONEY<\/a><br \/>\n<\/span><\/strong>Smart Contracts<br \/>\nSmart Payments<br \/>\n<span style=\"color: #000000; text-decoration: none;\">Smart Recovery<br \/>\nDashboard<br \/>\n<\/span><\/p>\n[\/mk_icon_box2][vc_empty_space height=&#8221;0px&#8221;][mk_icon_box2 icon_type=&#8221;image&#8221; title_size=&#8221;0&#8243; title_top_padding=&#8221;0&#8243; title_bottom_padding=&#8221;0&#8243;]<a href=\"https:\/\/fullcertificate.com\/it\/smartone2one\/\"><img loading=\"lazy\" class=\"wp-image-6433 size-medium aligncenter\" src=\"https:\/\/fullcertificate.com\/wp-content\/uploads\/2018\/10\/logo-smart-one2one-2-1.png\" alt=\"\" width=\"226\" height=\"31\" \/><\/a><a href=\"https:\/\/fullcertificate.com\/it\/smartone2one\/\"><img loading=\"lazy\" class=\"wp-image-6439 size-medium aligncenter\" src=\"https:\/\/fullcertificate.com\/wp-content\/uploads\/2018\/10\/grafico-smart-one2one-1.png\" alt=\"\" width=\"170\" height=\"300\" \/><\/a><\/p>\n<p style=\"text-align: center;\"><strong><span style=\"color: #0062b0;\"><a style=\"color: #0062b0;\" href=\"https:\/\/fullcertificate.com\/it\/smartone2one\/\">SMART ONE2ONE<\/a><br \/>\n<\/span><\/strong>Notificazioni Personalizzate<br \/>\nAlto volume d&#8217; esecuzione<br \/>\n<span style=\"text-decoration: none;\">Certificazione Multicanale<br \/>\nAlta disponibilit\u00e0<\/span><\/p>\n[\/mk_icon_box2][\/vc_column_inner][\/vc_row_inner][vc_empty_space height=&#8221;20px&#8221;][vc_row_inner padding=&#8221;0&#8243; el_class=&#8221;hideDatosContactoIT&#8221;][vc_column_inner css=&#8221;.vc_custom_1540979094932{border-top-width: 1px !important;border-right-width: 1px !important;border-bottom-width: 1px !important;border-left-width: 1px !important;padding-top: 20px !important;padding-bottom: 20px !important;background-color: #ffffff !important;border-left-color: #1e73be !important;border-left-style: solid !important;border-right-color: #1e73be !important;border-right-style: solid !important;border-top-color: #1e73be !important;border-top-style: solid !important;border-bottom-color: #1e73be !important;border-bottom-style: solid !important;}&#8221;][mk_fancy_title color=&#8221;#000000&#8243; size=&#8221;20&#8243; font_weight=&#8221;bold&#8221; font_style=&#8221;normal&#8221; txt_transform=&#8221;uppercase&#8221; margin_bottom=&#8221;0&#8243; font_family=&#8221;none&#8221; align=&#8221;center&#8221;]\n<p style=\"text-align: center;\">Dati di contatto<\/p>\n[\/mk_fancy_title][mk_fancy_title color=&#8221;#1e73be&#8221; font_style=&#8221;normal&#8221; txt_transform=&#8221;none&#8221; margin_bottom=&#8221;0&#8243; font_family=&#8221;none&#8221; align=&#8221;center&#8221;]\n<p style=\"text-align: center;\"><strong>Telefono:<\/strong> EU &#8211; ES: 0034 910 052 659<br \/>\nEU &#8211; IT: 0039 0687165152<br \/>\nLATAM: 0052 55 4162 9666<\/p>\n<p style=\"text-align: center;\"><strong>Indirizzo: <\/strong>Via\/ Boix y Morer 6, Attico 28003 Madrid, Spagna<\/p>\n[\/mk_fancy_title][mk_button dimension=&#8221;flat&#8221; corner_style=&#8221;rounded&#8221; size=&#8221;medium&#8221; url=&#8221;https:\/\/fullcertificate.com\/it\/contattaci\/&#8221; align=&#8221;center&#8221; button_custom_width=&#8221;160&#8243; bg_color=&#8221;#0062b0&#8243; btn_hover_bg=&#8221;#252525&#8243;]CONTATTACI[\/mk_button][\/vc_column_inner][\/vc_row_inner][\/vc_column][\/mk_page_section][vc_row padding=&#8221;0&#8243;][vc_column][mk_divider style=&#8221;thin_solid&#8221; thickness=&#8221;4&#8243; margin_top=&#8221;0&#8243; margin_bottom=&#8221;40&#8243;][mk_fancy_title tag_name=&#8221;h4&#8243; color=&#8221;#393836&#8243; size=&#8221;30&#8243; font_weight=&#8221;normal&#8221; font_style=&#8221;normal&#8221; txt_transform=&#8221;uppercase&#8221; margin_bottom=&#8221;18&#8243; font_family=&#8221;none&#8221; align=&#8221;center&#8221;]\n<p style=\"text-align: center;\">CON LA GARANZIA DI<\/p>\n[\/mk_fancy_title][mk_image src=&#8221;https:\/\/fullcertificate.com\/wp-content\/uploads\/2022\/04\/footer-nuevo-WE-VOTE.jpg&#8221; target=&#8221;_blank&#8221; align=&#8221;center&#8221; margin_bottom=&#8221;0&#8243; el_class=&#8221;imagen-footer-centro&#8221; crop=&#8221;false&#8221;][\/vc_column][\/vc_row]\n","protected":false},"excerpt":{"rendered":"<p>[mk_page_section bg_image=&#8221;https:\/\/fullcertificate.com\/wp-content\/uploads\/2018\/11\/banner-smartcommunities-avisos-certificados-3-1.jpg&#8221; bg_position=&#8221;center top&#8221; bg_repeat=&#8221;no-repeat&#8221; bg_stretch=&#8221;true&#8221; min_height=&#8221;350&#8243; padding_top=&#8221;20&#8243; padding_bottom=&#8221;0&#8243; first_page=&#8221;true&#8221; last_page=&#8221;true&#8221; sidebar=&#8221;sidebar-1&#8243;][vc_column][mk_fancy_title tag_name=&#8221;h1&#8243; color=&#8221;#000000&#8243; size=&#8221;40&#8243; font_weight=&#8221;normal&#8221; font_style=&#8221;normal&#8221; txt_transform=&#8221;none&#8221; margin_top=&#8221;60&#8243; margin_bottom=&#8221;0&#8243; font_family=&#8221;none&#8221;]Smart Communities &#8211; eComunit\u00e0[\/mk_fancy_title][mk_fancy_title tag_name=&#8221;h1&#8243; color=&#8221;#000000&#8243; size=&#8221;25&#8243; font_weight=&#8221;300&#8243; font_style=&#8221;normal&#8221; txt_transform=&#8221;none&#8221; margin_bottom=&#8221;0&#8243; font_family=&#8221;none&#8221;]Comunit\u00e0 di proprietari intelligenti[\/mk_fancy_title][mk_button dimension=&#8221;flat&#8221; size=&#8221;medium&#8221; url=&#8221;https:\/\/fullcertificate.com\/it\/contattaci\/&#8221; button_custom_width=&#8221;250&#8243; margin_bottom=&#8221;20&#8243; bg_color=&#8221;#0062b0&#8243; btn_hover_bg=&#8221;#252525&#8243;]CONTATTARE ORA [\/mk_button][\/vc_column][\/mk_page_section][mk_page_section padding_top=&#8221;50&#8243; padding_bottom=&#8221;0&#8243; first_page=&#8221;false&#8221; last_page=&#8221;false&#8221; sidebar=&#8221;sidebar-1&#8243;][vc_column width=&#8221;3\/4&#8243;][mk_fancy_title tag_name=&#8221;h1&#8243; color=&#8221;#0062af&#8221; size=&#8221;40&#8243; font_weight=&#8221;normal&#8221; font_style=&#8221;normal&#8221; [&hellip;]<\/p>\n","protected":false},"author":2,"featured_media":0,"parent":0,"menu_order":0,"comment_status":"closed","ping_status":"closed","template":"","meta":{"_bbp_topic_count":0,"_bbp_reply_count":0,"_bbp_total_topic_count":0,"_bbp_total_reply_count":0,"_bbp_voice_count":0,"_bbp_anonymous_reply_count":0,"_bbp_topic_count_hidden":0,"_bbp_reply_count_hidden":0,"_bbp_forum_subforum_count":0},"_links":{"self":[{"href":"https:\/\/www.fullcertificate.com\/it\/wp-json\/wp\/v2\/pages\/11265"}],"collection":[{"href":"https:\/\/www.fullcertificate.com\/it\/wp-json\/wp\/v2\/pages"}],"about":[{"href":"https:\/\/www.fullcertificate.com\/it\/wp-json\/wp\/v2\/types\/page"}],"author":[{"embeddable":true,"href":"https:\/\/www.fullcertificate.com\/it\/wp-json\/wp\/v2\/users\/2"}],"replies":[{"embeddable":true,"href":"https:\/\/www.fullcertificate.com\/it\/wp-json\/wp\/v2\/comments?post=11265"}],"version-history":[{"count":41,"href":"https:\/\/www.fullcertificate.com\/it\/wp-json\/wp\/v2\/pages\/11265\/revisions"}],"predecessor-version":[{"id":27436,"href":"https:\/\/www.fullcertificate.com\/it\/wp-json\/wp\/v2\/pages\/11265\/revisions\/27436"}],"wp:attachment":[{"href":"https:\/\/www.fullcertificate.com\/it\/wp-json\/wp\/v2\/media?parent=11265"}],"curies":[{"name":"wp","href":"https:\/\/api.w.org\/{rel}","templated":true}]}}