{"id":11293,"date":"2018-12-03T15:39:26","date_gmt":"2018-12-03T15:39:26","guid":{"rendered":"https:\/\/fullcertificate.com\/?page_id=11293"},"modified":"2022-04-11T12:31:12","modified_gmt":"2022-04-11T12:31:12","slug":"tariffe-prezzi-lettera-online-raccomandata","status":"publish","type":"page","link":"https:\/\/www.fullcertificate.com\/it\/tariffe-prezzi-lettera-online-raccomandata\/","title":{"rendered":"Tariffe prezzi lettera online raccomandata"},"content":{"rendered":"[mk_page_section first_page=&#8221;false&#8221; last_page=&#8221;false&#8221; sidebar=&#8221;sidebar-1&#8243;][vc_column][vc_empty_space height=&#8221;20px&#8221;][mk_fancy_title color=&#8221;#0062af&#8221; size=&#8221;32&#8243; font_weight=&#8221;bold&#8221; font_style=&#8221;normal&#8221; txt_transform=&#8221;uppercase&#8221; margin_top=&#8221;-40&#8243; margin_bottom=&#8221;0&#8243; font_family=&#8221;none&#8221; align=&#8221;center&#8221;]\n<p style=\"text-align: center;\"><b>COSTI DEL SERVIZIO<\/b><\/p>\n[\/mk_fancy_title][vc_empty_space height=&#8221;50px&#8221;][mk_fancy_title tag_name=&#8221;h1&#8243; color=&#8221;#0062af&#8221; size=&#8221;25&#8243; font_weight=&#8221;normal&#8221; font_style=&#8221;normal&#8221; margin_bottom=&#8221;10&#8243; font_family=&#8221;none&#8221; align=&#8221;center&#8221;]\n<p style=\"text-align: center;\">Abbiamo tre livelli di servizio<\/p>\n[\/mk_fancy_title][vc_row_inner padding=&#8221;0&#8243;][vc_column_inner width=&#8221;1\/3&#8243;][vc_column_text disable_pattern=&#8221;false&#8221; align=&#8221;center&#8221;]<span style=\"color: #f2006e;\"><b>SERVIZI NEL CLOUD SU RICHIESTA<\/b><\/span><\/p>\n<p>Servizi online di certificazione mediante l&#8217; acquisto di saldo.<\/p>\n<p>Senza quote, senza contratti non scade e non \u00e8 rimborsabile. Servizio per consumo.[\/vc_column_text][mk_button dimension=&#8221;flat&#8221; size=&#8221;medium&#8221; url=&#8221;#servicios&#8221; align=&#8221;center&#8221; bg_color=&#8221;#0062b0&#8243; btn_hover_bg=&#8221;#252525&#8243;]Vedi i prezzi[\/mk_button][vc_empty_space height=&#8221;30px&#8221;][\/vc_column_inner][vc_column_inner width=&#8221;1\/3&#8243;][vc_column_text disable_pattern=&#8221;false&#8221; align=&#8221;center&#8221;]<span style=\"color: #f2006e;\"><b>PIANI ANNUALI BONIFICATI<\/b><\/span><\/p>\n<p>Servizi di certificazione online tramite saldo acquisti Nessun costo, nessun contratto, il saldo non scade e non \u00e8 rimborsabile. Servizio per il consumo.[\/vc_column_text][mk_button dimension=&#8221;flat&#8221; size=&#8221;medium&#8221; url=&#8221;https:\/\/fullcertificate.com\/it\/contattaci\/&#8221; align=&#8221;center&#8221; bg_color=&#8221;#0062b0&#8243; btn_hover_bg=&#8221;#252525&#8243;]Ci contatti[\/mk_button][vc_empty_space height=&#8221;30px&#8221;][\/vc_column_inner][vc_column_inner width=&#8221;1\/3&#8243;][vc_column_text disable_pattern=&#8221;false&#8221; align=&#8221;center&#8221;]\n<p style=\"text-align: center;\"><span style=\"color: #f2006e;\"><b>PROGETTI IT &amp; SMART-AUTOMATION<\/b><\/span><\/p>\n<p>Servizi di sviluppo e programmazione IT &#8211; WS &#8211; API Consulenza ed esecuzione di progetti Core eBusiness. Integrazioni personalizzate con supporto tecnico e operativo.[\/vc_column_text][mk_button dimension=&#8221;flat&#8221; size=&#8221;medium&#8221; url=&#8221;https:\/\/fullcertificate.com\/it\/contattaci\/&#8221; align=&#8221;center&#8221; bg_color=&#8221;#0062b0&#8243; btn_hover_bg=&#8221;#252525&#8243;]Ci contatti[\/mk_button][vc_empty_space height=&#8221;30px&#8221;][\/vc_column_inner][\/vc_row_inner][vc_separator border_width=&#8221;2&#8243;][vc_column_text]\n<p id=\"servicios\" style=\"margin-bottom: 0px; font-size: 10px; color: #ffffff;\">l<\/p>\n[\/vc_column_text][vc_empty_space height=&#8221;0px&#8221;][mk_image src=&#8221;https:\/\/fullcertificate.com\/wp-content\/uploads\/2018\/11\/Logo-full-certificate-2.png&#8221; image_width=&#8221;250&#8243; align=&#8221;center&#8221; crop=&#8221;false&#8221;][mk_fancy_title color=&#8221;#0062af&#8221; size=&#8221;30&#8243; font_weight=&#8221;normal&#8221; font_style=&#8221;normal&#8221; txt_transform=&#8221;uppercase&#8221; margin_bottom=&#8221;18&#8243; font_family=&#8221;none&#8221; align=&#8221;center&#8221;]NOTIFICHE, SERVIZI E CONTRATTI CERTIFICATI CON VALIDIT\u00c0 GIURIDICA[\/mk_fancy_title][vc_empty_space height=&#8221;40px&#8221;][vc_column_text align=&#8221;center&#8221; margin_bottom=&#8221;30&#8243; css=&#8221;.vc_custom_1649680239452{margin-bottom: 30px !important;}&#8221;]\n<p style=\"text-align: center;\">Registrandosi vedr\u00e0 pi\u00f9 in dettaglio tutte le tariffe. \u00c8 possibile noleggiare pacchetti di prodotti o per quantit\u00e0<br \/>\n<a href=\"https:\/\/cloud.fullcertificate.com\/registro_gratis.aspx\">Si registri cliccando qui<\/a><\/p>\n[\/vc_column_text][vc_column_text][\/vc_column_text][vc_column_text disable_pattern=&#8221;false&#8221;]\n<div>\n<div class=\"otw-sc-tabs ui-tabs ui-widget ui-widget-content ui-corner-all\"><ul class=\"ui-tabs-nav ui-helper-reset ui-helper-clearfix ui-widget-header ui-corner-all\"><li class=\"ui-state-default ui-corner-top\"><a href=\"#tabs-1\"><img src=\"https:\/\/www.avisoscertificados.com\/wp-content\/uploads\/2018\/11\/icono-email-certificado-2.png\" title=\"icon\" alt=\"icon\" \/><\/a><\/li><li class=\"ui-state-default ui-corner-top\"><a href=\"#tabs-2\"><img src=\"https:\/\/www.avisoscertificados.com\/wp-content\/uploads\/2019\/08\/icono-sms-certificado-4.png\" title=\"icon\" alt=\"icon\" \/><\/a><\/li><li class=\"ui-state-default ui-corner-top\"><a href=\"#tabs-3\"><img src=\"https:\/\/www.avisoscertificados.com\/wp-content\/uploads\/2018\/11\/icono-fax-certificado-2-1.png\" title=\"icon\" alt=\"icon\" \/><\/a><\/li><li class=\"ui-state-default ui-corner-top\"><a href=\"#tabs-4\"><img src=\"https:\/\/www.avisoscertificados.com\/wp-content\/uploads\/2018\/11\/icono-llamadas-certificadas-2.png\" title=\"icon\" alt=\"icon\" \/><\/a><\/li><li class=\"ui-state-default ui-corner-top\"><a href=\"#tabs-5\"><img src=\"https:\/\/www.avisoscertificados.com\/wp-content\/uploads\/2018\/11\/icono-contratos-certificados-2.png\" title=\"icon\" alt=\"icon\" \/><\/a><\/li><li class=\"ui-state-default ui-corner-top\"><a href=\"#tabs-6\"><img src=\"https:\/\/www.avisoscertificados.com\/wp-content\/uploads\/2018\/11\/icono-contenido-web-certificado-2.png\" title=\"icon\" alt=\"icon\" \/><\/a><\/li><li class=\"ui-state-default ui-corner-top\"><a href=\"#tabs-7\"><img src=\"https:\/\/www.avisoscertificados.com\/wp-content\/uploads\/2018\/11\/icono-copyright-certificado-2.png\" title=\"icon\" alt=\"icon\" \/><\/a><\/li><li class=\"ui-state-default ui-corner-top\"><a href=\"#tabs-8\"><img src=\"https:\/\/www.avisoscertificados.com\/wp-content\/uploads\/2018\/11\/icono-foto-certificada-2.png\" title=\"icon\" alt=\"icon\" \/><\/a><\/li><li class=\"ui-state-default ui-corner-top\"><a href=\"#tabs-9\"><img src=\"https:\/\/www.avisoscertificados.com\/wp-content\/uploads\/2018\/10\/grafico-smart-recovery.png\" title=\"icon\" alt=\"icon\" \/><\/a><\/li><li class=\"ui-state-default ui-corner-top\"><a href=\"#tabs-10\"><img src=\"https:\/\/www.avisoscertificados.com\/wp-content\/uploads\/2018\/11\/icono-burofax-estandar-2.png\" title=\"icon\" alt=\"icon\" \/><\/a><\/li><\/ul><div id=\"tabs-1\" class=\"ui-tabs-panel ui-widget-content ui-corner-bottom\"><p><\/p><br \/>\n<h2>eMail Certificato<\/h2><br \/>\n<h5>eMail Certificato<\/h5><br \/>\n<p>Da 1,16\u20ac + Iva.<\/p><br \/>\n<h5>Certificare lettura e download e documentazione<\/h5><br \/>\n<p>Da 1,16\u20ac + Iva. f (Opc.)<br \/><br \/>\n<\/p><\/div><div id=\"tabs-2\" class=\"ui-tabs-panel ui-widget-content ui-corner-bottom\"><p><\/p><br \/>\n<h2>SMS Certificato<\/h2><br \/>\n<h5>SMS Certificato<\/h5><br \/>\n<p>Da 1,16\u20ac + Iva.<\/p><br \/>\n<h5>Certificare consegna e documenti<\/h5><br \/>\n<p>Da 1,16\u20ac + Iva. f(Opc.)<br \/><br \/>\n<\/p><\/div><div id=\"tabs-3\" class=\"ui-tabs-panel ui-widget-content ui-corner-bottom\"><p><\/p><br \/>\n<h2>Fax Certificato<\/h2><br \/>\n<h5>Fax Certificato<\/h5><br \/>\n<p>Da 5,78\u20ac + Iva.<br \/><br \/>\n<\/p><\/div><div id=\"tabs-4\" class=\"ui-tabs-panel ui-widget-content ui-corner-bottom\"><p><\/p><br \/>\n<h2>Chiamate Certificate<\/h2><br \/>\n<h5>Chiamate Certificate:<\/h5><br \/>\n<p>2,04\u20ac + Iva.<\/p><br \/>\n<h5>Aumento del tempo + Minuto o frazione<\/h5><br \/>\n<p>Da 0,28\u20ac + Iva.<br \/><br \/>\n<\/p><\/div><div id=\"tabs-5\" class=\"ui-tabs-panel ui-widget-content ui-corner-bottom\"><p><\/p><br \/>\n<h2>Firma del Contratto Online<\/h2><br \/>\n<h5>FIRMA DE CONTRATOS EN M\u00d3VILES, TABLETS Y PC\u00b4S<\/h5><br \/>\n<h6>* Prezzi speciali per grandi volumi e automazione<\/h6><br \/>\n<p><\/p><\/div><div id=\"tabs-6\" class=\"ui-tabs-panel ui-widget-content ui-corner-bottom\"><p><\/p><br \/>\n<h2>Pagine Web Certificate<\/h2><br \/>\n<h5>Pagine Web Certificate<\/h5><br \/>\n<p>Da 5,78\u20ac + Iva.<br \/><br \/>\n<\/p><\/div><div id=\"tabs-7\" class=\"ui-tabs-panel ui-widget-content ui-corner-bottom\"><p><\/p><br \/>\n<h2>Autore \/ Copyright certificato<\/h2><br \/>\n<h5>Autore \/ Copyright certificato<\/h5><br \/>\n<p>Da 11,56 \u20ac + Iva.<\/p><br \/>\n<h5>AUMENTO IN PESO + 2,5 MB<\/h5><br \/>\n<p><\/p><\/div><div id=\"tabs-8\" class=\"ui-tabs-panel ui-widget-content ui-corner-bottom\"><p><\/p><br \/>\n<h2>Foto e Video Certificati<\/h2><br \/>\n<h5>Foto e Video Certificati<\/h5><br \/>\n<p>Da 5,78\u20ac + Iva.<br \/><br \/>\n<\/p><\/div><div id=\"tabs-9\" class=\"ui-tabs-panel ui-widget-content ui-corner-bottom\"><p><\/p><br \/>\n<h2>Riscossione Elettronica di Fatture e Debiti<\/h2><br \/>\n<p><b>Servizi di recupero elettronico certificati con notifiche con validit\u00e0 legale multicanale e riscossione totale o frazionata da POS. Generazione di un file certificato pregiudiziale con validit\u00e0 legale.<\/b><br \/><br \/>\nServizio di recupero ciclo standard da 63 \u20ac<\/p><br \/>\n<p><\/p><\/div><div id=\"tabs-10\" class=\"ui-tabs-panel ui-widget-content ui-corner-bottom\"><p><\/p><br \/>\n<h2>Posta Raccomandata con Ricevuta di Ritorno e Certificazione del Contenuto (PROSSIMAMENTE)<\/h2><br \/>\n<p><\/p><\/div><\/div>\n<\/div>\n[\/vc_column_text][mk_button dimension=&#8221;flat&#8221; size=&#8221;medium&#8221; url=&#8221;https:\/\/cloud.fullcertificate.com\/register&#8221; align=&#8221;center&#8221; margin_top=&#8221;20&#8243; bg_color=&#8221;#0062b0&#8243; btn_hover_bg=&#8221;#f2006e&#8221;]Registrazione gratuita &#8211; acquisto[\/mk_button][vc_empty_space height=&#8221;30px&#8221;][vc_separator border_width=&#8221;2&#8243;][vc_empty_space height=&#8221;10px&#8221;][mk_image src=&#8221;https:\/\/fullcertificate.com\/wp-content\/uploads\/2019\/08\/logo-wevote.png&#8221; image_width=&#8221;220&#8243; align=&#8221;center&#8221; margin_bottom=&#8221;45&#8243; crop=&#8221;false&#8221;][mk_fancy_title color=&#8221;#0062af&#8221; size=&#8221;30&#8243; font_weight=&#8221;normal&#8221; font_style=&#8221;normal&#8221; txt_transform=&#8221;uppercase&#8221; margin_bottom=&#8221;0&#8243; font_family=&#8221;none&#8221; align=&#8221;center&#8221;]SERVIZI DI VOTO ELETTRONICO CON VALIDIT\u00c0 GIURIDICA[\/mk_fancy_title][vc_empty_space height=&#8221;50px&#8221;][vc_column_text disable_pattern=&#8221;false&#8221;]\n<div>\n<div class=\"otw-sc-tabs ui-tabs ui-widget ui-widget-content ui-corner-all\"><ul class=\"ui-tabs-nav ui-helper-reset ui-helper-clearfix ui-widget-header ui-corner-all\"><li class=\"ui-state-default ui-corner-top\"><a href=\"#tabs-1\"><img src=\"https:\/\/www.avisoscertificados.com\/wp-content\/uploads\/2019\/08\/vot-asam-tarifas-avisos-certificados.png\" title=\"icon\" alt=\"icon\" \/><\/a><\/li><li class=\"ui-state-default ui-corner-top\"><a href=\"#tabs-2\"><img src=\"https:\/\/www.avisoscertificados.com\/wp-content\/uploads\/2019\/08\/gob-corp-tarifas-avisos.png\" title=\"icon\" alt=\"icon\" \/><\/a><\/li><li class=\"ui-state-default ui-corner-top\"><a href=\"#tabs-3\"><img src=\"https:\/\/www.avisoscertificados.com\/wp-content\/uploads\/2019\/08\/elec-gen-tarifas-avisos-certificados.png\" title=\"icon\" alt=\"icon\" \/><\/a><\/li><\/ul><div id=\"tabs-1\" class=\"ui-tabs-panel ui-widget-content ui-corner-bottom\"><p><\/p><br \/>\n<h2>weVote<\/h2><br \/>\n<p><b>Voto Elettronico in Assemblee e Liste di Rappresentazione<\/b><br \/><br \/>\nElezioni per assemblee generali e rappresentanti; Aziende, associazioni, sindacati, ecc.<\/p><br \/>\n<h3>Voto e risultati certificati<\/h3><br \/>\n<p><\/p><\/div><div id=\"tabs-2\" class=\"ui-tabs-panel ui-widget-content ui-corner-bottom\"><p><\/p><br \/>\n<h2>weVote<\/h2><br \/>\n<p><b>Governo Societario e Istituzionale<\/b><br \/><br \/>\neGovernment attraverso processi di autenticazione elettronica, DNI e certificazione<\/p><br \/>\n<h3>eVotazione, eforum, ecommissioni, eprocessi verbali ...<\/h3><br \/>\n<p><\/p><\/div><div id=\"tabs-3\" class=\"ui-tabs-panel ui-widget-content ui-corner-bottom\"><p><\/p><br \/>\n<h2>weVote<\/h2><br \/>\n<p><b>Elezioni Generali e Governo Locale<\/b><br \/><br \/>\nVoto elettronico per elezioni nazionali, regionali e locali<\/p><br \/>\n<h3>Votazione elettronica remota, per posta e di persona<\/h3><br \/>\n<p><\/p><\/div><\/div>\n<\/div>\n[\/vc_column_text][mk_button dimension=&#8221;flat&#8221; size=&#8221;medium&#8221; url=&#8221;https:\/\/fullcertificate.com\/it\/contattaci\/&#8221; align=&#8221;center&#8221; margin_top=&#8221;20&#8243; bg_color=&#8221;#0062b0&#8243; btn_hover_bg=&#8221;#f2006e&#8221;]Contattare un consulente[\/mk_button][vc_empty_space][vc_separator][vc_empty_space][mk_image src=&#8221;https:\/\/fullcertificate.com\/wp-content\/uploads\/2019\/08\/logo-smartmoney.png&#8221; image_width=&#8221;240&#8243; align=&#8221;center&#8221; margin_bottom=&#8221;45&#8243; crop=&#8221;false&#8221;][mk_fancy_title color=&#8221;#0062af&#8221; size=&#8221;30&#8243; font_weight=&#8221;normal&#8221; font_style=&#8221;normal&#8221; txt_transform=&#8221;uppercase&#8221; margin_bottom=&#8221;0&#8243; font_family=&#8221;none&#8221; align=&#8221;center&#8221;]Smart Money &#8211; CONTRATTI, RISCOSSIONI &#8211; PAGAMENTI INTELLIGENTI E RECUPERO[\/mk_fancy_title][vc_empty_space height=&#8221;50px&#8221;][vc_column_text]\n<div>\n<div class=\"otw-sc-tabs ui-tabs ui-widget ui-widget-content ui-corner-all\"><ul class=\"ui-tabs-nav ui-helper-reset ui-helper-clearfix ui-widget-header ui-corner-all\"><li class=\"ui-state-default ui-corner-top\"><a href=\"#tabs-1\"><img src=\"https:\/\/www.avisoscertificados.com\/wp-content\/uploads\/2019\/08\/icono-smart-money-tarifas.png\" title=\"icon\" alt=\"icon\" \/><\/a><\/li><li class=\"ui-state-default ui-corner-top\"><a href=\"#tabs-2\"><img src=\"https:\/\/www.avisoscertificados.com\/wp-content\/uploads\/2019\/08\/icono-smart-renting-tarifas.png\" title=\"icon\" alt=\"icon\" \/><\/a><\/li><li class=\"ui-state-default ui-corner-top\"><a href=\"#tabs-3\"><img src=\"https:\/\/www.avisoscertificados.com\/wp-content\/uploads\/2019\/08\/icono-smart-recovery-tarifas.png\" title=\"icon\" alt=\"icon\" \/><\/a><\/li><li class=\"ui-state-default ui-corner-top\"><a href=\"#tabs-4\"><img src=\"https:\/\/www.avisoscertificados.com\/wp-content\/uploads\/2019\/08\/icono-smart-payments-tarifas.png\" title=\"icon\" alt=\"icon\" \/><\/a><\/li><\/ul><div id=\"tabs-1\" class=\"ui-tabs-panel ui-widget-content ui-corner-bottom\"><p><\/p><br \/>\n<h2>Smart Money<\/h2><br \/>\n<p><b>Servizi automatizzati tramite contratti intelligenti, incassi pagamenti e recupero.<\/b><br \/><br \/>\nSmart Money sono soluzioni di ultima generazione per imprese, uffici professionali e istituzioni mediante servizi automatizzati che permettono controllare in tempo reale, di forma visiva, i processi di contrattazione & affiliazione, fatturazione, riscossione & recupero amichevole pregiudiziale.<br \/><br \/>\n<\/p><\/div><div id=\"tabs-2\" class=\"ui-tabs-panel ui-widget-content ui-corner-bottom\"><p><\/p><br \/>\n<h2>Smart Renting<\/h2><br \/>\n<p><b>Automazione del noleggio e dei contratti di noleggio.<\/b><br \/><br \/>\nSmart Renting consente la gestione elettronica e automatizzata di tutti i tipi di contratti di affitto immobiliare, prodotti in genere e contratti di locazione finanziaria.<br \/><br \/>\n<\/p><\/div><div id=\"tabs-3\" class=\"ui-tabs-panel ui-widget-content ui-corner-bottom\"><p><\/p><br \/>\n<h2>Smart Recovery<\/h2><br \/>\n<p><b>Servizi di recupero online automatizzati e certificati con un fascicolo preliminare con validit\u00e0 legale<\/b><br \/><br \/>\nSmart Recovery sono servizi elettronici ad alto valore aggiunto che consentono di avviare cicli di recupero online personalizzati al 100%, in base alle esigenze di ciascun cliente.<br \/><br \/>\n<\/p><\/div><div id=\"tabs-4\" class=\"ui-tabs-panel ui-widget-content ui-corner-bottom\"><p><\/p><br \/>\n<h2>Smart Payments<\/h2><br \/>\n<p><b>Pagamento elettronico e processi di pagamento con possibilit\u00e0 di integrazione con il contratto intelligente e processi di fatturazione automatizzati e recupero certificato.<\/b><br \/><br \/>\nSmart Payments offre l'opportunit\u00e0 di effettuare incassi e pagamenti intelligenti in modo automatico, massiccio o puntuale, in modo semplice, efficiente e veloce.<br \/><br \/>\n<\/p><\/div><\/div>\n<\/div>\n[\/vc_column_text][mk_button dimension=&#8221;flat&#8221; size=&#8221;medium&#8221; url=&#8221;https:\/\/fullcertificate.com\/it\/contattaci\/&#8221; align=&#8221;center&#8221; margin_top=&#8221;20&#8243; bg_color=&#8221;#0062b0&#8243; btn_hover_bg=&#8221;#f2006e&#8221;]Contattare un consulente[\/mk_button][\/vc_column][\/mk_page_section]\n","protected":false},"excerpt":{"rendered":"<p>[mk_page_section first_page=&#8221;false&#8221; last_page=&#8221;false&#8221; sidebar=&#8221;sidebar-1&#8243;][vc_column][vc_empty_space height=&#8221;20px&#8221;][mk_fancy_title color=&#8221;#0062af&#8221; size=&#8221;32&#8243; font_weight=&#8221;bold&#8221; font_style=&#8221;normal&#8221; txt_transform=&#8221;uppercase&#8221; margin_top=&#8221;-40&#8243; margin_bottom=&#8221;0&#8243; font_family=&#8221;none&#8221; align=&#8221;center&#8221;] COSTI DEL SERVIZIO [\/mk_fancy_title][vc_empty_space height=&#8221;50px&#8221;][mk_fancy_title tag_name=&#8221;h1&#8243; color=&#8221;#0062af&#8221; size=&#8221;25&#8243; font_weight=&#8221;normal&#8221; font_style=&#8221;normal&#8221; margin_bottom=&#8221;10&#8243; font_family=&#8221;none&#8221; align=&#8221;center&#8221;] Abbiamo tre livelli di servizio [\/mk_fancy_title][vc_row_inner padding=&#8221;0&#8243;][vc_column_inner width=&#8221;1\/3&#8243;][vc_column_text disable_pattern=&#8221;false&#8221; align=&#8221;center&#8221;]SERVIZI NEL CLOUD SU RICHIESTA Servizi online di certificazione mediante l&#8217; acquisto di saldo. Senza quote, senza contratti non [&hellip;]<\/p>\n","protected":false},"author":2,"featured_media":0,"parent":0,"menu_order":0,"comment_status":"closed","ping_status":"open","template":"","meta":{"_bbp_topic_count":0,"_bbp_reply_count":0,"_bbp_total_topic_count":0,"_bbp_total_reply_count":0,"_bbp_voice_count":0,"_bbp_anonymous_reply_count":0,"_bbp_topic_count_hidden":0,"_bbp_reply_count_hidden":0,"_bbp_forum_subforum_count":0},"_links":{"self":[{"href":"https:\/\/www.fullcertificate.com\/it\/wp-json\/wp\/v2\/pages\/11293"}],"collection":[{"href":"https:\/\/www.fullcertificate.com\/it\/wp-json\/wp\/v2\/pages"}],"about":[{"href":"https:\/\/www.fullcertificate.com\/it\/wp-json\/wp\/v2\/types\/page"}],"author":[{"embeddable":true,"href":"https:\/\/www.fullcertificate.com\/it\/wp-json\/wp\/v2\/users\/2"}],"replies":[{"embeddable":true,"href":"https:\/\/www.fullcertificate.com\/it\/wp-json\/wp\/v2\/comments?post=11293"}],"version-history":[{"count":86,"href":"https:\/\/www.fullcertificate.com\/it\/wp-json\/wp\/v2\/pages\/11293\/revisions"}],"predecessor-version":[{"id":27338,"href":"https:\/\/www.fullcertificate.com\/it\/wp-json\/wp\/v2\/pages\/11293\/revisions\/27338"}],"wp:attachment":[{"href":"https:\/\/www.fullcertificate.com\/it\/wp-json\/wp\/v2\/media?parent=11293"}],"curies":[{"name":"wp","href":"https:\/\/api.w.org\/{rel}","templated":true}]}}